{"id":7718,"date":"2020-11-09T17:06:11","date_gmt":"2020-11-09T16:06:11","guid":{"rendered":"http:\/\/orfix.netzkunst24.de\/?page_id=7718"},"modified":"2026-03-05T12:18:48","modified_gmt":"2026-03-05T11:18:48","slug":"lokacije-partneri","status":"publish","type":"page","link":"https:\/\/www.orfix.com\/sr\/o-nama\/lokacije-partneri\/","title":{"rendered":"Lokacije \/ Partneri"},"content":{"rendered":"<div class=\"wp-bootstrap-blocks-container container-fluid mb-5 custom_container custom_container--big custom_container--banner\">\n\t\n<div class=\"wp-bootstrap-blocks-row row custom_row custom_row--center\">\n\t\n\n<div class=\"col-12 col-md-12 custom_slider custom-banner-img custom_slider__banner custom-banner-img\">\n\t\t\t\n\n<figure class=\"wp-block-image size-full\"><img loading=\"lazy\" decoding=\"async\" width=\"2048\" height=\"600\" src=\"https:\/\/www.orfix.com\/wp-content\/uploads\/2020\/09\/orfix-Karte-mit-Irland-web-en.jpg\" alt=\"\" class=\"wp-image-33361\" srcset=\"https:\/\/www.orfix.com\/wp-content\/uploads\/2020\/09\/orfix-Karte-mit-Irland-web-en.jpg 2048w, https:\/\/www.orfix.com\/wp-content\/uploads\/2020\/09\/orfix-Karte-mit-Irland-web-en-768x225.jpg 768w, https:\/\/www.orfix.com\/wp-content\/uploads\/2020\/09\/orfix-Karte-mit-Irland-web-en-1536x450.jpg 1536w\" sizes=\"auto, (max-width: 2048px) 100vw, 2048px\" \/><\/figure>\n\n\n\n\n\t<\/div>\n\n<\/div>\n\n<\/div>\n\n\n<div class=\"wp-bootstrap-blocks-container container-fluid mb-5 custom_container custom_container--small\">\n\t\n<div class=\"wp-bootstrap-blocks-row row\">\n\t\n\n<div class=\"col-12 col-md-12\">\n\t\t\t\n\n<h2 class=\"wp-block-heading\" style=\"font-size:30px\">orfix Lokacije &amp; Partneri<\/h2>\n\n\n\n<p class=\"has-medium-font-size\">orfix poseduje proizvodne i distributivne centre u Nema\u010dkoj, Francuskoj, Italiji, Poljskoj i&nbsp;Srbiji.  Na\u0161i proizvodi i re\u0161enja dostupni su u mnogim drugim dr\u017eavama putem na\u0161ih ovla\u0161\u0107enih partnera. <\/p>\n\n\n\n<p class=\"has-medium-font-size\">Za sigurnost Va\u0161ih vrednosti \u2013 kontaktirajte nas. <\/p>\n\n\t<\/div>\n\n<\/div>\n\n<\/div>\n\n\n<div class=\"wp-bootstrap-blocks-container container-fluid mb-5 custom_container custom_container--small\">\n\t\n<div class=\"wp-bootstrap-blocks-row row\">\n\t\n\n<div class=\"col-12 col-md-6\">\n\t\t\t\n\n<figure class=\"wp-block-image size-large\"><img loading=\"lazy\" decoding=\"async\" width=\"365\" height=\"257\" src=\"https:\/\/www.orfix.com\/wp-content\/uploads\/2020\/11\/Overviewblock_about-us_locationen_germany.jpg\" alt=\"\" class=\"wp-image-6634\" srcset=\"https:\/\/www.orfix.com\/wp-content\/uploads\/2020\/11\/Overviewblock_about-us_locationen_germany.jpg 365w, https:\/\/www.orfix.com\/wp-content\/uploads\/2020\/11\/Overviewblock_about-us_locationen_germany-300x211.jpg 300w\" sizes=\"auto, (max-width: 365px) 100vw, 365px\" \/><\/figure>\n\n\t<\/div>\n\n\n\n<div class=\"col-12 col-md-6\">\n\t\t\t\n\n<h2 class=\"wp-block-heading\" style=\"font-size:30px\">orfix International GmbH \u00b7 GERMANY&nbsp;<\/h2>\n\n\n\n<p class=\"has-medium-font-size\">Rottorfer&nbsp;Stra\u00dfe 8 \u00b7 D-21449 Radbruch&nbsp;<\/p>\n\n\n\n<p class=\"has-medium-font-size\">Tel. <a href=\"tel:+49417881840\">+49 (0) 41 78 &#8211; 81 84 &#8211; 0<\/a> <\/p>\n\n\n\n<p class=\"has-medium-font-size\">Fax +49 (0) 41 78 &#8211; 81 84 &#8211; 99&nbsp;<\/p>\n\n\n\n<p class=\"has-medium-font-size\"><a href=\"mailto:info@orfix.de\">info@orfix.de<\/a> \u00b7&nbsp;<a href=\"https:\/\/www.orfix.com\/sr\/\" target=\"_blank\" rel=\"noreferrer noopener\">www.orfix.com<\/a>&nbsp;<\/p>\n\n\t<\/div>\n\n<\/div>\n\n<\/div>\n\n\n<div class=\"wp-bootstrap-blocks-container container-fluid mb-5 custom_container custom_container--small\">\n\t\n<div class=\"wp-bootstrap-blocks-row row\">\n\t\n\n<div class=\"col-12 col-md-6\">\n\t\t\t\n\n<figure class=\"wp-block-image size-large\"><img loading=\"lazy\" decoding=\"async\" width=\"365\" height=\"257\" src=\"https:\/\/www.orfix.com\/wp-content\/uploads\/2020\/11\/Overviewblock_about-us_locationen_france.jpg\" alt=\"\" class=\"wp-image-6662\" srcset=\"https:\/\/www.orfix.com\/wp-content\/uploads\/2020\/11\/Overviewblock_about-us_locationen_france.jpg 365w, https:\/\/www.orfix.com\/wp-content\/uploads\/2020\/11\/Overviewblock_about-us_locationen_france-300x211.jpg 300w\" sizes=\"auto, (max-width: 365px) 100vw, 365px\" \/><\/figure>\n\n\t<\/div>\n\n\n\n<div class=\"col-12 col-md-6\">\n\t\t\t\n\n<h2 class=\"wp-block-heading\" style=\"font-size:30px\">orfix France SA \u00b7 FRANCE&nbsp;<\/h2>\n\n\n\n<p class=\"has-medium-font-size\">ZI de Maubech \u00b7 FR-19250 Meymac&nbsp;<\/p>\n\n\n\n<p class=\"has-medium-font-size\">Tel. <a href=\"tel:+33820229099\">+33 (0) 820 22 90 99<\/a> <\/p>\n\n\n\n<p class=\"has-medium-font-size\">Fax +33 (0) 5 55 95 26 48&nbsp;<\/p>\n\n\n\n<p class=\"has-medium-font-size\"><a href=\"mailto:info@orfix.fr\">info@orfix.fr<\/a> \u00b7&nbsp;<a href=\"https:\/\/www.orfix.com\/sr\/\" target=\"_blank\" rel=\"noreferrer noopener\">www.orfix.com<\/a>&nbsp;<\/p>\n\n\t<\/div>\n\n<\/div>\n\n<\/div>\n\n\n<div class=\"wp-bootstrap-blocks-container container-fluid mb-5 custom_container custom_container--small\">\n\t\n<div class=\"wp-bootstrap-blocks-row row\">\n\t\n\n<div class=\"col-12 col-md-6\">\n\t\t\t\n\n<figure class=\"wp-block-image size-full\"><img loading=\"lazy\" decoding=\"async\" width=\"365\" height=\"257\" src=\"https:\/\/www.orfix.com\/wp-content\/uploads\/2026\/02\/Overviewblock_about-us_locationen_ireland-1.jpg\" alt=\"\" class=\"wp-image-33503\"\/><\/figure>\n\n\t<\/div>\n\n\n\n<div class=\"col-12 col-md-6\">\n\t\t\t\n\n<h2 class=\"wp-block-heading\" style=\"font-size:30px\">orfix NJB Packaging \u00b7 IRLAND&nbsp;<\/h2>\n\n\n\n<p class=\"has-medium-font-size\">Unit F6 Maynooth Business Campus&nbsp;\u00b7 Straffan Rd, Maynooth, Co. Kildare \u00b7 W23 F9F4 Irland&nbsp;<\/p>\n\n\n\n<p class=\"has-medium-font-size\">Tel. <a href=\"tel:+35316106449\" class=\"ek-link\"><a href=\"tel:+33820229099\" class=\"ek-link\">+353 (0) 1 610 6449<\/a><\/a><\/p>\n\n\n\n<p class=\"has-medium-font-size\"><a href=\"mailto:info@orfix.fr\" class=\"ek-link\">info@njb.ie<\/a> \u00b7&nbsp;<a href=\"https:\/\/www.orfix.com\/sr\/\" target=\"_blank\" rel=\"noreferrer noopener\" class=\"ek-link\">www.njb.ie<\/a>&nbsp;<\/p>\n\n\t<\/div>\n\n<\/div>\n\n<\/div>\n\n\n<div class=\"wp-bootstrap-blocks-container container-fluid mb-5 custom_container custom_container--small\">\n\t\n<div class=\"wp-bootstrap-blocks-row row\">\n\t\n\n<div class=\"col-12 col-md-6\">\n\t\t\t\n\n<figure class=\"wp-block-image size-large\"><img loading=\"lazy\" decoding=\"async\" width=\"365\" height=\"257\" src=\"https:\/\/www.orfix.com\/wp-content\/uploads\/2020\/12\/Overviewblock_about-us_locationen_italy2.jpg\" alt=\"\" class=\"wp-image-12814\" srcset=\"https:\/\/www.orfix.com\/wp-content\/uploads\/2020\/12\/Overviewblock_about-us_locationen_italy2.jpg 365w, https:\/\/www.orfix.com\/wp-content\/uploads\/2020\/12\/Overviewblock_about-us_locationen_italy2-300x211.jpg 300w\" sizes=\"auto, (max-width: 365px) 100vw, 365px\" \/><\/figure>\n\n\t<\/div>\n\n\n\n<div class=\"col-12 col-md-6\">\n\t\t\t\n\n<h2 class=\"wp-block-heading\" style=\"font-size:30px\">orfix Italia&nbsp;s.r.l. \u00b7 ITALIA&nbsp;<\/h2>\n\n\n\n<p class=\"has-medium-font-size\">Via Leone XIII, 95 \u00b7 IT-00165 Roma (RM)&nbsp;<\/p>\n\n\n\n<p class=\"has-medium-font-size\">Tel. <a href=\"tel:+390639870216\">+39 06 39 87&nbsp;02 16&nbsp;<\/a><\/p>\n\n\n\n<p class=\"has-medium-font-size\"><a href=\"mailto:info@orfix.it\">info@orfix.it<\/a> \u00b7&nbsp;<a href=\"https:\/\/www.orfix.com\/sr\/\" target=\"_blank\" rel=\"noreferrer noopener\">www.orfix.com<\/a>&nbsp;<\/p>\n\n\t<\/div>\n\n<\/div>\n\n<\/div>\n\n\n<div class=\"wp-bootstrap-blocks-container container-fluid mb-5 custom_container custom_container--small\">\n\t\n<div class=\"wp-bootstrap-blocks-row row\">\n\t\n\n<div class=\"col-12 col-md-6\">\n\t\t\t\n\n<figure class=\"wp-block-image size-large\"><img loading=\"lazy\" decoding=\"async\" width=\"365\" height=\"257\" src=\"https:\/\/www.orfix.com\/wp-content\/uploads\/2020\/12\/Overviewblock_about-us_locationen_poland2.jpg\" alt=\"\" class=\"wp-image-12821\" srcset=\"https:\/\/www.orfix.com\/wp-content\/uploads\/2020\/12\/Overviewblock_about-us_locationen_poland2.jpg 365w, https:\/\/www.orfix.com\/wp-content\/uploads\/2020\/12\/Overviewblock_about-us_locationen_poland2-300x211.jpg 300w\" sizes=\"auto, (max-width: 365px) 100vw, 365px\" \/><\/figure>\n\n\t<\/div>\n\n\n\n<div class=\"col-12 col-md-6\">\n\t\t\t\n\n<h2 class=\"wp-block-heading\" style=\"font-size:30px\">orfix&nbsp;Polska&nbsp;Sp. z&nbsp;o.o.&nbsp;sp.k. \u00b7 POLSKA&nbsp;<\/h2>\n\n\n\n<p class=\"has-medium-font-size\">ul. Kartuska 462 \u00b7 PL-80-298 Gda\u0144sk<\/p>\n\n\n\n<p class=\"has-medium-font-size\">Tel. <a href=\"tel:+48585110655\">+48 (0) 58 &#8211; 511 06 55<\/a>  <\/p>\n\n\n\n<p class=\"has-medium-font-size\">Fax +48 (0) 58 &#8211; 511 06 57&nbsp;<\/p>\n\n\n\n<p class=\"has-medium-font-size\"><a href=\"mailto:info@orfix.pl\">info@orfix.pl<\/a> \u00b7&nbsp;<a href=\"https:\/\/www.orfix.com\/sr\/\" target=\"_blank\" rel=\"noreferrer noopener\">www.orfix.com<\/a>&nbsp;<\/p>\n\n\t<\/div>\n\n<\/div>\n\n\n\n<p><\/p>\n\n<\/div>\n\n\n<div class=\"wp-bootstrap-blocks-container container-fluid mb-5 custom_container custom_container--small\">\n\t\n<div class=\"wp-bootstrap-blocks-row row\">\n\t\n\n<div class=\"col-12 col-md-6\">\n\t\t\t\n\n<figure class=\"wp-block-image size-large\"><img loading=\"lazy\" decoding=\"async\" width=\"365\" height=\"257\" src=\"https:\/\/www.orfix.com\/wp-content\/uploads\/2020\/12\/Overviewblock_about-us_locationen_serbia2.jpg\" alt=\"\" class=\"wp-image-12839\" srcset=\"https:\/\/www.orfix.com\/wp-content\/uploads\/2020\/12\/Overviewblock_about-us_locationen_serbia2.jpg 365w, https:\/\/www.orfix.com\/wp-content\/uploads\/2020\/12\/Overviewblock_about-us_locationen_serbia2-300x211.jpg 300w\" sizes=\"auto, (max-width: 365px) 100vw, 365px\" \/><\/figure>\n\n\t<\/div>\n\n\n\n<div class=\"col-12 col-md-6\">\n\t\t\t\n\n<h2 class=\"wp-block-heading\" style=\"font-size:30px\">orfix doo \u00b7 SERBIA&nbsp;&nbsp;<\/h2>\n\n\n\n<p class=\"has-medium-font-size\">sedi\u0161te: Dunavska 29 \u00b7 RS-21300 Beo\u010din<\/p>\n\n\n\n<p class=\"has-medium-font-size\">poslovna jedinica: Rumena\u010dki put BB \u00b7 RS-21000 Novi Sad<\/p>\n\n\n\n<p class=\"has-medium-font-size\">Tel. <a href=\"tel:+38121872999\">+381 (0) 63 267 909<\/a><\/p>\n\n\n\n<p class=\"has-medium-font-size\"><a href=\"mailto:info@orfix.rs\">info@orfix.rs<\/a> \u00b7&nbsp;<a href=\"https:\/\/www.orfix.com\/sr\/\">www.orfix.rs<\/a><\/p>\n\n\n\n<p><\/p>\n\n\t<\/div>\n\n<\/div>\n\n\n\n<p><\/p>\n\n<\/div>\n\n\n<div class=\"wp-bootstrap-blocks-container container-fluid mb-5 custom_container custom_container--middle\">\n\t\n<div class=\"wp-bootstrap-blocks-row row custom-row__cta-contact\">\n\t\n\n<div class=\"col-12 col-md-6\">\n\t\t\t\n\n<figure class=\"wp-block-image size-large\"><img loading=\"lazy\" decoding=\"async\" width=\"471\" height=\"344\" src=\"https:\/\/www.orfix.com\/wp-content\/uploads\/2020\/10\/shutterstock_116283283_471x344px.jpg\" alt=\"\" class=\"wp-image-3327\" srcset=\"https:\/\/www.orfix.com\/wp-content\/uploads\/2020\/10\/shutterstock_116283283_471x344px.jpg 471w, https:\/\/www.orfix.com\/wp-content\/uploads\/2020\/10\/shutterstock_116283283_471x344px-300x219.jpg 300w, https:\/\/www.orfix.com\/wp-content\/uploads\/2020\/10\/shutterstock_116283283_471x344px-24x18.jpg 24w, https:\/\/www.orfix.com\/wp-content\/uploads\/2020\/10\/shutterstock_116283283_471x344px-36x26.jpg 36w, https:\/\/www.orfix.com\/wp-content\/uploads\/2020\/10\/shutterstock_116283283_471x344px-48x35.jpg 48w\" sizes=\"auto, (max-width: 471px) 100vw, 471px\" \/><figcaption>Kontaktirajte nas!<\/figcaption><\/figure>\n\n\t<\/div>\n\n\n\n<div class=\"col-12 col-md-6\">\n\t\t\t\n<div class=\"employeeblock\">\n    <figure class=\"employeeblock__item employeeblock__item--img\">\n        <img decoding=\"async\" src=\"\" alt=\"\" \/>\n    <\/figure>\n    <div class=\"employeeblock__item employeeblock__item--content\">\n        <h2 class=\"name\">Kontakt<\/h2>\n        <p class=\"position\"><\/p>\n        <p><a class=\"link link--has-icon link--has-icon--mail\" href=\"mailto:info@orfix.rs\">info@orfix.rs<\/a><\/p>\n        <p><a class=\"link link--has-icon link--has-icon--tel\" href=\"tel:+381(0)63267909\">+381 (0) 63 267 909<\/a><\/p>\n    <\/div>\n<\/div>\n\n\t<\/div>\n\n<\/div>\n\n<\/div>\n\n\n<div class=\"wp-bootstrap-blocks-container container-fluid mb-5 custom_container custom_container--middle\">\n\t\n<div class=\"wp-bootstrap-blocks-row row\">\n\t\n\n<div class=\"col-12 col-md-12\">\n\t\t\t\n\n<h2 class=\"wp-block-heading advgb-dyn-61d96dab\" style=\"font-size:30px\">orfix &#8211; Va\u0161 specijalista za proizvodnju proizvoda od papira i plastike<\/h2>\n\n\t<\/div>\n\n\n\n<div class=\"col-12 col-md-6\">\n\t\t\t\n\n<p class=\"has-medium-font-size\">Razvijamo i proizvodimo koriste\u0107i najsavremenije proizvodene metode uvek vode\u0107i ra\u010duna o Va\u0161im individualnim zahtevima ali i \u017eivotnoj sredini! Posve\u0107eni smo odr\u017eivosti, delujemo na na\u010din koji \u0161tedi resurse i emituje \u0161to je manje mogu\u0107e CO2. Za to se zala\u017ee na\u0161 menadzmet za\u0161tite \u017eivotne sredine.  Od nas \u0107ete dobiti stalni, prvoklasni i sertifikovani kvalitet, mi cemo Vas inspirisati inovacijama i odli\u010dnom uslugom. <\/p>\n\n\t<\/div>\n\n\n\n<div class=\"col-12 col-md-6\">\n\t\t\t\n\n<ul class=\"wp-block-list\">\n<li class=\"has-medium-font-size\">orfix standardni proizvodi su uvek dostiupni na lageru.<\/li>\n\n\n\n<li class=\"has-medium-font-size\">orfix nudi individualno skladi\u0161tenje za personalizovane proizvode. <\/li>\n\n\n\n<li class=\"has-medium-font-size\">orfix proizvodi \u010dak i male koli\u010dine personalizovanih proizvoda.<\/li>\n\n\n\n<li class=\"has-medium-font-size\">orfix nudi kompetentan i individalan savet. <\/li>\n<\/ul>\n\n\t<\/div>\n\n<\/div>\n\n<\/div>\n\n\n\n<div style=\"height:20px\" aria-hidden=\"true\" class=\"wp-block-spacer\"><\/div>\n\n\n\n<figure class=\"wp-block-image size-full\"><img loading=\"lazy\" decoding=\"async\" width=\"2048\" height=\"600\" src=\"https:\/\/www.orfix.com\/wp-content\/uploads\/2024\/05\/orfix-Karte-2025-en.jpg\" alt=\"\" class=\"wp-image-32961\" srcset=\"https:\/\/www.orfix.com\/wp-content\/uploads\/2024\/05\/orfix-Karte-2025-en.jpg 2048w, https:\/\/www.orfix.com\/wp-content\/uploads\/2024\/05\/orfix-Karte-2025-en-768x225.jpg 768w, https:\/\/www.orfix.com\/wp-content\/uploads\/2024\/05\/orfix-Karte-2025-en-1536x450.jpg 1536w\" sizes=\"auto, (max-width: 2048px) 100vw, 2048px\" \/><\/figure>\n\n\n\n<p class=\"has-medium-font-size\">Zadovoljstvo nam je da Vas li\u010dno posavetujemo!<br><strong>Va\u0161 kompetentan partner sa kompletnim asortimanom proizvoda za sve koji se bave brojanjem, pakovanjem, prevozom ili skladi\u0161tenjem novca.<\/strong><\/p>\n\n\n\n<div style=\"height:20px\" aria-hidden=\"true\" class=\"wp-block-spacer\"><\/div>\n\n\n\n<div class=\"wp-block-buttons cta-banner-content__item is-layout-flex wp-block-buttons-is-layout-flex\">\n<div class=\"wp-block-button is-style-outline is-style-outline--1 advgb-dyn-46160751\"><a class=\"wp-block-button__link has-text-color has-medium-font-size has-custom-font-size wp-element-button\" href=\"https:\/\/www.orfix.com\/sr\/kontakt\/\" style=\"border-radius:1px;color:#ba0c2f\" target=\"_blank\" rel=\"noreferrer noopener\"><strong>Kontakt<\/strong><\/a><\/div>\n\n\n\n<div class=\"wp-block-button btn__bg--red advgb-dyn-89b5146e\"><a class=\"wp-block-button__link has-white-color has-text-color has-background has-medium-font-size has-custom-font-size wp-element-button\" href=\"https:\/\/www.orfix.com\/sr\/oblasti-strucnosti-proizvodi\/\" style=\"border-radius:1px;background-color:#ba0c2f\"><strong>Proizvodi<\/strong><\/a><\/div>\n<\/div>\n\n\n\n<div style=\"height:20px\" aria-hidden=\"true\" class=\"wp-block-spacer\"><\/div>\n","protected":false},"excerpt":{"rendered":"<p><a class=\"btn btn-secondary understrap-read-more-link\" href=\"https:\/\/www.orfix.com\/sr\/o-nama\/lokacije-partneri\/\">Read More&#8230;<\/a><\/p>\n","protected":false},"author":36,"featured_media":0,"parent":7640,"menu_order":2,"comment_status":"closed","ping_status":"closed","template":"","meta":{"_acf_changed":false,"om_disable_all_campaigns":false,"inline_featured_image":false,"advgb_blocks_editor_width":"","advgb_blocks_columns_visual_guide":"","_monsterinsights_skip_tracking":false,"_monsterinsights_sitenote_active":false,"_monsterinsights_sitenote_note":"","_monsterinsights_sitenote_category":0,"_uf_show_specific_survey":0,"_uf_disable_surveys":false,"footnotes":""},"class_list":["post-7718","page","type-page","status-publish","hentry"],"acf":[],"aioseo_notices":[],"coauthors":[],"author_meta":{"author_link":"https:\/\/www.orfix.com\/sr\/author\/mgendelmeyer\/","display_name":"Malte Gendelmeyer"},"relative_dates":{"created":"Posted 5 \u0433\u043e\u0434\u0438\u043d\u0430 ago","modified":"Updated 2 \u043c\u0435\u0441\u0435\u0446\u0430 ago"},"absolute_dates":{"created":"Posted on 9. \u043d\u043e\u0432\u0435\u043c\u0431\u0430\u0440 2020","modified":"Updated on 5. \u043c\u0430\u0440\u0442 2026"},"absolute_dates_time":{"created":"Posted on 9. \u043d\u043e\u0432\u0435\u043c\u0431\u0430\u0440 2020 17:06","modified":"Updated on 5. \u043c\u0430\u0440\u0442 2026 12:18"},"featured_img_caption":"","featured_img":false,"series_order":"","_links":{"self":[{"href":"https:\/\/www.orfix.com\/sr\/wp-json\/wp\/v2\/pages\/7718","targetHints":{"allow":["GET"]}}],"collection":[{"href":"https:\/\/www.orfix.com\/sr\/wp-json\/wp\/v2\/pages"}],"about":[{"href":"https:\/\/www.orfix.com\/sr\/wp-json\/wp\/v2\/types\/page"}],"author":[{"embeddable":true,"href":"https:\/\/www.orfix.com\/sr\/wp-json\/wp\/v2\/users\/36"}],"replies":[{"embeddable":true,"href":"https:\/\/www.orfix.com\/sr\/wp-json\/wp\/v2\/comments?post=7718"}],"version-history":[{"count":31,"href":"https:\/\/www.orfix.com\/sr\/wp-json\/wp\/v2\/pages\/7718\/revisions"}],"predecessor-version":[{"id":33623,"href":"https:\/\/www.orfix.com\/sr\/wp-json\/wp\/v2\/pages\/7718\/revisions\/33623"}],"up":[{"embeddable":true,"href":"https:\/\/www.orfix.com\/sr\/wp-json\/wp\/v2\/pages\/7640"}],"wp:attachment":[{"href":"https:\/\/www.orfix.com\/sr\/wp-json\/wp\/v2\/media?parent=7718"}],"curies":[{"name":"wp","href":"https:\/\/api.w.org\/{rel}","templated":true}]}}