{"id":7640,"date":"2020-11-09T16:46:45","date_gmt":"2020-11-09T15:46:45","guid":{"rendered":"http:\/\/orfix.netzkunst24.de\/?page_id=7640"},"modified":"2026-03-05T12:06:59","modified_gmt":"2026-03-05T11:06:59","slug":"o-nama","status":"publish","type":"page","link":"https:\/\/www.orfix.com\/sr\/o-nama\/","title":{"rendered":"O nama"},"content":{"rendered":"<div class=\"wp-bootstrap-blocks-container container-fluid mb-5 custom_container custom_container--big custom_container--banner\">\n\t\n<div class=\"wp-bootstrap-blocks-row row custom_row custom_row--center\">\n\t\n\n<div class=\"col-12 col-md-12 custom_slider custom_slider__banner custom-banner-img\">\n\t\t\t\n\n<figure class=\"wp-block-image size-full desktop-banner\"><img loading=\"lazy\" decoding=\"async\" width=\"2560\" height=\"692\" src=\"https:\/\/www.orfix.com\/wp-content\/uploads\/2024\/05\/orfix_Header_Banner_About_us_SER_1024x277-scaled.jpg\" alt=\"orfix tim sklapa slagalicu kao simbol saradnje i razvoja sigurnosne ambala\u017ee\" class=\"wp-image-24990\" srcset=\"https:\/\/www.orfix.com\/wp-content\/uploads\/2024\/05\/orfix_Header_Banner_About_us_SER_1024x277-scaled.jpg 2560w, https:\/\/www.orfix.com\/wp-content\/uploads\/2024\/05\/orfix_Header_Banner_About_us_SER_1024x277-768x208.jpg 768w, https:\/\/www.orfix.com\/wp-content\/uploads\/2024\/05\/orfix_Header_Banner_About_us_SER_1024x277-1536x415.jpg 1536w, https:\/\/www.orfix.com\/wp-content\/uploads\/2024\/05\/orfix_Header_Banner_About_us_SER_1024x277-2048x554.jpg 2048w\" sizes=\"auto, (max-width: 2560px) 100vw, 2560px\" \/><\/figure>\n\n\n\n\n\t<\/div>\n\n<\/div>\n\n\n<div class=\"wp-bootstrap-blocks-row row custom_row custom_row--center\">\n\t\n\n<div class=\"col-12 col-md-12 custom_slider custom_slider__banner custom-banner-img\">\n\t\t\t\n\n<figure class=\"wp-block-image size-full mobile-banner\"><img loading=\"lazy\" decoding=\"async\" width=\"2560\" height=\"2021\" src=\"https:\/\/www.orfix.com\/wp-content\/uploads\/2024\/05\/orfix_Mobile_Banner_Abaut-us_760x650-scaled.jpg\" alt=\"\" class=\"wp-image-24927\" srcset=\"https:\/\/www.orfix.com\/wp-content\/uploads\/2024\/05\/orfix_Mobile_Banner_Abaut-us_760x650-scaled.jpg 2560w, https:\/\/www.orfix.com\/wp-content\/uploads\/2024\/05\/orfix_Mobile_Banner_Abaut-us_760x650-768x606.jpg 768w, https:\/\/www.orfix.com\/wp-content\/uploads\/2024\/05\/orfix_Mobile_Banner_Abaut-us_760x650-1536x1213.jpg 1536w, https:\/\/www.orfix.com\/wp-content\/uploads\/2024\/05\/orfix_Mobile_Banner_Abaut-us_760x650-2048x1617.jpg 2048w\" sizes=\"auto, (max-width: 2560px) 100vw, 2560px\" \/><\/figure>\n\n\n\n\n\t<\/div>\n\n<\/div>\n\n<\/div>\n\n\n\n<div class=\"wp-block-columns is-layout-flex wp-container-core-columns-is-layout-9d6595d7 wp-block-columns-is-layout-flex\">\n<div class=\"wp-block-column is-layout-flow wp-block-column-is-layout-flow\">\n<h1 class=\"wp-block-heading has-text-color\" style=\"color:#002855;font-size:30px\">orfix &#8211; Kompanija<\/h1>\n<\/div>\n<\/div>\n\n\n\n<p class=\"has-medium-font-size\">orfix je vode\u0107i dobavlja\u010d ambala\u017ee i re\u0161enja za za\u0161titu i prevenciju koji podr\u017eavaju kompanije i institucije u ispunjavanju sve ve\u0107ih zahteva za sigurno skladi\u0161enje kao i bezbedan i za\u0161ti\u0107en transport robe. <br><\/p>\n\n\n\n<p class=\"has-medium-font-size\">Razvijamo, proizvodimo i prodajemo ambala\u017eu sa sigurnosnim karakteristikama proizvedenu od plastike ili papira. Nudimo \u0161iroki spektar proizvoda za bankarski sektor, ke\u0161 industriju, maloprodaje, transport i javni sektor. <br><br>Sigurnost i kvalitet su na\u0161 glavni prioritet.<br><br>Podredili smo na\u0161e poslovne principe po\u0161tenom i kooperativnom odnosu sa svim kupcima i dobavlja\u010dima. <\/p>\n\n\n\n<p class=\"has-medium-font-size\"><br>Za to se zala\u017eemo od 1855.<\/p>\n\n\n\n<div style=\"height:50px\" aria-hidden=\"true\" class=\"wp-block-spacer\"><\/div>\n\n\n<div class=\"wp-bootstrap-blocks-container container-fluid mb-5 custom_container custom_container--middle\">\n\t\n<div class=\"wp-bootstrap-blocks-row row\">\n\t\n\n<div class=\"col-12 col-md-4\">\n\t\t\t\n    <div class=\"over_view_block \">\n\n      \t<img decoding=\"async\" src=\"https:\/\/www.orfix.com\/wp-content\/uploads\/2020\/11\/Overviewblock_about-us_mission.jpg\" alt=\"\" class=\"over_view_block__item over_view_block__item--img\" \/>\n\n\t     <div class=\"over_view_block__item over_view_block__item--content\">\n\n          <h2>Mission Statement<\/h2>\n          <p>Our self-concept &#8211; this is what we are standing for.\r\n<\/p>\n           \u00a0 \u00a0 \u00a0 \u00a0<\/div>\n\n<\/div>\n\t<\/div>\n\n\n\n<div class=\"col-12 col-md-4\">\n\t\t\t\n    <div class=\"over_view_block \">\n\n      \t<img decoding=\"async\" src=\"https:\/\/www.orfix.com\/wp-content\/uploads\/2020\/11\/Overviewblock_about-us_code-of-conduct.jpg\" alt=\"\" class=\"over_view_block__item over_view_block__item--img\" \/>\n\n\t     <div class=\"over_view_block__item over_view_block__item--content\">\n\n          <h2>Code of Conduct <\/h2>\n          <p>The Code of Conduct is a voluntary commitment of all orfix employees including executives to ethical practices.\r\n\r\n<\/p>\n           \u00a0 \u00a0 \u00a0 \u00a0<\/div>\n\n<\/div>\n\t<\/div>\n\n\n\n<div class=\"col-12 col-md-4\">\n\t\t\t\n    <div class=\"over_view_block \">\n\n      \t<img decoding=\"async\" src=\"https:\/\/www.orfix.com\/wp-content\/uploads\/2020\/11\/Overviewblock_about-us_compliance.jpg\" alt=\"\" class=\"over_view_block__item over_view_block__item--img\" \/>\n\n\t     <div class=\"over_view_block__item over_view_block__item--content\">\n\n          <h2>Compliance Guidelines<\/h2>\n          <p>Compliance \u2013 the acceptance of legislation and formalities and internal policies \u2013 is a matter of course for orfix. \r\n<\/p>\n           \u00a0 \u00a0 \u00a0 \u00a0<\/div>\n\n<\/div>\n\t<\/div>\n\n<\/div>\n\n\n<div class=\"wp-bootstrap-blocks-row row\">\n\t\n\n<div class=\"col-12 col-md-4\">\n\t\t\t\n    <div class=\"over_view_block \">\n\n      \t<img decoding=\"async\" src=\"https:\/\/www.orfix.com\/wp-content\/uploads\/2020\/10\/Overviewblock_about-us_sustainability.jpg\" alt=\"\" class=\"over_view_block__item over_view_block__item--img\" \/>\n\n\t     <div class=\"over_view_block__item over_view_block__item--content\">\n\n          <h2>Sustainability Concept<\/h2>\n          <p>orfix&#8217; guideline concerning sustainability. Including the conscious perception of social responsibility as well as the conscientious handling of resources and the environment, exceeding the legal requirements. \r\n\r\n<\/p>\n           \u00a0 \u00a0 \u00a0 \u00a0<\/div>\n\n<\/div>\n\n\n<p><\/p>\n\n\t<\/div>\n\n\n\n<div class=\"col-12 col-md-4\">\n\t\t\t\n    <div class=\"over_view_block \">\n\n      \t<img decoding=\"async\" src=\"https:\/\/www.orfix.com\/wp-content\/uploads\/2020\/10\/Overviewblock_about-us_references.jpg\" alt=\"\" class=\"over_view_block__item over_view_block__item--img\" \/>\n\n\t     <div class=\"over_view_block__item over_view_block__item--content\">\n\n          <h2>References<\/h2>\n          <p>More than 10,000 clients and customers worldwide trust in orfix. \r\n\r\n<\/p>\n           \u00a0 \u00a0 \u00a0 \u00a0<\/div>\n\n<\/div>\n\t<\/div>\n\n\n\n<div class=\"col-12 col-md-4\">\n\t\t\t\n\n  <a href=\"\/sr\/o-nama\/istorija\/\" class=\"newlink\">\n    <div class=\"over_view_block \">\n\n      \t<img decoding=\"async\" src=\"https:\/\/www.orfix.com\/wp-content\/uploads\/2020\/10\/Overviewblock_about-us_history.jpg\" alt=\"\" class=\"over_view_block__item over_view_block__item--img\" \/>\n\n\t     <div class=\"over_view_block__item over_view_block__item--content\">\n\n          <h2><\/h2>\n          <p>orfix je nastao iz \u0161tamparije  J. F. Richter, osnovane 1855&#8230;\r\n<\/p>\n                    <span class=\"over_view_block__cta\"><img decoding=\"async\" src=\"\/wp-content\/uploads\/2020\/09\/orfix_icon_arrow.svg\" \/><\/span>\n           \u00a0 \u00a0 \u00a0 \u00a0<\/div>\n\n<\/div><\/a> \n\t<\/div>\n\n<\/div>\n\n\n<div class=\"wp-bootstrap-blocks-row row\">\n\t\n\n<div class=\"col-12 col-md-4\">\n\t\t\t\n\n  <a href=\"\/sr\/o-nama\/tim\/\" class=\"newlink\">\n    <div class=\"over_view_block \">\n\n      \t<img decoding=\"async\" src=\"https:\/\/www.orfix.com\/wp-content\/uploads\/2020\/10\/Overviewblock_about-us_team.jpg\" alt=\"\" class=\"over_view_block__item over_view_block__item--img\" \/>\n\n\t     <div class=\"over_view_block__item over_view_block__item--content\">\n\n          <h2>Tim <\/h2>\n          <p>Va\u0161 kontakt u orfix-u.\r\n\r\n<\/p>\n                    <span class=\"over_view_block__cta\"><img decoding=\"async\" src=\"\/wp-content\/uploads\/2020\/09\/orfix_icon_arrow.svg\" \/><\/span>\n           \u00a0 \u00a0 \u00a0 \u00a0<\/div>\n\n<\/div><\/a> \n\t<\/div>\n\n\n\n<div class=\"col-12 col-md-4\">\n\t\t\t\n\n  <a href=\"\/sr\/o-nama\/lokacije-partneri\/\" class=\"newlink\">\n    <div class=\"over_view_block \">\n\n      \t<img decoding=\"async\" src=\"https:\/\/www.orfix.com\/wp-content\/uploads\/2026\/03\/Overviewblock_about-us_location-partner-1.jpg\" alt=\"\" class=\"over_view_block__item over_view_block__item--img\" \/>\n\n\t     <div class=\"over_view_block__item over_view_block__item--content\">\n\n          <h2>Lokacija \/ Partneri<\/h2>\n          <p>orfix poseduje proizvodnje i distribucije u Nema\u010dkoj, Francuskoj, Irskoj, Italiji, Poljskoj i Srbiji.\r\n\r\n\r\n<\/p>\n                    <span class=\"over_view_block__cta\"><img decoding=\"async\" src=\"\/wp-content\/uploads\/2020\/09\/orfix_icon_arrow.svg\" \/><\/span>\n           \u00a0 \u00a0 \u00a0 \u00a0<\/div>\n\n<\/div><\/a> \n\t<\/div>\n\n\n\n<div class=\"col-12 col-md-4\">\n\t\t\t\n\n  <a href=\"\/sr\/o-nama\/mapa\/\" class=\"newlink\">\n    <div class=\"over_view_block \">\n\n      \t<img decoding=\"async\" src=\"https:\/\/www.orfix.com\/wp-content\/uploads\/2020\/10\/Overviewblock_about-us_map.jpg\" alt=\"\" class=\"over_view_block__item over_view_block__item--img\" \/>\n\n\t     <div class=\"over_view_block__item over_view_block__item--content\">\n\n          <h2>Mapa<\/h2>\n          <p>Vas put ka orfix-u.\r\n\r\n<\/p>\n                    <span class=\"over_view_block__cta\"><img decoding=\"async\" src=\"\/wp-content\/uploads\/2020\/09\/orfix_icon_arrow.svg\" \/><\/span>\n           \u00a0 \u00a0 \u00a0 \u00a0<\/div>\n\n<\/div><\/a> \n\t<\/div>\n\n<\/div>\n\n<\/div>\n\n\n<div class=\"wp-bootstrap-blocks-container container-fluid mb-0 custom_container custom_container--full custom_container--prefooter\">\n\t\n<div class=\"wp-bootstrap-blocks-row row\">\n\t\n\n<div class=\"col-12\">\n\t\t\t\n\n<figure class=\"wp-block-image size-large is-resized custom_cta-banner__item custom_cta-banner__item--background\"><img loading=\"lazy\" decoding=\"async\" width=\"1024\" height=\"300\" src=\"https:\/\/www.orfix.com\/wp-content\/uploads\/2022\/09\/fullsize_banner_orfix-weltkarte-2-1024x300.jpg\" alt=\"\" class=\"wp-image-15912\" style=\"width:1492px;height:438px\" srcset=\"https:\/\/www.orfix.com\/wp-content\/uploads\/2022\/09\/fullsize_banner_orfix-weltkarte-2-1024x300.jpg 1024w, https:\/\/www.orfix.com\/wp-content\/uploads\/2022\/09\/fullsize_banner_orfix-weltkarte-2-300x88.jpg 300w, https:\/\/www.orfix.com\/wp-content\/uploads\/2022\/09\/fullsize_banner_orfix-weltkarte-2-768x225.jpg 768w, https:\/\/www.orfix.com\/wp-content\/uploads\/2022\/09\/fullsize_banner_orfix-weltkarte-2.jpg 1500w\" sizes=\"auto, (max-width: 1024px) 100vw, 1024px\" \/><\/figure>\n\n\t<\/div>\n\n\n\n<div class=\"col-12 col-md-12 cta-banner-content\">\n\t\t\t\n\n<p class=\"cta-banner-content__item\">We would be pleased to advise you individually<\/p>\n\n\n\n<h4 class=\"wp-block-heading cta-banner-content__item\"><br>Your competent partner with a full range for everyone who counts, packs, transports or stores\u2026 <\/h4>\n\n\n\n<div class=\"wp-block-buttons cta-banner-content__item is-layout-flex wp-block-buttons-is-layout-flex\">\n<div class=\"wp-block-button is-style-outline is-style-outline--1 advgb-dyn-2c73a945\"><a class=\"wp-block-button__link has-text-color wp-element-button\" href=\"https:\/\/www.orfix.com\/en\/contact\/\" style=\"color:#ba0c2f\">Contact us<\/a><\/div>\n\n\n\n<div class=\"wp-block-button btn__bg--red advgb-dyn-f9c6ccb9\"><a class=\"wp-block-button__link has-white-color has-text-color has-background wp-element-button\" href=\"https:\/\/www.orfix.com\/en\/areas-of-excellence-products\/\" style=\"background-color:#ba0c2f\" rel=\"areas-of-excellence-products\">Products<\/a><\/div>\n\n\n\n<div class=\"wp-block-button btn__bg--red advgb-dyn-242b2900\"><a class=\"wp-block-button__link has-white-color has-text-color has-background wp-element-button\" href=\"https:\/\/shop.orfix.com\/\" style=\"background-color:#ba0c2f\" target=\"_blank\" rel=\"noreferrer noopener\">Shop<\/a><\/div>\n<\/div>\n\n\t<\/div>\n\n<\/div>\n\n\n\n<p><\/p>\n\n<\/div>\n","protected":false},"excerpt":{"rendered":"<p>orfix &#8211; Kompanija orfix je vode\u0107i dobavlja\u010d ambala\u017ee i re\u0161enja za za\u0161titu i prevenciju koji podr\u017eavaju kompanije i institucije u ispunjavanju sve ve\u0107ih zahteva za sigurno skladi\u0161enje kao i bezbedan i za\u0161ti\u0107en transport robe. Razvijamo, proizvodimo i prodajemo ambala\u017eu sa sigurnosnim karakteristikama proizvedenu od plastike ili papira. Nudimo \u0161iroki spektar proizvoda za bankarski sektor, ke\u0161<\/p>\n<p><a class=\"btn btn-secondary understrap-read-more-link\" href=\"https:\/\/www.orfix.com\/sr\/o-nama\/\">Read More&#8230;<\/a><\/p>\n","protected":false},"author":36,"featured_media":0,"parent":0,"menu_order":2,"comment_status":"closed","ping_status":"closed","template":"","meta":{"_acf_changed":false,"om_disable_all_campaigns":false,"inline_featured_image":false,"advgb_blocks_editor_width":"","advgb_blocks_columns_visual_guide":"","_monsterinsights_skip_tracking":false,"_monsterinsights_sitenote_active":false,"_monsterinsights_sitenote_note":"","_monsterinsights_sitenote_category":0,"_uf_show_specific_survey":0,"_uf_disable_surveys":false,"footnotes":""},"class_list":["post-7640","page","type-page","status-publish","hentry"],"acf":[],"aioseo_notices":[],"coauthors":[],"author_meta":{"author_link":"https:\/\/www.orfix.com\/sr\/author\/mgendelmeyer\/","display_name":"Malte Gendelmeyer"},"relative_dates":{"created":"Posted 5 \u0433\u043e\u0434\u0438\u043d\u0430 ago","modified":"Updated 2 \u043c\u0435\u0441\u0435\u0446\u0430 ago"},"absolute_dates":{"created":"Posted on 9. \u043d\u043e\u0432\u0435\u043c\u0431\u0430\u0440 2020","modified":"Updated on 5. \u043c\u0430\u0440\u0442 2026"},"absolute_dates_time":{"created":"Posted on 9. \u043d\u043e\u0432\u0435\u043c\u0431\u0430\u0440 2020 16:46","modified":"Updated on 5. \u043c\u0430\u0440\u0442 2026 12:06"},"featured_img_caption":"","featured_img":false,"series_order":"","_links":{"self":[{"href":"https:\/\/www.orfix.com\/sr\/wp-json\/wp\/v2\/pages\/7640","targetHints":{"allow":["GET"]}}],"collection":[{"href":"https:\/\/www.orfix.com\/sr\/wp-json\/wp\/v2\/pages"}],"about":[{"href":"https:\/\/www.orfix.com\/sr\/wp-json\/wp\/v2\/types\/page"}],"author":[{"embeddable":true,"href":"https:\/\/www.orfix.com\/sr\/wp-json\/wp\/v2\/users\/36"}],"replies":[{"embeddable":true,"href":"https:\/\/www.orfix.com\/sr\/wp-json\/wp\/v2\/comments?post=7640"}],"version-history":[{"count":32,"href":"https:\/\/www.orfix.com\/sr\/wp-json\/wp\/v2\/pages\/7640\/revisions"}],"predecessor-version":[{"id":33616,"href":"https:\/\/www.orfix.com\/sr\/wp-json\/wp\/v2\/pages\/7640\/revisions\/33616"}],"wp:attachment":[{"href":"https:\/\/www.orfix.com\/sr\/wp-json\/wp\/v2\/media?parent=7640"}],"curies":[{"name":"wp","href":"https:\/\/api.w.org\/{rel}","templated":true}]}}