{"id":7502,"date":"2020-11-09T16:09:16","date_gmt":"2020-11-09T15:09:16","guid":{"rendered":"http:\/\/orfix.netzkunst24.de\/?page_id=7502"},"modified":"2025-12-06T01:35:23","modified_gmt":"2025-12-06T00:35:23","slug":"poljoprivreda","status":"publish","type":"page","link":"https:\/\/www.orfix.com\/sr\/sektori\/poljoprivreda\/","title":{"rendered":"Poljoprivreda"},"content":{"rendered":"<div class=\"wp-bootstrap-blocks-container container-fluid mb-5 custom_container custom_container--big custom_container--banner\">\n\t\n<div class=\"wp-bootstrap-blocks-row row custom_row custom_row--center\">\n\t\n\n<div class=\"col-12 col-md-12 custom_slider custom_slider__banner custom-banner-img\">\n\t\t\t\n\n<figure class=\"wp-block-image size-full desktop-banner\"><img loading=\"lazy\" decoding=\"async\" width=\"2133\" height=\"577\" src=\"https:\/\/www.orfix.com\/wp-content\/uploads\/2024\/05\/orfix_Header_Banner_sector_agricultural_SER_1024x277.jpg\" alt=\"Poljoprivreda i prehrambena industrija, sigurnosna ambala\u017ea uz za\u0161titu uzoraka\" class=\"wp-image-26797\" srcset=\"https:\/\/www.orfix.com\/wp-content\/uploads\/2024\/05\/orfix_Header_Banner_sector_agricultural_SER_1024x277.jpg 2133w, https:\/\/www.orfix.com\/wp-content\/uploads\/2024\/05\/orfix_Header_Banner_sector_agricultural_SER_1024x277-768x208.jpg 768w, https:\/\/www.orfix.com\/wp-content\/uploads\/2024\/05\/orfix_Header_Banner_sector_agricultural_SER_1024x277-1536x416.jpg 1536w, https:\/\/www.orfix.com\/wp-content\/uploads\/2024\/05\/orfix_Header_Banner_sector_agricultural_SER_1024x277-2048x554.jpg 2048w\" sizes=\"auto, (max-width: 2133px) 100vw, 2133px\" \/><\/figure>\n\n\n\n\n\t<\/div>\n\n<\/div>\n\n\n<div class=\"wp-bootstrap-blocks-row row custom_row custom_row--center\">\n\t\n\n<div class=\"col-12 col-md-12 custom_slider custom_slider__banner custom-banner-img\">\n\t\t\t\n\n<figure class=\"wp-block-image size-full mobile-banner\"><img loading=\"lazy\" decoding=\"async\" width=\"2560\" height=\"2021\" src=\"https:\/\/www.orfix.com\/wp-content\/uploads\/2024\/05\/orfix_Mobile_Banner_sector_agriculture_SER_760x650-scaled.jpg\" alt=\"\" class=\"wp-image-26803\" srcset=\"https:\/\/www.orfix.com\/wp-content\/uploads\/2024\/05\/orfix_Mobile_Banner_sector_agriculture_SER_760x650-scaled.jpg 2560w, https:\/\/www.orfix.com\/wp-content\/uploads\/2024\/05\/orfix_Mobile_Banner_sector_agriculture_SER_760x650-768x606.jpg 768w, https:\/\/www.orfix.com\/wp-content\/uploads\/2024\/05\/orfix_Mobile_Banner_sector_agriculture_SER_760x650-1536x1213.jpg 1536w, https:\/\/www.orfix.com\/wp-content\/uploads\/2024\/05\/orfix_Mobile_Banner_sector_agriculture_SER_760x650-2048x1617.jpg 2048w\" sizes=\"auto, (max-width: 2560px) 100vw, 2560px\" \/><\/figure>\n\n\n\n\n\t<\/div>\n\n<\/div>\n\n<\/div>\n\n\n<div class=\"wp-bootstrap-blocks-container container-fluid mb-5 custom_container custom_container--big custom_container--banner\">\n\t<\/div>\n\n\n\n<h1 class=\"wp-block-heading has-text-color\" style=\"color:#002855;font-size:30px\">Uzorci bezbedno \u010duvani.<\/h1>\n\n\n\n<p class=\"has-medium-font-size\">orfix je dobavlja\u010d sigurnosne ambala\u017ee za \u010duvanje uzoraka iz poljoprivredne i prehrambene industrije. Na\u0161e sigurnosne kese za uzorkovanje imaju barkod i serijski broj kao i sigurnosnu traku za zatvaranje koja pirlikom otvaranja ostavlja vidljiv trag. Proizvedene su od providnog PE materijala otpornog na kidanje po kom je lako pisati ili nalepiti nalepnicu. <\/p>\n\n\n\n<p class=\"has-medium-font-size\"><\/p>\n\n\n\n<div class=\"wp-block-group\"><div class=\"wp-block-group__inner-container is-layout-constrained wp-block-group-is-layout-constrained\"><div class=\"wp-bootstrap-blocks-row row\">\n\t\n\n<div class=\"col-12 col-md-6\">\n\t\t\t\n\n<figure class=\"wp-block-image size-full\"><img loading=\"lazy\" decoding=\"async\" width=\"600\" height=\"350\" src=\"https:\/\/www.orfix.com\/wp-content\/uploads\/2024\/04\/products_retain-sample-bags1-1.jpg\" alt=\"\" class=\"wp-image-20454\"\/><\/figure>\n\n\t<\/div>\n\n\n\n<div class=\"col-12 col-md-6\">\n\t\t\t\n\n<figure class=\"wp-block-image size-full\"><img loading=\"lazy\" decoding=\"async\" width=\"600\" height=\"350\" src=\"https:\/\/www.orfix.com\/wp-content\/uploads\/2024\/04\/products_retain-sample-bags1-2.jpg\" alt=\"\" class=\"wp-image-20460\"\/><\/figure>\n\n\t<\/div>\n\n<\/div>\n\n\n\n<div style=\"height:50px\" aria-hidden=\"true\" class=\"wp-block-spacer\"><\/div>\n\n\n\n<p class=\"has-medium-font-size\">Kao deo na\u0161eg asortimana &#8220;Green Label&#8221; u cilju za\u0161tite \u017eivotne sredine, smanjena je debljina folije bez uticaja na tehni\u010dke karakteristike kese.<\/p>\n<\/div><\/div>\n\n\n\n<div style=\"height:50px\" aria-hidden=\"true\" class=\"wp-block-spacer\"><\/div>\n\n\n<div class=\"wp-bootstrap-blocks-container container mb-5 custom_container custom_container--small\">\n\t\n<div class=\"wp-bootstrap-blocks-row row\">\n\t\n\n<div class=\"col-12 col-md-12\">\n\t\t\t\n\n<h2 class=\"wp-block-heading\" style=\"font-size:30px\">Komplementarni proizvodi<\/h2>\n\n\t<\/div>\n\n\n\n<div class=\"col-12\">\n\t\t\t\n\n<ul class=\"wp-block-list list--no-img-point\">\n<li class=\"has-medium-font-size\"><a href=\"https:\/\/www.orfix.com\/sr\/oblasti-strucnosti-proizvodi\/sigurnosno-pakovanje\/sigurnosne-kese-za-uzorkovanje-zitarica\/\" class=\"ek-link\">Kese za uzorkovanje<\/a><\/li>\n<\/ul>\n\n\t<\/div>\n\n<\/div>\n\n<\/div>\n\n\n<div class=\"wp-bootstrap-blocks-container container-fluid mb-5 custom_container custom_container--middle\">\n\t\n<div class=\"wp-bootstrap-blocks-row row custom-row__cta-contact\">\n\t\n\n<div class=\"col-12 col-md-6\">\n\t\t\t\n\n<figure class=\"wp-block-image size-large\"><img loading=\"lazy\" decoding=\"async\" width=\"471\" height=\"344\" src=\"https:\/\/www.orfix.com\/wp-content\/uploads\/2020\/10\/shutterstock_116283283_471x344px.jpg\" alt=\"\" class=\"wp-image-3327\" srcset=\"https:\/\/www.orfix.com\/wp-content\/uploads\/2020\/10\/shutterstock_116283283_471x344px.jpg 471w, https:\/\/www.orfix.com\/wp-content\/uploads\/2020\/10\/shutterstock_116283283_471x344px-300x219.jpg 300w, https:\/\/www.orfix.com\/wp-content\/uploads\/2020\/10\/shutterstock_116283283_471x344px-24x18.jpg 24w, https:\/\/www.orfix.com\/wp-content\/uploads\/2020\/10\/shutterstock_116283283_471x344px-36x26.jpg 36w, https:\/\/www.orfix.com\/wp-content\/uploads\/2020\/10\/shutterstock_116283283_471x344px-48x35.jpg 48w\" sizes=\"auto, (max-width: 471px) 100vw, 471px\" \/><figcaption>Kontaktirajte nas!<\/figcaption><\/figure>\n\n\t<\/div>\n\n\n\n<div class=\"col-12 col-md-6\">\n\t\t\t\n<div class=\"employeeblock\">\n    <figure class=\"employeeblock__item employeeblock__item--img\">\n        <img decoding=\"async\" src=\"\" alt=\"\" \/>\n    <\/figure>\n    <div class=\"employeeblock__item employeeblock__item--content\">\n        <h2 class=\"name\">Kontakt<\/h2>\n        <p class=\"position\"><\/p>\n        <p><a class=\"link link--has-icon link--has-icon--mail\" href=\"mailto:info@orfix.rs\">info@orfix.rs<\/a><\/p>\n        <p><a class=\"link link--has-icon link--has-icon--tel\" href=\"tel:+381(0)63267909\">+381 (0) 63 267 909<\/a><\/p>\n    <\/div>\n<\/div>\n\n\t<\/div>\n\n<\/div>\n\n<\/div>\n\n\n<div class=\"wp-bootstrap-blocks-container container-fluid mb-5 custom_container custom_container--middle\">\n\t\n<div class=\"wp-bootstrap-blocks-row row\">\n\t\n\n<div class=\"col-12 col-md-12\">\n\t\t\t\n\n<h2 class=\"wp-block-heading advgb-dyn-61d96dab\" style=\"font-size:30px\">orfix &#8211; Va\u0161 specijalista za proizvodnju proizvoda od papira i plastike<\/h2>\n\n\t<\/div>\n\n\n\n<div class=\"col-12 col-md-6\">\n\t\t\t\n\n<p class=\"has-medium-font-size\">Razvijamo i proizvodimo koriste\u0107i najsavremenije proizvodene metode uvek vode\u0107i ra\u010duna o Va\u0161im individualnim zahtevima ali i \u017eivotnoj sredini! Posve\u0107eni smo odr\u017eivosti, delujemo na na\u010din koji \u0161tedi resurse i emituje \u0161to je manje mogu\u0107e CO2. Za to se zala\u017ee na\u0161 menadzmet za\u0161tite \u017eivotne sredine.  Od nas \u0107ete dobiti stalni, prvoklasni i sertifikovani kvalitet, mi cemo Vas inspirisati inovacijama i odli\u010dnom uslugom. <\/p>\n\n\t<\/div>\n\n\n\n<div class=\"col-12 col-md-6\">\n\t\t\t\n\n<ul class=\"wp-block-list\">\n<li class=\"has-medium-font-size\">orfix standardni proizvodi su uvek dostiupni na lageru.<\/li>\n\n\n\n<li class=\"has-medium-font-size\">orfix nudi individualno skladi\u0161tenje za personalizovane proizvode. <\/li>\n\n\n\n<li class=\"has-medium-font-size\">orfix proizvodi \u010dak i male koli\u010dine personalizovanih proizvoda.<\/li>\n\n\n\n<li class=\"has-medium-font-size\">orfix nudi kompetentan i individalan savet. <\/li>\n<\/ul>\n\n\t<\/div>\n\n<\/div>\n\n<\/div>\n\n\n\n<div style=\"height:20px\" aria-hidden=\"true\" class=\"wp-block-spacer\"><\/div>\n\n\n\n<figure class=\"wp-block-image size-full\"><img loading=\"lazy\" decoding=\"async\" width=\"2048\" height=\"600\" src=\"https:\/\/www.orfix.com\/wp-content\/uploads\/2024\/05\/orfix-Karte-2025-en.jpg\" alt=\"\" class=\"wp-image-32961\" srcset=\"https:\/\/www.orfix.com\/wp-content\/uploads\/2024\/05\/orfix-Karte-2025-en.jpg 2048w, https:\/\/www.orfix.com\/wp-content\/uploads\/2024\/05\/orfix-Karte-2025-en-768x225.jpg 768w, https:\/\/www.orfix.com\/wp-content\/uploads\/2024\/05\/orfix-Karte-2025-en-1536x450.jpg 1536w\" sizes=\"auto, (max-width: 2048px) 100vw, 2048px\" \/><\/figure>\n\n\n\n<p class=\"has-medium-font-size\">Zadovoljstvo nam je da Vas li\u010dno posavetujemo!<br><strong>Va\u0161 kompetentan partner sa kompletnim asortimanom proizvoda za sve koji se bave brojanjem, pakovanjem, prevozom ili skladi\u0161tenjem novca.<\/strong><\/p>\n\n\n\n<div style=\"height:20px\" aria-hidden=\"true\" class=\"wp-block-spacer\"><\/div>\n\n\n\n<div class=\"wp-block-buttons cta-banner-content__item is-layout-flex wp-block-buttons-is-layout-flex\">\n<div class=\"wp-block-button is-style-outline is-style-outline--1 advgb-dyn-46160751\"><a class=\"wp-block-button__link has-text-color has-medium-font-size has-custom-font-size wp-element-button\" href=\"https:\/\/www.orfix.com\/sr\/kontakt\/\" style=\"border-radius:1px;color:#ba0c2f\" target=\"_blank\" rel=\"noreferrer noopener\"><strong>Kontakt<\/strong><\/a><\/div>\n\n\n\n<div class=\"wp-block-button btn__bg--red advgb-dyn-89b5146e\"><a class=\"wp-block-button__link has-white-color has-text-color has-background has-medium-font-size has-custom-font-size wp-element-button\" href=\"https:\/\/www.orfix.com\/sr\/oblasti-strucnosti-proizvodi\/\" style=\"border-radius:1px;background-color:#ba0c2f\"><strong>Proizvodi<\/strong><\/a><\/div>\n<\/div>\n\n\n\n<div style=\"height:20px\" aria-hidden=\"true\" class=\"wp-block-spacer\"><\/div>\n","protected":false},"excerpt":{"rendered":"<p>Uzorci bezbedno \u010duvani. orfix je dobavlja\u010d sigurnosne ambala\u017ee za \u010duvanje uzoraka iz poljoprivredne i prehrambene industrije. Na\u0161e sigurnosne kese za uzorkovanje imaju barkod i serijski broj kao i sigurnosnu traku za zatvaranje koja pirlikom otvaranja ostavlja vidljiv trag. Proizvedene su od providnog PE materijala otpornog na kidanje po kom je lako pisati ili nalepiti nalepnicu.<\/p>\n<p><a class=\"btn btn-secondary understrap-read-more-link\" href=\"https:\/\/www.orfix.com\/sr\/sektori\/poljoprivreda\/\">Read More&#8230;<\/a><\/p>\n","protected":false},"author":36,"featured_media":0,"parent":7475,"menu_order":1,"comment_status":"closed","ping_status":"closed","template":"","meta":{"_acf_changed":false,"om_disable_all_campaigns":false,"inline_featured_image":false,"advgb_blocks_editor_width":"","advgb_blocks_columns_visual_guide":"","_monsterinsights_skip_tracking":false,"_monsterinsights_sitenote_active":false,"_monsterinsights_sitenote_note":"","_monsterinsights_sitenote_category":0,"_uf_show_specific_survey":0,"_uf_disable_surveys":false,"footnotes":""},"class_list":["post-7502","page","type-page","status-publish","hentry"],"acf":[],"aioseo_notices":[],"coauthors":[],"author_meta":{"author_link":"https:\/\/www.orfix.com\/sr\/author\/mgendelmeyer\/","display_name":"Malte Gendelmeyer"},"relative_dates":{"created":"Posted 5 \u0433\u043e\u0434\u0438\u043d\u0430 ago","modified":"Updated 4 \u043c\u0435\u0441\u0435\u0446\u0430 ago"},"absolute_dates":{"created":"Posted on 9. \u043d\u043e\u0432\u0435\u043c\u0431\u0430\u0440 2020","modified":"Updated on 6. \u0434\u0435\u0446\u0435\u043c\u0431\u0430\u0440 2025"},"absolute_dates_time":{"created":"Posted on 9. \u043d\u043e\u0432\u0435\u043c\u0431\u0430\u0440 2020 16:09","modified":"Updated on 6. \u0434\u0435\u0446\u0435\u043c\u0431\u0430\u0440 2025 1:35"},"featured_img_caption":"","featured_img":false,"series_order":"","_links":{"self":[{"href":"https:\/\/www.orfix.com\/sr\/wp-json\/wp\/v2\/pages\/7502","targetHints":{"allow":["GET"]}}],"collection":[{"href":"https:\/\/www.orfix.com\/sr\/wp-json\/wp\/v2\/pages"}],"about":[{"href":"https:\/\/www.orfix.com\/sr\/wp-json\/wp\/v2\/types\/page"}],"author":[{"embeddable":true,"href":"https:\/\/www.orfix.com\/sr\/wp-json\/wp\/v2\/users\/36"}],"replies":[{"embeddable":true,"href":"https:\/\/www.orfix.com\/sr\/wp-json\/wp\/v2\/comments?post=7502"}],"version-history":[{"count":14,"href":"https:\/\/www.orfix.com\/sr\/wp-json\/wp\/v2\/pages\/7502\/revisions"}],"predecessor-version":[{"id":32656,"href":"https:\/\/www.orfix.com\/sr\/wp-json\/wp\/v2\/pages\/7502\/revisions\/32656"}],"up":[{"embeddable":true,"href":"https:\/\/www.orfix.com\/sr\/wp-json\/wp\/v2\/pages\/7475"}],"wp:attachment":[{"href":"https:\/\/www.orfix.com\/sr\/wp-json\/wp\/v2\/media?parent=7502"}],"curies":[{"name":"wp","href":"https:\/\/api.w.org\/{rel}","templated":true}]}}