{"id":7475,"date":"2020-11-09T16:02:59","date_gmt":"2020-11-09T15:02:59","guid":{"rendered":"http:\/\/orfix.netzkunst24.de\/?page_id=7475"},"modified":"2020-12-15T16:20:57","modified_gmt":"2020-12-15T15:20:57","slug":"sektori","status":"publish","type":"page","link":"https:\/\/www.orfix.com\/sr\/sektori\/","title":{"rendered":"Sektori"},"content":{"rendered":"<div class=\"wp-bootstrap-blocks-container container-fluid mb-5 custom_container custom_container--big custom_container--banner\">\n\t\n<div class=\"wp-bootstrap-blocks-row row custom_row custom_row--center\">\n\t\n\n<div class=\"col-12 col-md-12 custom_slider custom-banner-img custom_slider__banner\">\n\t\t\t\n\n<figure class=\"wp-block-image size-full\"><img loading=\"lazy\" decoding=\"async\" width=\"1366\" height=\"370\" src=\"https:\/\/www.orfix.com\/wp-content\/uploads\/2020\/08\/banner_example-1.jpg\" alt=\"\" class=\"wp-image-292\" srcset=\"https:\/\/www.orfix.com\/wp-content\/uploads\/2020\/08\/banner_example-1.jpg 1366w, https:\/\/www.orfix.com\/wp-content\/uploads\/2020\/08\/banner_example-1-300x81.jpg 300w, https:\/\/www.orfix.com\/wp-content\/uploads\/2020\/08\/banner_example-1-1024x277.jpg 1024w, https:\/\/www.orfix.com\/wp-content\/uploads\/2020\/08\/banner_example-1-768x208.jpg 768w\" sizes=\"auto, (max-width: 1366px) 100vw, 1366px\" \/><figcaption><strong>Ekonomi\u010dno. Dokazano<\/strong>. <strong>Dobro pozicionirano.<\/strong><\/figcaption><\/figure>\n\n\n\n\n\t<\/div>\n\n<\/div>\n\n<\/div>\n\n\n<div class=\"wp-bootstrap-blocks-container container-fluid mb-5 custom_container custom_container--small\">\n\t\n<div class=\"wp-bootstrap-blocks-row row\">\n\t\n\n<div class=\"col-12 col-md-12\">\n\t\t\t\n\n<h1 class=\"wp-block-heading\">Sektori<\/h1>\n\n\n\n<p>Razmi\u0161ljati o pakovanju zna\u010di razmi\u0161ljati o orfix-u. Na\u0161 \u0161iroki asortiman dobro osmi\u0161ljenih proizvoda za pakovanje nudi re\u0161enja koja su optimizovana za odre\u0111ena podru\u010dja primene i ukoliko je potrebno uskladjena sa me\u0111unarodnim standardima.<\/p>\n\n\n\n<p>Na\u0161a pakovanja i sigurnosna re\u0161enja se koriste u mnogim sektorima:<\/p>\n\n\n\n<p>Pakovanje novca je jedna od orfix-ovih osnovnih kompetencija jos od 1950.godine.  Sa iskustvom i znanjem orfix je zajedno sa Nemackom centralnom bankom razvio trenutne standarde za pakovanje kovanica i nov\u010danica. <\/p>\n\n\n\n<p>orfix sigurnosna pakovanja i re\u0161enja \u0161tite i osiguravaju Va\u0161u robu i imovinu u transportu, logistici, trgovini, kao i u medicinskoj, prehrambenoj i drugim industrijama. <\/p>\n\n\t<\/div>\n\n<\/div>\n\n<\/div>\n\n\n<div class=\"wp-bootstrap-blocks-container container-fluid mb-5 custom_container custom_container--middle\">\n\t\n<div class=\"wp-bootstrap-blocks-row row\">\n\t\n\n<div class=\"col-12 col-md-6 col-lg-4\">\n\t\t\t\n\n  <a href=\"\/sr\/sektori\/kes-sektor\/\" class=\"newlink\">\n    <div class=\"over_view_block \">\n\n      \t<img decoding=\"async\" src=\"https:\/\/www.orfix.com\/wp-content\/uploads\/2020\/10\/Overviewblock_sectors_cash-sector.jpg\" alt=\"\" class=\"over_view_block__item over_view_block__item--img\" \/>\n\n\t     <div class=\"over_view_block__item over_view_block__item--content\">\n\n          <h2>Ke\u0161 sektor<\/h2>\n          <p>Na\u0161i visokokvalitetni proizvodi za pakovanje novca nude re\u0161enja, optimizovana za Va\u0161u upotrebu, koja ispunjavaju sve me\u0111unarodne standarde, \u0161tede\u0107i vreme i tro\u0161kove. <\/p>\n                    <span class=\"over_view_block__cta\"><img decoding=\"async\" src=\"\/wp-content\/uploads\/2020\/09\/orfix_icon_arrow.svg\" \/><\/span>\n           \u00a0 \u00a0 \u00a0 \u00a0<\/div>\n\n<\/div><\/a> \n\t<\/div>\n\n\n\n<div class=\"col-12 col-md-6 col-lg-4\">\n\t\t\t\n\n  <a href=\"\/sr\/sektori\/poljoprivreda\/\" class=\"newlink\">\n    <div class=\"over_view_block \">\n\n      \t<img decoding=\"async\" src=\"https:\/\/www.orfix.com\/wp-content\/uploads\/2020\/10\/banner_sectors_agricultural2.jpg\" alt=\"\" class=\"over_view_block__item over_view_block__item--img\" \/>\n\n\t     <div class=\"over_view_block__item over_view_block__item--content\">\n\n          <h2>Poljoprivreda<\/h2>\n          <p>orfix je Va\u0161 dobavlja\u010d za ambala\u017eu za \u010duvanje laboratorijskih uzoraka iz poljoprivredne i prehrbene industrije. <\/p>\n                    <span class=\"over_view_block__cta\"><img decoding=\"async\" src=\"\/wp-content\/uploads\/2020\/09\/orfix_icon_arrow.svg\" \/><\/span>\n           \u00a0 \u00a0 \u00a0 \u00a0<\/div>\n\n<\/div><\/a> \n\t<\/div>\n\n\n\n<div class=\"col-12 col-md-6 col-lg-4\">\n\t\t\t\n\n  <a href=\"\/sr\/sektori\/logistika\/\" class=\"newlink\">\n    <div class=\"over_view_block \">\n\n      \t<img decoding=\"async\" src=\"https:\/\/www.orfix.com\/wp-content\/uploads\/2020\/11\/Overviewblock_sectors_logistics2.jpg\" alt=\"\" class=\"over_view_block__item over_view_block__item--img\" \/>\n\n\t     <div class=\"over_view_block__item over_view_block__item--content\">\n\n          <h2>Logistika<\/h2>\n          <p>orfix sigiurnosne vezice i nalepnice poma\u017eu da se osigurna transport, skladi\u0161tenje i distribucija proizvoda u lancu snabdevanja. <\/p>\n                    <span class=\"over_view_block__cta\"><img decoding=\"async\" src=\"\/wp-content\/uploads\/2020\/09\/orfix_icon_arrow.svg\" \/><\/span>\n           \u00a0 \u00a0 \u00a0 \u00a0<\/div>\n\n<\/div><\/a> \n\t<\/div>\n\n\n\n<div class=\"col-12 col-md-6 col-lg-4\">\n\t\t\t\n\n  <a href=\"\/sr\/sektori\/trgovina\/\" class=\"newlink\">\n    <div class=\"over_view_block \">\n\n      \t<img decoding=\"async\" src=\"https:\/\/www.orfix.com\/wp-content\/uploads\/2020\/10\/Overviewblock_sectors_trade.jpg\" alt=\"\" class=\"over_view_block__item over_view_block__item--img\" \/>\n\n\t     <div class=\"over_view_block__item over_view_block__item--content\">\n\n          <h2>Trgovina<\/h2>\n          <p>orfix je sna\u017ean partner za razmenu u oblasti gotovine i elektronske trgovine &#8211; pakovanje novca, kurirske kese, rolne termopapira&#8230;<\/p>\n                    <span class=\"over_view_block__cta\"><img decoding=\"async\" src=\"\/wp-content\/uploads\/2020\/09\/orfix_icon_arrow.svg\" \/><\/span>\n           \u00a0 \u00a0 \u00a0 \u00a0<\/div>\n\n<\/div><\/a> \n\t<\/div>\n\n\n\n<div class=\"col-12 col-md-6 col-lg-4\">\n\t\t\t\n\n  <a href=\"\/sr\/sektori\/industrija-i-zanati\/\" class=\"newlink\">\n    <div class=\"over_view_block \">\n\n      \t<img decoding=\"async\" src=\"https:\/\/www.orfix.com\/wp-content\/uploads\/2020\/10\/Overviewblock_sectors_industry-skilled-crafts-and-trades.jpg\" alt=\"\" class=\"over_view_block__item over_view_block__item--img\" \/>\n\n\t     <div class=\"over_view_block__item over_view_block__item--content\">\n\n          <h2>Industrija i zanati <\/h2>\n          <p>orfix je dobavlja\u010d za brojne industrije. od \u010duvanja sitnih delova do za\u0161tite isporuke prate\u0107ih dokumenata.<\/p>\n                    <span class=\"over_view_block__cta\"><img decoding=\"async\" src=\"\/wp-content\/uploads\/2020\/09\/orfix_icon_arrow.svg\" \/><\/span>\n           \u00a0 \u00a0 \u00a0 \u00a0<\/div>\n\n<\/div><\/a> \n\t<\/div>\n\n\n\n<div class=\"col-12 col-md-6 col-lg-4\">\n\t\t\t\n\n  <a href=\"\/sr\/sektori\/prevoznici-logistika\/\" class=\"newlink\">\n    <div class=\"over_view_block \">\n\n      \t<img decoding=\"async\" src=\"https:\/\/www.orfix.com\/wp-content\/uploads\/2020\/10\/Overviewblock_sectors_forwarders-logistic-1.jpg\" alt=\"\" class=\"over_view_block__item over_view_block__item--img\" \/>\n\n\t     <div class=\"over_view_block__item over_view_block__item--content\">\n\n          <h2>Transport \/ Logistika<\/h2>\n          <p>orfix nudi sigurnosn vezice i sigurnosne nalepnice za prevoznike i trasnportni sektor. <\/p>\n                    <span class=\"over_view_block__cta\"><img decoding=\"async\" src=\"\/wp-content\/uploads\/2020\/09\/orfix_icon_arrow.svg\" \/><\/span>\n           \u00a0 \u00a0 \u00a0 \u00a0<\/div>\n\n<\/div><\/a> \n\t<\/div>\n\n\n\n<div class=\"col-12 col-md-6 col-lg-4\">\n\t\t\t\n\n  <a href=\"\/sr\/sektori\/industrija-obezbedenja-security-companies\/\" class=\"newlink\">\n    <div class=\"over_view_block \">\n\n      \t<img decoding=\"async\" src=\"https:\/\/www.orfix.com\/wp-content\/uploads\/2020\/10\/Overviewblock_sectors_security-companies.jpg\" alt=\"\" class=\"over_view_block__item over_view_block__item--img\" \/>\n\n\t     <div class=\"over_view_block__item over_view_block__item--content\">\n\n          <h2>Obezbe\u0111enje \/ Prevoz novca<\/h2>\n          <p>Poznate firme koje se bave bezbedno\u0161\u0107u i orfix su dugogodi\u0161nji partneri.  Firme koje se bave prevozom novca \u0161irom sveta veruju na\u0161oj sigurnosnij ambala\u017ei. <\/p>\n                    <span class=\"over_view_block__cta\"><img decoding=\"async\" src=\"\/wp-content\/uploads\/2020\/09\/orfix_icon_arrow.svg\" \/><\/span>\n           \u00a0 \u00a0 \u00a0 \u00a0<\/div>\n\n<\/div><\/a> \n\t<\/div>\n\n\n\n<div class=\"col-12 col-md-6 col-lg-4\">\n\t\t\t\n\n  <a href=\"\/sr\/sektori\/medicina-laboratorije\/\" class=\"newlink\">\n    <div class=\"over_view_block \">\n\n      \t<img decoding=\"async\" src=\"https:\/\/www.orfix.com\/wp-content\/uploads\/2020\/11\/Overviewblock_products_medical-bags4.jpg\" alt=\"\" class=\"over_view_block__item over_view_block__item--img\" \/>\n\n\t     <div class=\"over_view_block__item over_view_block__item--content\">\n\n          <h2>Medicina \/ Laboratorije<\/h2>\n          <p>orfix je Va\u0161 dobavlja\u010d za sekundarno pakovanje u medicinskom i laboratorijskom sektoru, nude\u0107i odgovaraju\u0107u ambbala\u017eu za uzorke. <\/p>\n                    <span class=\"over_view_block__cta\"><img decoding=\"async\" src=\"\/wp-content\/uploads\/2020\/09\/orfix_icon_arrow.svg\" \/><\/span>\n           \u00a0 \u00a0 \u00a0 \u00a0<\/div>\n\n<\/div><\/a> \n\t<\/div>\n\n\n\n<div class=\"col-12 col-md-6 col-lg-4\">\n\t\t\t\n\n  <a href=\"\/sr\/sektori\/avijacja-aerodromi\/\" class=\"newlink\">\n    <div class=\"over_view_block \">\n\n      \t<img decoding=\"async\" src=\"https:\/\/www.orfix.com\/wp-content\/uploads\/2020\/10\/banner_sectors_airport2.jpg\" alt=\"\" class=\"over_view_block__item over_view_block__item--img\" \/>\n\n\t     <div class=\"over_view_block__item over_view_block__item--content\">\n\n          <h2>Avijacija \/ Aerodromi<\/h2>\n          <p>orfix STEB avio \/ aerodormske kese ispunjavaju sve zahteve ICAO za upotrebu na aerodromima i &#8220;duty free&#8221; prodavnicama. <\/p>\n                    <span class=\"over_view_block__cta\"><img decoding=\"async\" src=\"\/wp-content\/uploads\/2020\/09\/orfix_icon_arrow.svg\" \/><\/span>\n           \u00a0 \u00a0 \u00a0 \u00a0<\/div>\n\n<\/div><\/a> \n\t<\/div>\n\n\n\n<div class=\"col-12 col-md-6 col-lg-4\">\n\t\t\t\n\n  <a href=\"\/sr\/sektori\/sudstvo-policija-vlast\/\" class=\"newlink\">\n    <div class=\"over_view_block  invert\">\n\n      \t<img decoding=\"async\" src=\"https:\/\/www.orfix.com\/wp-content\/uploads\/2020\/10\/banner_sectors_police2.jpg\" alt=\"\" class=\"over_view_block__item over_view_block__item--img\" \/>\n\n\t     <div class=\"over_view_block__item over_view_block__item--content\">\n\n          <h2>Sud \/ Policija \/ Vlast<\/h2>\n          <p>Proizvodimo kese za bezbednosno \u010duvanje dokaznog materijala kao i li\u010dnih stvari zatvorenika.  <\/p>\n                    <span class=\"over_view_block__cta\"><img decoding=\"async\" src=\"\/wp-content\/uploads\/2020\/09\/orfix_icon_arrow.svg\" \/><\/span>\n           \u00a0 \u00a0 \u00a0 \u00a0<\/div>\n\n<\/div><\/a> \n\t<\/div>\n\n\n\n<div class=\"col-12 col-md-6 col-lg-4\">\n\t\t\t\n\n  <a href=\"\/sr\/sektori\/energetsko-snabdevanje\/\" class=\"newlink\">\n    <div class=\"over_view_block \">\n\n      \t<img decoding=\"async\" src=\"https:\/\/www.orfix.com\/wp-content\/uploads\/2020\/10\/Overviewblock_sectors_energy-water.jpg\" alt=\"\" class=\"over_view_block__item over_view_block__item--img\" \/>\n\n\t     <div class=\"over_view_block__item over_view_block__item--content\">\n\n          <h2>Elektro \/ Vodo- \/ Gasno snabdevanje <\/h2>\n          <p>Podr\u017eavamo kompanije za snabdevanje strujom, vodom i gasom \u0161irokim asortimanom sigurnosnih vezica.<\/p>\n                    <span class=\"over_view_block__cta\"><img decoding=\"async\" src=\"\/wp-content\/uploads\/2020\/09\/orfix_icon_arrow.svg\" \/><\/span>\n           \u00a0 \u00a0 \u00a0 \u00a0<\/div>\n\n<\/div><\/a> \n\t<\/div>\n\n\n\n<div class=\"col-12 col-md-6 col-lg-4\">\n\t\t\t\n\n  <a href=\"\/sr\/sektori\/benzinske-pumpe\/\" class=\"newlink\">\n    <div class=\"over_view_block \">\n\n      \t<img decoding=\"async\" src=\"https:\/\/www.orfix.com\/wp-content\/uploads\/2020\/10\/banner_sectors_gas-station2.jpg\" alt=\"\" class=\"over_view_block__item over_view_block__item--img\" \/>\n\n\t     <div class=\"over_view_block__item over_view_block__item--content\">\n\n          <h2>Benzinske pumpe<\/h2>\n          <p>Dobavlja\u010d smo \u0161irokog asortimana proizvoda za bezbednosno pakovanje i transport novca &#8211; sigurnosne kese, rolne termopapira&#8230;<\/p>\n                    <span class=\"over_view_block__cta\"><img decoding=\"async\" src=\"\/wp-content\/uploads\/2020\/09\/orfix_icon_arrow.svg\" \/><\/span>\n           \u00a0 \u00a0 \u00a0 \u00a0<\/div>\n\n<\/div><\/a> \n\t<\/div>\n\n<\/div>\n\n<\/div>\n\n\n<div class=\"wp-bootstrap-blocks-container container-fluid mb-0 custom_container custom_container--full custom_container--prefooter\">\n\t\n<div class=\"wp-bootstrap-blocks-row row\">\n\t\n\n<div class=\"col-12\">\n\t\t\t\n\n<figure class=\"wp-block-image size-large is-resized custom_cta-banner__item custom_cta-banner__item--background\"><img loading=\"lazy\" decoding=\"async\" width=\"1024\" height=\"300\" src=\"https:\/\/www.orfix.com\/wp-content\/uploads\/2022\/09\/fullsize_banner_orfix-weltkarte-2-1024x300.jpg\" alt=\"\" class=\"wp-image-15912\" style=\"width:1492px;height:438px\" srcset=\"https:\/\/www.orfix.com\/wp-content\/uploads\/2022\/09\/fullsize_banner_orfix-weltkarte-2-1024x300.jpg 1024w, https:\/\/www.orfix.com\/wp-content\/uploads\/2022\/09\/fullsize_banner_orfix-weltkarte-2-300x88.jpg 300w, https:\/\/www.orfix.com\/wp-content\/uploads\/2022\/09\/fullsize_banner_orfix-weltkarte-2-768x225.jpg 768w, https:\/\/www.orfix.com\/wp-content\/uploads\/2022\/09\/fullsize_banner_orfix-weltkarte-2.jpg 1500w\" sizes=\"auto, (max-width: 1024px) 100vw, 1024px\" \/><\/figure>\n\n\t<\/div>\n\n\n\n<div class=\"col-12 col-md-12 cta-banner-content\">\n\t\t\t\n\n<p class=\"cta-banner-content__item\">We would be pleased to advise you individually<\/p>\n\n\n\n<h4 class=\"wp-block-heading cta-banner-content__item\"><br>Your competent partner with a full range for everyone who counts, packs, transports or stores\u2026 <\/h4>\n\n\n\n<div class=\"wp-block-buttons cta-banner-content__item is-layout-flex wp-block-buttons-is-layout-flex\">\n<div class=\"wp-block-button is-style-outline is-style-outline--1 advgb-dyn-2c73a945\"><a class=\"wp-block-button__link has-text-color wp-element-button\" href=\"https:\/\/www.orfix.com\/en\/contact\/\" style=\"color:#ba0c2f\">Contact us<\/a><\/div>\n\n\n\n<div class=\"wp-block-button btn__bg--red advgb-dyn-f9c6ccb9\"><a class=\"wp-block-button__link has-white-color has-text-color has-background wp-element-button\" href=\"https:\/\/www.orfix.com\/en\/areas-of-excellence-products\/\" style=\"background-color:#ba0c2f\" rel=\"areas-of-excellence-products\">Products<\/a><\/div>\n\n\n\n<div class=\"wp-block-button btn__bg--red advgb-dyn-242b2900\"><a class=\"wp-block-button__link has-white-color has-text-color has-background wp-element-button\" href=\"https:\/\/shop.orfix.com\/\" style=\"background-color:#ba0c2f\" target=\"_blank\" rel=\"noreferrer noopener\">Shop<\/a><\/div>\n<\/div>\n\n\t<\/div>\n\n<\/div>\n\n\n\n<p><\/p>\n\n<\/div>\n","protected":false},"excerpt":{"rendered":"<p><a class=\"btn btn-secondary understrap-read-more-link\" href=\"https:\/\/www.orfix.com\/sr\/sektori\/\">Read More&#8230;<\/a><\/p>\n","protected":false},"author":36,"featured_media":0,"parent":0,"menu_order":1,"comment_status":"closed","ping_status":"closed","template":"","meta":{"_acf_changed":false,"om_disable_all_campaigns":false,"inline_featured_image":false,"advgb_blocks_editor_width":"","advgb_blocks_columns_visual_guide":"","_monsterinsights_skip_tracking":false,"_monsterinsights_sitenote_active":false,"_monsterinsights_sitenote_note":"","_monsterinsights_sitenote_category":0,"_uf_show_specific_survey":0,"_uf_disable_surveys":false,"footnotes":""},"class_list":["post-7475","page","type-page","status-publish","hentry"],"acf":[],"aioseo_notices":[],"coauthors":[],"author_meta":{"author_link":"https:\/\/www.orfix.com\/sr\/author\/mgendelmeyer\/","display_name":"Malte Gendelmeyer"},"relative_dates":{"created":"Posted 5 \u0433\u043e\u0434\u0438\u043d\u0430 ago","modified":"Updated 5 \u0433\u043e\u0434\u0438\u043d\u0430 ago"},"absolute_dates":{"created":"Posted on 9. \u043d\u043e\u0432\u0435\u043c\u0431\u0430\u0440 2020","modified":"Updated on 15. \u0434\u0435\u0446\u0435\u043c\u0431\u0430\u0440 2020"},"absolute_dates_time":{"created":"Posted on 9. \u043d\u043e\u0432\u0435\u043c\u0431\u0430\u0440 2020 16:02","modified":"Updated on 15. \u0434\u0435\u0446\u0435\u043c\u0431\u0430\u0440 2020 16:20"},"featured_img_caption":"","featured_img":false,"series_order":"","_links":{"self":[{"href":"https:\/\/www.orfix.com\/sr\/wp-json\/wp\/v2\/pages\/7475","targetHints":{"allow":["GET"]}}],"collection":[{"href":"https:\/\/www.orfix.com\/sr\/wp-json\/wp\/v2\/pages"}],"about":[{"href":"https:\/\/www.orfix.com\/sr\/wp-json\/wp\/v2\/types\/page"}],"author":[{"embeddable":true,"href":"https:\/\/www.orfix.com\/sr\/wp-json\/wp\/v2\/users\/36"}],"replies":[{"embeddable":true,"href":"https:\/\/www.orfix.com\/sr\/wp-json\/wp\/v2\/comments?post=7475"}],"version-history":[{"count":66,"href":"https:\/\/www.orfix.com\/sr\/wp-json\/wp\/v2\/pages\/7475\/revisions"}],"predecessor-version":[{"id":13115,"href":"https:\/\/www.orfix.com\/sr\/wp-json\/wp\/v2\/pages\/7475\/revisions\/13115"}],"wp:attachment":[{"href":"https:\/\/www.orfix.com\/sr\/wp-json\/wp\/v2\/media?parent=7475"}],"curies":[{"name":"wp","href":"https:\/\/api.w.org\/{rel}","templated":true}]}}