{"id":7299,"date":"2020-11-30T16:09:27","date_gmt":"2020-11-30T15:09:27","guid":{"rendered":"http:\/\/orfix.netzkunst24.de\/?page_id=7299"},"modified":"2020-12-14T14:58:56","modified_gmt":"2020-12-14T13:58:56","slug":"sigurnosne-vezice-za-visekratne-torbe","status":"publish","type":"page","link":"https:\/\/www.orfix.com\/sr\/oblasti-strucnosti-proizvodi\/sigurnosno-pakovanje\/sigurnosne-vezice-za-visekratne-torbe\/","title":{"rendered":"Sigurnosne vezice za vi\u0161ekratne torbe"},"content":{"rendered":"<div class=\"wp-bootstrap-blocks-container container-fluid mb-5 custom_container custom_container--big custom_container--banner\">\n\t\n<div class=\"wp-bootstrap-blocks-row row custom_row custom_row--center\">\n\t\n\n<div class=\"col-12 col-md-12 custom_slider custom_slider__banner custom-banner-img\">\n\t\t\t\n\n<figure class=\"wp-block-image size-large\"><img loading=\"lazy\" decoding=\"async\" width=\"1024\" height=\"277\" src=\"https:\/\/www.orfix.com\/wp-content\/uploads\/2020\/10\/Security-Seals-for-Reusable-Bags-1366x370px-1024x277.jpg\" alt=\"\" class=\"wp-image-3375\" srcset=\"https:\/\/www.orfix.com\/wp-content\/uploads\/2020\/10\/Security-Seals-for-Reusable-Bags-1366x370px-1024x277.jpg 1024w, https:\/\/www.orfix.com\/wp-content\/uploads\/2020\/10\/Security-Seals-for-Reusable-Bags-1366x370px-300x81.jpg 300w, https:\/\/www.orfix.com\/wp-content\/uploads\/2020\/10\/Security-Seals-for-Reusable-Bags-1366x370px-768x208.jpg 768w, https:\/\/www.orfix.com\/wp-content\/uploads\/2020\/10\/Security-Seals-for-Reusable-Bags-1366x370px-24x7.jpg 24w, https:\/\/www.orfix.com\/wp-content\/uploads\/2020\/10\/Security-Seals-for-Reusable-Bags-1366x370px-36x10.jpg 36w, https:\/\/www.orfix.com\/wp-content\/uploads\/2020\/10\/Security-Seals-for-Reusable-Bags-1366x370px-48x13.jpg 48w, https:\/\/www.orfix.com\/wp-content\/uploads\/2020\/10\/Security-Seals-for-Reusable-Bags-1366x370px.jpg 1366w\" sizes=\"auto, (max-width: 1024px) 100vw, 1024px\" \/><figcaption><strong>Stable and secure seal.<\/strong><\/figcaption><\/figure>\n\n\n\n\n\t<\/div>\n\n<\/div>\n\n<\/div>\n\n\n<div class=\"wp-bootstrap-blocks-container container-fluid mb-5 custom_container custom_container--small\">\n\t\n<div class=\"wp-bootstrap-blocks-row row\">\n\t\n\n<div class=\"col-12 col-md-12\">\n\t\t\t\n\n<h1>torbe za vi\u0161ekratnu upotrebu<\/h1>\n\n\n\n<p>orfix sigurnosne vezice za torbe za vi\u0161ekratnu upotrebu su dostupne u razli\u010ditim veli\u010dinama i sa razli\u010ditim karakteristikama. Vezice perfektno odgovaraju upotrebi vi\u0161ekratnih torbi. Sigurnosne vezice omogu\u0107avaju dokaz o manipulaciji vi\u0161ekratnom torbom. orfix sigurnosne vezice su dostupne u razli\u010ditim standardnim verzijama. Personalizacija je mogu\u0107a na zahtev.<\/p>\n\n\n\n<h2 class=\"wp-block-heading\">Sigurnosni sistem zatvaranja vodi ka visoko sigurnosnim standardima.<\/h2>\n\n\t<\/div>\n\n<\/div>\n\n<\/div>\n\n\n<div class=\"wp-bootstrap-blocks-container container-fluid mb-5 custom_container custom_container--middle\">\n\t\n<div class=\"wp-bootstrap-blocks-row row\">\n\t\n\n<div class=\"col-12 col-md-6\">\n\t\t\t\n\n<figure class=\"wp-block-image size-large\"><img loading=\"lazy\" decoding=\"async\" width=\"600\" height=\"350\" src=\"https:\/\/www.orfix.com\/wp-content\/uploads\/2020\/10\/orfix-security-seals-Features-600x350px-1.jpg\" alt=\"orfix security seals Features\" class=\"wp-image-4672\" srcset=\"https:\/\/www.orfix.com\/wp-content\/uploads\/2020\/10\/orfix-security-seals-Features-600x350px-1.jpg 600w, https:\/\/www.orfix.com\/wp-content\/uploads\/2020\/10\/orfix-security-seals-Features-600x350px-1-300x175.jpg 300w, https:\/\/www.orfix.com\/wp-content\/uploads\/2020\/10\/orfix-security-seals-Features-600x350px-1-24x14.jpg 24w, https:\/\/www.orfix.com\/wp-content\/uploads\/2020\/10\/orfix-security-seals-Features-600x350px-1-36x21.jpg 36w, https:\/\/www.orfix.com\/wp-content\/uploads\/2020\/10\/orfix-security-seals-Features-600x350px-1-48x28.jpg 48w\" sizes=\"auto, (max-width: 600px) 100vw, 600px\" \/><\/figure>\n\n\t<\/div>\n\n\n\n<div class=\"col-12 col-md-6\">\n\t\t\t\n\n<h2 class=\"wp-block-heading\">Karakteristike<\/h2>\n\n\n\n<ol class=\"wp-block-list\" id=\"block-a364e68f-67ec-4367-911d-4ae872e06904\"><li>Sigurnosna vezica sa brojem&nbsp;<\/li><li>Sigurnosna vezica sa barkodom<\/li><li>Sigurnosna vezica<\/li><li>Sigurnosna vezica sa delom koji se odlomi<\/li><li>Maxiseal<\/li><li>Zaptivka<\/li><\/ol>\n\n\t<\/div>\n\n<\/div>\n\n<\/div>\n\n\n<div class=\"wp-bootstrap-blocks-container container-fluid mb-5 custom_container custom_container--middle\">\n\t\n<div class=\"wp-bootstrap-blocks-row row\">\n\t\n\n<div class=\"col-12\">\n\t\t\t\n<div class=\"wp-bootstrap-blocks-container container mb-0\">\n\t\n<div class=\"wp-bootstrap-blocks-row row row--applications\">\n\t\n\n<div class=\"col-12 col-md-7 col--big\">\n\t\t\t\n\n<h2 class=\"wp-block-heading\">Primena<\/h2>\n\n\n<div class=\"wp-bootstrap-blocks-row row\">\n\t\n\n<div class=\"col-12 col-md-6\">\n\t\t\t\n\n<ul id=\"block-d81b4cc1-9ece-4f1b-a069-7b9fec172993\" class=\"list--no-img-point wp-block-list\"><li>Ke\u0161 proces<\/li><li>Transport<\/li><li>Medicina<\/li><\/ul>\n\n\t<\/div>\n\n\n\n<div class=\"col-12 col-md-6\">\n\t\t\t\n\n<ul id=\"block-c929d4eb-37aa-4984-8c6a-1edf956363ad\" class=\"list--no-img-point wp-block-list\"><li>Trgovina<\/li><li>Po\u0161ta \/ Kurirske slu\u017ebe<\/li><li>Avijacija<\/li><\/ul>\n\n\t<\/div>\n\n<\/div>\n\n\t<\/div>\n\n\n\n<div class=\"col-12 col-md-5 col--small\">\n\t\t\t\n\n<h2 class=\"wp-block-heading\">orfix Kvalitet<\/h2>\n\n\n\n<p>orfix sigurnosne vezice za torbe za vi\u0161ekratnu upotrebu su predmet sroge kontrole kvaliteta tokom proizvodnje.  Proizvedene su od jake plastike, imaju jasno vidljiv i  dobro \u010ditljiv barkod i broj.<\/p>\n\n\t<\/div>\n\n<\/div>\n\n<\/div>\n\n\t<\/div>\n\n<\/div>\n\n<\/div>\n\n\n<div class=\"wp-bootstrap-blocks-container container-fluid mb-5 custom_container custom_container--middle\">\n\t\n<div class=\"wp-bootstrap-blocks-row row\">\n\t\n\n<div class=\"col-12\">\n\t\t\t\t<\/div>\n\n<\/div>\n\n<\/div>\n\n\n<div class=\"wp-bootstrap-blocks-container container-fluid mb-5 custom_container custom_container--small\">\n\t\n<div class=\"wp-bootstrap-blocks-row row\">\n\t\n\n<div class=\"col-12\">\n\t\t\t\t<\/div>\n\n<\/div>\n\n<\/div>\n\n\n<div class=\"wp-bootstrap-blocks-container container-fluid mb-5 custom_container custom_container--small\">\n\t\n<div class=\"wp-bootstrap-blocks-row row\">\n\t\n\n<div class=\"col-12 col-md-12\">\n\t\t\t\n\n<h2 class=\"wp-block-heading\">Komplementarni proizvodi <\/h2>\n\n\t<\/div>\n\n\n\n<div class=\"col-12\">\n\t\t\t\n\n<ul class=\"list--no-img-point wp-block-list\"><li><a rel=\"noreferrer noopener\" href=\"https:\/\/www.orfix.com\/en\/areas-of-excellence-products\/cash-packaging\/coin-tubes\/\" target=\"_blank\">Torbe za vi\u0161ekratnu upotreb<\/a><a rel=\"noreferrer noopener\" href=\"https:\/\/www.orfix.com\/en\/areas-of-excellence-products\/cash-packaging\/coin-tubes\/\" target=\"_blank\">u<\/a><\/li><\/ul>\n\n\t<\/div>\n\n<\/div>\n\n<\/div>\n\n\n<div class=\"wp-bootstrap-blocks-container container-fluid mb-5 custom_container custom_container--middle\">\n\t\n<div class=\"wp-bootstrap-blocks-row row custom-row__cta-contact\">\n\t\n\n<div class=\"col-12 col-md-6\">\n\t\t\t\n\n<figure class=\"wp-block-image size-large\"><img loading=\"lazy\" decoding=\"async\" width=\"471\" height=\"344\" src=\"https:\/\/www.orfix.com\/wp-content\/uploads\/2020\/10\/shutterstock_116283283_471x344px.jpg\" alt=\"\" class=\"wp-image-3327\" srcset=\"https:\/\/www.orfix.com\/wp-content\/uploads\/2020\/10\/shutterstock_116283283_471x344px.jpg 471w, https:\/\/www.orfix.com\/wp-content\/uploads\/2020\/10\/shutterstock_116283283_471x344px-300x219.jpg 300w, https:\/\/www.orfix.com\/wp-content\/uploads\/2020\/10\/shutterstock_116283283_471x344px-24x18.jpg 24w, https:\/\/www.orfix.com\/wp-content\/uploads\/2020\/10\/shutterstock_116283283_471x344px-36x26.jpg 36w, https:\/\/www.orfix.com\/wp-content\/uploads\/2020\/10\/shutterstock_116283283_471x344px-48x35.jpg 48w\" sizes=\"auto, (max-width: 471px) 100vw, 471px\" \/><figcaption>Kontaktirajte nas!<\/figcaption><\/figure>\n\n\t<\/div>\n\n\n\n<div class=\"col-12 col-md-6\">\n\t\t\t\n<div class=\"employeeblock\">\n    <figure class=\"employeeblock__item employeeblock__item--img\">\n        <img decoding=\"async\" src=\"\" alt=\"\" \/>\n    <\/figure>\n    <div class=\"employeeblock__item employeeblock__item--content\">\n        <h2 class=\"name\">Kontakt<\/h2>\n        <p class=\"position\"><\/p>\n        <p><a class=\"link link--has-icon link--has-icon--mail\" href=\"mailto:info@orfix.rs\">info@orfix.rs<\/a><\/p>\n        <p><a class=\"link link--has-icon link--has-icon--tel\" href=\"tel:+381(0)63267909\">+381 (0) 63 267 909<\/a><\/p>\n    <\/div>\n<\/div>\n\n\t<\/div>\n\n<\/div>\n\n<\/div>\n\n\n<div class=\"wp-bootstrap-blocks-container container-fluid mb-5 custom_container custom_container--middle\">\n\t\n<div class=\"wp-bootstrap-blocks-row row\">\n\t\n\n<div class=\"col-12 col-md-12\">\n\t\t\t\n\n<h2 class=\"wp-block-heading advgb-dyn-61d96dab\" style=\"font-size:30px\">orfix &#8211; Va\u0161 specijalista za proizvodnju proizvoda od papira i plastike<\/h2>\n\n\t<\/div>\n\n\n\n<div class=\"col-12 col-md-6\">\n\t\t\t\n\n<p class=\"has-medium-font-size\">Razvijamo i proizvodimo koriste\u0107i najsavremenije proizvodene metode uvek vode\u0107i ra\u010duna o Va\u0161im individualnim zahtevima ali i \u017eivotnoj sredini! Posve\u0107eni smo odr\u017eivosti, delujemo na na\u010din koji \u0161tedi resurse i emituje \u0161to je manje mogu\u0107e CO2. Za to se zala\u017ee na\u0161 menadzmet za\u0161tite \u017eivotne sredine.  Od nas \u0107ete dobiti stalni, prvoklasni i sertifikovani kvalitet, mi cemo Vas inspirisati inovacijama i odli\u010dnom uslugom. <\/p>\n\n\t<\/div>\n\n\n\n<div class=\"col-12 col-md-6\">\n\t\t\t\n\n<ul class=\"wp-block-list\">\n<li class=\"has-medium-font-size\">orfix standardni proizvodi su uvek dostiupni na lageru.<\/li>\n\n\n\n<li class=\"has-medium-font-size\">orfix nudi individualno skladi\u0161tenje za personalizovane proizvode. <\/li>\n\n\n\n<li class=\"has-medium-font-size\">orfix proizvodi \u010dak i male koli\u010dine personalizovanih proizvoda.<\/li>\n\n\n\n<li class=\"has-medium-font-size\">orfix nudi kompetentan i individalan savet. <\/li>\n<\/ul>\n\n\t<\/div>\n\n<\/div>\n\n<\/div>\n\n\n<div class=\"wp-bootstrap-blocks-container container-fluid mb-0 custom_container custom_container--full custom_container--prefooter\">\n\t\n<div class=\"wp-bootstrap-blocks-row row\">\n\t\n\n<div class=\"col-12\">\n\t\t\t\n\n<figure class=\"wp-block-image size-large is-resized custom_cta-banner__item custom_cta-banner__item--background\"><img loading=\"lazy\" decoding=\"async\" width=\"1024\" height=\"300\" src=\"https:\/\/www.orfix.com\/wp-content\/uploads\/2022\/09\/fullsize_banner_orfix-weltkarte-2-1024x300.jpg\" alt=\"\" class=\"wp-image-15912\" style=\"width:1492px;height:438px\" srcset=\"https:\/\/www.orfix.com\/wp-content\/uploads\/2022\/09\/fullsize_banner_orfix-weltkarte-2-1024x300.jpg 1024w, https:\/\/www.orfix.com\/wp-content\/uploads\/2022\/09\/fullsize_banner_orfix-weltkarte-2-300x88.jpg 300w, https:\/\/www.orfix.com\/wp-content\/uploads\/2022\/09\/fullsize_banner_orfix-weltkarte-2-768x225.jpg 768w, https:\/\/www.orfix.com\/wp-content\/uploads\/2022\/09\/fullsize_banner_orfix-weltkarte-2.jpg 1500w\" sizes=\"auto, (max-width: 1024px) 100vw, 1024px\" \/><\/figure>\n\n\t<\/div>\n\n\n\n<div class=\"col-12 col-md-12 cta-banner-content\">\n\t\t\t\n\n<p class=\"cta-banner-content__item\">We would be pleased to advise you individually<\/p>\n\n\n\n<h4 class=\"wp-block-heading cta-banner-content__item\"><br>Your competent partner with a full range for everyone who counts, packs, transports or stores\u2026 <\/h4>\n\n\n\n<div class=\"wp-block-buttons cta-banner-content__item is-layout-flex wp-block-buttons-is-layout-flex\">\n<div class=\"wp-block-button is-style-outline is-style-outline--1 advgb-dyn-2c73a945\"><a class=\"wp-block-button__link has-text-color wp-element-button\" href=\"https:\/\/www.orfix.com\/en\/contact\/\" style=\"color:#ba0c2f\">Contact us<\/a><\/div>\n\n\n\n<div class=\"wp-block-button btn__bg--red advgb-dyn-f9c6ccb9\"><a class=\"wp-block-button__link has-white-color has-text-color has-background wp-element-button\" href=\"https:\/\/www.orfix.com\/en\/areas-of-excellence-products\/\" style=\"background-color:#ba0c2f\" rel=\"areas-of-excellence-products\">Products<\/a><\/div>\n\n\n\n<div class=\"wp-block-button btn__bg--red advgb-dyn-242b2900\"><a class=\"wp-block-button__link has-white-color has-text-color has-background wp-element-button\" href=\"https:\/\/shop.orfix.com\/\" style=\"background-color:#ba0c2f\" target=\"_blank\" rel=\"noreferrer noopener\">Shop<\/a><\/div>\n<\/div>\n\n\t<\/div>\n\n<\/div>\n\n\n\n<p><\/p>\n\n<\/div>\n","protected":false},"excerpt":{"rendered":"<p><a class=\"btn btn-secondary understrap-read-more-link\" href=\"https:\/\/www.orfix.com\/sr\/oblasti-strucnosti-proizvodi\/sigurnosno-pakovanje\/sigurnosne-vezice-za-visekratne-torbe\/\">Read More&#8230;<\/a><\/p>\n","protected":false},"author":36,"featured_media":0,"parent":7021,"menu_order":0,"comment_status":"closed","ping_status":"closed","template":"","meta":{"_acf_changed":false,"om_disable_all_campaigns":false,"inline_featured_image":false,"advgb_blocks_editor_width":"","advgb_blocks_columns_visual_guide":"","_monsterinsights_skip_tracking":false,"_monsterinsights_sitenote_active":false,"_monsterinsights_sitenote_note":"","_monsterinsights_sitenote_category":0,"_uf_show_specific_survey":0,"_uf_disable_surveys":false,"footnotes":""},"class_list":["post-7299","page","type-page","status-publish","hentry"],"acf":[],"aioseo_notices":[],"coauthors":[],"author_meta":{"author_link":"https:\/\/www.orfix.com\/sr\/author\/mgendelmeyer\/","display_name":"Malte Gendelmeyer"},"relative_dates":{"created":"Posted 5 \u0433\u043e\u0434\u0438\u043d\u0430 ago","modified":"Updated 5 \u0433\u043e\u0434\u0438\u043d\u0430 ago"},"absolute_dates":{"created":"Posted on 30. \u043d\u043e\u0432\u0435\u043c\u0431\u0430\u0440 2020","modified":"Updated on 14. \u0434\u0435\u0446\u0435\u043c\u0431\u0430\u0440 2020"},"absolute_dates_time":{"created":"Posted on 30. \u043d\u043e\u0432\u0435\u043c\u0431\u0430\u0440 2020 16:09","modified":"Updated on 14. \u0434\u0435\u0446\u0435\u043c\u0431\u0430\u0440 2020 14:58"},"featured_img_caption":"","featured_img":false,"series_order":"","_links":{"self":[{"href":"https:\/\/www.orfix.com\/sr\/wp-json\/wp\/v2\/pages\/7299","targetHints":{"allow":["GET"]}}],"collection":[{"href":"https:\/\/www.orfix.com\/sr\/wp-json\/wp\/v2\/pages"}],"about":[{"href":"https:\/\/www.orfix.com\/sr\/wp-json\/wp\/v2\/types\/page"}],"author":[{"embeddable":true,"href":"https:\/\/www.orfix.com\/sr\/wp-json\/wp\/v2\/users\/36"}],"replies":[{"embeddable":true,"href":"https:\/\/www.orfix.com\/sr\/wp-json\/wp\/v2\/comments?post=7299"}],"version-history":[{"count":4,"href":"https:\/\/www.orfix.com\/sr\/wp-json\/wp\/v2\/pages\/7299\/revisions"}],"predecessor-version":[{"id":11077,"href":"https:\/\/www.orfix.com\/sr\/wp-json\/wp\/v2\/pages\/7299\/revisions\/11077"}],"up":[{"embeddable":true,"href":"https:\/\/www.orfix.com\/sr\/wp-json\/wp\/v2\/pages\/7021"}],"wp:attachment":[{"href":"https:\/\/www.orfix.com\/sr\/wp-json\/wp\/v2\/media?parent=7299"}],"curies":[{"name":"wp","href":"https:\/\/api.w.org\/{rel}","templated":true}]}}