{"id":7075,"date":"2020-11-09T13:59:57","date_gmt":"2020-11-09T12:59:57","guid":{"rendered":"http:\/\/orfix.netzkunst24.de\/?page_id=7075"},"modified":"2025-12-06T01:59:18","modified_gmt":"2025-12-06T00:59:18","slug":"papir-za-automatsko-pakovanje-kovanica","status":"publish","type":"page","link":"https:\/\/www.orfix.com\/sr\/oblasti-strucnosti-proizvodi\/pakovanje-novca\/papir-za-automatsko-pakovanje-kovanica\/","title":{"rendered":"Papir za automatsko pakovanje kovanica"},"content":{"rendered":"<div class=\"wp-bootstrap-blocks-container container-fluid mb-5 custom_container custom_container--big custom_container--banner\">\n\t\n<div class=\"wp-bootstrap-blocks-row row custom_row custom_row--center\">\n\t\n\n<div class=\"col-12 col-md-12 custom_slider custom_slider__banner custom-banner-img\">\n\t\t\t\n\n<figure class=\"wp-block-image size-full desktop-banner\"><img loading=\"lazy\" decoding=\"async\" width=\"2133\" height=\"577\" src=\"https:\/\/www.orfix.com\/wp-content\/uploads\/2024\/05\/orfix_Header_Banner_CashPackaging_Automatic-Coin-Rolls_SER_1024x277.jpg\" alt=\"Papir za automatsko pakovanje kovanica orfix na srpskoj stranici\" class=\"wp-image-23366\" srcset=\"https:\/\/www.orfix.com\/wp-content\/uploads\/2024\/05\/orfix_Header_Banner_CashPackaging_Automatic-Coin-Rolls_SER_1024x277.jpg 2133w, https:\/\/www.orfix.com\/wp-content\/uploads\/2024\/05\/orfix_Header_Banner_CashPackaging_Automatic-Coin-Rolls_SER_1024x277-768x208.jpg 768w, https:\/\/www.orfix.com\/wp-content\/uploads\/2024\/05\/orfix_Header_Banner_CashPackaging_Automatic-Coin-Rolls_SER_1024x277-1536x416.jpg 1536w, https:\/\/www.orfix.com\/wp-content\/uploads\/2024\/05\/orfix_Header_Banner_CashPackaging_Automatic-Coin-Rolls_SER_1024x277-2048x554.jpg 2048w\" sizes=\"auto, (max-width: 2133px) 100vw, 2133px\" \/><\/figure>\n\n\n\n\n\t<\/div>\n\n<\/div>\n\n\n<div class=\"wp-bootstrap-blocks-row row custom_row custom_row--center\">\n\t\n\n<div class=\"col-12 col-md-12 custom_slider custom_slider__banner custom-banner-img\">\n\t\t\t\n\n<figure class=\"wp-block-image size-full mobile-banner\"><img loading=\"lazy\" decoding=\"async\" width=\"1583\" height=\"1250\" src=\"https:\/\/www.orfix.com\/wp-content\/uploads\/2024\/05\/orfix_Mobile_Banner-CashPackaging_Automatic-Coin-Rolls_SER_760x650.jpg\" alt=\"Papir za automatsko pakovanje kovanica u raznim denominacijama\" class=\"wp-image-23372\" srcset=\"https:\/\/www.orfix.com\/wp-content\/uploads\/2024\/05\/orfix_Mobile_Banner-CashPackaging_Automatic-Coin-Rolls_SER_760x650.jpg 1583w, https:\/\/www.orfix.com\/wp-content\/uploads\/2024\/05\/orfix_Mobile_Banner-CashPackaging_Automatic-Coin-Rolls_SER_760x650-768x606.jpg 768w, https:\/\/www.orfix.com\/wp-content\/uploads\/2024\/05\/orfix_Mobile_Banner-CashPackaging_Automatic-Coin-Rolls_SER_760x650-1536x1213.jpg 1536w\" sizes=\"auto, (max-width: 1583px) 100vw, 1583px\" \/><\/figure>\n\n\n\n\n\t<\/div>\n\n<\/div>\n\n<\/div>\n\n\n\n<div class=\"wp-block-group\"><div class=\"wp-block-group__inner-container is-layout-constrained wp-block-group-is-layout-constrained\">\n<div class=\"wp-block-columns is-layout-flex wp-container-core-columns-is-layout-9d6595d7 wp-block-columns-is-layout-flex\">\n<div class=\"wp-block-column is-layout-flow wp-block-column-is-layout-flow\">\n<h1 class=\"wp-block-heading has-text-color\" style=\"color:#002855;font-size:30px\">Papir za automatsko pakovanje kovanica<\/h1>\n<\/div>\n<\/div>\n\n\n\n<p class=\"has-text-color has-medium-font-size\" style=\"color:#002855\">orfix papir za automatsko pakovanje kovanica je deo na\u0161e osnovne kompetecije &#8220;Pakovanje novca&#8221;. \u0160iroki asortiman visokokvalitetnih proizvoda za pakovanje novca nudi re\u0161enja koja ispunjavanju sve medjunarodne standarde i smernice. Sa iskustvom i znanjem orfix i Nemacka centralna banka su razvili trenutno va\u017ee\u0107e standarde za karike za novac i papir za pakovanje kovanica. Boje papira za pakovanje kovanica po denominaciji su deo tih sandarda. &nbsp;<\/p>\n\n\n\n<p style=\"font-size:20px\">Na\u0161e rolne za automatsko pakovanje dostupne su u dve visokokvalitetne vrste papira: <strong>recikla\u017enom papiru<\/strong>, ekskluzivno razvijenom za orfix i obojenom u osam standardnih boja \u2013 ekolo\u0161ki prihvatljivom i \u0161tedljivom u pogledu resursa \u2013 i <strong>kraft papiru<\/strong>, koji se mo\u017ee prilagoditi individualnim potrebama.<\/p>\n\n\n\n<p style=\"font-size:20px\">Rolne su pogodene za sve uobi\u010dajene ma\u0161ine za rolovanje (<strong>Glory, Laurel, South Automation<\/strong>) i odlikuju se konstantno visokim kvalitetom. Specijalna prevlaka na ivicama spre\u010dava tro\u0161enje \u010depova, smanjuje habanje i time \u0161tedi vreme i tro\u0161kove.<\/p>\n\n\n\n<div style=\"height:50px\" aria-hidden=\"true\" class=\"wp-block-spacer\"><\/div>\n<\/div><\/div>\n\n\n\n<div class=\"wp-block-columns is-layout-flex wp-container-core-columns-is-layout-9d6595d7 wp-block-columns-is-layout-flex\">\n<div class=\"wp-block-column is-layout-flow wp-block-column-is-layout-flow\">\n<figure class=\"wp-block-image size-full\"><img loading=\"lazy\" decoding=\"async\" width=\"1164\" height=\"781\" src=\"https:\/\/www.orfix.com\/wp-content\/uploads\/2024\/08\/orfix-Automatenrollen-stehend-alle-Sorten.jpg\" alt=\"\" class=\"wp-image-29540\" srcset=\"https:\/\/www.orfix.com\/wp-content\/uploads\/2024\/08\/orfix-Automatenrollen-stehend-alle-Sorten.jpg 1164w, https:\/\/www.orfix.com\/wp-content\/uploads\/2024\/08\/orfix-Automatenrollen-stehend-alle-Sorten-768x515.jpg 768w\" sizes=\"auto, (max-width: 1164px) 100vw, 1164px\" \/><\/figure>\n<\/div>\n\n\n\n<div class=\"wp-block-column is-layout-flow wp-block-column-is-layout-flow\">\n<figure class=\"wp-block-image size-full\"><img loading=\"lazy\" decoding=\"async\" width=\"2560\" height=\"1707\" src=\"https:\/\/www.orfix.com\/wp-content\/uploads\/2024\/08\/shutterstock_1237782889-scaled.jpg\" alt=\"\" class=\"wp-image-29497\" srcset=\"https:\/\/www.orfix.com\/wp-content\/uploads\/2024\/08\/shutterstock_1237782889-scaled.jpg 2560w, https:\/\/www.orfix.com\/wp-content\/uploads\/2024\/08\/shutterstock_1237782889-768x512.jpg 768w, https:\/\/www.orfix.com\/wp-content\/uploads\/2024\/08\/shutterstock_1237782889-1536x1024.jpg 1536w, https:\/\/www.orfix.com\/wp-content\/uploads\/2024\/08\/shutterstock_1237782889-2048x1365.jpg 2048w\" sizes=\"auto, (max-width: 2560px) 100vw, 2560px\" \/><\/figure>\n<\/div>\n\n\n\n<div class=\"wp-block-column is-layout-flow wp-block-column-is-layout-flow\">\n<figure class=\"wp-block-image size-full\"><img loading=\"lazy\" decoding=\"async\" width=\"1167\" height=\"790\" src=\"https:\/\/www.orfix.com\/wp-content\/uploads\/2024\/08\/orfix-Automatenrolllen-individuell-bedruckt-.jpg\" alt=\"\" class=\"wp-image-29552\" srcset=\"https:\/\/www.orfix.com\/wp-content\/uploads\/2024\/08\/orfix-Automatenrolllen-individuell-bedruckt-.jpg 1167w, https:\/\/www.orfix.com\/wp-content\/uploads\/2024\/08\/orfix-Automatenrolllen-individuell-bedruckt--768x520.jpg 768w\" sizes=\"auto, (max-width: 1167px) 100vw, 1167px\" \/><\/figure>\n<\/div>\n<\/div>\n\n\n\n<h2 class=\"wp-block-heading has-text-color has-link-color wp-elements-69d4cf7813a025eed7a2375bce13882b\" style=\"color:#002855;font-size:30px\">Prednosti na prvi pogled:<\/h2>\n\n\n<div class=\"wp-bootstrap-blocks-container container mb-2\">\n\t\n\n<div class=\"wp-block-columns is-layout-flex wp-container-core-columns-is-layout-9d6595d7 wp-block-columns-is-layout-flex\">\n<div class=\"wp-block-column is-layout-flow wp-block-column-is-layout-flow\">\n<ul class=\"wp-block-list\">\n<li class=\"has-medium-font-size\">Dostupno u dve visokokvalitetne vrste papira:<br><br>1. <strong>Papir za recikla\u017eu<\/strong> ekskluzivno razvijen za orfix, obojen u osam standardnih boja. Ekolo\u0161ki prihvatljiv i \u0161tedljiv u pogledu resursa.<br><br>2. <strong>Kraft papir<\/strong> za individualno oblikovanje<\/li>\n\n\n\n<li class=\"has-medium-font-size\">Pogodno za sve uobi\u010dajene ma\u0161ine za rolovanje: <strong>Glory, Laurel, South Automation<\/strong><\/li>\n<\/ul>\n<\/div>\n\n\n\n<div class=\"wp-block-column is-layout-flow wp-block-column-is-layout-flow\">\n<ul class=\"wp-block-list\">\n<li class=\"has-medium-font-size\">Konstantno visok kvalitet<\/li>\n\n\n\n<li class=\"has-medium-font-size\">Specijalni premaz na ivicama spre\u010dava tro\u0161enje \u010depova, smanjuje habanje i time \u0161tedi vreme i tro\u0161kove<\/li>\n\n\n\n<li class=\"has-medium-font-size\">Ponovo zatvaraju\u0107a etiketa za rolne<\/li>\n\n\n\n<li class=\"has-medium-font-size\">Mogu\u0107nosti individualnog dizajniranja<\/li>\n<\/ul>\n\n\n\n<div class=\"wp-block-columns is-layout-flex wp-container-core-columns-is-layout-9d6595d7 wp-block-columns-is-layout-flex\">\n<div class=\"wp-block-column is-layout-flow wp-block-column-is-layout-flow\">\n<p>*Iz licenciiranih izvora:<\/p>\n\n\n\n<div class=\"wp-block-columns is-layout-flex wp-container-core-columns-is-layout-9d6595d7 wp-block-columns-is-layout-flex\">\n<div class=\"wp-block-column is-layout-flow wp-block-column-is-layout-flow\">\n<figure class=\"wp-block-image size-full\"><img loading=\"lazy\" decoding=\"async\" width=\"171\" height=\"213\" src=\"https:\/\/www.orfix.com\/wp-content\/uploads\/2024\/08\/FSC-Logo-klein-2.jpg\" alt=\"\" class=\"wp-image-29728\"\/><\/figure>\n<\/div>\n\n\n\n<div class=\"wp-block-column is-layout-flow wp-block-column-is-layout-flow\">\n<figure class=\"wp-block-image size-full\"><img loading=\"lazy\" decoding=\"async\" width=\"1181\" height=\"1181\" src=\"https:\/\/www.orfix.com\/wp-content\/uploads\/2024\/08\/orfix-Nachhaltigkeitssignet-rz.png\" alt=\"\" class=\"wp-image-29736\" srcset=\"https:\/\/www.orfix.com\/wp-content\/uploads\/2024\/08\/orfix-Nachhaltigkeitssignet-rz.png 1181w, https:\/\/www.orfix.com\/wp-content\/uploads\/2024\/08\/orfix-Nachhaltigkeitssignet-rz-768x768.png 768w\" sizes=\"auto, (max-width: 1181px) 100vw, 1181px\" \/><\/figure>\n<\/div>\n<\/div>\n<\/div>\n\n\n\n<div class=\"wp-block-column is-layout-flow wp-block-column-is-layout-flow\"><\/div>\n<\/div>\n<\/div>\n<\/div>\n\n<\/div>\n\n\n<div class=\"wp-bootstrap-blocks-container container-fluid mb-5 custom_container custom_container--middle\">\n\t\n<div class=\"wp-bootstrap-blocks-row row custom-row__cta-contact\">\n\t\n\n<div class=\"col-12 col-md-6\">\n\t\t\t\n\n<figure class=\"wp-block-image size-full\"><img loading=\"lazy\" decoding=\"async\" width=\"1028\" height=\"584\" src=\"https:\/\/www.orfix.com\/wp-content\/uploads\/2024\/08\/Automatenrollen-Produktdetails.jpg\" alt=\"\" class=\"wp-image-29517\" srcset=\"https:\/\/www.orfix.com\/wp-content\/uploads\/2024\/08\/Automatenrollen-Produktdetails.jpg 1028w, https:\/\/www.orfix.com\/wp-content\/uploads\/2024\/08\/Automatenrollen-Produktdetails-768x436.jpg 768w\" sizes=\"auto, (max-width: 1028px) 100vw, 1028px\" \/><\/figure>\n\n\t<\/div>\n\n\n\n<div class=\"col-12 col-md-6\">\n\t\t\t\n\n<h2 class=\"wp-block-heading has-text-color\" style=\"color:#002855;font-size:30px\">orfix rolne za automatsko pakovanje \u2013 detalji proizvoda:<\/h2>\n\n\n\n<ol class=\"wp-block-list\">\n<li class=\"has-medium-font-size\">Vrednost rolne<\/li>\n\n\n\n<li class=\"has-medium-font-size\">Broj nov\u010di\u0107a<\/li>\n\n\n\n<li class=\"has-medium-font-size\">Vrsta nov\u010di\u0107a<\/li>\n\n\n\n<li class=\"has-medium-font-size\">Otisak firme (ID br.) \u2013 opcionalno<\/li>\n<\/ol>\n\n\t<\/div>\n\n<\/div>\n\n<\/div>\n\n\n\n<div style=\"height:20px\" aria-hidden=\"true\" class=\"wp-block-spacer\"><\/div>\n\n\n<div class=\"wp-bootstrap-blocks-container container-fluid mb-5 custom_container custom_container--middle\">\n\t\n<div class=\"wp-bootstrap-blocks-row row custom-row__cta-contact\">\n\t\n\n<div class=\"col-12 col-md-6\">\n\t\t\t\n\n<div style=\"height:20px\" aria-hidden=\"true\" class=\"wp-block-spacer\"><\/div>\n\n\n\n<figure class=\"wp-block-image size-full is-resized\"><img loading=\"lazy\" decoding=\"async\" width=\"1215\" height=\"638\" src=\"https:\/\/www.orfix.com\/wp-content\/uploads\/2024\/08\/mehrere-orfix-Automatenrollen.jpg\" alt=\"\" class=\"wp-image-29529\" style=\"width:452px;height:auto\" srcset=\"https:\/\/www.orfix.com\/wp-content\/uploads\/2024\/08\/mehrere-orfix-Automatenrollen.jpg 1215w, https:\/\/www.orfix.com\/wp-content\/uploads\/2024\/08\/mehrere-orfix-Automatenrollen-768x403.jpg 768w\" sizes=\"auto, (max-width: 1215px) 100vw, 1215px\" \/><\/figure>\n\n\t<\/div>\n\n\n\n<div class=\"col-12 col-md-6\">\n\t\t\t\n\n<div style=\"height:20px\" aria-hidden=\"true\" class=\"wp-block-spacer\"><\/div>\n\n\n\n<h2 class=\"wp-block-heading\" style=\"font-size:30px\">Mogu\u0107e personalizacije:<\/h2>\n\n\n\n<div class=\"wp-block-columns is-layout-flex wp-container-core-columns-is-layout-9d6595d7 wp-block-columns-is-layout-flex\">\n<div class=\"wp-block-column is-layout-flow wp-block-column-is-layout-flow\">\n<ul class=\"wp-block-list\">\n<li class=\"has-medium-font-size\">Personalizovani otisak, npr. sa:<br><br>a.) Individualnim tekstom, dizajnom<br>b.) Identifikacioni broj<br>c.) Logo<br>d.) Barkod<\/li>\n<\/ul>\n<\/div>\n\n\n\n<div class=\"wp-block-column is-layout-flow wp-block-column-is-layout-flow\">\n<p class=\"has-medium-font-size\"><\/p>\n\n\n\n<ul class=\"wp-block-list\">\n<li class=\"has-medium-font-size\">\u0160irina rolne<\/li>\n\n\n\n<li class=\"has-medium-font-size\">Du\u017eina rolne<\/li>\n\n\n\n<li class=\"has-medium-font-size\">Boja papira<\/li>\n<\/ul>\n<\/div>\n<\/div>\n\n\t<\/div>\n\n<\/div>\n\n<\/div>\n\n\n\n<div style=\"height:50px\" aria-hidden=\"true\" class=\"wp-block-spacer\"><\/div>\n\n\n\n<div class=\"wp-block-columns is-layout-flex wp-container-core-columns-is-layout-9d6595d7 wp-block-columns-is-layout-flex\">\n<div class=\"wp-block-column is-layout-flow wp-block-column-is-layout-flow\">\n<h2 class=\"wp-block-heading has-text-color\" style=\"color:#002855;font-size:30px\">Smanjeno trenje, vreme i tro\u0161kovi<\/h2>\n\n\n\n<p class=\"has-text-color has-medium-font-size\" style=\"color:#002855\">orfix papir za automatsko pakovanje kovanica je proizveden od visokokvalietnog specijalnog papira za potpuno automatsko pakovanje kovanica. Papir za automatsko pakovanje kovanica se odlikuje visokim kvalitetom i predmet je stroge kontrole tokom proizvodnog procesa. Sirovine su razvijene i proizvode se delom ekskluzivno za orfix. Standardno kroistimo visoko kvalitetan, ekolo\u0161ki prihvatljiv reciklirani papir koji \u0161tedi resurse. Na Va\u0161 zahtev mo\u017eemo Vam ponuditi i kraft papir.&nbsp;<\/p>\n\n\n\n<p class=\"has-text-color has-medium-font-size\" style=\"color:#002855\">orfix papir za automatsko pakovanje kovanica mo\u017ee se koristiti na svim uobi\u010dajnim ma\u0161inama. Specijalan premaz ivica voskom garantuje glatku proizvodnju i spre\u010dava habanje kuka za stezanje. U saradnji sa vode\u0107im proizvo\u0111a\u010dem ma\u0161ina orfix je postavio standarde za papir za automatsko pakovanje kovanica.&nbsp;<\/p>\n\n\n\n<p class=\"has-text-color has-medium-font-size\" style=\"color:#002855\">orfix papir za automatsko pakovanje kovanica ima standardne \u0161irine za pakovanje Eura  i isporu\u010duje se u dizini od 150m ili 300m.  Druge \u0161irine ili du\u017eine, personalizacija za druge denominacije su mogu\u0107e na zahtev. <\/p>\n<\/div>\n<\/div>\n\n\n\n<div style=\"height:50px\" aria-hidden=\"true\" class=\"wp-block-spacer\"><\/div>\n\n\n<div class=\"wp-bootstrap-blocks-container container-fluid mb-5 custom_container custom_container--middle\">\n\t\n<div class=\"wp-bootstrap-blocks-row row custom-row__cta-contact\">\n\t\n\n<div class=\"col-12 col-md-6\">\n\t\t\t\n\n<figure class=\"wp-block-image size-large\"><img loading=\"lazy\" decoding=\"async\" width=\"471\" height=\"344\" src=\"https:\/\/www.orfix.com\/wp-content\/uploads\/2020\/10\/shutterstock_116283283_471x344px.jpg\" alt=\"\" class=\"wp-image-3327\" srcset=\"https:\/\/www.orfix.com\/wp-content\/uploads\/2020\/10\/shutterstock_116283283_471x344px.jpg 471w, https:\/\/www.orfix.com\/wp-content\/uploads\/2020\/10\/shutterstock_116283283_471x344px-300x219.jpg 300w, https:\/\/www.orfix.com\/wp-content\/uploads\/2020\/10\/shutterstock_116283283_471x344px-24x18.jpg 24w, https:\/\/www.orfix.com\/wp-content\/uploads\/2020\/10\/shutterstock_116283283_471x344px-36x26.jpg 36w, https:\/\/www.orfix.com\/wp-content\/uploads\/2020\/10\/shutterstock_116283283_471x344px-48x35.jpg 48w\" sizes=\"auto, (max-width: 471px) 100vw, 471px\" \/><figcaption>Kontaktirajte nas!<\/figcaption><\/figure>\n\n\t<\/div>\n\n\n\n<div class=\"col-12 col-md-6\">\n\t\t\t\n<div class=\"employeeblock\">\n    <figure class=\"employeeblock__item employeeblock__item--img\">\n        <img decoding=\"async\" src=\"\" alt=\"\" \/>\n    <\/figure>\n    <div class=\"employeeblock__item employeeblock__item--content\">\n        <h2 class=\"name\">Kontakt<\/h2>\n        <p class=\"position\"><\/p>\n        <p><a class=\"link link--has-icon link--has-icon--mail\" href=\"mailto:info@orfix.rs\">info@orfix.rs<\/a><\/p>\n        <p><a class=\"link link--has-icon link--has-icon--tel\" href=\"tel:+381(0)63267909\">+381 (0) 63 267 909<\/a><\/p>\n    <\/div>\n<\/div>\n\n\t<\/div>\n\n<\/div>\n\n<\/div>\n\n\n<div class=\"wp-bootstrap-blocks-container container-fluid mb-5 custom_container custom_container--middle\">\n\t\n<div class=\"wp-bootstrap-blocks-row row\">\n\t\n\n<div class=\"col-12 col-md-12\">\n\t\t\t\n\n<h2 class=\"wp-block-heading has-text-color advgb-dyn-b01495af\" style=\"color:#002855;font-size:30px\">orfix \u2013 Va\u0161 specijalista za proizvodnju proizvoda od papira i plastike<\/h2>\n\n\t<\/div>\n\n\n\n<div class=\"col-12 col-md-6\">\n\t\t\t\n\n<p class=\"has-medium-font-size\">Razvijamo i proizvodimo koriste\u0107i najsavremenije proizvodene metode uvek vode\u0107i ra\u010duna o Va\u0161im individualnim zahtevima ali i \u017eivotnoj sredini! Posve\u0107eni smo odr\u017eivosti, delujemo na na\u010din koji \u0161tedi resurse i emituje \u0161to je manje mogu\u0107e CO2. Za to se zala\u017ee na\u0161 menadzmet za\u0161tite \u017eivotne sredine. Od nas \u0107ete dobiti stalni, prvoklasni i sertifikovani kvalitet, mi cemo Vas inspirisati inovacijama i odli\u010dnom uslugom.<\/p>\n\n\t<\/div>\n\n\n\n<div class=\"col-12 col-md-6\">\n\t\t\t\n\n<ul class=\"wp-block-list\">\n<li class=\"has-medium-font-size\">orfix standardni proizvodi su uvek dostiupni na lageru.<\/li>\n\n\n\n<li class=\"has-medium-font-size\">orfix nudi individualno skladi\u0161tenje za personalizovane proizvode.<\/li>\n\n\n\n<li class=\"has-medium-font-size\">orfix proizvodi \u010dak i male koli\u010dine personalizovanih proizvoda.<\/li>\n\n\n\n<li class=\"has-medium-font-size\">orfix nudi kompetentan i individalan savet.<\/li>\n<\/ul>\n\n\t<\/div>\n\n<\/div>\n\n<\/div>\n\n\n\n<div style=\"height:20px\" aria-hidden=\"true\" class=\"wp-block-spacer\"><\/div>\n\n\n\n<figure class=\"wp-block-image size-full\"><img loading=\"lazy\" decoding=\"async\" width=\"2048\" height=\"600\" src=\"https:\/\/www.orfix.com\/wp-content\/uploads\/2024\/05\/orfix-Karte-2025-en.jpg\" alt=\"\" class=\"wp-image-32961\" srcset=\"https:\/\/www.orfix.com\/wp-content\/uploads\/2024\/05\/orfix-Karte-2025-en.jpg 2048w, https:\/\/www.orfix.com\/wp-content\/uploads\/2024\/05\/orfix-Karte-2025-en-768x225.jpg 768w, https:\/\/www.orfix.com\/wp-content\/uploads\/2024\/05\/orfix-Karte-2025-en-1536x450.jpg 1536w\" sizes=\"auto, (max-width: 2048px) 100vw, 2048px\" \/><\/figure>\n\n\n\n<p class=\"has-medium-font-size\">Zadovoljstvo nam je da Vas li\u010dno posavetujemo!<br><strong>Va\u0161 kompetentan partner sa kompletnim asortimanom proizvoda za sve koji se bave brojanjem, pakovanjem, prevozom ili skladi\u0161tenjem novca.<\/strong><\/p>\n\n\n\n<div style=\"height:20px\" aria-hidden=\"true\" class=\"wp-block-spacer\"><\/div>\n\n\n\n<div class=\"wp-block-buttons cta-banner-content__item is-layout-flex wp-block-buttons-is-layout-flex\">\n<div class=\"wp-block-button is-style-outline is-style-outline--1 advgb-dyn-46160751\"><a class=\"wp-block-button__link has-text-color has-medium-font-size has-custom-font-size wp-element-button\" href=\"https:\/\/www.orfix.com\/sr\/kontakt\/\" style=\"border-radius:1px;color:#ba0c2f\" target=\"_blank\" rel=\"noreferrer noopener\"><strong>Kontakt<\/strong><\/a><\/div>\n\n\n\n<div class=\"wp-block-button btn__bg--red advgb-dyn-89b5146e\"><a class=\"wp-block-button__link has-white-color has-text-color has-background has-medium-font-size has-custom-font-size wp-element-button\" href=\"https:\/\/www.orfix.com\/sr\/oblasti-strucnosti-proizvodi\/\" style=\"border-radius:1px;background-color:#ba0c2f\"><strong>Proizvodi<\/strong><\/a><\/div>\n<\/div>\n\n\n\n<div style=\"height:20px\" aria-hidden=\"true\" class=\"wp-block-spacer\"><\/div>\n","protected":false},"excerpt":{"rendered":"<p>Papir za automatsko pakovanje kovanica orfix papir za automatsko pakovanje kovanica je deo na\u0161e osnovne kompetecije &#8220;Pakovanje novca&#8221;. \u0160iroki asortiman visokokvalitetnih proizvoda za pakovanje novca nudi re\u0161enja koja ispunjavanju sve medjunarodne standarde i smernice. Sa iskustvom i znanjem orfix i Nemacka centralna banka su razvili trenutno va\u017ee\u0107e standarde za karike za novac i papir za<\/p>\n<p><a class=\"btn btn-secondary understrap-read-more-link\" href=\"https:\/\/www.orfix.com\/sr\/oblasti-strucnosti-proizvodi\/pakovanje-novca\/papir-za-automatsko-pakovanje-kovanica\/\">Read More&#8230;<\/a><\/p>\n","protected":false},"author":36,"featured_media":0,"parent":606,"menu_order":3,"comment_status":"closed","ping_status":"closed","template":"","meta":{"_acf_changed":false,"om_disable_all_campaigns":false,"inline_featured_image":false,"advgb_blocks_editor_width":"","advgb_blocks_columns_visual_guide":"","_monsterinsights_skip_tracking":false,"_monsterinsights_sitenote_active":false,"_monsterinsights_sitenote_note":"","_monsterinsights_sitenote_category":0,"_uf_show_specific_survey":0,"_uf_disable_surveys":false,"footnotes":""},"class_list":["post-7075","page","type-page","status-publish","hentry"],"acf":[],"aioseo_notices":[],"coauthors":[],"author_meta":{"author_link":"https:\/\/www.orfix.com\/sr\/author\/mgendelmeyer\/","display_name":"Malte Gendelmeyer"},"relative_dates":{"created":"Posted 5 \u0433\u043e\u0434\u0438\u043d\u0430 ago","modified":"Updated 5 \u043c\u0435\u0441\u0435\u0446\u0438 ago"},"absolute_dates":{"created":"Posted on 9. \u043d\u043e\u0432\u0435\u043c\u0431\u0430\u0440 2020","modified":"Updated on 6. \u0434\u0435\u0446\u0435\u043c\u0431\u0430\u0440 2025"},"absolute_dates_time":{"created":"Posted on 9. \u043d\u043e\u0432\u0435\u043c\u0431\u0430\u0440 2020 13:59","modified":"Updated on 6. \u0434\u0435\u0446\u0435\u043c\u0431\u0430\u0440 2025 1:59"},"featured_img_caption":"","featured_img":false,"series_order":"","_links":{"self":[{"href":"https:\/\/www.orfix.com\/sr\/wp-json\/wp\/v2\/pages\/7075","targetHints":{"allow":["GET"]}}],"collection":[{"href":"https:\/\/www.orfix.com\/sr\/wp-json\/wp\/v2\/pages"}],"about":[{"href":"https:\/\/www.orfix.com\/sr\/wp-json\/wp\/v2\/types\/page"}],"author":[{"embeddable":true,"href":"https:\/\/www.orfix.com\/sr\/wp-json\/wp\/v2\/users\/36"}],"replies":[{"embeddable":true,"href":"https:\/\/www.orfix.com\/sr\/wp-json\/wp\/v2\/comments?post=7075"}],"version-history":[{"count":35,"href":"https:\/\/www.orfix.com\/sr\/wp-json\/wp\/v2\/pages\/7075\/revisions"}],"predecessor-version":[{"id":32681,"href":"https:\/\/www.orfix.com\/sr\/wp-json\/wp\/v2\/pages\/7075\/revisions\/32681"}],"up":[{"embeddable":true,"href":"https:\/\/www.orfix.com\/sr\/wp-json\/wp\/v2\/pages\/606"}],"wp:attachment":[{"href":"https:\/\/www.orfix.com\/sr\/wp-json\/wp\/v2\/media?parent=7075"}],"curies":[{"name":"wp","href":"https:\/\/api.w.org\/{rel}","templated":true}]}}