{"id":7064,"date":"2020-11-09T13:57:50","date_gmt":"2020-11-09T12:57:50","guid":{"rendered":"http:\/\/orfix.netzkunst24.de\/?page_id=7064"},"modified":"2025-12-06T01:51:42","modified_gmt":"2025-12-06T00:51:42","slug":"rfid-sigurnosne-kese","status":"publish","type":"page","link":"https:\/\/www.orfix.com\/sr\/oblasti-strucnosti-proizvodi\/pakovanje-novca\/rfid-sigurnosne-kese\/","title":{"rendered":"RFID Sigurnosne kese"},"content":{"rendered":"<div class=\"wp-bootstrap-blocks-container container-fluid mb-5 custom_container custom_container--big custom_container--banner\">\n\t\n<div class=\"wp-bootstrap-blocks-row row custom_row custom_row--center\">\n\t\n\n<div class=\"col-12 col-md-12 custom_slider custom_slider__banner custom-banner-img\">\n\t\t\t\n\n<figure class=\"wp-block-image size-full desktop-banner\"><img loading=\"lazy\" decoding=\"async\" width=\"2560\" height=\"692\" src=\"https:\/\/www.orfix.com\/wp-content\/uploads\/2024\/05\/orfix_Header_Banner_CashPackaging_RFID_Safebags_SER_1024x277-scaled.jpg\" alt=\"RFID sigurnosne kese orfix za personalizovanu upotrebu\" class=\"wp-image-26917\" srcset=\"https:\/\/www.orfix.com\/wp-content\/uploads\/2024\/05\/orfix_Header_Banner_CashPackaging_RFID_Safebags_SER_1024x277-scaled.jpg 2560w, https:\/\/www.orfix.com\/wp-content\/uploads\/2024\/05\/orfix_Header_Banner_CashPackaging_RFID_Safebags_SER_1024x277-768x208.jpg 768w, https:\/\/www.orfix.com\/wp-content\/uploads\/2024\/05\/orfix_Header_Banner_CashPackaging_RFID_Safebags_SER_1024x277-1536x415.jpg 1536w, https:\/\/www.orfix.com\/wp-content\/uploads\/2024\/05\/orfix_Header_Banner_CashPackaging_RFID_Safebags_SER_1024x277-2048x554.jpg 2048w\" sizes=\"auto, (max-width: 2560px) 100vw, 2560px\" \/><\/figure>\n\n\n\n\n\t<\/div>\n\n<\/div>\n\n\n<div class=\"wp-bootstrap-blocks-row row custom_row custom_row--center\">\n\t\n\n<div class=\"col-12 col-md-12 custom_slider custom_slider__banner custom-banner-img\">\n\t\t\t\n\n<figure class=\"wp-block-image size-full mobile-banner\"><img loading=\"lazy\" decoding=\"async\" width=\"1583\" height=\"1250\" src=\"https:\/\/www.orfix.com\/wp-content\/uploads\/2024\/05\/orfix_Mobile_Banner_CashPackaging_RFID_Safebags_SER_750x650.jpg\" alt=\"RFID sigurnosne kese orfix sa novcem i karticama\" class=\"wp-image-26923\" srcset=\"https:\/\/www.orfix.com\/wp-content\/uploads\/2024\/05\/orfix_Mobile_Banner_CashPackaging_RFID_Safebags_SER_750x650.jpg 1583w, https:\/\/www.orfix.com\/wp-content\/uploads\/2024\/05\/orfix_Mobile_Banner_CashPackaging_RFID_Safebags_SER_750x650-768x606.jpg 768w, https:\/\/www.orfix.com\/wp-content\/uploads\/2024\/05\/orfix_Mobile_Banner_CashPackaging_RFID_Safebags_SER_750x650-1536x1213.jpg 1536w\" sizes=\"auto, (max-width: 1583px) 100vw, 1583px\" \/><\/figure>\n\n\n\n\n\t<\/div>\n\n<\/div>\n\n<\/div>\n\n\n\n<h2 class=\"wp-block-heading\" style=\"font-size:30px\">RFID Saigurnosne kese<\/h2>\n\n\n\n<p class=\"has-medium-font-size\"><\/p>\n\n\n\n<div style=\"height:50px\" aria-hidden=\"true\" class=\"wp-block-spacer\"><\/div>\n\n\n<div class=\"wp-bootstrap-blocks-container container-fluid mb-5 custom_container custom_container--middle\">\n\t\n<div class=\"wp-bootstrap-blocks-row row\">\n\t\n\n<div class=\"col-12 col-md-4\">\n\t\t\t\n\n<figure class=\"wp-block-image size-large\"><img loading=\"lazy\" decoding=\"async\" width=\"365\" height=\"257\" src=\"https:\/\/www.orfix.com\/wp-content\/uploads\/2020\/11\/Overviewblock_products_cash-packaging_RFID-Safebags3.jpg\" alt=\"\" class=\"wp-image-6042\" srcset=\"https:\/\/www.orfix.com\/wp-content\/uploads\/2020\/11\/Overviewblock_products_cash-packaging_RFID-Safebags3.jpg 365w, https:\/\/www.orfix.com\/wp-content\/uploads\/2020\/11\/Overviewblock_products_cash-packaging_RFID-Safebags3-300x211.jpg 300w, https:\/\/www.orfix.com\/wp-content\/uploads\/2020\/11\/Overviewblock_products_cash-packaging_RFID-Safebags3-24x17.jpg 24w, https:\/\/www.orfix.com\/wp-content\/uploads\/2020\/11\/Overviewblock_products_cash-packaging_RFID-Safebags3-36x25.jpg 36w, https:\/\/www.orfix.com\/wp-content\/uploads\/2020\/11\/Overviewblock_products_cash-packaging_RFID-Safebags3-48x34.jpg 48w\" sizes=\"auto, (max-width: 365px) 100vw, 365px\" \/><\/figure>\n\n\n\n<p class=\"has-medium-font-size\">RFID je skra\u0107enica za automatsku identifikaciju i lokalizaciju objekata i podataka pomo\u0107u elektromagnetnih talasa. &nbsp;<\/p>\n\n\t<\/div>\n\n\n\n<div class=\"col-12 col-md-4\">\n\t\t\t\n\n<figure class=\"wp-block-image size-large\"><img loading=\"lazy\" decoding=\"async\" width=\"365\" height=\"257\" src=\"https:\/\/www.orfix.com\/wp-content\/uploads\/2020\/11\/Overviewblock_products_cash-packaging_RFID-Safebags1.jpg\" alt=\"\" class=\"wp-image-6056\" srcset=\"https:\/\/www.orfix.com\/wp-content\/uploads\/2020\/11\/Overviewblock_products_cash-packaging_RFID-Safebags1.jpg 365w, https:\/\/www.orfix.com\/wp-content\/uploads\/2020\/11\/Overviewblock_products_cash-packaging_RFID-Safebags1-300x211.jpg 300w, https:\/\/www.orfix.com\/wp-content\/uploads\/2020\/11\/Overviewblock_products_cash-packaging_RFID-Safebags1-24x17.jpg 24w, https:\/\/www.orfix.com\/wp-content\/uploads\/2020\/11\/Overviewblock_products_cash-packaging_RFID-Safebags1-36x25.jpg 36w, https:\/\/www.orfix.com\/wp-content\/uploads\/2020\/11\/Overviewblock_products_cash-packaging_RFID-Safebags1-48x34.jpg 48w\" sizes=\"auto, (max-width: 365px) 100vw, 365px\" \/><\/figure>\n\n\n\n<p class=\"has-medium-font-size\">RFID se moze koristiti za registraciju gotovine. Pored razli\u010ditih RFID sistema \u010dipova opremljenih senzorskom tehnologijom, odgovaraju\u0107ih ugra\u0111enih modula \u010dita\u010da zidova i stolova,  <\/p>\n\n\t<\/div>\n\n\n\n<div class=\"col-12 col-md-4\">\n\t\t\t\n\n<figure class=\"wp-block-image size-large\"><img loading=\"lazy\" decoding=\"async\" width=\"365\" height=\"257\" src=\"https:\/\/www.orfix.com\/wp-content\/uploads\/2020\/11\/Overviewblock_products_cash-packaging_RFID-Safebags2.jpg\" alt=\"\" class=\"wp-image-6049\" srcset=\"https:\/\/www.orfix.com\/wp-content\/uploads\/2020\/11\/Overviewblock_products_cash-packaging_RFID-Safebags2.jpg 365w, https:\/\/www.orfix.com\/wp-content\/uploads\/2020\/11\/Overviewblock_products_cash-packaging_RFID-Safebags2-300x211.jpg 300w, https:\/\/www.orfix.com\/wp-content\/uploads\/2020\/11\/Overviewblock_products_cash-packaging_RFID-Safebags2-24x17.jpg 24w, https:\/\/www.orfix.com\/wp-content\/uploads\/2020\/11\/Overviewblock_products_cash-packaging_RFID-Safebags2-36x25.jpg 36w, https:\/\/www.orfix.com\/wp-content\/uploads\/2020\/11\/Overviewblock_products_cash-packaging_RFID-Safebags2-48x34.jpg 48w\" sizes=\"auto, (max-width: 365px) 100vw, 365px\" \/><\/figure>\n\n\n\n<p class=\"has-medium-font-size\">&#8230; tako\u0111e nudimo RFID transpondere koji se lako mogu integrisati u postoja\u0107e sisteme upravljanja robom.<\/p>\n\n\t<\/div>\n\n<\/div>\n\n<\/div>\n\n\n<div class=\"wp-bootstrap-blocks-container container-fluid mb-5 custom_container custom_container--small\">\n\t\n<div class=\"wp-bootstrap-blocks-row row\">\n\t\n\n<div class=\"col-12 col-md-12\">\n\t\t\t\n\n<h2 class=\"wp-block-heading\" style=\"font-size:30px\">Kori\u0161\u0107enje na\u0161ih sigurnosnih kesa u konbinaciji sa RFID tehnologijom omogu\u0107ava Vam u\u0161tedu vremena i osoblja kroz masovnu obradu. &nbsp;<\/h2>\n\n\n\n<ul class=\"wp-block-list\">\n<li class=\"has-medium-font-size\">Individualno proizvedeni i programirani prema Va\u0161im specifikacijama. <\/li>\n<\/ul>\n\n\n\n<p><\/p>\n\n\t<\/div>\n\n<\/div>\n\n<\/div>\n\n\n<div class=\"wp-bootstrap-blocks-container container-fluid mb-5 custom_container custom_container--middle\">\n\t\n<div class=\"wp-bootstrap-blocks-row row\">\n\t\n\n<div class=\"col-12 col-md-12\">\n\t\t\t\n\n<h2 class=\"wp-block-heading\" style=\"font-size:30px\">Mogu\u0107nost personalizacije<\/h2>\n\n\t<\/div>\n\n\n\n<div class=\"col-12 col-md-6\">\n\t\t\t\n\n<ul class=\"wp-block-list\">\n<li class=\"has-medium-font-size\">Sve vrste barkodova<\/li>\n\n\n\n<li class=\"has-medium-font-size\">Dzep za dokumenta, falte, perforacija, ise\u010dak, ru\u010dka, mo\u017ee biti proizvedena prema Va\u0161em zahtevu &nbsp;<\/li>\n\n\n\n<li class=\"has-medium-font-size\">Individualna, personalizovana \u0161tampa do 6 boja<\/li>\n<\/ul>\n\n\t<\/div>\n\n\n\n<div class=\"col-12 col-md-6\">\n\t\t\t\n\n<ul class=\"wp-block-list\">\n<li class=\"has-medium-font-size\">Folija smanjene debljine sa identi\u010dnim mehani\u010dkim karakteristikama radi pove\u0107anja ekonomi\u010dnosti (manja te\u017eina, lak\u0161e pakovanje i skladi\u0161tenje)&nbsp;&nbsp;<\/li>\n\n\n\n<li class=\"has-medium-font-size\">Dostupne u recikliranom i Blue Angel&nbsp;kvalitetu<\/li>\n<\/ul>\n\n\t<\/div>\n\n<\/div>\n\n<\/div>\n\n\n<div class=\"wp-bootstrap-blocks-container container-fluid mb-5 custom_container custom_container--small\">\n\t\n<div class=\"wp-bootstrap-blocks-row row\">\n\t\n\n<div class=\"col-12\">\n\t\t\t\t<\/div>\n\n\n\n<div class=\"col-12 col-md-12\">\n\t\t\t\n\n<h2 class=\"wp-block-heading\" style=\"font-size:30px\">Komplementarni proizvodi<\/h2>\n\n\t<\/div>\n\n\n\n<div class=\"col-12\">\n\t\t\t\n\n<ul class=\"wp-block-list list--no-img-point\">\n<li class=\"has-medium-font-size\"><a href=\"https:\/\/www.orfix.com\/sr\/oblasti-strucnosti-proizvodi\/pakovanje-novca\/karike-za-novac-na-rolni\/\">Karike za novac na rolni<\/a><\/li>\n\n\n\n<li class=\"has-medium-font-size\"><a href=\"https:\/\/www.orfix.com\/sr\/oblasti-strucnosti-proizvodi\/pakovanje-novca\/karike-za-novac\/\" class=\"ek-link\">Karike za novac<\/a><\/li>\n<\/ul>\n\n\t<\/div>\n\n<\/div>\n\n<\/div>\n\n\n<div class=\"wp-bootstrap-blocks-container container-fluid mb-5 custom_container custom_container--middle\">\n\t\n<div class=\"wp-bootstrap-blocks-row row custom-row__cta-contact\">\n\t\n\n<div class=\"col-12 col-md-6\">\n\t\t\t\n\n<figure class=\"wp-block-image size-large\"><img loading=\"lazy\" decoding=\"async\" width=\"471\" height=\"344\" src=\"https:\/\/www.orfix.com\/wp-content\/uploads\/2020\/10\/shutterstock_116283283_471x344px.jpg\" alt=\"\" class=\"wp-image-3327\" srcset=\"https:\/\/www.orfix.com\/wp-content\/uploads\/2020\/10\/shutterstock_116283283_471x344px.jpg 471w, https:\/\/www.orfix.com\/wp-content\/uploads\/2020\/10\/shutterstock_116283283_471x344px-300x219.jpg 300w, https:\/\/www.orfix.com\/wp-content\/uploads\/2020\/10\/shutterstock_116283283_471x344px-24x18.jpg 24w, https:\/\/www.orfix.com\/wp-content\/uploads\/2020\/10\/shutterstock_116283283_471x344px-36x26.jpg 36w, https:\/\/www.orfix.com\/wp-content\/uploads\/2020\/10\/shutterstock_116283283_471x344px-48x35.jpg 48w\" sizes=\"auto, (max-width: 471px) 100vw, 471px\" \/><figcaption>Kontaktirajte nas!<\/figcaption><\/figure>\n\n\t<\/div>\n\n\n\n<div class=\"col-12 col-md-6\">\n\t\t\t\n<div class=\"employeeblock\">\n    <figure class=\"employeeblock__item employeeblock__item--img\">\n        <img decoding=\"async\" src=\"\" alt=\"\" \/>\n    <\/figure>\n    <div class=\"employeeblock__item employeeblock__item--content\">\n        <h2 class=\"name\">Kontakt<\/h2>\n        <p class=\"position\"><\/p>\n        <p><a class=\"link link--has-icon link--has-icon--mail\" href=\"mailto:info@orfix.rs\">info@orfix.rs<\/a><\/p>\n        <p><a class=\"link link--has-icon link--has-icon--tel\" href=\"tel:+381(0)63267909\">+381 (0) 63 267 909<\/a><\/p>\n    <\/div>\n<\/div>\n\n\t<\/div>\n\n<\/div>\n\n<\/div>\n\n\n<div class=\"wp-bootstrap-blocks-container container-fluid mb-5 custom_container custom_container--middle\">\n\t\n<div class=\"wp-bootstrap-blocks-row row\">\n\t\n\n<div class=\"col-12 col-md-12\">\n\t\t\t\n\n<h2 class=\"wp-block-heading advgb-dyn-61d96dab\" style=\"font-size:30px\">orfix &#8211; Va\u0161 specijalista za proizvodnju proizvoda od papira i plastike<\/h2>\n\n\t<\/div>\n\n\n\n<div class=\"col-12 col-md-6\">\n\t\t\t\n\n<p class=\"has-medium-font-size\">Razvijamo i proizvodimo koriste\u0107i najsavremenije proizvodene metode uvek vode\u0107i ra\u010duna o Va\u0161im individualnim zahtevima ali i \u017eivotnoj sredini! Posve\u0107eni smo odr\u017eivosti, delujemo na na\u010din koji \u0161tedi resurse i emituje \u0161to je manje mogu\u0107e CO2. Za to se zala\u017ee na\u0161 menadzmet za\u0161tite \u017eivotne sredine.  Od nas \u0107ete dobiti stalni, prvoklasni i sertifikovani kvalitet, mi cemo Vas inspirisati inovacijama i odli\u010dnom uslugom. <\/p>\n\n\t<\/div>\n\n\n\n<div class=\"col-12 col-md-6\">\n\t\t\t\n\n<ul class=\"wp-block-list\">\n<li class=\"has-medium-font-size\">orfix standardni proizvodi su uvek dostiupni na lageru.<\/li>\n\n\n\n<li class=\"has-medium-font-size\">orfix nudi individualno skladi\u0161tenje za personalizovane proizvode. <\/li>\n\n\n\n<li class=\"has-medium-font-size\">orfix proizvodi \u010dak i male koli\u010dine personalizovanih proizvoda.<\/li>\n\n\n\n<li class=\"has-medium-font-size\">orfix nudi kompetentan i individalan savet. <\/li>\n<\/ul>\n\n\t<\/div>\n\n<\/div>\n\n<\/div>\n\n\n\n<div style=\"height:20px\" aria-hidden=\"true\" class=\"wp-block-spacer\"><\/div>\n\n\n\n<figure class=\"wp-block-image size-full\"><img loading=\"lazy\" decoding=\"async\" width=\"2048\" height=\"600\" src=\"https:\/\/www.orfix.com\/wp-content\/uploads\/2024\/05\/orfix-Karte-2025-en.jpg\" alt=\"\" class=\"wp-image-32961\" srcset=\"https:\/\/www.orfix.com\/wp-content\/uploads\/2024\/05\/orfix-Karte-2025-en.jpg 2048w, https:\/\/www.orfix.com\/wp-content\/uploads\/2024\/05\/orfix-Karte-2025-en-768x225.jpg 768w, https:\/\/www.orfix.com\/wp-content\/uploads\/2024\/05\/orfix-Karte-2025-en-1536x450.jpg 1536w\" sizes=\"auto, (max-width: 2048px) 100vw, 2048px\" \/><\/figure>\n\n\n\n<p class=\"has-medium-font-size\">Zadovoljstvo nam je da Vas li\u010dno posavetujemo!<br><strong>Va\u0161 kompetentan partner sa kompletnim asortimanom proizvoda za sve koji se bave brojanjem, pakovanjem, prevozom ili skladi\u0161tenjem novca.<\/strong><\/p>\n\n\n\n<div style=\"height:20px\" aria-hidden=\"true\" class=\"wp-block-spacer\"><\/div>\n\n\n\n<div class=\"wp-block-buttons cta-banner-content__item is-layout-flex wp-block-buttons-is-layout-flex\">\n<div class=\"wp-block-button is-style-outline is-style-outline--1 advgb-dyn-46160751\"><a class=\"wp-block-button__link has-text-color has-medium-font-size has-custom-font-size wp-element-button\" href=\"https:\/\/www.orfix.com\/sr\/kontakt\/\" style=\"border-radius:1px;color:#ba0c2f\" target=\"_blank\" rel=\"noreferrer noopener\"><strong>Kontakt<\/strong><\/a><\/div>\n\n\n\n<div class=\"wp-block-button btn__bg--red advgb-dyn-89b5146e\"><a class=\"wp-block-button__link has-white-color has-text-color has-background has-medium-font-size has-custom-font-size wp-element-button\" href=\"https:\/\/www.orfix.com\/sr\/oblasti-strucnosti-proizvodi\/\" style=\"border-radius:1px;background-color:#ba0c2f\"><strong>Proizvodi<\/strong><\/a><\/div>\n<\/div>\n\n\n\n<div style=\"height:20px\" aria-hidden=\"true\" class=\"wp-block-spacer\"><\/div>\n","protected":false},"excerpt":{"rendered":"<p>RFID Saigurnosne kese<\/p>\n<p><a class=\"btn btn-secondary understrap-read-more-link\" href=\"https:\/\/www.orfix.com\/sr\/oblasti-strucnosti-proizvodi\/pakovanje-novca\/rfid-sigurnosne-kese\/\">Read More&#8230;<\/a><\/p>\n","protected":false},"author":36,"featured_media":0,"parent":606,"menu_order":2,"comment_status":"closed","ping_status":"closed","template":"","meta":{"_acf_changed":false,"om_disable_all_campaigns":false,"inline_featured_image":false,"advgb_blocks_editor_width":"","advgb_blocks_columns_visual_guide":"","_monsterinsights_skip_tracking":false,"_monsterinsights_sitenote_active":false,"_monsterinsights_sitenote_note":"","_monsterinsights_sitenote_category":0,"_uf_show_specific_survey":0,"_uf_disable_surveys":false,"footnotes":""},"class_list":["post-7064","page","type-page","status-publish","hentry"],"acf":[],"aioseo_notices":[],"coauthors":[],"author_meta":{"author_link":"https:\/\/www.orfix.com\/sr\/author\/mgendelmeyer\/","display_name":"Malte Gendelmeyer"},"relative_dates":{"created":"Posted 5 \u0433\u043e\u0434\u0438\u043d\u0430 ago","modified":"Updated 5 \u043c\u0435\u0441\u0435\u0446\u0438 ago"},"absolute_dates":{"created":"Posted on 9. \u043d\u043e\u0432\u0435\u043c\u0431\u0430\u0440 2020","modified":"Updated on 6. \u0434\u0435\u0446\u0435\u043c\u0431\u0430\u0440 2025"},"absolute_dates_time":{"created":"Posted on 9. \u043d\u043e\u0432\u0435\u043c\u0431\u0430\u0440 2020 13:57","modified":"Updated on 6. \u0434\u0435\u0446\u0435\u043c\u0431\u0430\u0440 2025 1:51"},"featured_img_caption":"","featured_img":false,"series_order":"","_links":{"self":[{"href":"https:\/\/www.orfix.com\/sr\/wp-json\/wp\/v2\/pages\/7064","targetHints":{"allow":["GET"]}}],"collection":[{"href":"https:\/\/www.orfix.com\/sr\/wp-json\/wp\/v2\/pages"}],"about":[{"href":"https:\/\/www.orfix.com\/sr\/wp-json\/wp\/v2\/types\/page"}],"author":[{"embeddable":true,"href":"https:\/\/www.orfix.com\/sr\/wp-json\/wp\/v2\/users\/36"}],"replies":[{"embeddable":true,"href":"https:\/\/www.orfix.com\/sr\/wp-json\/wp\/v2\/comments?post=7064"}],"version-history":[{"count":15,"href":"https:\/\/www.orfix.com\/sr\/wp-json\/wp\/v2\/pages\/7064\/revisions"}],"predecessor-version":[{"id":32674,"href":"https:\/\/www.orfix.com\/sr\/wp-json\/wp\/v2\/pages\/7064\/revisions\/32674"}],"up":[{"embeddable":true,"href":"https:\/\/www.orfix.com\/sr\/wp-json\/wp\/v2\/pages\/606"}],"wp:attachment":[{"href":"https:\/\/www.orfix.com\/sr\/wp-json\/wp\/v2\/media?parent=7064"}],"curies":[{"name":"wp","href":"https:\/\/api.w.org\/{rel}","templated":true}]}}