{"id":7013,"date":"2020-11-09T13:44:53","date_gmt":"2020-11-09T12:44:53","guid":{"rendered":"http:\/\/orfix.netzkunst24.de\/?page_id=7013"},"modified":"2026-01-06T17:36:54","modified_gmt":"2026-01-06T16:36:54","slug":"oblasti-strucnosti-proizvodi","status":"publish","type":"page","link":"https:\/\/www.orfix.com\/sr\/oblasti-strucnosti-proizvodi\/","title":{"rendered":"Oblasti stru\u010dnosti &#8211; Proizvodi"},"content":{"rendered":"<div class=\"wp-bootstrap-blocks-container container-fluid mb-5 custom_container custom_container--big custom_container--banner\">\n\t\n<div class=\"wp-bootstrap-blocks-row row custom_row custom_row--center\">\n\t\n\n<div class=\"col-12 col-md-12 custom_slider custom-banner-img custom_slider__banner\">\n\t\t\t\n\n<figure class=\"wp-block-image size-full desktop-banner\"><img loading=\"lazy\" decoding=\"async\" width=\"2560\" height=\"692\" src=\"https:\/\/www.orfix.com\/wp-content\/uploads\/2024\/05\/orfix_Header_Banner_Products_SER_1024x277-scaled.jpg\" alt=\"Proizvodi za pakovanje novca i sigurne ambala\u017ee orfix\" class=\"wp-image-26885\" srcset=\"https:\/\/www.orfix.com\/wp-content\/uploads\/2024\/05\/orfix_Header_Banner_Products_SER_1024x277-scaled.jpg 2560w, https:\/\/www.orfix.com\/wp-content\/uploads\/2024\/05\/orfix_Header_Banner_Products_SER_1024x277-768x208.jpg 768w, https:\/\/www.orfix.com\/wp-content\/uploads\/2024\/05\/orfix_Header_Banner_Products_SER_1024x277-1536x415.jpg 1536w, https:\/\/www.orfix.com\/wp-content\/uploads\/2024\/05\/orfix_Header_Banner_Products_SER_1024x277-2048x554.jpg 2048w\" sizes=\"auto, (max-width: 2560px) 100vw, 2560px\" \/><\/figure>\n\n\n\n\n\t<\/div>\n\n<\/div>\n\n\n<div class=\"wp-bootstrap-blocks-row row custom_row custom_row--center\">\n\t\n\n<div class=\"col-12 col-md-12 custom_slider custom-banner-img custom_slider__banner\">\n\t\t\t\n\n<figure class=\"wp-block-image size-full mobile-banner\"><img loading=\"lazy\" decoding=\"async\" width=\"1583\" height=\"1250\" src=\"https:\/\/www.orfix.com\/wp-content\/uploads\/2024\/05\/orfix_Mobile_Banner_Products_SER_760x650.jpg\" alt=\"Proizvodi orfix za sigurnosnu ambala\u017eu, uklju\u010duju\u0107i plombe i koverte\" class=\"wp-image-26891\" srcset=\"https:\/\/www.orfix.com\/wp-content\/uploads\/2024\/05\/orfix_Mobile_Banner_Products_SER_760x650.jpg 1583w, https:\/\/www.orfix.com\/wp-content\/uploads\/2024\/05\/orfix_Mobile_Banner_Products_SER_760x650-768x606.jpg 768w, https:\/\/www.orfix.com\/wp-content\/uploads\/2024\/05\/orfix_Mobile_Banner_Products_SER_760x650-1536x1213.jpg 1536w\" sizes=\"auto, (max-width: 1583px) 100vw, 1583px\" \/><\/figure>\n\n\n\n\n\t<\/div>\n\n<\/div>\n\n<\/div>\n\n\n\n<div class=\"wp-block-columns is-layout-flex wp-container-core-columns-is-layout-9d6595d7 wp-block-columns-is-layout-flex\">\n<div class=\"wp-block-column is-layout-flow wp-block-column-is-layout-flow\">\n<h1 class=\"wp-block-heading has-text-color\" style=\"color:#002855;font-size:30px\">Oblasti stru\u010dnosti &#8211; Proizvodi<\/h1>\n\n\n\n<p class=\"has-medium-font-size\">orfix poseduje znanje i vi\u0161egodi\u0161nje iskustvo u oblastima <a href=\"https:\/\/www.orfix.com\/sr\/oblasti-strucnosti-proizvodi\/pakovanje-novca\/\" target=\"_blank\" rel=\"noreferrer noopener\">Pakovanja novca<\/a>, <a href=\"https:\/\/www.orfix.com\/sr\/oblasti-strucnosti-proizvodi\/sigurnosno-pakovanje\/\" target=\"_blank\" rel=\"noreferrer noopener\" class=\"ek-link\">Sigurnosnog pakovanja<\/a>, <a href=\"https:\/\/www.orfix.com\/about-us\/industrial-packaging\/\" class=\"ek-link\">Industrijsko pakovanje<\/a> i &#8220;<a href=\"https:\/\/www.orfix.com\/sr\/oblasti-strucnosti-proizvodi\/ambalaza-za-hranu\/\" class=\"ek-link\">Ambala\u017ea za hranu<\/a>&#8221; (pametne za\u0161tite).<br><\/p>\n\n\n\n<p class=\"has-medium-font-size\">orfix&nbsp;proizvodi daju optimalne performanse i odlikuju se visokim kvalitetom. Ve\u0107i deo na\u0161ih proizvoda razvija se i proizvodi u na\u0161im fabrikama. To nam omogu\u0107ava efikasnu i ekonomi\u010dnu implemenatciju individualnih zahteva za personalizaciju proizvoda kao i brzu reakciju.<\/p>\n\n\n\n<p class=\"has-medium-font-size\">orfix&nbsp;je sna\u017ean partner za sve koji su odgovorni sa sigurnost i za\u0161titu. <\/p>\n\n\n\n<div style=\"height:50px\" aria-hidden=\"true\" class=\"wp-block-spacer\"><\/div>\n\n\n\n<div class=\"wp-block-columns is-layout-flex wp-container-core-columns-is-layout-9d6595d7 wp-block-columns-is-layout-flex\">\n<div class=\"wp-block-column is-layout-flow wp-block-column-is-layout-flow\">\n<div class=\"wp-block-columns is-layout-flex wp-container-core-columns-is-layout-9d6595d7 wp-block-columns-is-layout-flex\">\n<div class=\"wp-block-column has-text-color is-layout-flow wp-block-column-is-layout-flow\" style=\"color:#002855\">\n  <a href=\"\/sr\/oblasti-strucnosti-proizvodi\/pakovanje-novca\/\" class=\"newlink\">\n    <div class=\"over_view_block \">\n\n      \t<img decoding=\"async\" src=\"https:\/\/www.orfix.com\/wp-content\/uploads\/2024\/05\/orfix-startseite-teaser-cash-packaging.jpg\" alt=\"Endless roll of banknote bands and a bundle of cash secured with a banknote band\n\n\n\n\n\n\n\" class=\"over_view_block__item over_view_block__item--img\" \/>\n\n\t     <div class=\"over_view_block__item over_view_block__item--content\">\n\n          <h2>Pakovanje novca<\/h2>\n          <p>orfix visokokvalitetni proizvodi za pakovanje novca nude re\u0161enja optimizovana za upotrebu u skladu sa svim me\u0111unarodnjim standardima \u0161tede\u0107i vreme i novac. <\/p>\n                    <span class=\"over_view_block__cta\"><img decoding=\"async\" src=\"\/wp-content\/uploads\/2020\/09\/orfix_icon_arrow.svg\" \/><\/span>\n           \u00a0 \u00a0 \u00a0 \u00a0<\/div>\n\n<\/div><\/a> <\/div>\n\n\n\n<div class=\"wp-block-column is-layout-flow wp-block-column-is-layout-flow\">\n  <a href=\"\/de\/leistungsbereiche-produkte\/security-packaging\/\" class=\"newlink\">\n    <div class=\"over_view_block \">\n\n      \t<img decoding=\"async\" src=\"https:\/\/www.orfix.com\/wp-content\/uploads\/2024\/05\/orfix-startseite-teaser-security-packaging.jpg\" alt=\"orfix tamper-evident safebags with security seals and security bands\" class=\"over_view_block__item over_view_block__item--img\" \/>\n\n\t     <div class=\"over_view_block__item over_view_block__item--content\">\n\n          <h2>Sigurnosno pakovanje <\/h2>\n          <p>orfix Sigurnosna pakovanja garantuju siguran transport i skladi\u0161tenje proizvoda u \u0161irokom spektru industrija poput medicine, prehrambene industrije, avijacije, poljoprivrede i internet trgovine.<\/p>\n                    <span class=\"over_view_block__cta\"><img decoding=\"async\" src=\"\/wp-content\/uploads\/2020\/09\/orfix_icon_arrow.svg\" \/><\/span>\n           \u00a0 \u00a0 \u00a0 \u00a0<\/div>\n\n<\/div><\/a> <\/div>\n<\/div>\n<\/div>\n\n\n\n<div class=\"wp-block-column is-layout-flow wp-block-column-is-layout-flow\">\n<div class=\"wp-block-columns is-layout-flex wp-container-core-columns-is-layout-9d6595d7 wp-block-columns-is-layout-flex\">\n<div class=\"wp-block-column is-layout-flow wp-block-column-is-layout-flow\">\n  <a href=\"https:\/\/www.orfix.com\/about-us\/industrial-packaging\/\" class=\"newlink\">\n    <div class=\"over_view_block \">\n\n      \t<img decoding=\"async\" src=\"https:\/\/www.orfix.com\/wp-content\/uploads\/2024\/05\/orfix-startseite-teaser-industrial-packaging.jpg\" alt=\"Film roll on a flexographic printing press for orfix industrial packaging solutions\" class=\"over_view_block__item over_view_block__item--img\" \/>\n\n\t     <div class=\"over_view_block__item over_view_block__item--content\">\n\n          <h2>Industrijsko pakovanje<\/h2>\n          <p>orfix postavlja standarde u pogledu kvaliteta i primenljivosti za sigurne od manipulacije, odr\u017eive (Link ka stranici Odr\u017eivost) i prilago\u0111ene korisni\u010dke re\u0161enja za oblasti pakovanja, slanja i transporta.\r\n\r\n\r\n\r\n\r\n\r\n<\/p>\n                    <span class=\"over_view_block__cta\"><img decoding=\"async\" src=\"\/wp-content\/uploads\/2020\/09\/orfix_icon_arrow.svg\" \/><\/span>\n           \u00a0 \u00a0 \u00a0 \u00a0<\/div>\n\n<\/div><\/a> <\/div>\n\n\n\n<div class=\"wp-block-column is-layout-flow wp-block-column-is-layout-flow\">\n  <a href=\"\/sr\/oblasti-strucnosti-proizvodi\/ambalaza-za-hranu\/\" class=\"newlink\">\n    <div class=\"over_view_block \">\n\n      \t<img decoding=\"async\" src=\"https:\/\/www.orfix.com\/wp-content\/uploads\/2026\/01\/orfix-startseite-teaser-food-packaging2.jpg\" alt=\"orfix-startseite-teaser-food-packaging2\" class=\"over_view_block__item over_view_block__item--img\" \/>\n\n\t     <div class=\"over_view_block__item over_view_block__item--content\">\n\n          <h2>Ambala\u017ea za hranu<\/h2>\n          <p>Na\u0161a ambala\u017ea i ma\u0161ine za hranu nude vrhunski kvalitet. Istra\u017eite inovativna i ekolo\u0161ka re\u0161enja za pakovanje koja nudi kompanija orfix.<\/p>\n                    <span class=\"over_view_block__cta\"><img decoding=\"async\" src=\"\/wp-content\/uploads\/2020\/09\/orfix_icon_arrow.svg\" \/><\/span>\n           \u00a0 \u00a0 \u00a0 \u00a0<\/div>\n\n<\/div><\/a> <\/div>\n<\/div>\n<\/div>\n<\/div>\n<\/div>\n<\/div>\n\n\n<div class=\"wp-bootstrap-blocks-container container-fluid mb-5 custom_container custom_container--middle\">\n\t\n<div class=\"wp-bootstrap-blocks-row row custom-row__cta-contact\">\n\t\n\n<div class=\"col-12 col-md-6\">\n\t\t\t\n\n<figure class=\"wp-block-image size-large\"><img loading=\"lazy\" decoding=\"async\" width=\"471\" height=\"344\" src=\"https:\/\/www.orfix.com\/wp-content\/uploads\/2020\/10\/shutterstock_116283283_471x344px.jpg\" alt=\"\" class=\"wp-image-3327\" srcset=\"https:\/\/www.orfix.com\/wp-content\/uploads\/2020\/10\/shutterstock_116283283_471x344px.jpg 471w, https:\/\/www.orfix.com\/wp-content\/uploads\/2020\/10\/shutterstock_116283283_471x344px-300x219.jpg 300w, https:\/\/www.orfix.com\/wp-content\/uploads\/2020\/10\/shutterstock_116283283_471x344px-24x18.jpg 24w, https:\/\/www.orfix.com\/wp-content\/uploads\/2020\/10\/shutterstock_116283283_471x344px-36x26.jpg 36w, https:\/\/www.orfix.com\/wp-content\/uploads\/2020\/10\/shutterstock_116283283_471x344px-48x35.jpg 48w\" sizes=\"auto, (max-width: 471px) 100vw, 471px\" \/><figcaption>Kontaktirajte nas!<\/figcaption><\/figure>\n\n\t<\/div>\n\n\n\n<div class=\"col-12 col-md-6\">\n\t\t\t\n<div class=\"employeeblock\">\n    <figure class=\"employeeblock__item employeeblock__item--img\">\n        <img decoding=\"async\" src=\"\" alt=\"\" \/>\n    <\/figure>\n    <div class=\"employeeblock__item employeeblock__item--content\">\n        <h2 class=\"name\">Kontakt<\/h2>\n        <p class=\"position\"><\/p>\n        <p><a class=\"link link--has-icon link--has-icon--mail\" href=\"mailto:info@orfix.rs\">info@orfix.rs<\/a><\/p>\n        <p><a class=\"link link--has-icon link--has-icon--tel\" href=\"tel:+381(0)63267909\">+381 (0) 63 267 909<\/a><\/p>\n    <\/div>\n<\/div>\n\n\t<\/div>\n\n<\/div>\n\n<\/div>\n\n\n<div class=\"wp-bootstrap-blocks-container container-fluid mb-5 custom_container custom_container--middle\">\n\t\n<div class=\"wp-bootstrap-blocks-row row\">\n\t\n\n<div class=\"col-12 col-md-12\">\n\t\t\t\n\n<h2 class=\"wp-block-heading advgb-dyn-61d96dab\" style=\"font-size:30px\">orfix &#8211; Va\u0161 specijalista za proizvodnju proizvoda od papira i plastike<\/h2>\n\n\t<\/div>\n\n\n\n<div class=\"col-12 col-md-6\">\n\t\t\t\n\n<p class=\"has-medium-font-size\">Razvijamo i proizvodimo koriste\u0107i najsavremenije proizvodene metode uvek vode\u0107i ra\u010duna o Va\u0161im individualnim zahtevima ali i \u017eivotnoj sredini! Posve\u0107eni smo odr\u017eivosti, delujemo na na\u010din koji \u0161tedi resurse i emituje \u0161to je manje mogu\u0107e CO2. Za to se zala\u017ee na\u0161 menadzmet za\u0161tite \u017eivotne sredine.  Od nas \u0107ete dobiti stalni, prvoklasni i sertifikovani kvalitet, mi cemo Vas inspirisati inovacijama i odli\u010dnom uslugom. <\/p>\n\n\t<\/div>\n\n\n\n<div class=\"col-12 col-md-6\">\n\t\t\t\n\n<ul class=\"wp-block-list\">\n<li class=\"has-medium-font-size\">orfix standardni proizvodi su uvek dostiupni na lageru.<\/li>\n\n\n\n<li class=\"has-medium-font-size\">orfix nudi individualno skladi\u0161tenje za personalizovane proizvode. <\/li>\n\n\n\n<li class=\"has-medium-font-size\">orfix proizvodi \u010dak i male koli\u010dine personalizovanih proizvoda.<\/li>\n\n\n\n<li class=\"has-medium-font-size\">orfix nudi kompetentan i individalan savet. <\/li>\n<\/ul>\n\n\t<\/div>\n\n<\/div>\n\n<\/div>\n\n\n\n<div style=\"height:20px\" aria-hidden=\"true\" class=\"wp-block-spacer\"><\/div>\n\n\n\n<figure class=\"wp-block-image size-full\"><img loading=\"lazy\" decoding=\"async\" width=\"2048\" height=\"600\" src=\"https:\/\/www.orfix.com\/wp-content\/uploads\/2024\/05\/orfix-Karte-2025-en.jpg\" alt=\"\" class=\"wp-image-32961\" srcset=\"https:\/\/www.orfix.com\/wp-content\/uploads\/2024\/05\/orfix-Karte-2025-en.jpg 2048w, https:\/\/www.orfix.com\/wp-content\/uploads\/2024\/05\/orfix-Karte-2025-en-768x225.jpg 768w, https:\/\/www.orfix.com\/wp-content\/uploads\/2024\/05\/orfix-Karte-2025-en-1536x450.jpg 1536w\" sizes=\"auto, (max-width: 2048px) 100vw, 2048px\" \/><\/figure>\n\n\n\n<p class=\"has-medium-font-size\">Zadovoljstvo nam je da Vas li\u010dno posavetujemo!<br><strong>Va\u0161 kompetentan partner sa kompletnim asortimanom proizvoda za sve koji se bave brojanjem, pakovanjem, prevozom ili skladi\u0161tenjem novca.<\/strong><\/p>\n\n\n\n<div style=\"height:20px\" aria-hidden=\"true\" class=\"wp-block-spacer\"><\/div>\n\n\n\n<div class=\"wp-block-buttons cta-banner-content__item is-layout-flex wp-block-buttons-is-layout-flex\">\n<div class=\"wp-block-button is-style-outline is-style-outline--1 advgb-dyn-46160751\"><a class=\"wp-block-button__link has-text-color has-medium-font-size has-custom-font-size wp-element-button\" href=\"https:\/\/www.orfix.com\/sr\/kontakt\/\" style=\"border-radius:1px;color:#ba0c2f\" target=\"_blank\" rel=\"noreferrer noopener\"><strong>Kontakt<\/strong><\/a><\/div>\n\n\n\n<div class=\"wp-block-button btn__bg--red advgb-dyn-89b5146e\"><a class=\"wp-block-button__link has-white-color has-text-color has-background has-medium-font-size has-custom-font-size wp-element-button\" href=\"https:\/\/www.orfix.com\/sr\/oblasti-strucnosti-proizvodi\/\" style=\"border-radius:1px;background-color:#ba0c2f\"><strong>Proizvodi<\/strong><\/a><\/div>\n<\/div>\n\n\n\n<div style=\"height:20px\" aria-hidden=\"true\" class=\"wp-block-spacer\"><\/div>\n","protected":false},"excerpt":{"rendered":"<p>Oblasti stru\u010dnosti &#8211; Proizvodi orfix poseduje znanje i vi\u0161egodi\u0161nje iskustvo u oblastima Pakovanja novca, Sigurnosnog pakovanja, Industrijsko pakovanje i &#8220;Ambala\u017ea za hranu&#8221; (pametne za\u0161tite). orfix&nbsp;proizvodi daju optimalne performanse i odlikuju se visokim kvalitetom. Ve\u0107i deo na\u0161ih proizvoda razvija se i proizvodi u na\u0161im fabrikama. To nam omogu\u0107ava efikasnu i ekonomi\u010dnu implemenatciju individualnih zahteva za personalizaciju<\/p>\n<p><a class=\"btn btn-secondary understrap-read-more-link\" href=\"https:\/\/www.orfix.com\/sr\/oblasti-strucnosti-proizvodi\/\">Read More&#8230;<\/a><\/p>\n","protected":false},"author":36,"featured_media":0,"parent":0,"menu_order":0,"comment_status":"closed","ping_status":"closed","template":"","meta":{"_acf_changed":false,"om_disable_all_campaigns":false,"inline_featured_image":false,"advgb_blocks_editor_width":"","advgb_blocks_columns_visual_guide":"","_monsterinsights_skip_tracking":false,"_monsterinsights_sitenote_active":false,"_monsterinsights_sitenote_note":"","_monsterinsights_sitenote_category":0,"_uf_show_specific_survey":0,"_uf_disable_surveys":false,"footnotes":""},"class_list":["post-7013","page","type-page","status-publish","hentry"],"acf":[],"aioseo_notices":[],"coauthors":[],"author_meta":{"author_link":"https:\/\/www.orfix.com\/sr\/author\/mgendelmeyer\/","display_name":"Malte Gendelmeyer"},"relative_dates":{"created":"Posted 5 \u0433\u043e\u0434\u0438\u043d\u0430 ago","modified":"Updated 3 \u043c\u0435\u0441\u0435\u0446\u0430 ago"},"absolute_dates":{"created":"Posted on 9. \u043d\u043e\u0432\u0435\u043c\u0431\u0430\u0440 2020","modified":"Updated on 6. \u0458\u0430\u043d\u0443\u0430\u0440 2026"},"absolute_dates_time":{"created":"Posted on 9. \u043d\u043e\u0432\u0435\u043c\u0431\u0430\u0440 2020 13:44","modified":"Updated on 6. \u0458\u0430\u043d\u0443\u0430\u0440 2026 17:36"},"featured_img_caption":"","featured_img":false,"series_order":"","_links":{"self":[{"href":"https:\/\/www.orfix.com\/sr\/wp-json\/wp\/v2\/pages\/7013","targetHints":{"allow":["GET"]}}],"collection":[{"href":"https:\/\/www.orfix.com\/sr\/wp-json\/wp\/v2\/pages"}],"about":[{"href":"https:\/\/www.orfix.com\/sr\/wp-json\/wp\/v2\/types\/page"}],"author":[{"embeddable":true,"href":"https:\/\/www.orfix.com\/sr\/wp-json\/wp\/v2\/users\/36"}],"replies":[{"embeddable":true,"href":"https:\/\/www.orfix.com\/sr\/wp-json\/wp\/v2\/comments?post=7013"}],"version-history":[{"count":26,"href":"https:\/\/www.orfix.com\/sr\/wp-json\/wp\/v2\/pages\/7013\/revisions"}],"predecessor-version":[{"id":32917,"href":"https:\/\/www.orfix.com\/sr\/wp-json\/wp\/v2\/pages\/7013\/revisions\/32917"}],"wp:attachment":[{"href":"https:\/\/www.orfix.com\/sr\/wp-json\/wp\/v2\/media?parent=7013"}],"curies":[{"name":"wp","href":"https:\/\/api.w.org\/{rel}","templated":true}]}}