{"id":27051,"date":"2024-05-29T15:55:19","date_gmt":"2024-05-29T13:55:19","guid":{"rendered":"https:\/\/www.orfix.com\/?page_id=27051"},"modified":"2025-12-06T01:48:39","modified_gmt":"2025-12-06T00:48:39","slug":"sigurnosne-nalepnice","status":"publish","type":"page","link":"https:\/\/www.orfix.com\/sr\/oblasti-strucnosti-proizvodi\/sigurnosne-nalepnice\/","title":{"rendered":"Sigurnosne nalepnice"},"content":{"rendered":"<div class=\"wp-bootstrap-blocks-container container-fluid mb-5 custom_container custom_container--big custom_container--banner\">\n\t\n<div class=\"wp-bootstrap-blocks-row row custom_row custom_row--center\">\n\t\n\n<div class=\"col-12 col-md-12 custom_slider custom-banner-img custom_slider__banner\">\n\t\t\t\n\n<figure class=\"wp-block-image size-full mobile-banner\"><img loading=\"lazy\" decoding=\"async\" width=\"2560\" height=\"2021\" src=\"https:\/\/www.orfix.com\/wp-content\/uploads\/2024\/05\/orfix_Mobile_Banner_CashPackaging_Security-Lables_SER_760x650-scaled.jpg\" alt=\"Sigurnosne nalepnice orfix za identifikaciju i za\u0161titu proizvoda\" class=\"wp-image-27058\" srcset=\"https:\/\/www.orfix.com\/wp-content\/uploads\/2024\/05\/orfix_Mobile_Banner_CashPackaging_Security-Lables_SER_760x650-scaled.jpg 2560w, https:\/\/www.orfix.com\/wp-content\/uploads\/2024\/05\/orfix_Mobile_Banner_CashPackaging_Security-Lables_SER_760x650-768x606.jpg 768w, https:\/\/www.orfix.com\/wp-content\/uploads\/2024\/05\/orfix_Mobile_Banner_CashPackaging_Security-Lables_SER_760x650-1536x1213.jpg 1536w, https:\/\/www.orfix.com\/wp-content\/uploads\/2024\/05\/orfix_Mobile_Banner_CashPackaging_Security-Lables_SER_760x650-2048x1617.jpg 2048w\" sizes=\"auto, (max-width: 2560px) 100vw, 2560px\" \/><\/figure>\n\n\n\n\n\t<\/div>\n\n<\/div>\n\n\n<div class=\"wp-bootstrap-blocks-row row custom_row custom_row--center\">\n\t\n\n<div class=\"col-12 col-md-12 custom_slider custom-banner-img custom_slider__banner\">\n\t\t\t\n\n<figure class=\"wp-block-image size-full desktop-banner\"><img loading=\"lazy\" decoding=\"async\" width=\"2560\" height=\"692\" src=\"https:\/\/www.orfix.com\/wp-content\/uploads\/2024\/05\/orfix_Header_Banner_CashPackaging_Security-Labels_SER_1024x277-scaled.jpg\" alt=\"Sigurnosne nalepnice orfix za za\u0161titu i zatvaranje vrednih paketa.\" class=\"wp-image-27064\" srcset=\"https:\/\/www.orfix.com\/wp-content\/uploads\/2024\/05\/orfix_Header_Banner_CashPackaging_Security-Labels_SER_1024x277-scaled.jpg 2560w, https:\/\/www.orfix.com\/wp-content\/uploads\/2024\/05\/orfix_Header_Banner_CashPackaging_Security-Labels_SER_1024x277-768x208.jpg 768w, https:\/\/www.orfix.com\/wp-content\/uploads\/2024\/05\/orfix_Header_Banner_CashPackaging_Security-Labels_SER_1024x277-1536x415.jpg 1536w, https:\/\/www.orfix.com\/wp-content\/uploads\/2024\/05\/orfix_Header_Banner_CashPackaging_Security-Labels_SER_1024x277-2048x554.jpg 2048w\" sizes=\"auto, (max-width: 2560px) 100vw, 2560px\" \/><\/figure>\n\n\n\n\n\t<\/div>\n\n<\/div>\n\n<\/div>\n\n\n\n<h1 class=\"wp-block-heading has-text-color\" style=\"color:#002855;font-size:30px\">Sigurnosne nalepnice<\/h1>\n\n\n\n<p class=\"has-medium-font-size\">The orfix Sigurnosne nalepnice su samolepljive sigurnosne nalepnice sa indikatorom za otkrivanje manipulacije, barkodom i sekven\u010dnim numerisanjem.<\/p>\n\n\n\n<div style=\"height:50px\" aria-hidden=\"true\" class=\"wp-block-spacer\"><\/div>\n\n\n<div class=\"wp-bootstrap-blocks-container container-fluid mb-5 custom_container custom_container--middle\">\n\t\n<div class=\"wp-bootstrap-blocks-row row\">\n\t\n\n<div class=\"col-12\">\n\t\t\t\n\n<h2 class=\"wp-block-heading\" style=\"font-size:30px\">Na\u0161 indikator za otkrivanje manipulacije je efekat &#8220;VOID&#8221; sa sigurnosnom porukom &#8220;VOID OPENED&#8221;.&nbsp;<\/h2>\n\n\t<\/div>\n\n\n\n<div class=\"col-12 col-md-6\">\n\t\t\t\n<div class=\"wp-block-image\">\n<figure class=\"aligncenter size-large\"><img loading=\"lazy\" decoding=\"async\" width=\"600\" height=\"350\" src=\"https:\/\/www.orfix.com\/wp-content\/uploads\/2020\/10\/Void-Effekt_unbeschaedigt-600x350px-1.jpg\" alt=\"Void-Effekt\" class=\"wp-image-3946\" srcset=\"https:\/\/www.orfix.com\/wp-content\/uploads\/2020\/10\/Void-Effekt_unbeschaedigt-600x350px-1.jpg 600w, https:\/\/www.orfix.com\/wp-content\/uploads\/2020\/10\/Void-Effekt_unbeschaedigt-600x350px-1-300x175.jpg 300w, https:\/\/www.orfix.com\/wp-content\/uploads\/2020\/10\/Void-Effekt_unbeschaedigt-600x350px-1-24x14.jpg 24w, https:\/\/www.orfix.com\/wp-content\/uploads\/2020\/10\/Void-Effekt_unbeschaedigt-600x350px-1-36x21.jpg 36w, https:\/\/www.orfix.com\/wp-content\/uploads\/2020\/10\/Void-Effekt_unbeschaedigt-600x350px-1-48x28.jpg 48w\" sizes=\"auto, (max-width: 600px) 100vw, 600px\" \/><\/figure>\n<\/div>\n\t<\/div>\n\n\n\n<div class=\"col-12 col-md-6\">\n\t\t\t\n<div class=\"wp-block-image\">\n<figure class=\"aligncenter size-large\"><img loading=\"lazy\" decoding=\"async\" width=\"600\" height=\"350\" src=\"https:\/\/www.orfix.com\/wp-content\/uploads\/2020\/10\/Void-Effekt_beschaedigt-600x350px-2.jpg\" alt=\"Void-Effekt opened\" class=\"wp-image-3955\" srcset=\"https:\/\/www.orfix.com\/wp-content\/uploads\/2020\/10\/Void-Effekt_beschaedigt-600x350px-2.jpg 600w, https:\/\/www.orfix.com\/wp-content\/uploads\/2020\/10\/Void-Effekt_beschaedigt-600x350px-2-300x175.jpg 300w, https:\/\/www.orfix.com\/wp-content\/uploads\/2020\/10\/Void-Effekt_beschaedigt-600x350px-2-24x14.jpg 24w, https:\/\/www.orfix.com\/wp-content\/uploads\/2020\/10\/Void-Effekt_beschaedigt-600x350px-2-36x21.jpg 36w, https:\/\/www.orfix.com\/wp-content\/uploads\/2020\/10\/Void-Effekt_beschaedigt-600x350px-2-48x28.jpg 48w\" sizes=\"auto, (max-width: 600px) 100vw, 600px\" \/><\/figure>\n<\/div>\n\t<\/div>\n\n<\/div>\n\n<\/div>\n\n\n<div class=\"wp-bootstrap-blocks-container container-fluid mb-5 custom_container custom_container--middle\">\n\t\n<div class=\"wp-bootstrap-blocks-row row\">\n\t\n\n<div class=\"col-12\">\n\t\t\t\n<div class=\"wp-bootstrap-blocks-container container mb-0\">\n\t\n<div class=\"wp-bootstrap-blocks-row row row--applications\">\n\t\n\n<div class=\"col-12 col-md-7 col--big\">\n\t\t\t\n\n<h2 class=\"wp-block-heading\" style=\"font-size:30px\">Applications&nbsp;<\/h2>\n\n\n<div class=\"wp-bootstrap-blocks-row row\">\n\t\n\n<div class=\"col-12 col-md-6\">\n\t\t\t\n\n<ul id=\"block-298880dc-2dbf-4f12-a053-0641ffafb4a0\" class=\"wp-block-list\">\n<li class=\"has-medium-font-size\">Documents&nbsp;<\/li>\n\n\n\n<li class=\"has-medium-font-size\">Safes&nbsp;<\/li>\n\n\n\n<li class=\"has-medium-font-size\">Bags \/ Cases&nbsp;<\/li>\n\n\n\n<li class=\"has-medium-font-size\">Cash boxes&nbsp;<\/li>\n<\/ul>\n\n\t<\/div>\n\n\n\n<div class=\"col-12 col-md-6\">\n\t\t\t\n\n<ul id=\"block-323561b4-e339-45a9-b1b7-7fd943b49a25\" class=\"wp-block-list\">\n<li class=\"has-medium-font-size\">ATM (automated teller machine) cassettes&nbsp;<\/li>\n\n\n\n<li class=\"has-medium-font-size\">KEGA (Combined deposit and cashpoint) cassettes&nbsp;<\/li>\n\n\n\n<li class=\"has-medium-font-size\">and many more&nbsp;<\/li>\n<\/ul>\n\n\t<\/div>\n\n<\/div>\n\n\t<\/div>\n\n\n\n<div class=\"col-12 col-md-5 col--small\">\n\t\t\t\n\n<h2 class=\"wp-block-heading\" style=\"font-size:30px\">orfix Quality<\/h2>\n\n\n\n<p class=\"has-medium-font-size\">orfix&nbsp;security labels are subject to strict quality tests during production process. <\/p>\n\n\n\n<p class=\"has-medium-font-size\">More than 10,000 customers trust in&nbsp;orfix.<\/p>\n\n\t<\/div>\n\n<\/div>\n\n<\/div>\n\n\t<\/div>\n\n<\/div>\n\n<\/div>\n\n\n<div class=\"wp-bootstrap-blocks-container container-fluid mb-5 custom_container custom_container--small\">\n\t\n<div class=\"wp-bootstrap-blocks-row row\">\n\t\n\n<div class=\"col-12 col-md-12\">\n\t\t\t\n\n<h2 class=\"wp-block-heading\" style=\"font-size:30px\">Dostupno u slede\u0107im lepkovima:<\/h2>\n\n\t<\/div>\n\n\n\n<div class=\"col-12 col-sm-6\">\n\t\t\t\n\n<ul class=\"wp-block-list\">\n<li class=\"has-medium-font-size\">zna\u010dajnim ostacima<\/li>\n<\/ul>\n\n\t<\/div>\n\n\n\n<div class=\"col-12 col-sm-6\">\n\t\t\t\n\n<ul class=\"wp-block-list\">\n<li class=\"has-medium-font-size\">niskim ostacima<\/li>\n<\/ul>\n\n\t<\/div>\n\n\n\n<div class=\"col-12\">\n\t\t\t\n\n<p class=\"has-medium-font-size\">Standardni raspored uklju\u010duje barkod 39 ili GS1-128 (EAN-128) i sekven\u010dno numerisanje. Svi uspostavljeni barkodovi mogu biti generisani. orfix sigurnosne nalepnice su mogu\u0107e sa specijalnim natpisima, logotipovima i individualnim barkodovima.<\/p>\n\n\n\n<p class=\"has-medium-font-size\">Folija smanjene debljine sa identi\u010dnim mehani\u010dkim karakteristikama radi pobolj\u0161anja ekonomi\u010dnosti (manja te\u017eina, manji zahtevi za pakovanjem i skladi\u0161tenjem)<\/p>\n\n\t<\/div>\n\n<\/div>\n\n<\/div>\n\n\n<div class=\"wp-bootstrap-blocks-container container-fluid mb-5 custom_container custom_container--middle\">\n\t\n<div class=\"wp-bootstrap-blocks-row row\">\n\t\n\n<div class=\"col-12 col-md-12 table__wrapper\">\n\t\t\t\n\n<h2 class=\"wp-block-heading\" style=\"font-size:30px\">Na\u0161 standardni asortiman sigurnosnih nalepnica<\/h2>\n\n\n\n<table class=\"wp-block-advgb-table advgb-table-frontend is-style-stripes\"><thead><tr><th><strong><strong>Item code<\/strong><\/strong><\/th><th><strong><strong><strong>Dimensions (width x height)<\/strong><\/strong><\/strong><\/th><th><strong><strong><strong>Adhesive properties<\/strong><\/strong><\/strong><\/th><th><strong>Color<\/strong><\/th><th><strong>Standard barcodes<\/strong><\/th><\/tr><\/thead><tbody><tr><td style=\"text-align:left\">10000757<\/td><td style=\"text-align:left\">80 x 30 mm<\/td><td style=\"text-align:left\">significant residue<\/td><td>blue<\/td><td>Code 39<\/td><\/tr><tr><td style=\"text-align:left\">10000758<\/td><td style=\"text-align:left\">120 x 25 mm<\/td><td style=\"text-align:left\">significant residue<\/td><td>blue<\/td><td>Code 39, GS1-128<\/td><\/tr><tr><td style=\"text-align:left\">10000759<\/td><td style=\"text-align:left\">80 x 30 mm<\/td><td style=\"text-align:left\">low residue<\/td><td>red<\/td><td>Code 39<\/td><\/tr><tr><td style=\"text-align:left\">10000760<\/td><td style=\"text-align:left\">120 x 25 mm<\/td><td style=\"text-align:left\">low residue<\/td><td>red<\/td><td>Code 39, GS1-128<\/td><\/tr><\/tbody><\/table>\n\n\t<\/div>\n\n<\/div>\n\n<\/div>\n\n\n<div class=\"wp-bootstrap-blocks-container container-fluid mb-5 custom_container custom_container--small\">\n\t\n<div class=\"wp-bootstrap-blocks-row row\">\n\t\n\n<div class=\"col-12 col-md-12\">\n\t\t\t\n\n<h2 class=\"wp-block-heading\" style=\"font-size:30px\">Personalizacija po zahtevu<\/h2>\n\n\t<\/div>\n\n\n\n<div class=\"col-12\">\n\t\t\t\n\n<ul class=\"wp-block-list\">\n<li class=\"has-medium-font-size\">Razli\u010dite vrste barkodova i veli\u010dina<\/li>\n\n\n\n<li class=\"has-medium-font-size\">Individualni boje i \u0161tampanje<\/li>\n<\/ul>\n\n\t<\/div>\n\n<\/div>\n\n<\/div>\n\n\n<div class=\"wp-bootstrap-blocks-container container-fluid mb-5 custom_container custom_container--middle\">\n\t\n<div class=\"wp-bootstrap-blocks-row row\">\n\t\n\n<div class=\"col-12 col-md-12\">\n\t\t\t\n\n<h2 class=\"wp-block-heading advgb-dyn-61d96dab\" style=\"font-size:30px\">orfix &#8211; Va\u0161 specijalista za proizvodnju proizvoda od papira i plastike<\/h2>\n\n\t<\/div>\n\n\n\n<div class=\"col-12 col-md-6\">\n\t\t\t\n\n<p class=\"has-medium-font-size\">Razvijamo i proizvodimo koriste\u0107i najsavremenije proizvodene metode uvek vode\u0107i ra\u010duna o Va\u0161im individualnim zahtevima ali i \u017eivotnoj sredini! Posve\u0107eni smo odr\u017eivosti, delujemo na na\u010din koji \u0161tedi resurse i emituje \u0161to je manje mogu\u0107e CO2. Za to se zala\u017ee na\u0161 menadzmet za\u0161tite \u017eivotne sredine.  Od nas \u0107ete dobiti stalni, prvoklasni i sertifikovani kvalitet, mi cemo Vas inspirisati inovacijama i odli\u010dnom uslugom. <\/p>\n\n\t<\/div>\n\n\n\n<div class=\"col-12 col-md-6\">\n\t\t\t\n\n<ul class=\"wp-block-list\">\n<li class=\"has-medium-font-size\">orfix standardni proizvodi su uvek dostiupni na lageru.<\/li>\n\n\n\n<li class=\"has-medium-font-size\">orfix nudi individualno skladi\u0161tenje za personalizovane proizvode. <\/li>\n\n\n\n<li class=\"has-medium-font-size\">orfix proizvodi \u010dak i male koli\u010dine personalizovanih proizvoda.<\/li>\n\n\n\n<li class=\"has-medium-font-size\">orfix nudi kompetentan i individalan savet. <\/li>\n<\/ul>\n\n\t<\/div>\n\n<\/div>\n\n<\/div>\n\n\n\n<div style=\"height:20px\" aria-hidden=\"true\" class=\"wp-block-spacer\"><\/div>\n\n\n\n<figure class=\"wp-block-image size-full\"><img loading=\"lazy\" decoding=\"async\" width=\"2048\" height=\"600\" src=\"https:\/\/www.orfix.com\/wp-content\/uploads\/2024\/05\/orfix-Karte-2025-en.jpg\" alt=\"\" class=\"wp-image-32961\" srcset=\"https:\/\/www.orfix.com\/wp-content\/uploads\/2024\/05\/orfix-Karte-2025-en.jpg 2048w, https:\/\/www.orfix.com\/wp-content\/uploads\/2024\/05\/orfix-Karte-2025-en-768x225.jpg 768w, https:\/\/www.orfix.com\/wp-content\/uploads\/2024\/05\/orfix-Karte-2025-en-1536x450.jpg 1536w\" sizes=\"auto, (max-width: 2048px) 100vw, 2048px\" \/><\/figure>\n\n\n\n<p class=\"has-medium-font-size\">Zadovoljstvo nam je da Vas li\u010dno posavetujemo!<br><strong>Va\u0161 kompetentan partner sa kompletnim asortimanom proizvoda za sve koji se bave brojanjem, pakovanjem, prevozom ili skladi\u0161tenjem novca.<\/strong><\/p>\n\n\n\n<div style=\"height:20px\" aria-hidden=\"true\" class=\"wp-block-spacer\"><\/div>\n\n\n\n<div class=\"wp-block-buttons cta-banner-content__item is-layout-flex wp-block-buttons-is-layout-flex\">\n<div class=\"wp-block-button is-style-outline is-style-outline--1 advgb-dyn-46160751\"><a class=\"wp-block-button__link has-text-color has-medium-font-size has-custom-font-size wp-element-button\" href=\"https:\/\/www.orfix.com\/sr\/kontakt\/\" style=\"border-radius:1px;color:#ba0c2f\" target=\"_blank\" rel=\"noreferrer noopener\"><strong>Kontakt<\/strong><\/a><\/div>\n\n\n\n<div class=\"wp-block-button btn__bg--red advgb-dyn-89b5146e\"><a class=\"wp-block-button__link has-white-color has-text-color has-background has-medium-font-size has-custom-font-size wp-element-button\" href=\"https:\/\/www.orfix.com\/sr\/oblasti-strucnosti-proizvodi\/\" style=\"border-radius:1px;background-color:#ba0c2f\"><strong>Proizvodi<\/strong><\/a><\/div>\n<\/div>\n\n\n\n<div style=\"height:20px\" aria-hidden=\"true\" class=\"wp-block-spacer\"><\/div>\n","protected":false},"excerpt":{"rendered":"<p>Sigurnosne nalepnice The orfix Sigurnosne nalepnice su samolepljive sigurnosne nalepnice sa indikatorom za otkrivanje manipulacije, barkodom i sekven\u010dnim numerisanjem.<\/p>\n<p><a class=\"btn btn-secondary understrap-read-more-link\" href=\"https:\/\/www.orfix.com\/sr\/oblasti-strucnosti-proizvodi\/sigurnosne-nalepnice\/\">Read More&#8230;<\/a><\/p>\n","protected":false},"author":35,"featured_media":0,"parent":7013,"menu_order":1,"comment_status":"closed","ping_status":"closed","template":"","meta":{"_acf_changed":false,"om_disable_all_campaigns":false,"inline_featured_image":false,"advgb_blocks_editor_width":"","advgb_blocks_columns_visual_guide":"","_monsterinsights_skip_tracking":false,"_monsterinsights_sitenote_active":false,"_monsterinsights_sitenote_note":"","_monsterinsights_sitenote_category":0,"_uf_show_specific_survey":0,"_uf_disable_surveys":false,"footnotes":""},"class_list":["post-27051","page","type-page","status-publish","hentry"],"acf":[],"aioseo_notices":[],"coauthors":[],"author_meta":{"author_link":"https:\/\/www.orfix.com\/sr\/author\/jung-ode\/","display_name":"Margot Jung"},"relative_dates":{"created":"Posted 2 \u0433\u043e\u0434\u0438\u043d\u0435 ago","modified":"Updated 5 \u043c\u0435\u0441\u0435\u0446\u0438 ago"},"absolute_dates":{"created":"Posted on 29. \u043c\u0430\u0458 2024","modified":"Updated on 6. \u0434\u0435\u0446\u0435\u043c\u0431\u0430\u0440 2025"},"absolute_dates_time":{"created":"Posted on 29. \u043c\u0430\u0458 2024 15:55","modified":"Updated on 6. \u0434\u0435\u0446\u0435\u043c\u0431\u0430\u0440 2025 1:48"},"featured_img_caption":"","featured_img":false,"series_order":"","_links":{"self":[{"href":"https:\/\/www.orfix.com\/sr\/wp-json\/wp\/v2\/pages\/27051","targetHints":{"allow":["GET"]}}],"collection":[{"href":"https:\/\/www.orfix.com\/sr\/wp-json\/wp\/v2\/pages"}],"about":[{"href":"https:\/\/www.orfix.com\/sr\/wp-json\/wp\/v2\/types\/page"}],"author":[{"embeddable":true,"href":"https:\/\/www.orfix.com\/sr\/wp-json\/wp\/v2\/users\/35"}],"replies":[{"embeddable":true,"href":"https:\/\/www.orfix.com\/sr\/wp-json\/wp\/v2\/comments?post=27051"}],"version-history":[{"count":3,"href":"https:\/\/www.orfix.com\/sr\/wp-json\/wp\/v2\/pages\/27051\/revisions"}],"predecessor-version":[{"id":32671,"href":"https:\/\/www.orfix.com\/sr\/wp-json\/wp\/v2\/pages\/27051\/revisions\/32671"}],"up":[{"embeddable":true,"href":"https:\/\/www.orfix.com\/sr\/wp-json\/wp\/v2\/pages\/7013"}],"wp:attachment":[{"href":"https:\/\/www.orfix.com\/sr\/wp-json\/wp\/v2\/media?parent=27051"}],"curies":[{"name":"wp","href":"https:\/\/api.w.org\/{rel}","templated":true}]}}