{"id":14526,"date":"2024-05-29T12:38:51","date_gmt":"2024-05-29T10:38:51","guid":{"rendered":"https:\/\/www.orfix.com\/?page_id=14526"},"modified":"2025-12-06T01:39:06","modified_gmt":"2025-12-06T00:39:06","slug":"kurirske-kese-e-commerce-kese","status":"publish","type":"page","link":"https:\/\/www.orfix.com\/sr\/oblasti-strucnosti-proizvodi\/sigurnosno-pakovanje\/kurirske-kese-e-commerce-kese\/","title":{"rendered":"Kurirske \/ e-commerce kese"},"content":{"rendered":"<div class=\"wp-bootstrap-blocks-container container-fluid mb-5 custom_container custom_container--big custom_container--banner\">\n\t\n<div class=\"wp-bootstrap-blocks-row row custom_row custom_row--center\">\n\t\n\n<div class=\"col-12 col-md-12 custom_slider custom_slider__banner custom-banner-img\">\n\t\t\t\n\n<figure class=\"wp-block-image size-full desktop-banner\"><img loading=\"lazy\" decoding=\"async\" width=\"2133\" height=\"577\" src=\"https:\/\/www.orfix.com\/wp-content\/uploads\/2024\/05\/orfix_Header_Banner_industrial_packaging_mailing_bags_SER_1024x277.jpg\" alt=\"Kurirske ecommerce kese za sigurno pakovanje nelomljive robe\" class=\"wp-image-26613\" srcset=\"https:\/\/www.orfix.com\/wp-content\/uploads\/2024\/05\/orfix_Header_Banner_industrial_packaging_mailing_bags_SER_1024x277.jpg 2133w, https:\/\/www.orfix.com\/wp-content\/uploads\/2024\/05\/orfix_Header_Banner_industrial_packaging_mailing_bags_SER_1024x277-768x208.jpg 768w, https:\/\/www.orfix.com\/wp-content\/uploads\/2024\/05\/orfix_Header_Banner_industrial_packaging_mailing_bags_SER_1024x277-1536x416.jpg 1536w, https:\/\/www.orfix.com\/wp-content\/uploads\/2024\/05\/orfix_Header_Banner_industrial_packaging_mailing_bags_SER_1024x277-2048x554.jpg 2048w\" sizes=\"auto, (max-width: 2133px) 100vw, 2133px\" \/><\/figure>\n\n\n\n\n\t<\/div>\n\n<\/div>\n\n\n<div class=\"wp-bootstrap-blocks-row row custom_row custom_row--center\">\n\t\n\n<div class=\"col-12 col-md-12 custom_slider custom_slider__banner custom-banner-img\">\n\t\t\t\n\n<figure class=\"wp-block-image size-full mobile-banner\"><img loading=\"lazy\" decoding=\"async\" width=\"1583\" height=\"1250\" src=\"https:\/\/www.orfix.com\/wp-content\/uploads\/2024\/05\/orfix_Mobile_Banner_IndustrialPackaging_mailing_bags_SER_760x650.jpg\" alt=\"Kurirske i e-commerce kese orfix za za\u0161titu po\u0161iljki\" class=\"wp-image-26619\" srcset=\"https:\/\/www.orfix.com\/wp-content\/uploads\/2024\/05\/orfix_Mobile_Banner_IndustrialPackaging_mailing_bags_SER_760x650.jpg 1583w, https:\/\/www.orfix.com\/wp-content\/uploads\/2024\/05\/orfix_Mobile_Banner_IndustrialPackaging_mailing_bags_SER_760x650-768x606.jpg 768w, https:\/\/www.orfix.com\/wp-content\/uploads\/2024\/05\/orfix_Mobile_Banner_IndustrialPackaging_mailing_bags_SER_760x650-1536x1213.jpg 1536w\" sizes=\"auto, (max-width: 1583px) 100vw, 1583px\" \/><\/figure>\n\n\n\n\n\t<\/div>\n\n<\/div>\n\n<\/div>\n\n\n<div class=\"wp-bootstrap-blocks-container container-fluid mb-5 custom_container custom_container--big custom_container--banner\">\n\t<\/div>\n\n\n\n<h1 class=\"wp-block-heading has-text-color\" style=\"color:#002855;font-size:30px\">Kurirske \/ e-commerce kese &#8211; po\u0161tanske torbe savr\u0161ene za online prodaju<\/h1>\n\n\n\n<p class=\"has-medium-font-size\">orfix kurirske \/ E-Commerce kese su savr\u0161ene za slanje predmeta koji nisu lomljivi poput tekstila, bro\u0161ura, dokumenata ali i kao sekundarno pakovanje za lomljive predmete radi za\u0161tite od vlage i prljav\u0161tine. <\/p>\n\n\n\n<p class=\"has-medium-font-size\">Na\u0161e kurirske \/ E-Commerce kese su neprovide, otporne na kidanje i vodu, proizvedene su od vi\u0161eslojne LDPE koekstrudirane folije, \u0161tite sadr\u017einu od pra\u0161ine, prljav\u0161tine, vlage, UV zraka i znati\u017eeljnih o\u010diju. Po njima je lako pisati ili zalepiti nalepnicu. Zahvaljuju\u0107i lepljivoj traci za zatvaranje koja ne mo\u017ee biti vi\u0161e puta odlepljena i zalepljena, otvaranje se odmah uo\u010dava.<\/p>\n\n\n\n<p class=\"has-medium-font-size\">Kao proizvo\u0111a\u010d u mogu\u0107nosti smo da ispunimo Va\u0161e posebne zahteve u vazi sa dimenzijom i personalizacijom. <\/p>\n\n\n\n<p class=\"has-medium-font-size\"><strong>orfix kurirske \/ E-Commerce kese mogu biti proizvedene od recikliranog ili Blue Angel sertifikovanig materijala.<\/strong><\/p>\n\n\n\n<div style=\"height:50px\" aria-hidden=\"true\" class=\"wp-block-spacer\"><\/div>\n\n\n\n<div class=\"wp-block-columns is-layout-flex wp-container-core-columns-is-layout-9d6595d7 wp-block-columns-is-layout-flex\">\n<div class=\"wp-block-column is-layout-flow wp-block-column-is-layout-flow\">\n<figure class=\"wp-block-image size-full\"><img loading=\"lazy\" decoding=\"async\" width=\"650\" height=\"399\" src=\"https:\/\/www.orfix.com\/wp-content\/uploads\/2024\/03\/Versandtaschen-mit-Socken-klein-Kopie.jpg\" alt=\"Na ovoj slici se vidi bela kurirska torba u kojoj su upakovane \u010darape. Ova kurirska torba je odli\u010dna za slanje \u010darapa i drugih tekstilnih proizvoda.\" class=\"wp-image-19734\"\/><\/figure>\n<\/div>\n\n\n\n<div class=\"wp-block-column is-layout-flow wp-block-column-is-layout-flow\">\n<figure class=\"wp-block-image size-full\"><img loading=\"lazy\" decoding=\"async\" width=\"650\" height=\"399\" src=\"https:\/\/www.orfix.com\/wp-content\/uploads\/2024\/03\/Versandtaschen-mit-Badetuch-klein-Kopie.jpg\" alt=\"Na ovoj slici su prikazane Orfix po\u0161tanske torbe sa velikim pe\u0161kirom, \u0161to pokazuje da su ove torbe pogodne za slanje ovakvih proizvoda.\" class=\"wp-image-19753\"\/><\/figure>\n<\/div>\n\n\n\n<div class=\"wp-block-column is-layout-flow wp-block-column-is-layout-flow\">\n<figure class=\"wp-block-image size-full\"><img loading=\"lazy\" decoding=\"async\" width=\"650\" height=\"399\" src=\"https:\/\/www.orfix.com\/wp-content\/uploads\/2024\/03\/Versandtaschen-mit-Decke-klein-Kopie-2.jpg\" alt=\"Na ovoj slici se vidi velika deka koja se mo\u017ee vrlo dobro poslati u velikim formatima Orfix po\u0161tanskih torbi.\" class=\"wp-image-19759\"\/><\/figure>\n<\/div>\n<\/div>\n\n\n<div class=\"wp-bootstrap-blocks-container container-fluid mb-5 custom_container custom_container--middle\">\n\t\n<div class=\"wp-bootstrap-blocks-row row\">\n\t\n\n<div class=\"col-12 col-md-6\">\n\t\t\t\n\n<h2 class=\"wp-block-heading\">Prednosti na prvi pogled:<\/h2>\n\n\n\n<p class=\"has-medium-font-size\"><\/p>\n\n\n\n<ul class=\"wp-block-list\">\n<li class=\"has-medium-font-size\">Neprovidane, otporane na kidanje i vodootporane<\/li>\n\n\n\n<li class=\"has-medium-font-size\">Samolepljiva traka za zatvaranje<\/li>\n\n\n\n<li class=\"has-medium-font-size\">Mala zapremina za skladi\u0161tenje<\/li>\n\n\n\n<li class=\"has-medium-font-size\">Dostupne u razli\u010ditim veli\u010dinama <\/li>\n\n\n\n<li class=\"has-medium-font-size\">Odr\u017eive i \u0161tedljive u resursima<\/li>\n\n\n\n<li class=\"has-medium-font-size\">Isplativo<\/li>\n\n\n\n<li class=\"has-medium-font-size\">Mogu\u0107a personalizacija sa do 6 boja<\/li>\n\n\n\n<li class=\"has-medium-font-size\">Sopstveni \u017eeljeni format i personalizacija (u zavisnosti od koli\u010dine)<\/li>\n\n\n\n<li class=\"has-medium-font-size\">Sertifikovan Blue Angel ( zavisno od koli\u010dine) <\/li>\n\n\n\n<li class=\"has-medium-font-size\">Spolja\u0161nja\/unutra\u0161nja boja: bela\/crna<\/li>\n\n\n\n<li class=\"has-medium-font-size\">LDPE koeks folija<\/li>\n<\/ul>\n\n\t<\/div>\n\n\n\n<div class=\"col-12 col-md-6\">\n\t\t\t\n\n<div class=\"custom_banner custom_banner--slider \">\n\n            <img decoding=\"async\" src=\"https:\/\/www.orfix.com\/wp-content\/uploads\/2023\/12\/Kurierversandtasche-orfix-individualisierbar-Kopie-scaled.jpg\" \/>\n\n            <img decoding=\"async\" src=\"https:\/\/www.orfix.com\/wp-content\/uploads\/2023\/12\/Kurierversandtasche-orfix-aus-100-Recycling-scaled.jpg\" \/>\n\n            <img decoding=\"async\" src=\"https:\/\/www.orfix.com\/wp-content\/uploads\/2023\/12\/Kurierversandtasche-orfix-2-Taschen-auf-einmal-Kopie-scaled.jpg\" \/>\n\n<\/div>\n        \n\n\t<\/div>\n\n<\/div>\n\n<\/div>\n\n\n<div class=\"wp-bootstrap-blocks-container container-fluid mb-5 custom_container custom_container--middle\">\n\t\n<div class=\"wp-bootstrap-blocks-row row\">\n\t\n\n<div class=\"col-12\">\n\t\t\t\n\n<h2 class=\"wp-block-heading\" style=\"font-size:30px\">Standardne orfix kurirske \/ E-Commerce blanko kese<\/h2>\n\n\n\n<p class=\"has-medium-font-size\">Kontaktirajte nas za Vi\u0161e informacija o standardnim artiklima dostupnim sa lagera \u010dak i u malim koli\u010dinama.<\/p>\n\n\n\n<p><\/p>\n\n\t<\/div>\n\n<\/div>\n\n<\/div>\n\n\n\n<div class=\"wp-block-group\"><div class=\"wp-block-group__inner-container is-layout-constrained wp-block-group-is-layout-constrained\">\n<h2 class=\"wp-block-heading\" style=\"font-size:30px\">Proizvodnja kurirskih i e-commerce kesa <\/h2>\n\n\n\n<p class=\"has-medium-font-size\">Na\u0161a proizvodnja kurirski kesa odra\u017eava kvalitet, svestranost i zadovoljstvo kupaca. Oslonite se na na\u0161e iskustvo i stru\u010dnost kada su u pitanju kurirske kese \u2013 od proizvodnje do isporuke.<\/p>\n<\/div><\/div>\n\n\n\n<div class=\"wp-block-group\"><div class=\"wp-block-group__inner-container is-layout-constrained wp-block-group-is-layout-constrained\">\n<div style=\"height:50px\" aria-hidden=\"true\" class=\"wp-block-spacer\"><\/div>\n\n\n\n<div class=\"wp-block-columns is-layout-flex wp-container-core-columns-is-layout-9d6595d7 wp-block-columns-is-layout-flex\">\n<div class=\"wp-block-column is-layout-flow wp-block-column-is-layout-flow\" style=\"flex-basis:25%\"><\/div>\n\n\n\n<div class=\"wp-block-column is-layout-flow wp-block-column-is-layout-flow\" style=\"flex-basis:50%\">\n<figure class=\"wp-block-embed is-type-video is-provider-youtube wp-block-embed-youtube wp-embed-aspect-16-9 wp-has-aspect-ratio\"><div class=\"wp-block-embed__wrapper\">\n<iframe loading=\"lazy\" title=\"Modern production facilities at orfix\" width=\"640\" height=\"360\" src=\"https:\/\/www.youtube.com\/embed\/YpRb7LTKv88?feature=oembed\" frameborder=\"0\" allow=\"accelerometer; autoplay; clipboard-write; encrypted-media; gyroscope; picture-in-picture; web-share\" referrerpolicy=\"strict-origin-when-cross-origin\" allowfullscreen><\/iframe>\n<\/div><\/figure>\n<\/div>\n\n\n\n<div class=\"wp-block-column is-layout-flow wp-block-column-is-layout-flow\" style=\"flex-basis:25%\"><\/div>\n<\/div>\n<\/div><\/div>\n\n\n\n<div class=\"wp-block-group\"><div class=\"wp-block-group__inner-container is-layout-constrained wp-block-group-is-layout-constrained\">\n<p class=\"has-medium-font-size\"><strong>Kao proizvodja\u010d od folije do gotove kurirske kese mozemo da Vam ponudimo konkurentne i isplative cene<\/strong>. Na\u0161a proizvodnja omogu\u0107ava nam da radimo efikanos i da smanjimo troskove na\u0161im klijentima.<\/p>\n\n\n\n<p class=\"has-medium-font-size\"><\/p>\n\n\n\n<p class=\"has-medium-font-size\">Mo\u017eete se osloniti na na\u0161e <strong>dugogodi\u0161nje iskustvo u porizvodnji kuriskih kesa <\/strong>i ostvariti korist od na\u0161ih <strong>konkurentskih cena,<\/strong> koje us posebno prilago\u0111ene potrebama Va\u0161e kompanije.<\/p>\n\n\n\n<div style=\"height:50px\" aria-hidden=\"true\" class=\"wp-block-spacer\"><\/div>\n<\/div><\/div>\n\n\n\n<div class=\"wp-block-columns is-layout-flex wp-container-core-columns-is-layout-9d6595d7 wp-block-columns-is-layout-flex\">\n<div class=\"wp-block-column is-layout-flow wp-block-column-is-layout-flow\"><div class=\"wp-block-image\">\n<figure class=\"alignright size-full\"><img decoding=\"async\" src=\"https:\/\/www.orfix.com\/wp-content\/uploads\/2020\/12\/blue-angle_logo.svg\" alt=\"\" class=\"wp-image-11508\"\/><\/figure>\n<\/div>\n\n<div class=\"wp-block-image\">\n<figure class=\"alignright size-full\"><img decoding=\"async\" src=\"https:\/\/www.orfix.com\/wp-content\/uploads\/2020\/12\/greenlabel_logo.svg\" alt=\"\" class=\"wp-image-11501\"\/><\/figure>\n<\/div><\/div>\n\n\n\n<div class=\"wp-block-column is-layout-flow wp-block-column-is-layout-flow\">\n<p class=\"has-medium-font-size\">Materijal je deo na\u0161e ekolo\u0161ke seije \u2018Green Label\u2019 &#8211; sadr\u017ei do 100 % recikliranog LDPE.<\/p>\n\n\n\n<p class=\"has-medium-font-size\">orfix&nbsp;sigurnosne kese su deo striktne kontrole kvaliteta tokom proizvodnog procesa koji odgovara standardima Nema\u010dke nacionalne banke.<\/p>\n\n\n\n<p class=\"has-medium-font-size\">Vi\u0161e od 10 000 klijenata je svoje poverenje poklonilo orfiix-u. <\/p>\n\n\n\n<p class=\"has-medium-font-size\"><\/p>\n<\/div>\n<\/div>\n\n\n<div class=\"wp-bootstrap-blocks-container container-fluid mb-5 custom_container custom_container--middle\">\n\t\n<div class=\"wp-bootstrap-blocks-row row custom-row__cta-contact\">\n\t\n\n<div class=\"col-12 col-md-6\">\n\t\t\t\n\n<figure class=\"wp-block-image size-large\"><img loading=\"lazy\" decoding=\"async\" width=\"471\" height=\"344\" src=\"https:\/\/www.orfix.com\/wp-content\/uploads\/2020\/10\/shutterstock_116283283_471x344px.jpg\" alt=\"\" class=\"wp-image-3327\" srcset=\"https:\/\/www.orfix.com\/wp-content\/uploads\/2020\/10\/shutterstock_116283283_471x344px.jpg 471w, https:\/\/www.orfix.com\/wp-content\/uploads\/2020\/10\/shutterstock_116283283_471x344px-300x219.jpg 300w, https:\/\/www.orfix.com\/wp-content\/uploads\/2020\/10\/shutterstock_116283283_471x344px-24x18.jpg 24w, https:\/\/www.orfix.com\/wp-content\/uploads\/2020\/10\/shutterstock_116283283_471x344px-36x26.jpg 36w, https:\/\/www.orfix.com\/wp-content\/uploads\/2020\/10\/shutterstock_116283283_471x344px-48x35.jpg 48w\" sizes=\"auto, (max-width: 471px) 100vw, 471px\" \/><figcaption>Kontaktirajte nas!<\/figcaption><\/figure>\n\n\t<\/div>\n\n\n\n<div class=\"col-12 col-md-6\">\n\t\t\t\n<div class=\"employeeblock\">\n    <figure class=\"employeeblock__item employeeblock__item--img\">\n        <img decoding=\"async\" src=\"\" alt=\"\" \/>\n    <\/figure>\n    <div class=\"employeeblock__item employeeblock__item--content\">\n        <h2 class=\"name\">Kontakt<\/h2>\n        <p class=\"position\"><\/p>\n        <p><a class=\"link link--has-icon link--has-icon--mail\" href=\"mailto:info@orfix.rs\">info@orfix.rs<\/a><\/p>\n        <p><a class=\"link link--has-icon link--has-icon--tel\" href=\"tel:+381(0)63267909\">+381 (0) 63 267 909<\/a><\/p>\n    <\/div>\n<\/div>\n\n\t<\/div>\n\n<\/div>\n\n<\/div>\n\n\n<div class=\"wp-bootstrap-blocks-container container-fluid mb-5 custom_container custom_container--middle\">\n\t\n<div class=\"wp-bootstrap-blocks-row row\">\n\t\n\n<div class=\"col-12 col-md-12\">\n\t\t\t\n\n<h2 class=\"wp-block-heading advgb-dyn-61d96dab\" style=\"font-size:30px\">orfix &#8211; Va\u0161 specijalista za proizvodnju proizvoda od papira i plastike<\/h2>\n\n\t<\/div>\n\n\n\n<div class=\"col-12 col-md-6\">\n\t\t\t\n\n<p class=\"has-medium-font-size\">Razvijamo i proizvodimo koriste\u0107i najsavremenije proizvodene metode uvek vode\u0107i ra\u010duna o Va\u0161im individualnim zahtevima ali i \u017eivotnoj sredini! Posve\u0107eni smo odr\u017eivosti, delujemo na na\u010din koji \u0161tedi resurse i emituje \u0161to je manje mogu\u0107e CO2. Za to se zala\u017ee na\u0161 menadzmet za\u0161tite \u017eivotne sredine.  Od nas \u0107ete dobiti stalni, prvoklasni i sertifikovani kvalitet, mi cemo Vas inspirisati inovacijama i odli\u010dnom uslugom. <\/p>\n\n\t<\/div>\n\n\n\n<div class=\"col-12 col-md-6\">\n\t\t\t\n\n<ul class=\"wp-block-list\">\n<li class=\"has-medium-font-size\">orfix standardni proizvodi su uvek dostiupni na lageru.<\/li>\n\n\n\n<li class=\"has-medium-font-size\">orfix nudi individualno skladi\u0161tenje za personalizovane proizvode. <\/li>\n\n\n\n<li class=\"has-medium-font-size\">orfix proizvodi \u010dak i male koli\u010dine personalizovanih proizvoda.<\/li>\n\n\n\n<li class=\"has-medium-font-size\">orfix nudi kompetentan i individalan savet. <\/li>\n<\/ul>\n\n\t<\/div>\n\n<\/div>\n\n<\/div>\n\n\n\n<div style=\"height:20px\" aria-hidden=\"true\" class=\"wp-block-spacer\"><\/div>\n\n\n\n<figure class=\"wp-block-image size-full\"><img loading=\"lazy\" decoding=\"async\" width=\"2048\" height=\"600\" src=\"https:\/\/www.orfix.com\/wp-content\/uploads\/2024\/05\/orfix-Karte-2025-en.jpg\" alt=\"\" class=\"wp-image-32961\" srcset=\"https:\/\/www.orfix.com\/wp-content\/uploads\/2024\/05\/orfix-Karte-2025-en.jpg 2048w, https:\/\/www.orfix.com\/wp-content\/uploads\/2024\/05\/orfix-Karte-2025-en-768x225.jpg 768w, https:\/\/www.orfix.com\/wp-content\/uploads\/2024\/05\/orfix-Karte-2025-en-1536x450.jpg 1536w\" sizes=\"auto, (max-width: 2048px) 100vw, 2048px\" \/><\/figure>\n\n\n\n<p class=\"has-medium-font-size\">Zadovoljstvo nam je da Vas li\u010dno posavetujemo!<br><strong>Va\u0161 kompetentan partner sa kompletnim asortimanom proizvoda za sve koji se bave brojanjem, pakovanjem, prevozom ili skladi\u0161tenjem novca.<\/strong><\/p>\n\n\n\n<div style=\"height:20px\" aria-hidden=\"true\" class=\"wp-block-spacer\"><\/div>\n\n\n\n<div class=\"wp-block-buttons cta-banner-content__item is-layout-flex wp-block-buttons-is-layout-flex\">\n<div class=\"wp-block-button is-style-outline is-style-outline--1 advgb-dyn-46160751\"><a class=\"wp-block-button__link has-text-color has-medium-font-size has-custom-font-size wp-element-button\" href=\"https:\/\/www.orfix.com\/sr\/kontakt\/\" style=\"border-radius:1px;color:#ba0c2f\" target=\"_blank\" rel=\"noreferrer noopener\"><strong>Kontakt<\/strong><\/a><\/div>\n\n\n\n<div class=\"wp-block-button btn__bg--red advgb-dyn-89b5146e\"><a class=\"wp-block-button__link has-white-color has-text-color has-background has-medium-font-size has-custom-font-size wp-element-button\" href=\"https:\/\/www.orfix.com\/sr\/oblasti-strucnosti-proizvodi\/\" style=\"border-radius:1px;background-color:#ba0c2f\"><strong>Proizvodi<\/strong><\/a><\/div>\n<\/div>\n\n\n\n<div style=\"height:20px\" aria-hidden=\"true\" class=\"wp-block-spacer\"><\/div>\n","protected":false},"excerpt":{"rendered":"<p>Kurirske \/ e-commerce kese &#8211; po\u0161tanske torbe savr\u0161ene za online prodaju orfix kurirske \/ E-Commerce kese su savr\u0161ene za slanje predmeta koji nisu lomljivi poput tekstila, bro\u0161ura, dokumenata ali i kao sekundarno pakovanje za lomljive predmete radi za\u0161tite od vlage i prljav\u0161tine. Na\u0161e kurirske \/ E-Commerce kese su neprovide, otporne na kidanje i vodu, proizvedene<\/p>\n<p><a class=\"btn btn-secondary understrap-read-more-link\" href=\"https:\/\/www.orfix.com\/sr\/oblasti-strucnosti-proizvodi\/sigurnosno-pakovanje\/kurirske-kese-e-commerce-kese\/\">Read More&#8230;<\/a><\/p>\n","protected":false},"author":32,"featured_media":0,"parent":7021,"menu_order":3,"comment_status":"closed","ping_status":"closed","template":"","meta":{"_acf_changed":false,"om_disable_all_campaigns":false,"inline_featured_image":false,"advgb_blocks_editor_width":"","advgb_blocks_columns_visual_guide":"","_monsterinsights_skip_tracking":false,"_monsterinsights_sitenote_active":false,"_monsterinsights_sitenote_note":"","_monsterinsights_sitenote_category":0,"_uf_show_specific_survey":0,"_uf_disable_surveys":false,"footnotes":""},"class_list":["post-14526","page","type-page","status-publish","hentry"],"acf":[],"aioseo_notices":[],"coauthors":[],"author_meta":{"author_link":"https:\/\/www.orfix.com\/sr\/author\/tyranowski\/","display_name":"tyranowski"},"relative_dates":{"created":"Posted 2 \u0433\u043e\u0434\u0438\u043d\u0435 ago","modified":"Updated 4 \u043c\u0435\u0441\u0435\u0446\u0430 ago"},"absolute_dates":{"created":"Posted on 29. \u043c\u0430\u0458 2024","modified":"Updated on 6. \u0434\u0435\u0446\u0435\u043c\u0431\u0430\u0440 2025"},"absolute_dates_time":{"created":"Posted on 29. \u043c\u0430\u0458 2024 12:38","modified":"Updated on 6. \u0434\u0435\u0446\u0435\u043c\u0431\u0430\u0440 2025 1:39"},"featured_img_caption":"","featured_img":false,"series_order":"","_links":{"self":[{"href":"https:\/\/www.orfix.com\/sr\/wp-json\/wp\/v2\/pages\/14526","targetHints":{"allow":["GET"]}}],"collection":[{"href":"https:\/\/www.orfix.com\/sr\/wp-json\/wp\/v2\/pages"}],"about":[{"href":"https:\/\/www.orfix.com\/sr\/wp-json\/wp\/v2\/types\/page"}],"author":[{"embeddable":true,"href":"https:\/\/www.orfix.com\/sr\/wp-json\/wp\/v2\/users\/32"}],"replies":[{"embeddable":true,"href":"https:\/\/www.orfix.com\/sr\/wp-json\/wp\/v2\/comments?post=14526"}],"version-history":[{"count":6,"href":"https:\/\/www.orfix.com\/sr\/wp-json\/wp\/v2\/pages\/14526\/revisions"}],"predecessor-version":[{"id":32660,"href":"https:\/\/www.orfix.com\/sr\/wp-json\/wp\/v2\/pages\/14526\/revisions\/32660"}],"up":[{"embeddable":true,"href":"https:\/\/www.orfix.com\/sr\/wp-json\/wp\/v2\/pages\/7021"}],"wp:attachment":[{"href":"https:\/\/www.orfix.com\/sr\/wp-json\/wp\/v2\/media?parent=14526"}],"curies":[{"name":"wp","href":"https:\/\/api.w.org\/{rel}","templated":true}]}}