{"id":8503,"date":"2020-11-16T12:10:05","date_gmt":"2020-11-16T11:10:05","guid":{"rendered":"http:\/\/orfix.netzkunst24.de\/?page_id=8503"},"modified":"2020-11-25T13:37:05","modified_gmt":"2020-11-25T12:37:05","slug":"product-sample-big","status":"publish","type":"page","link":"https:\/\/www.orfix.com\/pl\/product-sample-big\/","title":{"rendered":"Product Sample Big"},"content":{"rendered":"<div class=\"wp-bootstrap-blocks-container container-fluid mb-5 custom_container custom_container--big custom_container--banner\">\n\t\n<div class=\"wp-bootstrap-blocks-row row custom_row custom_row--center\">\n\t\n\n<div class=\"col-12 col-md-12 custom_slider custom-banner-img custom_slider__banner\">\n\t\t\t\n\n<figure class=\"wp-block-image size-full\"><img loading=\"lazy\" decoding=\"async\" width=\"1366\" height=\"370\" src=\"https:\/\/www.orfix.com\/wp-content\/uploads\/2020\/08\/banner_example-1.jpg\" alt=\"\" class=\"wp-image-292\" srcset=\"https:\/\/www.orfix.com\/wp-content\/uploads\/2020\/08\/banner_example-1.jpg 1366w, https:\/\/www.orfix.com\/wp-content\/uploads\/2020\/08\/banner_example-1-300x81.jpg 300w, https:\/\/www.orfix.com\/wp-content\/uploads\/2020\/08\/banner_example-1-1024x277.jpg 1024w, https:\/\/www.orfix.com\/wp-content\/uploads\/2020\/08\/banner_example-1-768x208.jpg 768w\" sizes=\"auto, (max-width: 1366px) 100vw, 1366px\" \/><figcaption><strong>Individual security for your application.&nbsp;<\/strong><\/figcaption><\/figure>\n\n\n\n\n\t<\/div>\n\n<\/div>\n\n<\/div>\n\n\n<div class=\"wp-bootstrap-blocks-container container-fluid mb-5 custom_container custom_container--small\">\n\t\n<div class=\"wp-bootstrap-blocks-row row\">\n\t\n\n<div class=\"col-12 col-md-12\">\n\t\t\t\n\n<h1 class=\"wp-block-heading\">Quality Headline 1<\/h1>\n\n\n\n<p>orfix&nbsp;safebags&nbsp;are equipped with security components which are not available within the open market. Any attempt of manipulation of the&nbsp;orfix&nbsp;safebags&nbsp;will immediately and clearly be proofed due to the tamper evident features,&nbsp;audited&nbsp;and certificated in Germany.&nbsp;<\/p>\n\n\n\n<h2 class=\"wp-block-heading\">Inimitable security components lead to a high security standard&nbsp;<\/h2>\n\n\n\n<p>orfix&nbsp;safebags&nbsp;are available in various standard sizes, transparent or opaque and can be produced on request also individually personalized in various sizes and printed in up to 8 colors.&nbsp;<\/p>\n\n\t<\/div>\n\n<\/div>\n\n<\/div>\n\n\n<div class=\"wp-bootstrap-blocks-container container-fluid mb-5 custom_container custom_container--middle\">\n\t\n<div class=\"wp-bootstrap-blocks-row row\">\n\t\n\n<div class=\"col-12\">\n\t\t\t\n<div class=\"wp-bootstrap-blocks-container container mb-0\">\n\t\n<div class=\"wp-bootstrap-blocks-row row row--applications\">\n\t\n\n<div class=\"col-12 col-md-7 col--big\">\n\t\t\t\n\n<h2 class=\"wp-block-heading\">Applications<\/h2>\n\n\n<div class=\"wp-bootstrap-blocks-row row\">\n\t\n\n<div class=\"col-12 col-md-6\">\n\t\t\t\n\n<ul id=\"block-d81b4cc1-9ece-4f1b-a069-7b9fec172993\" class=\"list--no-img-point wp-block-list\"><li>Cash process<\/li><li>Transportation<\/li><li>Trade<\/li><li>Post \/ Courier services<\/li><\/ul>\n\n\t<\/div>\n\n\n\n<div class=\"col-12 col-md-6\">\n\t\t\t\n\n<ul id=\"block-c929d4eb-37aa-4984-8c6a-1edf956363ad\" class=\"list--no-img-point wp-block-list\"><li>Aviation<\/li><li>Medical care<\/li><li>Food sector \/ Retained samples<\/li><\/ul>\n\n\t<\/div>\n\n<\/div>\n\n\t<\/div>\n\n\n\n<div class=\"col-12 col-md-5 col--small\">\n\t\t\t\n\n<h2 class=\"wp-block-heading\">Quality Headline<\/h2>\n\n\n\n<p>orfix&nbsp;safebags&nbsp;are subject to strict quality tests during production process and correspond with the standards of the&nbsp;Deutschen&nbsp;Bundesbank (German National Bank). More than 10,000 customers trust in&nbsp;orfix.<\/p>\n\n\t<\/div>\n\n<\/div>\n\n<\/div>\n\n\t<\/div>\n\n<\/div>\n\n<\/div>\n\n\n<div class=\"wp-bootstrap-blocks-container container-fluid mb-5 custom_container custom_container--middle\">\n\t\n<div class=\"wp-bootstrap-blocks-row row\">\n\t\n\n<div class=\"col-12\">\n\t\t\t\n<div class=\"wp-bootstrap-blocks-container container mb-0\">\n\t\n<div class=\"wp-bootstrap-blocks-row row row--applications\">\n\t\n\n<div class=\"col-12 col-md-7 col--big\">\n\t\t\t\n\n<h2 class=\"wp-block-heading\">Applications<\/h2>\n\n\n<div class=\"wp-bootstrap-blocks-row row\">\n\t\n\n<div class=\"col-12 col-md-6\">\n\t\t\t\n\n<ul id=\"block-d81b4cc1-9ece-4f1b-a069-7b9fec172993\" class=\"list--no-img-point wp-block-list\"><li>Cash process<\/li><li>Transportation<\/li><li>Trade<\/li><li>Post \/ Courier services<\/li><\/ul>\n\n\t<\/div>\n\n\n\n<div class=\"col-12 col-md-6\">\n\t\t\t\n\n<ul id=\"block-c929d4eb-37aa-4984-8c6a-1edf956363ad\" class=\"list--no-img-point wp-block-list\"><li>Aviation<\/li><li>Medical care<\/li><li>Food sector \/ Retained samples<\/li><\/ul>\n\n\t<\/div>\n\n<\/div>\n\n\t<\/div>\n\n\n\n<div class=\"col-12 col-md-5 col--small\">\n\t\t\t\n<div class=\"wp-bootstrap-blocks-row row\">\n\t\n\n<div class=\"col-8 col-seals-row\">\n\t\t\t\n\n<figure class=\"wp-block-image size-large\"><img loading=\"lazy\" decoding=\"async\" width=\"84\" height=\"84\" src=\"https:\/\/www.orfix.com\/wp-content\/uploads\/2020\/09\/blue-angle_logo.svg\" alt=\"\" class=\"wp-image-523\"\/><\/figure>\n\n\n\n<figure class=\"wp-block-image size-large\"><img loading=\"lazy\" decoding=\"async\" width=\"71\" height=\"91\" src=\"https:\/\/www.orfix.com\/wp-content\/uploads\/2020\/09\/greenlabel_logo.svg\" alt=\"\" class=\"wp-image-521\"\/><\/figure>\n\n\t<\/div>\n\n<\/div>\n\n\n<div class=\"wp-bootstrap-blocks-row row\">\n\t\n\n<div class=\"col-12\">\n\t\t\t\n\n<p>orfix&nbsp;safebags&nbsp;are subject to strict quality tests during production process and correspond with the standards of the&nbsp;Deutschen&nbsp;Bundesbank (German National Bank). More than 10,000 customers trust in&nbsp;orfix.<\/p>\n\n\t<\/div>\n\n<\/div>\n\n\t<\/div>\n\n<\/div>\n\n<\/div>\n\n\t<\/div>\n\n<\/div>\n\n<\/div>\n\n\n<div class=\"wp-bootstrap-blocks-container container-fluid mb-5 custom_container custom_container--middle\">\n\t\n<div class=\"wp-bootstrap-blocks-row row\">\n\t\n\n<div class=\"col-12\">\n\t\t\t\n<div class=\"wp-bootstrap-blocks-container container mb-0\">\n\t\n<div class=\"wp-bootstrap-blocks-row row row--applications\">\n\t\n\n<div class=\"col-12 col-md-7 col--big\">\n\t\t\t\n\n<h2 class=\"wp-block-heading\">Applications<\/h2>\n\n\n<div class=\"wp-bootstrap-blocks-row row\">\n\t\n\n<div class=\"col-12 col-md-6\">\n\t\t\t\n\n<ul id=\"block-d81b4cc1-9ece-4f1b-a069-7b9fec172993\" class=\"list--no-img-point wp-block-list\"><li>Cash process<\/li><li>Transportation<\/li><li>Trade<\/li><li>Post \/ Courier services<\/li><\/ul>\n\n\t<\/div>\n\n\n\n<div class=\"col-12 col-md-6\">\n\t\t\t\n\n<ul id=\"block-c929d4eb-37aa-4984-8c6a-1edf956363ad\" class=\"list--no-img-point wp-block-list\"><li>Aviation<\/li><li>Medical care<\/li><li>Food sector \/ Retained samples<\/li><\/ul>\n\n\t<\/div>\n\n<\/div>\n\n\t<\/div>\n\n\n\n<div class=\"col-12 col-md-5 col--small\">\n\t\t\t\n<div class=\"wp-bootstrap-blocks-row row\">\n\t\n\n<div class=\"col-8 col-seals-row\">\n\t\t\t\n\n<figure class=\"wp-block-image size-large\"><img loading=\"lazy\" decoding=\"async\" width=\"84\" height=\"84\" src=\"https:\/\/www.orfix.com\/wp-content\/uploads\/2020\/09\/blue-angle_logo.svg\" alt=\"\" class=\"wp-image-523\"\/><\/figure>\n\n\t<\/div>\n\n<\/div>\n\n\n<div class=\"wp-bootstrap-blocks-row row\">\n\t\n\n<div class=\"col-12\">\n\t\t\t\n\n<p>orfix&nbsp;safebags&nbsp;are subject to strict quality tests during production process and correspond with the standards of the&nbsp;Deutschen&nbsp;Bundesbank (German National Bank). More than 10,000 customers trust in&nbsp;orfix.<\/p>\n\n\t<\/div>\n\n<\/div>\n\n\t<\/div>\n\n<\/div>\n\n<\/div>\n\n\t<\/div>\n\n<\/div>\n\n<\/div>\n\n\n<div class=\"wp-bootstrap-blocks-container container-fluid mb-5 custom_container custom_container--middle\">\n\t\n<div class=\"wp-bootstrap-blocks-row row\">\n\t\n\n<div class=\"col-12\">\n\t\t\t\n<div class=\"wp-bootstrap-blocks-container container mb-0\">\n\t\n<div class=\"wp-bootstrap-blocks-row row row--applications\">\n\t\n\n<div class=\"col-12 col-md-7 col--big\">\n\t\t\t\n\n<h2 class=\"wp-block-heading\">Applications<\/h2>\n\n\n<div class=\"wp-bootstrap-blocks-row row\">\n\t\n\n<div class=\"col-12 col-md-6\">\n\t\t\t\n\n<ul id=\"block-d81b4cc1-9ece-4f1b-a069-7b9fec172993\" class=\"list--no-img-point wp-block-list\"><li>Cash process<\/li><li>Transportation<\/li><li>Trade<\/li><li>Post \/ Courier services<\/li><\/ul>\n\n\t<\/div>\n\n\n\n<div class=\"col-12 col-md-6\">\n\t\t\t\n\n<ul id=\"block-c929d4eb-37aa-4984-8c6a-1edf956363ad\" class=\"list--no-img-point wp-block-list\"><li>Aviation<\/li><li>Medical care<\/li><li>Food sector \/ Retained samples<\/li><\/ul>\n\n\t<\/div>\n\n<\/div>\n\n\t<\/div>\n\n\n\n<div class=\"col-12 col-md-5 col--small\">\n\t\t\t\n<div class=\"wp-bootstrap-blocks-row row\">\n\t\n\n<div class=\"col-8 col-seals-row\">\n\t\t\t\n\n<figure class=\"wp-block-image size-large\"><img loading=\"lazy\" decoding=\"async\" width=\"71\" height=\"91\" src=\"https:\/\/www.orfix.com\/wp-content\/uploads\/2020\/09\/greenlabel_logo.svg\" alt=\"\" class=\"wp-image-521\"\/><\/figure>\n\n\t<\/div>\n\n<\/div>\n\n\n<div class=\"wp-bootstrap-blocks-row row\">\n\t\n\n<div class=\"col-12\">\n\t\t\t\n\n<p>orfix&nbsp;safebags&nbsp;are subject to strict quality tests during production process and correspond with the standards of the&nbsp;Deutschen&nbsp;Bundesbank (German National Bank). More than 10,000 customers trust in&nbsp;orfix.<\/p>\n\n\t<\/div>\n\n<\/div>\n\n\t<\/div>\n\n<\/div>\n\n<\/div>\n\n\t<\/div>\n\n<\/div>\n\n<\/div>\n\n\n<div class=\"wp-bootstrap-blocks-container container-fluid mb-5 custom_container custom_container--middle\">\n\t\n<div class=\"wp-bootstrap-blocks-row row\">\n\t\n\n<div class=\"col-12 col-md-6\">\n\t\t\t\n\n<figure class=\"wp-block-image size-large\"><img loading=\"lazy\" decoding=\"async\" width=\"600\" height=\"350\" src=\"https:\/\/www.orfix.com\/wp-content\/uploads\/2020\/10\/orfix_placeholder_600x350.jpg\" alt=\"\" class=\"wp-image-2470\" srcset=\"https:\/\/www.orfix.com\/wp-content\/uploads\/2020\/10\/orfix_placeholder_600x350.jpg 600w, https:\/\/www.orfix.com\/wp-content\/uploads\/2020\/10\/orfix_placeholder_600x350-300x175.jpg 300w, https:\/\/www.orfix.com\/wp-content\/uploads\/2020\/10\/orfix_placeholder_600x350-24x14.jpg 24w, https:\/\/www.orfix.com\/wp-content\/uploads\/2020\/10\/orfix_placeholder_600x350-36x21.jpg 36w, https:\/\/www.orfix.com\/wp-content\/uploads\/2020\/10\/orfix_placeholder_600x350-48x28.jpg 48w\" sizes=\"auto, (max-width: 600px) 100vw, 600px\" \/><\/figure>\n\n\t<\/div>\n\n\n\n<div class=\"col-12 col-md-6\">\n\t\t\t\n\n<h2 class=\"wp-block-heading\">Headline <\/h2>\n\n\n\n<ol class=\"ol--numbers-styled wp-block-list\"><li>Security closure with tamper-evident indication&nbsp;<\/li><li>Receipt with barcode&nbsp;<\/li><li>Barcode and consecutive numbering&nbsp;<\/li><li>Extremely strong double shrink welding with tamper evident print&nbsp;<\/li><li>Multilayer (coextruded) polyethylene films, tear resistant, temperature consistent and water-repellent&nbsp;<\/li><\/ol>\n\n\n\n<p>orfix&nbsp;safebags&nbsp;are environment-friendly &#8211; recyclable, ground water neutral, no emerging of toxic gas when burned.&nbsp;<\/p>\n\n\t<\/div>\n\n<\/div>\n\n<\/div>\n\n\n<div class=\"wp-bootstrap-blocks-container container-fluid mb-5 custom_container custom_container--middle\">\n\t\n<div class=\"wp-bootstrap-blocks-row row\">\n\t\n\n<div class=\"col-12\">\n\t\t\t\n\n<h2 class=\"wp-block-heading\">orfix&nbsp;safebags&nbsp;are suitable for each individual safety request&nbsp;<\/h2>\n\n\t<\/div>\n\n\n\n<div class=\"col-12 table__wrapper\">\n\t\t\t\n\n<table class=\"wp-block-advgb-table advgb-table-frontend is-style-stripes\"><thead><tr><th><strong>SECURITY LEVEL<\/strong><\/th><th><strong>CLOSURE<\/strong><\/th><th><strong>DEMAND<\/strong><\/th><th style=\"text-align:center\" colspan=\"3\"><strong>INDICATION OF MANIPULATION<\/strong><\/th><\/tr><\/thead><tbody><tr><td><\/td><td><\/td><td><\/td><td>common envrionmental conditions<\/td><td>heat or freezer attack<\/td><td>solvent attack<\/td><\/tr><tr><td>orfix Basic<\/td><td>Permanent Closure<\/td><td>Standard (Documents)<\/td><td style=\"text-align:center\">x<\/td><td style=\"text-align:center\"><\/td><td><\/td><\/tr><tr><td>orfix Security<\/td><td>Security Closure<\/td><td>high security (cash, valuables)<\/td><td style=\"text-align:center\">x<\/td><td style=\"text-align:center\">x<\/td><td><\/td><\/tr><tr><td>orfix High Security<\/td><td>High Security Closure<\/td><td>extremely high security (cash, valuables)<\/td><td style=\"text-align:center\">x<\/td><td style=\"text-align:center\">x<\/td><td style=\"text-align:center\">x<\/td><\/tr><\/tbody><\/table>\n\n\t<\/div>\n\n<\/div>\n\n<\/div>\n\n\n<div class=\"wp-bootstrap-blocks-container container-fluid mb-5 custom_container custom_container--small\">\n\t\n<div class=\"wp-bootstrap-blocks-row row\">\n\t\n\n<div class=\"col-12 col-md-12\">\n\t\t\t\n\n<h2 class=\"wp-block-heading\">Personalisation&nbsp;on demand<\/h2>\n\n\t<\/div>\n\n\n\n<div class=\"col-12\">\n\t\t\t\n\n<p>Beschreibender Einleitungstext Lorem ipsum dolor sit amet, consetetur sadipscing elitr, sed diam nonumy eirmod tempor invidunt ut labore et dolore magna aliquyam erat, sed diam voluptua.<\/p>\n\n\t<\/div>\n\n\n\n<div class=\"col-12\">\n\t\t\t\n\n<ul class=\"wp-block-list\"><li>All kind of barcodes and sizes&nbsp;<\/li><li>Document pouches, folds, perforation, receipt, punch holes for handholds&nbsp;<\/li><li>Individual, personalized printing (up to 8 colors)&nbsp;<\/li><li>Thickness reduced foil with identical mechanical characters to improve economic (less weight,&nbsp;packaging&nbsp;and storage effort)&nbsp;<\/li><\/ul>\n\n\t<\/div>\n\n<\/div>\n\n<\/div>\n\n\n<div class=\"wp-bootstrap-blocks-container container-fluid mb-5 custom_container custom_container--small\">\n\t\n<div class=\"wp-bootstrap-blocks-row row\">\n\t\n\n<div class=\"col-12 col-md-12\">\n\t\t\t\n\n<h2 class=\"wp-block-heading\">Suitable products<\/h2>\n\n\t<\/div>\n\n\n\n<div class=\"col-12\">\n\t\t\t\n\n<ul class=\"list--no-img-point wp-block-list\"><li><a href=\"https:\/\/www.orfix.com\/en\/areas-of-excellence-products\/cash-packaging\/coin-tubes\/\">Coin tubes<\/a><\/li><li><a href=\"https:\/\/www.orfix.com\/en\/areas-of-excellence-products\/cash-packaging\/banknote-wrappers\/\">Banknote wrappers<\/a><\/li><\/ul>\n\n\t<\/div>\n\n<\/div>\n\n<\/div>\n\n\n<div class=\"wp-bootstrap-blocks-container container-fluid mb-5 custom_container custom_container--middle\">\n\t\n<div class=\"wp-bootstrap-blocks-row row custom-row__cta-contact\">\n\t\n\n<div class=\"col-12 col-md-6\">\n\t\t\t\n\n<figure class=\"wp-block-image size-large advgb-dyn-6a484ffd\"><img loading=\"lazy\" decoding=\"async\" width=\"471\" height=\"344\" src=\"https:\/\/www.orfix.com\/wp-content\/uploads\/2020\/10\/shutterstock_116283283_471x344px.jpg\" alt=\"\" class=\"wp-image-3327\" srcset=\"https:\/\/www.orfix.com\/wp-content\/uploads\/2020\/10\/shutterstock_116283283_471x344px.jpg 471w, https:\/\/www.orfix.com\/wp-content\/uploads\/2020\/10\/shutterstock_116283283_471x344px-300x219.jpg 300w, https:\/\/www.orfix.com\/wp-content\/uploads\/2020\/10\/shutterstock_116283283_471x344px-24x18.jpg 24w, https:\/\/www.orfix.com\/wp-content\/uploads\/2020\/10\/shutterstock_116283283_471x344px-36x26.jpg 36w, https:\/\/www.orfix.com\/wp-content\/uploads\/2020\/10\/shutterstock_116283283_471x344px-48x35.jpg 48w\" sizes=\"auto, (max-width: 471px) 100vw, 471px\" \/><figcaption class=\"wp-element-caption\">Skontaktuj si\u0119 z nami<\/figcaption><\/figure>\n\n\t<\/div>\n\n\n\n<div class=\"col-12 col-md-6\">\n\t\t\t\n<div class=\"employeeblock\">\n    <figure class=\"employeeblock__item employeeblock__item--img\">\n        <img decoding=\"async\" src=\"\" alt=\"\" \/>\n    <\/figure>\n    <div class=\"employeeblock__item employeeblock__item--content\">\n        <h2 class=\"name\">Wsparcie Klienta \/ Customer Service<\/h2>\n        <p class=\"position\"><\/p>\n        <p><a class=\"link link--has-icon link--has-icon--mail\" href=\"mailto:orfix@orfix.pl\">orfix@orfix.pl<\/a><\/p>\n        <p><a class=\"link link--has-icon link--has-icon--tel\" href=\"tel:+48585110655\">+48 58 511-06-55<\/a><\/p>\n    <\/div>\n<\/div>\n\n\t<\/div>\n\n<\/div>\n\n<\/div>\n\n\n<div class=\"wp-bootstrap-blocks-container container-fluid mb-5 custom_container custom_container--middle\">\n\t\n<div class=\"wp-bootstrap-blocks-row row\">\n\t\n\n<div class=\"col-12 col-md-12\">\n\t\t\t\n\n<h2 class=\"wp-block-heading\">orfix &#8211; always available, fast and precise<\/h2>\n\n\t<\/div>\n\n\n\n<div class=\"col-12 col-md-6\">\n\t\t\t\n\n<p>Lorem ipsum dolor sit amet, consetetur sadipscing elitr, sed diam nonumy eirmod tempor invidunt ut labore et dolore magna aliquyam erat, sed diam voluptua. At vero eos et accusam et justo duo dolores et ea rebum. Stet clita kasd gubergren, no sea takimata sanctus est Lorem ipsum dolor sit amet. Lorem ipsum dolor sit amet, consetetur sadipscing elitr, sed diam nonumy eirmod tempor invidunt ut labore et dolore magna aliquyam erat, sed diam voluptua. At vero eos et accusam et justo duo dolores et ea rebum. Stet clita kasd gubergren, no sea takimata sanctus est Lorem ipsum dolor sit amet.<\/p>\n\n\t<\/div>\n\n\n\n<div class=\"col-12 col-md-6\">\n\t\t\t\n\n<ul class=\"list--no-img-point wp-block-list\"><li>The orfix standard range is always on stock.<\/li><li>orfix offers individual storage and services for personalized goods.<\/li><li>orfix is able to produce even small quantities of customized articles.<\/li><li>orfix offers competent and individual advice &#8211; via <a href=\"https:\/\/www.orfix.com\/en\/contact\/\">contact<\/a> form, by phone or as well on-site<\/li><\/ul>\n\n\t<\/div>\n\n<\/div>\n\n<\/div>\n\n\n\n<div style=\"height:20px\" aria-hidden=\"true\" class=\"wp-block-spacer\"><\/div>\n\n\n\n<figure class=\"wp-block-image size-full\"><img loading=\"lazy\" decoding=\"async\" width=\"2560\" height=\"750\" src=\"https:\/\/www.orfix.com\/wp-content\/uploads\/2024\/05\/orfix-Karte-2024-en-6-scaled.jpg\" alt=\"\" class=\"wp-image-22373\" srcset=\"https:\/\/www.orfix.com\/wp-content\/uploads\/2024\/05\/orfix-Karte-2024-en-6-scaled.jpg 2560w, https:\/\/www.orfix.com\/wp-content\/uploads\/2024\/05\/orfix-Karte-2024-en-6-768x225.jpg 768w, https:\/\/www.orfix.com\/wp-content\/uploads\/2024\/05\/orfix-Karte-2024-en-6-1536x450.jpg 1536w, https:\/\/www.orfix.com\/wp-content\/uploads\/2024\/05\/orfix-Karte-2024-en-6-2048x600.jpg 2048w\" sizes=\"auto, (max-width: 2560px) 100vw, 2560px\" \/><\/figure>\n\n\n\n<p class=\"has-medium-font-size\">Ch\u0119tnie doradzimy indywidualnie!<br><strong>Tw\u00f3j kompetentny partner z pe\u0142nym asortymentem dla ka\u017cdego, kto liczy, pakuje, transportuje lub przechowuje got\u00f3wk\u0119.<\/strong><\/p>\n\n\n\n<div style=\"height:20px\" aria-hidden=\"true\" class=\"wp-block-spacer\"><\/div>\n\n\n\n<div class=\"wp-block-buttons cta-banner-content__item is-layout-flex wp-block-buttons-is-layout-flex\">\n<div class=\"wp-block-button has-custom-font-size is-style-outline has-medium-font-size is-style-outline--1 advgb-dyn-5b178352\"><a class=\"wp-block-button__link has-text-color wp-element-button\" href=\"\/pl\/contact\/\" style=\"border-radius:1px;color:#ba0c2f\" target=\"_blank\" rel=\"noreferrer noopener\"><strong>Kontakt<\/strong><\/a><\/div>\n\n\n\n<div class=\"wp-block-button has-custom-font-size btn__bg--red has-medium-font-size advgb-dyn-86e7eee1\"><a class=\"wp-block-button__link has-white-color has-text-color has-background wp-element-button\" href=\"https:\/\/www.orfix.com\/pl\/obszary-dzialania-produkty\/\" style=\"border-radius:1px;background-color:#ba0c2f\" target=\"_blank\" rel=\"noreferrer noopener\"><strong>Produkty<\/strong><\/a><\/div>\n\n\n\n<div class=\"wp-block-button has-custom-font-size btn__bg--red has-medium-font-size advgb-dyn-1f1542a5\"><a class=\"wp-block-button__link has-white-color has-text-color has-background wp-element-button\" href=\"https:\/\/sklep.orfix.pl\/\" style=\"border-radius:1px;background-color:#ba0c2f\" target=\"_blank\" rel=\"noreferrer noopener\"><strong>Sklep on-line<\/strong><\/a><\/div>\n<\/div>\n\n\n\n<div style=\"height:20px\" aria-hidden=\"true\" class=\"wp-block-spacer\"><\/div>\n","protected":false},"excerpt":{"rendered":"<p><a class=\"btn btn-secondary understrap-read-more-link\" href=\"https:\/\/www.orfix.com\/pl\/product-sample-big\/\">Czytaj dalej\u2026<\/a><\/p>\n","protected":false},"author":36,"featured_media":0,"parent":0,"menu_order":0,"comment_status":"closed","ping_status":"closed","template":"","meta":{"_acf_changed":false,"om_disable_all_campaigns":false,"inline_featured_image":false,"advgb_blocks_editor_width":"","advgb_blocks_columns_visual_guide":"","_monsterinsights_skip_tracking":false,"_monsterinsights_sitenote_active":false,"_monsterinsights_sitenote_note":"","_monsterinsights_sitenote_category":0,"_uf_show_specific_survey":0,"_uf_disable_surveys":false,"footnotes":""},"class_list":["post-8503","page","type-page","status-publish","hentry"],"acf":[],"aioseo_notices":[],"coauthors":[],"author_meta":{"author_link":"https:\/\/www.orfix.com\/pl\/author\/mgendelmeyer\/","display_name":"Malte Gendelmeyer"},"relative_dates":{"created":"Posted 5 lat ago","modified":"Updated 5 lat ago"},"absolute_dates":{"created":"Posted on 16. listopada 2020","modified":"Updated on 25. listopada 2020"},"absolute_dates_time":{"created":"Posted on 16. listopada 2020 12:10","modified":"Updated on 25. listopada 2020 13:37"},"featured_img_caption":"","featured_img":false,"series_order":"","_links":{"self":[{"href":"https:\/\/www.orfix.com\/pl\/wp-json\/wp\/v2\/pages\/8503","targetHints":{"allow":["GET"]}}],"collection":[{"href":"https:\/\/www.orfix.com\/pl\/wp-json\/wp\/v2\/pages"}],"about":[{"href":"https:\/\/www.orfix.com\/pl\/wp-json\/wp\/v2\/types\/page"}],"author":[{"embeddable":true,"href":"https:\/\/www.orfix.com\/pl\/wp-json\/wp\/v2\/users\/36"}],"replies":[{"embeddable":true,"href":"https:\/\/www.orfix.com\/pl\/wp-json\/wp\/v2\/comments?post=8503"}],"version-history":[{"count":1,"href":"https:\/\/www.orfix.com\/pl\/wp-json\/wp\/v2\/pages\/8503\/revisions"}],"predecessor-version":[{"id":8511,"href":"https:\/\/www.orfix.com\/pl\/wp-json\/wp\/v2\/pages\/8503\/revisions\/8511"}],"wp:attachment":[{"href":"https:\/\/www.orfix.com\/pl\/wp-json\/wp\/v2\/media?parent=8503"}],"curies":[{"name":"wp","href":"https:\/\/api.w.org\/{rel}","templated":true}]}}