{"id":7756,"date":"2020-11-09T17:23:32","date_gmt":"2020-11-09T16:23:32","guid":{"rendered":"http:\/\/orfix.netzkunst24.de\/?page_id=7756"},"modified":"2024-05-27T21:01:38","modified_gmt":"2024-05-27T19:01:38","slug":"polityka-prywatnosci","status":"publish","type":"page","link":"https:\/\/www.orfix.com\/pl\/polityka-prywatnosci\/","title":{"rendered":"Polityka prywatno\u015bci"},"content":{"rendered":"<div class=\"wp-bootstrap-blocks-container container-fluid mb-5 custom_container custom_container--big custom_container--banner custom_container--banner--no-img\">\n\t\n<div class=\"wp-bootstrap-blocks-row row custom_row custom_row--center\">\n\t\n\n<div class=\"col-12 col-md-12 custom_slider custom-banner-img custom_slider__banner\">\n\t\t\t\n\n\n\n\n<h1 class=\"wp-block-heading advgb-dyn-bee9fbf1\" style=\"font-size:30px\">Polityka prywatno\u015bci<\/h1>\n\n\t<\/div>\n\n<\/div>\n\n<\/div>\n\n\n<div class=\"wp-bootstrap-blocks-container container-fluid mb-3 custom_container custom_container--small\">\n\t\n<div class=\"wp-bootstrap-blocks-row row\">\n\t\n\n<div class=\"col-12 col-md-12\">\n\t\t\t\n\n<p class=\"has-medium-font-size\">Ochrona i bezpiecze\u0144stwo powierzonych nam danych osobowych ma dla nas najwy\u017cszy priorytet. \u015aci\u015ble przestrzegamy przepis\u00f3w europejskiego rozporz\u0105dzenia o ochronie danych. Zgodnie z tymi przepisami wykorzystujemy dane osobowe pracownik\u00f3w, klient\u00f3w, dostawc\u00f3w i partner\u00f3w biznesowych. Informujemy Pa\u0144stwa o rodzajach gromadzonych danych, celach, dla kt\u00f3rych s\u0105 one gromadzone oraz o tym, jak nale\u017cy si\u0119 z nimi obchodzi\u0107.<\/p>\n\n\t<\/div>\n\n<\/div>\n\n<\/div>\n\n\n<div class=\"wp-bootstrap-blocks-container container-fluid mb-3 custom_container custom_container--small\">\n\t\n<div class=\"wp-bootstrap-blocks-row row\">\n\t\n\n<div class=\"col-12 col-md-12\">\n\t\t\t\n\n<h2 class=\"wp-block-heading advgb-dyn-22c243ed\" style=\"font-size:30px\">1. Transmisja danych\/ rejestracja danych&nbsp;<\/h2>\n\n\n\n<p class=\"has-medium-font-size\">Gdy odwiedzaj\u0105 Pa\u0144stwo nasz\u0105 stron\u0119 internetow\u0105, serwer automatycznie zapisuje pliki dziennika, kt\u00f3re nie mog\u0105 by\u0107 przypisane do konkretnej osoby. Dane te obejmuj\u0105 typ i wersj\u0119 przegl\u0105darki, u\u017cywany system operacyjny, poprzednio odwiedzon\u0105 stron\u0119, adres IP komputera, z kt\u00f3rego przesy\u0142ane jest zapytanie, dat\u0119 i godzin\u0119 dost\u0119pu do serwera, a tak\u017ce \u017c\u0105danie pliku z nazw\u0105 pliku i adresem URL. Dane te s\u0105 gromadzone wy\u0142\u0105cznie do cel\u00f3w analizy statystycznej i nie s\u0105 przekazywane osobom trzecim.<\/p>\n\n\t<\/div>\n\n<\/div>\n\n<\/div>\n\n\n<div class=\"wp-bootstrap-blocks-container container-fluid mb-3 custom_container custom_container--small\">\n\t\n<div class=\"wp-bootstrap-blocks-row row\">\n\t\n\n<div class=\"col-12 col-md-12\">\n\t\t\t\n\n<h2 class=\"wp-block-heading advgb-dyn-d3875071\" style=\"font-size:30px\">2.\u00a0Wykorzystanie danych osobowych\u00a0<\/h2>\n\n\n\n<p class=\"has-medium-font-size\">Dane osobowe b\u0119d\u0105 gromadzone lub przetwarzane tylko wtedy, gdy przeka\u017c\u0105 nam je Pa\u0144stwo dobrowolnie. Zgod\u0119 na przechowywanie danych osobowych mo\u017cna w ka\u017cdej chwili wycofa\u0107 ze skutkiem natychmiastowym w formie pisemnej lub za pomoc\u0105 wiadomo\u015bci tekstowej. Pa\u0144stwa dane nie b\u0119d\u0105 przekazywane osobom trzecim, chyba \u017ce b\u0119dziemy do tego zobowi\u0105zani przepisami prawa i\/lub b\u0119dzie to konieczne.<\/p>\n\n\t<\/div>\n\n<\/div>\n\n<\/div>\n\n\n<div class=\"wp-bootstrap-blocks-container container-fluid mb-3 custom_container custom_container--small\">\n\t\n<div class=\"wp-bootstrap-blocks-row row\">\n\t\n\n<div class=\"col-12 col-md-12\">\n\t\t\t\n\n<h2 class=\"wp-block-heading advgb-dyn-6d61b667\" style=\"font-size:30px\">3. Informacje, zmiany lub rozwi\u0105zania dotycz\u0105ce Pa\u0144stwa danych<\/h2>\n\n\n\n<p class=\"has-medium-font-size\">W ka\u017cdej chwili mog\u0105 Pa\u0144stwo zwr\u00f3ci\u0107 si\u0119 do nas z pisemnym zapytaniem, a my poinformujemy Pa\u0144stwa, czy i jakie Pa\u0144stwa dane osobowe zosta\u0142y przez nas zapisane. Na \u017c\u0105danie poinformujemy Pa\u0144stwa r\u00f3wnie\u017c o zmianie i usuni\u0119ciu Pa\u0144stwa danych.<\/p>\n\n\t<\/div>\n\n<\/div>\n\n<\/div>\n\n\n<div class=\"wp-bootstrap-blocks-container container-fluid mb-3 custom_container custom_container--small\">\n\t\n<div class=\"wp-bootstrap-blocks-row row\">\n\t\n\n<div class=\"col-12 col-md-12\">\n\t\t\t\n\n<h2 class=\"wp-block-heading advgb-dyn-433aaf52\" style=\"font-size:30px\">\u00a04. Bezpiecze\u0144stwo danych<\/h2>\n\n\n\n<p class=\"has-medium-font-size\">Podane przez Pa\u0144stwa dane osobowe s\u0105 chronione za pomoc\u0105 wszelkich technicznych i organizacyjnych \u015brodk\u00f3w bezpiecze\u0144stwa w taki spos\u00f3b, \u017ce s\u0105 one niedost\u0119pne dla nieupowa\u017cnionych os\u00f3b trzecich. Podczas wysy\u0142ania poufnych danych lub informacji zalecamy korzystanie z us\u0142ugi pocztowej, poniewa\u017c nie mo\u017cna zagwarantowa\u0107 pe\u0142nego bezpiecze\u0144stwa danych w ruchu poczty elektronicznej.<\/p>\n\n\t<\/div>\n\n<\/div>\n\n<\/div>\n\n\n<div class=\"wp-bootstrap-blocks-container container-fluid mb-3 custom_container custom_container--small\">\n\t\n<div class=\"wp-bootstrap-blocks-row row\">\n\t\n\n<div class=\"col-12 col-md-12\">\n\t\t\t\n\n<h2 class=\"wp-block-heading advgb-dyn-bddf52fe\" style=\"font-size:30px\">5.\u00a0Pragniemy wyra\u017anie zwr\u00f3ci\u0107 Pa\u0144stwa uwag\u0119 na nast\u0119puj\u0105ce prawa:\u00a0<\/h2>\n\n\n\n<p class=\"has-medium-font-size\">Przys\u0142uguje Pa\u0144stwu prawo do informacji i autoryzacji swoich danych w ka\u017cdej chwili, jak r\u00f3wnie\u017c prawo do usuni\u0119cia i odwo\u0142ania swojej zgody na wykorzystywanie Pa\u0144stwa danych w dowolnym momencie.<\/p>\n\n\t<\/div>\n\n<\/div>\n\n<\/div>\n\n\n<div class=\"wp-bootstrap-blocks-container container-fluid mb-3 custom_container custom_container--small\">\n\t\n<div class=\"wp-bootstrap-blocks-row row\">\n\t\n\n<div class=\"col-12 col-md-12\">\n\t\t\t\n\n<h2 class=\"wp-block-heading advgb-dyn-cada4505\" style=\"font-size:30px\">6. \u00a0Wyszukiwarka Google<\/h2>\n\n\n\n<p class=\"has-medium-font-size\">Je\u015bli nasza witryna korzysta z Google&#8217;s web analysis service lub cookies, mog\u0105 Pa\u0144stwo w dowolnej chwili wy\u0142\u0105czy\u0107 t\u0119 funkcj\u0119. Nale\u017cy jednak zaznaczy\u0107, \u017ce mo\u017ce si\u0119 okaza\u0107 niemo\u017cliwe korzystanie z wszystkich funkcji tej strony internetowej w pe\u0142nym zakresie.<\/p>\n\n\t<\/div>\n\n<\/div>\n\n<\/div>\n\n\n<div class=\"wp-bootstrap-blocks-container container-fluid mb-5 custom_container custom_container--small\">\n\t\n<div class=\"wp-bootstrap-blocks-row row\">\n\t\n\n<div class=\"col-12 col-md-12\">\n\t\t\t\n\n<p class=\"has-medium-font-size\"><br>Zawsze do\u0142o\u017cymy wszelkich stara\u0144, aby rozpatrzy\u0107 i za\u0142atwi\u0107 wszelkie pro\u015bby lub skargi, na kt\u00f3re zwr\u00f3cisz nasz\u0105 uwag\u0119. Opr\u00f3cz skontaktowania si\u0119 z inspektorem ochrony danych, zawsze masz prawo zwr\u00f3ci\u0107 si\u0119 do w\u0142a\u015bciwego organu ochrony danych ze swoim \u017c\u0105daniem lub skarg\u0105.<\/p>\n\n\n\n<p><\/p>\n\n\t<\/div>\n\n<\/div>\n\n<\/div>\n\n\n<div class=\"wp-bootstrap-blocks-container container-fluid mb-5 custom_container custom_container--middle\">\n\t\n<div class=\"wp-bootstrap-blocks-row row custom-row__cta-contact\">\n\t\n\n<div class=\"col-12 col-md-6\">\n\t\t\t\n\n<figure class=\"wp-block-image size-large advgb-dyn-6a484ffd\"><img loading=\"lazy\" decoding=\"async\" width=\"471\" height=\"344\" src=\"https:\/\/www.orfix.com\/wp-content\/uploads\/2020\/10\/shutterstock_116283283_471x344px.jpg\" alt=\"\" class=\"wp-image-3327\" srcset=\"https:\/\/www.orfix.com\/wp-content\/uploads\/2020\/10\/shutterstock_116283283_471x344px.jpg 471w, https:\/\/www.orfix.com\/wp-content\/uploads\/2020\/10\/shutterstock_116283283_471x344px-300x219.jpg 300w, https:\/\/www.orfix.com\/wp-content\/uploads\/2020\/10\/shutterstock_116283283_471x344px-24x18.jpg 24w, https:\/\/www.orfix.com\/wp-content\/uploads\/2020\/10\/shutterstock_116283283_471x344px-36x26.jpg 36w, https:\/\/www.orfix.com\/wp-content\/uploads\/2020\/10\/shutterstock_116283283_471x344px-48x35.jpg 48w\" sizes=\"auto, (max-width: 471px) 100vw, 471px\" \/><figcaption class=\"wp-element-caption\">Skontaktuj si\u0119 z nami<\/figcaption><\/figure>\n\n\t<\/div>\n\n\n\n<div class=\"col-12 col-md-6\">\n\t\t\t\n<div class=\"employeeblock\">\n    <figure class=\"employeeblock__item employeeblock__item--img\">\n        <img decoding=\"async\" src=\"\" alt=\"\" \/>\n    <\/figure>\n    <div class=\"employeeblock__item employeeblock__item--content\">\n        <h2 class=\"name\">Wsparcie Klienta \/ Customer Service<\/h2>\n        <p class=\"position\"><\/p>\n        <p><a class=\"link link--has-icon link--has-icon--mail\" href=\"mailto:orfix@orfix.pl\">orfix@orfix.pl<\/a><\/p>\n        <p><a class=\"link link--has-icon link--has-icon--tel\" href=\"tel:+48585110655\">+48 58 511-06-55<\/a><\/p>\n    <\/div>\n<\/div>\n\n\t<\/div>\n\n<\/div>\n\n<\/div>\n\n\n\n<div style=\"height:20px\" aria-hidden=\"true\" class=\"wp-block-spacer\"><\/div>\n\n\n\n<figure class=\"wp-block-image size-full\"><img loading=\"lazy\" decoding=\"async\" width=\"2560\" height=\"750\" src=\"https:\/\/www.orfix.com\/wp-content\/uploads\/2024\/05\/orfix-Karte-2024-en-6-scaled.jpg\" alt=\"\" class=\"wp-image-22373\" srcset=\"https:\/\/www.orfix.com\/wp-content\/uploads\/2024\/05\/orfix-Karte-2024-en-6-scaled.jpg 2560w, https:\/\/www.orfix.com\/wp-content\/uploads\/2024\/05\/orfix-Karte-2024-en-6-768x225.jpg 768w, https:\/\/www.orfix.com\/wp-content\/uploads\/2024\/05\/orfix-Karte-2024-en-6-1536x450.jpg 1536w, https:\/\/www.orfix.com\/wp-content\/uploads\/2024\/05\/orfix-Karte-2024-en-6-2048x600.jpg 2048w\" sizes=\"auto, (max-width: 2560px) 100vw, 2560px\" \/><\/figure>\n\n\n\n<p class=\"has-medium-font-size\">Ch\u0119tnie doradzimy indywidualnie!<br><strong>Tw\u00f3j kompetentny partner z pe\u0142nym asortymentem dla ka\u017cdego, kto liczy, pakuje, transportuje lub przechowuje got\u00f3wk\u0119.<\/strong><\/p>\n\n\n\n<div style=\"height:20px\" aria-hidden=\"true\" class=\"wp-block-spacer\"><\/div>\n\n\n\n<div class=\"wp-block-buttons cta-banner-content__item is-layout-flex wp-block-buttons-is-layout-flex\">\n<div class=\"wp-block-button has-custom-font-size is-style-outline has-medium-font-size is-style-outline--1 advgb-dyn-5b178352\"><a class=\"wp-block-button__link has-text-color wp-element-button\" href=\"\/pl\/contact\/\" style=\"border-radius:1px;color:#ba0c2f\" target=\"_blank\" rel=\"noreferrer noopener\"><strong>Kontakt<\/strong><\/a><\/div>\n\n\n\n<div class=\"wp-block-button has-custom-font-size btn__bg--red has-medium-font-size advgb-dyn-86e7eee1\"><a class=\"wp-block-button__link has-white-color has-text-color has-background wp-element-button\" href=\"https:\/\/www.orfix.com\/pl\/obszary-dzialania-produkty\/\" style=\"border-radius:1px;background-color:#ba0c2f\" target=\"_blank\" rel=\"noreferrer noopener\"><strong>Produkty<\/strong><\/a><\/div>\n\n\n\n<div class=\"wp-block-button has-custom-font-size btn__bg--red has-medium-font-size advgb-dyn-1f1542a5\"><a class=\"wp-block-button__link has-white-color has-text-color has-background wp-element-button\" href=\"https:\/\/sklep.orfix.pl\/\" style=\"border-radius:1px;background-color:#ba0c2f\" target=\"_blank\" rel=\"noreferrer noopener\"><strong>Sklep on-line<\/strong><\/a><\/div>\n<\/div>\n\n\n\n<div style=\"height:20px\" aria-hidden=\"true\" class=\"wp-block-spacer\"><\/div>\n","protected":false},"excerpt":{"rendered":"<p><a class=\"btn btn-secondary understrap-read-more-link\" href=\"https:\/\/www.orfix.com\/pl\/polityka-prywatnosci\/\">Czytaj dalej\u2026<\/a><\/p>\n","protected":false},"author":36,"featured_media":0,"parent":0,"menu_order":6,"comment_status":"closed","ping_status":"closed","template":"","meta":{"_acf_changed":false,"om_disable_all_campaigns":false,"inline_featured_image":false,"advgb_blocks_editor_width":"","advgb_blocks_columns_visual_guide":"","_monsterinsights_skip_tracking":false,"_monsterinsights_sitenote_active":false,"_monsterinsights_sitenote_note":"","_monsterinsights_sitenote_category":0,"_uf_show_specific_survey":0,"_uf_disable_surveys":false,"footnotes":""},"class_list":["post-7756","page","type-page","status-publish","hentry"],"acf":[],"aioseo_notices":[],"coauthors":[],"author_meta":{"author_link":"https:\/\/www.orfix.com\/pl\/author\/mgendelmeyer\/","display_name":"Malte Gendelmeyer"},"relative_dates":{"created":"Posted 5 lat ago","modified":"Updated 2 lata ago"},"absolute_dates":{"created":"Posted on 9. listopada 2020","modified":"Updated on 27. maja 2024"},"absolute_dates_time":{"created":"Posted on 9. listopada 2020 17:23","modified":"Updated on 27. maja 2024 21:01"},"featured_img_caption":"","featured_img":false,"series_order":"","_links":{"self":[{"href":"https:\/\/www.orfix.com\/pl\/wp-json\/wp\/v2\/pages\/7756","targetHints":{"allow":["GET"]}}],"collection":[{"href":"https:\/\/www.orfix.com\/pl\/wp-json\/wp\/v2\/pages"}],"about":[{"href":"https:\/\/www.orfix.com\/pl\/wp-json\/wp\/v2\/types\/page"}],"author":[{"embeddable":true,"href":"https:\/\/www.orfix.com\/pl\/wp-json\/wp\/v2\/users\/36"}],"replies":[{"embeddable":true,"href":"https:\/\/www.orfix.com\/pl\/wp-json\/wp\/v2\/comments?post=7756"}],"version-history":[{"count":8,"href":"https:\/\/www.orfix.com\/pl\/wp-json\/wp\/v2\/pages\/7756\/revisions"}],"predecessor-version":[{"id":25813,"href":"https:\/\/www.orfix.com\/pl\/wp-json\/wp\/v2\/pages\/7756\/revisions\/25813"}],"wp:attachment":[{"href":"https:\/\/www.orfix.com\/pl\/wp-json\/wp\/v2\/media?parent=7756"}],"curies":[{"name":"wp","href":"https:\/\/api.w.org\/{rel}","templated":true}]}}