{"id":7747,"date":"2020-11-09T17:21:36","date_gmt":"2020-11-09T16:21:36","guid":{"rendered":"http:\/\/orfix.netzkunst24.de\/?page_id=7747"},"modified":"2024-05-27T21:02:38","modified_gmt":"2024-05-27T19:02:38","slug":"informacje-prawne","status":"publish","type":"page","link":"https:\/\/www.orfix.com\/pl\/informacje-prawne\/","title":{"rendered":"Informacje prawne"},"content":{"rendered":"<div class=\"wp-bootstrap-blocks-container container-fluid mb-5 custom_container custom_container--big custom_container--banner custom_container--banner--no-img\">\n\t\n<div class=\"wp-bootstrap-blocks-row row custom_row custom_row--center\">\n\t\n\n<div class=\"col-12 col-md-12 custom_slider custom-banner-img custom_slider__banner\">\n\t\t\t\n\n\n\n\n<h1 class=\"wp-block-heading advgb-dyn-6802d89e\" style=\"font-size:30px\">Informacje prawne<\/h1>\n\n\t<\/div>\n\n<\/div>\n\n<\/div>\n\n\n<div class=\"wp-bootstrap-blocks-container container-fluid mb-5 custom_container custom_container--small\">\n\t\n<div class=\"wp-bootstrap-blocks-row row\">\n\t\n\n<div class=\"col-12 col-md-12\">\n\t\t\t\n\n<p class=\"has-medium-font-size\"><strong>orfix Polska Sp\u00f3\u0142ka z ograniczon\u0105 odpowiedzialno\u015bci\u0105 Sp. k.<\/strong><\/p>\n\n\n\n<p class=\"has-medium-font-size\">ul. Kartuska 462<\/p>\n\n\n\n<p class=\"has-medium-font-size\">80-298 Gda\u0144sk<\/p>\n\n\n\n<p class=\"has-medium-font-size\">tel. + 48 (0) 58 &#8211; 511 06 55 \u00b7 fax + 48 (0) 58 &#8211; 511 06 57<\/p>\n\n\n\n<p class=\"has-medium-font-size\">orfix@orfix.pl<\/p>\n\n\n\n<p><\/p>\n\n\n\n<h2 class=\"wp-block-heading advgb-dyn-18a61848\" style=\"font-size:30px\">Osoba reprezentuj\u0105ca firm\u0119 orfix Polska Sp. z o.o. Sp.k.<\/h2>\n\n\n\n<p class=\"has-medium-font-size\">Rados\u0142aw Bylec &#8211; Prezes Zarz\u0105du<\/p>\n\n\n\n<p class=\"has-medium-font-size\"><strong>KRS: <\/strong>0000259159<\/p>\n\n\n\n<p class=\"has-medium-font-size\"><strong>Regon<\/strong>.: 220258053<\/p>\n\n\n\n<p class=\"has-medium-font-size\"><strong>NIP.<\/strong>: 584-258-68-42<\/p>\n\n\n\n<p class=\"has-medium-font-size\"><\/p>\n\n\n\n<p class=\"has-medium-font-size\"><strong>SANTANDER BANK POLSKA S.A.<\/strong><\/p>\n\n\n\n<p class=\"has-medium-font-size\">32 1500 1171 1211 7004 8725 0000<\/p>\n\n\n\n<p class=\"has-medium-font-size\"><\/p>\n\n\n\n<p class=\"has-medium-font-size\"><strong><a href=\"https:\/\/www.orfix.com\/en\/general-terms-and-conditions\/\">Our General Terms and Conditions<\/a><\/strong><\/p>\n\n\n\n<p class=\"has-medium-font-size\"><\/p>\n\n\n\n<p class=\"has-medium-font-size\"><strong><a href=\"https:\/\/www.orfix.com\/en\/privacy-policy\/\">Our Privacy Policy<\/a><\/strong><\/p>\n\n\n\n<p class=\"has-medium-font-size\">Sp\u00f3\u0142ka wpisana do rejestru przedsi\u0119biorc\u00f3w Krajowego Rejestru S\u0105dowego prowadzonego przez S\u0105d Rejonowy Gda\u0144sk-P\u00f3\u0142noc w Gda\u0144sku, VII Wydzia\u0142 Gospodarczy Krajowego Rejestru S\u0105dowego pod numerem KRS 0000259159, posiadaj\u0105ca numer identyfikacji podatkowej NIP 584-258-68-42, Regon 220258053, suma komandytowa w wysoko\u015bci 550 000 z\u0142<\/p>\n\n\t<\/div>\n\n<\/div>\n\n<\/div>\n\n\n\n<div style=\"height:20px\" aria-hidden=\"true\" class=\"wp-block-spacer\"><\/div>\n\n\n\n<figure class=\"wp-block-image size-full\"><img loading=\"lazy\" decoding=\"async\" width=\"2560\" height=\"750\" src=\"https:\/\/www.orfix.com\/wp-content\/uploads\/2024\/05\/orfix-Karte-2024-en-6-scaled.jpg\" alt=\"\" class=\"wp-image-22373\" srcset=\"https:\/\/www.orfix.com\/wp-content\/uploads\/2024\/05\/orfix-Karte-2024-en-6-scaled.jpg 2560w, https:\/\/www.orfix.com\/wp-content\/uploads\/2024\/05\/orfix-Karte-2024-en-6-768x225.jpg 768w, https:\/\/www.orfix.com\/wp-content\/uploads\/2024\/05\/orfix-Karte-2024-en-6-1536x450.jpg 1536w, https:\/\/www.orfix.com\/wp-content\/uploads\/2024\/05\/orfix-Karte-2024-en-6-2048x600.jpg 2048w\" sizes=\"auto, (max-width: 2560px) 100vw, 2560px\" \/><\/figure>\n\n\n\n<p class=\"has-medium-font-size\">Ch\u0119tnie doradzimy indywidualnie!<br><strong>Tw\u00f3j kompetentny partner z pe\u0142nym asortymentem dla ka\u017cdego, kto liczy, pakuje, transportuje lub przechowuje got\u00f3wk\u0119.<\/strong><\/p>\n\n\n\n<div style=\"height:20px\" aria-hidden=\"true\" class=\"wp-block-spacer\"><\/div>\n\n\n\n<div class=\"wp-block-buttons cta-banner-content__item is-layout-flex wp-block-buttons-is-layout-flex\">\n<div class=\"wp-block-button has-custom-font-size is-style-outline has-medium-font-size is-style-outline--1 advgb-dyn-5b178352\"><a class=\"wp-block-button__link has-text-color wp-element-button\" href=\"\/pl\/contact\/\" style=\"border-radius:1px;color:#ba0c2f\" target=\"_blank\" rel=\"noreferrer noopener\"><strong>Kontakt<\/strong><\/a><\/div>\n\n\n\n<div class=\"wp-block-button has-custom-font-size btn__bg--red has-medium-font-size advgb-dyn-86e7eee1\"><a class=\"wp-block-button__link has-white-color has-text-color has-background wp-element-button\" href=\"https:\/\/www.orfix.com\/pl\/obszary-dzialania-produkty\/\" style=\"border-radius:1px;background-color:#ba0c2f\" target=\"_blank\" rel=\"noreferrer noopener\"><strong>Produkty<\/strong><\/a><\/div>\n\n\n\n<div class=\"wp-block-button has-custom-font-size btn__bg--red has-medium-font-size advgb-dyn-1f1542a5\"><a class=\"wp-block-button__link has-white-color has-text-color has-background wp-element-button\" href=\"https:\/\/sklep.orfix.pl\/\" style=\"border-radius:1px;background-color:#ba0c2f\" target=\"_blank\" rel=\"noreferrer noopener\"><strong>Sklep on-line<\/strong><\/a><\/div>\n<\/div>\n\n\n\n<div style=\"height:20px\" aria-hidden=\"true\" class=\"wp-block-spacer\"><\/div>\n","protected":false},"excerpt":{"rendered":"<p><a class=\"btn btn-secondary understrap-read-more-link\" href=\"https:\/\/www.orfix.com\/pl\/informacje-prawne\/\">Czytaj dalej\u2026<\/a><\/p>\n","protected":false},"author":36,"featured_media":0,"parent":0,"menu_order":5,"comment_status":"closed","ping_status":"closed","template":"","meta":{"_acf_changed":false,"om_disable_all_campaigns":false,"inline_featured_image":false,"advgb_blocks_editor_width":"","advgb_blocks_columns_visual_guide":"","_monsterinsights_skip_tracking":false,"_monsterinsights_sitenote_active":false,"_monsterinsights_sitenote_note":"","_monsterinsights_sitenote_category":0,"_uf_show_specific_survey":0,"_uf_disable_surveys":false,"footnotes":""},"class_list":["post-7747","page","type-page","status-publish","hentry"],"acf":[],"aioseo_notices":[],"coauthors":[],"author_meta":{"author_link":"https:\/\/www.orfix.com\/pl\/author\/mgendelmeyer\/","display_name":"Malte Gendelmeyer"},"relative_dates":{"created":"Posted 5 lat ago","modified":"Updated 2 lata ago"},"absolute_dates":{"created":"Posted on 9. listopada 2020","modified":"Updated on 27. maja 2024"},"absolute_dates_time":{"created":"Posted on 9. listopada 2020 17:21","modified":"Updated on 27. maja 2024 21:02"},"featured_img_caption":"","featured_img":false,"series_order":"","_links":{"self":[{"href":"https:\/\/www.orfix.com\/pl\/wp-json\/wp\/v2\/pages\/7747","targetHints":{"allow":["GET"]}}],"collection":[{"href":"https:\/\/www.orfix.com\/pl\/wp-json\/wp\/v2\/pages"}],"about":[{"href":"https:\/\/www.orfix.com\/pl\/wp-json\/wp\/v2\/types\/page"}],"author":[{"embeddable":true,"href":"https:\/\/www.orfix.com\/pl\/wp-json\/wp\/v2\/users\/36"}],"replies":[{"embeddable":true,"href":"https:\/\/www.orfix.com\/pl\/wp-json\/wp\/v2\/comments?post=7747"}],"version-history":[{"count":7,"href":"https:\/\/www.orfix.com\/pl\/wp-json\/wp\/v2\/pages\/7747\/revisions"}],"predecessor-version":[{"id":25796,"href":"https:\/\/www.orfix.com\/pl\/wp-json\/wp\/v2\/pages\/7747\/revisions\/25796"}],"wp:attachment":[{"href":"https:\/\/www.orfix.com\/pl\/wp-json\/wp\/v2\/media?parent=7747"}],"curies":[{"name":"wp","href":"https:\/\/api.w.org\/{rel}","templated":true}]}}