{"id":7645,"date":"2020-11-09T16:49:16","date_gmt":"2020-11-09T15:49:16","guid":{"rendered":"http:\/\/orfix.netzkunst24.de\/?page_id=7645"},"modified":"2025-12-05T00:48:53","modified_gmt":"2025-12-04T23:48:53","slug":"nasza-misja","status":"publish","type":"page","link":"https:\/\/www.orfix.com\/pl\/o-nas\/nasza-misja\/","title":{"rendered":"Nasza Misja"},"content":{"rendered":"<div class=\"wp-bootstrap-blocks-container container-fluid mb-5 custom_container custom_container--big custom_container--banner\">\n\t\n<div class=\"wp-bootstrap-blocks-row row custom_row custom_row--center\">\n\t\n\n<div class=\"col-12 col-md-12 custom_slider custom_slider__banner custom-banner-img\">\n\t\t\t\n\n<figure class=\"wp-block-image size-full desktop-banner\"><img loading=\"lazy\" decoding=\"async\" width=\"2133\" height=\"577\" src=\"https:\/\/www.orfix.com\/wp-content\/uploads\/2024\/05\/orfix_Header_Banner_Mission_PL_1024x277.jpg\" alt=\"Dokument z logo orfix i napisem &quot;Misja, Wizja, Warto\u015bci&quot; na tle z klawiatur\u0105.\" class=\"wp-image-25081\" srcset=\"https:\/\/www.orfix.com\/wp-content\/uploads\/2024\/05\/orfix_Header_Banner_Mission_PL_1024x277.jpg 2133w, https:\/\/www.orfix.com\/wp-content\/uploads\/2024\/05\/orfix_Header_Banner_Mission_PL_1024x277-768x208.jpg 768w, https:\/\/www.orfix.com\/wp-content\/uploads\/2024\/05\/orfix_Header_Banner_Mission_PL_1024x277-1536x416.jpg 1536w, https:\/\/www.orfix.com\/wp-content\/uploads\/2024\/05\/orfix_Header_Banner_Mission_PL_1024x277-2048x554.jpg 2048w\" sizes=\"auto, (max-width: 2133px) 100vw, 2133px\" \/><\/figure>\n\n\n\n\n\t<\/div>\n\n<\/div>\n\n\n<div class=\"wp-bootstrap-blocks-row row custom_row custom_row--center\">\n\t\n\n<div class=\"col-12 col-md-12 custom_slider custom_slider__banner custom-banner-img\">\n\t\t\t\n\n<figure class=\"wp-block-image size-full mobile-banner\"><img loading=\"lazy\" decoding=\"async\" width=\"1583\" height=\"1250\" src=\"https:\/\/www.orfix.com\/wp-content\/uploads\/2024\/05\/orfix_Mobile_Banner-Mission_760x600-1.jpg\" alt=\"\" class=\"wp-image-25064\" srcset=\"https:\/\/www.orfix.com\/wp-content\/uploads\/2024\/05\/orfix_Mobile_Banner-Mission_760x600-1.jpg 1583w, https:\/\/www.orfix.com\/wp-content\/uploads\/2024\/05\/orfix_Mobile_Banner-Mission_760x600-1-768x606.jpg 768w, https:\/\/www.orfix.com\/wp-content\/uploads\/2024\/05\/orfix_Mobile_Banner-Mission_760x600-1-1536x1213.jpg 1536w\" sizes=\"auto, (max-width: 1583px) 100vw, 1583px\" \/><\/figure>\n\n\n\n\n\t<\/div>\n\n<\/div>\n\n<\/div>\n\n\n<div class=\"wp-bootstrap-blocks-container container-fluid mb-3 custom_container custom_container--small\">\n\t\n<div class=\"wp-bootstrap-blocks-row row g-0\">\n\t\n\n<div class=\"col-12 col-md-2\">\n\t\t\t\n\n<h2 class=\"wp-block-heading\"><img loading=\"lazy\" decoding=\"async\" width=\"150\" height=\"117\" class=\"wp-image-4233\" style=\"width: 150px;\" src=\"https:\/\/www.orfix.com\/wp-content\/uploads\/2020\/10\/item_whoweare_mission_statement3.jpg\" alt=\"\" srcset=\"https:\/\/www.orfix.com\/wp-content\/uploads\/2020\/10\/item_whoweare_mission_statement3.jpg 300w, https:\/\/www.orfix.com\/wp-content\/uploads\/2020\/10\/item_whoweare_mission_statement3-24x19.jpg 24w, https:\/\/www.orfix.com\/wp-content\/uploads\/2020\/10\/item_whoweare_mission_statement3-36x28.jpg 36w, https:\/\/www.orfix.com\/wp-content\/uploads\/2020\/10\/item_whoweare_mission_statement3-48x37.jpg 48w\" sizes=\"auto, (max-width: 150px) 100vw, 150px\" \/><\/h2>\n\n\t<\/div>\n\n\n\n<div class=\"col-12 col-md-10\">\n\t\t\t\n\n<h2 class=\"wp-block-heading has-large-font-size\">1. Kim jeste\u015bmy<\/h2>\n\n\n\n<p class=\"has-medium-font-size\">Jeste\u015bmy dostawc\u0105 us\u0142ug i producentem w dziedzinie ochrony warto\u015bci. Dostarczamy innowacyjne rozwi\u0105zania i opracowujemy nowe produkty ukierunkowane na wymagania oraz potrzeby naszych Klient\u00f3w.<\/p>\n\n\t<\/div>\n\n<\/div>\n\n\n<div class=\"wp-bootstrap-blocks-row row g-0\">\n\t\n\n<div class=\"col-12 col-md-2\">\n\t\t\t\n\n<h2 class=\"wp-block-heading\"><img loading=\"lazy\" decoding=\"async\" width=\"150\" height=\"117\" class=\"wp-image-4213\" style=\"width: 150px;\" src=\"https:\/\/www.orfix.com\/wp-content\/uploads\/2020\/10\/item_green_label_mission_statement3-3.jpg\" alt=\"\" srcset=\"https:\/\/www.orfix.com\/wp-content\/uploads\/2020\/10\/item_green_label_mission_statement3-3.jpg 300w, https:\/\/www.orfix.com\/wp-content\/uploads\/2020\/10\/item_green_label_mission_statement3-3-24x19.jpg 24w, https:\/\/www.orfix.com\/wp-content\/uploads\/2020\/10\/item_green_label_mission_statement3-3-36x28.jpg 36w, https:\/\/www.orfix.com\/wp-content\/uploads\/2020\/10\/item_green_label_mission_statement3-3-48x37.jpg 48w\" sizes=\"auto, (max-width: 150px) 100vw, 150px\" \/><\/h2>\n\n\t<\/div>\n\n\n\n<div class=\"col-12 col-md-10\">\n\t\t\t\n\n<h2 class=\"wp-block-heading has-large-font-size\">2. Zr\u00f3wnowa\u017cony rozw\u00f3j<\/h2>\n\n\n\n<p class=\"has-medium-font-size\">Wed\u0142ug grupy orfix zr\u00f3wnowa\u017cony rozw\u00f3j jest jednoznaczny z wiar\u0105 w d\u0142ugotrwa\u0142e relacje i d\u0142ugofalowy rozw\u00f3j na rynku, a tak\u017ce \u015bwiadomo\u015b\u0107 odpowiedzialno\u015bci za \u015brodowisko.<\/p>\n\n\t<\/div>\n\n<\/div>\n\n\n<div class=\"wp-bootstrap-blocks-row row g-0\">\n\t\n\n<div class=\"col-12 col-md-2\">\n\t\t\t\n\n<h2 class=\"wp-block-heading\"><img loading=\"lazy\" decoding=\"async\" width=\"150\" height=\"117\" class=\"wp-image-4240\" style=\"width: 150px;\" src=\"https:\/\/www.orfix.com\/wp-content\/uploads\/2020\/10\/item_availabilityl_mission_statement3.jpg\" alt=\"\" srcset=\"https:\/\/www.orfix.com\/wp-content\/uploads\/2020\/10\/item_availabilityl_mission_statement3.jpg 300w, https:\/\/www.orfix.com\/wp-content\/uploads\/2020\/10\/item_availabilityl_mission_statement3-24x19.jpg 24w, https:\/\/www.orfix.com\/wp-content\/uploads\/2020\/10\/item_availabilityl_mission_statement3-36x28.jpg 36w, https:\/\/www.orfix.com\/wp-content\/uploads\/2020\/10\/item_availabilityl_mission_statement3-48x37.jpg 48w\" sizes=\"auto, (max-width: 150px) 100vw, 150px\" \/><\/h2>\n\n\t<\/div>\n\n\n\n<div class=\"col-12 col-md-10\">\n\t\t\t\n\n<h2 class=\"wp-block-heading has-large-font-size\">3. Dost\u0119pno\u015b\u0107<\/h2>\n\n\n\n<p class=\"has-medium-font-size\">Jeste\u015bmy mi\u0119dzynarodow\u0105 grup\u0105, dlatego jednym z naszych najwa\u017cniejszych zada\u0144 i jedn\u0105 z najmocniejszych stron jest nasza dost\u0119pno\u015b\u0107. Dzia\u0142amy rzetelnie, elastycznie i w spos\u00f3b zas\u0142uguj\u0105cy na zaufanie.<\/p>\n\n\t<\/div>\n\n<\/div>\n\n\n<div class=\"wp-bootstrap-blocks-row row g-0\">\n\t\n\n<div class=\"col-12 col-md-2\">\n\t\t\t\n\n<h2 class=\"wp-block-heading\"><img loading=\"lazy\" decoding=\"async\" width=\"150\" height=\"117\" class=\"wp-image-4247\" style=\"width: 150px;\" src=\"https:\/\/www.orfix.com\/wp-content\/uploads\/2020\/10\/item_people_mission_statement3.jpg\" alt=\"\" srcset=\"https:\/\/www.orfix.com\/wp-content\/uploads\/2020\/10\/item_people_mission_statement3.jpg 300w, https:\/\/www.orfix.com\/wp-content\/uploads\/2020\/10\/item_people_mission_statement3-24x19.jpg 24w, https:\/\/www.orfix.com\/wp-content\/uploads\/2020\/10\/item_people_mission_statement3-36x28.jpg 36w, https:\/\/www.orfix.com\/wp-content\/uploads\/2020\/10\/item_people_mission_statement3-48x37.jpg 48w\" sizes=\"auto, (max-width: 150px) 100vw, 150px\" \/><\/h2>\n\n\t<\/div>\n\n\n\n<div class=\"col-12 col-md-10\">\n\t\t\t\n\n<h2 class=\"wp-block-heading has-large-font-size\">4. Ludzie<\/h2>\n\n\n\n<p class=\"has-medium-font-size\">Jeste\u015bmy \u201efirm\u0105 ludzi\u201d i w tym zawiera si\u0119 nasz sukces. Skupiamy si\u0119 na umiej\u0119tno\u015bciach zawodowych i rozwoju osobistym.<\/p>\n\n\t<\/div>\n\n<\/div>\n\n\n<div class=\"wp-bootstrap-blocks-row row g-0\">\n\t\n\n<div class=\"col-12 col-md-2\">\n\t\t\t\n\n<h2 class=\"wp-block-heading\"><img loading=\"lazy\" decoding=\"async\" width=\"150\" height=\"117\" class=\"wp-image-4256\" style=\"width: 150px;\" src=\"https:\/\/www.orfix.com\/wp-content\/uploads\/2020\/10\/item_gualityl_mission_statement3.jpg\" alt=\"\" srcset=\"https:\/\/www.orfix.com\/wp-content\/uploads\/2020\/10\/item_gualityl_mission_statement3.jpg 300w, https:\/\/www.orfix.com\/wp-content\/uploads\/2020\/10\/item_gualityl_mission_statement3-24x19.jpg 24w, https:\/\/www.orfix.com\/wp-content\/uploads\/2020\/10\/item_gualityl_mission_statement3-36x28.jpg 36w, https:\/\/www.orfix.com\/wp-content\/uploads\/2020\/10\/item_gualityl_mission_statement3-48x37.jpg 48w\" sizes=\"auto, (max-width: 150px) 100vw, 150px\" \/><\/h2>\n\n\t<\/div>\n\n\n\n<div class=\"col-12 col-md-10\">\n\t\t\t\n\n<h2 class=\"wp-block-heading has-large-font-size\">5. Jako\u015b\u0107<\/h2>\n\n\n\n<p class=\"has-medium-font-size\">Jako\u015b\u0107 i us\u0142ugi orfix spe\u0142niaj\u0105 najwy\u017csze wymagania wszystkich klient\u00f3w!<\/p>\n\n\t<\/div>\n\n<\/div>\n\n<\/div>\n\n\n\n<div style=\"height:20px\" aria-hidden=\"true\" class=\"wp-block-spacer\"><\/div>\n\n\n\n<figure class=\"wp-block-image size-full\"><img loading=\"lazy\" decoding=\"async\" width=\"2560\" height=\"750\" src=\"https:\/\/www.orfix.com\/wp-content\/uploads\/2024\/05\/orfix-Karte-2024-en-6-scaled.jpg\" alt=\"\" class=\"wp-image-22373\" srcset=\"https:\/\/www.orfix.com\/wp-content\/uploads\/2024\/05\/orfix-Karte-2024-en-6-scaled.jpg 2560w, https:\/\/www.orfix.com\/wp-content\/uploads\/2024\/05\/orfix-Karte-2024-en-6-768x225.jpg 768w, https:\/\/www.orfix.com\/wp-content\/uploads\/2024\/05\/orfix-Karte-2024-en-6-1536x450.jpg 1536w, https:\/\/www.orfix.com\/wp-content\/uploads\/2024\/05\/orfix-Karte-2024-en-6-2048x600.jpg 2048w\" sizes=\"auto, (max-width: 2560px) 100vw, 2560px\" \/><\/figure>\n\n\n\n<p class=\"has-medium-font-size\">Ch\u0119tnie doradzimy indywidualnie!<br><strong>Tw\u00f3j kompetentny partner z pe\u0142nym asortymentem dla ka\u017cdego, kto liczy, pakuje, transportuje lub przechowuje got\u00f3wk\u0119.<\/strong><\/p>\n\n\n\n<div style=\"height:20px\" aria-hidden=\"true\" class=\"wp-block-spacer\"><\/div>\n\n\n\n<div class=\"wp-block-buttons cta-banner-content__item is-layout-flex wp-block-buttons-is-layout-flex\">\n<div class=\"wp-block-button has-custom-font-size is-style-outline has-medium-font-size is-style-outline--1 advgb-dyn-5b178352\"><a class=\"wp-block-button__link has-text-color wp-element-button\" href=\"\/pl\/contact\/\" style=\"border-radius:1px;color:#ba0c2f\" target=\"_blank\" rel=\"noreferrer noopener\"><strong>Kontakt<\/strong><\/a><\/div>\n\n\n\n<div class=\"wp-block-button has-custom-font-size btn__bg--red has-medium-font-size advgb-dyn-86e7eee1\"><a class=\"wp-block-button__link has-white-color has-text-color has-background wp-element-button\" href=\"https:\/\/www.orfix.com\/pl\/obszary-dzialania-produkty\/\" style=\"border-radius:1px;background-color:#ba0c2f\" target=\"_blank\" rel=\"noreferrer noopener\"><strong>Produkty<\/strong><\/a><\/div>\n\n\n\n<div class=\"wp-block-button has-custom-font-size btn__bg--red has-medium-font-size advgb-dyn-1f1542a5\"><a class=\"wp-block-button__link has-white-color has-text-color has-background wp-element-button\" href=\"https:\/\/sklep.orfix.pl\/\" style=\"border-radius:1px;background-color:#ba0c2f\" target=\"_blank\" rel=\"noreferrer noopener\"><strong>Sklep on-line<\/strong><\/a><\/div>\n<\/div>\n\n\n\n<div style=\"height:20px\" aria-hidden=\"true\" class=\"wp-block-spacer\"><\/div>\n","protected":false},"excerpt":{"rendered":"<p><a class=\"btn btn-secondary understrap-read-more-link\" href=\"https:\/\/www.orfix.com\/pl\/o-nas\/nasza-misja\/\">Czytaj dalej\u2026<\/a><\/p>\n","protected":false},"author":36,"featured_media":0,"parent":1448,"menu_order":0,"comment_status":"closed","ping_status":"closed","template":"","meta":{"_acf_changed":false,"om_disable_all_campaigns":false,"inline_featured_image":false,"advgb_blocks_editor_width":"","advgb_blocks_columns_visual_guide":"","_monsterinsights_skip_tracking":false,"_monsterinsights_sitenote_active":false,"_monsterinsights_sitenote_note":"","_monsterinsights_sitenote_category":0,"_uf_show_specific_survey":0,"_uf_disable_surveys":false,"footnotes":""},"class_list":["post-7645","page","type-page","status-publish","hentry"],"acf":[],"aioseo_notices":[],"coauthors":[],"author_meta":{"author_link":"https:\/\/www.orfix.com\/pl\/author\/mgendelmeyer\/","display_name":"Malte Gendelmeyer"},"relative_dates":{"created":"Posted 5 lat ago","modified":"Updated 5 miesi\u0119cy ago"},"absolute_dates":{"created":"Posted on 9. listopada 2020","modified":"Updated on 5. grudnia 2025"},"absolute_dates_time":{"created":"Posted on 9. listopada 2020 16:49","modified":"Updated on 5. grudnia 2025 0:48"},"featured_img_caption":"","featured_img":false,"series_order":"","_links":{"self":[{"href":"https:\/\/www.orfix.com\/pl\/wp-json\/wp\/v2\/pages\/7645","targetHints":{"allow":["GET"]}}],"collection":[{"href":"https:\/\/www.orfix.com\/pl\/wp-json\/wp\/v2\/pages"}],"about":[{"href":"https:\/\/www.orfix.com\/pl\/wp-json\/wp\/v2\/types\/page"}],"author":[{"embeddable":true,"href":"https:\/\/www.orfix.com\/pl\/wp-json\/wp\/v2\/users\/36"}],"replies":[{"embeddable":true,"href":"https:\/\/www.orfix.com\/pl\/wp-json\/wp\/v2\/comments?post=7645"}],"version-history":[{"count":8,"href":"https:\/\/www.orfix.com\/pl\/wp-json\/wp\/v2\/pages\/7645\/revisions"}],"predecessor-version":[{"id":32556,"href":"https:\/\/www.orfix.com\/pl\/wp-json\/wp\/v2\/pages\/7645\/revisions\/32556"}],"up":[{"embeddable":true,"href":"https:\/\/www.orfix.com\/pl\/wp-json\/wp\/v2\/pages\/1448"}],"wp:attachment":[{"href":"https:\/\/www.orfix.com\/pl\/wp-json\/wp\/v2\/media?parent=7645"}],"curies":[{"name":"wp","href":"https:\/\/api.w.org\/{rel}","templated":true}]}}