{"id":7500,"date":"2020-11-09T16:09:10","date_gmt":"2020-11-09T15:09:10","guid":{"rendered":"http:\/\/orfix.netzkunst24.de\/?page_id=7500"},"modified":"2025-12-05T00:33:27","modified_gmt":"2025-12-04T23:33:27","slug":"rolnictwo","status":"publish","type":"page","link":"https:\/\/www.orfix.com\/pl\/branze\/rolnictwo\/","title":{"rendered":"Rolnictwo"},"content":{"rendered":"\n<div class=\"wp-block-group\"><div class=\"wp-block-group__inner-container is-layout-constrained wp-block-group-is-layout-constrained\"><div class=\"wp-bootstrap-blocks-container container-fluid mb-5 custom_container custom_container--big custom_container--banner\">\n\t\n<div class=\"wp-bootstrap-blocks-row row custom_row custom_row--center\">\n\t\n\n<div class=\"col-12 col-md-12 custom_slider custom_slider__banner custom-banner-img\">\n\t\t\t\n\n<figure class=\"wp-block-image size-full desktop-banner\"><img loading=\"lazy\" decoding=\"async\" width=\"2133\" height=\"577\" src=\"https:\/\/www.orfix.com\/wp-content\/uploads\/2024\/05\/orfix_Header_Banner_sector_agricultural_PL_1024x277.jpg\" alt=\"Bezpieczne przechowywanie pr\u00f3b rolniczych z zamkni\u0119ciem orfix\" class=\"wp-image-27320\" srcset=\"https:\/\/www.orfix.com\/wp-content\/uploads\/2024\/05\/orfix_Header_Banner_sector_agricultural_PL_1024x277.jpg 2133w, https:\/\/www.orfix.com\/wp-content\/uploads\/2024\/05\/orfix_Header_Banner_sector_agricultural_PL_1024x277-768x208.jpg 768w, https:\/\/www.orfix.com\/wp-content\/uploads\/2024\/05\/orfix_Header_Banner_sector_agricultural_PL_1024x277-1536x416.jpg 1536w, https:\/\/www.orfix.com\/wp-content\/uploads\/2024\/05\/orfix_Header_Banner_sector_agricultural_PL_1024x277-2048x554.jpg 2048w\" sizes=\"auto, (max-width: 2133px) 100vw, 2133px\" \/><\/figure>\n\n\n\n\n\t<\/div>\n\n<\/div>\n\n\n<div class=\"wp-bootstrap-blocks-row row custom_row custom_row--center\">\n\t\n\n<div class=\"col-12 col-md-12 custom_slider custom_slider__banner custom-banner-img\">\n\t\t\t\n\n<figure class=\"wp-block-image size-full mobile-banner\"><img loading=\"lazy\" decoding=\"async\" width=\"2560\" height=\"2021\" src=\"https:\/\/www.orfix.com\/wp-content\/uploads\/2024\/05\/orfix_Mobile_Banner-sector_agricultural_PL_760x650-scaled.jpg\" alt=\"Przemys\u0142 rolno-spo\u017cywczy: d\u0142o\u0144 dotyka k\u0142os\u00f3w zbo\u017ca w polu\" class=\"wp-image-27326\" srcset=\"https:\/\/www.orfix.com\/wp-content\/uploads\/2024\/05\/orfix_Mobile_Banner-sector_agricultural_PL_760x650-scaled.jpg 2560w, https:\/\/www.orfix.com\/wp-content\/uploads\/2024\/05\/orfix_Mobile_Banner-sector_agricultural_PL_760x650-768x606.jpg 768w, https:\/\/www.orfix.com\/wp-content\/uploads\/2024\/05\/orfix_Mobile_Banner-sector_agricultural_PL_760x650-1536x1213.jpg 1536w, https:\/\/www.orfix.com\/wp-content\/uploads\/2024\/05\/orfix_Mobile_Banner-sector_agricultural_PL_760x650-2048x1617.jpg 2048w\" sizes=\"auto, (max-width: 2560px) 100vw, 2560px\" \/><\/figure>\n\n\n\n\n\t<\/div>\n\n<\/div>\n\n<\/div>\n\n\n<div class=\"wp-bootstrap-blocks-container container-fluid mb-5 custom_container custom_container--big custom_container--banner\">\n\t<\/div>\n\n\n\n<h1 class=\"wp-block-heading has-text-color\" style=\"color:#002855;font-size:30px\">Rolnictwo<\/h1>\n\n\n\n<p class=\"has-medium-font-size\">Produkty firmy orfix sprawdzaj\u0105 si\u0119 codziennie, mi\u0119dzy innymi w bran\u017cach rolnictwa, pasz dla zwierz\u0105t i przemys\u0142u spo\u017cywczego.<\/p>\n\n\n\n<p class=\"has-medium-font-size\">Nasza kompleksowa oferta to wynik know-how i wieloletniego do\u015bwiadczenia w zakresie manipulochronnych torebek do pr\u00f3bek zwrotnych oraz bezpiecznego plombowania i uszczelniania, na przyk\u0142ad work\u00f3w, silos\u00f3w i zbiornik\u00f3w.<\/p>\n\n\n\n<p class=\"has-medium-font-size\">Wiod\u0105cy producenci od wielu dziesi\u0119cioleci darz\u0105 zaufaniem nasze produkty i codziennie stosuj\u0105 je na skal\u0119 krajow\u0105 i mi\u0119dzynarodow\u0105.<\/p>\n\n\n\n<p class=\"has-medium-font-size\">Produkty firmy orfix wyr\u00f3\u017cniaj\u0105 si\u0119 wysok\u0105 jako\u015bci\u0105 i niezawodno\u015bci\u0105. Wi\u0119kszo\u015b\u0107 naszych artyku\u0142\u00f3w opracowujemy i produkujemy w naszych w\u0142asnych zak\u0142adach w pi\u0119ciu lokalizacjach w Europie. Umo\u017cliwia nam to efektywne i ekonomiczne dostosowanie produkt\u00f3w do indywidualnych potrzeb oraz szybk\u0105 reakcj\u0119 na wymagania klient\u00f3w.<\/p>\n\n\n\n<p class=\"has-medium-font-size\">orfix to solidny partner kompetencyjny dla wszystkich odpowiedzialnych za bezpiecze\u0144stwo i ochron\u0119 pr\u00f3bek \u017cywno\u015bciowych i rolniczych, potrzebuj\u0105cych innowacyjnych rozwi\u0105za\u0144 dla zoptymalizowanych proces\u00f3w.<\/p>\n\n\n\n<p><\/p>\n\n\n<div class=\"wp-bootstrap-blocks-container container-fluid mb-5 custom_container custom_container--big custom_container--banner custom_container--banner--no-img\">\n\t\n\n<p><\/p>\n\n<\/div>\n\n\n<div class=\"wp-bootstrap-blocks-row row\">\n\t\n\n<div class=\"col-12 col-md-6 col-lg-4\">\n\t\t\t\n\n  <a href=\"https:\/\/www.orfix.com\/pl\/obszary-dzialania-produkty\/bezpieczne-pakowanie\/koperty-na-pobrane-proby\/\" class=\"newlink\">\n    <div class=\"over_view_block \">\n\n      \t<img decoding=\"async\" src=\"https:\/\/www.orfix.com\/wp-content\/uploads\/2024\/05\/orfix-International_Retainbags_476-x523.jpg\" alt=\"\" class=\"over_view_block__item over_view_block__item--img\" \/>\n\n\t     <div class=\"over_view_block__item over_view_block__item--content\">\n\n          <h2>Koperta bezpieczna na pr\u00f3bki<\/h2>\n          <p>Torby zabezpieczaj\u0105ce orfix s\u0105 odpowiednie do bezpiecznego przechowywania pr\u00f3bek z bran\u017cy rolniczej i spo\u017cywczej, chroni\u0105c je przed manipulacj\u0105.<\/p>\n                    <span class=\"over_view_block__cta\"><img decoding=\"async\" src=\"\/wp-content\/uploads\/2020\/09\/orfix_icon_arrow.svg\" \/><\/span>\n           \u00a0 \u00a0 \u00a0 \u00a0<\/div>\n\n<\/div><\/a> \n\t<\/div>\n\n\n\n<div class=\"col-12 col-md-6 col-lg-4\">\n\t\t\t\n\n  <a href=\"https:\/\/www.orfix.com\/pl\/obszary-dzialania-produkty\/pakowanie-gotowki\/plomby-zabezpieczajace\/\" class=\"newlink\">\n    <div class=\"over_view_block \">\n\n      \t<img decoding=\"async\" src=\"https:\/\/www.orfix.com\/wp-content\/uploads\/2024\/05\/orfix-International_Security_Seals_476-x523.jpg\" alt=\"\" class=\"over_view_block__item over_view_block__item--img\" \/>\n\n\t     <div class=\"over_view_block__item over_view_block__item--content\">\n\n          <h2>Plomby plastikowe<\/h2>\n          <p>Plomby zabezpieczaj\u0105ce orfix do system\u00f3w zamykaj\u0105cych chroni\u0105cych przed manipulacj\u0105. Plomby zabezpieczaj\u0105ce s\u0105 dost\u0119pne r\u00f3wnie\u017c w wersjach dostosowanych do r\u00f3\u017cnych zastosowa\u0144. Dla zapobiegania manipulacjom.<\/p>\n                    <span class=\"over_view_block__cta\"><img decoding=\"async\" src=\"\/wp-content\/uploads\/2020\/09\/orfix_icon_arrow.svg\" \/><\/span>\n           \u00a0 \u00a0 \u00a0 \u00a0<\/div>\n\n<\/div><\/a> \n\t<\/div>\n\n\n\n<div class=\"col-12 col-md-6 col-lg-4\">\n\t\t\t\n\n  <a href=\"https:\/\/www.orfix.com\/pl\/obszary-dzialania-produkty\/pakowanie-gotowki\/plomby-samoprzylepne\/\" class=\"newlink\">\n    <div class=\"over_view_block \">\n\n      \t<img decoding=\"async\" src=\"https:\/\/www.orfix.com\/wp-content\/uploads\/2024\/05\/orfix-International_Security_Labels_476-x523.jpg\" alt=\"\" class=\"over_view_block__item over_view_block__item--img\" \/>\n\n\t     <div class=\"over_view_block__item over_view_block__item--content\">\n\n          <h2>Plomby samoprzylepne<\/h2>\n          <p>Naklejki zabezpieczaj\u0105ce orfix do bezpiecznego zamykania kasetek na pieni\u0105dze, sejf\u00f3w, toreb itp. Ka\u017cda pr\u00f3ba manipulacji jest natychmiast i wyra\u017anie widoczna.<\/p>\n                    <span class=\"over_view_block__cta\"><img decoding=\"async\" src=\"\/wp-content\/uploads\/2020\/09\/orfix_icon_arrow.svg\" \/><\/span>\n           \u00a0 \u00a0 \u00a0 \u00a0<\/div>\n\n<\/div><\/a> \n\t<\/div>\n\n<\/div>\n\n\n\n<div style=\"height:68px\" aria-hidden=\"true\" class=\"wp-block-spacer\"><\/div>\n\n\n<div class=\"wp-bootstrap-blocks-container container-fluid mb-5 custom_container custom_container--middle\">\n\t\n<div class=\"wp-bootstrap-blocks-row row\">\n\t\n\n<div class=\"col-12\">\n\t\t\t\n<div class=\"wp-bootstrap-blocks-container container mb-0\">\n\t\n<div class=\"wp-bootstrap-blocks-row row row--applications\">\n\t\n\n<div class=\"col-12 col-md-6 col--big\">\n\t\t\t\n\n<h2 class=\"wp-block-heading\" style=\"font-size:30px\">Zastosowania<\/h2>\n\n\n<div class=\"wp-bootstrap-blocks-row row\">\n\t\n\n<div class=\"col-12 col-md-9\">\n\t\t\t\n\n<ul id=\"block-d81b4cc1-9ece-4f1b-a069-7b9fec172993\" class=\"wp-block-list list--no-img-point\">\n<li class=\"has-medium-font-size\">M\u0142yny zbo\u017cowe<\/li>\n\n\n\n<li class=\"has-medium-font-size\">Produkcja artyku\u0142\u00f3w spo\u017cywczych<\/li>\n\n\n\n<li class=\"has-medium-font-size\">Produkcja pasz dla zwierz\u0105t<\/li>\n\n\n\n<li class=\"has-medium-font-size\">Gospodarstwa rolne<\/li>\n\n\n\n<li class=\"has-medium-font-size\">Sp\u00f3\u0142dzielnie<\/li>\n\n\n\n<li class=\"has-medium-font-size\">Przechowywanie pr\u00f3bek<\/li>\n<\/ul>\n\n\t<\/div>\n\n<\/div>\n\n\n\n<p><\/p>\n\n\t<\/div>\n\n\n\n<div class=\"col-12 col-md-6 col--small\">\n\t\t\t\n<div class=\"wp-bootstrap-blocks-row row\">\n\t\n\n<div class=\"col-12\">\n\t\t\t\n\n<h2 class=\"wp-block-heading\" style=\"font-size:30px\">Jako\u015b\u0107 orfix<\/h2>\n\n\t<\/div>\n\n\n\n<div class=\"col-12\">\n\t\t\t\n\n<p class=\"has-medium-font-size\">Produkty firmy orfix s\u0105 poddawane rygorystycznym testom jako\u015bciowym podczas produkcji.<\/p>\n\n\t<\/div>\n\n\n\n<div class=\"col-12\">\n\t\t\t\n\n<p class=\"has-medium-font-size\">Torby bezpiecze\u0144stwa orfix spe\u0142niaj\u0105 wymagania Deutsche Bundesbank.<\/p>\n\n\t<\/div>\n\n\n\n<div class=\"col-12\">\n\t\t\t\n\n<p class=\"has-medium-font-size\">Dost\u0119pne w standardowym, materia\u0142owym z recyklingu i materia\u0142owym z certyfikatem Blauer Engel.<\/p>\n\n\t<\/div>\n\n\n\n<div class=\"col-6 col-seals-row\">\n\t\t\t\n\n<figure class=\"wp-block-image size-large\"><img loading=\"lazy\" decoding=\"async\" width=\"84\" height=\"84\" src=\"https:\/\/www.orfix.com\/wp-content\/uploads\/2020\/09\/blue-angle_logo.svg\" alt=\"\" class=\"wp-image-523\"\/><\/figure>\n\n\n\n<figure class=\"wp-block-image size-large\"><a href=\"https:\/\/www.orfix.com\/de\/unternehmen\/green-label\/\"><img loading=\"lazy\" decoding=\"async\" width=\"71\" height=\"91\" src=\"https:\/\/www.orfix.com\/wp-content\/uploads\/2020\/09\/greenlabel_logo.svg\" alt=\"\" class=\"wp-image-521\"\/><\/a><\/figure>\n\n\t<\/div>\n\n<\/div>\n\n\n<div class=\"wp-bootstrap-blocks-row row\">\n\t\n\n<div class=\"col-12\">\n\t\t\t\t<\/div>\n\n<\/div>\n\n\t<\/div>\n\n<\/div>\n\n<\/div>\n\n\n\n<p><\/p>\n\n\t<\/div>\n\n<\/div>\n\n<\/div>\n<\/div><\/div>\n\n\n<div class=\"wp-bootstrap-blocks-container container-fluid mb-5 custom_container custom_container--middle\">\n\t\n<div class=\"wp-bootstrap-blocks-row row custom-row__cta-contact\">\n\t\n\n<div class=\"col-12 col-md-6\">\n\t\t\t\n\n<figure class=\"wp-block-image size-large advgb-dyn-6a484ffd\"><img loading=\"lazy\" decoding=\"async\" width=\"471\" height=\"344\" src=\"https:\/\/www.orfix.com\/wp-content\/uploads\/2020\/10\/shutterstock_116283283_471x344px.jpg\" alt=\"\" class=\"wp-image-3327\" srcset=\"https:\/\/www.orfix.com\/wp-content\/uploads\/2020\/10\/shutterstock_116283283_471x344px.jpg 471w, https:\/\/www.orfix.com\/wp-content\/uploads\/2020\/10\/shutterstock_116283283_471x344px-300x219.jpg 300w, https:\/\/www.orfix.com\/wp-content\/uploads\/2020\/10\/shutterstock_116283283_471x344px-24x18.jpg 24w, https:\/\/www.orfix.com\/wp-content\/uploads\/2020\/10\/shutterstock_116283283_471x344px-36x26.jpg 36w, https:\/\/www.orfix.com\/wp-content\/uploads\/2020\/10\/shutterstock_116283283_471x344px-48x35.jpg 48w\" sizes=\"auto, (max-width: 471px) 100vw, 471px\" \/><figcaption class=\"wp-element-caption\">Skontaktuj si\u0119 z nami<\/figcaption><\/figure>\n\n\t<\/div>\n\n\n\n<div class=\"col-12 col-md-6\">\n\t\t\t\n<div class=\"employeeblock\">\n    <figure class=\"employeeblock__item employeeblock__item--img\">\n        <img decoding=\"async\" src=\"\" alt=\"\" \/>\n    <\/figure>\n    <div class=\"employeeblock__item employeeblock__item--content\">\n        <h2 class=\"name\">Wsparcie Klienta \/ Customer Service<\/h2>\n        <p class=\"position\"><\/p>\n        <p><a class=\"link link--has-icon link--has-icon--mail\" href=\"mailto:orfix@orfix.pl\">orfix@orfix.pl<\/a><\/p>\n        <p><a class=\"link link--has-icon link--has-icon--tel\" href=\"tel:+48585110655\">+48 58 511-06-55<\/a><\/p>\n    <\/div>\n<\/div>\n\n\t<\/div>\n\n<\/div>\n\n<\/div>\n\n\n<div class=\"wp-bootstrap-blocks-container container-fluid mb-5 custom_container custom_container--middle\">\n\t\n<div class=\"wp-bootstrap-blocks-row row\">\n\t\n\n<div class=\"col-12 col-md-12\">\n\t\t\t\n\n<h2 class=\"wp-block-heading has-text-color advgb-dyn-452b4af2\" style=\"color:#002855;font-size:30px\">orfix \u2013 specjalista w produkcji papieru i tworzyw sztucznych<\/h2>\n\n\t<\/div>\n\n\n\n<div class=\"col-12 col-md-6\">\n\t\t\t\n\n<p class=\"has-medium-font-size\">Rozwijamy si\u0119 i produkujemy przy u\u017cyciu najnowocze\u015bniejszych metod, zawsze maj\u0105c na uwadze indywidualne wymagania klienta. Nie pozostajemy oboj\u0119tni wobec wp\u0142ywu na \u015brodowisko. Dzia\u0142amy w spos\u00f3b, kt\u00f3ry chroni zasoby i jest jak najbardziej neutralny pod wzgl\u0119dem emisji CO2. Otrzymasz od nas sta\u0142\u0105, pierwszorz\u0119dn\u0105 i certyfikowan\u0105 jako\u015b\u0107, zainspirujemy Ci\u0119 innowacjami i doskona\u0142\u0105 obs\u0142ug\u0105 klienta.<\/p>\n\n\t<\/div>\n\n\n\n<div class=\"col-12 col-md-6\">\n\t\t\t\n\n<ul class=\"wp-block-list\">\n<li class=\"has-medium-font-size\">Standardowy asortyment orfix jest zawsze w magazynie.<\/li>\n\n\n\n<li class=\"has-medium-font-size\">orfix oferuje magazynowanie a tak\u017ce dostosowanie produkt\u00f3w do indywidualnych potrzeb klienta.<\/li>\n\n\n\n<li class=\"has-medium-font-size\">orfix jest w stanie produkowa\u0107 nawet niewielkie ilo\u015bci niestandardowych artyku\u0142\u00f3w.<\/li>\n\n\n\n<li class=\"has-medium-font-size\">orfix oferuje kompetentne i indywidualne doradztwo \u2013 za po\u015brednictwem formularza kontaktowego, telefonicznie lub na miejscu<\/li>\n<\/ul>\n\n\t<\/div>\n\n<\/div>\n\n<\/div>\n\n\n\n<div style=\"height:20px\" aria-hidden=\"true\" class=\"wp-block-spacer\"><\/div>\n\n\n\n<figure class=\"wp-block-image size-full\"><img loading=\"lazy\" decoding=\"async\" width=\"2560\" height=\"750\" src=\"https:\/\/www.orfix.com\/wp-content\/uploads\/2024\/05\/orfix-Karte-2024-en-6-scaled.jpg\" alt=\"\" class=\"wp-image-22373\" srcset=\"https:\/\/www.orfix.com\/wp-content\/uploads\/2024\/05\/orfix-Karte-2024-en-6-scaled.jpg 2560w, https:\/\/www.orfix.com\/wp-content\/uploads\/2024\/05\/orfix-Karte-2024-en-6-768x225.jpg 768w, https:\/\/www.orfix.com\/wp-content\/uploads\/2024\/05\/orfix-Karte-2024-en-6-1536x450.jpg 1536w, https:\/\/www.orfix.com\/wp-content\/uploads\/2024\/05\/orfix-Karte-2024-en-6-2048x600.jpg 2048w\" sizes=\"auto, (max-width: 2560px) 100vw, 2560px\" \/><\/figure>\n\n\n\n<p class=\"has-medium-font-size\">Ch\u0119tnie doradzimy indywidualnie!<br><strong>Tw\u00f3j kompetentny partner z pe\u0142nym asortymentem dla ka\u017cdego, kto liczy, pakuje, transportuje lub przechowuje got\u00f3wk\u0119.<\/strong><\/p>\n\n\n\n<div style=\"height:20px\" aria-hidden=\"true\" class=\"wp-block-spacer\"><\/div>\n\n\n\n<div class=\"wp-block-buttons cta-banner-content__item is-layout-flex wp-block-buttons-is-layout-flex\">\n<div class=\"wp-block-button has-custom-font-size is-style-outline has-medium-font-size is-style-outline--1 advgb-dyn-5b178352\"><a class=\"wp-block-button__link has-text-color wp-element-button\" href=\"\/pl\/contact\/\" style=\"border-radius:1px;color:#ba0c2f\" target=\"_blank\" rel=\"noreferrer noopener\"><strong>Kontakt<\/strong><\/a><\/div>\n\n\n\n<div class=\"wp-block-button has-custom-font-size btn__bg--red has-medium-font-size advgb-dyn-86e7eee1\"><a class=\"wp-block-button__link has-white-color has-text-color has-background wp-element-button\" href=\"https:\/\/www.orfix.com\/pl\/obszary-dzialania-produkty\/\" style=\"border-radius:1px;background-color:#ba0c2f\" target=\"_blank\" rel=\"noreferrer noopener\"><strong>Produkty<\/strong><\/a><\/div>\n\n\n\n<div class=\"wp-block-button has-custom-font-size btn__bg--red has-medium-font-size advgb-dyn-1f1542a5\"><a class=\"wp-block-button__link has-white-color has-text-color has-background wp-element-button\" href=\"https:\/\/sklep.orfix.pl\/\" style=\"border-radius:1px;background-color:#ba0c2f\" target=\"_blank\" rel=\"noreferrer noopener\"><strong>Sklep on-line<\/strong><\/a><\/div>\n<\/div>\n\n\n\n<div style=\"height:20px\" aria-hidden=\"true\" class=\"wp-block-spacer\"><\/div>\n","protected":false},"excerpt":{"rendered":"<p>Rolnictwo Produkty firmy orfix sprawdzaj\u0105 si\u0119 codziennie, mi\u0119dzy innymi w bran\u017cach rolnictwa, pasz dla zwierz\u0105t i przemys\u0142u spo\u017cywczego. Nasza kompleksowa oferta to wynik know-how i wieloletniego do\u015bwiadczenia w zakresie manipulochronnych torebek do pr\u00f3bek zwrotnych oraz bezpiecznego plombowania i uszczelniania, na przyk\u0142ad work\u00f3w, silos\u00f3w i zbiornik\u00f3w. Wiod\u0105cy producenci od wielu dziesi\u0119cioleci darz\u0105 zaufaniem nasze produkty i<\/p>\n<p><a class=\"btn btn-secondary understrap-read-more-link\" href=\"https:\/\/www.orfix.com\/pl\/branze\/rolnictwo\/\">Czytaj dalej\u2026<\/a><\/p>\n","protected":false},"author":36,"featured_media":0,"parent":7473,"menu_order":1,"comment_status":"closed","ping_status":"closed","template":"","meta":{"_acf_changed":false,"om_disable_all_campaigns":false,"inline_featured_image":false,"advgb_blocks_editor_width":"","advgb_blocks_columns_visual_guide":"","_monsterinsights_skip_tracking":false,"_monsterinsights_sitenote_active":false,"_monsterinsights_sitenote_note":"","_monsterinsights_sitenote_category":0,"_uf_show_specific_survey":0,"_uf_disable_surveys":false,"footnotes":""},"class_list":["post-7500","page","type-page","status-publish","hentry"],"acf":[],"aioseo_notices":[],"coauthors":[],"author_meta":{"author_link":"https:\/\/www.orfix.com\/pl\/author\/mgendelmeyer\/","display_name":"Malte Gendelmeyer"},"relative_dates":{"created":"Posted 5 lat ago","modified":"Updated 5 miesi\u0119cy ago"},"absolute_dates":{"created":"Posted on 9. listopada 2020","modified":"Updated on 5. grudnia 2025"},"absolute_dates_time":{"created":"Posted on 9. listopada 2020 16:09","modified":"Updated on 5. grudnia 2025 0:33"},"featured_img_caption":"","featured_img":false,"series_order":"","_links":{"self":[{"href":"https:\/\/www.orfix.com\/pl\/wp-json\/wp\/v2\/pages\/7500","targetHints":{"allow":["GET"]}}],"collection":[{"href":"https:\/\/www.orfix.com\/pl\/wp-json\/wp\/v2\/pages"}],"about":[{"href":"https:\/\/www.orfix.com\/pl\/wp-json\/wp\/v2\/types\/page"}],"author":[{"embeddable":true,"href":"https:\/\/www.orfix.com\/pl\/wp-json\/wp\/v2\/users\/36"}],"replies":[{"embeddable":true,"href":"https:\/\/www.orfix.com\/pl\/wp-json\/wp\/v2\/comments?post=7500"}],"version-history":[{"count":12,"href":"https:\/\/www.orfix.com\/pl\/wp-json\/wp\/v2\/pages\/7500\/revisions"}],"predecessor-version":[{"id":32542,"href":"https:\/\/www.orfix.com\/pl\/wp-json\/wp\/v2\/pages\/7500\/revisions\/32542"}],"up":[{"embeddable":true,"href":"https:\/\/www.orfix.com\/pl\/wp-json\/wp\/v2\/pages\/7473"}],"wp:attachment":[{"href":"https:\/\/www.orfix.com\/pl\/wp-json\/wp\/v2\/media?parent=7500"}],"curies":[{"name":"wp","href":"https:\/\/api.w.org\/{rel}","templated":true}]}}