{"id":7473,"date":"2020-11-09T16:02:14","date_gmt":"2020-11-09T15:02:14","guid":{"rendered":"http:\/\/orfix.netzkunst24.de\/?page_id=7473"},"modified":"2025-12-05T00:35:19","modified_gmt":"2025-12-04T23:35:19","slug":"branze","status":"publish","type":"page","link":"https:\/\/www.orfix.com\/pl\/branze\/","title":{"rendered":"Bran\u017ce"},"content":{"rendered":"<div class=\"wp-bootstrap-blocks-container container-fluid mb-5 custom_container custom_container--big custom_container--banner\">\n\t\n<div class=\"wp-bootstrap-blocks-row row custom_row custom_row--center\">\n\t\n\n<div class=\"col-12 col-md-12 custom_slider custom_slider__banner custom-banner-img\">\n\t\t\t\n\n<figure class=\"wp-block-image size-full desktop-banner\"><img loading=\"lazy\" decoding=\"async\" width=\"2133\" height=\"577\" src=\"https:\/\/www.orfix.com\/wp-content\/uploads\/2024\/05\/orfix_Header_Banner_sector_PL_1024x277.jpg\" alt=\"Opakowania zabezpieczaj\u0105ce orfix z ikonami bezpiecze\u0144stwa i walutami\" class=\"wp-image-27142\" srcset=\"https:\/\/www.orfix.com\/wp-content\/uploads\/2024\/05\/orfix_Header_Banner_sector_PL_1024x277.jpg 2133w, https:\/\/www.orfix.com\/wp-content\/uploads\/2024\/05\/orfix_Header_Banner_sector_PL_1024x277-768x208.jpg 768w, https:\/\/www.orfix.com\/wp-content\/uploads\/2024\/05\/orfix_Header_Banner_sector_PL_1024x277-1536x416.jpg 1536w, https:\/\/www.orfix.com\/wp-content\/uploads\/2024\/05\/orfix_Header_Banner_sector_PL_1024x277-2048x554.jpg 2048w\" sizes=\"auto, (max-width: 2133px) 100vw, 2133px\" \/><\/figure>\n\n\n\n\n\t<\/div>\n\n<\/div>\n\n\n<div class=\"wp-bootstrap-blocks-row row custom_row custom_row--center\">\n\t\n\n<div class=\"col-12 col-md-12 custom_slider custom_slider__banner custom-banner-img\">\n\t\t\t\n\n<figure class=\"wp-block-image size-full mobile-banner\"><img loading=\"lazy\" decoding=\"async\" width=\"2560\" height=\"2021\" src=\"https:\/\/www.orfix.com\/wp-content\/uploads\/2024\/05\/orfix_Header_Banner_sector_760x650-2-scaled.jpg\" alt=\"\" class=\"wp-image-27167\" srcset=\"https:\/\/www.orfix.com\/wp-content\/uploads\/2024\/05\/orfix_Header_Banner_sector_760x650-2-scaled.jpg 2560w, https:\/\/www.orfix.com\/wp-content\/uploads\/2024\/05\/orfix_Header_Banner_sector_760x650-2-768x606.jpg 768w, https:\/\/www.orfix.com\/wp-content\/uploads\/2024\/05\/orfix_Header_Banner_sector_760x650-2-1536x1213.jpg 1536w, https:\/\/www.orfix.com\/wp-content\/uploads\/2024\/05\/orfix_Header_Banner_sector_760x650-2-2048x1617.jpg 2048w\" sizes=\"auto, (max-width: 2560px) 100vw, 2560px\" \/><\/figure>\n\n\n\n\n\t<\/div>\n\n<\/div>\n\n<\/div>\n\n\n<div class=\"wp-bootstrap-blocks-container container-fluid mb-5 custom_container custom_container--big custom_container--banner\">\n\t<\/div>\n\n\n\n<h1 class=\"wp-block-heading has-text-color\" style=\"color:#002855;font-size:30px\">Sektory aktywno\u015bci orfix<\/h1>\n\n\n\n<p class=\"has-medium-font-size\">Nasza szeroka gama przemy\u015blanych produkt\u00f3w opakowaniowych oferuje rozwi\u0105zania zoptymalizowane pod k\u0105tem r\u00f3\u017cnych obszar\u00f3w zastosowa\u0144.<\/p>\n\n\n\n<p class=\"has-medium-font-size\">Nasze rozwi\u0105zania w zakresie opakowa\u0144 i zabezpiecze\u0144 s\u0105 wykorzystywane w wielu sektorach.<\/p>\n\n\n\n<p class=\"has-medium-font-size\">Has\u0142o &#8220;Chroni\u0107 Warto\u015bci&#8221; jest nasz\u0105 g\u0142\u00f3wn\u0105 ide\u0105, kt\u00f3r\u0105 traktujemy jako wyzwanie podczas wsp\u00f3\u0142pracy z Pa\u0144stwem. Rozw\u00f3j nowych produkt\u00f3w oraz niezawodne rozwi\u0105zania powstaj\u0105ce dzi\u0119ki konsultacjom z naszymi Klientami zmieniaj\u0105 \u015bwiat na bardziej bezpieczny. Cechuje nas wysoka jako\u015b\u0107, elastyczno\u015b\u0107, bezpo\u015bredni kontakt z Klientem oraz do\u015bwiadczenie &#8211; wszystkie te cechy pozwalaj\u0105 nam podejmowa\u0107 wyzwania stawiane nam ka\u017cdego dnia.<\/p>\n\n\n\n<p class=\"has-medium-font-size\">Opakowania i inne rozwi\u0105zania zabezpieczaj\u0105ce chroni\u0105 Pa\u0144stwa towary i aktywa w transporcie, logistyce, przemy\u015ble i handlu, a tak\u017ce w przemy\u015ble medycznym i spo\u017cywczym.<\/p>\n\n\n\n<div style=\"height:50px\" aria-hidden=\"true\" class=\"wp-block-spacer\"><\/div>\n\n\n<div class=\"wp-bootstrap-blocks-container container-fluid mb-5 custom_container custom_container--middle\">\n\t\n<div class=\"wp-bootstrap-blocks-row row\">\n\t\n\n<div class=\"col-12 col-md-6 col-lg-4\">\n\t\t\t\n\n  <a href=\"\/pl\/branze\/procesowanie-gotowki\/\" class=\"newlink\">\n    <div class=\"over_view_block \">\n\n      \t<img decoding=\"async\" src=\"https:\/\/www.orfix.com\/wp-content\/uploads\/2024\/05\/orfix_sector_cash_small_365x257.jpg\" alt=\"\" class=\"over_view_block__item over_view_block__item--img\" \/>\n\n\t     <div class=\"over_view_block__item over_view_block__item--content\">\n\n          <h2>Procesowanie got\u00f3wki<\/h2>\n          <p>Nasze wysokiej jako\u015bci produkty do pakowania got\u00f3wkowego oferuj\u0105 rozwi\u0105zania zoptymalizowane pod k\u0105tem twojego zastosowania, spe\u0142niaj\u0105ce wszystkie mi\u0119dzynarodowe standardy, oszcz\u0119dzaj\u0105ce czas i koszty.<\/p>\n                    <span class=\"over_view_block__cta\"><img decoding=\"async\" src=\"\/wp-content\/uploads\/2020\/09\/orfix_icon_arrow.svg\" \/><\/span>\n           \u00a0 \u00a0 \u00a0 \u00a0<\/div>\n\n<\/div><\/a> \n\t<\/div>\n\n\n\n<div class=\"col-12 col-md-6 col-lg-4\">\n\t\t\t\n\n  <a href=\"\/pl\/branze\/rolnictwo\/\" class=\"newlink\">\n    <div class=\"over_view_block \">\n\n      \t<img decoding=\"async\" src=\"https:\/\/www.orfix.com\/wp-content\/uploads\/2024\/05\/orfix_sector_agrar_small_365x257.jpg\" alt=\"\" class=\"over_view_block__item over_view_block__item--img\" \/>\n\n\t     <div class=\"over_view_block__item over_view_block__item--content\">\n\n          <h2>Rolnictwo<\/h2>\n          <p>Firma orfix jest dostawc\u0105 rozwi\u0105za\u0144 do przechowywania i transportowania r\u00f3\u017cnego rodzaju pr\u00f3bek dla rolnictwa i przemys\u0142u spo\u017cywczego.<\/p>\n                    <span class=\"over_view_block__cta\"><img decoding=\"async\" src=\"\/wp-content\/uploads\/2020\/09\/orfix_icon_arrow.svg\" \/><\/span>\n           \u00a0 \u00a0 \u00a0 \u00a0<\/div>\n\n<\/div><\/a> \n\t<\/div>\n\n\n\n<div class=\"col-12 col-md-6 col-lg-4\">\n\t\t\t\n\n  <a href=\"\/pl\/branze\/logistyka\/\" class=\"newlink\">\n    <div class=\"over_view_block \">\n\n      \t<img decoding=\"async\" src=\"https:\/\/www.orfix.com\/wp-content\/uploads\/2024\/05\/orfix_sektor_logistik_small_365x257.jpg\" alt=\"\" class=\"over_view_block__item over_view_block__item--img\" \/>\n\n\t     <div class=\"over_view_block__item over_view_block__item--content\">\n\n          <h2>Logistyka<\/h2>\n          <p>Produkty firmy orfix pomagaj\u0105 zabezpieczy\u0107 transport, przechowywanie i dystrybucj\u0119 towar\u00f3w w \u0142a\u0144cuchu logistycznym.<\/p>\n                    <span class=\"over_view_block__cta\"><img decoding=\"async\" src=\"\/wp-content\/uploads\/2020\/09\/orfix_icon_arrow.svg\" \/><\/span>\n           \u00a0 \u00a0 \u00a0 \u00a0<\/div>\n\n<\/div><\/a> \n\t<\/div>\n\n\n\n<div class=\"col-12 col-md-6 col-lg-4\">\n\t\t\t\n\n  <a href=\"\/pl\/branze\/wymiar-sprawiedliwosci-policja-wladza\/\" class=\"newlink\">\n    <div class=\"over_view_block  invert\">\n\n      \t<img decoding=\"async\" src=\"https:\/\/www.orfix.com\/wp-content\/uploads\/2020\/10\/banner_sectors_police2.jpg\" alt=\"\" class=\"over_view_block__item over_view_block__item--img\" \/>\n\n\t     <div class=\"over_view_block__item over_view_block__item--content\">\n\n          <h2>Wymiar sprawiedliwo\u015bci \/ Policja<\/h2>\n          <p>Produkujemy i specjalizujemy si\u0119 w specjalistycznych opakowaniach do zabezpieczenia dowod\u00f3w rzeczowych na miejscu zdarzenia oraz ich bezpiecznego transportu do laboratori\u00f3w kryminalistycznych.<\/p>\n                    <span class=\"over_view_block__cta\"><img decoding=\"async\" src=\"\/wp-content\/uploads\/2020\/09\/orfix_icon_arrow.svg\" \/><\/span>\n           \u00a0 \u00a0 \u00a0 \u00a0<\/div>\n\n<\/div><\/a> \n\t<\/div>\n\n\n\n<div class=\"col-12 col-md-6 col-lg-4\">\n\t\t\t\n\n  <a href=\"\/pl\/branze\/handel\/\" class=\"newlink\">\n    <div class=\"over_view_block \">\n\n      \t<img decoding=\"async\" src=\"https:\/\/www.orfix.com\/wp-content\/uploads\/2024\/05\/orfix_sektor_trade_small_365x257.jpg\" alt=\"\" class=\"over_view_block__item over_view_block__item--img\" \/>\n\n\t     <div class=\"over_view_block__item over_view_block__item--content\">\n\n          <h2>Handel \/ E-commerce<\/h2>\n          <p>orfix jest silnym partnerem dla handlu w obszarach got\u00f3wki i opakowa\u0144, np. koperty bezpieczne, foliopaki.<\/p>\n                    <span class=\"over_view_block__cta\"><img decoding=\"async\" src=\"\/wp-content\/uploads\/2020\/09\/orfix_icon_arrow.svg\" \/><\/span>\n           \u00a0 \u00a0 \u00a0 \u00a0<\/div>\n\n<\/div><\/a> \n\t<\/div>\n\n\n\n<div class=\"col-12 col-md-6 col-lg-4\">\n\t\t\t\n\n  <a href=\"\/pl\/branze\/przemysl\/\" class=\"newlink\">\n    <div class=\"over_view_block \">\n\n      \t<img decoding=\"async\" src=\"https:\/\/www.orfix.com\/wp-content\/uploads\/2024\/05\/orfix_sektor_automotive_small_365x257.jpg\" alt=\"\" class=\"over_view_block__item over_view_block__item--img\" \/>\n\n\t     <div class=\"over_view_block__item over_view_block__item--content\">\n\n          <h2>Przemys\u0142 \/ Wykwalifikowane rzemios\u0142o<\/h2>\n          <p>orfix posiada szeroki zakres produkt\u00f3w zabezpieczaj\u0105cych dla przemys\u0142u.<\/p>\n                    <span class=\"over_view_block__cta\"><img decoding=\"async\" src=\"\/wp-content\/uploads\/2020\/09\/orfix_icon_arrow.svg\" \/><\/span>\n           \u00a0 \u00a0 \u00a0 \u00a0<\/div>\n\n<\/div><\/a> \n\t<\/div>\n\n\n\n<div class=\"col-12 col-md-6 col-lg-4\">\n\t\t\t\n\n  <a href=\"\/pl\/branze\/zaklady-energetyczne-cieplownicze-oraz-wodociagowe\/\" class=\"newlink\">\n    <div class=\"over_view_block \">\n\n      \t<img decoding=\"async\" src=\"https:\/\/www.orfix.com\/wp-content\/uploads\/2020\/10\/Overviewblock_sectors_energy-water.jpg\" alt=\"\" class=\"over_view_block__item over_view_block__item--img\" \/>\n\n\t     <div class=\"over_view_block__item over_view_block__item--content\">\n\n          <h2>Zak\u0142ady energetyczne, ciep\u0142ownicze oraz wodoci\u0105gowe<\/h2>\n          <p>Wspieramy dostawc\u00f3w medi\u00f3w szerok\u0105 gam\u0105 produkt\u00f3w zabezpieczaj\u0105cych w postaci plomb licznikowych, plomb wodomierzowych, specjalistycznych kopert bezpiecznych i plomb zabezpieczaj\u0105cych.  <\/p>\n                    <span class=\"over_view_block__cta\"><img decoding=\"async\" src=\"\/wp-content\/uploads\/2020\/09\/orfix_icon_arrow.svg\" \/><\/span>\n           \u00a0 \u00a0 \u00a0 \u00a0<\/div>\n\n<\/div><\/a> \n\t<\/div>\n\n\n\n<div class=\"col-12 col-md-6 col-lg-4\">\n\t\t\t\n\n  <a href=\"\/pl\/branze\/stacje-benzynowe\/\" class=\"newlink\">\n    <div class=\"over_view_block \">\n\n      \t<img decoding=\"async\" src=\"https:\/\/www.orfix.com\/wp-content\/uploads\/2020\/10\/banner_sectors_gas-station2.jpg\" alt=\"\" class=\"over_view_block__item over_view_block__item--img\" \/>\n\n\t     <div class=\"over_view_block__item over_view_block__item--content\">\n\n          <h2>Stacje benzynowe<\/h2>\n          <p>Dostarczamy Pa\u0144stwu produkty w wielu r\u00f3\u017cnych dziedzinach indywidualnie dostosowanych do stosowanego systemu kasowego &#8211; rolki termiczne, opaski do banknot\u00f3w, koperty bezpieczne.<\/p>\n                    <span class=\"over_view_block__cta\"><img decoding=\"async\" src=\"\/wp-content\/uploads\/2020\/09\/orfix_icon_arrow.svg\" \/><\/span>\n           \u00a0 \u00a0 \u00a0 \u00a0<\/div>\n\n<\/div><\/a> \n\t<\/div>\n\n\n\n<div class=\"col-12 col-md-6 col-lg-4\">\n\t\t\t\n\n  <a href=\"\/pl\/branze\/firmy-ochroniarskie\/\" class=\"newlink\">\n    <div class=\"over_view_block \">\n\n      \t<img decoding=\"async\" src=\"https:\/\/www.orfix.com\/wp-content\/uploads\/2024\/05\/orfix_sektor_securitybusiness_small_365x257.jpg\" alt=\"\" class=\"over_view_block__item over_view_block__item--img\" \/>\n\n\t     <div class=\"over_view_block__item over_view_block__item--content\">\n\n          <h2>CIT<\/h2>\n          <p>Firmy z bran\u017cy CIT na ca\u0142ym \u015bwiecie zaufa\u0142y naszym bezpiecznym rozwi\u0105zaniom w zakresie transportu, przechowywania warto\u015bciowych przedmiot\u00f3w.<\/p>\n                    <span class=\"over_view_block__cta\"><img decoding=\"async\" src=\"\/wp-content\/uploads\/2020\/09\/orfix_icon_arrow.svg\" \/><\/span>\n           \u00a0 \u00a0 \u00a0 \u00a0<\/div>\n\n<\/div><\/a> \n\t<\/div>\n\n\n\n<div class=\"col-12 col-md-6 col-lg-4\">\n\t\t\t\n\n  <a href=\"\/pl\/branze\/medycyna-laboratoria\/\" class=\"newlink\">\n    <div class=\"over_view_block \">\n\n      \t<img decoding=\"async\" src=\"https:\/\/www.orfix.com\/wp-content\/uploads\/2024\/05\/orfix_sektor_medical_small_365x257.jpg\" alt=\"\" class=\"over_view_block__item over_view_block__item--img\" \/>\n\n\t     <div class=\"over_view_block__item over_view_block__item--content\">\n\n          <h2>Medycyna \/ Laboratoria<\/h2>\n          <p>Koperty medyczne wykonane z folii PE mog\u0105 by\u0107 stosowane w bran\u017cy medycznej i farmaceutycznej do transportu pr\u00f3bek laboratoryjnych. Przeznaczone jako opakowanie wt\u00f3rne dla substancji biologicznych kategorii B (UN 3373). <\/p>\n                    <span class=\"over_view_block__cta\"><img decoding=\"async\" src=\"\/wp-content\/uploads\/2020\/09\/orfix_icon_arrow.svg\" \/><\/span>\n           \u00a0 \u00a0 \u00a0 \u00a0<\/div>\n\n<\/div><\/a> \n\t<\/div>\n\n\n\n<div class=\"col-12 col-md-6 col-lg-4\">\n\t\t\t\n\n  <a href=\"\/pl\/branze\/lotnictwo-porty-lotnicze\/\" class=\"newlink\">\n    <div class=\"over_view_block \">\n\n      \t<img decoding=\"async\" src=\"https:\/\/www.orfix.com\/wp-content\/uploads\/2024\/05\/orfix_sektor_airport_small_365x257.jpg\" alt=\"\" class=\"over_view_block__item over_view_block__item--img\" \/>\n\n\t     <div class=\"over_view_block__item over_view_block__item--content\">\n\n          <h2>Lotnictwo \/ Lotniska<\/h2>\n          <p>Jeste\u015bmy producentem tzw. toreb lotniskowych \u2013 opakowa\u0144 przeznaczonych do zakup\u00f3w w strefie Duty Free, na lotniskach.\r\n\r\nTorby lotniskowe, produkowane wed\u0142ug najwy\u017cszych standard\u00f3w zabezpiecze\u0144 i ze specjalnie skonstruowanym uchwytem, s\u0105 dzi\u015b nieodzownym \u015brodkiem bezpiecze\u0144stwa w transporcie lotniczym na ca\u0142ym \u015bwiecie.<\/p>\n                    <span class=\"over_view_block__cta\"><img decoding=\"async\" src=\"\/wp-content\/uploads\/2020\/09\/orfix_icon_arrow.svg\" \/><\/span>\n           \u00a0 \u00a0 \u00a0 \u00a0<\/div>\n\n<\/div><\/a> \n\t<\/div>\n\n\n\n<div class=\"col-12 col-md-6 col-lg-4\">\n\t\t\t\t<\/div>\n\n\n\n<div class=\"col-12 col-md-6 col-lg-4\">\n\t\t\t\t<\/div>\n\n\n\n<div class=\"col-12 col-md-6 col-lg-4\">\n\t\t\t\t<\/div>\n\n<\/div>\n\n<\/div>\n\n\n\n<div style=\"height:20px\" aria-hidden=\"true\" class=\"wp-block-spacer\"><\/div>\n\n\n\n<figure class=\"wp-block-image size-full\"><img loading=\"lazy\" decoding=\"async\" width=\"2560\" height=\"750\" src=\"https:\/\/www.orfix.com\/wp-content\/uploads\/2024\/05\/orfix-Karte-2024-en-6-scaled.jpg\" alt=\"\" class=\"wp-image-22373\" srcset=\"https:\/\/www.orfix.com\/wp-content\/uploads\/2024\/05\/orfix-Karte-2024-en-6-scaled.jpg 2560w, https:\/\/www.orfix.com\/wp-content\/uploads\/2024\/05\/orfix-Karte-2024-en-6-768x225.jpg 768w, https:\/\/www.orfix.com\/wp-content\/uploads\/2024\/05\/orfix-Karte-2024-en-6-1536x450.jpg 1536w, https:\/\/www.orfix.com\/wp-content\/uploads\/2024\/05\/orfix-Karte-2024-en-6-2048x600.jpg 2048w\" sizes=\"auto, (max-width: 2560px) 100vw, 2560px\" \/><\/figure>\n\n\n\n<p class=\"has-medium-font-size\">Ch\u0119tnie doradzimy indywidualnie!<br><strong>Tw\u00f3j kompetentny partner z pe\u0142nym asortymentem dla ka\u017cdego, kto liczy, pakuje, transportuje lub przechowuje got\u00f3wk\u0119.<\/strong><\/p>\n\n\n\n<div style=\"height:20px\" aria-hidden=\"true\" class=\"wp-block-spacer\"><\/div>\n\n\n\n<div class=\"wp-block-buttons cta-banner-content__item is-layout-flex wp-block-buttons-is-layout-flex\">\n<div class=\"wp-block-button has-custom-font-size is-style-outline has-medium-font-size is-style-outline--1 advgb-dyn-5b178352\"><a class=\"wp-block-button__link has-text-color wp-element-button\" href=\"\/pl\/contact\/\" style=\"border-radius:1px;color:#ba0c2f\" target=\"_blank\" rel=\"noreferrer noopener\"><strong>Kontakt<\/strong><\/a><\/div>\n\n\n\n<div class=\"wp-block-button has-custom-font-size btn__bg--red has-medium-font-size advgb-dyn-86e7eee1\"><a class=\"wp-block-button__link has-white-color has-text-color has-background wp-element-button\" href=\"https:\/\/www.orfix.com\/pl\/obszary-dzialania-produkty\/\" style=\"border-radius:1px;background-color:#ba0c2f\" target=\"_blank\" rel=\"noreferrer noopener\"><strong>Produkty<\/strong><\/a><\/div>\n\n\n\n<div class=\"wp-block-button has-custom-font-size btn__bg--red has-medium-font-size advgb-dyn-1f1542a5\"><a class=\"wp-block-button__link has-white-color has-text-color has-background wp-element-button\" href=\"https:\/\/sklep.orfix.pl\/\" style=\"border-radius:1px;background-color:#ba0c2f\" target=\"_blank\" rel=\"noreferrer noopener\"><strong>Sklep on-line<\/strong><\/a><\/div>\n<\/div>\n\n\n\n<div style=\"height:20px\" aria-hidden=\"true\" class=\"wp-block-spacer\"><\/div>\n","protected":false},"excerpt":{"rendered":"<p>Sektory aktywno\u015bci orfix Nasza szeroka gama przemy\u015blanych produkt\u00f3w opakowaniowych oferuje rozwi\u0105zania zoptymalizowane pod k\u0105tem r\u00f3\u017cnych obszar\u00f3w zastosowa\u0144. Nasze rozwi\u0105zania w zakresie opakowa\u0144 i zabezpiecze\u0144 s\u0105 wykorzystywane w wielu sektorach. Has\u0142o &#8220;Chroni\u0107 Warto\u015bci&#8221; jest nasz\u0105 g\u0142\u00f3wn\u0105 ide\u0105, kt\u00f3r\u0105 traktujemy jako wyzwanie podczas wsp\u00f3\u0142pracy z Pa\u0144stwem. Rozw\u00f3j nowych produkt\u00f3w oraz niezawodne rozwi\u0105zania powstaj\u0105ce dzi\u0119ki konsultacjom z naszymi<\/p>\n<p><a class=\"btn btn-secondary understrap-read-more-link\" href=\"https:\/\/www.orfix.com\/pl\/branze\/\">Czytaj dalej\u2026<\/a><\/p>\n","protected":false},"author":36,"featured_media":0,"parent":0,"menu_order":1,"comment_status":"closed","ping_status":"closed","template":"","meta":{"_acf_changed":false,"om_disable_all_campaigns":false,"inline_featured_image":false,"advgb_blocks_editor_width":"","advgb_blocks_columns_visual_guide":"","_monsterinsights_skip_tracking":false,"_monsterinsights_sitenote_active":false,"_monsterinsights_sitenote_note":"","_monsterinsights_sitenote_category":0,"_uf_show_specific_survey":0,"_uf_disable_surveys":false,"footnotes":""},"class_list":["post-7473","page","type-page","status-publish","hentry"],"acf":[],"aioseo_notices":[],"coauthors":[],"author_meta":{"author_link":"https:\/\/www.orfix.com\/pl\/author\/mgendelmeyer\/","display_name":"Malte Gendelmeyer"},"relative_dates":{"created":"Posted 5 lat ago","modified":"Updated 5 miesi\u0119cy ago"},"absolute_dates":{"created":"Posted on 9. listopada 2020","modified":"Updated on 5. grudnia 2025"},"absolute_dates_time":{"created":"Posted on 9. listopada 2020 16:02","modified":"Updated on 5. grudnia 2025 0:35"},"featured_img_caption":"","featured_img":false,"series_order":"","_links":{"self":[{"href":"https:\/\/www.orfix.com\/pl\/wp-json\/wp\/v2\/pages\/7473","targetHints":{"allow":["GET"]}}],"collection":[{"href":"https:\/\/www.orfix.com\/pl\/wp-json\/wp\/v2\/pages"}],"about":[{"href":"https:\/\/www.orfix.com\/pl\/wp-json\/wp\/v2\/types\/page"}],"author":[{"embeddable":true,"href":"https:\/\/www.orfix.com\/pl\/wp-json\/wp\/v2\/users\/36"}],"replies":[{"embeddable":true,"href":"https:\/\/www.orfix.com\/pl\/wp-json\/wp\/v2\/comments?post=7473"}],"version-history":[{"count":46,"href":"https:\/\/www.orfix.com\/pl\/wp-json\/wp\/v2\/pages\/7473\/revisions"}],"predecessor-version":[{"id":32544,"href":"https:\/\/www.orfix.com\/pl\/wp-json\/wp\/v2\/pages\/7473\/revisions\/32544"}],"wp:attachment":[{"href":"https:\/\/www.orfix.com\/pl\/wp-json\/wp\/v2\/media?parent=7473"}],"curies":[{"name":"wp","href":"https:\/\/api.w.org\/{rel}","templated":true}]}}