{"id":7263,"date":"2020-11-09T14:53:44","date_gmt":"2020-11-09T13:53:44","guid":{"rendered":"http:\/\/orfix.netzkunst24.de\/?page_id=7263"},"modified":"2021-01-06T13:42:34","modified_gmt":"2021-01-06T12:42:34","slug":"koperty-kurierskie-na-dokumenty-kangurki-przylgi","status":"publish","type":"page","link":"https:\/\/www.orfix.com\/pl\/obszary-dzialania-produkty\/pakowanie-gotowki\/koperty-kurierskie-na-dokumenty-kangurki-przylgi\/","title":{"rendered":"Koperty kurierskie na dokumenty \/ Kangurki \/ Przylgi"},"content":{"rendered":"<div class=\"wp-bootstrap-blocks-container container-fluid mb-5 custom_container custom_container--big custom_container--banner custom_container--banner--no-img\">\n\t\n<div class=\"wp-bootstrap-blocks-row row custom_row custom_row--center\">\n\t\n\n<div class=\"col-12 col-md-12 custom_slider custom-banner-img custom_slider__banner\">\n\t\t\t\n\n\n\n\n<h1 class=\"wp-block-heading\">Koperty kurierskie na dokumenty \/ Kangurki \/ Przylgi<\/h1>\n\n\t<\/div>\n\n<\/div>\n\n<\/div>\n\n\n<div class=\"wp-bootstrap-blocks-container container-fluid mb-5 custom_container custom_container--middle\">\n\t\n<div class=\"wp-bootstrap-blocks-row row\">\n\t\n\n<div class=\"col-12 col-md-4\">\n\t\t\t\n\n<figure class=\"wp-block-image size-large is-resized\"><img loading=\"lazy\" decoding=\"async\" src=\"https:\/\/www.orfix.com\/wp-content\/uploads\/2020\/10\/Document-Bags-365x257px-1024x720.jpg\" alt=\"Document Bags\" class=\"wp-image-3441\" width=\"365\" height=\"257\"\/><\/figure>\n\n\n\n<p>Samoprzylepne koperty na dokumenty wykonane z folii LDPE przeznaczone s\u0105 do bezpiecznego transportu dokument\u00f3w towarzysz\u0105cych przesy\u0142ce, takich jak faktury, dokumenty dostawy lub dokumenty przewozowe.<\/p>\n\n\t<\/div>\n\n\n\n<div class=\"col-12 col-md-4\">\n\t\t\t\n\n<figure class=\"wp-block-image size-large\"><img loading=\"lazy\" decoding=\"async\" width=\"365\" height=\"257\" src=\"https:\/\/www.orfix.com\/wp-content\/uploads\/2020\/10\/Document-Bags-transperent-365x257px.jpg\" alt=\"Document Bags transperent\" class=\"wp-image-4292\" srcset=\"https:\/\/www.orfix.com\/wp-content\/uploads\/2020\/10\/Document-Bags-transperent-365x257px.jpg 365w, https:\/\/www.orfix.com\/wp-content\/uploads\/2020\/10\/Document-Bags-transperent-365x257px-300x211.jpg 300w, https:\/\/www.orfix.com\/wp-content\/uploads\/2020\/10\/Document-Bags-transperent-365x257px-24x17.jpg 24w, https:\/\/www.orfix.com\/wp-content\/uploads\/2020\/10\/Document-Bags-transperent-365x257px-36x25.jpg 36w, https:\/\/www.orfix.com\/wp-content\/uploads\/2020\/10\/Document-Bags-transperent-365x257px-48x34.jpg 48w\" sizes=\"auto, (max-width: 365px) 100vw, 365px\" \/><\/figure>\n\n\n\n<p>Dzi\u0119ki doskona\u0142emu przyleganiu do r\u00f3\u017cnych materia\u0142\u00f3w i \u0142atwej obs\u0142udze Twoje dokumenty mog\u0105 by\u0107 szybko i bezpiecznie do\u0142\u0105czane do wszystkich przesy\u0142ek. Chronione przed wszystkimi warunkami pogodowymi, dokumenty do\u0142\u0105czane do przesy\u0142ek bezpiecznie dotr\u0105 na miejsce. Nasz asortyment obejmuje szeroki wyb\u00f3r r\u00f3\u017cnych rozmiar\u00f3w i nadruk\u00f3w.<\/p>\n\n\t<\/div>\n\n\n\n<div class=\"col-12 col-md-4\">\n\t\t\t\n\n<figure class=\"wp-block-image size-large\"><img loading=\"lazy\" decoding=\"async\" width=\"365\" height=\"257\" src=\"https:\/\/www.orfix.com\/wp-content\/uploads\/2020\/10\/Document-Bags-print-365x257px.jpg\" alt=\"Document Bags print\" class=\"wp-image-4299\" srcset=\"https:\/\/www.orfix.com\/wp-content\/uploads\/2020\/10\/Document-Bags-print-365x257px.jpg 365w, https:\/\/www.orfix.com\/wp-content\/uploads\/2020\/10\/Document-Bags-print-365x257px-300x211.jpg 300w, https:\/\/www.orfix.com\/wp-content\/uploads\/2020\/10\/Document-Bags-print-365x257px-24x17.jpg 24w, https:\/\/www.orfix.com\/wp-content\/uploads\/2020\/10\/Document-Bags-print-365x257px-36x25.jpg 36w, https:\/\/www.orfix.com\/wp-content\/uploads\/2020\/10\/Document-Bags-print-365x257px-48x34.jpg 48w\" sizes=\"auto, (max-width: 365px) 100vw, 365px\" \/><\/figure>\n\n\n\n<p>Sprawd\u017a nasze klasyczne koperty na dokumenty i chro\u0144 swoje dokumenty do\u0142\u0105czane do przesy\u0142ek w spos\u00f3b ekonomiczny i bezpieczny.<\/p>\n\n\t<\/div>\n\n<\/div>\n\n<\/div>\n\n\n<div class=\"wp-bootstrap-blocks-container container-fluid mb-5 custom_container custom_container--small\">\n\t\n<div class=\"wp-bootstrap-blocks-row row\">\n\t\n\n<div class=\"col-12 col-md-12\">\n\t\t\t\n\n<h2 class=\"wp-block-heading\">Powi\u0105zane produkty<\/h2>\n\n\n\n<p><\/p>\n\n\t<\/div>\n\n\n\n<div class=\"col-12\">\n\t\t\t\n\n<ul class=\"list--no-img-point wp-block-list\"><li><a href=\"https:\/\/www.orfix.com\/pl\/obszary-dzialania-produkty\/pakowanie-gotowki\/papierowe-gilzy-do-bilonu\/\" target=\"_blank\" rel=\"noreferrer noopener\">Ta\u015bma pakowa zabezpieczaj\u0105ca<\/a><\/li><\/ul>\n\n\t<\/div>\n\n<\/div>\n\n<\/div>\n\n\n<div class=\"wp-bootstrap-blocks-container container-fluid mb-5 custom_container custom_container--middle\">\n\t\n<div class=\"wp-bootstrap-blocks-row row custom-row__cta-contact\">\n\t\n\n<div class=\"col-12 col-md-6\">\n\t\t\t\n\n<figure class=\"wp-block-image size-large advgb-dyn-6a484ffd\"><img loading=\"lazy\" decoding=\"async\" width=\"471\" height=\"344\" src=\"https:\/\/www.orfix.com\/wp-content\/uploads\/2020\/10\/shutterstock_116283283_471x344px.jpg\" alt=\"\" class=\"wp-image-3327\" srcset=\"https:\/\/www.orfix.com\/wp-content\/uploads\/2020\/10\/shutterstock_116283283_471x344px.jpg 471w, https:\/\/www.orfix.com\/wp-content\/uploads\/2020\/10\/shutterstock_116283283_471x344px-300x219.jpg 300w, https:\/\/www.orfix.com\/wp-content\/uploads\/2020\/10\/shutterstock_116283283_471x344px-24x18.jpg 24w, https:\/\/www.orfix.com\/wp-content\/uploads\/2020\/10\/shutterstock_116283283_471x344px-36x26.jpg 36w, https:\/\/www.orfix.com\/wp-content\/uploads\/2020\/10\/shutterstock_116283283_471x344px-48x35.jpg 48w\" sizes=\"auto, (max-width: 471px) 100vw, 471px\" \/><figcaption class=\"wp-element-caption\">Skontaktuj si\u0119 z nami<\/figcaption><\/figure>\n\n\t<\/div>\n\n\n\n<div class=\"col-12 col-md-6\">\n\t\t\t\n<div class=\"employeeblock\">\n    <figure class=\"employeeblock__item employeeblock__item--img\">\n        <img decoding=\"async\" src=\"\" alt=\"\" \/>\n    <\/figure>\n    <div class=\"employeeblock__item employeeblock__item--content\">\n        <h2 class=\"name\">Wsparcie Klienta \/ Customer Service<\/h2>\n        <p class=\"position\"><\/p>\n        <p><a class=\"link link--has-icon link--has-icon--mail\" href=\"mailto:orfix@orfix.pl\">orfix@orfix.pl<\/a><\/p>\n        <p><a class=\"link link--has-icon link--has-icon--tel\" href=\"tel:+48585110655\">+48 58 511-06-55<\/a><\/p>\n    <\/div>\n<\/div>\n\n\t<\/div>\n\n<\/div>\n\n<\/div>\n\n\n<div class=\"wp-bootstrap-blocks-container container-fluid mb-5 custom_container custom_container--middle\">\n\t\n<div class=\"wp-bootstrap-blocks-row row\">\n\t\n\n<div class=\"col-12 col-md-12\">\n\t\t\t\n\n<h2 class=\"wp-block-heading has-text-color advgb-dyn-452b4af2\" style=\"color:#002855;font-size:30px\">orfix \u2013 specjalista w produkcji papieru i tworzyw sztucznych<\/h2>\n\n\t<\/div>\n\n\n\n<div class=\"col-12 col-md-6\">\n\t\t\t\n\n<p class=\"has-medium-font-size\">Rozwijamy si\u0119 i produkujemy przy u\u017cyciu najnowocze\u015bniejszych metod, zawsze maj\u0105c na uwadze indywidualne wymagania klienta. Nie pozostajemy oboj\u0119tni wobec wp\u0142ywu na \u015brodowisko. Dzia\u0142amy w spos\u00f3b, kt\u00f3ry chroni zasoby i jest jak najbardziej neutralny pod wzgl\u0119dem emisji CO2. Otrzymasz od nas sta\u0142\u0105, pierwszorz\u0119dn\u0105 i certyfikowan\u0105 jako\u015b\u0107, zainspirujemy Ci\u0119 innowacjami i doskona\u0142\u0105 obs\u0142ug\u0105 klienta.<\/p>\n\n\t<\/div>\n\n\n\n<div class=\"col-12 col-md-6\">\n\t\t\t\n\n<ul class=\"wp-block-list\">\n<li class=\"has-medium-font-size\">Standardowy asortyment orfix jest zawsze w magazynie.<\/li>\n\n\n\n<li class=\"has-medium-font-size\">orfix oferuje magazynowanie a tak\u017ce dostosowanie produkt\u00f3w do indywidualnych potrzeb klienta.<\/li>\n\n\n\n<li class=\"has-medium-font-size\">orfix jest w stanie produkowa\u0107 nawet niewielkie ilo\u015bci niestandardowych artyku\u0142\u00f3w.<\/li>\n\n\n\n<li class=\"has-medium-font-size\">orfix oferuje kompetentne i indywidualne doradztwo \u2013 za po\u015brednictwem formularza kontaktowego, telefonicznie lub na miejscu<\/li>\n<\/ul>\n\n\t<\/div>\n\n<\/div>\n\n<\/div>\n\n\n\n<div style=\"height:20px\" aria-hidden=\"true\" class=\"wp-block-spacer\"><\/div>\n\n\n\n<figure class=\"wp-block-image size-full\"><img loading=\"lazy\" decoding=\"async\" width=\"2560\" height=\"750\" src=\"https:\/\/www.orfix.com\/wp-content\/uploads\/2024\/05\/orfix-Karte-2024-en-6-scaled.jpg\" alt=\"\" class=\"wp-image-22373\" srcset=\"https:\/\/www.orfix.com\/wp-content\/uploads\/2024\/05\/orfix-Karte-2024-en-6-scaled.jpg 2560w, https:\/\/www.orfix.com\/wp-content\/uploads\/2024\/05\/orfix-Karte-2024-en-6-768x225.jpg 768w, https:\/\/www.orfix.com\/wp-content\/uploads\/2024\/05\/orfix-Karte-2024-en-6-1536x450.jpg 1536w, https:\/\/www.orfix.com\/wp-content\/uploads\/2024\/05\/orfix-Karte-2024-en-6-2048x600.jpg 2048w\" sizes=\"auto, (max-width: 2560px) 100vw, 2560px\" \/><\/figure>\n\n\n\n<p class=\"has-medium-font-size\">Ch\u0119tnie doradzimy indywidualnie!<br><strong>Tw\u00f3j kompetentny partner z pe\u0142nym asortymentem dla ka\u017cdego, kto liczy, pakuje, transportuje lub przechowuje got\u00f3wk\u0119.<\/strong><\/p>\n\n\n\n<div style=\"height:20px\" aria-hidden=\"true\" class=\"wp-block-spacer\"><\/div>\n\n\n\n<div class=\"wp-block-buttons cta-banner-content__item is-layout-flex wp-block-buttons-is-layout-flex\">\n<div class=\"wp-block-button has-custom-font-size is-style-outline has-medium-font-size is-style-outline--1 advgb-dyn-5b178352\"><a class=\"wp-block-button__link has-text-color wp-element-button\" href=\"\/pl\/contact\/\" style=\"border-radius:1px;color:#ba0c2f\" target=\"_blank\" rel=\"noreferrer noopener\"><strong>Kontakt<\/strong><\/a><\/div>\n\n\n\n<div class=\"wp-block-button has-custom-font-size btn__bg--red has-medium-font-size advgb-dyn-86e7eee1\"><a class=\"wp-block-button__link has-white-color has-text-color has-background wp-element-button\" href=\"https:\/\/www.orfix.com\/pl\/obszary-dzialania-produkty\/\" style=\"border-radius:1px;background-color:#ba0c2f\" target=\"_blank\" rel=\"noreferrer noopener\"><strong>Produkty<\/strong><\/a><\/div>\n\n\n\n<div class=\"wp-block-button has-custom-font-size btn__bg--red has-medium-font-size advgb-dyn-1f1542a5\"><a class=\"wp-block-button__link has-white-color has-text-color has-background wp-element-button\" href=\"https:\/\/sklep.orfix.pl\/\" style=\"border-radius:1px;background-color:#ba0c2f\" target=\"_blank\" rel=\"noreferrer noopener\"><strong>Sklep on-line<\/strong><\/a><\/div>\n<\/div>\n\n\n\n<div style=\"height:20px\" aria-hidden=\"true\" class=\"wp-block-spacer\"><\/div>\n","protected":false},"excerpt":{"rendered":"<p><a class=\"btn btn-secondary understrap-read-more-link\" href=\"https:\/\/www.orfix.com\/pl\/obszary-dzialania-produkty\/pakowanie-gotowki\/koperty-kurierskie-na-dokumenty-kangurki-przylgi\/\">Czytaj dalej\u2026<\/a><\/p>\n","protected":false},"author":36,"featured_media":0,"parent":1434,"menu_order":16,"comment_status":"closed","ping_status":"closed","template":"","meta":{"_acf_changed":false,"om_disable_all_campaigns":false,"inline_featured_image":false,"advgb_blocks_editor_width":"","advgb_blocks_columns_visual_guide":"","_monsterinsights_skip_tracking":false,"_monsterinsights_sitenote_active":false,"_monsterinsights_sitenote_note":"","_monsterinsights_sitenote_category":0,"_uf_show_specific_survey":0,"_uf_disable_surveys":false,"footnotes":""},"class_list":["post-7263","page","type-page","status-publish","hentry"],"acf":[],"aioseo_notices":[],"coauthors":[],"author_meta":{"author_link":"https:\/\/www.orfix.com\/pl\/author\/mgendelmeyer\/","display_name":"Malte Gendelmeyer"},"relative_dates":{"created":"Posted 5 lat ago","modified":"Updated 5 lat ago"},"absolute_dates":{"created":"Posted on 9. listopada 2020","modified":"Updated on 6. stycznia 2021"},"absolute_dates_time":{"created":"Posted on 9. listopada 2020 14:53","modified":"Updated on 6. stycznia 2021 13:42"},"featured_img_caption":"","featured_img":false,"series_order":"","_links":{"self":[{"href":"https:\/\/www.orfix.com\/pl\/wp-json\/wp\/v2\/pages\/7263","targetHints":{"allow":["GET"]}}],"collection":[{"href":"https:\/\/www.orfix.com\/pl\/wp-json\/wp\/v2\/pages"}],"about":[{"href":"https:\/\/www.orfix.com\/pl\/wp-json\/wp\/v2\/types\/page"}],"author":[{"embeddable":true,"href":"https:\/\/www.orfix.com\/pl\/wp-json\/wp\/v2\/users\/36"}],"replies":[{"embeddable":true,"href":"https:\/\/www.orfix.com\/pl\/wp-json\/wp\/v2\/comments?post=7263"}],"version-history":[{"count":8,"href":"https:\/\/www.orfix.com\/pl\/wp-json\/wp\/v2\/pages\/7263\/revisions"}],"predecessor-version":[{"id":13297,"href":"https:\/\/www.orfix.com\/pl\/wp-json\/wp\/v2\/pages\/7263\/revisions\/13297"}],"up":[{"embeddable":true,"href":"https:\/\/www.orfix.com\/pl\/wp-json\/wp\/v2\/pages\/1434"}],"wp:attachment":[{"href":"https:\/\/www.orfix.com\/pl\/wp-json\/wp\/v2\/media?parent=7263"}],"curies":[{"name":"wp","href":"https:\/\/api.w.org\/{rel}","templated":true}]}}