{"id":7235,"date":"2020-11-09T14:38:25","date_gmt":"2020-11-09T13:38:25","guid":{"rendered":"http:\/\/orfix.netzkunst24.de\/?page_id=7235"},"modified":"2025-12-05T00:51:41","modified_gmt":"2025-12-04T23:51:41","slug":"plomby-zabezpieczajace","status":"publish","type":"page","link":"https:\/\/www.orfix.com\/pl\/obszary-dzialania-produkty\/pakowanie-gotowki\/plomby-zabezpieczajace\/","title":{"rendered":"Plomby zabezpieczaj\u0105ce"},"content":{"rendered":"<div class=\"wp-bootstrap-blocks-container container-fluid mb-5 custom_container custom_container--big custom_container--banner\">\n\t\n<div class=\"wp-bootstrap-blocks-row row custom_row custom_row--center\">\n\t\n\n<div class=\"col-12 col-md-12 custom_slider custom-banner-img custom_slider__banner\">\n\t\t\t\n\n<figure class=\"wp-block-image size-full desktop-banner\"><img loading=\"lazy\" decoding=\"async\" width=\"2560\" height=\"692\" src=\"https:\/\/www.orfix.com\/wp-content\/uploads\/2024\/05\/orfix_Header_Banner_CashPackaging_Security-Seals_PL_1024x277-scaled.jpg\" alt=\"Plomby plastikowe orfix dla dedykowanego zabezpieczenia\" class=\"wp-image-23868\" srcset=\"https:\/\/www.orfix.com\/wp-content\/uploads\/2024\/05\/orfix_Header_Banner_CashPackaging_Security-Seals_PL_1024x277-scaled.jpg 2560w, https:\/\/www.orfix.com\/wp-content\/uploads\/2024\/05\/orfix_Header_Banner_CashPackaging_Security-Seals_PL_1024x277-768x208.jpg 768w, https:\/\/www.orfix.com\/wp-content\/uploads\/2024\/05\/orfix_Header_Banner_CashPackaging_Security-Seals_PL_1024x277-1536x415.jpg 1536w, https:\/\/www.orfix.com\/wp-content\/uploads\/2024\/05\/orfix_Header_Banner_CashPackaging_Security-Seals_PL_1024x277-2048x554.jpg 2048w\" sizes=\"auto, (max-width: 2560px) 100vw, 2560px\" \/><\/figure>\n\n\n\n\n\t<\/div>\n\n<\/div>\n\n\n<div class=\"wp-bootstrap-blocks-row row custom_row custom_row--center\">\n\t\n\n<div class=\"col-12 col-md-12 custom_slider custom-banner-img custom_slider__banner\">\n\t\t\t\n\n<figure class=\"wp-block-image size-full mobile-banner\"><img loading=\"lazy\" decoding=\"async\" width=\"1583\" height=\"1250\" src=\"https:\/\/www.orfix.com\/wp-content\/uploads\/2024\/05\/orfix_Mobile_Banner_CashPackaging_Security-Seals_IT_760x650.jpg\" alt=\"\" class=\"wp-image-23857\" srcset=\"https:\/\/www.orfix.com\/wp-content\/uploads\/2024\/05\/orfix_Mobile_Banner_CashPackaging_Security-Seals_IT_760x650.jpg 1583w, https:\/\/www.orfix.com\/wp-content\/uploads\/2024\/05\/orfix_Mobile_Banner_CashPackaging_Security-Seals_IT_760x650-768x606.jpg 768w, https:\/\/www.orfix.com\/wp-content\/uploads\/2024\/05\/orfix_Mobile_Banner_CashPackaging_Security-Seals_IT_760x650-1536x1213.jpg 1536w\" sizes=\"auto, (max-width: 1583px) 100vw, 1583px\" \/><\/figure>\n\n\n\n\n\t<\/div>\n\n<\/div>\n\n<\/div>\n\n\n\n<div class=\"wp-block-columns is-layout-flex wp-container-core-columns-is-layout-9d6595d7 wp-block-columns-is-layout-flex\">\n<div class=\"wp-block-column is-layout-flow wp-block-column-is-layout-flow\">\n<h1 class=\"wp-block-heading has-text-color\" style=\"color:#002855;font-size:30px\">Plomby plastikowe<\/h1>\n\n\n\n<p class=\"has-text-color has-medium-font-size\" style=\"color:#002855\">orfix plomby zabezpieczaj\u0105ce zapewniaj\u0105 bezpiecze\u0144stwo oraz gwarancj\u0119 szybkiego i \u0142atwego stwierdzenia jakichkolwiek pr\u00f3b manipulacji transportowanych lub magazynowanych warto\u015bci. orfix plomby zabezpieczaj\u0105ce zosta\u0142y odpowiednio zaprojektowane w taki spos\u00f3b, aby pokazywa\u0142y wszelkie pr\u00f3by manipulacji przy zamkni\u0119tych drzwiach, kasetkach bankowych, workach, pojemnikach, portfelach depozytowych, kontenerach itp. Oferta orfix zawiera szerok\u0105 gam\u0119 plomb przeznaczonych do r\u00f3\u017cnych cel\u00f3w w zale\u017cno\u015bci od potrzeb klient\u00f3w niezale\u017cnie od bran\u017cy.&nbsp;<\/p>\n\n\n\n<p class=\"has-text-color has-medium-font-size\" style=\"color:#002855\">Plomby zabezpieczaj\u0105ce orfix posiadaj\u0105 wszelkie niezb\u0119dne certyfikaty jako\u015bci aby zapewni\u0107 Pa\u0144stwu najlepsz\u0105 ochron\u0119. Wszystkie plomby wykonane s\u0105 z tworzyw nadaj\u0105cych si\u0119 do recyklingu, dzi\u0119ki czemu s\u0105 proekologiczne i przyjazne \u015brodowisku. <strong>orfix plomby zabezpieczaj\u0105ce mog\u0105 by\u0107 personalizowane na \u017cyczenie klienta. Ka\u017cdy model plomby mo\u017ce zosta\u0107 wyprodukowany w dowolnym kolorze i z dowolnym logo lub napisem.<\/strong><\/p>\n<\/div>\n<\/div>\n\n\n\n<div style=\"height:50px\" aria-hidden=\"true\" class=\"wp-block-spacer\"><\/div>\n\n\n<div class=\"wp-bootstrap-blocks-container container-fluid mb-5 custom_container custom_container--middle\">\n\t\n<div class=\"wp-bootstrap-blocks-row row\">\n\t\n\n<div class=\"col-12\">\n\t\t\t\n<div class=\"wp-bootstrap-blocks-container container mb-0\">\n\t\n<div class=\"wp-bootstrap-blocks-row row row--applications\">\n\t\n\n<div class=\"col-12 col-md-7 col--big\">\n\t\t\t\n\n<h2 class=\"wp-block-heading\" style=\"font-size:30px\">Zastosowanie<\/h2>\n\n\n<div class=\"wp-bootstrap-blocks-row row\">\n\t\n\n<div class=\"col-12 col-md-6\">\n\t\t\t\n\n<ul id=\"block-220349ef-e156-45ff-a000-a2c983f94d9b\" class=\"wp-block-list list--no-img-point\">\n<li class=\"has-medium-font-size\">Kasety bankomatowe<\/li>\n\n\n\n<li class=\"has-medium-font-size\">Saszetki plombowane wielokrotnego u\u017cytku<\/li>\n\n\n\n<li class=\"has-medium-font-size\">Worki na bilon<\/li>\n\n\n\n<li class=\"has-medium-font-size\">Zawory<\/li>\n<\/ul>\n\n\t<\/div>\n\n\n\n<div class=\"col-12 col-md-6\">\n\t\t\t\n\n<ul id=\"block-4c8d9446-2d99-4642-9491-9941e407dff9\" class=\"wp-block-list list--no-img-point\">\n<li class=\"has-medium-font-size\">Urz\u0105dzenia pomiarowe<\/li>\n\n\n\n<li class=\"has-medium-font-size\">Cysterny<\/li>\n\n\n\n<li class=\"has-medium-font-size\">Kontenery<\/li>\n\n\n\n<li class=\"has-medium-font-size\">Samochody ci\u0119\u017carowe<\/li>\n<\/ul>\n\n\t<\/div>\n\n<\/div>\n\n\t<\/div>\n\n\n\n<div class=\"col-12 col-md-5 col--small\">\n\t\t\t\n\n<h2 class=\"wp-block-heading\" style=\"font-size:30px\">Jako\u015b\u0107 orfix <\/h2>\n\n\n\n<p class=\"has-medium-font-size\">orfix plomby zabezpieczaj\u0105ce poddawane s\u0105 surowym testom na etapie produkcji. Posiadaj\u0105 wymagane certyfikaty zgodnie z obowi\u0105zuj\u0105cymi zasadami.<\/p>\n\n\t<\/div>\n\n<\/div>\n\n<\/div>\n\n\t<\/div>\n\n<\/div>\n\n<\/div>\n\n\n<div class=\"wp-bootstrap-blocks-container container-fluid mb-5 custom_container custom_container--middle\">\n\t\n<div class=\"wp-bootstrap-blocks-row row\">\n\t\n\n<div class=\"col-12 col-md-12 table__wrapper\">\n\t\t\t\n\n<h2 class=\"wp-block-heading\" style=\"font-size:30px\">orfix plomby zabezpieczaj\u0105ce<\/h2>\n\n\n\n<table class=\"wp-block-advgb-table advgb-table-frontend is-style-stripes\"><thead><tr><th><strong>Rodzaj plomby<\/strong><\/th><th style=\"border-width:1px\"><strong>Zastosowanie<\/strong><\/th><\/tr><\/thead><tbody><tr><td>Plomby zaci\u0105gane<\/td><td>kasety bankomatowe, saszetki plombowane wielokrotnego u\u017cytku, zawory, liczniki<\/td><\/tr><tr><td>Plomby o sta\u0142ej d\u0142ugo\u015bci<\/td><td>kontenery, samochody ci\u0119\u017carowe, cysterny, liczniki<\/td><\/tr><tr><td>Plomby do work\u00f3w<\/td><td>worki, torebki na bilon<\/td><\/tr><tr><td>Plomby kablowe<\/td><td>kontenery, samochody ci\u0119\u017carowe, cysterny<\/td><\/tr><tr><td>Plomby kontenerowe<\/td><td>kontenery<\/td><\/tr><\/tbody><\/table>\n\n\t<\/div>\n\n<\/div>\n\n<\/div>\n\n\n<div class=\"wp-bootstrap-blocks-container container-fluid mb-5 custom_container custom_container--middle\">\n\t\n<div class=\"wp-bootstrap-blocks-row row\">\n\t\n\n<div class=\"col-12\">\n\t\t\t\n\n<h2 class=\"wp-block-heading\" style=\"font-size:30px\">Na \u017cyczenie klienta wszystkie typy plomb mog\u0105 by\u0107 spersonalizowane.<\/h2>\n\n\t<\/div>\n\n\n\n<div class=\"col-12 col-sm-6\">\n\t\t\t\n\n<ul id=\"block-2e5e2fde-d858-43fb-a5c6-9e665b377bce\" class=\"wp-block-list list--no-img-point\">\n<li class=\"has-medium-font-size\">Plomby zabezpieczaj\u0105ce z kolejn\u0105 numeracj\u0105<\/li>\n\n\n\n<li class=\"has-medium-font-size\">Plomby zabezpieczaj\u0105ce z r\u00f3\u017cnymi typami kod\u00f3w kreskowych<\/li>\n\n\n\n<li class=\"has-medium-font-size\">Plomby zabezpieczaj\u0105ce w r\u00f3\u017cnych kolorach<\/li>\n<\/ul>\n\n\t<\/div>\n\n\n\n<div class=\"col-12 col-sm-6\">\n\t\t\t\n\n<ul id=\"block-2e5e2fde-d858-43fb-a5c6-9e665b377bce\" class=\"wp-block-list list--no-img-point\">\n<li class=\"has-medium-font-size\">Plomby zabezpieczaj\u0105ce z logo lub nazw\u0105 firmy<\/li>\n\n\n\n<li class=\"has-medium-font-size\">Plomby zabezpieczaj\u0105ce z r\u00f3\u017cnych materia\u0142\u00f3w<\/li>\n<\/ul>\n\n\t<\/div>\n\n<\/div>\n\n<\/div>\n\n\n<div class=\"wp-bootstrap-blocks-container container-fluid mb-5 custom_container custom_container--middle\">\n\t\n<div class=\"wp-bootstrap-blocks-row row custom-row__cta-contact\">\n\t\n\n<div class=\"col-12 col-md-6\">\n\t\t\t\n\n<figure class=\"wp-block-image size-large advgb-dyn-6a484ffd\"><img loading=\"lazy\" decoding=\"async\" width=\"471\" height=\"344\" src=\"https:\/\/www.orfix.com\/wp-content\/uploads\/2020\/10\/shutterstock_116283283_471x344px.jpg\" alt=\"\" class=\"wp-image-3327\" srcset=\"https:\/\/www.orfix.com\/wp-content\/uploads\/2020\/10\/shutterstock_116283283_471x344px.jpg 471w, https:\/\/www.orfix.com\/wp-content\/uploads\/2020\/10\/shutterstock_116283283_471x344px-300x219.jpg 300w, https:\/\/www.orfix.com\/wp-content\/uploads\/2020\/10\/shutterstock_116283283_471x344px-24x18.jpg 24w, https:\/\/www.orfix.com\/wp-content\/uploads\/2020\/10\/shutterstock_116283283_471x344px-36x26.jpg 36w, https:\/\/www.orfix.com\/wp-content\/uploads\/2020\/10\/shutterstock_116283283_471x344px-48x35.jpg 48w\" sizes=\"auto, (max-width: 471px) 100vw, 471px\" \/><figcaption class=\"wp-element-caption\">Skontaktuj si\u0119 z nami<\/figcaption><\/figure>\n\n\t<\/div>\n\n\n\n<div class=\"col-12 col-md-6\">\n\t\t\t\n<div class=\"employeeblock\">\n    <figure class=\"employeeblock__item employeeblock__item--img\">\n        <img decoding=\"async\" src=\"\" alt=\"\" \/>\n    <\/figure>\n    <div class=\"employeeblock__item employeeblock__item--content\">\n        <h2 class=\"name\">Wsparcie Klienta \/ Customer Service<\/h2>\n        <p class=\"position\"><\/p>\n        <p><a class=\"link link--has-icon link--has-icon--mail\" href=\"mailto:orfix@orfix.pl\">orfix@orfix.pl<\/a><\/p>\n        <p><a class=\"link link--has-icon link--has-icon--tel\" href=\"tel:+48585110655\">+48 58 511-06-55<\/a><\/p>\n    <\/div>\n<\/div>\n\n\t<\/div>\n\n<\/div>\n\n<\/div>\n\n\n<div class=\"wp-bootstrap-blocks-container container-fluid mb-5 custom_container custom_container--middle\">\n\t\n<div class=\"wp-bootstrap-blocks-row row\">\n\t\n\n<div class=\"col-12 col-md-12\">\n\t\t\t\n\n<h2 class=\"wp-block-heading has-text-color advgb-dyn-452b4af2\" style=\"color:#002855;font-size:30px\">orfix \u2013 specjalista w produkcji papieru i tworzyw sztucznych<\/h2>\n\n\t<\/div>\n\n\n\n<div class=\"col-12 col-md-6\">\n\t\t\t\n\n<p class=\"has-medium-font-size\">Rozwijamy si\u0119 i produkujemy przy u\u017cyciu najnowocze\u015bniejszych metod, zawsze maj\u0105c na uwadze indywidualne wymagania klienta. Nie pozostajemy oboj\u0119tni wobec wp\u0142ywu na \u015brodowisko. Dzia\u0142amy w spos\u00f3b, kt\u00f3ry chroni zasoby i jest jak najbardziej neutralny pod wzgl\u0119dem emisji CO2. Otrzymasz od nas sta\u0142\u0105, pierwszorz\u0119dn\u0105 i certyfikowan\u0105 jako\u015b\u0107, zainspirujemy Ci\u0119 innowacjami i doskona\u0142\u0105 obs\u0142ug\u0105 klienta.<\/p>\n\n\t<\/div>\n\n\n\n<div class=\"col-12 col-md-6\">\n\t\t\t\n\n<ul class=\"wp-block-list\">\n<li class=\"has-medium-font-size\">Standardowy asortyment orfix jest zawsze w magazynie.<\/li>\n\n\n\n<li class=\"has-medium-font-size\">orfix oferuje magazynowanie a tak\u017ce dostosowanie produkt\u00f3w do indywidualnych potrzeb klienta.<\/li>\n\n\n\n<li class=\"has-medium-font-size\">orfix jest w stanie produkowa\u0107 nawet niewielkie ilo\u015bci niestandardowych artyku\u0142\u00f3w.<\/li>\n\n\n\n<li class=\"has-medium-font-size\">orfix oferuje kompetentne i indywidualne doradztwo \u2013 za po\u015brednictwem formularza kontaktowego, telefonicznie lub na miejscu<\/li>\n<\/ul>\n\n\t<\/div>\n\n<\/div>\n\n<\/div>\n\n\n\n<div style=\"height:20px\" aria-hidden=\"true\" class=\"wp-block-spacer\"><\/div>\n\n\n\n<figure class=\"wp-block-image size-full\"><img loading=\"lazy\" decoding=\"async\" width=\"2560\" height=\"750\" src=\"https:\/\/www.orfix.com\/wp-content\/uploads\/2024\/05\/orfix-Karte-2024-en-6-scaled.jpg\" alt=\"\" class=\"wp-image-22373\" srcset=\"https:\/\/www.orfix.com\/wp-content\/uploads\/2024\/05\/orfix-Karte-2024-en-6-scaled.jpg 2560w, https:\/\/www.orfix.com\/wp-content\/uploads\/2024\/05\/orfix-Karte-2024-en-6-768x225.jpg 768w, https:\/\/www.orfix.com\/wp-content\/uploads\/2024\/05\/orfix-Karte-2024-en-6-1536x450.jpg 1536w, https:\/\/www.orfix.com\/wp-content\/uploads\/2024\/05\/orfix-Karte-2024-en-6-2048x600.jpg 2048w\" sizes=\"auto, (max-width: 2560px) 100vw, 2560px\" \/><\/figure>\n\n\n\n<p class=\"has-medium-font-size\">Ch\u0119tnie doradzimy indywidualnie!<br><strong>Tw\u00f3j kompetentny partner z pe\u0142nym asortymentem dla ka\u017cdego, kto liczy, pakuje, transportuje lub przechowuje got\u00f3wk\u0119.<\/strong><\/p>\n\n\n\n<div style=\"height:20px\" aria-hidden=\"true\" class=\"wp-block-spacer\"><\/div>\n\n\n\n<div class=\"wp-block-buttons cta-banner-content__item is-layout-flex wp-block-buttons-is-layout-flex\">\n<div class=\"wp-block-button has-custom-font-size is-style-outline has-medium-font-size is-style-outline--1 advgb-dyn-5b178352\"><a class=\"wp-block-button__link has-text-color wp-element-button\" href=\"\/pl\/contact\/\" style=\"border-radius:1px;color:#ba0c2f\" target=\"_blank\" rel=\"noreferrer noopener\"><strong>Kontakt<\/strong><\/a><\/div>\n\n\n\n<div class=\"wp-block-button has-custom-font-size btn__bg--red has-medium-font-size advgb-dyn-86e7eee1\"><a class=\"wp-block-button__link has-white-color has-text-color has-background wp-element-button\" href=\"https:\/\/www.orfix.com\/pl\/obszary-dzialania-produkty\/\" style=\"border-radius:1px;background-color:#ba0c2f\" target=\"_blank\" rel=\"noreferrer noopener\"><strong>Produkty<\/strong><\/a><\/div>\n\n\n\n<div class=\"wp-block-button has-custom-font-size btn__bg--red has-medium-font-size advgb-dyn-1f1542a5\"><a class=\"wp-block-button__link has-white-color has-text-color has-background wp-element-button\" href=\"https:\/\/sklep.orfix.pl\/\" style=\"border-radius:1px;background-color:#ba0c2f\" target=\"_blank\" rel=\"noreferrer noopener\"><strong>Sklep on-line<\/strong><\/a><\/div>\n<\/div>\n\n\n\n<div style=\"height:20px\" aria-hidden=\"true\" class=\"wp-block-spacer\"><\/div>\n","protected":false},"excerpt":{"rendered":"<p>Plomby plastikowe orfix plomby zabezpieczaj\u0105ce zapewniaj\u0105 bezpiecze\u0144stwo oraz gwarancj\u0119 szybkiego i \u0142atwego stwierdzenia jakichkolwiek pr\u00f3b manipulacji transportowanych lub magazynowanych warto\u015bci. orfix plomby zabezpieczaj\u0105ce zosta\u0142y odpowiednio zaprojektowane w taki spos\u00f3b, aby pokazywa\u0142y wszelkie pr\u00f3by manipulacji przy zamkni\u0119tych drzwiach, kasetkach bankowych, workach, pojemnikach, portfelach depozytowych, kontenerach itp. Oferta orfix zawiera szerok\u0105 gam\u0119 plomb przeznaczonych do r\u00f3\u017cnych cel\u00f3w<\/p>\n<p><a class=\"btn btn-secondary understrap-read-more-link\" href=\"https:\/\/www.orfix.com\/pl\/obszary-dzialania-produkty\/pakowanie-gotowki\/plomby-zabezpieczajace\/\">Czytaj dalej\u2026<\/a><\/p>\n","protected":false},"author":36,"featured_media":0,"parent":1434,"menu_order":15,"comment_status":"closed","ping_status":"closed","template":"","meta":{"_acf_changed":false,"om_disable_all_campaigns":false,"inline_featured_image":false,"advgb_blocks_editor_width":"","advgb_blocks_columns_visual_guide":"","_monsterinsights_skip_tracking":false,"_monsterinsights_sitenote_active":false,"_monsterinsights_sitenote_note":"","_monsterinsights_sitenote_category":0,"_uf_show_specific_survey":0,"_uf_disable_surveys":false,"footnotes":""},"class_list":["post-7235","page","type-page","status-publish","hentry"],"acf":[],"aioseo_notices":[],"coauthors":[],"author_meta":{"author_link":"https:\/\/www.orfix.com\/pl\/author\/mgendelmeyer\/","display_name":"Malte Gendelmeyer"},"relative_dates":{"created":"Posted 5 lat ago","modified":"Updated 5 miesi\u0119cy ago"},"absolute_dates":{"created":"Posted on 9. listopada 2020","modified":"Updated on 5. grudnia 2025"},"absolute_dates_time":{"created":"Posted on 9. listopada 2020 14:38","modified":"Updated on 5. grudnia 2025 0:51"},"featured_img_caption":"","featured_img":false,"series_order":"","_links":{"self":[{"href":"https:\/\/www.orfix.com\/pl\/wp-json\/wp\/v2\/pages\/7235","targetHints":{"allow":["GET"]}}],"collection":[{"href":"https:\/\/www.orfix.com\/pl\/wp-json\/wp\/v2\/pages"}],"about":[{"href":"https:\/\/www.orfix.com\/pl\/wp-json\/wp\/v2\/types\/page"}],"author":[{"embeddable":true,"href":"https:\/\/www.orfix.com\/pl\/wp-json\/wp\/v2\/users\/36"}],"replies":[{"embeddable":true,"href":"https:\/\/www.orfix.com\/pl\/wp-json\/wp\/v2\/comments?post=7235"}],"version-history":[{"count":14,"href":"https:\/\/www.orfix.com\/pl\/wp-json\/wp\/v2\/pages\/7235\/revisions"}],"predecessor-version":[{"id":32559,"href":"https:\/\/www.orfix.com\/pl\/wp-json\/wp\/v2\/pages\/7235\/revisions\/32559"}],"up":[{"embeddable":true,"href":"https:\/\/www.orfix.com\/pl\/wp-json\/wp\/v2\/pages\/1434"}],"wp:attachment":[{"href":"https:\/\/www.orfix.com\/pl\/wp-json\/wp\/v2\/media?parent=7235"}],"curies":[{"name":"wp","href":"https:\/\/api.w.org\/{rel}","templated":true}]}}