{"id":7205,"date":"2020-11-09T14:29:29","date_gmt":"2020-11-09T13:29:29","guid":{"rendered":"http:\/\/orfix.netzkunst24.de\/?page_id=7205"},"modified":"2021-01-06T13:38:03","modified_gmt":"2021-01-06T12:38:03","slug":"opakowania-zabezpieczajace-wielokrotnego-uzytku","status":"publish","type":"page","link":"https:\/\/www.orfix.com\/pl\/obszary-dzialania-produkty\/pakowanie-gotowki\/opakowania-zabezpieczajace-wielokrotnego-uzytku\/","title":{"rendered":"Opakowania zabezpieczaj\u0105ce wielokrotnego u\u017cytku"},"content":{"rendered":"<div class=\"wp-bootstrap-blocks-container container-fluid mb-5 custom_container custom_container--big custom_container--banner\">\n\t\n<div class=\"wp-bootstrap-blocks-row row custom_row custom_row--center\">\n\t\n\n<div class=\"col-12 col-md-12 custom_slider custom_slider__banner custom-banner-img\">\n\t\t\t\n\n<figure class=\"wp-block-image size-large\"><img loading=\"lazy\" decoding=\"async\" width=\"1024\" height=\"278\" src=\"https:\/\/www.orfix.com\/wp-content\/uploads\/2020\/10\/Reusable-Bags-1366x370px-1024x278.jpg\" alt=\"\" class=\"wp-image-3207\" srcset=\"https:\/\/www.orfix.com\/wp-content\/uploads\/2020\/10\/Reusable-Bags-1366x370px-1024x278.jpg 1024w, https:\/\/www.orfix.com\/wp-content\/uploads\/2020\/10\/Reusable-Bags-1366x370px-300x81.jpg 300w, https:\/\/www.orfix.com\/wp-content\/uploads\/2020\/10\/Reusable-Bags-1366x370px-768x208.jpg 768w, https:\/\/www.orfix.com\/wp-content\/uploads\/2020\/10\/Reusable-Bags-1366x370px-24x7.jpg 24w, https:\/\/www.orfix.com\/wp-content\/uploads\/2020\/10\/Reusable-Bags-1366x370px-36x10.jpg 36w, https:\/\/www.orfix.com\/wp-content\/uploads\/2020\/10\/Reusable-Bags-1366x370px-48x13.jpg 48w, https:\/\/www.orfix.com\/wp-content\/uploads\/2020\/10\/Reusable-Bags-1366x370px.jpg 1320w\" sizes=\"auto, (max-width: 1024px) 100vw, 1024px\" \/><figcaption><strong>Robust and multiplicative reusable.<\/strong><\/figcaption><\/figure>\n\n\n\n\n\t<\/div>\n\n<\/div>\n\n<\/div>\n\n\n<div class=\"wp-bootstrap-blocks-container container-fluid mb-5 custom_container custom_container--small\">\n\t\n<div class=\"wp-bootstrap-blocks-row row\">\n\t\n\n<div class=\"col-12 col-md-12\">\n\t\t\t\n\n<h1>Reusable Bags<\/h1>\n\n\n\n<h2 class=\"wp-block-heading\">Opakowania&nbsp;wielokrotnego&nbsp;u\u017cytku&nbsp;wykonane&nbsp;z&nbsp;wytrzyma\u0142ego&nbsp;tworzywa&nbsp;sztucznego<\/h2>\n\n\n\n<p>Oferowane przez nas plombowane portfele i torby depozytowe to sprawdzone rozwi\u0105zanie do bezpiecznego konwojowania got\u00f3wki, transportu i przechowywania poufnych dokument\u00f3w, warto\u015bciowych przedmiot\u00f3w, a tak\u017ce do deponowania got\u00f3wki w bankowych trezorach (wrzutniach). Mocny materia\u0142 \u201ecordura\u201d, zabezpieczone szwy i niezawodna komora plombuj\u0105ca s\u0142u\u017c\u0105ca do plombowania zamkni\u0119cia portfeli numerowanymi plombami Miniseal to gwarancja pe\u0142nej kontroli nad ich zawarto\u015bci\u0105.<\/p>\n\n\n\n<p>orfix opakowania wielokrotnego u\u017cytku dost\u0119pne s\u0105 w r\u00f3\u017cnych wymiarach.  <\/p>\n\n\t<\/div>\n\n<\/div>\n\n<\/div>\n\n\n<div class=\"wp-bootstrap-blocks-container container-fluid mb-5 custom_container custom_container--middle\">\n\t\n<div class=\"wp-bootstrap-blocks-row row\">\n\t\n\n<div class=\"col-12\">\n\t\t\t\n<div class=\"wp-bootstrap-blocks-container container mb-0\">\n\t\n<div class=\"wp-bootstrap-blocks-row row row--applications\">\n\t\n\n<div class=\"col-12 col-md-7 col--big\">\n\t\t\t\n\n<h2 class=\"wp-block-heading\">Zastosowanie<\/h2>\n\n\n<div class=\"wp-bootstrap-blocks-row row\">\n\t\n\n<div class=\"col-12 col-md-6\">\n\t\t\t\n\n<ul id=\"block-051684dc-35db-48d8-8e1c-044fbc3d74b1\" class=\"list--no-img-point wp-block-list\"><li>obieg got\u00f3wki<\/li><li>transport<\/li><li>opieka medyczna<\/li><\/ul>\n\n\t<\/div>\n\n\n\n<div class=\"col-12 col-md-6\">\n\t\t\t\n\n<ul id=\"block-ebdd59fe-a7cf-43a4-8cd5-a01a5bb76dd8\" class=\"list--no-img-point wp-block-list\"><li>handel<\/li><li>us\u0142ugi pocztowe\/kurierskie<\/li><li>lotnictwo<\/li><\/ul>\n\n\t<\/div>\n\n<\/div>\n\n\t<\/div>\n\n\n\n<div class=\"col-12 col-md-5 col--small\">\n\t\t\t\n\n<h2 class=\"wp-block-heading\">orfix Wysoka Jako\u015b\u0107<\/h2>\n\n\n\n<p>prfix saszetki wielokrotnego u\u017cytku s\u0105 poddawane surowym testom na etapie produkcji. Produkowane s\u0105 z wysokiej jako\u015bci plastiku. Ponad 1,000 instytucji, kt\u00f3rych dzia\u0142alno\u015b\u0107 zwi\u0105zana jest z obiegiem got\u00f3wki zaufa\u0142o jako\u015bci orfix.<\/p>\n\n\t<\/div>\n\n<\/div>\n\n<\/div>\n\n\t<\/div>\n\n<\/div>\n\n<\/div>\n\n\n<div class=\"wp-bootstrap-blocks-container container-fluid mb-5 custom_container custom_container--middle\">\n\t\n<div class=\"wp-bootstrap-blocks-row row\">\n\t\n\n<div class=\"col-12 col-md-6\">\n\t\t\t\n\n<figure class=\"wp-block-image size-large\"><img loading=\"lazy\" decoding=\"async\" width=\"600\" height=\"350\" src=\"https:\/\/www.orfix.com\/wp-content\/uploads\/2020\/10\/Spaltenbild_products_cash-packaging_reusable-bags2-1.jpg\" alt=\"\" class=\"wp-image-5573\" srcset=\"https:\/\/www.orfix.com\/wp-content\/uploads\/2020\/10\/Spaltenbild_products_cash-packaging_reusable-bags2-1.jpg 600w, https:\/\/www.orfix.com\/wp-content\/uploads\/2020\/10\/Spaltenbild_products_cash-packaging_reusable-bags2-1-300x175.jpg 300w, https:\/\/www.orfix.com\/wp-content\/uploads\/2020\/10\/Spaltenbild_products_cash-packaging_reusable-bags2-1-24x14.jpg 24w, https:\/\/www.orfix.com\/wp-content\/uploads\/2020\/10\/Spaltenbild_products_cash-packaging_reusable-bags2-1-36x21.jpg 36w, https:\/\/www.orfix.com\/wp-content\/uploads\/2020\/10\/Spaltenbild_products_cash-packaging_reusable-bags2-1-48x28.jpg 48w\" sizes=\"auto, (max-width: 600px) 100vw, 600px\" \/><\/figure>\n\n\t<\/div>\n\n\n\n<div class=\"col-12 col-md-6\">\n\t\t\t\n\n<h2 class=\"wp-block-heading\">Cechy:<\/h2>\n\n\n\n<ol class=\"ol--numbers-styled wp-block-list\"><li>Zamkni\u0119cie odporne na manipulacje dzi\u0119ki zastosowaniu plomb zabezpieczaj\u0105cych wysokiej jako\u015bci<\/li><li>Opatentowane zamkni\u0119cie zapobiega wpadaniu pozosta\u0142o\u015bci plomb do \u015brodka saszetki<\/li><li>Plomby z kolejn\u0105 numeracj\u0105 oraz dost\u0119pne w wariancie z kodem kreskowym<\/li><li>Wytrzyma\u0142y materia\u0142 z solidnym zamkiem b\u0142yskawicznym i podw\u00f3jnym zgrzewem<\/li><li>Saszetki wielokrotnego u\u017cytku, plomby musz\u0105 by\u0107 zast\u0105pione po ka\u017cdym u\u017cyciu\/otwarciu&nbsp;<\/li><li>Okienko na wymienne etykiety z dost\u0119pem wy\u0142\u0105cznie od wewn\u0105trz saszetki, w celu unikni\u0119cia manipulacji<\/li><\/ol>\n\n\t<\/div>\n\n<\/div>\n\n<\/div>\n\n\n<div class=\"wp-bootstrap-blocks-container container-fluid mb-5 custom_container custom_container--small\">\n\t\n<div class=\"wp-bootstrap-blocks-row row\">\n\t\n\n<div class=\"col-12 col-md-12\">\n\t\t\t\n\n<h2 class=\"wp-block-heading\">Powi\u0105zane produkty<\/h2>\n\n\t<\/div>\n\n\n\n<div class=\"col-12\">\n\t\t\t\n\n<ul class=\"list--no-img-point wp-block-list\"><li><a href=\"https:\/\/www.orfix.com\/pl\/obszary-dzialania-produkty\/pakowanie-gotowki\/plomby-zabezpieczajace-do-opakowan-wielokrotnego-uzytku\/\">Plomby zabezpieczaj\u0105ce<\/a><\/li><\/ul>\n\n\t<\/div>\n\n<\/div>\n\n<\/div>\n\n\n<div class=\"wp-bootstrap-blocks-container container-fluid mb-5 custom_container custom_container--middle\">\n\t\n<div class=\"wp-bootstrap-blocks-row row custom-row__cta-contact\">\n\t\n\n<div class=\"col-12 col-md-6\">\n\t\t\t\n\n<figure class=\"wp-block-image size-large advgb-dyn-6a484ffd\"><img loading=\"lazy\" decoding=\"async\" width=\"471\" height=\"344\" src=\"https:\/\/www.orfix.com\/wp-content\/uploads\/2020\/10\/shutterstock_116283283_471x344px.jpg\" alt=\"\" class=\"wp-image-3327\" srcset=\"https:\/\/www.orfix.com\/wp-content\/uploads\/2020\/10\/shutterstock_116283283_471x344px.jpg 471w, https:\/\/www.orfix.com\/wp-content\/uploads\/2020\/10\/shutterstock_116283283_471x344px-300x219.jpg 300w, https:\/\/www.orfix.com\/wp-content\/uploads\/2020\/10\/shutterstock_116283283_471x344px-24x18.jpg 24w, https:\/\/www.orfix.com\/wp-content\/uploads\/2020\/10\/shutterstock_116283283_471x344px-36x26.jpg 36w, https:\/\/www.orfix.com\/wp-content\/uploads\/2020\/10\/shutterstock_116283283_471x344px-48x35.jpg 48w\" sizes=\"auto, (max-width: 471px) 100vw, 471px\" \/><figcaption class=\"wp-element-caption\">Skontaktuj si\u0119 z nami<\/figcaption><\/figure>\n\n\t<\/div>\n\n\n\n<div class=\"col-12 col-md-6\">\n\t\t\t\n<div class=\"employeeblock\">\n    <figure class=\"employeeblock__item employeeblock__item--img\">\n        <img decoding=\"async\" src=\"\" alt=\"\" \/>\n    <\/figure>\n    <div class=\"employeeblock__item employeeblock__item--content\">\n        <h2 class=\"name\">Wsparcie Klienta \/ Customer Service<\/h2>\n        <p class=\"position\"><\/p>\n        <p><a class=\"link link--has-icon link--has-icon--mail\" href=\"mailto:orfix@orfix.pl\">orfix@orfix.pl<\/a><\/p>\n        <p><a class=\"link link--has-icon link--has-icon--tel\" href=\"tel:+48585110655\">+48 58 511-06-55<\/a><\/p>\n    <\/div>\n<\/div>\n\n\t<\/div>\n\n<\/div>\n\n<\/div>\n\n\n<div class=\"wp-bootstrap-blocks-container container-fluid mb-5 custom_container custom_container--middle\">\n\t\n<div class=\"wp-bootstrap-blocks-row row\">\n\t\n\n<div class=\"col-12 col-md-12\">\n\t\t\t\n\n<h2 class=\"wp-block-heading has-text-color advgb-dyn-452b4af2\" style=\"color:#002855;font-size:30px\">orfix \u2013 specjalista w produkcji papieru i tworzyw sztucznych<\/h2>\n\n\t<\/div>\n\n\n\n<div class=\"col-12 col-md-6\">\n\t\t\t\n\n<p class=\"has-medium-font-size\">Rozwijamy si\u0119 i produkujemy przy u\u017cyciu najnowocze\u015bniejszych metod, zawsze maj\u0105c na uwadze indywidualne wymagania klienta. Nie pozostajemy oboj\u0119tni wobec wp\u0142ywu na \u015brodowisko. Dzia\u0142amy w spos\u00f3b, kt\u00f3ry chroni zasoby i jest jak najbardziej neutralny pod wzgl\u0119dem emisji CO2. Otrzymasz od nas sta\u0142\u0105, pierwszorz\u0119dn\u0105 i certyfikowan\u0105 jako\u015b\u0107, zainspirujemy Ci\u0119 innowacjami i doskona\u0142\u0105 obs\u0142ug\u0105 klienta.<\/p>\n\n\t<\/div>\n\n\n\n<div class=\"col-12 col-md-6\">\n\t\t\t\n\n<ul class=\"wp-block-list\">\n<li class=\"has-medium-font-size\">Standardowy asortyment orfix jest zawsze w magazynie.<\/li>\n\n\n\n<li class=\"has-medium-font-size\">orfix oferuje magazynowanie a tak\u017ce dostosowanie produkt\u00f3w do indywidualnych potrzeb klienta.<\/li>\n\n\n\n<li class=\"has-medium-font-size\">orfix jest w stanie produkowa\u0107 nawet niewielkie ilo\u015bci niestandardowych artyku\u0142\u00f3w.<\/li>\n\n\n\n<li class=\"has-medium-font-size\">orfix oferuje kompetentne i indywidualne doradztwo \u2013 za po\u015brednictwem formularza kontaktowego, telefonicznie lub na miejscu<\/li>\n<\/ul>\n\n\t<\/div>\n\n<\/div>\n\n<\/div>\n\n\n\n<div style=\"height:20px\" aria-hidden=\"true\" class=\"wp-block-spacer\"><\/div>\n\n\n\n<figure class=\"wp-block-image size-full\"><img loading=\"lazy\" decoding=\"async\" width=\"2560\" height=\"750\" src=\"https:\/\/www.orfix.com\/wp-content\/uploads\/2024\/05\/orfix-Karte-2024-en-6-scaled.jpg\" alt=\"\" class=\"wp-image-22373\" srcset=\"https:\/\/www.orfix.com\/wp-content\/uploads\/2024\/05\/orfix-Karte-2024-en-6-scaled.jpg 2560w, https:\/\/www.orfix.com\/wp-content\/uploads\/2024\/05\/orfix-Karte-2024-en-6-768x225.jpg 768w, https:\/\/www.orfix.com\/wp-content\/uploads\/2024\/05\/orfix-Karte-2024-en-6-1536x450.jpg 1536w, https:\/\/www.orfix.com\/wp-content\/uploads\/2024\/05\/orfix-Karte-2024-en-6-2048x600.jpg 2048w\" sizes=\"auto, (max-width: 2560px) 100vw, 2560px\" \/><\/figure>\n\n\n\n<p class=\"has-medium-font-size\">Ch\u0119tnie doradzimy indywidualnie!<br><strong>Tw\u00f3j kompetentny partner z pe\u0142nym asortymentem dla ka\u017cdego, kto liczy, pakuje, transportuje lub przechowuje got\u00f3wk\u0119.<\/strong><\/p>\n\n\n\n<div style=\"height:20px\" aria-hidden=\"true\" class=\"wp-block-spacer\"><\/div>\n\n\n\n<div class=\"wp-block-buttons cta-banner-content__item is-layout-flex wp-block-buttons-is-layout-flex\">\n<div class=\"wp-block-button has-custom-font-size is-style-outline has-medium-font-size is-style-outline--1 advgb-dyn-5b178352\"><a class=\"wp-block-button__link has-text-color wp-element-button\" href=\"\/pl\/contact\/\" style=\"border-radius:1px;color:#ba0c2f\" target=\"_blank\" rel=\"noreferrer noopener\"><strong>Kontakt<\/strong><\/a><\/div>\n\n\n\n<div class=\"wp-block-button has-custom-font-size btn__bg--red has-medium-font-size advgb-dyn-86e7eee1\"><a class=\"wp-block-button__link has-white-color has-text-color has-background wp-element-button\" href=\"https:\/\/www.orfix.com\/pl\/obszary-dzialania-produkty\/\" style=\"border-radius:1px;background-color:#ba0c2f\" target=\"_blank\" rel=\"noreferrer noopener\"><strong>Produkty<\/strong><\/a><\/div>\n\n\n\n<div class=\"wp-block-button has-custom-font-size btn__bg--red has-medium-font-size advgb-dyn-1f1542a5\"><a class=\"wp-block-button__link has-white-color has-text-color has-background wp-element-button\" href=\"https:\/\/sklep.orfix.pl\/\" style=\"border-radius:1px;background-color:#ba0c2f\" target=\"_blank\" rel=\"noreferrer noopener\"><strong>Sklep on-line<\/strong><\/a><\/div>\n<\/div>\n\n\n\n<div style=\"height:20px\" aria-hidden=\"true\" class=\"wp-block-spacer\"><\/div>\n","protected":false},"excerpt":{"rendered":"<p><a class=\"btn btn-secondary understrap-read-more-link\" href=\"https:\/\/www.orfix.com\/pl\/obszary-dzialania-produkty\/pakowanie-gotowki\/opakowania-zabezpieczajace-wielokrotnego-uzytku\/\">Czytaj dalej\u2026<\/a><\/p>\n","protected":false},"author":36,"featured_media":0,"parent":1434,"menu_order":11,"comment_status":"closed","ping_status":"closed","template":"","meta":{"_acf_changed":false,"om_disable_all_campaigns":false,"inline_featured_image":false,"advgb_blocks_editor_width":"","advgb_blocks_columns_visual_guide":"","_monsterinsights_skip_tracking":false,"_monsterinsights_sitenote_active":false,"_monsterinsights_sitenote_note":"","_monsterinsights_sitenote_category":0,"_uf_show_specific_survey":0,"_uf_disable_surveys":false,"footnotes":""},"class_list":["post-7205","page","type-page","status-publish","hentry"],"acf":[],"aioseo_notices":[],"coauthors":[],"author_meta":{"author_link":"https:\/\/www.orfix.com\/pl\/author\/mgendelmeyer\/","display_name":"Malte Gendelmeyer"},"relative_dates":{"created":"Posted 6 lat ago","modified":"Updated 5 lat ago"},"absolute_dates":{"created":"Posted on 9. listopada 2020","modified":"Updated on 6. stycznia 2021"},"absolute_dates_time":{"created":"Posted on 9. listopada 2020 14:29","modified":"Updated on 6. stycznia 2021 13:38"},"featured_img_caption":"","featured_img":false,"series_order":"","_links":{"self":[{"href":"https:\/\/www.orfix.com\/pl\/wp-json\/wp\/v2\/pages\/7205","targetHints":{"allow":["GET"]}}],"collection":[{"href":"https:\/\/www.orfix.com\/pl\/wp-json\/wp\/v2\/pages"}],"about":[{"href":"https:\/\/www.orfix.com\/pl\/wp-json\/wp\/v2\/types\/page"}],"author":[{"embeddable":true,"href":"https:\/\/www.orfix.com\/pl\/wp-json\/wp\/v2\/users\/36"}],"replies":[{"embeddable":true,"href":"https:\/\/www.orfix.com\/pl\/wp-json\/wp\/v2\/comments?post=7205"}],"version-history":[{"count":11,"href":"https:\/\/www.orfix.com\/pl\/wp-json\/wp\/v2\/pages\/7205\/revisions"}],"predecessor-version":[{"id":13292,"href":"https:\/\/www.orfix.com\/pl\/wp-json\/wp\/v2\/pages\/7205\/revisions\/13292"}],"up":[{"embeddable":true,"href":"https:\/\/www.orfix.com\/pl\/wp-json\/wp\/v2\/pages\/1434"}],"wp:attachment":[{"href":"https:\/\/www.orfix.com\/pl\/wp-json\/wp\/v2\/media?parent=7205"}],"curies":[{"name":"wp","href":"https:\/\/api.w.org\/{rel}","templated":true}]}}