{"id":7140,"date":"2020-11-09T14:10:59","date_gmt":"2020-11-09T13:10:59","guid":{"rendered":"http:\/\/orfix.netzkunst24.de\/?page_id=7140"},"modified":"2025-12-05T00:52:38","modified_gmt":"2025-12-04T23:52:38","slug":"worki-do-pakowania-prozniowego","status":"publish","type":"page","link":"https:\/\/www.orfix.com\/pl\/obszary-dzialania-produkty\/pakowanie-gotowki\/worki-do-pakowania-prozniowego\/","title":{"rendered":"Worki do pakowania pr\u00f3\u017cniowego"},"content":{"rendered":"<div class=\"wp-bootstrap-blocks-container container-fluid mb-5 custom_container custom_container--big custom_container--banner\">\n\t\n<div class=\"wp-bootstrap-blocks-row row custom_row custom_row--center\">\n\t\n\n<div class=\"col-12 col-md-12 custom_slider custom_slider__banner custom-banner-img\">\n\t\t\t\n\n<figure class=\"wp-block-image size-full desktop-banner\"><img loading=\"lazy\" decoding=\"async\" width=\"2560\" height=\"692\" src=\"https:\/\/www.orfix.com\/wp-content\/uploads\/2024\/05\/orfix_Header_Banner_CashPackaging_Vacuum-Bags_PL_1024x277-scaled.jpg\" alt=\"Worki pr\u00f3\u017cniowe orfix do pakowania banknot\u00f3w i bilonu\" class=\"wp-image-24572\" srcset=\"https:\/\/www.orfix.com\/wp-content\/uploads\/2024\/05\/orfix_Header_Banner_CashPackaging_Vacuum-Bags_PL_1024x277-scaled.jpg 2560w, https:\/\/www.orfix.com\/wp-content\/uploads\/2024\/05\/orfix_Header_Banner_CashPackaging_Vacuum-Bags_PL_1024x277-768x208.jpg 768w, https:\/\/www.orfix.com\/wp-content\/uploads\/2024\/05\/orfix_Header_Banner_CashPackaging_Vacuum-Bags_PL_1024x277-1536x415.jpg 1536w, https:\/\/www.orfix.com\/wp-content\/uploads\/2024\/05\/orfix_Header_Banner_CashPackaging_Vacuum-Bags_PL_1024x277-2048x554.jpg 2048w\" sizes=\"auto, (max-width: 2560px) 100vw, 2560px\" \/><\/figure>\n\n\n\n\n\t<\/div>\n\n<\/div>\n\n\n<div class=\"wp-bootstrap-blocks-row row custom_row custom_row--center\">\n\t\n\n<div class=\"col-12 col-md-12 custom_slider custom_slider__banner custom-banner-img\">\n\t\t\t\n\n<figure class=\"wp-block-image size-full mobile-banner\"><img loading=\"lazy\" decoding=\"async\" width=\"2560\" height=\"2021\" src=\"https:\/\/www.orfix.com\/wp-content\/uploads\/2024\/05\/orfix_Mobile_Banner-CashPackaging_VacuumBags_PL760x650-scaled.jpg\" alt=\"\" class=\"wp-image-24579\" srcset=\"https:\/\/www.orfix.com\/wp-content\/uploads\/2024\/05\/orfix_Mobile_Banner-CashPackaging_VacuumBags_PL760x650-scaled.jpg 2560w, https:\/\/www.orfix.com\/wp-content\/uploads\/2024\/05\/orfix_Mobile_Banner-CashPackaging_VacuumBags_PL760x650-768x606.jpg 768w, https:\/\/www.orfix.com\/wp-content\/uploads\/2024\/05\/orfix_Mobile_Banner-CashPackaging_VacuumBags_PL760x650-1536x1213.jpg 1536w, https:\/\/www.orfix.com\/wp-content\/uploads\/2024\/05\/orfix_Mobile_Banner-CashPackaging_VacuumBags_PL760x650-2048x1617.jpg 2048w\" sizes=\"auto, (max-width: 2560px) 100vw, 2560px\" \/><\/figure>\n\n\n\n\n\t<\/div>\n\n<\/div>\n\n<\/div>\n\n\n\n<div class=\"wp-block-columns is-layout-flex wp-container-core-columns-is-layout-9d6595d7 wp-block-columns-is-layout-flex\">\n<div class=\"wp-block-column is-layout-flow wp-block-column-is-layout-flow\">\n<h1 class=\"wp-block-heading has-text-color\" style=\"color:#002855;font-size:30px\">Worki do pakowania pr\u00f3\u017cniowego &#8211; Trwa\u0142e i mocne opakowania<\/h1>\n<\/div>\n<\/div>\n\n\n\n<p class=\"has-medium-font-size\">Worki pr\u00f3\u017cniowe orfix podczas produkcji poddawane s\u0105 surowym testom jako\u015bci. Worki pr\u00f3\u017cniowe orfix s\u0105 wykonane z przezroczystej, wielowarstwowej folii. Materia\u0142 charakteryzuje si\u0119 du\u017c\u0105 wytrzyma\u0142o\u015bci\u0105, odporno\u015bci\u0105 na zrywanie i przebicia. <\/p>\n\n\n\n<p class=\"has-medium-font-size\">Worki do pakowania pr\u00f3\u017cniowego orfix s\u0105 przeznaczone do stosowania w ka\u017cdego rodzaju maszynach do p\u00f3\u0142automatycznego pakowania banknot\u00f3w oraz bilonu zgodnie z zaleceniami Narodowego Banku Polskiego.<\/p>\n\n\n\n<div style=\"height:50px\" aria-hidden=\"true\" class=\"wp-block-spacer\"><\/div>\n\n\n<div class=\"wp-bootstrap-blocks-container container-fluid mb-5 custom_container custom_container--middle\">\n\t\n<div class=\"wp-bootstrap-blocks-row row\">\n\t\n\n<div class=\"col-12\">\n\t\t\t\n\n<h2 class=\"wp-block-heading\" style=\"font-size:30px\">Worki do pakowania pr\u00f3\u017cniowego<\/h2>\n\n\t<\/div>\n\n\n\n<div class=\"col-12 table__wrapper\">\n\t\t\t\n\n<table class=\"wp-block-advgb-table advgb-table-frontend is-style-stripes\"><thead><tr><th style=\"text-align:center\" colspan=\"2\"><strong><strong>Wymiary<\/strong><\/strong><\/th><th><strong><strong>Zastosowanie<\/strong><\/strong><\/th><\/tr><\/thead><tbody><tr><td><strong>Szeroko\u015b\u0107 [mm]<\/strong><\/td><td><strong>D\u0142ugo\u015b\u0107&nbsp;[mm]<\/strong><\/td><td style=\"text-align:center\"><\/td><\/tr><tr><td>220<\/td><td>290<\/td><td><\/td><td style=\"vertical-align:middle;text-align:center\" rowspan=\"2\"><\/td><\/tr><tr><td>200<\/td><td>300<\/td><td><\/td><\/tr><\/tbody><\/table>\n\n\n\n<p><strong>Standardowe pakowanie: 1000 sztuk w kartonie<\/strong><\/p>\n\n\t<\/div>\n\n<\/div>\n\n\n\n<p><\/p>\n\n<\/div>\n\n\n<div class=\"wp-bootstrap-blocks-container container-fluid mb-5 custom_container custom_container--middle\">\n\t\n<div class=\"wp-bootstrap-blocks-row row\">\n\t\n\n<div class=\"col-12 col-md-12\">\n\t\t\t\n\n<h2 class=\"wp-block-heading\" style=\"font-size:30px\">W\u0142a\u015bciwo\u015bci<\/h2>\n\n\t<\/div>\n\n\n\n<div class=\"col-12 col-md-6\">\n\t\t\t\n\n<ul class=\"wp-block-list\">\n<li class=\"has-medium-font-size\">dost\u0119pne w r\u00f3\u017cnych rozmiarach dla monet i banknot\u00f3w&nbsp;<\/li>\n\n\n\n<li class=\"has-medium-font-size\">standardowy produkt zawsze w magazynie&nbsp;<\/li>\n<\/ul>\n\n\t<\/div>\n\n\n\n<div class=\"col-12 col-md-6\">\n\t\t\t\n\n<ul class=\"wp-block-list\">\n<li class=\"has-medium-font-size\">inne rozmiary lub indywidualny nadruk dost\u0119pne na zam\u00f3wienie<\/li>\n<\/ul>\n\n\t<\/div>\n\n<\/div>\n\n<\/div>\n\n\n<div class=\"wp-bootstrap-blocks-container container-fluid mb-5 custom_container custom_container--small\">\n\t\n<div class=\"wp-bootstrap-blocks-row row\">\n\t\n\n<div class=\"col-12 col-md-12\">\n\t\t\t\n\n<h2 class=\"wp-block-heading\" style=\"font-size:30px\">Produkty powi\u0105zane<\/h2>\n\n\t<\/div>\n\n\n\n<div class=\"col-12\">\n\t\t\t\n\n<ul class=\"wp-block-list list--no-img-point\">\n<li class=\"has-medium-font-size\"><a href=\"https:\/\/www.orfix.com\/pl\/obszary-dzialania-produkty\/pakowanie-gotowki\/papier-do-rolomatu\/\">Papier do rolomatu<\/a><\/li>\n\n\n\n<li class=\"has-medium-font-size\"><a href=\"https:\/\/www.orfix.com\/pl\/obszary-dzialania-produkty\/pakowanie-gotowki\/papierowe-gilzy-do-bilonu\/\">Gilzy do bilonu<\/a><\/li>\n\n\n\n<li class=\"has-medium-font-size\"><a href=\"https:\/\/www.orfix.com\/pl\/obszary-dzialania-produkty\/pakowanie-gotowki\/opaska-w-rolkach-do-banderolownicy\/\">Opaski do automatycznego pakowania banknot\u00f3w<\/a><\/li>\n\n\n\n<li class=\"has-medium-font-size\"><a href=\"https:\/\/www.orfix.com\/pl\/obszary-dzialania-produkty\/pakowanie-gotowki\/opaski-na-banknoty-z-klejem-samoprzylepnym\/\" class=\"ek-link\">Opaski do banknot\u00f3w<\/a><\/li>\n<\/ul>\n\n\t<\/div>\n\n<\/div>\n\n<\/div>\n\n\n<div class=\"wp-bootstrap-blocks-container container-fluid mb-5 custom_container custom_container--middle\">\n\t\n<div class=\"wp-bootstrap-blocks-row row custom-row__cta-contact\">\n\t\n\n<div class=\"col-12 col-md-6\">\n\t\t\t\n\n<figure class=\"wp-block-image size-large advgb-dyn-6a484ffd\"><img loading=\"lazy\" decoding=\"async\" width=\"471\" height=\"344\" src=\"https:\/\/www.orfix.com\/wp-content\/uploads\/2020\/10\/shutterstock_116283283_471x344px.jpg\" alt=\"\" class=\"wp-image-3327\" srcset=\"https:\/\/www.orfix.com\/wp-content\/uploads\/2020\/10\/shutterstock_116283283_471x344px.jpg 471w, https:\/\/www.orfix.com\/wp-content\/uploads\/2020\/10\/shutterstock_116283283_471x344px-300x219.jpg 300w, https:\/\/www.orfix.com\/wp-content\/uploads\/2020\/10\/shutterstock_116283283_471x344px-24x18.jpg 24w, https:\/\/www.orfix.com\/wp-content\/uploads\/2020\/10\/shutterstock_116283283_471x344px-36x26.jpg 36w, https:\/\/www.orfix.com\/wp-content\/uploads\/2020\/10\/shutterstock_116283283_471x344px-48x35.jpg 48w\" sizes=\"auto, (max-width: 471px) 100vw, 471px\" \/><figcaption class=\"wp-element-caption\">Skontaktuj si\u0119 z nami<\/figcaption><\/figure>\n\n\t<\/div>\n\n\n\n<div class=\"col-12 col-md-6\">\n\t\t\t\n<div class=\"employeeblock\">\n    <figure class=\"employeeblock__item employeeblock__item--img\">\n        <img decoding=\"async\" src=\"\" alt=\"\" \/>\n    <\/figure>\n    <div class=\"employeeblock__item employeeblock__item--content\">\n        <h2 class=\"name\">Wsparcie Klienta \/ Customer Service<\/h2>\n        <p class=\"position\"><\/p>\n        <p><a class=\"link link--has-icon link--has-icon--mail\" href=\"mailto:orfix@orfix.pl\">orfix@orfix.pl<\/a><\/p>\n        <p><a class=\"link link--has-icon link--has-icon--tel\" href=\"tel:+48585110655\">+48 58 511-06-55<\/a><\/p>\n    <\/div>\n<\/div>\n\n\t<\/div>\n\n<\/div>\n\n<\/div>\n\n\n<div class=\"wp-bootstrap-blocks-container container-fluid mb-5 custom_container custom_container--middle\">\n\t\n<div class=\"wp-bootstrap-blocks-row row\">\n\t\n\n<div class=\"col-12 col-md-12\">\n\t\t\t\n\n<h2 class=\"wp-block-heading has-text-color advgb-dyn-452b4af2\" style=\"color:#002855;font-size:30px\">orfix \u2013 specjalista w produkcji papieru i tworzyw sztucznych<\/h2>\n\n\t<\/div>\n\n\n\n<div class=\"col-12 col-md-6\">\n\t\t\t\n\n<p class=\"has-medium-font-size\">Rozwijamy si\u0119 i produkujemy przy u\u017cyciu najnowocze\u015bniejszych metod, zawsze maj\u0105c na uwadze indywidualne wymagania klienta. Nie pozostajemy oboj\u0119tni wobec wp\u0142ywu na \u015brodowisko. Dzia\u0142amy w spos\u00f3b, kt\u00f3ry chroni zasoby i jest jak najbardziej neutralny pod wzgl\u0119dem emisji CO2. Otrzymasz od nas sta\u0142\u0105, pierwszorz\u0119dn\u0105 i certyfikowan\u0105 jako\u015b\u0107, zainspirujemy Ci\u0119 innowacjami i doskona\u0142\u0105 obs\u0142ug\u0105 klienta.<\/p>\n\n\t<\/div>\n\n\n\n<div class=\"col-12 col-md-6\">\n\t\t\t\n\n<ul class=\"wp-block-list\">\n<li class=\"has-medium-font-size\">Standardowy asortyment orfix jest zawsze w magazynie.<\/li>\n\n\n\n<li class=\"has-medium-font-size\">orfix oferuje magazynowanie a tak\u017ce dostosowanie produkt\u00f3w do indywidualnych potrzeb klienta.<\/li>\n\n\n\n<li class=\"has-medium-font-size\">orfix jest w stanie produkowa\u0107 nawet niewielkie ilo\u015bci niestandardowych artyku\u0142\u00f3w.<\/li>\n\n\n\n<li class=\"has-medium-font-size\">orfix oferuje kompetentne i indywidualne doradztwo \u2013 za po\u015brednictwem formularza kontaktowego, telefonicznie lub na miejscu<\/li>\n<\/ul>\n\n\t<\/div>\n\n<\/div>\n\n<\/div>\n\n\n\n<div style=\"height:20px\" aria-hidden=\"true\" class=\"wp-block-spacer\"><\/div>\n\n\n\n<figure class=\"wp-block-image size-full\"><img loading=\"lazy\" decoding=\"async\" width=\"2560\" height=\"750\" src=\"https:\/\/www.orfix.com\/wp-content\/uploads\/2024\/05\/orfix-Karte-2024-en-6-scaled.jpg\" alt=\"\" class=\"wp-image-22373\" srcset=\"https:\/\/www.orfix.com\/wp-content\/uploads\/2024\/05\/orfix-Karte-2024-en-6-scaled.jpg 2560w, https:\/\/www.orfix.com\/wp-content\/uploads\/2024\/05\/orfix-Karte-2024-en-6-768x225.jpg 768w, https:\/\/www.orfix.com\/wp-content\/uploads\/2024\/05\/orfix-Karte-2024-en-6-1536x450.jpg 1536w, https:\/\/www.orfix.com\/wp-content\/uploads\/2024\/05\/orfix-Karte-2024-en-6-2048x600.jpg 2048w\" sizes=\"auto, (max-width: 2560px) 100vw, 2560px\" \/><\/figure>\n\n\n\n<p class=\"has-medium-font-size\">Ch\u0119tnie doradzimy indywidualnie!<br><strong>Tw\u00f3j kompetentny partner z pe\u0142nym asortymentem dla ka\u017cdego, kto liczy, pakuje, transportuje lub przechowuje got\u00f3wk\u0119.<\/strong><\/p>\n\n\n\n<div style=\"height:20px\" aria-hidden=\"true\" class=\"wp-block-spacer\"><\/div>\n\n\n\n<div class=\"wp-block-buttons cta-banner-content__item is-layout-flex wp-block-buttons-is-layout-flex\">\n<div class=\"wp-block-button has-custom-font-size is-style-outline has-medium-font-size is-style-outline--1 advgb-dyn-5b178352\"><a class=\"wp-block-button__link has-text-color wp-element-button\" href=\"\/pl\/contact\/\" style=\"border-radius:1px;color:#ba0c2f\" target=\"_blank\" rel=\"noreferrer noopener\"><strong>Kontakt<\/strong><\/a><\/div>\n\n\n\n<div class=\"wp-block-button has-custom-font-size btn__bg--red has-medium-font-size advgb-dyn-86e7eee1\"><a class=\"wp-block-button__link has-white-color has-text-color has-background wp-element-button\" href=\"https:\/\/www.orfix.com\/pl\/obszary-dzialania-produkty\/\" style=\"border-radius:1px;background-color:#ba0c2f\" target=\"_blank\" rel=\"noreferrer noopener\"><strong>Produkty<\/strong><\/a><\/div>\n\n\n\n<div class=\"wp-block-button has-custom-font-size btn__bg--red has-medium-font-size advgb-dyn-1f1542a5\"><a class=\"wp-block-button__link has-white-color has-text-color has-background wp-element-button\" href=\"https:\/\/sklep.orfix.pl\/\" style=\"border-radius:1px;background-color:#ba0c2f\" target=\"_blank\" rel=\"noreferrer noopener\"><strong>Sklep on-line<\/strong><\/a><\/div>\n<\/div>\n\n\n\n<div style=\"height:20px\" aria-hidden=\"true\" class=\"wp-block-spacer\"><\/div>\n","protected":false},"excerpt":{"rendered":"<p>Worki do pakowania pr\u00f3\u017cniowego &#8211; Trwa\u0142e i mocne opakowania Worki pr\u00f3\u017cniowe orfix podczas produkcji poddawane s\u0105 surowym testom jako\u015bci. Worki pr\u00f3\u017cniowe orfix s\u0105 wykonane z przezroczystej, wielowarstwowej folii. Materia\u0142 charakteryzuje si\u0119 du\u017c\u0105 wytrzyma\u0142o\u015bci\u0105, odporno\u015bci\u0105 na zrywanie i przebicia. Worki do pakowania pr\u00f3\u017cniowego orfix s\u0105 przeznaczone do stosowania w ka\u017cdego rodzaju maszynach do p\u00f3\u0142automatycznego pakowania banknot\u00f3w<\/p>\n<p><a class=\"btn btn-secondary understrap-read-more-link\" href=\"https:\/\/www.orfix.com\/pl\/obszary-dzialania-produkty\/pakowanie-gotowki\/worki-do-pakowania-prozniowego\/\">Czytaj dalej\u2026<\/a><\/p>\n","protected":false},"author":36,"featured_media":0,"parent":1434,"menu_order":7,"comment_status":"closed","ping_status":"closed","template":"","meta":{"_acf_changed":false,"om_disable_all_campaigns":false,"inline_featured_image":false,"advgb_blocks_editor_width":"","advgb_blocks_columns_visual_guide":"","_monsterinsights_skip_tracking":false,"_monsterinsights_sitenote_active":false,"_monsterinsights_sitenote_note":"","_monsterinsights_sitenote_category":0,"_uf_show_specific_survey":0,"_uf_disable_surveys":false,"footnotes":""},"class_list":["post-7140","page","type-page","status-publish","hentry"],"acf":[],"aioseo_notices":[],"coauthors":[],"author_meta":{"author_link":"https:\/\/www.orfix.com\/pl\/author\/mgendelmeyer\/","display_name":"Malte Gendelmeyer"},"relative_dates":{"created":"Posted 5 lat ago","modified":"Updated 5 miesi\u0119cy ago"},"absolute_dates":{"created":"Posted on 9. listopada 2020","modified":"Updated on 5. grudnia 2025"},"absolute_dates_time":{"created":"Posted on 9. listopada 2020 14:10","modified":"Updated on 5. grudnia 2025 0:52"},"featured_img_caption":"","featured_img":false,"series_order":"","_links":{"self":[{"href":"https:\/\/www.orfix.com\/pl\/wp-json\/wp\/v2\/pages\/7140","targetHints":{"allow":["GET"]}}],"collection":[{"href":"https:\/\/www.orfix.com\/pl\/wp-json\/wp\/v2\/pages"}],"about":[{"href":"https:\/\/www.orfix.com\/pl\/wp-json\/wp\/v2\/types\/page"}],"author":[{"embeddable":true,"href":"https:\/\/www.orfix.com\/pl\/wp-json\/wp\/v2\/users\/36"}],"replies":[{"embeddable":true,"href":"https:\/\/www.orfix.com\/pl\/wp-json\/wp\/v2\/comments?post=7140"}],"version-history":[{"count":14,"href":"https:\/\/www.orfix.com\/pl\/wp-json\/wp\/v2\/pages\/7140\/revisions"}],"predecessor-version":[{"id":32560,"href":"https:\/\/www.orfix.com\/pl\/wp-json\/wp\/v2\/pages\/7140\/revisions\/32560"}],"up":[{"embeddable":true,"href":"https:\/\/www.orfix.com\/pl\/wp-json\/wp\/v2\/pages\/1434"}],"wp:attachment":[{"href":"https:\/\/www.orfix.com\/pl\/wp-json\/wp\/v2\/media?parent=7140"}],"curies":[{"name":"wp","href":"https:\/\/api.w.org\/{rel}","templated":true}]}}