{"id":7118,"date":"2020-11-09T14:06:11","date_gmt":"2020-11-09T13:06:11","guid":{"rendered":"http:\/\/orfix.netzkunst24.de\/?page_id=7118"},"modified":"2025-12-05T00:58:45","modified_gmt":"2025-12-04T23:58:45","slug":"papierowe-gilzy-do-bilonu","status":"publish","type":"page","link":"https:\/\/www.orfix.com\/pl\/obszary-dzialania-produkty\/pakowanie-gotowki\/papierowe-gilzy-do-bilonu\/","title":{"rendered":"Papierowe gilzy do bilonu"},"content":{"rendered":"<div class=\"wp-bootstrap-blocks-container container-fluid mb-5 custom_container custom_container--big custom_container--banner\">\n\t\n<div class=\"wp-bootstrap-blocks-row row custom_row custom_row--center\">\n\t\n\n<div class=\"col-12 col-md-12 custom_slider custom_slider__banner custom-banner-img\">\n\t\t\t\n\n<figure class=\"wp-block-image size-full desktop-banner\"><img loading=\"lazy\" decoding=\"async\" width=\"2560\" height=\"692\" src=\"https:\/\/www.orfix.com\/wp-content\/uploads\/2024\/05\/orfix_Header_Banner_CashPackaging_Coin-Tubes_PL_1024x277-scaled.jpg\" alt=\"Gilzy do bilonu orfix dla manualnego i p\u00f3\u0142automatycznego pakowania monet\" class=\"wp-image-23688\" srcset=\"https:\/\/www.orfix.com\/wp-content\/uploads\/2024\/05\/orfix_Header_Banner_CashPackaging_Coin-Tubes_PL_1024x277-scaled.jpg 2560w, https:\/\/www.orfix.com\/wp-content\/uploads\/2024\/05\/orfix_Header_Banner_CashPackaging_Coin-Tubes_PL_1024x277-768x208.jpg 768w, https:\/\/www.orfix.com\/wp-content\/uploads\/2024\/05\/orfix_Header_Banner_CashPackaging_Coin-Tubes_PL_1024x277-1536x415.jpg 1536w, https:\/\/www.orfix.com\/wp-content\/uploads\/2024\/05\/orfix_Header_Banner_CashPackaging_Coin-Tubes_PL_1024x277-2048x554.jpg 2048w\" sizes=\"auto, (max-width: 2560px) 100vw, 2560px\" \/><\/figure>\n\n\n\n\n\t<\/div>\n\n<\/div>\n\n\n<div class=\"wp-bootstrap-blocks-row row custom_row custom_row--center\">\n\t\n\n<div class=\"col-12 col-md-12 custom_slider custom_slider__banner custom-banner-img\">\n\t\t\t\n\n<figure class=\"wp-block-image size-full mobile-banner\"><img loading=\"lazy\" decoding=\"async\" width=\"1583\" height=\"1250\" src=\"https:\/\/www.orfix.com\/wp-content\/uploads\/2024\/05\/orfix_Mobile_Banner-CashPackaging_Coin-Tubes_PL_760x650.jpg\" alt=\"Gilzy do bilonu orfix w r\u00f3\u017cnych kolorach do przechowywania monet\" class=\"wp-image-23695\" srcset=\"https:\/\/www.orfix.com\/wp-content\/uploads\/2024\/05\/orfix_Mobile_Banner-CashPackaging_Coin-Tubes_PL_760x650.jpg 1583w, https:\/\/www.orfix.com\/wp-content\/uploads\/2024\/05\/orfix_Mobile_Banner-CashPackaging_Coin-Tubes_PL_760x650-768x606.jpg 768w, https:\/\/www.orfix.com\/wp-content\/uploads\/2024\/05\/orfix_Mobile_Banner-CashPackaging_Coin-Tubes_PL_760x650-1536x1213.jpg 1536w\" sizes=\"auto, (max-width: 1583px) 100vw, 1583px\" \/><\/figure>\n\n\n\n\n\t<\/div>\n\n<\/div>\n\n<\/div>\n\n\n\n<div class=\"wp-block-columns is-layout-flex wp-container-core-columns-is-layout-9d6595d7 wp-block-columns-is-layout-flex\">\n<div class=\"wp-block-column is-layout-flow wp-block-column-is-layout-flow\">\n<h1 class=\"wp-block-heading has-text-color\" style=\"color:#002855;font-size:30px\">Gilzy do bilonu<\/h1>\n\n\n\n<p class=\"has-medium-font-size\">orfix&nbsp;gilzy&nbsp;do&nbsp;pakowania&nbsp;bilonu&nbsp;s\u0142u\u017c\u0105&nbsp;do&nbsp;manualnego&nbsp;oraz&nbsp;p\u00f3\u0142automatycznego&nbsp;pakowania&nbsp;monet&nbsp;w&nbsp;rulony&nbsp;po 50&nbsp;sztuk. Gilzy wykonane s\u0105 zgodnie z wymogami Narodowego Banku Polskiego z wysokiej jako\u015bci papieru, kt\u00f3ry jest uformowany w \u0142agodny sto\u017cek, co znacznie u\u0142atwia precyzyjne i szybkie uk\u0142adanie monet. Dodatkowo ka\u017cda gilza zako\u0144czona jest wzmocnionym tekturowym denkiem, dzi\u0119ki czemu nie niszczy si\u0119 podczas wsypywania monet. Tekturowe denko gilzy posiada tak\u017ce na \u015brodku otw\u00f3r, kt\u00f3ry odpowiada za odprowadzanie powietrza z jej \u015brodka w momencie wpadania bilonu, dzi\u0119ki czemu zapobiegamy uk\u0142adaniu si\u0119 monet na sztorc. Produkt&nbsp;dost\u0119pny&nbsp;do&nbsp;zakupu&nbsp;w&nbsp;naszym&nbsp;sklepie&nbsp;internetowym&nbsp;w&nbsp;mniejszych&nbsp;i&nbsp;wi\u0119kszych&nbsp;opakowaniach&nbsp;w&nbsp;zale\u017cno\u015bci&nbsp;od&nbsp;potrzeb.&nbsp;&nbsp;<\/p>\n<\/div>\n<\/div>\n\n\n<div class=\"wp-bootstrap-blocks-container container-fluid mb-5 custom_container custom_container--middle\">\n\t\n<div class=\"wp-bootstrap-blocks-row row\">\n\t\n\n<div class=\"col-12\">\n\t\t\t\n<div class=\"wp-bootstrap-blocks-container container mb-0\">\n\t\n<div class=\"wp-bootstrap-blocks-row row row--applications\">\n\t\n\n<div class=\"col-12 col-md-7 col--big\">\n\t\t\t\n\n<h2 class=\"wp-block-heading\" style=\"font-size:30px\">Zastosowanie<\/h2>\n\n\n<div class=\"wp-bootstrap-blocks-row row\">\n\t\n\n<div class=\"col-12 col-md-6\">\n\t\t\t\n\n<ul id=\"block-f3bcef6b-5e1b-4657-8635-27147c4046f4\" class=\"wp-block-list list--no-img-point\">\n<li class=\"has-medium-font-size\">Bran\u017ca vendingowa<\/li>\n\n\n\n<li class=\"has-medium-font-size\">Markety&nbsp;<\/li>\n\n\n\n<li class=\"has-medium-font-size\">Transport osobowy<\/li>\n\n\n\n<li class=\"has-medium-font-size\">Gastronomia&nbsp;<\/li>\n<\/ul>\n\n\t<\/div>\n\n\n\n<div class=\"col-12 col-md-6\">\n\t\t\t\n\n<ul id=\"block-c929d4eb-37aa-4984-8c6a-1edf956363ad\" class=\"wp-block-list list--no-img-point\">\n<li class=\"has-medium-font-size\">Banki<\/li>\n\n\n\n<li class=\"has-medium-font-size\">Kasyna<\/li>\n\n\n\n<li class=\"has-medium-font-size\">Instytucje publiczne<\/li>\n<\/ul>\n\n\t<\/div>\n\n<\/div>\n\n\t<\/div>\n\n\n\n<div class=\"col-12 col-md-5 col--small\">\n\t\t\t\n<div class=\"wp-bootstrap-blocks-row row\">\n\t\n\n<div class=\"col-8 col-seals-row\">\n\t\t\t\n\n<figure class=\"wp-block-image size-large\"><img loading=\"lazy\" decoding=\"async\" width=\"71\" height=\"91\" src=\"https:\/\/www.orfix.com\/wp-content\/uploads\/2020\/09\/greenlabel_logo.svg\" alt=\"\" class=\"wp-image-521\"\/><\/figure>\n\n\t<\/div>\n\n<\/div>\n\n\n<div class=\"wp-bootstrap-blocks-row row\">\n\t\n\n<div class=\"col-12\">\n\t\t\t\n\n<p class=\"has-medium-font-size\">Produkty firmy orfix podlegaj\u0105 rygorystycznym testom jako\u015bci podczas produkcji. Papierowe gilzy wykonane s\u0105 z wysokiej jako\u015bci papieru recyklingowego: przyjaznego dla \u015brodowiska i oszcz\u0119dzaj\u0105cego zasoby!<\/p>\n\n\t<\/div>\n\n<\/div>\n\n\t<\/div>\n\n<\/div>\n\n<\/div>\n\n\t<\/div>\n\n<\/div>\n\n<\/div>\n\n\n<div class=\"wp-bootstrap-blocks-container container mb-2\">\n\t\n\n<div class=\"wp-block-columns is-layout-flex wp-container-core-columns-is-layout-9d6595d7 wp-block-columns-is-layout-flex\">\n<div class=\"wp-block-column is-layout-flow wp-block-column-is-layout-flow\"><\/div>\n<\/div>\n\n<\/div>\n\n\n<div class=\"wp-bootstrap-blocks-container container-fluid mb-5 custom_container custom_container--small\">\n\t\n<div class=\"wp-bootstrap-blocks-row row\">\n\t\n\n<div class=\"col-12 col-md-12\">\n\t\t\t\n\n<h3 class=\"wp-block-heading has-text-color\" style=\"color:#002855;font-size:30px\">W\u0142a\u015bciwo\u015bci<\/h3>\n\n\t<\/div>\n\n\n\n<div class=\"col-12\">\n\t\t\t\n\n<ul class=\"wp-block-list\">\n<li class=\"has-medium-font-size\">wysokiej jako\u015bci przyjazny dla \u015brodowiska, oszcz\u0119dzaj\u0105cy zasoby papier do recyklingu<\/li>\n\n\n\n<li class=\"has-medium-font-size\">dost\u0119pne wszystkie nomina\u0142y<\/li>\n<\/ul>\n\n\t<\/div>\n\n<\/div>\n\n<\/div>\n\n\n\n<div class=\"wp-block-columns is-layout-flex wp-container-core-columns-is-layout-9d6595d7 wp-block-columns-is-layout-flex\">\n<div class=\"wp-block-column is-layout-flow wp-block-column-is-layout-flow\"><\/div>\n<\/div>\n\n\n<div class=\"wp-bootstrap-blocks-container container-fluid mb-5 custom_container custom_container--middle\">\n\t\n\n<div class=\"wp-block-group\"><div class=\"wp-block-group__inner-container is-layout-flow wp-block-group-is-layout-flow\"><div class=\"wp-bootstrap-blocks-row row\">\n\t\n\n<div class=\"col-12\">\n\t\t\t\n\n<h2 class=\"wp-block-heading advgb-dyn-1cf19e84\" style=\"font-size:30px\">orfix Standardowy zakres Gilz do bilonu<\/h2>\n\n\t<\/div>\n\n\n\n<div class=\"col-12 table__wrapper\">\n\t\t\t\n\n<table class=\"wp-block-advgb-table advgb-table-frontend is-style-stripes\"><thead><tr><th style=\"text-align:center\"><strong><strong>Numer artyku\u0142u<\/strong><\/strong><\/th><th style=\"text-align:center\"><strong><strong>Nomina\u0142<\/strong><\/strong><\/th><th style=\"text-align:center\"><strong><strong>Kolor papieru<\/strong><\/strong><\/th><th style=\"text-align:center\"><strong><strong>Ilo\u015b\u0107 w opakowaniu<\/strong><\/strong><\/th><\/tr><\/thead><tbody><tr><td style=\"text-align:center\">10000001<\/td><td style=\"text-align:center\">wszystkie nomina\u0142y<\/td><td style=\"text-align:center\">bia\u0142y<\/td><td style=\"text-align:center\">500 sztuk<\/td><\/tr><tr><td style=\"text-align:center\">10000017<\/td><td style=\"text-align:center\">50 x 0,01 PLN<\/td><td style=\"text-align:center\">bia\u0142y<\/td><td style=\"text-align:center\" rowspan=\"8\">500<\/td><\/tr><tr><td style=\"text-align:center\">10000043<\/td><td style=\"text-align:center\">50 x 0,02 PLN<\/td><td style=\"text-align:center\">bia\u0142y<\/td><\/tr><tr><td style=\"text-align:center\">10000018<\/td><td style=\"text-align:center\">50 x 0,05 PLN<\/td><td style=\"text-align:center\">bia\u0142y<\/td><\/tr><tr><td style=\"text-align:center\">10000019<\/td><td style=\"text-align:center\">50 x 0,10 PLN<\/td><td style=\"text-align:center\">bia\u0142y<\/td><\/tr><tr><td style=\"text-align:center\">10000020<\/td><td style=\"text-align:center\">50 x 0,20 PLN<\/td><td style=\"text-align:center\">bia\u0142y<\/td><\/tr><tr><td style=\"text-align:center\">10000021<\/td><td style=\"text-align:center\">50 x 0,50 PLN<\/td><td style=\"text-align:center\">bia\u0142y<\/td><\/tr><tr><td style=\"text-align:center\">10000022<\/td><td style=\"text-align:center\">50 x 1,00 PLN<\/td><td style=\"text-align:center\">bia\u0142y<\/td><\/tr><tr><td style=\"text-align:center\">10000023<\/td><td style=\"text-align:center\">50 x 2,00 PLN<\/td><td style=\"text-align:center\">bia\u0142y<\/td><\/tr><\/tbody><\/table>\n\n\t<\/div>\n\n<\/div>\n<\/div><\/div>\n\n<\/div>\n\n\n<div class=\"wp-bootstrap-blocks-container container mb-2\">\n\t<\/div>\n\n\n<div class=\"wp-bootstrap-blocks-container container-fluid mb-5 custom_container custom_container--middle\">\n\t\n<div class=\"wp-bootstrap-blocks-row row custom-row__cta-contact\">\n\t\n\n<div class=\"col-12 col-md-6\">\n\t\t\t\n\n<figure class=\"wp-block-image size-large advgb-dyn-6a484ffd\"><img loading=\"lazy\" decoding=\"async\" width=\"471\" height=\"344\" src=\"https:\/\/www.orfix.com\/wp-content\/uploads\/2020\/10\/shutterstock_116283283_471x344px.jpg\" alt=\"\" class=\"wp-image-3327\" srcset=\"https:\/\/www.orfix.com\/wp-content\/uploads\/2020\/10\/shutterstock_116283283_471x344px.jpg 471w, https:\/\/www.orfix.com\/wp-content\/uploads\/2020\/10\/shutterstock_116283283_471x344px-300x219.jpg 300w, https:\/\/www.orfix.com\/wp-content\/uploads\/2020\/10\/shutterstock_116283283_471x344px-24x18.jpg 24w, https:\/\/www.orfix.com\/wp-content\/uploads\/2020\/10\/shutterstock_116283283_471x344px-36x26.jpg 36w, https:\/\/www.orfix.com\/wp-content\/uploads\/2020\/10\/shutterstock_116283283_471x344px-48x35.jpg 48w\" sizes=\"auto, (max-width: 471px) 100vw, 471px\" \/><figcaption class=\"wp-element-caption\">Skontaktuj si\u0119 z nami<\/figcaption><\/figure>\n\n\t<\/div>\n\n\n\n<div class=\"col-12 col-md-6\">\n\t\t\t\n<div class=\"employeeblock\">\n    <figure class=\"employeeblock__item employeeblock__item--img\">\n        <img decoding=\"async\" src=\"\" alt=\"\" \/>\n    <\/figure>\n    <div class=\"employeeblock__item employeeblock__item--content\">\n        <h2 class=\"name\">Wsparcie Klienta \/ Customer Service<\/h2>\n        <p class=\"position\"><\/p>\n        <p><a class=\"link link--has-icon link--has-icon--mail\" href=\"mailto:orfix@orfix.pl\">orfix@orfix.pl<\/a><\/p>\n        <p><a class=\"link link--has-icon link--has-icon--tel\" href=\"tel:+48585110655\">+48 58 511-06-55<\/a><\/p>\n    <\/div>\n<\/div>\n\n\t<\/div>\n\n<\/div>\n\n<\/div>\n\n\n<div class=\"wp-bootstrap-blocks-container container-fluid mb-5 custom_container custom_container--middle\">\n\t\n<div class=\"wp-bootstrap-blocks-row row\">\n\t\n\n<div class=\"col-12 col-md-12\">\n\t\t\t\n\n<h2 class=\"wp-block-heading has-text-color advgb-dyn-452b4af2\" style=\"color:#002855;font-size:30px\">orfix \u2013 specjalista w produkcji papieru i tworzyw sztucznych<\/h2>\n\n\t<\/div>\n\n\n\n<div class=\"col-12 col-md-6\">\n\t\t\t\n\n<p class=\"has-medium-font-size\">Rozwijamy si\u0119 i produkujemy przy u\u017cyciu najnowocze\u015bniejszych metod, zawsze maj\u0105c na uwadze indywidualne wymagania klienta. Nie pozostajemy oboj\u0119tni wobec wp\u0142ywu na \u015brodowisko. Dzia\u0142amy w spos\u00f3b, kt\u00f3ry chroni zasoby i jest jak najbardziej neutralny pod wzgl\u0119dem emisji CO2. Otrzymasz od nas sta\u0142\u0105, pierwszorz\u0119dn\u0105 i certyfikowan\u0105 jako\u015b\u0107, zainspirujemy Ci\u0119 innowacjami i doskona\u0142\u0105 obs\u0142ug\u0105 klienta.<\/p>\n\n\t<\/div>\n\n\n\n<div class=\"col-12 col-md-6\">\n\t\t\t\n\n<ul class=\"wp-block-list\">\n<li class=\"has-medium-font-size\">Standardowy asortyment orfix jest zawsze w magazynie.<\/li>\n\n\n\n<li class=\"has-medium-font-size\">orfix oferuje magazynowanie a tak\u017ce dostosowanie produkt\u00f3w do indywidualnych potrzeb klienta.<\/li>\n\n\n\n<li class=\"has-medium-font-size\">orfix jest w stanie produkowa\u0107 nawet niewielkie ilo\u015bci niestandardowych artyku\u0142\u00f3w.<\/li>\n\n\n\n<li class=\"has-medium-font-size\">orfix oferuje kompetentne i indywidualne doradztwo \u2013 za po\u015brednictwem formularza kontaktowego, telefonicznie lub na miejscu<\/li>\n<\/ul>\n\n\t<\/div>\n\n<\/div>\n\n<\/div>\n\n\n\n<div style=\"height:20px\" aria-hidden=\"true\" class=\"wp-block-spacer\"><\/div>\n\n\n\n<figure class=\"wp-block-image size-full\"><img loading=\"lazy\" decoding=\"async\" width=\"2560\" height=\"750\" src=\"https:\/\/www.orfix.com\/wp-content\/uploads\/2024\/05\/orfix-Karte-2024-en-6-scaled.jpg\" alt=\"\" class=\"wp-image-22373\" srcset=\"https:\/\/www.orfix.com\/wp-content\/uploads\/2024\/05\/orfix-Karte-2024-en-6-scaled.jpg 2560w, https:\/\/www.orfix.com\/wp-content\/uploads\/2024\/05\/orfix-Karte-2024-en-6-768x225.jpg 768w, https:\/\/www.orfix.com\/wp-content\/uploads\/2024\/05\/orfix-Karte-2024-en-6-1536x450.jpg 1536w, https:\/\/www.orfix.com\/wp-content\/uploads\/2024\/05\/orfix-Karte-2024-en-6-2048x600.jpg 2048w\" sizes=\"auto, (max-width: 2560px) 100vw, 2560px\" \/><\/figure>\n\n\n\n<p class=\"has-medium-font-size\">Ch\u0119tnie doradzimy indywidualnie!<br><strong>Tw\u00f3j kompetentny partner z pe\u0142nym asortymentem dla ka\u017cdego, kto liczy, pakuje, transportuje lub przechowuje got\u00f3wk\u0119.<\/strong><\/p>\n\n\n\n<div style=\"height:20px\" aria-hidden=\"true\" class=\"wp-block-spacer\"><\/div>\n\n\n\n<div class=\"wp-block-buttons cta-banner-content__item is-layout-flex wp-block-buttons-is-layout-flex\">\n<div class=\"wp-block-button has-custom-font-size is-style-outline has-medium-font-size is-style-outline--1 advgb-dyn-5b178352\"><a class=\"wp-block-button__link has-text-color wp-element-button\" href=\"\/pl\/contact\/\" style=\"border-radius:1px;color:#ba0c2f\" target=\"_blank\" rel=\"noreferrer noopener\"><strong>Kontakt<\/strong><\/a><\/div>\n\n\n\n<div class=\"wp-block-button has-custom-font-size btn__bg--red has-medium-font-size advgb-dyn-86e7eee1\"><a class=\"wp-block-button__link has-white-color has-text-color has-background wp-element-button\" href=\"https:\/\/www.orfix.com\/pl\/obszary-dzialania-produkty\/\" style=\"border-radius:1px;background-color:#ba0c2f\" target=\"_blank\" rel=\"noreferrer noopener\"><strong>Produkty<\/strong><\/a><\/div>\n\n\n\n<div class=\"wp-block-button has-custom-font-size btn__bg--red has-medium-font-size advgb-dyn-1f1542a5\"><a class=\"wp-block-button__link has-white-color has-text-color has-background wp-element-button\" href=\"https:\/\/sklep.orfix.pl\/\" style=\"border-radius:1px;background-color:#ba0c2f\" target=\"_blank\" rel=\"noreferrer noopener\"><strong>Sklep on-line<\/strong><\/a><\/div>\n<\/div>\n\n\n\n<div style=\"height:20px\" aria-hidden=\"true\" class=\"wp-block-spacer\"><\/div>\n","protected":false},"excerpt":{"rendered":"<p>Gilzy do bilonu orfix&nbsp;gilzy&nbsp;do&nbsp;pakowania&nbsp;bilonu&nbsp;s\u0142u\u017c\u0105&nbsp;do&nbsp;manualnego&nbsp;oraz&nbsp;p\u00f3\u0142automatycznego&nbsp;pakowania&nbsp;monet&nbsp;w&nbsp;rulony&nbsp;po 50&nbsp;sztuk. Gilzy wykonane s\u0105 zgodnie z wymogami Narodowego Banku Polskiego z wysokiej jako\u015bci papieru, kt\u00f3ry jest uformowany w \u0142agodny sto\u017cek, co znacznie u\u0142atwia precyzyjne i szybkie uk\u0142adanie monet. Dodatkowo ka\u017cda gilza zako\u0144czona jest wzmocnionym tekturowym denkiem, dzi\u0119ki czemu nie niszczy si\u0119 podczas wsypywania monet. Tekturowe denko gilzy posiada tak\u017ce na \u015brodku<\/p>\n<p><a class=\"btn btn-secondary understrap-read-more-link\" href=\"https:\/\/www.orfix.com\/pl\/obszary-dzialania-produkty\/pakowanie-gotowki\/papierowe-gilzy-do-bilonu\/\">Czytaj dalej\u2026<\/a><\/p>\n","protected":false},"author":36,"featured_media":0,"parent":1434,"menu_order":6,"comment_status":"closed","ping_status":"closed","template":"","meta":{"_acf_changed":false,"om_disable_all_campaigns":false,"inline_featured_image":false,"advgb_blocks_editor_width":"","advgb_blocks_columns_visual_guide":"","_monsterinsights_skip_tracking":false,"_monsterinsights_sitenote_active":false,"_monsterinsights_sitenote_note":"","_monsterinsights_sitenote_category":0,"_uf_show_specific_survey":0,"_uf_disable_surveys":false,"footnotes":""},"class_list":["post-7118","page","type-page","status-publish","hentry"],"acf":[],"aioseo_notices":[],"coauthors":[],"author_meta":{"author_link":"https:\/\/www.orfix.com\/pl\/author\/mgendelmeyer\/","display_name":"Malte Gendelmeyer"},"relative_dates":{"created":"Posted 5 lat ago","modified":"Updated 5 miesi\u0119cy ago"},"absolute_dates":{"created":"Posted on 9. listopada 2020","modified":"Updated on 5. grudnia 2025"},"absolute_dates_time":{"created":"Posted on 9. listopada 2020 14:06","modified":"Updated on 5. grudnia 2025 0:58"},"featured_img_caption":"","featured_img":false,"series_order":"","_links":{"self":[{"href":"https:\/\/www.orfix.com\/pl\/wp-json\/wp\/v2\/pages\/7118","targetHints":{"allow":["GET"]}}],"collection":[{"href":"https:\/\/www.orfix.com\/pl\/wp-json\/wp\/v2\/pages"}],"about":[{"href":"https:\/\/www.orfix.com\/pl\/wp-json\/wp\/v2\/types\/page"}],"author":[{"embeddable":true,"href":"https:\/\/www.orfix.com\/pl\/wp-json\/wp\/v2\/users\/36"}],"replies":[{"embeddable":true,"href":"https:\/\/www.orfix.com\/pl\/wp-json\/wp\/v2\/comments?post=7118"}],"version-history":[{"count":12,"href":"https:\/\/www.orfix.com\/pl\/wp-json\/wp\/v2\/pages\/7118\/revisions"}],"predecessor-version":[{"id":32608,"href":"https:\/\/www.orfix.com\/pl\/wp-json\/wp\/v2\/pages\/7118\/revisions\/32608"}],"up":[{"embeddable":true,"href":"https:\/\/www.orfix.com\/pl\/wp-json\/wp\/v2\/pages\/1434"}],"wp:attachment":[{"href":"https:\/\/www.orfix.com\/pl\/wp-json\/wp\/v2\/media?parent=7118"}],"curies":[{"name":"wp","href":"https:\/\/api.w.org\/{rel}","templated":true}]}}