{"id":27188,"date":"2024-05-30T17:18:16","date_gmt":"2024-05-30T15:18:16","guid":{"rendered":"https:\/\/www.orfix.com\/?page_id=27188"},"modified":"2025-12-05T00:38:19","modified_gmt":"2025-12-04T23:38:19","slug":"opakowania-przemyslowe","status":"publish","type":"page","link":"https:\/\/www.orfix.com\/pl\/obszary-dzialania-produkty\/opakowania-przemyslowe\/","title":{"rendered":"Opakowania przemys\u0142owe"},"content":{"rendered":"<div class=\"wp-bootstrap-blocks-container container-fluid mb-5 custom_container custom_container--big custom_container--banner\">\n\t\n<div class=\"wp-bootstrap-blocks-row row custom_row custom_row--center\">\n\t\n\n<div class=\"col-12 col-md-12 custom_slider custom-banner-img custom_slider__banner\">\n\t\t\t\n\n<figure class=\"wp-block-image size-full desktop-banner\"><img loading=\"lazy\" decoding=\"async\" width=\"2560\" height=\"692\" src=\"https:\/\/www.orfix.com\/wp-content\/uploads\/2024\/05\/orfix_Header_Banner_industrial_packaging_PL_1024x277-scaled.jpg\" alt=\"Opakowania przemys\u0142owe dla klienta i urz\u0105dze\u0144 przemys\u0142owych\" class=\"wp-image-27372\" srcset=\"https:\/\/www.orfix.com\/wp-content\/uploads\/2024\/05\/orfix_Header_Banner_industrial_packaging_PL_1024x277-scaled.jpg 2560w, https:\/\/www.orfix.com\/wp-content\/uploads\/2024\/05\/orfix_Header_Banner_industrial_packaging_PL_1024x277-768x208.jpg 768w, https:\/\/www.orfix.com\/wp-content\/uploads\/2024\/05\/orfix_Header_Banner_industrial_packaging_PL_1024x277-1536x415.jpg 1536w, https:\/\/www.orfix.com\/wp-content\/uploads\/2024\/05\/orfix_Header_Banner_industrial_packaging_PL_1024x277-2048x554.jpg 2048w\" sizes=\"auto, (max-width: 2560px) 100vw, 2560px\" \/><\/figure>\n\n\n\n\n\t<\/div>\n\n<\/div>\n\n\n<div class=\"wp-bootstrap-blocks-row row custom_row custom_row--center\">\n\t\n\n<div class=\"col-12 col-md-12 custom_slider custom-banner-img custom_slider__banner\">\n\t\t\t\n\n<figure class=\"wp-block-image size-full mobile-banner\"><img loading=\"lazy\" decoding=\"async\" width=\"1583\" height=\"1250\" src=\"https:\/\/www.orfix.com\/wp-content\/uploads\/2024\/05\/orfix_Mobile_Banner-Industrial_Packaging_760x650-2.jpg\" alt=\"\" class=\"wp-image-27379\" srcset=\"https:\/\/www.orfix.com\/wp-content\/uploads\/2024\/05\/orfix_Mobile_Banner-Industrial_Packaging_760x650-2.jpg 1583w, https:\/\/www.orfix.com\/wp-content\/uploads\/2024\/05\/orfix_Mobile_Banner-Industrial_Packaging_760x650-2-768x606.jpg 768w, https:\/\/www.orfix.com\/wp-content\/uploads\/2024\/05\/orfix_Mobile_Banner-Industrial_Packaging_760x650-2-1536x1213.jpg 1536w\" sizes=\"auto, (max-width: 1583px) 100vw, 1583px\" \/><\/figure>\n\n\n\n\n\t<\/div>\n\n<\/div>\n\n<\/div>\n\n\n\n<h2 class=\"wp-block-heading has-text-color\" style=\"color:#002855;font-size:30px\">Przemys\u0142owe opakowania<\/h2>\n\n\n\n<p class=\"has-text-color has-medium-font-size\" style=\"color:#002855\">orfix ustanawia standardy pod wzgl\u0119dem jako\u015bci i przydatno\u015bci dla rozwi\u0105za\u0144 odpornych na manipulacje, zr\u00f3wnowa\u017conych i dostosowanych do potrzeb klient\u00f3w w obszarach opakowa\u0144, wysy\u0142ki i transportu. G\u0142\u00f3wna kompetencja orfixa le\u017cy w opracowywaniu i produkcji rozwi\u0105za\u0144 opakowaniowych z uwzgl\u0119dnieniem bezpiecze\u0144stwa. W ramach tego drukujemy, tnemy i przetwarzamy foli\u0119 lub papier w procesach o zr\u00f3wnowa\u017conym charakterze. Dla przemys\u0142u produkcyjnego i handlu (online) orfix oferuje produkty i indywidualne rozwini\u0119cie produkt\u00f3w dla wszystkich rodzaj\u00f3w fabrykat\u00f3w.<\/p>\n\n\n\n<div style=\"height:50px\" aria-hidden=\"true\" class=\"wp-block-spacer\"><\/div>\n\n\n\n<div class=\"wp-block-columns is-layout-flex wp-container-core-columns-is-layout-9d6595d7 wp-block-columns-is-layout-flex\">\n<div class=\"wp-block-column is-layout-flow wp-block-column-is-layout-flow\">\n<div class=\"wp-block-columns is-layout-flex wp-container-core-columns-is-layout-9d6595d7 wp-block-columns-is-layout-flex\">\n<div class=\"wp-block-column is-layout-flow wp-block-column-is-layout-flow\">\n  <a href=\"https:\/\/www.orfix.com\/pl\/obszary-dzialania-produkty\/opakowania-przemyslowe\/torby-przemyslowe-motoryzacyjne\/\" class=\"newlink\">\n    <div class=\"over_view_block \">\n\n      \t<img decoding=\"async\" src=\"https:\/\/www.orfix.com\/wp-content\/uploads\/2024\/05\/orfix-International_automotivbags_476-x523.jpg\" alt=\"\" class=\"over_view_block__item over_view_block__item--img\" \/>\n\n\t     <div class=\"over_view_block__item over_view_block__item--content\">\n\n          <h2>Torby przemys\u0142owe \/ motoryzacyjne<\/h2>\n          <p>Torby przemys\u0142owe\/motoryzacyjne s\u0105 specjalnie zaprojektowanymi opakowaniami, kt\u00f3re s\u0105 wytrzyma\u0142e, trwa\u0142e i idealne do bezpiecznego transportu oraz przechowywania cz\u0119\u015bci przemys\u0142owych i motoryzacyjnych.<\/p>\n                    <span class=\"over_view_block__cta\"><img decoding=\"async\" src=\"\/wp-content\/uploads\/2020\/09\/orfix_icon_arrow.svg\" \/><\/span>\n           \u00a0 \u00a0 \u00a0 \u00a0<\/div>\n\n<\/div><\/a> <\/div>\n\n\n\n<div class=\"wp-block-column is-layout-flow wp-block-column-is-layout-flow\">\n  <a href=\"https:\/\/www.orfix.com\/sr\/oblasti-strucnosti-proizvodi\/sigurnosno-pakovanje\/kurirske-kese-e-commerce-kese\/\" class=\"newlink\">\n    <div class=\"over_view_block \">\n\n      \t<img decoding=\"async\" src=\"https:\/\/www.orfix.com\/wp-content\/uploads\/2024\/05\/orfix-International_Mailingbags_476-x523.jpg\" alt=\"\" class=\"over_view_block__item over_view_block__item--img\" \/>\n\n\t     <div class=\"over_view_block__item over_view_block__item--content\">\n\n          <h2>Koperty kurierskie<\/h2>\n          <p>\r\nKoperty kurierskie z folii maj\u0105 t\u0119 zalet\u0119, \u017ce s\u0105 lekkie, wodoodporne i odporne na rozdarcia, co czyni je idealnymi do bezpiecznej i ekonomicznej wysy\u0142ki towar\u00f3w.\r\n\r\n\r\n\r\n\r\n<\/p>\n                    <span class=\"over_view_block__cta\"><img decoding=\"async\" src=\"\/wp-content\/uploads\/2020\/09\/orfix_icon_arrow.svg\" \/><\/span>\n           \u00a0 \u00a0 \u00a0 \u00a0<\/div>\n\n<\/div><\/a> <\/div>\n<\/div>\n<\/div>\n\n\n\n<div class=\"wp-block-column is-layout-flow wp-block-column-is-layout-flow\">\n<div class=\"wp-block-columns is-layout-flex wp-container-core-columns-is-layout-9d6595d7 wp-block-columns-is-layout-flex\">\n<div class=\"wp-block-column is-layout-flow wp-block-column-is-layout-flow\"><\/div>\n\n\n\n<div class=\"wp-block-column is-layout-flow wp-block-column-is-layout-flow\"><\/div>\n<\/div>\n<\/div>\n<\/div>\n\n\n<div class=\"wp-bootstrap-blocks-row row\">\n\t\n\n<div class=\"col-12 col-md-12\">\n\t\t\t\n\n<h2 class=\"wp-block-heading has-text-color\" style=\"color:#002855;font-size:30px\">Bezpieczne pakowanie got\u00f3wki<\/h2>\n\n\n\n<p class=\"has-medium-font-size\"><strong>orfix \u00b7 Pakowanie got\u00f3wki <\/strong>to jedna z podstawowych obszar\u00f3w dzia\u0142ania orfix. Dzi\u0119ki do\u015bwiadczeniu i know-how orfix we wsp\u00f3\u0142pracy z g\u0142\u00f3wnymi bankami krajowymi opracowa\u0142 aktualny obowi\u0105zuj\u0105cy standard wymaga\u0144 dla owijarek do monet i banknot\u00f3w. Dzia\u0142aj\u0105c razem z producentami maszyn orfix przyczyni\u0142 si\u0119 do standaryzacji rolek papieru do automatycznego owijania monet.<\/p>\n\n\n\n<p class=\"has-medium-font-size\"><strong>orfix \u00b7 Opakowania do got\u00f3wki <\/strong>charakteryzuj\u0105 wysokim standardem jako\u015bci. Surowce s\u0105 cz\u0119\u015bciowo opracowywane i produkowane wy\u0142\u0105cznie dla firmy orfix.<\/p>\n\n\n\n<p class=\"has-medium-font-size\"><strong>orfix \u00b7 Opakowania do got\u00f3wki <\/strong>mog\u0105 by\u0107 dostosowywane do potrzeb klient\u00f3w. orfix oferuje szerok\u0105 gam\u0119 r\u00f3\u017cnych kolor\u00f3w papieru oraz mo\u017cliwo\u015b\u0107 zadruku materia\u0142u opakowaniowego wed\u0142ug indywidualnego projektu.<\/p>\n\n\n\n<p class=\"has-medium-font-size\"><strong>orfix\u00b7 Standardowe produkty do pakowania got\u00f3wki <\/strong>s\u0105 dost\u0119pne w magazynie i dost\u0119pne w ci\u0105gu 2 &#8211; 3 dni roboczych!<\/p>\n\n\n\n<p class=\"has-medium-font-size\"><strong>orfix \u00b7<\/strong> <strong>Opakowania do got\u00f3wki<\/strong> to przede wszystkim mniejsze nak\u0142ady zwi\u0105zane z sortowaniem, liczeniem, pakowaniem i transportem got\u00f3wki a tak\u017ce rozwi\u0105zania wp\u0142ywaj\u0105ce pozytywnie na jej okres u\u017cyteczno\u015bci.<\/p>\n\n\t<\/div>\n\n<\/div>\n\n\n\n<div style=\"height:50px\" aria-hidden=\"true\" class=\"wp-block-spacer\"><\/div>\n\n\n<div class=\"wp-bootstrap-blocks-row row\">\n\t\n\n<div class=\"col-12\">\n\t\t\t\n\n<h3 class=\"wp-block-heading has-text-color\" style=\"color:#002855;font-size:30px\">Materia\u0142 opakowaniowy \u2013 istotny czynnik efektywno\u015bci przekazu got\u00f3wkowego:&nbsp;<\/h3>\n\n\n\n<ul class=\"wp-block-list\">\n<li class=\"has-medium-font-size\">wysi\u0142ek zwi\u0105zany z sortowaniem, liczeniem, pakowaniem i transportem<\/li>\n\n\n\n<li class=\"has-medium-font-size\">cykl \u017cycia got\u00f3wki<\/li>\n<\/ul>\n\n\t<\/div>\n\n<\/div>\n\n\n\n<div style=\"height:50px\" aria-hidden=\"true\" class=\"wp-block-spacer\"><\/div>\n\n\n<div class=\"wp-bootstrap-blocks-container container-fluid mb-5 custom_container custom_container--middle\">\n\t\n<div class=\"wp-bootstrap-blocks-row row custom-row__cta-contact\">\n\t\n\n<div class=\"col-12 col-md-6\">\n\t\t\t\n\n<figure class=\"wp-block-image size-large advgb-dyn-6a484ffd\"><img loading=\"lazy\" decoding=\"async\" width=\"471\" height=\"344\" src=\"https:\/\/www.orfix.com\/wp-content\/uploads\/2020\/10\/shutterstock_116283283_471x344px.jpg\" alt=\"\" class=\"wp-image-3327\" srcset=\"https:\/\/www.orfix.com\/wp-content\/uploads\/2020\/10\/shutterstock_116283283_471x344px.jpg 471w, https:\/\/www.orfix.com\/wp-content\/uploads\/2020\/10\/shutterstock_116283283_471x344px-300x219.jpg 300w, https:\/\/www.orfix.com\/wp-content\/uploads\/2020\/10\/shutterstock_116283283_471x344px-24x18.jpg 24w, https:\/\/www.orfix.com\/wp-content\/uploads\/2020\/10\/shutterstock_116283283_471x344px-36x26.jpg 36w, https:\/\/www.orfix.com\/wp-content\/uploads\/2020\/10\/shutterstock_116283283_471x344px-48x35.jpg 48w\" sizes=\"auto, (max-width: 471px) 100vw, 471px\" \/><figcaption class=\"wp-element-caption\">Skontaktuj si\u0119 z nami<\/figcaption><\/figure>\n\n\t<\/div>\n\n\n\n<div class=\"col-12 col-md-6\">\n\t\t\t\n<div class=\"employeeblock\">\n    <figure class=\"employeeblock__item employeeblock__item--img\">\n        <img decoding=\"async\" src=\"\" alt=\"\" \/>\n    <\/figure>\n    <div class=\"employeeblock__item employeeblock__item--content\">\n        <h2 class=\"name\">Wsparcie Klienta \/ Customer Service<\/h2>\n        <p class=\"position\"><\/p>\n        <p><a class=\"link link--has-icon link--has-icon--mail\" href=\"mailto:orfix@orfix.pl\">orfix@orfix.pl<\/a><\/p>\n        <p><a class=\"link link--has-icon link--has-icon--tel\" href=\"tel:+48585110655\">+48 58 511-06-55<\/a><\/p>\n    <\/div>\n<\/div>\n\n\t<\/div>\n\n<\/div>\n\n<\/div>\n\n\n\n<div style=\"height:20px\" aria-hidden=\"true\" class=\"wp-block-spacer\"><\/div>\n\n\n\n<figure class=\"wp-block-image size-full\"><img loading=\"lazy\" decoding=\"async\" width=\"2560\" height=\"750\" src=\"https:\/\/www.orfix.com\/wp-content\/uploads\/2024\/05\/orfix-Karte-2024-en-6-scaled.jpg\" alt=\"\" class=\"wp-image-22373\" srcset=\"https:\/\/www.orfix.com\/wp-content\/uploads\/2024\/05\/orfix-Karte-2024-en-6-scaled.jpg 2560w, https:\/\/www.orfix.com\/wp-content\/uploads\/2024\/05\/orfix-Karte-2024-en-6-768x225.jpg 768w, https:\/\/www.orfix.com\/wp-content\/uploads\/2024\/05\/orfix-Karte-2024-en-6-1536x450.jpg 1536w, https:\/\/www.orfix.com\/wp-content\/uploads\/2024\/05\/orfix-Karte-2024-en-6-2048x600.jpg 2048w\" sizes=\"auto, (max-width: 2560px) 100vw, 2560px\" \/><\/figure>\n\n\n\n<p class=\"has-medium-font-size\">Ch\u0119tnie doradzimy indywidualnie!<br><strong>Tw\u00f3j kompetentny partner z pe\u0142nym asortymentem dla ka\u017cdego, kto liczy, pakuje, transportuje lub przechowuje got\u00f3wk\u0119.<\/strong><\/p>\n\n\n\n<div style=\"height:20px\" aria-hidden=\"true\" class=\"wp-block-spacer\"><\/div>\n\n\n\n<div class=\"wp-block-buttons cta-banner-content__item is-layout-flex wp-block-buttons-is-layout-flex\">\n<div class=\"wp-block-button has-custom-font-size is-style-outline has-medium-font-size is-style-outline--1 advgb-dyn-5b178352\"><a class=\"wp-block-button__link has-text-color wp-element-button\" href=\"\/pl\/contact\/\" style=\"border-radius:1px;color:#ba0c2f\" target=\"_blank\" rel=\"noreferrer noopener\"><strong>Kontakt<\/strong><\/a><\/div>\n\n\n\n<div class=\"wp-block-button has-custom-font-size btn__bg--red has-medium-font-size advgb-dyn-86e7eee1\"><a class=\"wp-block-button__link has-white-color has-text-color has-background wp-element-button\" href=\"https:\/\/www.orfix.com\/pl\/obszary-dzialania-produkty\/\" style=\"border-radius:1px;background-color:#ba0c2f\" target=\"_blank\" rel=\"noreferrer noopener\"><strong>Produkty<\/strong><\/a><\/div>\n\n\n\n<div class=\"wp-block-button has-custom-font-size btn__bg--red has-medium-font-size advgb-dyn-1f1542a5\"><a class=\"wp-block-button__link has-white-color has-text-color has-background wp-element-button\" href=\"https:\/\/sklep.orfix.pl\/\" style=\"border-radius:1px;background-color:#ba0c2f\" target=\"_blank\" rel=\"noreferrer noopener\"><strong>Sklep on-line<\/strong><\/a><\/div>\n<\/div>\n\n\n\n<div style=\"height:20px\" aria-hidden=\"true\" class=\"wp-block-spacer\"><\/div>\n","protected":false},"excerpt":{"rendered":"<p>Przemys\u0142owe opakowania orfix ustanawia standardy pod wzgl\u0119dem jako\u015bci i przydatno\u015bci dla rozwi\u0105za\u0144 odpornych na manipulacje, zr\u00f3wnowa\u017conych i dostosowanych do potrzeb klient\u00f3w w obszarach opakowa\u0144, wysy\u0142ki i transportu. G\u0142\u00f3wna kompetencja orfixa le\u017cy w opracowywaniu i produkcji rozwi\u0105za\u0144 opakowaniowych z uwzgl\u0119dnieniem bezpiecze\u0144stwa. W ramach tego drukujemy, tnemy i przetwarzamy foli\u0119 lub papier w procesach o zr\u00f3wnowa\u017conym charakterze.<\/p>\n<p><a class=\"btn btn-secondary understrap-read-more-link\" href=\"https:\/\/www.orfix.com\/pl\/obszary-dzialania-produkty\/opakowania-przemyslowe\/\">Czytaj dalej\u2026<\/a><\/p>\n","protected":false},"author":35,"featured_media":0,"parent":1432,"menu_order":0,"comment_status":"closed","ping_status":"closed","template":"","meta":{"_acf_changed":false,"om_disable_all_campaigns":false,"inline_featured_image":false,"advgb_blocks_editor_width":"","advgb_blocks_columns_visual_guide":"","_monsterinsights_skip_tracking":false,"_monsterinsights_sitenote_active":false,"_monsterinsights_sitenote_note":"","_monsterinsights_sitenote_category":0,"_uf_show_specific_survey":0,"_uf_disable_surveys":false,"footnotes":""},"class_list":["post-27188","page","type-page","status-publish","hentry"],"acf":[],"aioseo_notices":[],"coauthors":[],"author_meta":{"author_link":"https:\/\/www.orfix.com\/pl\/author\/jung-ode\/","display_name":"Margot Jung"},"relative_dates":{"created":"Posted 2 lata ago","modified":"Updated 5 miesi\u0119cy ago"},"absolute_dates":{"created":"Posted on 30. maja 2024","modified":"Updated on 5. grudnia 2025"},"absolute_dates_time":{"created":"Posted on 30. maja 2024 17:18","modified":"Updated on 5. grudnia 2025 0:38"},"featured_img_caption":"","featured_img":false,"series_order":"","_links":{"self":[{"href":"https:\/\/www.orfix.com\/pl\/wp-json\/wp\/v2\/pages\/27188","targetHints":{"allow":["GET"]}}],"collection":[{"href":"https:\/\/www.orfix.com\/pl\/wp-json\/wp\/v2\/pages"}],"about":[{"href":"https:\/\/www.orfix.com\/pl\/wp-json\/wp\/v2\/types\/page"}],"author":[{"embeddable":true,"href":"https:\/\/www.orfix.com\/pl\/wp-json\/wp\/v2\/users\/35"}],"replies":[{"embeddable":true,"href":"https:\/\/www.orfix.com\/pl\/wp-json\/wp\/v2\/comments?post=27188"}],"version-history":[{"count":20,"href":"https:\/\/www.orfix.com\/pl\/wp-json\/wp\/v2\/pages\/27188\/revisions"}],"predecessor-version":[{"id":32547,"href":"https:\/\/www.orfix.com\/pl\/wp-json\/wp\/v2\/pages\/27188\/revisions\/32547"}],"up":[{"embeddable":true,"href":"https:\/\/www.orfix.com\/pl\/wp-json\/wp\/v2\/pages\/1432"}],"wp:attachment":[{"href":"https:\/\/www.orfix.com\/pl\/wp-json\/wp\/v2\/media?parent=27188"}],"curies":[{"name":"wp","href":"https:\/\/api.w.org\/{rel}","templated":true}]}}