{"id":17455,"date":"2024-05-27T09:21:23","date_gmt":"2024-05-27T07:21:23","guid":{"rendered":"https:\/\/www.orfix.com\/?page_id=17455"},"modified":"2025-12-05T00:41:46","modified_gmt":"2025-12-04T23:41:46","slug":"koncepcja-zrownowazonego-rozwoju-2","status":"publish","type":"page","link":"https:\/\/www.orfix.com\/pl\/o-nas\/koncepcja-zrownowazonego-rozwoju-2\/","title":{"rendered":"Koncepcja zr\u00f3wnowa\u017conego rozwoju"},"content":{"rendered":"<div class=\"wp-bootstrap-blocks-container container-fluid mb-5 custom_container custom_container--big custom_container--banner\">\n\t\n<div class=\"wp-bootstrap-blocks-row row custom_row custom_row--center\">\n\t\n\n<div class=\"col-12 col-md-12 custom_slider custom-banner-img custom_slider__banner\">\n\t\t\t\n\n<figure class=\"wp-block-image size-full desktop-banner\"><img loading=\"lazy\" decoding=\"async\" width=\"2560\" height=\"692\" src=\"https:\/\/www.orfix.com\/wp-content\/uploads\/2024\/05\/orfix_Header_Banner_eco-concept_PL_1024x277-scaled.jpg\" alt=\"Koncepcja zr\u00f3wnowa\u017conego rozwoju z ikonami bezpiecze\u0144stwa i ochrony \u015brodowiska\" class=\"wp-image-25181\" srcset=\"https:\/\/www.orfix.com\/wp-content\/uploads\/2024\/05\/orfix_Header_Banner_eco-concept_PL_1024x277-scaled.jpg 2560w, https:\/\/www.orfix.com\/wp-content\/uploads\/2024\/05\/orfix_Header_Banner_eco-concept_PL_1024x277-768x208.jpg 768w, https:\/\/www.orfix.com\/wp-content\/uploads\/2024\/05\/orfix_Header_Banner_eco-concept_PL_1024x277-1536x415.jpg 1536w, https:\/\/www.orfix.com\/wp-content\/uploads\/2024\/05\/orfix_Header_Banner_eco-concept_PL_1024x277-2048x554.jpg 2048w\" sizes=\"auto, (max-width: 2560px) 100vw, 2560px\" \/><\/figure>\n\n\n\n\n\t<\/div>\n\n<\/div>\n\n\n<div class=\"wp-bootstrap-blocks-row row custom_row custom_row--center\">\n\t\n\n<div class=\"col-12 col-md-12 custom_slider custom-banner-img custom_slider__banner\">\n\t\t\t\n\n<figure class=\"wp-block-image size-full mobile-banner\"><img loading=\"lazy\" decoding=\"async\" width=\"2560\" height=\"2021\" src=\"https:\/\/www.orfix.com\/wp-content\/uploads\/2024\/05\/orfix_Mobile_Banner_Eco_Concept_PL_760x650-scaled.jpg\" alt=\"Szklana kula na tle zielonych li\u015bci, symbol zr\u00f3wnowa\u017conego rozwoju\" class=\"wp-image-25188\" srcset=\"https:\/\/www.orfix.com\/wp-content\/uploads\/2024\/05\/orfix_Mobile_Banner_Eco_Concept_PL_760x650-scaled.jpg 2560w, https:\/\/www.orfix.com\/wp-content\/uploads\/2024\/05\/orfix_Mobile_Banner_Eco_Concept_PL_760x650-768x606.jpg 768w, https:\/\/www.orfix.com\/wp-content\/uploads\/2024\/05\/orfix_Mobile_Banner_Eco_Concept_PL_760x650-1536x1213.jpg 1536w, https:\/\/www.orfix.com\/wp-content\/uploads\/2024\/05\/orfix_Mobile_Banner_Eco_Concept_PL_760x650-2048x1617.jpg 2048w\" sizes=\"auto, (max-width: 2560px) 100vw, 2560px\" \/><\/figure>\n\n\n\n\n\t<\/div>\n\n<\/div>\n\n<\/div>\n\n\n\n<div class=\"wp-block-columns is-layout-flex wp-container-core-columns-is-layout-9d6595d7 wp-block-columns-is-layout-flex\">\n<div class=\"wp-block-column is-layout-flow wp-block-column-is-layout-flow\">\n<h1 class=\"wp-block-heading has-text-color has-large-font-size\" style=\"color:#002855\">Koncepcja zr\u00f3wnowa\u017conego rozwoju<\/h1>\n\n\n\n<p class=\"has-medium-font-size\">W dobie post\u0119puj\u0105cych zmian klimatycznych, wyczerpywania zasob\u00f3w naturalnych, dzia\u0142ania spo\u0142eczne i indywidualne nale\u017cy zawsze planowa\u0107 w kontek\u015bcie zasady zr\u00f3wnowa\u017conego rozwoju.&nbsp;<\/p>\n\n\n\n<p class=\"has-medium-font-size\">Na wizerunek firmy orfix International GmbH sk\u0142ada si\u0119 \u015bwiadome postrzeganie odpowiedzialno\u015bci spo\u0142ecznej oraz \u015bwiadome obchodzenie si\u0119 z zasobami naturalnymi i \u015brodowiskiem wykraczaj\u0105ce poza wymogi prawne:<\/p>\n\n\n\n<p class=\"has-medium-font-size\"><\/p>\n<\/div>\n<\/div>\n\n\n\n<div style=\"height:50px\" aria-hidden=\"true\" class=\"wp-block-spacer\"><\/div>\n\n\n<div class=\"wp-bootstrap-blocks-container container-fluid mb-3 custom_container custom_container--small\">\n\t\n<div class=\"wp-bootstrap-blocks-row row\">\n\t\n\n<div class=\"col-12\">\n\t\t\t\n\n<h2 class=\"wp-block-heading has-large-font-size\">Zu\u017cycie zasob\u00f3w<\/h2>\n\n\n\n<p class=\"has-medium-font-size\">Priorytetem jest efektywne i ekonomiczne wykorzystanie wszystkich zasob\u00f3w (surowc\u00f3w, energii, przestrzeni). Szczeg\u00f3lny nacisk k\u0142adzie si\u0119 na mniejsze zu\u017cycie materia\u0142\u00f3w, osi\u0105gni\u0119cie wysokiego poziomu recyklingu i przy zakupie nowych produkt\u00f3w wybieranie produkt\u00f3w pochodz\u0105cych z recyklingu.<\/p>\n\n\t<\/div>\n\n<\/div>\n\n<\/div>\n\n\n<div class=\"wp-bootstrap-blocks-container container-fluid mb-3 custom_container custom_container--small\">\n\t\n<div class=\"wp-bootstrap-blocks-row row\">\n\t\n\n<div class=\"col-12\">\n\t\t\t\n\n<h2 class=\"wp-block-heading has-large-font-size\">Zanieczyszczenie \u015brodowiska&nbsp;<\/h2>\n\n\n\n<p class=\"has-medium-font-size\">Od samego orfix International nieustannie stara si\u0119 unika\u0107 negatywnego wp\u0142ywu na \u015brodowisko (\u015bcieki, ha\u0142as, odpady) lub &#8211; je\u015bli jest to niemo\u017cliwe &#8211; ogranicza\u0107 je do minimum.<\/p>\n\n\t<\/div>\n\n<\/div>\n\n<\/div>\n\n\n<div class=\"wp-bootstrap-blocks-container container-fluid mb-3 custom_container custom_container--small\">\n\t\n<div class=\"wp-bootstrap-blocks-row row\">\n\t\n\n<div class=\"col-12\">\n\t\t\t\n\n<h2 class=\"wp-block-heading has-large-font-size\">Szkolenia i zaanga\u017cowanie pracownik\u00f3w<\/h2>\n\n\n\n<p class=\"has-medium-font-size\">Zmotywowani i wykwalifikowani pracownicy znacz\u0105co przyczyniaj\u0105 si\u0119 do sukcesu firmy. orfix International oferuje swoim pracownikom specjalistyczne szkolenia na poziomie technicznym, jak r\u00f3wnie\u017c z zakresu rozwoju osobowo\u015bci.&nbsp;<\/p>\n\n\n\n<p><\/p>\n\n\t<\/div>\n\n<\/div>\n\n<\/div>\n\n\n<div class=\"wp-bootstrap-blocks-container container-fluid mb-3 custom_container custom_container--small\">\n\t\n<div class=\"wp-bootstrap-blocks-row row\">\n\t\n\n<div class=\"col-12\">\n\t\t\t\n\n<h2 class=\"wp-block-heading has-large-font-size\">Finansowanie projekt\u00f3w&nbsp;<\/h2>\n\n\n\n<p class=\"has-medium-font-size\">Zarz\u0105d orfix International przejmuje odpowiedzialno\u015b\u0107, koordynuje i wspiera finansowo projekty maj\u0105ce na celu zr\u00f3wnowa\u017cony rozw\u00f3j. Du\u017c\u0105 wag\u0119 przywi\u0105zuje si\u0119 do koncepcji interdyscyplinarnej i jest ona traktowana jako kryterium przy podejmowaniu decyzji o wydatkach inwestycyjnych.<\/p>\n\n\t<\/div>\n\n<\/div>\n\n<\/div>\n\n\n<div class=\"wp-bootstrap-blocks-container container-fluid mb-3 custom_container custom_container--small\">\n\t\n<div class=\"wp-bootstrap-blocks-row row\">\n\t\n\n<div class=\"col-12\">\n\t\t\t\n\n<h2 class=\"wp-block-heading has-large-font-size\">Zakupy i Inwestycje&nbsp;<\/h2>\n\n\n\n<p class=\"has-medium-font-size\">Kryteria zr\u00f3wnowa\u017conego rozwoju s\u0105 przestrzegane tak\u017ce w przypadku wszelkiego rodzaju inwestycji i zakup\u00f3w, w tym surowc\u00f3w. Preferowane s\u0105 warianty przyjazne dla \u015brodowiska.<\/p>\n\n\n\n<p class=\"has-medium-font-size\">Ponadto firma zach\u0119ca swoich dostawc\u00f3w i kontrahent\u00f3w do dzia\u0142a\u0144 proekologicznych.&nbsp;<\/p>\n\n\t<\/div>\n\n<\/div>\n\n<\/div>\n\n\n<div class=\"wp-bootstrap-blocks-container container-fluid mb-3 custom_container custom_container--small\">\n\t\n<div class=\"wp-bootstrap-blocks-row row\">\n\t\n\n<div class=\"col-12\">\n\t\t\t\n\n<h2 class=\"wp-block-heading has-large-font-size\">Plastik w opakowaniach&nbsp;<\/h2>\n\n\n\n<p class=\"has-medium-font-size\">Tworzywa sztuczne u\u017cywane do produkcji kopert bezpiecznych musz\u0105 spe\u0142nia\u0107 zar\u00f3wno krajowe jak i mi\u0119dzynarodowe wymogi prawne.<\/p>\n\n\n\n<p class=\"has-medium-font-size\">Stosowany przez nas plastik spe\u0142nia te wymagania a jego wszechstronno\u015b\u0107 mo\u017cna zobaczy\u0107 chocia\u017cby w przypadku cienkich, ale bezpiecznych folii opakowaniowych. Optymalizuj\u0105c produkcj\u0119 kopert bezpiecznych, nale\u017cy zmniejszy\u0107 grubo\u015b\u0107 folii, aby wykorzysta\u0107 jak najmniej surowc\u00f3w.<\/p>\n\n\n\n<p class=\"has-medium-font-size\">Plastik jest lekki. Lekkie opakowanie oznacza mniejsz\u0105 wag\u0119 podczas transportu. Im l\u017cejszy jest transportowany towar, tym mniej energii potrzeba do tego przewiezienia. <\/p>\n\n\t<\/div>\n\n<\/div>\n\n<\/div>\n\n\n<div class=\"wp-bootstrap-blocks-container container-fluid mb-5 custom_container custom_container--small\">\n\t\n<div class=\"wp-bootstrap-blocks-row row\">\n\t\n\n<div class=\"col-12\">\n\t\t\t\n\n<p class=\"has-medium-font-size\">Utrzymanie teren\u00f3w zielonych i zbiornik\u00f3w wodnych jest r\u00f3wnie\u017c istotne dla \u015brodowiska. Wytwarzanie i wykorzystywanie energii odnawialnej jest bardzo wa\u017cnym rozwi\u0105zaniem ograniczaj\u0105cym negatywny wp\u0142yw na otoczenie. W d\u0142u\u017cszej perspektywie poszukuje si\u0119 mo\u017cliwie najbardziej samowystarczalnych \u017ar\u00f3de\u0142 energii.<\/p>\n\n\n\n<p class=\"has-medium-font-size\">Pa\u017adziernik 2020 <\/p>\n\n\t<\/div>\n\n<\/div>\n\n<\/div>\n\n\n<div class=\"wp-bootstrap-blocks-container container-fluid mb-5 custom_container custom_container--middle\">\n\t\n<div class=\"wp-bootstrap-blocks-row row custom-row__cta-contact\">\n\t\n\n<div class=\"col-12 col-md-6\">\n\t\t\t\n\n<figure class=\"wp-block-image size-large advgb-dyn-6a484ffd\"><img loading=\"lazy\" decoding=\"async\" width=\"471\" height=\"344\" src=\"https:\/\/www.orfix.com\/wp-content\/uploads\/2020\/10\/shutterstock_116283283_471x344px.jpg\" alt=\"\" class=\"wp-image-3327\" srcset=\"https:\/\/www.orfix.com\/wp-content\/uploads\/2020\/10\/shutterstock_116283283_471x344px.jpg 471w, https:\/\/www.orfix.com\/wp-content\/uploads\/2020\/10\/shutterstock_116283283_471x344px-300x219.jpg 300w, https:\/\/www.orfix.com\/wp-content\/uploads\/2020\/10\/shutterstock_116283283_471x344px-24x18.jpg 24w, https:\/\/www.orfix.com\/wp-content\/uploads\/2020\/10\/shutterstock_116283283_471x344px-36x26.jpg 36w, https:\/\/www.orfix.com\/wp-content\/uploads\/2020\/10\/shutterstock_116283283_471x344px-48x35.jpg 48w\" sizes=\"auto, (max-width: 471px) 100vw, 471px\" \/><figcaption class=\"wp-element-caption\">Skontaktuj si\u0119 z nami<\/figcaption><\/figure>\n\n\t<\/div>\n\n\n\n<div class=\"col-12 col-md-6\">\n\t\t\t\n<div class=\"employeeblock\">\n    <figure class=\"employeeblock__item employeeblock__item--img\">\n        <img decoding=\"async\" src=\"\" alt=\"\" \/>\n    <\/figure>\n    <div class=\"employeeblock__item employeeblock__item--content\">\n        <h2 class=\"name\">Wsparcie Klienta \/ Customer Service<\/h2>\n        <p class=\"position\"><\/p>\n        <p><a class=\"link link--has-icon link--has-icon--mail\" href=\"mailto:orfix@orfix.pl\">orfix@orfix.pl<\/a><\/p>\n        <p><a class=\"link link--has-icon link--has-icon--tel\" href=\"tel:+48585110655\">+48 58 511-06-55<\/a><\/p>\n    <\/div>\n<\/div>\n\n\t<\/div>\n\n<\/div>\n\n<\/div>\n\n\n\n<div style=\"height:20px\" aria-hidden=\"true\" class=\"wp-block-spacer\"><\/div>\n\n\n\n<figure class=\"wp-block-image size-full\"><img loading=\"lazy\" decoding=\"async\" width=\"2560\" height=\"750\" src=\"https:\/\/www.orfix.com\/wp-content\/uploads\/2024\/05\/orfix-Karte-2024-en-6-scaled.jpg\" alt=\"\" class=\"wp-image-22373\" srcset=\"https:\/\/www.orfix.com\/wp-content\/uploads\/2024\/05\/orfix-Karte-2024-en-6-scaled.jpg 2560w, https:\/\/www.orfix.com\/wp-content\/uploads\/2024\/05\/orfix-Karte-2024-en-6-768x225.jpg 768w, https:\/\/www.orfix.com\/wp-content\/uploads\/2024\/05\/orfix-Karte-2024-en-6-1536x450.jpg 1536w, https:\/\/www.orfix.com\/wp-content\/uploads\/2024\/05\/orfix-Karte-2024-en-6-2048x600.jpg 2048w\" sizes=\"auto, (max-width: 2560px) 100vw, 2560px\" \/><\/figure>\n\n\n\n<p class=\"has-medium-font-size\">Ch\u0119tnie doradzimy indywidualnie!<br><strong>Tw\u00f3j kompetentny partner z pe\u0142nym asortymentem dla ka\u017cdego, kto liczy, pakuje, transportuje lub przechowuje got\u00f3wk\u0119.<\/strong><\/p>\n\n\n\n<div style=\"height:20px\" aria-hidden=\"true\" class=\"wp-block-spacer\"><\/div>\n\n\n\n<div class=\"wp-block-buttons cta-banner-content__item is-layout-flex wp-block-buttons-is-layout-flex\">\n<div class=\"wp-block-button has-custom-font-size is-style-outline has-medium-font-size is-style-outline--1 advgb-dyn-5b178352\"><a class=\"wp-block-button__link has-text-color wp-element-button\" href=\"\/pl\/contact\/\" style=\"border-radius:1px;color:#ba0c2f\" target=\"_blank\" rel=\"noreferrer noopener\"><strong>Kontakt<\/strong><\/a><\/div>\n\n\n\n<div class=\"wp-block-button has-custom-font-size btn__bg--red has-medium-font-size advgb-dyn-86e7eee1\"><a class=\"wp-block-button__link has-white-color has-text-color has-background wp-element-button\" href=\"https:\/\/www.orfix.com\/pl\/obszary-dzialania-produkty\/\" style=\"border-radius:1px;background-color:#ba0c2f\" target=\"_blank\" rel=\"noreferrer noopener\"><strong>Produkty<\/strong><\/a><\/div>\n\n\n\n<div class=\"wp-block-button has-custom-font-size btn__bg--red has-medium-font-size advgb-dyn-1f1542a5\"><a class=\"wp-block-button__link has-white-color has-text-color has-background wp-element-button\" href=\"https:\/\/sklep.orfix.pl\/\" style=\"border-radius:1px;background-color:#ba0c2f\" target=\"_blank\" rel=\"noreferrer noopener\"><strong>Sklep on-line<\/strong><\/a><\/div>\n<\/div>\n\n\n\n<div style=\"height:20px\" aria-hidden=\"true\" class=\"wp-block-spacer\"><\/div>\n","protected":false},"excerpt":{"rendered":"<p>Koncepcja zr\u00f3wnowa\u017conego rozwoju W dobie post\u0119puj\u0105cych zmian klimatycznych, wyczerpywania zasob\u00f3w naturalnych, dzia\u0142ania spo\u0142eczne i indywidualne nale\u017cy zawsze planowa\u0107 w kontek\u015bcie zasady zr\u00f3wnowa\u017conego rozwoju.&nbsp; Na wizerunek firmy orfix International GmbH sk\u0142ada si\u0119 \u015bwiadome postrzeganie odpowiedzialno\u015bci spo\u0142ecznej oraz \u015bwiadome obchodzenie si\u0119 z zasobami naturalnymi i \u015brodowiskiem wykraczaj\u0105ce poza wymogi prawne:<\/p>\n<p><a class=\"btn btn-secondary understrap-read-more-link\" href=\"https:\/\/www.orfix.com\/pl\/o-nas\/koncepcja-zrownowazonego-rozwoju-2\/\">Czytaj dalej\u2026<\/a><\/p>\n","protected":false},"author":24,"featured_media":0,"parent":1448,"menu_order":3,"comment_status":"closed","ping_status":"closed","template":"","meta":{"_acf_changed":false,"om_disable_all_campaigns":false,"inline_featured_image":false,"advgb_blocks_editor_width":"","advgb_blocks_columns_visual_guide":"","_monsterinsights_skip_tracking":false,"_monsterinsights_sitenote_active":false,"_monsterinsights_sitenote_note":"","_monsterinsights_sitenote_category":0,"_uf_show_specific_survey":0,"_uf_disable_surveys":false,"footnotes":""},"class_list":["post-17455","page","type-page","status-publish","hentry"],"acf":[],"aioseo_notices":[],"coauthors":[],"author_meta":{"author_link":"https:\/\/www.orfix.com\/pl\/author\/blammert-englisch\/","display_name":"Bettina Lammert"},"relative_dates":{"created":"Posted 2 lata ago","modified":"Updated 5 miesi\u0119cy ago"},"absolute_dates":{"created":"Posted on 27. maja 2024","modified":"Updated on 5. grudnia 2025"},"absolute_dates_time":{"created":"Posted on 27. maja 2024 9:21","modified":"Updated on 5. grudnia 2025 0:41"},"featured_img_caption":"","featured_img":false,"series_order":"","_links":{"self":[{"href":"https:\/\/www.orfix.com\/pl\/wp-json\/wp\/v2\/pages\/17455","targetHints":{"allow":["GET"]}}],"collection":[{"href":"https:\/\/www.orfix.com\/pl\/wp-json\/wp\/v2\/pages"}],"about":[{"href":"https:\/\/www.orfix.com\/pl\/wp-json\/wp\/v2\/types\/page"}],"author":[{"embeddable":true,"href":"https:\/\/www.orfix.com\/pl\/wp-json\/wp\/v2\/users\/24"}],"replies":[{"embeddable":true,"href":"https:\/\/www.orfix.com\/pl\/wp-json\/wp\/v2\/comments?post=17455"}],"version-history":[{"count":7,"href":"https:\/\/www.orfix.com\/pl\/wp-json\/wp\/v2\/pages\/17455\/revisions"}],"predecessor-version":[{"id":32550,"href":"https:\/\/www.orfix.com\/pl\/wp-json\/wp\/v2\/pages\/17455\/revisions\/32550"}],"up":[{"embeddable":true,"href":"https:\/\/www.orfix.com\/pl\/wp-json\/wp\/v2\/pages\/1448"}],"wp:attachment":[{"href":"https:\/\/www.orfix.com\/pl\/wp-json\/wp\/v2\/media?parent=17455"}],"curies":[{"name":"wp","href":"https:\/\/api.w.org\/{rel}","templated":true}]}}