{"id":1436,"date":"2020-09-16T11:52:55","date_gmt":"2020-09-16T09:52:55","guid":{"rendered":"http:\/\/orfix.netzkunst24.de\/?page_id=1436"},"modified":"2020-12-14T14:13:54","modified_gmt":"2020-12-14T13:13:54","slug":"materialy-do-bankomatow","status":"publish","type":"page","link":"https:\/\/www.orfix.com\/pl\/obszary-dzialania-produkty\/pakowanie-gotowki\/materialy-do-bankomatow\/","title":{"rendered":"Materia\u0142y do bankomat\u00f3w"},"content":{"rendered":"<div class=\"wp-bootstrap-blocks-container container-fluid mb-5 custom_container custom_container--big custom_container--banner\">\n\t\n<div class=\"wp-bootstrap-blocks-row row custom_row custom_row--center\">\n\t\n\n<div class=\"col-12 col-md-12 custom_slider custom_slider__banner custom-banner-img\">\n\t\t\t\n\n<figure class=\"wp-block-image size-full\"><img loading=\"lazy\" decoding=\"async\" width=\"512\" height=\"242\" src=\"https:\/\/www.orfix.com\/wp-content\/uploads\/2020\/09\/ATM-PL.jpg\" alt=\"\" class=\"wp-image-1438\" srcset=\"https:\/\/www.orfix.com\/wp-content\/uploads\/2020\/09\/ATM-PL.jpg 512w, https:\/\/www.orfix.com\/wp-content\/uploads\/2020\/09\/ATM-PL-300x142.jpg 300w, https:\/\/www.orfix.com\/wp-content\/uploads\/2020\/09\/ATM-PL-24x11.jpg 24w, https:\/\/www.orfix.com\/wp-content\/uploads\/2020\/09\/ATM-PL-36x17.jpg 36w, https:\/\/www.orfix.com\/wp-content\/uploads\/2020\/09\/ATM-PL-48x23.jpg 48w\" sizes=\"auto, (max-width: 512px) 100vw, 512px\" \/><figcaption><strong>Szeroki asortyment materia\u0142\u00f3w eksploatacyjnych.&nbsp;<\/strong><\/figcaption><\/figure>\n\n\n\n\n\t<\/div>\n\n<\/div>\n\n<\/div>\n\n\n<div class=\"wp-bootstrap-blocks-container container-fluid mb-5 custom_container custom_container--small\">\n\t\n<div class=\"wp-bootstrap-blocks-row row\">\n\t\n\n<div class=\"col-12 col-md-12\">\n\t\t\t\n\n<h1>ATM &#8211; Paier do bankomatu, rolki termiczne<\/h1>\n\n\n\n<p>W&nbsp;swoim&nbsp;szerokim&nbsp;asortymencie&nbsp;materia\u0142\u00f3w&nbsp;eksploatacyjnych&nbsp;do&nbsp;bankomat\u00f3w&nbsp;orfix&nbsp;posiada:&nbsp;<\/p>\n\n\n\n<p>1. Papier do bankomat\u00f3w termiczny oraz offsetowy stosowany do rejestracji operacji kartami p\u0142atniczymi i wyp\u0142at got\u00f3wki z bankomat\u00f3w, zar\u00f3wno do drukarek dziennika jak i potwierdze\u0144, dost\u0119pny do wszystkich typ\u00f3w bankomat\u00f3w NCR, Wincor Nixdorf oraz Diebold. Na \u017cyczenie istnieje mo\u017cliwo\u015b\u0107 personalizacji nadruku oraz dopasowania wymiar\u00f3w zgodnie z zaleceniem Klienta.<\/p>\n\n\n\n<p>Standardowe&nbsp;rolki&nbsp;do&nbsp;drukarek&nbsp;instalowanych&nbsp;w&nbsp;bankomatach&nbsp;s\u0105&nbsp;najcz\u0119\u015bciej&nbsp;produkowane&nbsp;z&nbsp;papieru&nbsp;termicznego&nbsp;55 g\/m\u00b2&nbsp;i&nbsp;pozbawione&nbsp;s\u0105&nbsp;bisfenolu&nbsp;A (nale\u017c\u0105&nbsp;do&nbsp;kategorii&nbsp;BPA free).&nbsp;<\/p>\n\n\n\n<p>2.&nbsp;Karty czyszcz\u0105ce do bankomatu to specjalnie zaprojektowane karty do czyszczenia czytnik\u00f3w kart magnetycznych i chipowych w terminalach p\u0142atniczych, bankomatach, na stacjach benzynowych, rozliczania czasu pracy, kontroli dost\u0119pu, zamkach drzwiowych na karty i innych.<\/p>\n\n\n\n<p>3.&nbsp;Ta\u015bmy\/Kasety&nbsp;barwi\u0105ce&nbsp;do&nbsp;bankomatu&nbsp;stosowane&nbsp;do&nbsp;drukarek&nbsp;bankomatowych&nbsp;dedykowane&nbsp;dla&nbsp;poszczeg\u00f3lnych&nbsp;modeli&nbsp;\u2013&nbsp;szeroki&nbsp;wyb\u00f3r.&nbsp;<\/p>\n\n\n\n<p>4.&nbsp;Pozosta\u0142e produkty serwisowe do bankomatu niezb\u0119dne do cyklicznego serwisu urz\u0105dze\u0144, niezb\u0119dnego do sprawnego funkcjonowania bankomat\u00f3w i terminali p\u0142atniczych, takie jak spr\u0119\u017cone powietrze, p\u0142yny do czyszczenia ekran\u00f3w, p\u0142yny do regeneracji rolek transportuj\u0105cych karty.<\/p>\n\n\t<\/div>\n\n<\/div>\n\n<\/div>\n\n\n<div class=\"wp-bootstrap-blocks-container container-fluid mb-5 custom_container custom_container--middle\">\n\t\n<div class=\"wp-bootstrap-blocks-row row custom-row__cta-contact\">\n\t\n\n<div class=\"col-12 col-md-6\">\n\t\t\t\n\n<figure class=\"wp-block-image size-large advgb-dyn-6a484ffd\"><img loading=\"lazy\" decoding=\"async\" width=\"471\" height=\"344\" src=\"https:\/\/www.orfix.com\/wp-content\/uploads\/2020\/10\/shutterstock_116283283_471x344px.jpg\" alt=\"\" class=\"wp-image-3327\" srcset=\"https:\/\/www.orfix.com\/wp-content\/uploads\/2020\/10\/shutterstock_116283283_471x344px.jpg 471w, https:\/\/www.orfix.com\/wp-content\/uploads\/2020\/10\/shutterstock_116283283_471x344px-300x219.jpg 300w, https:\/\/www.orfix.com\/wp-content\/uploads\/2020\/10\/shutterstock_116283283_471x344px-24x18.jpg 24w, https:\/\/www.orfix.com\/wp-content\/uploads\/2020\/10\/shutterstock_116283283_471x344px-36x26.jpg 36w, https:\/\/www.orfix.com\/wp-content\/uploads\/2020\/10\/shutterstock_116283283_471x344px-48x35.jpg 48w\" sizes=\"auto, (max-width: 471px) 100vw, 471px\" \/><figcaption class=\"wp-element-caption\">Skontaktuj si\u0119 z nami<\/figcaption><\/figure>\n\n\t<\/div>\n\n\n\n<div class=\"col-12 col-md-6\">\n\t\t\t\n<div class=\"employeeblock\">\n    <figure class=\"employeeblock__item employeeblock__item--img\">\n        <img decoding=\"async\" src=\"\" alt=\"\" \/>\n    <\/figure>\n    <div class=\"employeeblock__item employeeblock__item--content\">\n        <h2 class=\"name\">Wsparcie Klienta \/ Customer Service<\/h2>\n        <p class=\"position\"><\/p>\n        <p><a class=\"link link--has-icon link--has-icon--mail\" href=\"mailto:orfix@orfix.pl\">orfix@orfix.pl<\/a><\/p>\n        <p><a class=\"link link--has-icon link--has-icon--tel\" href=\"tel:+48585110655\">+48 58 511-06-55<\/a><\/p>\n    <\/div>\n<\/div>\n\n\t<\/div>\n\n<\/div>\n\n<\/div>\n\n\n\n<div style=\"height:20px\" aria-hidden=\"true\" class=\"wp-block-spacer\"><\/div>\n\n\n\n<figure class=\"wp-block-image size-full\"><img loading=\"lazy\" decoding=\"async\" width=\"2560\" height=\"750\" src=\"https:\/\/www.orfix.com\/wp-content\/uploads\/2024\/05\/orfix-Karte-2024-en-6-scaled.jpg\" alt=\"\" class=\"wp-image-22373\" srcset=\"https:\/\/www.orfix.com\/wp-content\/uploads\/2024\/05\/orfix-Karte-2024-en-6-scaled.jpg 2560w, https:\/\/www.orfix.com\/wp-content\/uploads\/2024\/05\/orfix-Karte-2024-en-6-768x225.jpg 768w, https:\/\/www.orfix.com\/wp-content\/uploads\/2024\/05\/orfix-Karte-2024-en-6-1536x450.jpg 1536w, https:\/\/www.orfix.com\/wp-content\/uploads\/2024\/05\/orfix-Karte-2024-en-6-2048x600.jpg 2048w\" sizes=\"auto, (max-width: 2560px) 100vw, 2560px\" \/><\/figure>\n\n\n\n<p class=\"has-medium-font-size\">Ch\u0119tnie doradzimy indywidualnie!<br><strong>Tw\u00f3j kompetentny partner z pe\u0142nym asortymentem dla ka\u017cdego, kto liczy, pakuje, transportuje lub przechowuje got\u00f3wk\u0119.<\/strong><\/p>\n\n\n\n<div style=\"height:20px\" aria-hidden=\"true\" class=\"wp-block-spacer\"><\/div>\n\n\n\n<div class=\"wp-block-buttons cta-banner-content__item is-layout-flex wp-block-buttons-is-layout-flex\">\n<div class=\"wp-block-button has-custom-font-size is-style-outline has-medium-font-size is-style-outline--1 advgb-dyn-5b178352\"><a class=\"wp-block-button__link has-text-color wp-element-button\" href=\"\/pl\/contact\/\" style=\"border-radius:1px;color:#ba0c2f\" target=\"_blank\" rel=\"noreferrer noopener\"><strong>Kontakt<\/strong><\/a><\/div>\n\n\n\n<div class=\"wp-block-button has-custom-font-size btn__bg--red has-medium-font-size advgb-dyn-86e7eee1\"><a class=\"wp-block-button__link has-white-color has-text-color has-background wp-element-button\" href=\"https:\/\/www.orfix.com\/pl\/obszary-dzialania-produkty\/\" style=\"border-radius:1px;background-color:#ba0c2f\" target=\"_blank\" rel=\"noreferrer noopener\"><strong>Produkty<\/strong><\/a><\/div>\n\n\n\n<div class=\"wp-block-button has-custom-font-size btn__bg--red has-medium-font-size advgb-dyn-1f1542a5\"><a class=\"wp-block-button__link has-white-color has-text-color has-background wp-element-button\" href=\"https:\/\/sklep.orfix.pl\/\" style=\"border-radius:1px;background-color:#ba0c2f\" target=\"_blank\" rel=\"noreferrer noopener\"><strong>Sklep on-line<\/strong><\/a><\/div>\n<\/div>\n\n\n\n<div style=\"height:20px\" aria-hidden=\"true\" class=\"wp-block-spacer\"><\/div>\n","protected":false},"excerpt":{"rendered":"<p><a class=\"btn btn-secondary understrap-read-more-link\" href=\"https:\/\/www.orfix.com\/pl\/obszary-dzialania-produkty\/pakowanie-gotowki\/materialy-do-bankomatow\/\">Czytaj dalej\u2026<\/a><\/p>\n","protected":false},"author":36,"featured_media":0,"parent":1434,"menu_order":19,"comment_status":"closed","ping_status":"closed","template":"","meta":{"_acf_changed":false,"om_disable_all_campaigns":false,"inline_featured_image":false,"advgb_blocks_editor_width":"","advgb_blocks_columns_visual_guide":"","_monsterinsights_skip_tracking":false,"_monsterinsights_sitenote_active":false,"_monsterinsights_sitenote_note":"","_monsterinsights_sitenote_category":0,"_uf_show_specific_survey":0,"_uf_disable_surveys":false,"footnotes":""},"class_list":["post-1436","page","type-page","status-publish","hentry"],"acf":[],"aioseo_notices":[],"coauthors":[],"author_meta":{"author_link":"https:\/\/www.orfix.com\/pl\/author\/mgendelmeyer\/","display_name":"Malte Gendelmeyer"},"relative_dates":{"created":"Posted 6 lat ago","modified":"Updated 5 lat ago"},"absolute_dates":{"created":"Posted on 16. wrze\u015bnia 2020","modified":"Updated on 14. grudnia 2020"},"absolute_dates_time":{"created":"Posted on 16. wrze\u015bnia 2020 11:52","modified":"Updated on 14. grudnia 2020 14:13"},"featured_img_caption":"","featured_img":false,"series_order":"","_links":{"self":[{"href":"https:\/\/www.orfix.com\/pl\/wp-json\/wp\/v2\/pages\/1436","targetHints":{"allow":["GET"]}}],"collection":[{"href":"https:\/\/www.orfix.com\/pl\/wp-json\/wp\/v2\/pages"}],"about":[{"href":"https:\/\/www.orfix.com\/pl\/wp-json\/wp\/v2\/types\/page"}],"author":[{"embeddable":true,"href":"https:\/\/www.orfix.com\/pl\/wp-json\/wp\/v2\/users\/36"}],"replies":[{"embeddable":true,"href":"https:\/\/www.orfix.com\/pl\/wp-json\/wp\/v2\/comments?post=1436"}],"version-history":[{"count":6,"href":"https:\/\/www.orfix.com\/pl\/wp-json\/wp\/v2\/pages\/1436\/revisions"}],"predecessor-version":[{"id":10331,"href":"https:\/\/www.orfix.com\/pl\/wp-json\/wp\/v2\/pages\/1436\/revisions\/10331"}],"up":[{"embeddable":true,"href":"https:\/\/www.orfix.com\/pl\/wp-json\/wp\/v2\/pages\/1434"}],"wp:attachment":[{"href":"https:\/\/www.orfix.com\/pl\/wp-json\/wp\/v2\/media?parent=1436"}],"curies":[{"name":"wp","href":"https:\/\/api.w.org\/{rel}","templated":true}]}}