{"id":7824,"date":"2020-11-10T09:59:18","date_gmt":"2020-11-10T08:59:18","guid":{"rendered":"http:\/\/orfix.netzkunst24.de\/?page_id=7824"},"modified":"2025-11-29T21:54:22","modified_gmt":"2025-11-29T20:54:22","slug":"retain-sample-bags","status":"publish","type":"page","link":"https:\/\/www.orfix.com\/it\/i-nostri-punti-di-eccellenza-prodotti\/sigillatura-di-sicurezza\/retain-sample-bags\/","title":{"rendered":"Buste di sicurezza per campionamenti"},"content":{"rendered":"<div class=\"wp-bootstrap-blocks-container container-fluid mb-5 custom_container custom_container--big custom_container--banner\">\n\t\n<div class=\"wp-bootstrap-blocks-row row custom_row custom_row--center\">\n\t\n\n<div class=\"col-12 col-md-12 custom_slider custom_slider__banner custom-banner-img\">\n\t\t\t\n\n<figure class=\"wp-block-image size-full desktop-banner\"><img loading=\"lazy\" decoding=\"async\" width=\"2133\" height=\"577\" src=\"https:\/\/www.orfix.com\/wp-content\/uploads\/2024\/05\/orfix_Header_Banner_Security_Packaging_Retain_Sample_bags_IT_1024x277.jpg\" alt=\"Buste di campionamento orfix per sicurezza e custodia semi\" class=\"wp-image-27128\" srcset=\"https:\/\/www.orfix.com\/wp-content\/uploads\/2024\/05\/orfix_Header_Banner_Security_Packaging_Retain_Sample_bags_IT_1024x277.jpg 2133w, https:\/\/www.orfix.com\/wp-content\/uploads\/2024\/05\/orfix_Header_Banner_Security_Packaging_Retain_Sample_bags_IT_1024x277-768x208.jpg 768w, https:\/\/www.orfix.com\/wp-content\/uploads\/2024\/05\/orfix_Header_Banner_Security_Packaging_Retain_Sample_bags_IT_1024x277-1536x416.jpg 1536w, https:\/\/www.orfix.com\/wp-content\/uploads\/2024\/05\/orfix_Header_Banner_Security_Packaging_Retain_Sample_bags_IT_1024x277-2048x554.jpg 2048w\" sizes=\"auto, (max-width: 2133px) 100vw, 2133px\" \/><\/figure>\n\n\n\n\n\t<\/div>\n\n<\/div>\n\n\n<div class=\"wp-bootstrap-blocks-row row custom_row custom_row--center\">\n\t\n\n<div class=\"col-12 col-md-12 custom_slider custom_slider__banner custom-banner-img\">\n\t\t\t\n\n<figure class=\"wp-block-image size-full mobile-banner\"><img loading=\"lazy\" decoding=\"async\" width=\"1583\" height=\"1250\" src=\"https:\/\/www.orfix.com\/wp-content\/uploads\/2024\/05\/orfix_Mobile_Banner_Security_Packaging_Retain_Sample_bags_IT_760x650.jpg\" alt=\"Buste di sicurezza orfix per campionamenti di semi\" class=\"wp-image-27134\" srcset=\"https:\/\/www.orfix.com\/wp-content\/uploads\/2024\/05\/orfix_Mobile_Banner_Security_Packaging_Retain_Sample_bags_IT_760x650.jpg 1583w, https:\/\/www.orfix.com\/wp-content\/uploads\/2024\/05\/orfix_Mobile_Banner_Security_Packaging_Retain_Sample_bags_IT_760x650-768x606.jpg 768w, https:\/\/www.orfix.com\/wp-content\/uploads\/2024\/05\/orfix_Mobile_Banner_Security_Packaging_Retain_Sample_bags_IT_760x650-1536x1213.jpg 1536w\" sizes=\"auto, (max-width: 1583px) 100vw, 1583px\" \/><\/figure>\n\n\n\n\n\t<\/div>\n\n<\/div>\n\n<\/div>\n\n\n<div class=\"wp-bootstrap-blocks-container container-fluid mb-5 custom_container custom_container--big custom_container--banner\">\n\t<\/div>\n\n\n\n<h1 class=\"wp-block-heading has-text-color\" style=\"color:#002855;font-size:30px\">Buste di sicurezza per campionamenti<\/h1>\n\n\n\n<p class=\"has-medium-font-size\">Le nostre soluzioni sono pensate per la custodia in sicurezza di campionamenti. Le nostre buste di sicurezza specifiche per il campionamento hanno una chiusura di sicurezza anti-manomissione e sono realizzate con in polietilene resistente agli strappi. <\/p>\n\n\n\n<p><\/p>\n\n\n\n<div style=\"height:50px\" aria-hidden=\"true\" class=\"wp-block-spacer\"><\/div>\n\n\n\n<div class=\"wp-block-group\"><div class=\"wp-block-group__inner-container is-layout-constrained wp-block-group-is-layout-constrained\"><div class=\"wp-bootstrap-blocks-row row\">\n\t\n\n<div class=\"col-12 col-md-6\">\n\t\t\t\n\n<figure class=\"wp-block-image size-full\"><img loading=\"lazy\" decoding=\"async\" width=\"600\" height=\"350\" src=\"https:\/\/www.orfix.com\/wp-content\/uploads\/2024\/04\/products_retain-sample-bags1-1.jpg\" alt=\"\" class=\"wp-image-20454\"\/><\/figure>\n\n\t<\/div>\n\n\n\n<div class=\"col-12 col-md-6\">\n\t\t\t\n\n<figure class=\"wp-block-image size-full\"><img loading=\"lazy\" decoding=\"async\" width=\"600\" height=\"350\" src=\"https:\/\/www.orfix.com\/wp-content\/uploads\/2024\/04\/products_retain-sample-bags1-2.jpg\" alt=\"\" class=\"wp-image-20460\"\/><\/figure>\n\n\t<\/div>\n\n<\/div>\n\n\n\n<div style=\"height:50px\" aria-hidden=\"true\" class=\"wp-block-spacer\"><\/div>\n\n\n\n<p class=\"has-medium-font-size\">Sulla base delle linee guida della nostra linea di prodotti ecologici <strong>\u201cGreen Label\u201d<\/strong>, abbiamo ridotto lo spessore del film utilizzato, pur garantendo le stesse propriet\u00e0 del precedente, cos\u00ec da ridurre l&#8217;impatto ambientale di questo prodotto. Oltre alla versione standard sempre disponibile a stock (vedere sotto), possiamo realizzare buste personalizzate con formato, caratteristiche e stampa su richiesta.<\/p>\n<\/div><\/div>\n\n\n\n<div style=\"height:50px\" aria-hidden=\"true\" class=\"wp-block-spacer\"><\/div>\n\n\n<div class=\"wp-bootstrap-blocks-container container mb-2\">\n\t\n<div class=\"wp-bootstrap-blocks-container container-fluid mb-5 custom_container custom_container--middle\">\n\t\n<div class=\"wp-bootstrap-blocks-row row\">\n\t\n\n<div class=\"col-12\">\n\t\t\t\n\n<h2 class=\"wp-block-heading\" style=\"font-size:30px\">Busta di sicurezza per campionamenti standard  -nel&nbsp;negozio&nbsp;online<\/h2>\n\n\t<\/div>\n\n\n\n<div class=\"col-12 table__wrapper\">\n\t\t\t\n\n<table class=\"wp-block-advgb-table alignleft advgb-table-frontend is-style-stripes\"><thead><tr><th style=\"text-align:center\">Numero dell&#8217;articolo<\/th><th><strong>Nome dell&#8217;articolo<\/strong><\/th><th style=\"text-align:center\"><strong>Formato<\/strong><\/th><th style=\"text-align:center\"><strong>Quantit\u00e0\/scatola<\/strong><\/th><\/tr><\/thead><tbody><tr><td style=\"text-align:center\"><a href=\"https:\/\/shop.orfix.it\/buste-per-campionamenti\/busta-per-campionamenti.html\" class=\"ek-link\">BB60014<\/a><\/td><td><a href=\"https:\/\/shop.orfix.it\/buste-per-campionamenti\/busta-per-campionamenti.html\" class=\"ek-link\">Busta per campionamenti<\/a><\/td><td style=\"text-align:center\">195 x 265 + 30 mm (ricevuta)<\/td><td style=\"text-align:center\">1.000 pcs<\/td><\/tr><\/tbody><\/table>\n\n\n\n<p>Sempre disponibile sul nostro Webshop -&gt; clicca su Shop per acquistare!<\/p>\n\n\t<\/div>\n\n\n\n<div class=\"col-12\">\n\t\t\t\n\n<p class=\"has-medium-font-size\"><strong>Siamo a disposizione per offrire anche versioni personalizzate su richiesta! <\/strong><\/p>\n\n\t<\/div>\n\n\n\n<div class=\"col-12\">\n\t\t\t\t<\/div>\n\n<\/div>\n\n<\/div>\n\n<\/div>\n\n\n<div class=\"wp-bootstrap-blocks-container container-fluid mb-5 custom_container custom_container--middle\">\n\t\n<div class=\"wp-bootstrap-blocks-row row\">\n\t\n\n<div class=\"col-12\">\n\t\t\t\n<div class=\"wp-bootstrap-blocks-container container mb-0\">\n\t\n<div class=\"wp-bootstrap-blocks-row row row--applications\">\n\t\n\n<div class=\"col-12 col-md-7 col--big\">\n\t\t\t\n\n<h2 class=\"wp-block-heading\" style=\"font-size:30px\">Applicazioni<\/h2>\n\n\n<div class=\"wp-bootstrap-blocks-row row\">\n\t\n\n<div class=\"col-12 col-md-6\">\n\t\t\t\n\n<ul id=\"block-d81b4cc1-9ece-4f1b-a069-7b9fec172993\" class=\"wp-block-list list--no-img-point\">\n<li class=\"has-medium-font-size\">Agricoltura<\/li>\n\n\n\n<li class=\"has-medium-font-size\">Alimentare<\/li>\n<\/ul>\n\n\t<\/div>\n\n\n\n<div class=\"col-12 col-md-6\">\n\t\t\t\n\n<ul id=\"block-c929d4eb-37aa-4984-8c6a-1edf956363ad\" class=\"wp-block-list list--no-img-point\">\n<li class=\"has-medium-font-size\"> Campionamenti di vario genere<\/li>\n<\/ul>\n\n\t<\/div>\n\n<\/div>\n\n\t<\/div>\n\n\n\n<div class=\"col-12 col-md-5 col--small\">\n\t\t\t\n<div class=\"wp-bootstrap-blocks-row row\">\n\t\n\n<div class=\"col-8 col-seals-row\">\n\t\t\t\n\n<figure class=\"wp-block-image size-large\"><img loading=\"lazy\" decoding=\"async\" width=\"71\" height=\"91\" src=\"https:\/\/www.orfix.com\/wp-content\/uploads\/2020\/09\/greenlabel_logo.svg\" alt=\"\" class=\"wp-image-521\"\/><\/figure>\n\n\t<\/div>\n\n<\/div>\n\n\n<div class=\"wp-bootstrap-blocks-row row\">\n\t\n\n<div class=\"col-12\">\n\t\t\t\n\n<p class=\"has-medium-font-size\">Le buste di sicurezza orfix sono sottoposte a severi test di qualit\u00e0 durante la produzione. Pi\u00f9 di 10.000 clienti si affidano al marchio orfix.&nbsp;<\/p>\n\n\t<\/div>\n\n<\/div>\n\n\t<\/div>\n\n<\/div>\n\n<\/div>\n\n\t<\/div>\n\n<\/div>\n\n<\/div>\n\n\n<div class=\"wp-bootstrap-blocks-container container-fluid mb-5 custom_container custom_container--middle\">\n\t\n<div class=\"wp-bootstrap-blocks-row row custom-row__cta-contact\">\n\t\n\n<div class=\"col-12 col-md-6\">\n\t\t\t\n\n<figure class=\"wp-block-image size-large advgb-dyn-6432cdba\"><img loading=\"lazy\" decoding=\"async\" width=\"471\" height=\"344\" src=\"https:\/\/www.orfix.com\/wp-content\/uploads\/2020\/10\/shutterstock_116283283_471x344px.jpg\" alt=\"\" class=\"wp-image-3327\" srcset=\"https:\/\/www.orfix.com\/wp-content\/uploads\/2020\/10\/shutterstock_116283283_471x344px.jpg 471w, https:\/\/www.orfix.com\/wp-content\/uploads\/2020\/10\/shutterstock_116283283_471x344px-300x219.jpg 300w, https:\/\/www.orfix.com\/wp-content\/uploads\/2020\/10\/shutterstock_116283283_471x344px-24x18.jpg 24w, https:\/\/www.orfix.com\/wp-content\/uploads\/2020\/10\/shutterstock_116283283_471x344px-36x26.jpg 36w, https:\/\/www.orfix.com\/wp-content\/uploads\/2020\/10\/shutterstock_116283283_471x344px-48x35.jpg 48w\" sizes=\"auto, (max-width: 471px) 100vw, 471px\" \/><figcaption class=\"wp-element-caption\">Contattaci<\/figcaption><\/figure>\n\n\t<\/div>\n\n\n\n<div class=\"col-12 col-md-6\">\n\t\t\t\n<div class=\"employeeblock\">\n    <figure class=\"employeeblock__item employeeblock__item--img\">\n        <img decoding=\"async\" src=\"\" alt=\"\" \/>\n    <\/figure>\n    <div class=\"employeeblock__item employeeblock__item--content\">\n        <h2 class=\"name\">Customer Service<\/h2>\n        <p class=\"position\"><\/p>\n        <p><a class=\"link link--has-icon link--has-icon--mail\" href=\"mailto:info@orfix.it\">info@orfix.it<\/a><\/p>\n        <p><a class=\"link link--has-icon link--has-icon--tel\" href=\"tel:+390639870216\">+39 06 3987 0216<\/a><\/p>\n    <\/div>\n<\/div>\n\n\t<\/div>\n\n<\/div>\n\n<\/div>\n\n\n<div class=\"wp-bootstrap-blocks-container container-fluid mb-5 custom_container custom_container--middle\">\n\t\n<div class=\"wp-bootstrap-blocks-row row\">\n\t\n\n<div class=\"col-12 col-md-12\">\n\t\t\t\n\n<h2 class=\"wp-block-heading has-text-color advgb-dyn-a7701b6d\" style=\"color:#002855;font-size:30px\">orfix &#8211; il vostro specialista nella lavorazione di carta e polietilene<\/h2>\n\n\t<\/div>\n\n\n\n<div class=\"col-12 col-md-6\">\n\t\t\t\n\n<p class=\"has-medium-font-size\">Negli stabilimenti orfix ci dedichiamo allo sviluppo e alla produzione con tecniche all&#8217;avanguardia, mantenendo sempre un&#8217;attenzione particolare alle necessit\u00e0 individuali dei clienti, ma anche con responsabilit\u00e0 verso l&#8217;ambiente!<\/p>\n\n\n\n<p class=\"has-medium-font-size\">Mettiamo in pratica attivamente la sostenibilit\u00e0 con scelte quotidiane che preservino le risorse e cercando il pi\u00f9 possibile di essere CO2 neutrali. Questo \u00e8 ci\u00f2 che intendiamo nel nostro Gruppo con politica ambientale.<\/p>\n\n\n\n<p class=\"has-medium-font-size\">In quanto cliente orfix , riceverai qualit\u00e0 eccellente, costante e certificata. Ti ispireremo con la nostra innovazione e il nostro eccellente customer service.<\/p>\n\n\t<\/div>\n\n\n\n<div class=\"col-12 col-md-6\">\n\t\t\t\n\n<ul class=\"wp-block-list\">\n<li class=\"has-medium-font-size\">L&#8217;ampia gamma di prodotti standard orfix \u00e8 sempre disponibile a stock in pronta consegna.<\/li>\n\n\n\n<li class=\"has-medium-font-size\">orfix offre anche logistica e servizi personalizzati per i suoi clienti.<\/li>\n\n\n\n<li class=\"has-medium-font-size\">orfix \u00e8 in grado di produrre articoli con specifiche su richiesta, anche in piccole quantit\u00e0.<\/li>\n\n\n\n<li class=\"has-medium-font-size\">orfix offre una consulenza competente e personalizzata. Siamo ragiungibili tramite lo strumento <a href=\"\/it\/contact\/\">contact<\/a>, per telefono, e-mail o con visite di persona.<\/li>\n<\/ul>\n\n\t<\/div>\n\n<\/div>\n\n<\/div>\n\n\n\n<div style=\"height:20px\" aria-hidden=\"true\" class=\"wp-block-spacer\"><\/div>\n\n\n\n<figure class=\"wp-block-image size-full\"><img loading=\"lazy\" decoding=\"async\" width=\"2048\" height=\"600\" src=\"https:\/\/www.orfix.com\/wp-content\/uploads\/2024\/05\/orfix-Karte-2025-en.jpg\" alt=\"\" class=\"wp-image-32959\" srcset=\"https:\/\/www.orfix.com\/wp-content\/uploads\/2024\/05\/orfix-Karte-2025-en.jpg 2048w, https:\/\/www.orfix.com\/wp-content\/uploads\/2024\/05\/orfix-Karte-2025-en-768x225.jpg 768w, https:\/\/www.orfix.com\/wp-content\/uploads\/2024\/05\/orfix-Karte-2025-en-1536x450.jpg 1536w\" sizes=\"auto, (max-width: 2048px) 100vw, 2048px\" \/><\/figure>\n\n\n\n<p class=\"has-medium-font-size\">Saremmo lieti di offrirvi la nostra consulenza personalizzata!<br><strong>Il vostro partner competente con un&#8217;offerta completa per la gestione di valori da contare, imballare, trasportare o stoccare.<\/strong><\/p>\n\n\n\n<div style=\"height:20px\" aria-hidden=\"true\" class=\"wp-block-spacer\"><\/div>\n\n\n\n<div class=\"wp-block-buttons cta-banner-content__item is-layout-flex wp-block-buttons-is-layout-flex\">\n<div class=\"wp-block-button is-style-outline is-style-outline--1 advgb-dyn-830f02f0\"><a class=\"wp-block-button__link has-text-color has-medium-font-size has-custom-font-size wp-element-button\" href=\"\" style=\"border-radius:1px;color:#ba0c2f\" target=\"_blank\" rel=\"noreferrer noopener\"><strong>Contattaci<\/strong><\/a><\/div>\n\n\n\n<div class=\"wp-block-button btn__bg--red advgb-dyn-29a7399e\"><a class=\"wp-block-button__link has-white-color has-text-color has-background has-medium-font-size has-custom-font-size wp-element-button\" href=\"https:\/\/www.orfix.com\/it\/i-nostri-punti-di-eccellenza-prodotti\/\" style=\"border-radius:1px;background-color:#ba0c2f\" target=\"_blank\" rel=\"noreferrer noopener\"><strong>Prodotti<\/strong><\/a><\/div>\n\n\n\n<div class=\"wp-block-button btn__bg--red advgb-dyn-9cb8f791\"><a class=\"wp-block-button__link has-white-color has-text-color has-background has-medium-font-size has-custom-font-size wp-element-button\" href=\"https:\/\/shop.orfix.it\/\" style=\"border-radius:1px;background-color:#ba0c2f\" target=\"_blank\" rel=\"noreferrer noopener\"><strong>Webshop<\/strong><\/a><\/div>\n<\/div>\n\n\n\n<div style=\"height:20px\" aria-hidden=\"true\" class=\"wp-block-spacer\"><\/div>\n","protected":false},"excerpt":{"rendered":"<p>Buste di sicurezza per campionamenti Le nostre soluzioni sono pensate per la custodia in sicurezza di campionamenti. Le nostre buste di sicurezza specifiche per il campionamento hanno una chiusura di sicurezza anti-manomissione e sono realizzate con in polietilene resistente agli strappi. Sulla base delle linee guida della nostra linea di prodotti ecologici \u201cGreen Label\u201d, abbiamo<\/p>\n<p><a class=\"btn btn-secondary understrap-read-more-link\" href=\"https:\/\/www.orfix.com\/it\/i-nostri-punti-di-eccellenza-prodotti\/sigillatura-di-sicurezza\/retain-sample-bags\/\">Leggi tutto&#8230;<\/a><\/p>\n","protected":false},"author":36,"featured_media":0,"parent":7018,"menu_order":8,"comment_status":"closed","ping_status":"closed","template":"","meta":{"_acf_changed":false,"om_disable_all_campaigns":false,"inline_featured_image":false,"advgb_blocks_editor_width":"","advgb_blocks_columns_visual_guide":"","_monsterinsights_skip_tracking":false,"_monsterinsights_sitenote_active":false,"_monsterinsights_sitenote_note":"","_monsterinsights_sitenote_category":0,"_uf_show_specific_survey":0,"_uf_disable_surveys":false,"footnotes":""},"class_list":["post-7824","page","type-page","status-publish","hentry"],"acf":[],"aioseo_notices":[],"coauthors":[],"author_meta":{"author_link":"https:\/\/www.orfix.com\/it\/author\/mgendelmeyer\/","display_name":"Malte Gendelmeyer"},"relative_dates":{"created":"Pubblicato 5 anni fa","modified":"Aggiornato 5 mesi fa"},"absolute_dates":{"created":"Pubblicato il 10. Novembre 2020","modified":"Aggiornato il 29. Novembre 2025"},"absolute_dates_time":{"created":"Pubblicato il 10. Novembre 2020 9:59","modified":"Aggiornato il 29. Novembre 2025 21:54"},"featured_img_caption":"","featured_img":false,"series_order":"","_links":{"self":[{"href":"https:\/\/www.orfix.com\/it\/wp-json\/wp\/v2\/pages\/7824","targetHints":{"allow":["GET"]}}],"collection":[{"href":"https:\/\/www.orfix.com\/it\/wp-json\/wp\/v2\/pages"}],"about":[{"href":"https:\/\/www.orfix.com\/it\/wp-json\/wp\/v2\/types\/page"}],"author":[{"embeddable":true,"href":"https:\/\/www.orfix.com\/it\/wp-json\/wp\/v2\/users\/36"}],"replies":[{"embeddable":true,"href":"https:\/\/www.orfix.com\/it\/wp-json\/wp\/v2\/comments?post=7824"}],"version-history":[{"count":7,"href":"https:\/\/www.orfix.com\/it\/wp-json\/wp\/v2\/pages\/7824\/revisions"}],"predecessor-version":[{"id":32212,"href":"https:\/\/www.orfix.com\/it\/wp-json\/wp\/v2\/pages\/7824\/revisions\/32212"}],"up":[{"embeddable":true,"href":"https:\/\/www.orfix.com\/it\/wp-json\/wp\/v2\/pages\/7018"}],"wp:attachment":[{"href":"https:\/\/www.orfix.com\/it\/wp-json\/wp\/v2\/media?parent=7824"}],"curies":[{"name":"wp","href":"https:\/\/api.w.org\/{rel}","templated":true}]}}