{"id":7715,"date":"2020-11-09T17:06:01","date_gmt":"2020-11-09T16:06:01","guid":{"rendered":"http:\/\/orfix.netzkunst24.de\/?page_id=7715"},"modified":"2026-03-05T12:20:43","modified_gmt":"2026-03-05T11:20:43","slug":"filiali-partner","status":"publish","type":"page","link":"https:\/\/www.orfix.com\/it\/about-us\/filiali-partner\/","title":{"rendered":"Filiali &#038; Partner"},"content":{"rendered":"<div class=\"wp-bootstrap-blocks-container container-fluid mb-5 custom_container custom_container--big custom_container--banner\">\n\t\n<div class=\"wp-bootstrap-blocks-row row custom_row custom_row--center\">\n\t\n\n<div class=\"col-12 col-md-12 custom_slider custom-banner-img custom_slider__banner custom-banner-img\">\n\t\t\t\n\n<figure class=\"wp-block-image size-full\"><img loading=\"lazy\" decoding=\"async\" width=\"2048\" height=\"600\" src=\"https:\/\/www.orfix.com\/wp-content\/uploads\/2020\/09\/orfix-Karte-mit-Irland-web-en.jpg\" alt=\"\" class=\"wp-image-33359\" srcset=\"https:\/\/www.orfix.com\/wp-content\/uploads\/2020\/09\/orfix-Karte-mit-Irland-web-en.jpg 2048w, https:\/\/www.orfix.com\/wp-content\/uploads\/2020\/09\/orfix-Karte-mit-Irland-web-en-768x225.jpg 768w, https:\/\/www.orfix.com\/wp-content\/uploads\/2020\/09\/orfix-Karte-mit-Irland-web-en-1536x450.jpg 1536w\" sizes=\"auto, (max-width: 2048px) 100vw, 2048px\" \/><\/figure>\n\n\n\n\n\t<\/div>\n\n<\/div>\n\n<\/div>\n\n\n<div class=\"wp-bootstrap-blocks-container container-fluid mb-5 custom_container custom_container--small\">\n\t\n<div class=\"wp-bootstrap-blocks-row row\">\n\t\n\n<div class=\"col-12 col-md-12\">\n\t\t\t\n\n<h1 class=\"wp-block-heading\" style=\"font-size:30px\">orfix Filiali &amp; Partners<\/h1>\n\n\n\n<p class=\"has-medium-font-size\">orfix gestisce delle aziende di produzione e di distribuzione in Italia, Germania, Francia, Polonia e Serbia. In diversi altri paesi potete acquistare i prodotti e le soluzioni orfix tramite i rivenditori autorizzati. Se si tratta di sicurezza e valori, contattateci.<\/p>\n\n\t<\/div>\n\n<\/div>\n\n<\/div>\n\n\n<div class=\"wp-bootstrap-blocks-container container-fluid mb-5 custom_container custom_container--small\">\n\t\n<div class=\"wp-bootstrap-blocks-row row\">\n\t\n\n<div class=\"col-12 col-md-6\">\n\t\t\t\n\n<figure class=\"wp-block-image size-large\"><img loading=\"lazy\" decoding=\"async\" width=\"365\" height=\"257\" src=\"https:\/\/www.orfix.com\/wp-content\/uploads\/2020\/11\/Overviewblock_about-us_locationen_germany.jpg\" alt=\"\" class=\"wp-image-6634\" srcset=\"https:\/\/www.orfix.com\/wp-content\/uploads\/2020\/11\/Overviewblock_about-us_locationen_germany.jpg 365w, https:\/\/www.orfix.com\/wp-content\/uploads\/2020\/11\/Overviewblock_about-us_locationen_germany-300x211.jpg 300w\" sizes=\"auto, (max-width: 365px) 100vw, 365px\" \/><\/figure>\n\n\t<\/div>\n\n\n\n<div class=\"col-12 col-md-6\">\n\t\t\t\n\n<h2 class=\"wp-block-heading\" style=\"font-size:30px\">orfix International GmbH \u00b7 GERMANY&nbsp;<\/h2>\n\n\n\n<p class=\"has-medium-font-size\">Rottorfer&nbsp;Stra\u00dfe 8 \u00b7 D-21449 Radbruch&nbsp;<\/p>\n\n\n\n<p class=\"has-medium-font-size\">Tel. <a href=\"tel:+49417881840\">+49 (0) 41 78 &#8211; 81 84 &#8211; 0<\/a> <\/p>\n\n\n\n<p class=\"has-medium-font-size\">Fax +49 (0) 41 78 &#8211; 81 84 &#8211; 99&nbsp;<\/p>\n\n\n\n<p class=\"has-medium-font-size\"><a href=\"mailto:info@orfix.de\">info@orfix.de<\/a> \u00b7&nbsp;<a href=\"https:\/\/www.orfix.com\/it\/\" target=\"_blank\" rel=\"noreferrer noopener\">www.orfix.com<\/a>&nbsp;<\/p>\n\n\t<\/div>\n\n<\/div>\n\n<\/div>\n\n\n<div class=\"wp-bootstrap-blocks-container container-fluid mb-5 custom_container custom_container--small\">\n\t\n<div class=\"wp-bootstrap-blocks-row row\">\n\t\n\n<div class=\"col-12 col-md-6\">\n\t\t\t\n\n<figure class=\"wp-block-image size-large\"><img loading=\"lazy\" decoding=\"async\" width=\"365\" height=\"257\" src=\"https:\/\/www.orfix.com\/wp-content\/uploads\/2020\/11\/Overviewblock_about-us_locationen_france.jpg\" alt=\"\" class=\"wp-image-6662\" srcset=\"https:\/\/www.orfix.com\/wp-content\/uploads\/2020\/11\/Overviewblock_about-us_locationen_france.jpg 365w, https:\/\/www.orfix.com\/wp-content\/uploads\/2020\/11\/Overviewblock_about-us_locationen_france-300x211.jpg 300w\" sizes=\"auto, (max-width: 365px) 100vw, 365px\" \/><\/figure>\n\n\t<\/div>\n\n\n\n<div class=\"col-12 col-md-6\">\n\t\t\t\n\n<h2 class=\"wp-block-heading\" style=\"font-size:30px\">orfix France SA \u00b7 FRANCE&nbsp;<\/h2>\n\n\n\n<p class=\"has-medium-font-size\">ZI de Maubech \u00b7 FR-19250 Meymac<\/p>\n\n\n\n<p class=\"has-medium-font-size\">Tel. <a href=\"tel:+33820229099\">+33 (0) 820 22 90 99<\/a> <\/p>\n\n\n\n<p class=\"has-medium-font-size\">Fax +33 (0) 5 55 95 26 48&nbsp;<\/p>\n\n\n\n<p class=\"has-medium-font-size\"><a href=\"mailto:info@orfix.fr\">info@orfix.fr<\/a> \u00b7&nbsp;<a href=\"https:\/\/www.orfix.com\/it\/\" target=\"_blank\" rel=\"noreferrer noopener\">www.orfix.com<\/a>&nbsp;<\/p>\n\n\t<\/div>\n\n<\/div>\n\n<\/div>\n\n\n<div class=\"wp-bootstrap-blocks-container container-fluid mb-5 custom_container custom_container--small\">\n\t\n<div class=\"wp-bootstrap-blocks-row row\">\n\t\n\n<div class=\"col-12 col-md-6\">\n\t\t\t\n\n<figure class=\"wp-block-image size-full\"><img loading=\"lazy\" decoding=\"async\" width=\"365\" height=\"257\" src=\"https:\/\/www.orfix.com\/wp-content\/uploads\/2026\/02\/Overviewblock_about-us_locationen_ireland-1.jpg\" alt=\"\" class=\"wp-image-33501\"\/><\/figure>\n\n\t<\/div>\n\n\n\n<div class=\"col-12 col-md-6\">\n\t\t\t\n\n<h2 class=\"wp-block-heading\" style=\"font-size:30px\">orfix NJB Packaging \u00b7 IRLAND&nbsp;&nbsp;<\/h2>\n\n\n\n<p class=\"has-medium-font-size\">Unit F6 Maynooth Business Campus&nbsp;\u00b7 Straffan Rd, Maynooth, Co. Kildare \u00b7 W23 F9F4 Irland<\/p>\n\n\n\n<p class=\"has-medium-font-size\">Tel. <a href=\"tel:+33820229099\" class=\"ek-link\"><a href=\"tel:+33820229099\" class=\"ek-link\">+3<\/a><\/a><a href=\"tel:+35316106449\" class=\"ek-link\">53 (0) 1 610 64<\/a><a href=\"tel:+33820229099\" class=\"ek-link\">49<\/a><\/p>\n\n\n\n<p class=\"has-medium-font-size\"><a href=\"mailto:info@orfix.fr\" class=\"ek-link\">info@njb.ie<\/a> \u00b7&nbsp;<a href=\"https:\/\/www.orfix.com\/it\/\" target=\"_blank\" rel=\"noreferrer noopener\" class=\"ek-link\">www.njb.ie<\/a>&nbsp;<\/p>\n\n\t<\/div>\n\n<\/div>\n\n<\/div>\n\n\n<div class=\"wp-bootstrap-blocks-container container-fluid mb-5 custom_container custom_container--small\">\n\t\n<div class=\"wp-bootstrap-blocks-row row\">\n\t\n\n<div class=\"col-12 col-md-6\">\n\t\t\t\n\n<figure class=\"wp-block-image size-large\"><img loading=\"lazy\" decoding=\"async\" width=\"365\" height=\"257\" src=\"https:\/\/www.orfix.com\/wp-content\/uploads\/2020\/12\/Overviewblock_about-us_locationen_italy2.jpg\" alt=\"\" class=\"wp-image-12811\" srcset=\"https:\/\/www.orfix.com\/wp-content\/uploads\/2020\/12\/Overviewblock_about-us_locationen_italy2.jpg 365w, https:\/\/www.orfix.com\/wp-content\/uploads\/2020\/12\/Overviewblock_about-us_locationen_italy2-300x211.jpg 300w\" sizes=\"auto, (max-width: 365px) 100vw, 365px\" \/><\/figure>\n\n\t<\/div>\n\n\n\n<div class=\"col-12 col-md-6\">\n\t\t\t\n\n<h2 class=\"wp-block-heading\" style=\"font-size:30px\">orfix Italia&nbsp;s.r.l. \u00b7 ITALIA&nbsp;<\/h2>\n\n\n\n<p class=\"has-medium-font-size\">Via Leone XIII, 95 \u00b7 IT-00165 Roma (RM)&nbsp;<\/p>\n\n\n\n<p class=\"has-medium-font-size\">Tel. <a href=\"tel:+390639870216\">+39 06 39 87&nbsp;02 16&nbsp;<\/a><\/p>\n\n\n\n<p class=\"has-medium-font-size\"><a href=\"mailto:info@orfix.it\">info@orfix.it<\/a> \u00b7&nbsp;<a href=\"https:\/\/www.orfix.com\/it\/\" target=\"_blank\" rel=\"noreferrer noopener\">www.orfix.com<\/a>&nbsp;<\/p>\n\n\t<\/div>\n\n<\/div>\n\n<\/div>\n\n\n<div class=\"wp-bootstrap-blocks-container container-fluid mb-5 custom_container custom_container--small\">\n\t\n<div class=\"wp-bootstrap-blocks-row row\">\n\t\n\n<div class=\"col-12 col-md-6\">\n\t\t\t\n\n<figure class=\"wp-block-image size-large\"><img loading=\"lazy\" decoding=\"async\" width=\"365\" height=\"257\" src=\"https:\/\/www.orfix.com\/wp-content\/uploads\/2020\/12\/Overviewblock_about-us_locationen_poland2.jpg\" alt=\"\" class=\"wp-image-12818\" srcset=\"https:\/\/www.orfix.com\/wp-content\/uploads\/2020\/12\/Overviewblock_about-us_locationen_poland2.jpg 365w, https:\/\/www.orfix.com\/wp-content\/uploads\/2020\/12\/Overviewblock_about-us_locationen_poland2-300x211.jpg 300w\" sizes=\"auto, (max-width: 365px) 100vw, 365px\" \/><\/figure>\n\n\t<\/div>\n\n\n\n<div class=\"col-12 col-md-6\">\n\t\t\t\n\n<h2 class=\"wp-block-heading\" style=\"font-size:30px\">orfix&nbsp;Polska&nbsp;Sp. z&nbsp;o.o.&nbsp;sp.k. \u00b7 POLSKA&nbsp;<\/h2>\n\n\n\n<p class=\"has-medium-font-size\">ul. Kartuska 462 \u00b7 PL-80-298 Gda\u0144sk<\/p>\n\n\n\n<p class=\"has-medium-font-size\">Tel. <a href=\"tel:+48585110655\">+48 (0) 58 &#8211; 511 06 55<\/a>  <\/p>\n\n\n\n<p class=\"has-medium-font-size\">Fax +48 (0) 58 &#8211; 511 06 57&nbsp;<\/p>\n\n\n\n<p class=\"has-medium-font-size\"><a href=\"mailto:info@orfix.pl\">info@orfix.pl<\/a> \u00b7&nbsp;<a href=\"https:\/\/www.orfix.com\/it\/\" target=\"_blank\" rel=\"noreferrer noopener\">www.orfix.com<\/a>&nbsp;<\/p>\n\n\t<\/div>\n\n<\/div>\n\n<\/div>\n\n\n<div class=\"wp-bootstrap-blocks-container container-fluid mb-5 custom_container custom_container--small\">\n\t\n<div class=\"wp-bootstrap-blocks-row row\">\n\t\n\n<div class=\"col-12 col-md-6\">\n\t\t\t\n\n<figure class=\"wp-block-image size-large\"><img loading=\"lazy\" decoding=\"async\" width=\"365\" height=\"257\" src=\"https:\/\/www.orfix.com\/wp-content\/uploads\/2020\/12\/Overviewblock_about-us_locationen_serbia2.jpg\" alt=\"\" class=\"wp-image-12843\" srcset=\"https:\/\/www.orfix.com\/wp-content\/uploads\/2020\/12\/Overviewblock_about-us_locationen_serbia2.jpg 365w, https:\/\/www.orfix.com\/wp-content\/uploads\/2020\/12\/Overviewblock_about-us_locationen_serbia2-300x211.jpg 300w\" sizes=\"auto, (max-width: 365px) 100vw, 365px\" \/><\/figure>\n\n\t<\/div>\n\n\n\n<div class=\"col-12 col-md-6\">\n\t\t\t\n\n<h2 class=\"wp-block-heading\" style=\"font-size:30px\">orfix doo \u00b7 SERBIA&nbsp;<\/h2>\n\n\n\n<p class=\"has-medium-font-size\">Rumenacki put bb \u00b7 RS-21000 Novi Sad<\/p>\n\n\n\n<p class=\"has-medium-font-size\">Tel. <a href=\"tel:+38121872999\">+381 (0) 63 267 909<\/a><\/p>\n\n\n\n<p class=\"has-medium-font-size\"><a href=\"mailto:info@orfix.rs\">info@orfix.rs<\/a> <\/p>\n\n\n\n<p class=\"has-medium-font-size\"><a href=\"https:\/\/www.orfix.com\/it\/\">www.orfix.com&nbsp;<\/a><\/p>\n\n\t<\/div>\n\n<\/div>\n\n<\/div>\n\n\n<div class=\"wp-bootstrap-blocks-container container-fluid mb-5 custom_container custom_container--middle\">\n\t\n<div class=\"wp-bootstrap-blocks-row row custom-row__cta-contact\">\n\t\n\n<div class=\"col-12 col-md-6\">\n\t\t\t\n\n<figure class=\"wp-block-image size-large advgb-dyn-6432cdba\"><img loading=\"lazy\" decoding=\"async\" width=\"471\" height=\"344\" src=\"https:\/\/www.orfix.com\/wp-content\/uploads\/2020\/10\/shutterstock_116283283_471x344px.jpg\" alt=\"\" class=\"wp-image-3327\" srcset=\"https:\/\/www.orfix.com\/wp-content\/uploads\/2020\/10\/shutterstock_116283283_471x344px.jpg 471w, https:\/\/www.orfix.com\/wp-content\/uploads\/2020\/10\/shutterstock_116283283_471x344px-300x219.jpg 300w, https:\/\/www.orfix.com\/wp-content\/uploads\/2020\/10\/shutterstock_116283283_471x344px-24x18.jpg 24w, https:\/\/www.orfix.com\/wp-content\/uploads\/2020\/10\/shutterstock_116283283_471x344px-36x26.jpg 36w, https:\/\/www.orfix.com\/wp-content\/uploads\/2020\/10\/shutterstock_116283283_471x344px-48x35.jpg 48w\" sizes=\"auto, (max-width: 471px) 100vw, 471px\" \/><figcaption class=\"wp-element-caption\">Contattaci<\/figcaption><\/figure>\n\n\t<\/div>\n\n\n\n<div class=\"col-12 col-md-6\">\n\t\t\t\n<div class=\"employeeblock\">\n    <figure class=\"employeeblock__item employeeblock__item--img\">\n        <img decoding=\"async\" src=\"\" alt=\"\" \/>\n    <\/figure>\n    <div class=\"employeeblock__item employeeblock__item--content\">\n        <h2 class=\"name\">Customer Service<\/h2>\n        <p class=\"position\"><\/p>\n        <p><a class=\"link link--has-icon link--has-icon--mail\" href=\"mailto:info@orfix.it\">info@orfix.it<\/a><\/p>\n        <p><a class=\"link link--has-icon link--has-icon--tel\" href=\"tel:+390639870216\">+39 06 3987 0216<\/a><\/p>\n    <\/div>\n<\/div>\n\n\t<\/div>\n\n<\/div>\n\n<\/div>\n\n\n<div class=\"wp-bootstrap-blocks-container container-fluid mb-5 custom_container custom_container--middle\">\n\t\n<div class=\"wp-bootstrap-blocks-row row\">\n\t\n\n<div class=\"col-12 col-md-12\">\n\t\t\t\n\n<h2 class=\"wp-block-heading has-text-color advgb-dyn-a7701b6d\" style=\"color:#002855;font-size:30px\">orfix &#8211; il vostro specialista nella lavorazione di carta e polietilene<\/h2>\n\n\t<\/div>\n\n\n\n<div class=\"col-12 col-md-6\">\n\t\t\t\n\n<p class=\"has-medium-font-size\">Negli stabilimenti orfix ci dedichiamo allo sviluppo e alla produzione con tecniche all&#8217;avanguardia, mantenendo sempre un&#8217;attenzione particolare alle necessit\u00e0 individuali dei clienti, ma anche con responsabilit\u00e0 verso l&#8217;ambiente!<\/p>\n\n\n\n<p class=\"has-medium-font-size\">Mettiamo in pratica attivamente la sostenibilit\u00e0 con scelte quotidiane che preservino le risorse e cercando il pi\u00f9 possibile di essere CO2 neutrali. Questo \u00e8 ci\u00f2 che intendiamo nel nostro Gruppo con politica ambientale.<\/p>\n\n\n\n<p class=\"has-medium-font-size\">In quanto cliente orfix , riceverai qualit\u00e0 eccellente, costante e certificata. Ti ispireremo con la nostra innovazione e il nostro eccellente customer service.<\/p>\n\n\t<\/div>\n\n\n\n<div class=\"col-12 col-md-6\">\n\t\t\t\n\n<ul class=\"wp-block-list\">\n<li class=\"has-medium-font-size\">L&#8217;ampia gamma di prodotti standard orfix \u00e8 sempre disponibile a stock in pronta consegna.<\/li>\n\n\n\n<li class=\"has-medium-font-size\">orfix offre anche logistica e servizi personalizzati per i suoi clienti.<\/li>\n\n\n\n<li class=\"has-medium-font-size\">orfix \u00e8 in grado di produrre articoli con specifiche su richiesta, anche in piccole quantit\u00e0.<\/li>\n\n\n\n<li class=\"has-medium-font-size\">orfix offre una consulenza competente e personalizzata. Siamo ragiungibili tramite lo strumento <a href=\"\/it\/contact\/\">contact<\/a>, per telefono, e-mail o con visite di persona.<\/li>\n<\/ul>\n\n\t<\/div>\n\n<\/div>\n\n<\/div>\n\n\n\n<div style=\"height:20px\" aria-hidden=\"true\" class=\"wp-block-spacer\"><\/div>\n\n\n\n<figure class=\"wp-block-image size-full\"><img loading=\"lazy\" decoding=\"async\" width=\"2048\" height=\"600\" src=\"https:\/\/www.orfix.com\/wp-content\/uploads\/2024\/05\/orfix-Karte-2025-en.jpg\" alt=\"\" class=\"wp-image-32959\" srcset=\"https:\/\/www.orfix.com\/wp-content\/uploads\/2024\/05\/orfix-Karte-2025-en.jpg 2048w, https:\/\/www.orfix.com\/wp-content\/uploads\/2024\/05\/orfix-Karte-2025-en-768x225.jpg 768w, https:\/\/www.orfix.com\/wp-content\/uploads\/2024\/05\/orfix-Karte-2025-en-1536x450.jpg 1536w\" sizes=\"auto, (max-width: 2048px) 100vw, 2048px\" \/><\/figure>\n\n\n\n<p class=\"has-medium-font-size\">Saremmo lieti di offrirvi la nostra consulenza personalizzata!<br><strong>Il vostro partner competente con un&#8217;offerta completa per la gestione di valori da contare, imballare, trasportare o stoccare.<\/strong><\/p>\n\n\n\n<div style=\"height:20px\" aria-hidden=\"true\" class=\"wp-block-spacer\"><\/div>\n\n\n\n<div class=\"wp-block-buttons cta-banner-content__item is-layout-flex wp-block-buttons-is-layout-flex\">\n<div class=\"wp-block-button is-style-outline is-style-outline--1 advgb-dyn-830f02f0\"><a class=\"wp-block-button__link has-text-color has-medium-font-size has-custom-font-size wp-element-button\" href=\"\" style=\"border-radius:1px;color:#ba0c2f\" target=\"_blank\" rel=\"noreferrer noopener\"><strong>Contattaci<\/strong><\/a><\/div>\n\n\n\n<div class=\"wp-block-button btn__bg--red advgb-dyn-29a7399e\"><a class=\"wp-block-button__link has-white-color has-text-color has-background has-medium-font-size has-custom-font-size wp-element-button\" href=\"https:\/\/www.orfix.com\/it\/i-nostri-punti-di-eccellenza-prodotti\/\" style=\"border-radius:1px;background-color:#ba0c2f\" target=\"_blank\" rel=\"noreferrer noopener\"><strong>Prodotti<\/strong><\/a><\/div>\n\n\n\n<div class=\"wp-block-button btn__bg--red advgb-dyn-9cb8f791\"><a class=\"wp-block-button__link has-white-color has-text-color has-background has-medium-font-size has-custom-font-size wp-element-button\" href=\"https:\/\/shop.orfix.it\/\" style=\"border-radius:1px;background-color:#ba0c2f\" target=\"_blank\" rel=\"noreferrer noopener\"><strong>Webshop<\/strong><\/a><\/div>\n<\/div>\n\n\n\n<div style=\"height:20px\" aria-hidden=\"true\" class=\"wp-block-spacer\"><\/div>\n","protected":false},"excerpt":{"rendered":"<p><a class=\"btn btn-secondary understrap-read-more-link\" href=\"https:\/\/www.orfix.com\/it\/about-us\/filiali-partner\/\">Leggi tutto&#8230;<\/a><\/p>\n","protected":false},"author":36,"featured_media":0,"parent":1427,"menu_order":7,"comment_status":"closed","ping_status":"closed","template":"","meta":{"_acf_changed":false,"om_disable_all_campaigns":false,"inline_featured_image":false,"advgb_blocks_editor_width":"","advgb_blocks_columns_visual_guide":"","_monsterinsights_skip_tracking":false,"_monsterinsights_sitenote_active":false,"_monsterinsights_sitenote_note":"","_monsterinsights_sitenote_category":0,"_uf_show_specific_survey":0,"_uf_disable_surveys":false,"footnotes":""},"class_list":["post-7715","page","type-page","status-publish","hentry"],"acf":[],"aioseo_notices":[],"coauthors":[],"author_meta":{"author_link":"https:\/\/www.orfix.com\/it\/author\/mgendelmeyer\/","display_name":"Malte Gendelmeyer"},"relative_dates":{"created":"Pubblicato 6 anni fa","modified":"Aggiornato 2 mesi fa"},"absolute_dates":{"created":"Pubblicato il 9. Novembre 2020","modified":"Aggiornato il 5. Marzo 2026"},"absolute_dates_time":{"created":"Pubblicato il 9. Novembre 2020 17:06","modified":"Aggiornato il 5. Marzo 2026 12:20"},"featured_img_caption":"","featured_img":false,"series_order":"","_links":{"self":[{"href":"https:\/\/www.orfix.com\/it\/wp-json\/wp\/v2\/pages\/7715","targetHints":{"allow":["GET"]}}],"collection":[{"href":"https:\/\/www.orfix.com\/it\/wp-json\/wp\/v2\/pages"}],"about":[{"href":"https:\/\/www.orfix.com\/it\/wp-json\/wp\/v2\/types\/page"}],"author":[{"embeddable":true,"href":"https:\/\/www.orfix.com\/it\/wp-json\/wp\/v2\/users\/36"}],"replies":[{"embeddable":true,"href":"https:\/\/www.orfix.com\/it\/wp-json\/wp\/v2\/comments?post=7715"}],"version-history":[{"count":16,"href":"https:\/\/www.orfix.com\/it\/wp-json\/wp\/v2\/pages\/7715\/revisions"}],"predecessor-version":[{"id":33625,"href":"https:\/\/www.orfix.com\/it\/wp-json\/wp\/v2\/pages\/7715\/revisions\/33625"}],"up":[{"embeddable":true,"href":"https:\/\/www.orfix.com\/it\/wp-json\/wp\/v2\/pages\/1427"}],"wp:attachment":[{"href":"https:\/\/www.orfix.com\/it\/wp-json\/wp\/v2\/media?parent=7715"}],"curies":[{"name":"wp","href":"https:\/\/api.w.org\/{rel}","templated":true}]}}