{"id":7675,"date":"2020-11-09T16:55:22","date_gmt":"2020-11-09T15:55:22","guid":{"rendered":"http:\/\/orfix.netzkunst24.de\/?page_id=7675"},"modified":"2026-05-14T05:03:43","modified_gmt":"2026-05-14T03:03:43","slug":"sustainability-concept","status":"publish","type":"page","link":"https:\/\/www.orfix.com\/it\/about-us\/sustainability-concept\/","title":{"rendered":"Concetto di ecologia"},"content":{"rendered":"<div class=\"wp-bootstrap-blocks-container container-fluid mb-5 custom_container custom_container--big custom_container--banner\">\n\t\n<div class=\"wp-bootstrap-blocks-row row custom_row custom_row--center\">\n\t\n\n<div class=\"col-12 col-md-12 custom_slider custom_slider__banner custom-banner-img\">\n\t\t\t\n\n<figure class=\"wp-block-image size-full desktop-banner\"><img loading=\"lazy\" decoding=\"async\" width=\"2560\" height=\"692\" src=\"https:\/\/www.orfix.com\/wp-content\/uploads\/2024\/06\/orfix_Header_Banner_eco-concept_IT_1024x277-scaled.jpg\" alt=\"Concept ecologico di Orfix con mappa del mondo e icone per la sostenibilit\u00e0\" class=\"wp-image-28279\" srcset=\"https:\/\/www.orfix.com\/wp-content\/uploads\/2024\/06\/orfix_Header_Banner_eco-concept_IT_1024x277-scaled.jpg 2560w, https:\/\/www.orfix.com\/wp-content\/uploads\/2024\/06\/orfix_Header_Banner_eco-concept_IT_1024x277-768x208.jpg 768w, https:\/\/www.orfix.com\/wp-content\/uploads\/2024\/06\/orfix_Header_Banner_eco-concept_IT_1024x277-1536x415.jpg 1536w, https:\/\/www.orfix.com\/wp-content\/uploads\/2024\/06\/orfix_Header_Banner_eco-concept_IT_1024x277-2048x554.jpg 2048w\" sizes=\"auto, (max-width: 2560px) 100vw, 2560px\" \/><\/figure>\n\n\n\n\n\t<\/div>\n\n<\/div>\n\n\n<div class=\"wp-bootstrap-blocks-row row custom_row custom_row--center\">\n\t\n\n<div class=\"col-12 col-md-12 custom_slider custom_slider__banner custom-banner-img\">\n\t\t\t\n\n<figure class=\"wp-block-image size-full mobile-banner\"><img loading=\"lazy\" decoding=\"async\" width=\"2560\" height=\"2021\" src=\"https:\/\/www.orfix.com\/wp-content\/uploads\/2024\/06\/orfix_Mobile_Banner_Eco_Concept_IT_760x650-scaled.jpg\" alt=\"Globo di vetro su foglie simboleggia l'ecologia e la sostenibilit\u00e0\" class=\"wp-image-28286\" srcset=\"https:\/\/www.orfix.com\/wp-content\/uploads\/2024\/06\/orfix_Mobile_Banner_Eco_Concept_IT_760x650-scaled.jpg 2560w, https:\/\/www.orfix.com\/wp-content\/uploads\/2024\/06\/orfix_Mobile_Banner_Eco_Concept_IT_760x650-768x606.jpg 768w, https:\/\/www.orfix.com\/wp-content\/uploads\/2024\/06\/orfix_Mobile_Banner_Eco_Concept_IT_760x650-1536x1213.jpg 1536w, https:\/\/www.orfix.com\/wp-content\/uploads\/2024\/06\/orfix_Mobile_Banner_Eco_Concept_IT_760x650-2048x1617.jpg 2048w\" sizes=\"auto, (max-width: 2560px) 100vw, 2560px\" \/><\/figure>\n\n\n\n\n\t<\/div>\n\n<\/div>\n\n<\/div>\n\n\n<div class=\"wp-bootstrap-blocks-container container-fluid mb-3 custom_container custom_container--small\">\n\t\n<div class=\"wp-bootstrap-blocks-row row\">\n\t\n\n<div class=\"col-12\">\n\t\t\t\n\n<h1 class=\"wp-block-heading\" style=\"font-size:30px\">Concetto di ecologia <\/h1>\n\n\t<\/div>\n\n\n\n<div class=\"col-12 col-md-12\">\n\t\t\t\n\n<h2 class=\"wp-block-heading\">Preambolo<\/h2>\n\n\n\n<p>In tempi di cambiamenti climatici continui, di carenza globale di risorse e di messa in pericolo delle basi naturali della vita, le azioni sociali e individuali devono sempre essere misurate in base al principio della sostenibilit\u00e0.<\/p>\n\n\n\n<p>L&#8217;immagine dell&#8217;azienda orfix International GmbH comprende la percezione consapevole della responsabilit\u00e0 sociale e la gestione coscienziosa delle risorse e dell&#8217;ambiente al di l\u00e0 dei requisiti legali.<\/p>\n\n\n\n<p>Le seguenti linee guida servono come base.<\/p>\n\n\t<\/div>\n\n<\/div>\n\n<\/div>\n\n\n<div class=\"wp-bootstrap-blocks-container container-fluid mb-3 custom_container custom_container--small\">\n\t\n<div class=\"wp-bootstrap-blocks-row row\">\n\t\n\n<div class=\"col-12\">\n\t\t\t\n\n<h2 class=\"wp-block-heading\">Consumo di risorse<\/h2>\n\n\n\n<p>La priorit\u00e0 \u00e8 utilizzare tutte le risorse (materie prime, energia, spazio) in modo efficiente ed economico. L&#8217;azienda si impegna a ridurre l&#8217;uso di materiali, a realizzare un alto livello di riciclaggio e a preferire prodotti riciclati al momento dell&#8217;acquisto di nuovi prodotti.<\/p>\n\n\t<\/div>\n\n<\/div>\n\n<\/div>\n\n\n<div class=\"wp-bootstrap-blocks-container container-fluid mb-3 custom_container custom_container--small\">\n\t\n<div class=\"wp-bootstrap-blocks-row row\">\n\t\n\n<div class=\"col-12\">\n\t\t\t\n\n<h2 class=\"wp-block-heading\">Inquinamento ambientale<\/h2>\n\n\n\n<p>orfix International cerca costantemente di evitare fin dall&#8217;inizio gli effetti negativi sull&#8217;ambiente (acque reflue, rumore, rifiuti, aria di scarico) o, se ci\u00f2 non \u00e8 possibile, di ridurli al minimo.<\/p>\n\n\t<\/div>\n\n<\/div>\n\n<\/div>\n\n\n<div class=\"wp-bootstrap-blocks-container container-fluid mb-3 custom_container custom_container--small\">\n\t\n<div class=\"wp-bootstrap-blocks-row row\">\n\t\n\n<div class=\"col-12\">\n\t\t\t\n\n<h2 class=\"wp-block-heading\">Formazione e coinvolgimento dei dipendenti<\/h2>\n\n\n\n<p>Dipendenti motivati e qualificati contribuiscono in modo significativo al successo dell&#8217;azienda. orfix International offre ai propri dipendenti una formazione avanzata sia a livello tecnico che nel campo dello sviluppo della personalit\u00e0.<\/p>\n\n\n\n<p>Il processo CIP (Continuous Improvement Process) \u00e8 diffuso in tutti i reparti e contribuisce a garantire che i dipendenti siano coinvolti nelle loro aree di competenza e invitati a identificare, comunicare e implementare possibili miglioramenti.<\/p>\n\n\t<\/div>\n\n<\/div>\n\n<\/div>\n\n\n<div class=\"wp-bootstrap-blocks-container container-fluid mb-3 custom_container custom_container--small\">\n\t\n<div class=\"wp-bootstrap-blocks-row row\">\n\t\n\n<div class=\"col-12\">\n\t\t\t\n\n<h2 class=\"wp-block-heading\">Finanziamento del progetto<\/h2>\n\n\n\n<p>La direzione di orfix International si assume la responsabilit\u00e0, coordina e sostiene finanziariamente progetti con l&#8217;obiettivo dello sviluppo sostenibile. L&#8217;idea dell&#8217;interdisciplinariet\u00e0 \u00e8 molto importante e viene inclusa come criterio nelle decisioni sulle spese di investimento.<\/p>\n\n\t<\/div>\n\n<\/div>\n\n<\/div>\n\n\n<div class=\"wp-bootstrap-blocks-container container-fluid mb-3 custom_container custom_container--small\">\n\t\n<div class=\"wp-bootstrap-blocks-row row\">\n\t\n\n<div class=\"col-12\">\n\t\t\t\n\n<h2 class=\"wp-block-heading\">Acquisti e investimenti<\/h2>\n\n\n\n<p>I criteri di sostenibilit\u00e0 vengono rispettati per gli investimenti e gli acquisti di qualsiasi tipo, comprese le materie prime.Vengono privilegiate le varianti rispettose dell&#8217;ambiente.<\/p>\n\n\n\n<p>Inoltre, l&#8217;azienda desidera incoraggiare i propri fornitori e partner contrattuali a migliorare l&#8217;ambiente.<\/p>\n\n\t<\/div>\n\n<\/div>\n\n<\/div>\n\n\n<div class=\"wp-bootstrap-blocks-container container-fluid mb-3 custom_container custom_container--small\">\n\t\n<div class=\"wp-bootstrap-blocks-row row\">\n\t\n\n<div class=\"col-12\">\n\t\t\t\n\n<h2 class=\"wp-block-heading\">Plastica nell&#8217;imballaggio<\/h2>\n\n\n\n<p>La plastica utilizzata per le safebag deve soddisfare severi requisiti legali nazionali e internazionali.<\/p>\n\n\n\n<p>La plastica utilizzata soddisfa questi requisiti e si \u00e8 affermata come materiale di imballaggio quasi indispensabile. La sua versatilit\u00e0 si manifesta in una grande variet\u00e0 di modi, ad esempio con pellicole di imballaggio sottili ma sicure. Ottimizzando le materie prime, lo spessore del film deve essere ridotto per utilizzare il minor numero possibile di materie prime.<\/p>\n\n\n\n<p>La plastica \u00e8 leggera. Un imballaggio leggero significa meno peso durante il trasporto. E meno si trasporta, meno energia \u00e8 necessaria per il trasporto. Un contributo efficace alla protezione delle risorse e del clima.<\/p>\n\n\t<\/div>\n\n<\/div>\n\n<\/div>\n\n\n<div class=\"wp-bootstrap-blocks-container container-fluid mb-5 custom_container custom_container--small\">\n\t\n<div class=\"wp-bootstrap-blocks-row row\">\n\t\n\n<div class=\"col-12\">\n\t\t\t\n\n<h2 class=\"wp-block-heading\">Costruzione<\/h2>\n\n\n\n<p>In tutte le misure strutturali, gli aspetti ecologici vengono pianificati fin dall&#8217;inizio. Si cerca di utilizzare materiali ecocompatibili, di ottimizzare lo spazio e di gestire le risorse in futuro in modo efficiente.<\/p>\n\n\n\n<p>Anche la manutenzione delle aree verdi e degli specchi d&#8217;acqua avviene nel rispetto dell&#8217;ambiente. La generazione e l&#8217;utilizzo di energie rinnovabili hanno un&#8217;alta priorit\u00e0. A lungo termine, si cerca di ottenere un approvvigionamento energetico il pi\u00f9 possibile autosufficiente.<\/p>\n\n\n\n<p>Ottobre 2020<\/p>\n\n\t<\/div>\n\n<\/div>\n\n<\/div>\n\n\n<div class=\"wp-bootstrap-blocks-container container-fluid mb-5 custom_container custom_container--middle\">\n\t\n<div class=\"wp-bootstrap-blocks-row row custom-row__cta-contact\">\n\t\n\n<div class=\"col-12 col-md-6\">\n\t\t\t\n\n<figure class=\"wp-block-image size-large advgb-dyn-6432cdba\"><img loading=\"lazy\" decoding=\"async\" width=\"471\" height=\"344\" src=\"https:\/\/www.orfix.com\/wp-content\/uploads\/2020\/10\/shutterstock_116283283_471x344px.jpg\" alt=\"\" class=\"wp-image-3327\" srcset=\"https:\/\/www.orfix.com\/wp-content\/uploads\/2020\/10\/shutterstock_116283283_471x344px.jpg 471w, https:\/\/www.orfix.com\/wp-content\/uploads\/2020\/10\/shutterstock_116283283_471x344px-300x219.jpg 300w, https:\/\/www.orfix.com\/wp-content\/uploads\/2020\/10\/shutterstock_116283283_471x344px-24x18.jpg 24w, https:\/\/www.orfix.com\/wp-content\/uploads\/2020\/10\/shutterstock_116283283_471x344px-36x26.jpg 36w, https:\/\/www.orfix.com\/wp-content\/uploads\/2020\/10\/shutterstock_116283283_471x344px-48x35.jpg 48w\" sizes=\"auto, (max-width: 471px) 100vw, 471px\" \/><figcaption class=\"wp-element-caption\">Contattaci<\/figcaption><\/figure>\n\n\t<\/div>\n\n\n\n<div class=\"col-12 col-md-6\">\n\t\t\t\n<div class=\"employeeblock\">\n    <figure class=\"employeeblock__item employeeblock__item--img\">\n        <img decoding=\"async\" src=\"\" alt=\"\" \/>\n    <\/figure>\n    <div class=\"employeeblock__item employeeblock__item--content\">\n        <h2 class=\"name\">Customer Service<\/h2>\n        <p class=\"position\"><\/p>\n        <p><a class=\"link link--has-icon link--has-icon--mail\" href=\"mailto:info@orfix.it\">info@orfix.it<\/a><\/p>\n        <p><a class=\"link link--has-icon link--has-icon--tel\" href=\"tel:+390639870216\">+39 06 3987 0216<\/a><\/p>\n    <\/div>\n<\/div>\n\n\t<\/div>\n\n<\/div>\n\n<\/div>\n\n\n\n<div style=\"height:20px\" aria-hidden=\"true\" class=\"wp-block-spacer\"><\/div>\n\n\n\n<figure class=\"wp-block-image size-full\"><img loading=\"lazy\" decoding=\"async\" width=\"2048\" height=\"600\" src=\"https:\/\/www.orfix.com\/wp-content\/uploads\/2024\/05\/orfix-Karte-2025-en.jpg\" alt=\"\" class=\"wp-image-32959\" srcset=\"https:\/\/www.orfix.com\/wp-content\/uploads\/2024\/05\/orfix-Karte-2025-en.jpg 2048w, https:\/\/www.orfix.com\/wp-content\/uploads\/2024\/05\/orfix-Karte-2025-en-768x225.jpg 768w, https:\/\/www.orfix.com\/wp-content\/uploads\/2024\/05\/orfix-Karte-2025-en-1536x450.jpg 1536w\" sizes=\"auto, (max-width: 2048px) 100vw, 2048px\" \/><\/figure>\n\n\n\n<p class=\"has-medium-font-size\">Saremmo lieti di offrirvi la nostra consulenza personalizzata!<br><strong>Il vostro partner competente con un&#8217;offerta completa per la gestione di valori da contare, imballare, trasportare o stoccare.<\/strong><\/p>\n\n\n\n<div style=\"height:20px\" aria-hidden=\"true\" class=\"wp-block-spacer\"><\/div>\n\n\n\n<div class=\"wp-block-buttons cta-banner-content__item is-layout-flex wp-block-buttons-is-layout-flex\">\n<div class=\"wp-block-button is-style-outline is-style-outline--1 advgb-dyn-830f02f0\"><a class=\"wp-block-button__link has-text-color has-medium-font-size has-custom-font-size wp-element-button\" href=\"\" style=\"border-radius:1px;color:#ba0c2f\" target=\"_blank\" rel=\"noreferrer noopener\"><strong>Contattaci<\/strong><\/a><\/div>\n\n\n\n<div class=\"wp-block-button btn__bg--red advgb-dyn-29a7399e\"><a class=\"wp-block-button__link has-white-color has-text-color has-background has-medium-font-size has-custom-font-size wp-element-button\" href=\"https:\/\/www.orfix.com\/it\/i-nostri-punti-di-eccellenza-prodotti\/\" style=\"border-radius:1px;background-color:#ba0c2f\" target=\"_blank\" rel=\"noreferrer noopener\"><strong>Prodotti<\/strong><\/a><\/div>\n\n\n\n<div class=\"wp-block-button btn__bg--red advgb-dyn-9cb8f791\"><a class=\"wp-block-button__link has-white-color has-text-color has-background has-medium-font-size has-custom-font-size wp-element-button\" href=\"https:\/\/shop.orfix.it\/\" style=\"border-radius:1px;background-color:#ba0c2f\" target=\"_blank\" rel=\"noreferrer noopener\"><strong>Webshop<\/strong><\/a><\/div>\n<\/div>\n\n\n\n<div style=\"height:20px\" aria-hidden=\"true\" class=\"wp-block-spacer\"><\/div>\n","protected":false},"excerpt":{"rendered":"<p><a class=\"btn btn-secondary understrap-read-more-link\" href=\"https:\/\/www.orfix.com\/it\/about-us\/sustainability-concept\/\">Leggi tutto&#8230;<\/a><\/p>\n","protected":false},"author":36,"featured_media":0,"parent":1427,"menu_order":3,"comment_status":"closed","ping_status":"closed","template":"","meta":{"_acf_changed":false,"om_disable_all_campaigns":false,"inline_featured_image":false,"advgb_blocks_editor_width":"","advgb_blocks_columns_visual_guide":"","_monsterinsights_skip_tracking":false,"_monsterinsights_sitenote_active":false,"_monsterinsights_sitenote_note":"","_monsterinsights_sitenote_category":0,"_uf_show_specific_survey":0,"_uf_disable_surveys":false,"footnotes":""},"class_list":["post-7675","page","type-page","status-publish","hentry"],"acf":[],"aioseo_notices":[],"coauthors":[],"author_meta":{"author_link":"https:\/\/www.orfix.com\/it\/author\/mgendelmeyer\/","display_name":"Malte Gendelmeyer"},"relative_dates":{"created":"Pubblicato 6 anni fa","modified":"Aggiornato 3 giorni fa"},"absolute_dates":{"created":"Pubblicato il 9. Novembre 2020","modified":"Aggiornato il 14. Maggio 2026"},"absolute_dates_time":{"created":"Pubblicato il 9. Novembre 2020 16:55","modified":"Aggiornato il 14. Maggio 2026 5:03"},"featured_img_caption":"","featured_img":false,"series_order":"","_links":{"self":[{"href":"https:\/\/www.orfix.com\/it\/wp-json\/wp\/v2\/pages\/7675","targetHints":{"allow":["GET"]}}],"collection":[{"href":"https:\/\/www.orfix.com\/it\/wp-json\/wp\/v2\/pages"}],"about":[{"href":"https:\/\/www.orfix.com\/it\/wp-json\/wp\/v2\/types\/page"}],"author":[{"embeddable":true,"href":"https:\/\/www.orfix.com\/it\/wp-json\/wp\/v2\/users\/36"}],"replies":[{"embeddable":true,"href":"https:\/\/www.orfix.com\/it\/wp-json\/wp\/v2\/comments?post=7675"}],"version-history":[{"count":6,"href":"https:\/\/www.orfix.com\/it\/wp-json\/wp\/v2\/pages\/7675\/revisions"}],"predecessor-version":[{"id":32160,"href":"https:\/\/www.orfix.com\/it\/wp-json\/wp\/v2\/pages\/7675\/revisions\/32160"}],"up":[{"embeddable":true,"href":"https:\/\/www.orfix.com\/it\/wp-json\/wp\/v2\/pages\/1427"}],"wp:attachment":[{"href":"https:\/\/www.orfix.com\/it\/wp-json\/wp\/v2\/media?parent=7675"}],"curies":[{"name":"wp","href":"https:\/\/api.w.org\/{rel}","templated":true}]}}