{"id":7655,"date":"2020-11-09T16:51:13","date_gmt":"2020-11-09T15:51:13","guid":{"rendered":"http:\/\/orfix.netzkunst24.de\/?page_id=7655"},"modified":"2024-05-26T16:46:11","modified_gmt":"2024-05-26T14:46:11","slug":"codice-di-condotta","status":"publish","type":"page","link":"https:\/\/www.orfix.com\/it\/about-us\/codice-di-condotta\/","title":{"rendered":"Codice di Condotta"},"content":{"rendered":"<div class=\"wp-bootstrap-blocks-container container-fluid mb-5 custom_container custom_container--big custom_container--banner\">\n\t\n<div class=\"wp-bootstrap-blocks-row row custom_row custom_row--center\">\n\t\n\n<div class=\"col-12 col-md-12 custom_slider custom-banner-img custom_slider__banner\">\n\t\t\t\n\n<figure class=\"wp-block-image size-full display-banner advgb-dyn-4a3c3feb\"><img loading=\"lazy\" decoding=\"async\" width=\"2560\" height=\"692\" src=\"https:\/\/www.orfix.com\/wp-content\/uploads\/2024\/05\/orfix_Header_Banner_Code-of-conduct_1024x277-1-scaled.jpg\" alt=\"\" class=\"wp-image-24010\" srcset=\"https:\/\/www.orfix.com\/wp-content\/uploads\/2024\/05\/orfix_Header_Banner_Code-of-conduct_1024x277-1-scaled.jpg 2560w, https:\/\/www.orfix.com\/wp-content\/uploads\/2024\/05\/orfix_Header_Banner_Code-of-conduct_1024x277-1-768x208.jpg 768w, https:\/\/www.orfix.com\/wp-content\/uploads\/2024\/05\/orfix_Header_Banner_Code-of-conduct_1024x277-1-1536x415.jpg 1536w, https:\/\/www.orfix.com\/wp-content\/uploads\/2024\/05\/orfix_Header_Banner_Code-of-conduct_1024x277-1-2048x554.jpg 2048w\" sizes=\"auto, (max-width: 2560px) 100vw, 2560px\" \/><\/figure>\n\n\n\n\n\t<\/div>\n\n<\/div>\n\n\n<div class=\"wp-bootstrap-blocks-row row custom_row custom_row--center\">\n\t\n\n<div class=\"col-12 col-md-12 custom_slider custom-banner-img custom_slider__banner\">\n\t\t\t\n\n<figure class=\"wp-block-image size-full mobile-banner advgb-dyn-00733e24\"><img loading=\"lazy\" decoding=\"async\" width=\"2560\" height=\"2021\" src=\"https:\/\/www.orfix.com\/wp-content\/uploads\/2024\/05\/orfix_Header_Banner_Commitment_DE_750x650-scaled.jpg\" alt=\"\" class=\"wp-image-24016\" srcset=\"https:\/\/www.orfix.com\/wp-content\/uploads\/2024\/05\/orfix_Header_Banner_Commitment_DE_750x650-scaled.jpg 2560w, https:\/\/www.orfix.com\/wp-content\/uploads\/2024\/05\/orfix_Header_Banner_Commitment_DE_750x650-768x606.jpg 768w, https:\/\/www.orfix.com\/wp-content\/uploads\/2024\/05\/orfix_Header_Banner_Commitment_DE_750x650-1536x1213.jpg 1536w, https:\/\/www.orfix.com\/wp-content\/uploads\/2024\/05\/orfix_Header_Banner_Commitment_DE_750x650-2048x1617.jpg 2048w\" sizes=\"auto, (max-width: 2560px) 100vw, 2560px\" \/><\/figure>\n\n\n\n\n\t<\/div>\n\n<\/div>\n\n<\/div>\n\n\n<div class=\"wp-bootstrap-blocks-container container-fluid mb-3 custom_container custom_container--small\">\n\t\n<div class=\"wp-bootstrap-blocks-row row\">\n\t\n\n<div class=\"col-12 col-md-12\">\n\t\t\t\n\n<h2 class=\"wp-block-heading has-large-font-size advgb-dyn-7d731993\">1. Scopo&nbsp;<\/h2>\n\n\n\n<p class=\"has-medium-font-size\">Questo codice di condotta rappresenta un impegno su base volontaria da parte di tutti gli impiegati e gli amministratori ad uniformarsi a dei comportamenti etici. In esso sono descritti i principi su cui si basano le nostre decisioni e le nostre azioni.&nbsp;<\/p>\n\n\n\n<p class=\"has-medium-font-size\">Il codice di condotta \u00e8 finalizzato ad una migliore comprensione dei nostri principi, cos\u00ec da agire coerentemente con essi e preservarli per il futuro.&nbsp;<\/p>\n\n\n\n<p class=\"has-medium-font-size\">Il codice di condotta si applica all\u2019intero gruppo orfix.&nbsp;&nbsp;&nbsp;<\/p>\n\n\t<\/div>\n\n<\/div>\n\n<\/div>\n\n\n<div class=\"wp-bootstrap-blocks-container container-fluid mb-3 custom_container custom_container--small\">\n\t\n<div class=\"wp-bootstrap-blocks-row row\">\n\t\n\n<div class=\"col-12 col-md-12\">\n\t\t\t\n\n<h2 class=\"wp-block-heading has-large-font-size advgb-dyn-42604a26\">2. Principi<\/h2>\n\n\n\n<h3 class=\"wp-block-heading has-medium-font-size advgb-dyn-9cfcd485\"><strong>2.1 Osservanza di leggi e normative\u00a0\u00a0\u00a0<\/strong><\/h3>\n\n\n\n<p class=\"has-medium-font-size\">Ci impegniamo a rispettare ogni legge o regolamento che si applichi a qualsiasi ambito del nostro lavoro, sia nel nostro Paese che nei Paesi in cui operiamo.&nbsp;<\/p>\n\n\n\n<h3 class=\"wp-block-heading has-medium-font-size advgb-dyn-a2956b23\"><strong>2.2. Il personale come volto dell\u2019azienda\u00a0<\/strong><\/h3>\n\n\n\n<p class=\"has-medium-font-size\">Siamo consapevoli che con il nostro comportamento sul lavoro possiamo contribuire ad un\u2019immagine positiva di orfix e che il successo dell\u2019azienda si basa sulle nostre azioni.&nbsp;<\/p>\n\n\n\n<p class=\"has-medium-font-size\">Tutti noi abbiamo il compito di osservare il codice di condotta aziendale, supportandone i principi e assicurandone la concreta messa in pratica attraverso le nostre azioni.&nbsp;<\/p>\n\n\n\n<p class=\"has-medium-font-size\">I dirigenti, in quanto modelli di comportamento e figure di supporto per gli impiegati, si impegnano a comportarsi eticamente in ogni circostanza.&nbsp;<\/p>\n\n\t<\/div>\n\n<\/div>\n\n<\/div>\n\n\n<div class=\"wp-bootstrap-blocks-container container-fluid mb-3 custom_container custom_container--small\">\n\t\n<div class=\"wp-bootstrap-blocks-row row\">\n\t\n\n<div class=\"col-12 col-md-12\">\n\t\t\t\n\n<h2 class=\"wp-block-heading has-large-font-size advgb-dyn-f3ca6a40\">3. Libera concorrenza e legislazione Anti-trust&nbsp;<\/h2>\n\n\n\n<p class=\"has-medium-font-size\">Crediamo nelle regole di una concorrenza corretta a beneficio di tutti i soggetti economici che operano nel mercato. La nostra azienda si impegna ad assicurare e incentivare una competitivit\u00e0 trasparente e libera. Questo principio \u00e8 alla base della esistente normativa anti-trust, cui orfix \u00e8 soggetta.&nbsp;<\/p>\n\n\t<\/div>\n\n<\/div>\n\n<\/div>\n\n\n<div class=\"wp-bootstrap-blocks-container container-fluid mb-3 custom_container custom_container--small\">\n\t\n<div class=\"wp-bootstrap-blocks-row row\">\n\t\n\n<div class=\"col-12 col-md-12\">\n\t\t\t\n\n<h2 class=\"wp-block-heading has-large-font-size advgb-dyn-9a236865\">4. Divieto di corruzione&nbsp;&nbsp;<\/h2>\n\n\n\n<p class=\"has-medium-font-size\">In orfix la corruzione non \u00e8 tollerata in nessuna forma. Concedere a terzi profitti in forme illegali, siano essi pubblici officiali o impiegati di aziende private, cos\u00ec come accettarne, \u00e8 categoricamente proibito in orfix, senza eccezione per nessuna circostanza particolare.&nbsp;<\/p>\n\n\t<\/div>\n\n<\/div>\n\n<\/div>\n\n\n<div class=\"wp-bootstrap-blocks-container container-fluid mb-3 custom_container custom_container--small\">\n\t\n<div class=\"wp-bootstrap-blocks-row row\">\n\t\n\n<div class=\"col-12 col-md-12\">\n\t\t\t\n\n<h2 class=\"wp-block-heading has-large-font-size advgb-dyn-0490d679\">5. Regali e conflitti d\u2019interesse&nbsp;&nbsp;<\/h2>\n\n\n\n<p class=\"has-medium-font-size\">E\u2019 obbligatoria una completa trasparenza in merito a qualsiasi tipo di regalo aziendale. Tale pratica, data la delicatezza dell\u2019argomento in quasi ogni contesto, \u00e8 generalmente proibita in orfix. L\u2019offerta o accettazione di regali di alto valore, somme di denaro o vantaggi finanziari \u00e8 strettamente vietata. Solo in casi eccezionali, regali di modesto valore possono essere accettati, fatta salva l\u2019assoluta gratuit\u00e0 e spontaneit\u00e0 degli stessi. Tali presenti dovrebbero riportare il logo aziendale.&nbsp;<\/p>\n\n\n\n<p class=\"has-medium-font-size\">Ogni decisione e attivit\u00e0 intrapresa in orfix deve essere libera da qualsiasi influenza da interessi privati o relazioni personali.&nbsp;<\/p>\n\n\n\n<p class=\"has-medium-font-size\">Qualsiasi situazione potenzialmente affetta da conflitto d\u2019interesse andrebbe evitata. In caso di dubbio, occorre consultare un responsabile di grado superiore.&nbsp;<\/p>\n\n\t<\/div>\n\n<\/div>\n\n<\/div>\n\n\n<div class=\"wp-bootstrap-blocks-container container-fluid mb-3 custom_container custom_container--small\">\n\t\n<div class=\"wp-bootstrap-blocks-row row\">\n\t\n\n<div class=\"col-12 col-md-12\">\n\t\t\t\n\n<h2 class=\"wp-block-heading has-large-font-size advgb-dyn-ed918501\">6. Responsabilit\u00e0 nella Gestione di dati contabili e finanziari&nbsp;&nbsp;<\/h2>\n\n\n\n<p class=\"has-medium-font-size\">Siamo consapevoli dell\u2019importanza di gestire documenti di tipo finanziario con la massima responsabilit\u00e0. Per tale motivo ci assicuriamo di rispettare le norme nazionali e internazionali a tale riguardo.&nbsp;<\/p>\n\n\n\n<p class=\"has-medium-font-size\">Forniamo ai nostri stakeholders resoconti finanziari basati su dati e informazioni aggiornate e opportunamente verificate.&nbsp;<\/p>\n\n\n\n<p class=\"has-medium-font-size\">Collaboriamo con spirito cooperativo con auditor interni ed esterni.&nbsp;<\/p>\n\n\t<\/div>\n\n<\/div>\n\n<\/div>\n\n\n<div class=\"wp-bootstrap-blocks-container container-fluid mb-5 custom_container custom_container--small\">\n\t\n<div class=\"wp-bootstrap-blocks-row row\">\n\t\n\n<div class=\"col-12 col-md-12\">\n\t\t\t\n\n<h2 class=\"wp-block-heading has-large-font-size advgb-dyn-d68fb727\">7. Informazioni confidenziali e protezione della propriet\u00e0 intellettuale&nbsp;<\/h2>\n\n\n\n<p class=\"has-medium-font-size\">Riconosciamo che la propriet\u00e0 intellettuale \u00e8 un valore fondamentale alla base del successo delle aziende. Per tale motivo \u00e8 necessario proteggere tale genere di informazioni. Per propriet\u00e0 intellettuale consideriamo invenzioni, prototipi di prodotti, formule, concept, informazioni sensibili su clienti e fornitori e qualsiasi altra forma di segreto commerciale.&nbsp;<\/p>\n\n\n\n<p class=\"has-medium-font-size\">I nostri database informatici sono altamente protetti da qualsiasi accesso non autorizzato. Le password vanno scelte sulla base di specifici requisiti di sicurezza, modificate regolarmente e non devono essere comunicate ad altri.&nbsp;<\/p>\n\n\n\n<p class=\"has-medium-font-size\">Ciascuno \u00e8 responsabile di garantire che le informazioni sul proprio personal computer non siano accessibili a nessuno. Utilizziamo le informazioni commerciali di cui disponiamo soltanto per lo svolgimento del nostro lavoro.&nbsp;<\/p>\n\n\t<\/div>\n\n<\/div>\n\n<\/div>\n\n\n\n<div style=\"height:50px\" aria-hidden=\"true\" class=\"wp-block-spacer\"><\/div>\n\n\n<div class=\"wp-bootstrap-blocks-container container-fluid mb-5 custom_container custom_container--middle\">\n\t\n<div class=\"wp-bootstrap-blocks-row row custom-row__cta-contact\">\n\t\n\n<div class=\"col-12 col-md-6\">\n\t\t\t\n\n<figure class=\"wp-block-image size-large advgb-dyn-6432cdba\"><img loading=\"lazy\" decoding=\"async\" width=\"471\" height=\"344\" src=\"https:\/\/www.orfix.com\/wp-content\/uploads\/2020\/10\/shutterstock_116283283_471x344px.jpg\" alt=\"\" class=\"wp-image-3327\" srcset=\"https:\/\/www.orfix.com\/wp-content\/uploads\/2020\/10\/shutterstock_116283283_471x344px.jpg 471w, https:\/\/www.orfix.com\/wp-content\/uploads\/2020\/10\/shutterstock_116283283_471x344px-300x219.jpg 300w, https:\/\/www.orfix.com\/wp-content\/uploads\/2020\/10\/shutterstock_116283283_471x344px-24x18.jpg 24w, https:\/\/www.orfix.com\/wp-content\/uploads\/2020\/10\/shutterstock_116283283_471x344px-36x26.jpg 36w, https:\/\/www.orfix.com\/wp-content\/uploads\/2020\/10\/shutterstock_116283283_471x344px-48x35.jpg 48w\" sizes=\"auto, (max-width: 471px) 100vw, 471px\" \/><figcaption class=\"wp-element-caption\">Contattaci<\/figcaption><\/figure>\n\n\t<\/div>\n\n\n\n<div class=\"col-12 col-md-6\">\n\t\t\t\n<div class=\"employeeblock\">\n    <figure class=\"employeeblock__item employeeblock__item--img\">\n        <img decoding=\"async\" src=\"\" alt=\"\" \/>\n    <\/figure>\n    <div class=\"employeeblock__item employeeblock__item--content\">\n        <h2 class=\"name\">Customer Service<\/h2>\n        <p class=\"position\"><\/p>\n        <p><a class=\"link link--has-icon link--has-icon--mail\" href=\"mailto:info@orfix.it\">info@orfix.it<\/a><\/p>\n        <p><a class=\"link link--has-icon link--has-icon--tel\" href=\"tel:+390639870216\">+39 06 3987 0216<\/a><\/p>\n    <\/div>\n<\/div>\n\n\t<\/div>\n\n<\/div>\n\n<\/div>\n\n\n\n<div style=\"height:20px\" aria-hidden=\"true\" class=\"wp-block-spacer\"><\/div>\n\n\n\n<figure class=\"wp-block-image size-full\"><img loading=\"lazy\" decoding=\"async\" width=\"2048\" height=\"600\" src=\"https:\/\/www.orfix.com\/wp-content\/uploads\/2024\/05\/orfix-Karte-2025-en.jpg\" alt=\"\" class=\"wp-image-32959\" srcset=\"https:\/\/www.orfix.com\/wp-content\/uploads\/2024\/05\/orfix-Karte-2025-en.jpg 2048w, https:\/\/www.orfix.com\/wp-content\/uploads\/2024\/05\/orfix-Karte-2025-en-768x225.jpg 768w, https:\/\/www.orfix.com\/wp-content\/uploads\/2024\/05\/orfix-Karte-2025-en-1536x450.jpg 1536w\" sizes=\"auto, (max-width: 2048px) 100vw, 2048px\" \/><\/figure>\n\n\n\n<p class=\"has-medium-font-size\">Saremmo lieti di offrirvi la nostra consulenza personalizzata!<br><strong>Il vostro partner competente con un&#8217;offerta completa per la gestione di valori da contare, imballare, trasportare o stoccare.<\/strong><\/p>\n\n\n\n<div style=\"height:20px\" aria-hidden=\"true\" class=\"wp-block-spacer\"><\/div>\n\n\n\n<div class=\"wp-block-buttons cta-banner-content__item is-layout-flex wp-block-buttons-is-layout-flex\">\n<div class=\"wp-block-button is-style-outline is-style-outline--1 advgb-dyn-830f02f0\"><a class=\"wp-block-button__link has-text-color has-medium-font-size has-custom-font-size wp-element-button\" href=\"\" style=\"border-radius:1px;color:#ba0c2f\" target=\"_blank\" rel=\"noreferrer noopener\"><strong>Contattaci<\/strong><\/a><\/div>\n\n\n\n<div class=\"wp-block-button btn__bg--red advgb-dyn-29a7399e\"><a class=\"wp-block-button__link has-white-color has-text-color has-background has-medium-font-size has-custom-font-size wp-element-button\" href=\"https:\/\/www.orfix.com\/it\/i-nostri-punti-di-eccellenza-prodotti\/\" style=\"border-radius:1px;background-color:#ba0c2f\" target=\"_blank\" rel=\"noreferrer noopener\"><strong>Prodotti<\/strong><\/a><\/div>\n\n\n\n<div class=\"wp-block-button btn__bg--red advgb-dyn-9cb8f791\"><a class=\"wp-block-button__link has-white-color has-text-color has-background has-medium-font-size has-custom-font-size wp-element-button\" href=\"https:\/\/shop.orfix.it\/\" style=\"border-radius:1px;background-color:#ba0c2f\" target=\"_blank\" rel=\"noreferrer noopener\"><strong>Webshop<\/strong><\/a><\/div>\n<\/div>\n\n\n\n<div style=\"height:20px\" aria-hidden=\"true\" class=\"wp-block-spacer\"><\/div>\n","protected":false},"excerpt":{"rendered":"<p><a class=\"btn btn-secondary understrap-read-more-link\" href=\"https:\/\/www.orfix.com\/it\/about-us\/codice-di-condotta\/\">Leggi tutto&#8230;<\/a><\/p>\n","protected":false},"author":36,"featured_media":0,"parent":1427,"menu_order":1,"comment_status":"closed","ping_status":"closed","template":"","meta":{"_acf_changed":false,"om_disable_all_campaigns":false,"inline_featured_image":false,"advgb_blocks_editor_width":"","advgb_blocks_columns_visual_guide":"","_monsterinsights_skip_tracking":false,"_monsterinsights_sitenote_active":false,"_monsterinsights_sitenote_note":"","_monsterinsights_sitenote_category":0,"_uf_show_specific_survey":0,"_uf_disable_surveys":false,"footnotes":""},"class_list":["post-7655","page","type-page","status-publish","hentry"],"acf":[],"aioseo_notices":[],"coauthors":[],"author_meta":{"author_link":"https:\/\/www.orfix.com\/it\/author\/mgendelmeyer\/","display_name":"Malte Gendelmeyer"},"relative_dates":{"created":"Pubblicato 5 anni fa","modified":"Aggiornato 2 anni fa"},"absolute_dates":{"created":"Pubblicato il 9. Novembre 2020","modified":"Aggiornato il 26. Maggio 2024"},"absolute_dates_time":{"created":"Pubblicato il 9. Novembre 2020 16:51","modified":"Aggiornato il 26. Maggio 2024 16:46"},"featured_img_caption":"","featured_img":false,"series_order":"","_links":{"self":[{"href":"https:\/\/www.orfix.com\/it\/wp-json\/wp\/v2\/pages\/7655","targetHints":{"allow":["GET"]}}],"collection":[{"href":"https:\/\/www.orfix.com\/it\/wp-json\/wp\/v2\/pages"}],"about":[{"href":"https:\/\/www.orfix.com\/it\/wp-json\/wp\/v2\/types\/page"}],"author":[{"embeddable":true,"href":"https:\/\/www.orfix.com\/it\/wp-json\/wp\/v2\/users\/36"}],"replies":[{"embeddable":true,"href":"https:\/\/www.orfix.com\/it\/wp-json\/wp\/v2\/comments?post=7655"}],"version-history":[{"count":3,"href":"https:\/\/www.orfix.com\/it\/wp-json\/wp\/v2\/pages\/7655\/revisions"}],"predecessor-version":[{"id":25096,"href":"https:\/\/www.orfix.com\/it\/wp-json\/wp\/v2\/pages\/7655\/revisions\/25096"}],"up":[{"embeddable":true,"href":"https:\/\/www.orfix.com\/it\/wp-json\/wp\/v2\/pages\/1427"}],"wp:attachment":[{"href":"https:\/\/www.orfix.com\/it\/wp-json\/wp\/v2\/media?parent=7655"}],"curies":[{"name":"wp","href":"https:\/\/api.w.org\/{rel}","templated":true}]}}