{"id":7644,"date":"2020-11-09T16:49:14","date_gmt":"2020-11-09T15:49:14","guid":{"rendered":"http:\/\/orfix.netzkunst24.de\/?page_id=7644"},"modified":"2025-11-29T21:57:49","modified_gmt":"2025-11-29T20:57:49","slug":"mission-statement","status":"publish","type":"page","link":"https:\/\/www.orfix.com\/it\/about-us\/mission-statement\/","title":{"rendered":"Mission"},"content":{"rendered":"<div class=\"wp-bootstrap-blocks-container container-fluid mb-5 custom_container custom_container--big custom_container--banner\">\n\t\n<div class=\"wp-bootstrap-blocks-row row custom_row custom_row--center\">\n\t\n\n<div class=\"col-12 col-md-12 custom_slider custom_slider__banner custom-banner-img\">\n\t\t\t\n\n<figure class=\"wp-block-image size-full desktop-banner\"><img loading=\"lazy\" decoding=\"async\" width=\"2133\" height=\"577\" src=\"https:\/\/www.orfix.com\/wp-content\/uploads\/2024\/05\/orfix_Header_Banner_Mission_IT_1024x277.jpg\" alt=\"Documento orfix su mission, vision e valori aziendali\" class=\"wp-image-25071\" srcset=\"https:\/\/www.orfix.com\/wp-content\/uploads\/2024\/05\/orfix_Header_Banner_Mission_IT_1024x277.jpg 2133w, https:\/\/www.orfix.com\/wp-content\/uploads\/2024\/05\/orfix_Header_Banner_Mission_IT_1024x277-768x208.jpg 768w, https:\/\/www.orfix.com\/wp-content\/uploads\/2024\/05\/orfix_Header_Banner_Mission_IT_1024x277-1536x416.jpg 1536w, https:\/\/www.orfix.com\/wp-content\/uploads\/2024\/05\/orfix_Header_Banner_Mission_IT_1024x277-2048x554.jpg 2048w\" sizes=\"auto, (max-width: 2133px) 100vw, 2133px\" \/><\/figure>\n\n\n\n\n\t<\/div>\n\n<\/div>\n\n\n<div class=\"wp-bootstrap-blocks-row row custom_row custom_row--center\">\n\t\n\n<div class=\"col-12 col-md-12 custom_slider custom_slider__banner custom-banner-img\">\n\t\t\t\n\n<figure class=\"wp-block-image size-full mobile-banner\"><img loading=\"lazy\" decoding=\"async\" width=\"1583\" height=\"1250\" src=\"https:\/\/www.orfix.com\/wp-content\/uploads\/2024\/05\/orfix_Mobile_Banner-Mission_760x600-1.jpg\" alt=\"\" class=\"wp-image-25064\" srcset=\"https:\/\/www.orfix.com\/wp-content\/uploads\/2024\/05\/orfix_Mobile_Banner-Mission_760x600-1.jpg 1583w, https:\/\/www.orfix.com\/wp-content\/uploads\/2024\/05\/orfix_Mobile_Banner-Mission_760x600-1-768x606.jpg 768w, https:\/\/www.orfix.com\/wp-content\/uploads\/2024\/05\/orfix_Mobile_Banner-Mission_760x600-1-1536x1213.jpg 1536w\" sizes=\"auto, (max-width: 1583px) 100vw, 1583px\" \/><\/figure>\n\n\n\n\n\t<\/div>\n\n<\/div>\n\n<\/div>\n\n\n<div class=\"wp-bootstrap-blocks-container container-fluid mb-3 custom_container custom_container--small\">\n\t\n<div class=\"wp-bootstrap-blocks-row row g-0\">\n\t\n\n<div class=\"col-12 col-md-2\">\n\t\t\t\n\n<h2 class=\"wp-block-heading\"><img loading=\"lazy\" decoding=\"async\" width=\"150\" height=\"117\" class=\"wp-image-4233\" style=\"width: 150px;\" src=\"https:\/\/www.orfix.com\/wp-content\/uploads\/2020\/10\/item_whoweare_mission_statement3.jpg\" alt=\"\" srcset=\"https:\/\/www.orfix.com\/wp-content\/uploads\/2020\/10\/item_whoweare_mission_statement3.jpg 300w, https:\/\/www.orfix.com\/wp-content\/uploads\/2020\/10\/item_whoweare_mission_statement3-24x19.jpg 24w, https:\/\/www.orfix.com\/wp-content\/uploads\/2020\/10\/item_whoweare_mission_statement3-36x28.jpg 36w, https:\/\/www.orfix.com\/wp-content\/uploads\/2020\/10\/item_whoweare_mission_statement3-48x37.jpg 48w\" sizes=\"auto, (max-width: 150px) 100vw, 150px\" \/><\/h2>\n\n\t<\/div>\n\n\n\n<div class=\"col-12 col-md-10\">\n\t\t\t\n\n<h2 class=\"wp-block-heading has-large-font-size\">1. Chi siamo<\/h2>\n\n\n\n<p class=\"has-medium-font-size\">Siamo un fornitore di servizi e un produttore nel settore della \u201cprotezione valori\u201d. Proponiamo soluzioni innovative e sviluppiamo prodotti, guidati dalle richieste e dalle necessit\u00e0 dei nostri clienti.&nbsp;<\/p>\n\n\t<\/div>\n\n<\/div>\n\n\n<div class=\"wp-bootstrap-blocks-row row g-0\">\n\t\n\n<div class=\"col-12 col-md-2\">\n\t\t\t\n\n<h2 class=\"wp-block-heading\"><img loading=\"lazy\" decoding=\"async\" width=\"150\" height=\"117\" class=\"wp-image-4213\" style=\"width: 150px;\" src=\"https:\/\/www.orfix.com\/wp-content\/uploads\/2020\/10\/item_green_label_mission_statement3-3.jpg\" alt=\"\" srcset=\"https:\/\/www.orfix.com\/wp-content\/uploads\/2020\/10\/item_green_label_mission_statement3-3.jpg 300w, https:\/\/www.orfix.com\/wp-content\/uploads\/2020\/10\/item_green_label_mission_statement3-3-24x19.jpg 24w, https:\/\/www.orfix.com\/wp-content\/uploads\/2020\/10\/item_green_label_mission_statement3-3-36x28.jpg 36w, https:\/\/www.orfix.com\/wp-content\/uploads\/2020\/10\/item_green_label_mission_statement3-3-48x37.jpg 48w\" sizes=\"auto, (max-width: 150px) 100vw, 150px\" \/><\/h2>\n\n\t<\/div>\n\n\n\n<div class=\"col-12 col-md-10\">\n\t\t\t\n\n<h2 class=\"wp-block-heading has-large-font-size\">2. Sostenibilit\u00e0<\/h2>\n\n\n\n<p class=\"has-medium-font-size\">Per il gruppo orfix, sostenibilit\u00e0 significa puntare su relazioni durature e su uno sviluppo a lungo termine nel mercato, con una chiara consapevolezza delle nostre responsabilit\u00e0 nell\u2019ambito della tutela dell\u2019ambiente.&nbsp;<\/p>\n\n\t<\/div>\n\n<\/div>\n\n\n<div class=\"wp-bootstrap-blocks-row row g-0\">\n\t\n\n<div class=\"col-12 col-md-2\">\n\t\t\t\n\n<h2 class=\"wp-block-heading\"><img loading=\"lazy\" decoding=\"async\" width=\"150\" height=\"117\" class=\"wp-image-4240\" style=\"width: 150px;\" src=\"https:\/\/www.orfix.com\/wp-content\/uploads\/2020\/10\/item_availabilityl_mission_statement3.jpg\" alt=\"\" srcset=\"https:\/\/www.orfix.com\/wp-content\/uploads\/2020\/10\/item_availabilityl_mission_statement3.jpg 300w, https:\/\/www.orfix.com\/wp-content\/uploads\/2020\/10\/item_availabilityl_mission_statement3-24x19.jpg 24w, https:\/\/www.orfix.com\/wp-content\/uploads\/2020\/10\/item_availabilityl_mission_statement3-36x28.jpg 36w, https:\/\/www.orfix.com\/wp-content\/uploads\/2020\/10\/item_availabilityl_mission_statement3-48x37.jpg 48w\" sizes=\"auto, (max-width: 150px) 100vw, 150px\" \/><\/h2>\n\n\t<\/div>\n\n\n\n<div class=\"col-12 col-md-10\">\n\t\t\t\n\n<h2 class=\"wp-block-heading has-large-font-size\">3. Disponibilit\u00e0<\/h2>\n\n\n\n<p class=\"has-medium-font-size\">Siamo un gruppo internazionale e per noi \u201cessere presenti l\u00e0 dove c\u2019\u00e8 bisogno di noi\u201d \u00e8 una sfida, quanto un nostro punto di forza. Il nostro lavoro si contraddistingue per affidabilit\u00e0, flessibilit\u00e0 e correttezza.&nbsp;<\/p>\n\n\t<\/div>\n\n<\/div>\n\n\n<div class=\"wp-bootstrap-blocks-row row g-0\">\n\t\n\n<div class=\"col-12 col-md-2\">\n\t\t\t\n\n<h2 class=\"wp-block-heading\"><img loading=\"lazy\" decoding=\"async\" width=\"150\" height=\"117\" class=\"wp-image-4247\" style=\"width: 150px;\" src=\"https:\/\/www.orfix.com\/wp-content\/uploads\/2020\/10\/item_people_mission_statement3.jpg\" alt=\"\" srcset=\"https:\/\/www.orfix.com\/wp-content\/uploads\/2020\/10\/item_people_mission_statement3.jpg 300w, https:\/\/www.orfix.com\/wp-content\/uploads\/2020\/10\/item_people_mission_statement3-24x19.jpg 24w, https:\/\/www.orfix.com\/wp-content\/uploads\/2020\/10\/item_people_mission_statement3-36x28.jpg 36w, https:\/\/www.orfix.com\/wp-content\/uploads\/2020\/10\/item_people_mission_statement3-48x37.jpg 48w\" sizes=\"auto, (max-width: 150px) 100vw, 150px\" \/><\/h2>\n\n\t<\/div>\n\n\n\n<div class=\"col-12 col-md-10\">\n\t\t\t\n\n<h2 class=\"wp-block-heading has-large-font-size\">4. Persone<\/h2>\n\n\n\n<p class=\"has-medium-font-size\">Il cuore del nostro successo sono le persone. Poniamo massima attenzione sulle competenze professionali e la crescita individuale di ciascuno.&nbsp;<\/p>\n\n\t<\/div>\n\n<\/div>\n\n\n<div class=\"wp-bootstrap-blocks-row row g-0\">\n\t\n\n<div class=\"col-12 col-md-2\">\n\t\t\t\n\n<h2 class=\"wp-block-heading\"><img loading=\"lazy\" decoding=\"async\" width=\"150\" height=\"117\" class=\"wp-image-4256\" style=\"width: 150px;\" src=\"https:\/\/www.orfix.com\/wp-content\/uploads\/2020\/10\/item_gualityl_mission_statement3.jpg\" alt=\"\" srcset=\"https:\/\/www.orfix.com\/wp-content\/uploads\/2020\/10\/item_gualityl_mission_statement3.jpg 300w, https:\/\/www.orfix.com\/wp-content\/uploads\/2020\/10\/item_gualityl_mission_statement3-24x19.jpg 24w, https:\/\/www.orfix.com\/wp-content\/uploads\/2020\/10\/item_gualityl_mission_statement3-36x28.jpg 36w, https:\/\/www.orfix.com\/wp-content\/uploads\/2020\/10\/item_gualityl_mission_statement3-48x37.jpg 48w\" sizes=\"auto, (max-width: 150px) 100vw, 150px\" \/><\/h2>\n\n\t<\/div>\n\n\n\n<div class=\"col-12 col-md-10\">\n\t\t\t\n\n<h2 class=\"wp-block-heading has-large-font-size\">5. Qualit\u00e0<\/h2>\n\n\n\n<p class=\"has-medium-font-size\">Con la qualit\u00e0 e la professionalit\u00e0 che ci contraddistinguono, ci assicuriamo che lavorare con noi sia sempre un piacere.&nbsp;<\/p>\n\n\t<\/div>\n\n<\/div>\n\n<\/div>\n\n\n\n<div style=\"height:20px\" aria-hidden=\"true\" class=\"wp-block-spacer\"><\/div>\n\n\n\n<figure class=\"wp-block-image size-full\"><img loading=\"lazy\" decoding=\"async\" width=\"2048\" height=\"600\" src=\"https:\/\/www.orfix.com\/wp-content\/uploads\/2024\/05\/orfix-Karte-2025-en.jpg\" alt=\"\" class=\"wp-image-32959\" srcset=\"https:\/\/www.orfix.com\/wp-content\/uploads\/2024\/05\/orfix-Karte-2025-en.jpg 2048w, https:\/\/www.orfix.com\/wp-content\/uploads\/2024\/05\/orfix-Karte-2025-en-768x225.jpg 768w, https:\/\/www.orfix.com\/wp-content\/uploads\/2024\/05\/orfix-Karte-2025-en-1536x450.jpg 1536w\" sizes=\"auto, (max-width: 2048px) 100vw, 2048px\" \/><\/figure>\n\n\n\n<p class=\"has-medium-font-size\">Saremmo lieti di offrirvi la nostra consulenza personalizzata!<br><strong>Il vostro partner competente con un&#8217;offerta completa per la gestione di valori da contare, imballare, trasportare o stoccare.<\/strong><\/p>\n\n\n\n<div style=\"height:20px\" aria-hidden=\"true\" class=\"wp-block-spacer\"><\/div>\n\n\n\n<div class=\"wp-block-buttons cta-banner-content__item is-layout-flex wp-block-buttons-is-layout-flex\">\n<div class=\"wp-block-button is-style-outline is-style-outline--1 advgb-dyn-830f02f0\"><a class=\"wp-block-button__link has-text-color has-medium-font-size has-custom-font-size wp-element-button\" href=\"\" style=\"border-radius:1px;color:#ba0c2f\" target=\"_blank\" rel=\"noreferrer noopener\"><strong>Contattaci<\/strong><\/a><\/div>\n\n\n\n<div class=\"wp-block-button btn__bg--red advgb-dyn-29a7399e\"><a class=\"wp-block-button__link has-white-color has-text-color has-background has-medium-font-size has-custom-font-size wp-element-button\" href=\"https:\/\/www.orfix.com\/it\/i-nostri-punti-di-eccellenza-prodotti\/\" style=\"border-radius:1px;background-color:#ba0c2f\" target=\"_blank\" rel=\"noreferrer noopener\"><strong>Prodotti<\/strong><\/a><\/div>\n\n\n\n<div class=\"wp-block-button btn__bg--red advgb-dyn-9cb8f791\"><a class=\"wp-block-button__link has-white-color has-text-color has-background has-medium-font-size has-custom-font-size wp-element-button\" href=\"https:\/\/shop.orfix.it\/\" style=\"border-radius:1px;background-color:#ba0c2f\" target=\"_blank\" rel=\"noreferrer noopener\"><strong>Webshop<\/strong><\/a><\/div>\n<\/div>\n\n\n\n<div style=\"height:20px\" aria-hidden=\"true\" class=\"wp-block-spacer\"><\/div>\n","protected":false},"excerpt":{"rendered":"<p><a class=\"btn btn-secondary understrap-read-more-link\" href=\"https:\/\/www.orfix.com\/it\/about-us\/mission-statement\/\">Leggi tutto&#8230;<\/a><\/p>\n","protected":false},"author":36,"featured_media":0,"parent":1427,"menu_order":0,"comment_status":"closed","ping_status":"closed","template":"","meta":{"_acf_changed":false,"om_disable_all_campaigns":false,"inline_featured_image":false,"advgb_blocks_editor_width":"","advgb_blocks_columns_visual_guide":"","_monsterinsights_skip_tracking":false,"_monsterinsights_sitenote_active":false,"_monsterinsights_sitenote_note":"","_monsterinsights_sitenote_category":0,"_uf_show_specific_survey":0,"_uf_disable_surveys":false,"footnotes":""},"class_list":["post-7644","page","type-page","status-publish","hentry"],"acf":[],"aioseo_notices":[],"coauthors":[],"author_meta":{"author_link":"https:\/\/www.orfix.com\/it\/author\/mgendelmeyer\/","display_name":"Malte Gendelmeyer"},"relative_dates":{"created":"Pubblicato 6 anni fa","modified":"Aggiornato 5 mesi fa"},"absolute_dates":{"created":"Pubblicato il 9. Novembre 2020","modified":"Aggiornato il 29. Novembre 2025"},"absolute_dates_time":{"created":"Pubblicato il 9. Novembre 2020 16:49","modified":"Aggiornato il 29. Novembre 2025 21:57"},"featured_img_caption":"","featured_img":false,"series_order":"","_links":{"self":[{"href":"https:\/\/www.orfix.com\/it\/wp-json\/wp\/v2\/pages\/7644","targetHints":{"allow":["GET"]}}],"collection":[{"href":"https:\/\/www.orfix.com\/it\/wp-json\/wp\/v2\/pages"}],"about":[{"href":"https:\/\/www.orfix.com\/it\/wp-json\/wp\/v2\/types\/page"}],"author":[{"embeddable":true,"href":"https:\/\/www.orfix.com\/it\/wp-json\/wp\/v2\/users\/36"}],"replies":[{"embeddable":true,"href":"https:\/\/www.orfix.com\/it\/wp-json\/wp\/v2\/comments?post=7644"}],"version-history":[{"count":6,"href":"https:\/\/www.orfix.com\/it\/wp-json\/wp\/v2\/pages\/7644\/revisions"}],"predecessor-version":[{"id":32214,"href":"https:\/\/www.orfix.com\/it\/wp-json\/wp\/v2\/pages\/7644\/revisions\/32214"}],"up":[{"embeddable":true,"href":"https:\/\/www.orfix.com\/it\/wp-json\/wp\/v2\/pages\/1427"}],"wp:attachment":[{"href":"https:\/\/www.orfix.com\/it\/wp-json\/wp\/v2\/media?parent=7644"}],"curies":[{"name":"wp","href":"https:\/\/api.w.org\/{rel}","templated":true}]}}