{"id":7619,"date":"2020-11-09T16:43:51","date_gmt":"2020-11-09T15:43:51","guid":{"rendered":"http:\/\/orfix.netzkunst24.de\/?page_id=7619"},"modified":"2025-11-29T21:48:11","modified_gmt":"2025-11-29T20:48:11","slug":"energy-water-supply","status":"publish","type":"page","link":"https:\/\/www.orfix.com\/it\/sectors\/energy-water-supply\/","title":{"rendered":"Energia e fornitura idrica"},"content":{"rendered":"<div class=\"wp-bootstrap-blocks-container container-fluid mb-5 custom_container custom_container--big custom_container--banner\">\n\t\n<div class=\"wp-bootstrap-blocks-row row custom_row custom_row--center\">\n\t\n\n<div class=\"col-12 col-md-12 custom_slider custom-banner-img custom_slider__banner\">\n\t\t\t\n\n<figure class=\"wp-block-image size-full desktop-banner\"><img loading=\"lazy\" decoding=\"async\" width=\"2560\" height=\"692\" src=\"https:\/\/www.orfix.com\/wp-content\/uploads\/2024\/05\/orfix_Header_Banner_sector_-water-and-gas-meters_IT_1024x277-scaled.jpg\" alt=\"Soluzioni di sicurezza orfix per energia e acqua\" class=\"wp-image-27791\" srcset=\"https:\/\/www.orfix.com\/wp-content\/uploads\/2024\/05\/orfix_Header_Banner_sector_-water-and-gas-meters_IT_1024x277-scaled.jpg 2560w, https:\/\/www.orfix.com\/wp-content\/uploads\/2024\/05\/orfix_Header_Banner_sector_-water-and-gas-meters_IT_1024x277-768x208.jpg 768w, https:\/\/www.orfix.com\/wp-content\/uploads\/2024\/05\/orfix_Header_Banner_sector_-water-and-gas-meters_IT_1024x277-1536x415.jpg 1536w, https:\/\/www.orfix.com\/wp-content\/uploads\/2024\/05\/orfix_Header_Banner_sector_-water-and-gas-meters_IT_1024x277-2048x554.jpg 2048w\" sizes=\"auto, (max-width: 2560px) 100vw, 2560px\" \/><\/figure>\n\n\t<\/div>\n\n<\/div>\n\n\n<div class=\"wp-bootstrap-blocks-row row custom_row custom_row--center\">\n\t\n\n<div class=\"col-12 col-md-12 custom_slider custom-banner-img custom_slider__banner\">\n\t\t\t\n\n<figure class=\"wp-block-image size-full mobile-banner\"><img loading=\"lazy\" decoding=\"async\" width=\"2560\" height=\"2021\" src=\"https:\/\/www.orfix.com\/wp-content\/uploads\/2024\/05\/orfix_Mobile_Banner_sector_water-and-gas_IT_760x650-scaled.jpg\" alt=\"Regolazione valvola per energia e acqua\" class=\"wp-image-27797\" srcset=\"https:\/\/www.orfix.com\/wp-content\/uploads\/2024\/05\/orfix_Mobile_Banner_sector_water-and-gas_IT_760x650-scaled.jpg 2560w, https:\/\/www.orfix.com\/wp-content\/uploads\/2024\/05\/orfix_Mobile_Banner_sector_water-and-gas_IT_760x650-768x606.jpg 768w, https:\/\/www.orfix.com\/wp-content\/uploads\/2024\/05\/orfix_Mobile_Banner_sector_water-and-gas_IT_760x650-1536x1213.jpg 1536w, https:\/\/www.orfix.com\/wp-content\/uploads\/2024\/05\/orfix_Mobile_Banner_sector_water-and-gas_IT_760x650-2048x1617.jpg 2048w\" sizes=\"auto, (max-width: 2560px) 100vw, 2560px\" \/><\/figure>\n\n\t<\/div>\n\n<\/div>\n\n<\/div>\n\n\n\n<h1 class=\"wp-block-heading\" style=\"font-size:30px\">Protected against manipulation<\/h1>\n\n\n\n<p class=\"has-medium-font-size\">orfix supports the energy and water supply companies with its&nbsp;wide&nbsp;range of security seals.&nbsp;These&nbsp;include&nbsp;the&nbsp;orfix pull-up-type&nbsp;seals and sealing clamps for water meters.&nbsp;<\/p>\n\n\n\n<p class=\"has-medium-font-size\">Our seals are subjected to strict quality tests during manufacture. They are made of&nbsp;solid&nbsp;plastic and have clearly visible and legible numbering or barcodes. The seals are certified according to their application&nbsp;and&nbsp;according to the required standards and offer you the highest level of security. orfix security seals are available in various standard designs or are manufactured according to your individual requirements. The orfix standard range is always in stock.&nbsp;<\/p>\n\n\n\n<div style=\"height:50px\" aria-hidden=\"true\" class=\"wp-block-spacer\"><\/div>\n\n\n<div class=\"wp-bootstrap-blocks-container container-fluid mb-5 wp-block-image size-large\">\n\t\n<div class=\"wp-bootstrap-blocks-row row\">\n\t\n\n<div class=\"col-12 col-md-6 col-lg-4\">\n\t\t\t\n\n<figure class=\"wp-block-image size-large\"><a href=\"https:\/\/www.orfix.com\/it\/\"><img loading=\"lazy\" decoding=\"async\" width=\"365\" height=\"257\" src=\"https:\/\/www.orfix.com\/wp-content\/uploads\/2020\/11\/Overviewblock_sectors_energy-water2.jpg\" alt=\"\" class=\"wp-image-6553\" srcset=\"https:\/\/www.orfix.com\/wp-content\/uploads\/2020\/11\/Overviewblock_sectors_energy-water2.jpg 365w, https:\/\/www.orfix.com\/wp-content\/uploads\/2020\/11\/Overviewblock_sectors_energy-water2-300x211.jpg 300w\" sizes=\"auto, (max-width: 365px) 100vw, 365px\" \/><\/a><\/figure>\n\n\n\n<p><strong><a href=\"https:\/\/www.orfix.com\/it\/\">Water meter seals<\/a><\/strong><\/p>\n\n\t<\/div>\n\n\n\n<div class=\"col-12 col-md-6 col-lg-4\">\n\t\t\t\n\n<figure class=\"wp-block-image size-large\"><a href=\"https:\/\/www.orfix.com\/it\/i-nostri-punti-di-eccellenza-prodotti\/confezionamento-del-denaro\/etichette-di-sicurezza\/\"><img loading=\"lazy\" decoding=\"async\" width=\"365\" height=\"257\" src=\"https:\/\/www.orfix.com\/wp-content\/uploads\/2020\/09\/overviewblock_security_seals.jpg\" alt=\"\" class=\"wp-image-2139\" srcset=\"https:\/\/www.orfix.com\/wp-content\/uploads\/2020\/09\/overviewblock_security_seals.jpg 365w, https:\/\/www.orfix.com\/wp-content\/uploads\/2020\/09\/overviewblock_security_seals-300x211.jpg 300w, https:\/\/www.orfix.com\/wp-content\/uploads\/2020\/09\/overviewblock_security_seals-24x17.jpg 24w, https:\/\/www.orfix.com\/wp-content\/uploads\/2020\/09\/overviewblock_security_seals-36x25.jpg 36w, https:\/\/www.orfix.com\/wp-content\/uploads\/2020\/09\/overviewblock_security_seals-48x34.jpg 48w\" sizes=\"auto, (max-width: 365px) 100vw, 365px\" \/><\/a><\/figure>\n\n\n\n<p><strong><a href=\"https:\/\/www.orfix.com\/it\/i-nostri-punti-di-eccellenza-prodotti\/confezionamento-del-denaro\/etichette-di-sicurezza\/\">Security seals<\/a><\/strong><\/p>\n\n\t<\/div>\n\n\n\n<div class=\"col-12 col-md-6 col-lg-4\">\n\t\t\t\n\n<figure class=\"wp-block-image size-large\"><a href=\"https:\/\/www.orfix.com\/it\/i-nostri-punti-di-eccellenza-prodotti\/confezionamento-del-denaro\/etichette-di-sicurezza\/\"><img loading=\"lazy\" decoding=\"async\" width=\"365\" height=\"257\" src=\"https:\/\/www.orfix.com\/wp-content\/uploads\/2020\/09\/overviewblock_security_label.jpg\" alt=\"\" class=\"wp-image-2148\" srcset=\"https:\/\/www.orfix.com\/wp-content\/uploads\/2020\/09\/overviewblock_security_label.jpg 365w, https:\/\/www.orfix.com\/wp-content\/uploads\/2020\/09\/overviewblock_security_label-300x211.jpg 300w, https:\/\/www.orfix.com\/wp-content\/uploads\/2020\/09\/overviewblock_security_label-24x17.jpg 24w, https:\/\/www.orfix.com\/wp-content\/uploads\/2020\/09\/overviewblock_security_label-36x25.jpg 36w, https:\/\/www.orfix.com\/wp-content\/uploads\/2020\/09\/overviewblock_security_label-48x34.jpg 48w\" sizes=\"auto, (max-width: 365px) 100vw, 365px\" \/><\/a><\/figure>\n\n\n\n<p><strong><a href=\"https:\/\/www.orfix.com\/it\/i-nostri-punti-di-eccellenza-prodotti\/confezionamento-del-denaro\/etichette-di-sicurezza\/\">Security labels<\/a><\/strong><\/p>\n\n\t<\/div>\n\n<\/div>\n\n<\/div>\n\n\n<div class=\"wp-bootstrap-blocks-container container-fluid mb-5 custom_container custom_container--middle\">\n\t\n<div class=\"wp-bootstrap-blocks-row row custom-row__cta-contact\">\n\t\n\n<div class=\"col-12 col-md-6\">\n\t\t\t\n\n<figure class=\"wp-block-image size-large advgb-dyn-6432cdba\"><img loading=\"lazy\" decoding=\"async\" width=\"471\" height=\"344\" src=\"https:\/\/www.orfix.com\/wp-content\/uploads\/2020\/10\/shutterstock_116283283_471x344px.jpg\" alt=\"\" class=\"wp-image-3327\" srcset=\"https:\/\/www.orfix.com\/wp-content\/uploads\/2020\/10\/shutterstock_116283283_471x344px.jpg 471w, https:\/\/www.orfix.com\/wp-content\/uploads\/2020\/10\/shutterstock_116283283_471x344px-300x219.jpg 300w, https:\/\/www.orfix.com\/wp-content\/uploads\/2020\/10\/shutterstock_116283283_471x344px-24x18.jpg 24w, https:\/\/www.orfix.com\/wp-content\/uploads\/2020\/10\/shutterstock_116283283_471x344px-36x26.jpg 36w, https:\/\/www.orfix.com\/wp-content\/uploads\/2020\/10\/shutterstock_116283283_471x344px-48x35.jpg 48w\" sizes=\"auto, (max-width: 471px) 100vw, 471px\" \/><figcaption class=\"wp-element-caption\">Contattaci<\/figcaption><\/figure>\n\n\t<\/div>\n\n\n\n<div class=\"col-12 col-md-6\">\n\t\t\t\n<div class=\"employeeblock\">\n    <figure class=\"employeeblock__item employeeblock__item--img\">\n        <img decoding=\"async\" src=\"\" alt=\"\" \/>\n    <\/figure>\n    <div class=\"employeeblock__item employeeblock__item--content\">\n        <h2 class=\"name\">Customer Service<\/h2>\n        <p class=\"position\"><\/p>\n        <p><a class=\"link link--has-icon link--has-icon--mail\" href=\"mailto:info@orfix.it\">info@orfix.it<\/a><\/p>\n        <p><a class=\"link link--has-icon link--has-icon--tel\" href=\"tel:+390639870216\">+39 06 3987 0216<\/a><\/p>\n    <\/div>\n<\/div>\n\n\t<\/div>\n\n<\/div>\n\n<\/div>\n\n\n<div class=\"wp-bootstrap-blocks-container container-fluid mb-5 custom_container custom_container--middle\">\n\t\n<div class=\"wp-bootstrap-blocks-row row\">\n\t\n\n<div class=\"col-12 col-md-12\">\n\t\t\t\n\n<h2 class=\"wp-block-heading has-text-color advgb-dyn-a7701b6d\" style=\"color:#002855;font-size:30px\">orfix &#8211; il vostro specialista nella lavorazione di carta e polietilene<\/h2>\n\n\t<\/div>\n\n\n\n<div class=\"col-12 col-md-6\">\n\t\t\t\n\n<p class=\"has-medium-font-size\">Negli stabilimenti orfix ci dedichiamo allo sviluppo e alla produzione con tecniche all&#8217;avanguardia, mantenendo sempre un&#8217;attenzione particolare alle necessit\u00e0 individuali dei clienti, ma anche con responsabilit\u00e0 verso l&#8217;ambiente!<\/p>\n\n\n\n<p class=\"has-medium-font-size\">Mettiamo in pratica attivamente la sostenibilit\u00e0 con scelte quotidiane che preservino le risorse e cercando il pi\u00f9 possibile di essere CO2 neutrali. Questo \u00e8 ci\u00f2 che intendiamo nel nostro Gruppo con politica ambientale.<\/p>\n\n\n\n<p class=\"has-medium-font-size\">In quanto cliente orfix , riceverai qualit\u00e0 eccellente, costante e certificata. Ti ispireremo con la nostra innovazione e il nostro eccellente customer service.<\/p>\n\n\t<\/div>\n\n\n\n<div class=\"col-12 col-md-6\">\n\t\t\t\n\n<ul class=\"wp-block-list\">\n<li class=\"has-medium-font-size\">L&#8217;ampia gamma di prodotti standard orfix \u00e8 sempre disponibile a stock in pronta consegna.<\/li>\n\n\n\n<li class=\"has-medium-font-size\">orfix offre anche logistica e servizi personalizzati per i suoi clienti.<\/li>\n\n\n\n<li class=\"has-medium-font-size\">orfix \u00e8 in grado di produrre articoli con specifiche su richiesta, anche in piccole quantit\u00e0.<\/li>\n\n\n\n<li class=\"has-medium-font-size\">orfix offre una consulenza competente e personalizzata. Siamo ragiungibili tramite lo strumento <a href=\"\/it\/contact\/\">contact<\/a>, per telefono, e-mail o con visite di persona.<\/li>\n<\/ul>\n\n\t<\/div>\n\n<\/div>\n\n<\/div>\n\n\n\n<div style=\"height:20px\" aria-hidden=\"true\" class=\"wp-block-spacer\"><\/div>\n\n\n\n<figure class=\"wp-block-image size-full\"><img loading=\"lazy\" decoding=\"async\" width=\"2048\" height=\"600\" src=\"https:\/\/www.orfix.com\/wp-content\/uploads\/2024\/05\/orfix-Karte-2025-en.jpg\" alt=\"\" class=\"wp-image-32959\" srcset=\"https:\/\/www.orfix.com\/wp-content\/uploads\/2024\/05\/orfix-Karte-2025-en.jpg 2048w, https:\/\/www.orfix.com\/wp-content\/uploads\/2024\/05\/orfix-Karte-2025-en-768x225.jpg 768w, https:\/\/www.orfix.com\/wp-content\/uploads\/2024\/05\/orfix-Karte-2025-en-1536x450.jpg 1536w\" sizes=\"auto, (max-width: 2048px) 100vw, 2048px\" \/><\/figure>\n\n\n\n<p class=\"has-medium-font-size\">Saremmo lieti di offrirvi la nostra consulenza personalizzata!<br><strong>Il vostro partner competente con un&#8217;offerta completa per la gestione di valori da contare, imballare, trasportare o stoccare.<\/strong><\/p>\n\n\n\n<div style=\"height:20px\" aria-hidden=\"true\" class=\"wp-block-spacer\"><\/div>\n\n\n\n<div class=\"wp-block-buttons cta-banner-content__item is-layout-flex wp-block-buttons-is-layout-flex\">\n<div class=\"wp-block-button is-style-outline is-style-outline--1 advgb-dyn-830f02f0\"><a class=\"wp-block-button__link has-text-color has-medium-font-size has-custom-font-size wp-element-button\" href=\"\" style=\"border-radius:1px;color:#ba0c2f\" target=\"_blank\" rel=\"noreferrer noopener\"><strong>Contattaci<\/strong><\/a><\/div>\n\n\n\n<div class=\"wp-block-button btn__bg--red advgb-dyn-29a7399e\"><a class=\"wp-block-button__link has-white-color has-text-color has-background has-medium-font-size has-custom-font-size wp-element-button\" href=\"https:\/\/www.orfix.com\/it\/i-nostri-punti-di-eccellenza-prodotti\/\" style=\"border-radius:1px;background-color:#ba0c2f\" target=\"_blank\" rel=\"noreferrer noopener\"><strong>Prodotti<\/strong><\/a><\/div>\n\n\n\n<div class=\"wp-block-button btn__bg--red advgb-dyn-9cb8f791\"><a class=\"wp-block-button__link has-white-color has-text-color has-background has-medium-font-size has-custom-font-size wp-element-button\" href=\"https:\/\/shop.orfix.it\/\" style=\"border-radius:1px;background-color:#ba0c2f\" target=\"_blank\" rel=\"noreferrer noopener\"><strong>Webshop<\/strong><\/a><\/div>\n<\/div>\n\n\n\n<div style=\"height:20px\" aria-hidden=\"true\" class=\"wp-block-spacer\"><\/div>\n","protected":false},"excerpt":{"rendered":"<p>Protected against manipulation orfix supports the energy and water supply companies with its&nbsp;wide&nbsp;range of security seals.&nbsp;These&nbsp;include&nbsp;the&nbsp;orfix pull-up-type&nbsp;seals and sealing clamps for water meters.&nbsp; Our seals are subjected to strict quality tests during manufacture. They are made of&nbsp;solid&nbsp;plastic and have clearly visible and legible numbering or barcodes. The seals are certified according to their application&nbsp;and&nbsp;according to<\/p>\n<p><a class=\"btn btn-secondary understrap-read-more-link\" href=\"https:\/\/www.orfix.com\/it\/sectors\/energy-water-supply\/\">Leggi tutto&#8230;<\/a><\/p>\n","protected":false},"author":36,"featured_media":0,"parent":7472,"menu_order":12,"comment_status":"closed","ping_status":"closed","template":"","meta":{"_acf_changed":false,"om_disable_all_campaigns":false,"inline_featured_image":false,"advgb_blocks_editor_width":"","advgb_blocks_columns_visual_guide":"","_monsterinsights_skip_tracking":false,"_monsterinsights_sitenote_active":false,"_monsterinsights_sitenote_note":"","_monsterinsights_sitenote_category":0,"_uf_show_specific_survey":0,"_uf_disable_surveys":false,"footnotes":""},"class_list":["post-7619","page","type-page","status-publish","hentry"],"acf":[],"aioseo_notices":[],"coauthors":[],"author_meta":{"author_link":"https:\/\/www.orfix.com\/it\/author\/mgendelmeyer\/","display_name":"Malte Gendelmeyer"},"relative_dates":{"created":"Pubblicato 5 anni fa","modified":"Aggiornato 5 mesi fa"},"absolute_dates":{"created":"Pubblicato il 9. Novembre 2020","modified":"Aggiornato il 29. Novembre 2025"},"absolute_dates_time":{"created":"Pubblicato il 9. Novembre 2020 16:43","modified":"Aggiornato il 29. Novembre 2025 21:48"},"featured_img_caption":"","featured_img":false,"series_order":"","_links":{"self":[{"href":"https:\/\/www.orfix.com\/it\/wp-json\/wp\/v2\/pages\/7619","targetHints":{"allow":["GET"]}}],"collection":[{"href":"https:\/\/www.orfix.com\/it\/wp-json\/wp\/v2\/pages"}],"about":[{"href":"https:\/\/www.orfix.com\/it\/wp-json\/wp\/v2\/types\/page"}],"author":[{"embeddable":true,"href":"https:\/\/www.orfix.com\/it\/wp-json\/wp\/v2\/users\/36"}],"replies":[{"embeddable":true,"href":"https:\/\/www.orfix.com\/it\/wp-json\/wp\/v2\/comments?post=7619"}],"version-history":[{"count":7,"href":"https:\/\/www.orfix.com\/it\/wp-json\/wp\/v2\/pages\/7619\/revisions"}],"predecessor-version":[{"id":32208,"href":"https:\/\/www.orfix.com\/it\/wp-json\/wp\/v2\/pages\/7619\/revisions\/32208"}],"up":[{"embeddable":true,"href":"https:\/\/www.orfix.com\/it\/wp-json\/wp\/v2\/pages\/7472"}],"wp:attachment":[{"href":"https:\/\/www.orfix.com\/it\/wp-json\/wp\/v2\/media?parent=7619"}],"curies":[{"name":"wp","href":"https:\/\/api.w.org\/{rel}","templated":true}]}}