{"id":7234,"date":"2020-11-09T14:38:21","date_gmt":"2020-11-09T13:38:21","guid":{"rendered":"http:\/\/orfix.netzkunst24.de\/?page_id=7234"},"modified":"2025-11-29T22:00:46","modified_gmt":"2025-11-29T21:00:46","slug":"security-seals","status":"publish","type":"page","link":"https:\/\/www.orfix.com\/it\/i-nostri-punti-di-eccellenza-prodotti\/confezionamento-del-denaro\/security-seals\/","title":{"rendered":"Sigilli di Sicurezza"},"content":{"rendered":"<div class=\"wp-bootstrap-blocks-container container-fluid mb-5 custom_container custom_container--big custom_container--banner\">\n\t\n<div class=\"wp-bootstrap-blocks-row row custom_row custom_row--center\">\n\t\n\n<div class=\"col-12 col-md-12 custom_slider custom-banner-img custom_slider__banner\">\n\t\t\t\n\n<figure class=\"wp-block-image size-full desktop-banner\"><img loading=\"lazy\" decoding=\"async\" width=\"2133\" height=\"577\" src=\"https:\/\/www.orfix.com\/wp-content\/uploads\/2024\/05\/orfix_Header_Banner_CashPackaging_Security-Seals_IT_1024x277.jpg\" alt=\"Sigilli di sicurezza orfix in vari colori per protezione documenti\" class=\"wp-image-23851\" srcset=\"https:\/\/www.orfix.com\/wp-content\/uploads\/2024\/05\/orfix_Header_Banner_CashPackaging_Security-Seals_IT_1024x277.jpg 2133w, https:\/\/www.orfix.com\/wp-content\/uploads\/2024\/05\/orfix_Header_Banner_CashPackaging_Security-Seals_IT_1024x277-768x208.jpg 768w, https:\/\/www.orfix.com\/wp-content\/uploads\/2024\/05\/orfix_Header_Banner_CashPackaging_Security-Seals_IT_1024x277-1536x416.jpg 1536w, https:\/\/www.orfix.com\/wp-content\/uploads\/2024\/05\/orfix_Header_Banner_CashPackaging_Security-Seals_IT_1024x277-2048x554.jpg 2048w\" sizes=\"auto, (max-width: 2133px) 100vw, 2133px\" \/><\/figure>\n\n\n\n\n\t<\/div>\n\n<\/div>\n\n\n<div class=\"wp-bootstrap-blocks-row row custom_row custom_row--center\">\n\t\n\n<div class=\"col-12 col-md-12 custom_slider custom-banner-img custom_slider__banner\">\n\t\t\t\n\n<figure class=\"wp-block-image size-full mobile-banner\"><img loading=\"lazy\" decoding=\"async\" width=\"1583\" height=\"1250\" src=\"https:\/\/www.orfix.com\/wp-content\/uploads\/2024\/05\/orfix_Mobile_Banner_CashPackaging_Security-Seals_IT_760x650.jpg\" alt=\"Sigilli di sicurezza orfix multicolore per protezione e tracciabilit\u00e0\" class=\"wp-image-23857\" srcset=\"https:\/\/www.orfix.com\/wp-content\/uploads\/2024\/05\/orfix_Mobile_Banner_CashPackaging_Security-Seals_IT_760x650.jpg 1583w, https:\/\/www.orfix.com\/wp-content\/uploads\/2024\/05\/orfix_Mobile_Banner_CashPackaging_Security-Seals_IT_760x650-768x606.jpg 768w, https:\/\/www.orfix.com\/wp-content\/uploads\/2024\/05\/orfix_Mobile_Banner_CashPackaging_Security-Seals_IT_760x650-1536x1213.jpg 1536w\" sizes=\"auto, (max-width: 1583px) 100vw, 1583px\" \/><\/figure>\n\n\n\n\n\t<\/div>\n\n<\/div>\n\n<\/div>\n\n\n\n<div class=\"wp-block-columns is-layout-flex wp-container-core-columns-is-layout-9d6595d7 wp-block-columns-is-layout-flex\">\n<div class=\"wp-block-column is-layout-flow wp-block-column-is-layout-flow\">\n<h1 class=\"wp-block-heading has-text-color\" style=\"color:#002855;font-size:30px\">Sigilli di sicurezza<\/h1>\n\n\n\n<p class=\"has-text-color has-medium-font-size\" style=\"color:#002855\">orfix offre un&#8217;ampia gamma di sigilli di sicurezza per rispondere in modo ottimale ed efficace ad ogni esigenza di sicurezza. Ogni modello presenta caratteristiche particolari che ne migliorano la performance di utilizzo, perci\u00f2 raccomandiamo una consulenza dedicata per individuare il modello che meglio soddisfa le esigenze specifiche del cliente. <strong>Una selezione di modelli pi\u00f9 largamente utilizzati \u00e8 sempre disponibile in stock, mentre, in caso di richiesta personalizzata, sono disponibili decine di modelli tra cui scegliere.&nbsp;<\/strong><\/p>\n<\/div>\n<\/div>\n\n\n\n<div style=\"height:50px\" aria-hidden=\"true\" class=\"wp-block-spacer\"><\/div>\n\n\n<div class=\"wp-bootstrap-blocks-container container-fluid mb-5 custom_container custom_container--middle\">\n\t\n<div class=\"wp-bootstrap-blocks-row row\">\n\t\n\n<div class=\"col-12\">\n\t\t\t\n\n<h2 class=\"wp-block-heading\">Sigilli di sicurezza &#8211; Comprare&nbsp;direttamente&nbsp;nel&nbsp;negozio&nbsp;online<\/h2>\n\n\t<\/div>\n\n\n\n<div class=\"col-12 table__wrapper\">\n\t\t\t\n\n<table class=\"wp-block-advgb-table advgb-table-frontend is-style-stripes\"><thead><tr><th><strong>Numero dell&#8217;articolo<\/strong><\/th><th><strong>Nome dell&#8217;articolo<\/strong><\/th><th><strong>Lunghezza totale<\/strong><\/th><th><strong>Resistenza<\/strong><\/th><\/tr><\/thead><tbody><tr><td style=\"text-align:left\"><a href=\"https:\/\/shop.orfix.it\/sigilli-di-sicurezza\/universal-s-sigillo-a-strozzo-da-205-cm.html\" class=\"ek-link\">SI20126<\/a><\/td><td style=\"text-align:left\"><a href=\"https:\/\/shop.orfix.it\/sigilli-di-sicurezza\/universal-s-sigillo-a-strozzo-da-205-cm.html\">Universal S<\/a><\/td><td style=\"text-align:left\"><a href=\"https:\/\/shop.orfix.it\/sigilli-di-sicurezza\/universal-s-sigillo-a-strozzo-da-205-cm.html\">20,5 cm<\/a><\/td><td style=\"text-align:left\">15 kg<\/td><\/tr><tr><td style=\"text-align:left\"><a href=\"https:\/\/shop.orfix.it\/fascette-per-banconote\/fascette-per-mazzette-di-banconote-da-1000.html\" class=\"ek-link\">FA10020<\/a><\/td><td style=\"text-align:left\"><a href=\"https:\/\/shop.orfix.it\/sigilli-di-sicurezza\/universal-m-sigillo-a-strozzo-da-285-cm.html\">Universal M<\/a><\/td><td style=\"text-align:left\">28,5 cm<\/td><td style=\"text-align:left\">15 kg<\/td><\/tr><tr><td style=\"text-align:left\"><a href=\"https:\/\/shop.orfix.it\/sigilli-di-sicurezza\/universal-m-sigillo-a-strozzo-da-285-cm.html\" class=\"ek-link\"><a href=\"https:\/\/shop.orfix.it\/sigilli-di-sicurezza\/universal-m-sigillo-a-strozzo-da-285-cm.html\" class=\"ek-link\">SI20107<\/a><\/a><\/td><td style=\"text-align:left\"><a href=\"https:\/\/shop.orfix.it\/sigilli-di-sicurezza\/universal-l-sigillo-a-strozzo-da-385-cm.html\" class=\"ek-link\">Universal L<\/a><\/td><td style=\"text-align:left\">28,5 cm<\/td><td style=\"text-align:left\">15 kg<\/td><\/tr><tr><td style=\"text-align:left\"><a href=\"http:\/\/SI20102\" class=\"ek-link\">SI20102<\/a><\/td><td style=\"text-align:left\"><a href=\"https:\/\/shop.orfix.it\/sigilli-di-sicurezza\/combi-sigillo-da-19-cm.html\" class=\"ek-link\">Combi<\/a><\/td><td style=\"text-align:left\">19 cm<\/td><td style=\"text-align:left\">18 kg<\/td><\/tr><tr><td style=\"text-align:left\"><a href=\"https:\/\/shop.orfix.it\/sigilli-di-sicurezza\/sigillo-per-bloccaggio-filo-metallico.html\" class=\"ek-link\">SI20121<\/a><\/td><td style=\"text-align:left\"><a href=\"https:\/\/shop.orfix.it\/sigilli-di-sicurezza\/sigillo-per-bloccaggio-filo-metallico.html\">Sigillo per bloccaggio filo metallico<\/a><\/td><td style=\"text-align:left\"><\/td><td style=\"text-align:left\"><\/td><\/tr><tr><td style=\"text-align:left\"><a href=\"https:\/\/shop.orfix.it\/sigilli-di-sicurezza\/sigillo-per-borselli.html\">SI10100<\/a><\/td><td style=\"text-align:left\"><a href=\"https:\/\/shop.orfix.it\/sigilli-di-sicurezza\/sigillo-per-borselli.html\">Sigillo per borselli<\/a><\/td><td style=\"text-align:left\"><\/td><td style=\"text-align:left\"><\/td><\/tr><tr><td style=\"text-align:left\"><a href=\"https:\/\/shop.orfix.it\/sigilli-di-sicurezza\/sigillo-con-spiralina-metallica.html\" class=\"ek-link\">SI10377<\/a><\/td><td style=\"text-align:left\"><a href=\"https:\/\/shop.orfix.it\/sigilli-di-sicurezza\/sigillo-con-spiralina-metallica.html\">Sigillo con spiralina metallica<\/a><\/td><td style=\"text-align:left\">28,8 cm<\/td><td style=\"text-align:left\">5 kg<\/td><\/tr><\/tbody><\/table>\n\n\t<\/div>\n\n<\/div>\n\n<\/div>\n\n\n<div class=\"wp-bootstrap-blocks-container container-fluid mb-5 custom_container custom_container--middle\">\n\t\n<div class=\"wp-bootstrap-blocks-row row\">\n\t\n\n<div class=\"col-12\">\n\t\t\t\n<div class=\"wp-bootstrap-blocks-container container mb-0\">\n\t\n<div class=\"wp-bootstrap-blocks-row row row--applications\">\n\t\n\n<div class=\"col-12 col-md-7 col--big\">\n\t\t\t\n\n<h2 class=\"wp-block-heading\" style=\"font-size:39px\">Settori di impiego<\/h2>\n\n\n<div class=\"wp-bootstrap-blocks-row row\">\n\t\n\n<div class=\"col-12 col-md-6\">\n\t\t\t\n\n<ul id=\"block-220349ef-e156-45ff-a000-a2c983f94d9b\" class=\"wp-block-list list--no-img-point\">\n<li class=\"has-medium-font-size\">Trasporto valori<\/li>\n\n\n\n<li class=\"has-medium-font-size\">Logistica<\/li>\n\n\n\n<li class=\"has-medium-font-size\">Banche<\/li>\n\n\n\n<li class=\"has-medium-font-size\">Distribuzione acqua e gas<\/li>\n<\/ul>\n\n\t<\/div>\n\n\n\n<div class=\"col-12 col-md-6\">\n\t\t\t\n\n<ul id=\"block-4c8d9446-2d99-4642-9491-9941e407dff9\" class=\"wp-block-list list--no-img-point\">\n<li class=\"has-medium-font-size\">Strumentazioni tecniche<\/li>\n\n\n\n<li class=\"has-medium-font-size\">Campionamento<\/li>\n\n\n\n<li class=\"has-medium-font-size\">Aviazione<\/li>\n\n\n\n<li class=\"has-medium-font-size\">Commercio<\/li>\n<\/ul>\n\n\t<\/div>\n\n<\/div>\n\n\t<\/div>\n\n\n\n<div class=\"col-12 col-md-5 col--small\">\n\t\t\t\n\n<h2 class=\"wp-block-heading\" style=\"font-size:30px\">La qualit\u00e0 orfix<\/h2>\n\n\n\n<p class=\"has-medium-font-size\">I sigilli di sicurezza orfix sono sottoposti a severi test di qualit\u00e0 durante la produzione. I materiali utilizzati sono sempre quelli ottimali per garantire la giusta resistenza per ogni applicazione. La stampa di numeri, barcode ed eventuale personalizzazione su richiesta \u00e8 realizzata in modo tale da garantire la massima visibilit\u00e0 e riconoscibilit\u00e0 del sigillo anche sotto video-registrazione. A seconda delle applicazioni specifiche, sono disponibili le relative certificazioni. <\/p>\n\n\t<\/div>\n\n<\/div>\n\n<\/div>\n\n\t<\/div>\n\n<\/div>\n\n<\/div>\n\n\n<div class=\"wp-bootstrap-blocks-container container-fluid mb-5 custom_container custom_container--middle\">\n\t\n<div class=\"wp-bootstrap-blocks-row row\">\n\t\n\n<div class=\"col-12 col-md-12 table__wrapper\">\n\t\t\t\n\n<h2 class=\"wp-block-heading\" style=\"font-size:30px\">Le linee di Sigilli di sicurezza orfix<\/h2>\n\n\n\n<table class=\"wp-block-advgb-table advgb-table-frontend is-style-stripes\"><thead><tr><th><strong>Tipo di sigillo<\/strong><\/th><th style=\"border-width:1px\"><strong>Esempi di applicazione<\/strong><\/th><\/tr><\/thead><tbody><tr><td>Sigilli a strozzo (con inserto metallico \/ a rosario)<\/td><td>Sacchi, camion, cisterne, sicurezza sul lavoro, aviazione, Borse riutilizzabili<\/td><\/tr><tr><td>Sigilli con lunghezza fissa \/ a lucchetto<\/td><td>Container, camion, cisterne, carrelli, strumentazione<\/td><\/tr><tr><td>Sigilli per Borse riutilizzabili<\/td><td>Borse riutilizzabili<\/td><\/tr><tr><td>Sigilli a cavo<\/td><td>Container, camion, cisterne<\/td><\/tr><tr><td>Sigilli a chiodo<\/td><td>Container<\/td><\/tr><tr><td>Sigilli con spiralina o bandella metallica<\/td><td>Trasporto valori (marsupi, cassetti Atm), Valvole, strumentazione<\/td><\/tr><\/tbody><\/table>\n\n\t<\/div>\n\n<\/div>\n\n<\/div>\n\n\n<div class=\"wp-bootstrap-blocks-container container-fluid mb-5 custom_container custom_container--middle\">\n\t\n<div class=\"wp-bootstrap-blocks-row row\">\n\t\n\n<div class=\"col-12\">\n\t\t\t\n\n<h2 class=\"wp-block-heading\" style=\"font-size:30px\">Tutti i modelli di sigillo orfix sono personalizzabili su richiesta<\/h2>\n\n\t<\/div>\n\n\n\n<div class=\"col-12 col-sm-6\">\n\t\t\t\n\n<ul id=\"block-2e5e2fde-d858-43fb-a5c6-9e665b377bce\" class=\"wp-block-list list--no-img-point\">\n<li class=\"has-medium-font-size\">Numerazione sequenziale<\/li>\n\n\n\n<li class=\"has-medium-font-size\">Barcode (tutte le tipologie)<\/li>\n\n\n\n<li class=\"has-medium-font-size\">Ampia gamma di colori disponibili<\/li>\n<\/ul>\n\n\t<\/div>\n\n\n\n<div class=\"col-12 col-sm-6\">\n\t\t\t\n\n<ul id=\"block-2e5e2fde-d858-43fb-a5c6-9e665b377bce\" class=\"wp-block-list list--no-img-point\">\n<li class=\"has-medium-font-size\">Stampa personalizzata, a trasferimento termico, laser, lamina polifusa<\/li>\n\n\n\n<li class=\"has-medium-font-size\">Ampia variet\u00e0 di materiali per garantire la giusta resistenza<\/li>\n<\/ul>\n\n\t<\/div>\n\n<\/div>\n\n<\/div>\n\n\n<div class=\"wp-bootstrap-blocks-container container-fluid mb-5 custom_container custom_container--middle\">\n\t\n<div class=\"wp-bootstrap-blocks-row row custom-row__cta-contact\">\n\t\n\n<div class=\"col-12 col-md-6\">\n\t\t\t\n\n<figure class=\"wp-block-image size-large advgb-dyn-6432cdba\"><img loading=\"lazy\" decoding=\"async\" width=\"471\" height=\"344\" src=\"https:\/\/www.orfix.com\/wp-content\/uploads\/2020\/10\/shutterstock_116283283_471x344px.jpg\" alt=\"\" class=\"wp-image-3327\" srcset=\"https:\/\/www.orfix.com\/wp-content\/uploads\/2020\/10\/shutterstock_116283283_471x344px.jpg 471w, https:\/\/www.orfix.com\/wp-content\/uploads\/2020\/10\/shutterstock_116283283_471x344px-300x219.jpg 300w, https:\/\/www.orfix.com\/wp-content\/uploads\/2020\/10\/shutterstock_116283283_471x344px-24x18.jpg 24w, https:\/\/www.orfix.com\/wp-content\/uploads\/2020\/10\/shutterstock_116283283_471x344px-36x26.jpg 36w, https:\/\/www.orfix.com\/wp-content\/uploads\/2020\/10\/shutterstock_116283283_471x344px-48x35.jpg 48w\" sizes=\"auto, (max-width: 471px) 100vw, 471px\" \/><figcaption class=\"wp-element-caption\">Contattaci<\/figcaption><\/figure>\n\n\t<\/div>\n\n\n\n<div class=\"col-12 col-md-6\">\n\t\t\t\n<div class=\"employeeblock\">\n    <figure class=\"employeeblock__item employeeblock__item--img\">\n        <img decoding=\"async\" src=\"\" alt=\"\" \/>\n    <\/figure>\n    <div class=\"employeeblock__item employeeblock__item--content\">\n        <h2 class=\"name\">Customer Service<\/h2>\n        <p class=\"position\"><\/p>\n        <p><a class=\"link link--has-icon link--has-icon--mail\" href=\"mailto:info@orfix.it\">info@orfix.it<\/a><\/p>\n        <p><a class=\"link link--has-icon link--has-icon--tel\" href=\"tel:+390639870216\">+39 06 3987 0216<\/a><\/p>\n    <\/div>\n<\/div>\n\n\t<\/div>\n\n<\/div>\n\n<\/div>\n\n\n<div class=\"wp-bootstrap-blocks-container container-fluid mb-5 custom_container custom_container--middle\">\n\t\n<div class=\"wp-bootstrap-blocks-row row\">\n\t\n\n<div class=\"col-12 col-md-12\">\n\t\t\t\n\n<h2 class=\"wp-block-heading has-text-color advgb-dyn-a7701b6d\" style=\"color:#002855;font-size:30px\">orfix &#8211; il vostro specialista nella lavorazione di carta e polietilene<\/h2>\n\n\t<\/div>\n\n\n\n<div class=\"col-12 col-md-6\">\n\t\t\t\n\n<p class=\"has-medium-font-size\">Negli stabilimenti orfix ci dedichiamo allo sviluppo e alla produzione con tecniche all&#8217;avanguardia, mantenendo sempre un&#8217;attenzione particolare alle necessit\u00e0 individuali dei clienti, ma anche con responsabilit\u00e0 verso l&#8217;ambiente!<\/p>\n\n\n\n<p class=\"has-medium-font-size\">Mettiamo in pratica attivamente la sostenibilit\u00e0 con scelte quotidiane che preservino le risorse e cercando il pi\u00f9 possibile di essere CO2 neutrali. Questo \u00e8 ci\u00f2 che intendiamo nel nostro Gruppo con politica ambientale.<\/p>\n\n\n\n<p class=\"has-medium-font-size\">In quanto cliente orfix , riceverai qualit\u00e0 eccellente, costante e certificata. Ti ispireremo con la nostra innovazione e il nostro eccellente customer service.<\/p>\n\n\t<\/div>\n\n\n\n<div class=\"col-12 col-md-6\">\n\t\t\t\n\n<ul class=\"wp-block-list\">\n<li class=\"has-medium-font-size\">L&#8217;ampia gamma di prodotti standard orfix \u00e8 sempre disponibile a stock in pronta consegna.<\/li>\n\n\n\n<li class=\"has-medium-font-size\">orfix offre anche logistica e servizi personalizzati per i suoi clienti.<\/li>\n\n\n\n<li class=\"has-medium-font-size\">orfix \u00e8 in grado di produrre articoli con specifiche su richiesta, anche in piccole quantit\u00e0.<\/li>\n\n\n\n<li class=\"has-medium-font-size\">orfix offre una consulenza competente e personalizzata. Siamo ragiungibili tramite lo strumento <a href=\"\/it\/contact\/\">contact<\/a>, per telefono, e-mail o con visite di persona.<\/li>\n<\/ul>\n\n\t<\/div>\n\n<\/div>\n\n<\/div>\n\n\n\n<div style=\"height:20px\" aria-hidden=\"true\" class=\"wp-block-spacer\"><\/div>\n\n\n\n<figure class=\"wp-block-image size-full\"><img loading=\"lazy\" decoding=\"async\" width=\"2048\" height=\"600\" src=\"https:\/\/www.orfix.com\/wp-content\/uploads\/2024\/05\/orfix-Karte-2025-en.jpg\" alt=\"\" class=\"wp-image-32959\" srcset=\"https:\/\/www.orfix.com\/wp-content\/uploads\/2024\/05\/orfix-Karte-2025-en.jpg 2048w, https:\/\/www.orfix.com\/wp-content\/uploads\/2024\/05\/orfix-Karte-2025-en-768x225.jpg 768w, https:\/\/www.orfix.com\/wp-content\/uploads\/2024\/05\/orfix-Karte-2025-en-1536x450.jpg 1536w\" sizes=\"auto, (max-width: 2048px) 100vw, 2048px\" \/><\/figure>\n\n\n\n<p class=\"has-medium-font-size\">Saremmo lieti di offrirvi la nostra consulenza personalizzata!<br><strong>Il vostro partner competente con un&#8217;offerta completa per la gestione di valori da contare, imballare, trasportare o stoccare.<\/strong><\/p>\n\n\n\n<div style=\"height:20px\" aria-hidden=\"true\" class=\"wp-block-spacer\"><\/div>\n\n\n\n<div class=\"wp-block-buttons cta-banner-content__item is-layout-flex wp-block-buttons-is-layout-flex\">\n<div class=\"wp-block-button is-style-outline is-style-outline--1 advgb-dyn-830f02f0\"><a class=\"wp-block-button__link has-text-color has-medium-font-size has-custom-font-size wp-element-button\" href=\"\" style=\"border-radius:1px;color:#ba0c2f\" target=\"_blank\" rel=\"noreferrer noopener\"><strong>Contattaci<\/strong><\/a><\/div>\n\n\n\n<div class=\"wp-block-button btn__bg--red advgb-dyn-29a7399e\"><a class=\"wp-block-button__link has-white-color has-text-color has-background has-medium-font-size has-custom-font-size wp-element-button\" href=\"https:\/\/www.orfix.com\/it\/i-nostri-punti-di-eccellenza-prodotti\/\" style=\"border-radius:1px;background-color:#ba0c2f\" target=\"_blank\" rel=\"noreferrer noopener\"><strong>Prodotti<\/strong><\/a><\/div>\n\n\n\n<div class=\"wp-block-button btn__bg--red advgb-dyn-9cb8f791\"><a class=\"wp-block-button__link has-white-color has-text-color has-background has-medium-font-size has-custom-font-size wp-element-button\" href=\"https:\/\/shop.orfix.it\/\" style=\"border-radius:1px;background-color:#ba0c2f\" target=\"_blank\" rel=\"noreferrer noopener\"><strong>Webshop<\/strong><\/a><\/div>\n<\/div>\n\n\n\n<div style=\"height:20px\" aria-hidden=\"true\" class=\"wp-block-spacer\"><\/div>\n","protected":false},"excerpt":{"rendered":"<p>Sigilli di sicurezza orfix offre un&#8217;ampia gamma di sigilli di sicurezza per rispondere in modo ottimale ed efficace ad ogni esigenza di sicurezza. Ogni modello presenta caratteristiche particolari che ne migliorano la performance di utilizzo, perci\u00f2 raccomandiamo una consulenza dedicata per individuare il modello che meglio soddisfa le esigenze specifiche del cliente. Una selezione di<\/p>\n<p><a class=\"btn btn-secondary understrap-read-more-link\" href=\"https:\/\/www.orfix.com\/it\/i-nostri-punti-di-eccellenza-prodotti\/confezionamento-del-denaro\/security-seals\/\">Leggi tutto&#8230;<\/a><\/p>\n","protected":false},"author":36,"featured_media":0,"parent":7015,"menu_order":17,"comment_status":"closed","ping_status":"closed","template":"","meta":{"_acf_changed":false,"om_disable_all_campaigns":false,"inline_featured_image":false,"advgb_blocks_editor_width":"","advgb_blocks_columns_visual_guide":"","_monsterinsights_skip_tracking":false,"_monsterinsights_sitenote_active":false,"_monsterinsights_sitenote_note":"","_monsterinsights_sitenote_category":0,"_uf_show_specific_survey":0,"_uf_disable_surveys":false,"footnotes":""},"class_list":["post-7234","page","type-page","status-publish","hentry"],"acf":[],"aioseo_notices":[],"coauthors":[],"author_meta":{"author_link":"https:\/\/www.orfix.com\/it\/author\/mgendelmeyer\/","display_name":"Malte Gendelmeyer"},"relative_dates":{"created":"Pubblicato 5 anni fa","modified":"Aggiornato 5 mesi fa"},"absolute_dates":{"created":"Pubblicato il 9. Novembre 2020","modified":"Aggiornato il 29. Novembre 2025"},"absolute_dates_time":{"created":"Pubblicato il 9. Novembre 2020 14:38","modified":"Aggiornato il 29. Novembre 2025 22:00"},"featured_img_caption":"","featured_img":false,"series_order":"","_links":{"self":[{"href":"https:\/\/www.orfix.com\/it\/wp-json\/wp\/v2\/pages\/7234","targetHints":{"allow":["GET"]}}],"collection":[{"href":"https:\/\/www.orfix.com\/it\/wp-json\/wp\/v2\/pages"}],"about":[{"href":"https:\/\/www.orfix.com\/it\/wp-json\/wp\/v2\/types\/page"}],"author":[{"embeddable":true,"href":"https:\/\/www.orfix.com\/it\/wp-json\/wp\/v2\/users\/36"}],"replies":[{"embeddable":true,"href":"https:\/\/www.orfix.com\/it\/wp-json\/wp\/v2\/comments?post=7234"}],"version-history":[{"count":18,"href":"https:\/\/www.orfix.com\/it\/wp-json\/wp\/v2\/pages\/7234\/revisions"}],"predecessor-version":[{"id":32216,"href":"https:\/\/www.orfix.com\/it\/wp-json\/wp\/v2\/pages\/7234\/revisions\/32216"}],"up":[{"embeddable":true,"href":"https:\/\/www.orfix.com\/it\/wp-json\/wp\/v2\/pages\/7015"}],"wp:attachment":[{"href":"https:\/\/www.orfix.com\/it\/wp-json\/wp\/v2\/media?parent=7234"}],"curies":[{"name":"wp","href":"https:\/\/api.w.org\/{rel}","templated":true}]}}