{"id":7130,"date":"2020-11-09T14:07:34","date_gmt":"2020-11-09T13:07:34","guid":{"rendered":"http:\/\/orfix.netzkunst24.de\/?page_id=7130"},"modified":"2021-01-06T12:56:03","modified_gmt":"2021-01-06T11:56:03","slug":"blister-per-monete","status":"publish","type":"page","link":"https:\/\/www.orfix.com\/it\/i-nostri-punti-di-eccellenza-prodotti\/confezionamento-del-denaro\/blister-per-monete\/","title":{"rendered":"Blister per Monete"},"content":{"rendered":"<div class=\"wp-bootstrap-blocks-container container-fluid mb-5 custom_container custom_container--big custom_container--banner\">\n\t\n<div class=\"wp-bootstrap-blocks-row row custom_row custom_row--center\">\n\t\n\n<div class=\"col-12 col-md-12 custom_slider custom_slider__banner custom-banner-img\">\n\t\t\t\n\n<figure class=\"wp-block-image size-large is-resized\"><img loading=\"lazy\" decoding=\"async\" src=\"https:\/\/www.orfix.com\/wp-content\/uploads\/2020\/10\/Kunststoffhuelsen_1366x370px-2-1024x277.jpg\" alt=\"orfix Plastic Coin Tubes\" class=\"wp-image-5256\" width=\"1366\" height=\"370\" srcset=\"https:\/\/www.orfix.com\/wp-content\/uploads\/2020\/10\/Kunststoffhuelsen_1366x370px-2-1024x277.jpg 1024w, https:\/\/www.orfix.com\/wp-content\/uploads\/2020\/10\/Kunststoffhuelsen_1366x370px-2-300x81.jpg 300w, https:\/\/www.orfix.com\/wp-content\/uploads\/2020\/10\/Kunststoffhuelsen_1366x370px-2-768x208.jpg 768w, https:\/\/www.orfix.com\/wp-content\/uploads\/2020\/10\/Kunststoffhuelsen_1366x370px-2-24x7.jpg 24w, https:\/\/www.orfix.com\/wp-content\/uploads\/2020\/10\/Kunststoffhuelsen_1366x370px-2-36x10.jpg 36w, https:\/\/www.orfix.com\/wp-content\/uploads\/2020\/10\/Kunststoffhuelsen_1366x370px-2-48x13.jpg 48w, https:\/\/www.orfix.com\/wp-content\/uploads\/2020\/10\/Kunststoffhuelsen_1366x370px-2.jpg 1366w\" sizes=\"auto, (max-width: 1366px) 100vw, 1366px\" \/><figcaption><strong>Facile e preciso.<\/strong><\/figcaption><\/figure>\n\n\n\n\n\t<\/div>\n\n<\/div>\n\n<\/div>\n\n\n<div class=\"wp-bootstrap-blocks-container container-fluid mb-5 custom_container custom_container--small\">\n\t\n<div class=\"wp-bootstrap-blocks-row row\">\n\t\n\n<div class=\"col-12 col-md-12\">\n\t\t\t\n\n<h1>Plastic Coin Tubes<\/h1>\n\n\n\n<p>I Blister per monete orfix sono una soluzione affidabile e sicura per il confezionamento delle monete. I nostri blister sono riutilizzabili molte volte. &nbsp;<\/p>\n\n\n\n<p>L&#8217;inserimento delle monete avviene manualmente ed in maniera facilitata grazie agli alloggiamenti pre-formati. Il bliste, una volta riempito viene chiuso con una semplice pressione e non \u00e8 necessario contare le monete. <\/p>\n\n\n\n<p>Una striscia colorata differenzia visivamente le diverse denominazioni. <\/p>\n\n\n\n<p>I Blister orfix riportano la chiara indicazione della denominazione e del valore totale contenuto in ciascun formato. <\/p>\n\n\t<\/div>\n\n<\/div>\n\n<\/div>\n\n\n<div class=\"wp-bootstrap-blocks-container container-fluid mb-5 custom_container custom_container--middle\">\n\t\n<div class=\"wp-bootstrap-blocks-row row\">\n\t\n\n<div class=\"col-12 table__wrapper\">\n\t\t\t\n\n<table class=\"wp-block-advgb-table advgb-table-frontend is-style-stripes\"><thead><tr><th style=\"text-align:center\"><strong><strong>Articolo<\/strong><\/strong><\/th><th style=\"text-align:center\"><strong>Denominazione<\/strong><\/th><th style=\"text-align:center\"><strong>Contenuto<\/strong><\/th><th style=\"text-align:center\"><strong><strong>Color<\/strong><\/strong>e <strong>Striscia<\/strong><\/th><th style=\"text-align:center\"><strong><strong>Unit<\/strong>\u00e0 per scatola<\/strong><\/th><\/tr><\/thead><tbody><tr><td style=\"text-align:center\">10000570<\/td><td style=\"text-align:center\">0,01 \u20ac<\/td><td style=\"text-align:center\">50 x 0,01 = 0,50<\/td><td style=\"text-align:center\">bianco<\/td><td style=\"vertical-align:middle;text-align:center\" rowspan=\"8\">1.000<\/td><\/tr><tr><td style=\"text-align:center\">10000571<\/td><td style=\"text-align:center\">0,02 \u20ac<\/td><td style=\"text-align:center\">50 x 0,01 = 1,00<\/td><td style=\"text-align:center\">grigio<\/td><\/tr><tr><td style=\"text-align:center\">10000572<\/td><td style=\"text-align:center\">0,05 \u20ac<\/td><td style=\"text-align:center\">50 x 0,01 = 2,50<\/td><td style=\"text-align:center\">rosso<\/td><\/tr><tr><td style=\"text-align:center\">10000573<\/td><td style=\"text-align:center\">0,10 \u20ac<\/td><td style=\"text-align:center\">40 x 0,10 = 4,00<\/td><td style=\"text-align:center\">blu<\/td><\/tr><tr><td style=\"text-align:center\">10000574<\/td><td style=\"text-align:center\">0,20 \u20ac<\/td><td style=\"text-align:center\">40 x 0,10 = 8,00<\/td><td style=\"text-align:center\">arancione<\/td><\/tr><tr><td style=\"text-align:center\">10000575<\/td><td style=\"text-align:center\">0,50 \u20ac<\/td><td style=\"text-align:center\">40 x 0,10 = 20,00<\/td><td style=\"text-align:center\">verde<\/td><\/tr><tr><td style=\"text-align:center\">10000576<\/td><td style=\"text-align:center\">1,00 \u20ac<\/td><td style=\"text-align:center\">25 x 0,10 = 25,00<\/td><td style=\"text-align:center\">giallo<\/td><\/tr><tr><td style=\"text-align:center\">10000577<\/td><td style=\"text-align:center\">2,00 \u20ac<\/td><td style=\"text-align:center\">25 x 0,10 = 50,00<\/td><td style=\"text-align:center\">viola<\/td><\/tr><\/tbody><\/table>\n\n\t<\/div>\n\n<\/div>\n\n<\/div>\n\n\n<div class=\"wp-bootstrap-blocks-container container-fluid mb-5 custom_container custom_container--small\">\n\t\n<div class=\"wp-bootstrap-blocks-row row\">\n\t\n\n<div class=\"col-12\">\n\t\t\t\n\n<p>Disponibile solo su ordinazione.&nbsp;<\/p>\n\n\t<\/div>\n\n<\/div>\n\n<\/div>\n\n\n<div class=\"wp-bootstrap-blocks-container container-fluid mb-5 custom_container custom_container--small\">\n\t\n<div class=\"wp-bootstrap-blocks-row row\">\n\t\n\n<div class=\"col-12 col-md-12\">\n\t\t\t\n\n<h2 class=\"wp-block-heading\">Prodotti abbinabili<\/h2>\n\n\t<\/div>\n\n\n\n<div class=\"col-12\">\n\t\t\t\n\n<ul class=\"list--no-img-point wp-block-list\"><li><a href=\"https:\/\/www.orfix.com\/it\/i-nostri-punti-di-eccellenza-prodotti\/confezionamento-del-denaro\/tubi-in-carta-per-monete\/\">Coin tubes<\/a><\/li><li><a href=\"https:\/\/www.orfix.com\/it\/i-nostri-punti-di-eccellenza-prodotti\/confezionamento-del-denaro\/fascette-per-banconote\/\">Banknote wrappers<\/a><\/li><\/ul>\n\n\t<\/div>\n\n<\/div>\n\n<\/div>\n\n\n<div class=\"wp-bootstrap-blocks-container container-fluid mb-5 custom_container custom_container--middle\">\n\t\n<div class=\"wp-bootstrap-blocks-row row custom-row__cta-contact\">\n\t\n\n<div class=\"col-12 col-md-6\">\n\t\t\t\n\n<figure class=\"wp-block-image size-large advgb-dyn-6432cdba\"><img loading=\"lazy\" decoding=\"async\" width=\"471\" height=\"344\" src=\"https:\/\/www.orfix.com\/wp-content\/uploads\/2020\/10\/shutterstock_116283283_471x344px.jpg\" alt=\"\" class=\"wp-image-3327\" srcset=\"https:\/\/www.orfix.com\/wp-content\/uploads\/2020\/10\/shutterstock_116283283_471x344px.jpg 471w, https:\/\/www.orfix.com\/wp-content\/uploads\/2020\/10\/shutterstock_116283283_471x344px-300x219.jpg 300w, https:\/\/www.orfix.com\/wp-content\/uploads\/2020\/10\/shutterstock_116283283_471x344px-24x18.jpg 24w, https:\/\/www.orfix.com\/wp-content\/uploads\/2020\/10\/shutterstock_116283283_471x344px-36x26.jpg 36w, https:\/\/www.orfix.com\/wp-content\/uploads\/2020\/10\/shutterstock_116283283_471x344px-48x35.jpg 48w\" sizes=\"auto, (max-width: 471px) 100vw, 471px\" \/><figcaption class=\"wp-element-caption\">Contattaci<\/figcaption><\/figure>\n\n\t<\/div>\n\n\n\n<div class=\"col-12 col-md-6\">\n\t\t\t\n<div class=\"employeeblock\">\n    <figure class=\"employeeblock__item employeeblock__item--img\">\n        <img decoding=\"async\" src=\"\" alt=\"\" \/>\n    <\/figure>\n    <div class=\"employeeblock__item employeeblock__item--content\">\n        <h2 class=\"name\">Customer Service<\/h2>\n        <p class=\"position\"><\/p>\n        <p><a class=\"link link--has-icon link--has-icon--mail\" href=\"mailto:info@orfix.it\">info@orfix.it<\/a><\/p>\n        <p><a class=\"link link--has-icon link--has-icon--tel\" href=\"tel:+390639870216\">+39 06 3987 0216<\/a><\/p>\n    <\/div>\n<\/div>\n\n\t<\/div>\n\n<\/div>\n\n<\/div>\n\n\n<div class=\"wp-bootstrap-blocks-container container-fluid mb-5 custom_container custom_container--middle\">\n\t\n<div class=\"wp-bootstrap-blocks-row row\">\n\t\n\n<div class=\"col-12 col-md-12\">\n\t\t\t\n\n<h2 class=\"wp-block-heading has-text-color advgb-dyn-a7701b6d\" style=\"color:#002855;font-size:30px\">orfix &#8211; il vostro specialista nella lavorazione di carta e polietilene<\/h2>\n\n\t<\/div>\n\n\n\n<div class=\"col-12 col-md-6\">\n\t\t\t\n\n<p class=\"has-medium-font-size\">Negli stabilimenti orfix ci dedichiamo allo sviluppo e alla produzione con tecniche all&#8217;avanguardia, mantenendo sempre un&#8217;attenzione particolare alle necessit\u00e0 individuali dei clienti, ma anche con responsabilit\u00e0 verso l&#8217;ambiente!<\/p>\n\n\n\n<p class=\"has-medium-font-size\">Mettiamo in pratica attivamente la sostenibilit\u00e0 con scelte quotidiane che preservino le risorse e cercando il pi\u00f9 possibile di essere CO2 neutrali. Questo \u00e8 ci\u00f2 che intendiamo nel nostro Gruppo con politica ambientale.<\/p>\n\n\n\n<p class=\"has-medium-font-size\">In quanto cliente orfix , riceverai qualit\u00e0 eccellente, costante e certificata. Ti ispireremo con la nostra innovazione e il nostro eccellente customer service.<\/p>\n\n\t<\/div>\n\n\n\n<div class=\"col-12 col-md-6\">\n\t\t\t\n\n<ul class=\"wp-block-list\">\n<li class=\"has-medium-font-size\">L&#8217;ampia gamma di prodotti standard orfix \u00e8 sempre disponibile a stock in pronta consegna.<\/li>\n\n\n\n<li class=\"has-medium-font-size\">orfix offre anche logistica e servizi personalizzati per i suoi clienti.<\/li>\n\n\n\n<li class=\"has-medium-font-size\">orfix \u00e8 in grado di produrre articoli con specifiche su richiesta, anche in piccole quantit\u00e0.<\/li>\n\n\n\n<li class=\"has-medium-font-size\">orfix offre una consulenza competente e personalizzata. Siamo ragiungibili tramite lo strumento <a href=\"\/it\/contact\/\">contact<\/a>, per telefono, e-mail o con visite di persona.<\/li>\n<\/ul>\n\n\t<\/div>\n\n<\/div>\n\n<\/div>\n\n\n\n<div style=\"height:20px\" aria-hidden=\"true\" class=\"wp-block-spacer\"><\/div>\n\n\n\n<figure class=\"wp-block-image size-full\"><img loading=\"lazy\" decoding=\"async\" width=\"2048\" height=\"600\" src=\"https:\/\/www.orfix.com\/wp-content\/uploads\/2024\/05\/orfix-Karte-2025-en.jpg\" alt=\"\" class=\"wp-image-32959\" srcset=\"https:\/\/www.orfix.com\/wp-content\/uploads\/2024\/05\/orfix-Karte-2025-en.jpg 2048w, https:\/\/www.orfix.com\/wp-content\/uploads\/2024\/05\/orfix-Karte-2025-en-768x225.jpg 768w, https:\/\/www.orfix.com\/wp-content\/uploads\/2024\/05\/orfix-Karte-2025-en-1536x450.jpg 1536w\" sizes=\"auto, (max-width: 2048px) 100vw, 2048px\" \/><\/figure>\n\n\n\n<p class=\"has-medium-font-size\">Saremmo lieti di offrirvi la nostra consulenza personalizzata!<br><strong>Il vostro partner competente con un&#8217;offerta completa per la gestione di valori da contare, imballare, trasportare o stoccare.<\/strong><\/p>\n\n\n\n<div style=\"height:20px\" aria-hidden=\"true\" class=\"wp-block-spacer\"><\/div>\n\n\n\n<div class=\"wp-block-buttons cta-banner-content__item is-layout-flex wp-block-buttons-is-layout-flex\">\n<div class=\"wp-block-button is-style-outline is-style-outline--1 advgb-dyn-830f02f0\"><a class=\"wp-block-button__link has-text-color has-medium-font-size has-custom-font-size wp-element-button\" href=\"\" style=\"border-radius:1px;color:#ba0c2f\" target=\"_blank\" rel=\"noreferrer noopener\"><strong>Contattaci<\/strong><\/a><\/div>\n\n\n\n<div class=\"wp-block-button btn__bg--red advgb-dyn-29a7399e\"><a class=\"wp-block-button__link has-white-color has-text-color has-background has-medium-font-size has-custom-font-size wp-element-button\" href=\"https:\/\/www.orfix.com\/it\/i-nostri-punti-di-eccellenza-prodotti\/\" style=\"border-radius:1px;background-color:#ba0c2f\" target=\"_blank\" rel=\"noreferrer noopener\"><strong>Prodotti<\/strong><\/a><\/div>\n\n\n\n<div class=\"wp-block-button btn__bg--red advgb-dyn-9cb8f791\"><a class=\"wp-block-button__link has-white-color has-text-color has-background has-medium-font-size has-custom-font-size wp-element-button\" href=\"https:\/\/shop.orfix.it\/\" style=\"border-radius:1px;background-color:#ba0c2f\" target=\"_blank\" rel=\"noreferrer noopener\"><strong>Webshop<\/strong><\/a><\/div>\n<\/div>\n\n\n\n<div style=\"height:20px\" aria-hidden=\"true\" class=\"wp-block-spacer\"><\/div>\n","protected":false},"excerpt":{"rendered":"<p><a class=\"btn btn-secondary understrap-read-more-link\" href=\"https:\/\/www.orfix.com\/it\/i-nostri-punti-di-eccellenza-prodotti\/confezionamento-del-denaro\/blister-per-monete\/\">Leggi tutto&#8230;<\/a><\/p>\n","protected":false},"author":36,"featured_media":0,"parent":7015,"menu_order":7,"comment_status":"closed","ping_status":"closed","template":"","meta":{"_acf_changed":false,"om_disable_all_campaigns":false,"inline_featured_image":false,"advgb_blocks_editor_width":"","advgb_blocks_columns_visual_guide":"","_monsterinsights_skip_tracking":false,"_monsterinsights_sitenote_active":false,"_monsterinsights_sitenote_note":"","_monsterinsights_sitenote_category":0,"_uf_show_specific_survey":0,"_uf_disable_surveys":false,"footnotes":""},"class_list":["post-7130","page","type-page","status-publish","hentry"],"acf":[],"aioseo_notices":[],"coauthors":[],"author_meta":{"author_link":"https:\/\/www.orfix.com\/it\/author\/mgendelmeyer\/","display_name":"Malte Gendelmeyer"},"relative_dates":{"created":"Pubblicato 5 anni fa","modified":"Aggiornato 5 anni fa"},"absolute_dates":{"created":"Pubblicato il 9. Novembre 2020","modified":"Aggiornato il 6. Gennaio 2021"},"absolute_dates_time":{"created":"Pubblicato il 9. Novembre 2020 14:07","modified":"Aggiornato il 6. Gennaio 2021 12:56"},"featured_img_caption":"","featured_img":false,"series_order":"","_links":{"self":[{"href":"https:\/\/www.orfix.com\/it\/wp-json\/wp\/v2\/pages\/7130","targetHints":{"allow":["GET"]}}],"collection":[{"href":"https:\/\/www.orfix.com\/it\/wp-json\/wp\/v2\/pages"}],"about":[{"href":"https:\/\/www.orfix.com\/it\/wp-json\/wp\/v2\/types\/page"}],"author":[{"embeddable":true,"href":"https:\/\/www.orfix.com\/it\/wp-json\/wp\/v2\/users\/36"}],"replies":[{"embeddable":true,"href":"https:\/\/www.orfix.com\/it\/wp-json\/wp\/v2\/comments?post=7130"}],"version-history":[{"count":5,"href":"https:\/\/www.orfix.com\/it\/wp-json\/wp\/v2\/pages\/7130\/revisions"}],"predecessor-version":[{"id":13254,"href":"https:\/\/www.orfix.com\/it\/wp-json\/wp\/v2\/pages\/7130\/revisions\/13254"}],"up":[{"embeddable":true,"href":"https:\/\/www.orfix.com\/it\/wp-json\/wp\/v2\/pages\/7015"}],"wp:attachment":[{"href":"https:\/\/www.orfix.com\/it\/wp-json\/wp\/v2\/media?parent=7130"}],"curies":[{"name":"wp","href":"https:\/\/api.w.org\/{rel}","templated":true}]}}