{"id":7117,"date":"2020-11-09T14:06:09","date_gmt":"2020-11-09T13:06:09","guid":{"rendered":"http:\/\/orfix.netzkunst24.de\/?page_id=7117"},"modified":"2025-11-29T22:12:48","modified_gmt":"2025-11-29T21:12:48","slug":"tubi-in-carta-per-monete","status":"publish","type":"page","link":"https:\/\/www.orfix.com\/it\/i-nostri-punti-di-eccellenza-prodotti\/confezionamento-del-denaro\/tubi-in-carta-per-monete\/","title":{"rendered":"Tubi in carta per Monete"},"content":{"rendered":"<div class=\"wp-bootstrap-blocks-container container-fluid mb-5 custom_container custom_container--big custom_container--banner\">\n\t\n<div class=\"wp-bootstrap-blocks-row row custom_row custom_row--center\">\n\t\n\n<div class=\"col-12 col-md-12 custom_slider custom_slider__banner custom-banner-img\">\n\t\t\t\n\n<figure class=\"wp-block-image size-full desktop-banner\"><img loading=\"lazy\" decoding=\"async\" width=\"2133\" height=\"577\" src=\"https:\/\/www.orfix.com\/wp-content\/uploads\/2024\/05\/orfix_Header_Banner_CashPackaging_Coin-Tubes_IT_1024x277.jpg\" alt=\"Tubi in carta per monete orfix multicolore per contamonete e selezionatrici\" class=\"wp-image-23710\" srcset=\"https:\/\/www.orfix.com\/wp-content\/uploads\/2024\/05\/orfix_Header_Banner_CashPackaging_Coin-Tubes_IT_1024x277.jpg 2133w, https:\/\/www.orfix.com\/wp-content\/uploads\/2024\/05\/orfix_Header_Banner_CashPackaging_Coin-Tubes_IT_1024x277-768x208.jpg 768w, https:\/\/www.orfix.com\/wp-content\/uploads\/2024\/05\/orfix_Header_Banner_CashPackaging_Coin-Tubes_IT_1024x277-1536x416.jpg 1536w, https:\/\/www.orfix.com\/wp-content\/uploads\/2024\/05\/orfix_Header_Banner_CashPackaging_Coin-Tubes_IT_1024x277-2048x554.jpg 2048w\" sizes=\"auto, (max-width: 2133px) 100vw, 2133px\" \/><\/figure>\n\n\n\n\n\t<\/div>\n\n<\/div>\n\n\n<div class=\"wp-bootstrap-blocks-row row custom_row custom_row--center\">\n\t\n\n<div class=\"col-12 col-md-12 custom_slider custom_slider__banner custom-banner-img\">\n\t\t\t\n\n<figure class=\"wp-block-image size-full mobile-banner\"><img loading=\"lazy\" decoding=\"async\" width=\"1583\" height=\"1250\" src=\"https:\/\/www.orfix.com\/wp-content\/uploads\/2024\/05\/orfix_Mobile_Banner-CashPackaging_Coin-Tubes_IT_760x650.jpg\" alt=\"Tubi in carta orfix per il conteggio e la custodia di monete\" class=\"wp-image-23716\" srcset=\"https:\/\/www.orfix.com\/wp-content\/uploads\/2024\/05\/orfix_Mobile_Banner-CashPackaging_Coin-Tubes_IT_760x650.jpg 1583w, https:\/\/www.orfix.com\/wp-content\/uploads\/2024\/05\/orfix_Mobile_Banner-CashPackaging_Coin-Tubes_IT_760x650-768x606.jpg 768w, https:\/\/www.orfix.com\/wp-content\/uploads\/2024\/05\/orfix_Mobile_Banner-CashPackaging_Coin-Tubes_IT_760x650-1536x1213.jpg 1536w\" sizes=\"auto, (max-width: 1583px) 100vw, 1583px\" \/><\/figure>\n\n\n\n\n\t<\/div>\n\n<\/div>\n\n<\/div>\n\n\n\n<div class=\"wp-block-columns is-layout-flex wp-container-core-columns-is-layout-9d6595d7 wp-block-columns-is-layout-flex\">\n<div class=\"wp-block-column is-layout-flow wp-block-column-is-layout-flow\">\n<h1 class=\"wp-block-heading has-text-color\" style=\"color:#002855;font-size:30px\">Tubi in carta per monete<\/h1>\n\n\n\n<p class=\"has-medium-font-size\">I tubi in carta per monete orfix sono progettati per il confezionamento manuale o semi-automatico delle monete. Adatti a tutte le tipologie di contamonete e selezionatrici. Il fondo del tubo \u00e8 gi\u00e0 saldato, mentre la parte superiore \u00e8 aperta per consentire l&#8217;inserimento delle monete. orfix propone in versione standard la serie per euro, ma \u00e8 possiamo realizzare su richiesta versioni personalizzate per altre valute ed in altri colori. &nbsp;<\/p>\n<\/div>\n<\/div>\n\n\n<div class=\"wp-bootstrap-blocks-container container-fluid mb-5 custom_container custom_container--middle\">\n\t\n<div class=\"wp-bootstrap-blocks-row row\">\n\t\n\n<div class=\"col-12\">\n\t\t\t\n\n<h2 class=\"wp-block-heading\" style=\"font-size:30px\">La serie standard orfix &#8211; Comprare&nbsp;direttamente&nbsp;nel&nbsp;negozio&nbsp;online <\/h2>\n\n\t<\/div>\n\n\n\n<div class=\"col-12 table__wrapper\">\n\t\t\t\n\n<table class=\"wp-block-advgb-table advgb-table-frontend is-style-stripes\"><thead><tr><th style=\"text-align:center\"><strong>Numero dell\u2019articolo<\/strong><\/th><th style=\"text-align:center\"><strong>Nome dell\u2019articolo<\/strong><\/th><th style=\"text-align:center\"><strong><strong>Color<\/strong><\/strong>e<\/th><th style=\"text-align:center\"><strong><strong>Qt\u00e0 per <\/strong><\/strong>scatola<\/th><\/tr><\/thead><tbody><tr><td style=\"text-align:center\"><a href=\"https:\/\/shop.orfix.it\/tubi-in-carta-per-monete\/tubi-in-carta-per-5-centesimi.html\">TU00003<\/a><\/td><td style=\"text-align:center\"><a href=\"https:\/\/shop.orfix.it\/tubi-in-carta-per-monete\/tubi-in-carta-per-5-centesimi.html\">Tubi in carta per 5 centesimi<\/a><\/td><td style=\"text-align:center\">rosso<\/td><td style=\"text-align:center\">1000 tubi\/scatola<\/td><\/tr><tr><td style=\"text-align:center\"><a href=\"https:\/\/shop.orfix.it\/tubi-in-carta-per-monete\/tubi-in-carta-per-10-centesimi.html\">TU00004<\/a><\/td><td style=\"text-align:center\"><a href=\"https:\/\/shop.orfix.it\/tubi-in-carta-per-monete\/tubi-in-carta-per-10-centesimi.html\">Tubi in carta per 10 centesimi<\/a><\/td><td style=\"text-align:center\">blu<\/td><td style=\"text-align:center\">1000 tubi\/scatola<\/td><\/tr><tr><td style=\"text-align:center\"><a href=\"https:\/\/shop.orfix.it\/tubi-in-carta-per-monete\/tubi-in-carta-per-20-centesimi.html\">TU00005<\/a><\/td><td style=\"text-align:center\"><a href=\"https:\/\/shop.orfix.it\/tubi-in-carta-per-monete\/tubi-in-carta-per-20-centesimi.html\">Tubi in carta per 20 centesimi<\/a><\/td><td style=\"text-align:center\">arancione<\/td><td style=\"text-align:center\">1000 tubi\/scatola<\/td><\/tr><tr><td style=\"text-align:center\"><a href=\"https:\/\/shop.orfix.it\/tubi-in-carta-per-monete\/tubi-in-carta-per-50-centesimi.html\">TU00006<\/a><\/td><td style=\"text-align:center\"><a href=\"https:\/\/shop.orfix.it\/tubi-in-carta-per-monete\/tubi-in-carta-per-50-centesimi.html\">Tubi in carta per 50 centesimi<\/a><\/td><td style=\"text-align:center\">verde<\/td><td style=\"text-align:center\">1000 tubi\/scatola<\/td><\/tr><tr><td style=\"text-align:center\"><a href=\"https:\/\/shop.orfix.it\/tubi-in-carta-per-monete\/tubi-in-carta-per-1-euro.html\">TU00007<\/a><\/td><td style=\"text-align:center\"><a href=\"https:\/\/shop.orfix.it\/tubi-in-carta-per-monete\/tubi-in-carta-per-1-euro.html\">Tubi in carta per 1 Euro<\/a><\/td><td style=\"text-align:center\">giallo<\/td><td style=\"text-align:center\">1000 tubi\/scatola<\/td><\/tr><tr><td style=\"text-align:center\"><a href=\"https:\/\/shop.orfix.it\/tubi-in-carta-per-monete\/tubi-in-carta-per-2-euro.html\">TU00008<\/a><\/td><td style=\"text-align:center\"><a href=\"https:\/\/shop.orfix.it\/tubi-in-carta-per-monete\/tubi-in-carta-per-2-euro.html\">Tubi in carta per 2 Euro<\/a><\/td><td style=\"text-align:center\">viola<\/td><td style=\"text-align:center\">1000 tubi\/scatola<\/td><\/tr><\/tbody><\/table>\n\n\t<\/div>\n\n<\/div>\n\n<\/div>\n\n\n<div class=\"wp-bootstrap-blocks-container container-fluid mb-5 custom_container custom_container--middle\">\n\t\n<div class=\"wp-bootstrap-blocks-row row\">\n\t\n\n<div class=\"col-12\">\n\t\t\t\n<div class=\"wp-bootstrap-blocks-container container mb-0\">\n\t\n<div class=\"wp-bootstrap-blocks-row row row--applications\">\n\t\n\n<div class=\"col-12 col-md-7 col--big\">\n\t\t\t\n\n<h2 class=\"wp-block-heading\" style=\"font-size:30px\">Applicazioni<\/h2>\n\n\n<div class=\"wp-bootstrap-blocks-row row\">\n\t\n\n<div class=\"col-12 col-md-6\">\n\t\t\t\n\n<ul id=\"block-f3bcef6b-5e1b-4657-8635-27147c4046f4\" class=\"wp-block-list list--no-img-point\">\n<li class=\"has-medium-font-size\">Vending &nbsp;<\/li>\n\n\n\n<li class=\"has-medium-font-size\">Commercio&nbsp;<\/li>\n\n\n\n<li class=\"has-medium-font-size\">Trasporti pubblici<\/li>\n\n\n\n<li class=\"has-medium-font-size\">Mense&nbsp;<\/li>\n<\/ul>\n\n\t<\/div>\n\n\n\n<div class=\"col-12 col-md-6\">\n\t\t\t\n\n<ul id=\"block-c929d4eb-37aa-4984-8c6a-1edf956363ad\" class=\"wp-block-list list--no-img-point\">\n<li class=\"has-medium-font-size\">Banche<\/li>\n\n\n\n<li class=\"has-medium-font-size\">Casin\u00f2<\/li>\n\n\n\n<li class=\"has-medium-font-size\">Settore Pubblico<\/li>\n<\/ul>\n\n\t<\/div>\n\n<\/div>\n\n\t<\/div>\n\n\n\n<div class=\"col-12 col-md-5 col--small\">\n\t\t\t\n<div class=\"wp-bootstrap-blocks-row row\">\n\t\n\n<div class=\"col-8 col-seals-row\">\n\t\t\t\n\n<figure class=\"wp-block-image size-large\"><img loading=\"lazy\" decoding=\"async\" width=\"71\" height=\"91\" src=\"https:\/\/www.orfix.com\/wp-content\/uploads\/2020\/09\/greenlabel_logo.svg\" alt=\"\" class=\"wp-image-521\"\/><\/figure>\n\n\t<\/div>\n\n<\/div>\n\n\n<div class=\"wp-bootstrap-blocks-row row\">\n\t\n\n<div class=\"col-12\">\n\t\t\t\n\n<p class=\"has-medium-font-size\">I tubi in carte per monete orfix sono soggetti a severi test di qualit\u00e0 durante la produzione e sono realizzati con carta riciclata di alta qualit\u00e0. Si tratta di un prodotto ecologico, realizzato con una politica di ottimizzazione dell&#8217;impiego elle risorse per evitare sprechi.<\/p>\n\n\t<\/div>\n\n<\/div>\n\n\t<\/div>\n\n<\/div>\n\n<\/div>\n\n\t<\/div>\n\n<\/div>\n\n<\/div>\n\n\n<div class=\"wp-bootstrap-blocks-container container-fluid mb-5 custom_container custom_container--middle\">\n\t\n<div class=\"wp-bootstrap-blocks-row row\">\n\t\n\n<div class=\"col-12 col-md-12\">\n\t\t\t\n\n<h2 class=\"wp-block-heading\" style=\"font-size:30px\">Specifiche tecniche<\/h2>\n\n\t<\/div>\n\n\n\n<div class=\"col-12 col-md-6\">\n\t\t\t\n\n<ul class=\"wp-block-list\">\n<li class=\"has-medium-font-size\">Realizzati in carta riciclata di alta qualit\u00e0, ecologica e prodotta con minimo impatto ambientale &nbsp;<\/li>\n\n\n\n<li class=\"has-medium-font-size\">ogni denominazione ha il suo colore, per distinguere visivamente i diversi formati <\/li>\n<\/ul>\n\n\t<\/div>\n\n\n\n<div class=\"col-12 col-md-6\">\n\t\t\t\n\n<ul id=\"block-b9702cdf-b253-46da-9698-fcd085fc21af\" class=\"wp-block-list\">\n<li class=\"has-medium-font-size\">disponibili per qualsiasi valuta e con colori a scelta &nbsp;<\/li>\n\n\n\n<li class=\"has-medium-font-size\">Possibilit\u00e0 di personalizzazione su richiesta (per un minimo 50.000 pezzi per denominazione)&nbsp;<\/li>\n<\/ul>\n\n\t<\/div>\n\n<\/div>\n\n<\/div>\n\n\n<div class=\"wp-bootstrap-blocks-container container-fluid mb-5 custom_container custom_container--middle\">\n\t\n<div class=\"wp-bootstrap-blocks-row row custom-row__cta-contact\">\n\t\n\n<div class=\"col-12 col-md-6\">\n\t\t\t\n\n<figure class=\"wp-block-image size-large advgb-dyn-6432cdba\"><img loading=\"lazy\" decoding=\"async\" width=\"471\" height=\"344\" src=\"https:\/\/www.orfix.com\/wp-content\/uploads\/2020\/10\/shutterstock_116283283_471x344px.jpg\" alt=\"\" class=\"wp-image-3327\" srcset=\"https:\/\/www.orfix.com\/wp-content\/uploads\/2020\/10\/shutterstock_116283283_471x344px.jpg 471w, https:\/\/www.orfix.com\/wp-content\/uploads\/2020\/10\/shutterstock_116283283_471x344px-300x219.jpg 300w, https:\/\/www.orfix.com\/wp-content\/uploads\/2020\/10\/shutterstock_116283283_471x344px-24x18.jpg 24w, https:\/\/www.orfix.com\/wp-content\/uploads\/2020\/10\/shutterstock_116283283_471x344px-36x26.jpg 36w, https:\/\/www.orfix.com\/wp-content\/uploads\/2020\/10\/shutterstock_116283283_471x344px-48x35.jpg 48w\" sizes=\"auto, (max-width: 471px) 100vw, 471px\" \/><figcaption class=\"wp-element-caption\">Contattaci<\/figcaption><\/figure>\n\n\t<\/div>\n\n\n\n<div class=\"col-12 col-md-6\">\n\t\t\t\n<div class=\"employeeblock\">\n    <figure class=\"employeeblock__item employeeblock__item--img\">\n        <img decoding=\"async\" src=\"\" alt=\"\" \/>\n    <\/figure>\n    <div class=\"employeeblock__item employeeblock__item--content\">\n        <h2 class=\"name\">Customer Service<\/h2>\n        <p class=\"position\"><\/p>\n        <p><a class=\"link link--has-icon link--has-icon--mail\" href=\"mailto:info@orfix.it\">info@orfix.it<\/a><\/p>\n        <p><a class=\"link link--has-icon link--has-icon--tel\" href=\"tel:+390639870216\">+39 06 3987 0216<\/a><\/p>\n    <\/div>\n<\/div>\n\n\t<\/div>\n\n<\/div>\n\n<\/div>\n\n\n<div class=\"wp-bootstrap-blocks-container container-fluid mb-5 custom_container custom_container--middle\">\n\t\n<div class=\"wp-bootstrap-blocks-row row\">\n\t\n\n<div class=\"col-12 col-md-12\">\n\t\t\t\n\n<h2 class=\"wp-block-heading has-text-color advgb-dyn-a7701b6d\" style=\"color:#002855;font-size:30px\">orfix &#8211; il vostro specialista nella lavorazione di carta e polietilene<\/h2>\n\n\t<\/div>\n\n\n\n<div class=\"col-12 col-md-6\">\n\t\t\t\n\n<p class=\"has-medium-font-size\">Negli stabilimenti orfix ci dedichiamo allo sviluppo e alla produzione con tecniche all&#8217;avanguardia, mantenendo sempre un&#8217;attenzione particolare alle necessit\u00e0 individuali dei clienti, ma anche con responsabilit\u00e0 verso l&#8217;ambiente!<\/p>\n\n\n\n<p class=\"has-medium-font-size\">Mettiamo in pratica attivamente la sostenibilit\u00e0 con scelte quotidiane che preservino le risorse e cercando il pi\u00f9 possibile di essere CO2 neutrali. Questo \u00e8 ci\u00f2 che intendiamo nel nostro Gruppo con politica ambientale.<\/p>\n\n\n\n<p class=\"has-medium-font-size\">In quanto cliente orfix , riceverai qualit\u00e0 eccellente, costante e certificata. Ti ispireremo con la nostra innovazione e il nostro eccellente customer service.<\/p>\n\n\t<\/div>\n\n\n\n<div class=\"col-12 col-md-6\">\n\t\t\t\n\n<ul class=\"wp-block-list\">\n<li class=\"has-medium-font-size\">L&#8217;ampia gamma di prodotti standard orfix \u00e8 sempre disponibile a stock in pronta consegna.<\/li>\n\n\n\n<li class=\"has-medium-font-size\">orfix offre anche logistica e servizi personalizzati per i suoi clienti.<\/li>\n\n\n\n<li class=\"has-medium-font-size\">orfix \u00e8 in grado di produrre articoli con specifiche su richiesta, anche in piccole quantit\u00e0.<\/li>\n\n\n\n<li class=\"has-medium-font-size\">orfix offre una consulenza competente e personalizzata. Siamo ragiungibili tramite lo strumento <a href=\"\/it\/contact\/\">contact<\/a>, per telefono, e-mail o con visite di persona.<\/li>\n<\/ul>\n\n\t<\/div>\n\n<\/div>\n\n<\/div>\n\n\n\n<div style=\"height:20px\" aria-hidden=\"true\" class=\"wp-block-spacer\"><\/div>\n\n\n\n<figure class=\"wp-block-image size-full\"><img loading=\"lazy\" decoding=\"async\" width=\"2048\" height=\"600\" src=\"https:\/\/www.orfix.com\/wp-content\/uploads\/2024\/05\/orfix-Karte-2025-en.jpg\" alt=\"\" class=\"wp-image-32959\" srcset=\"https:\/\/www.orfix.com\/wp-content\/uploads\/2024\/05\/orfix-Karte-2025-en.jpg 2048w, https:\/\/www.orfix.com\/wp-content\/uploads\/2024\/05\/orfix-Karte-2025-en-768x225.jpg 768w, https:\/\/www.orfix.com\/wp-content\/uploads\/2024\/05\/orfix-Karte-2025-en-1536x450.jpg 1536w\" sizes=\"auto, (max-width: 2048px) 100vw, 2048px\" \/><\/figure>\n\n\n\n<p class=\"has-medium-font-size\">Saremmo lieti di offrirvi la nostra consulenza personalizzata!<br><strong>Il vostro partner competente con un&#8217;offerta completa per la gestione di valori da contare, imballare, trasportare o stoccare.<\/strong><\/p>\n\n\n\n<div style=\"height:20px\" aria-hidden=\"true\" class=\"wp-block-spacer\"><\/div>\n\n\n\n<div class=\"wp-block-buttons cta-banner-content__item is-layout-flex wp-block-buttons-is-layout-flex\">\n<div class=\"wp-block-button is-style-outline is-style-outline--1 advgb-dyn-830f02f0\"><a class=\"wp-block-button__link has-text-color has-medium-font-size has-custom-font-size wp-element-button\" href=\"\" style=\"border-radius:1px;color:#ba0c2f\" target=\"_blank\" rel=\"noreferrer noopener\"><strong>Contattaci<\/strong><\/a><\/div>\n\n\n\n<div class=\"wp-block-button btn__bg--red advgb-dyn-29a7399e\"><a class=\"wp-block-button__link has-white-color has-text-color has-background has-medium-font-size has-custom-font-size wp-element-button\" href=\"https:\/\/www.orfix.com\/it\/i-nostri-punti-di-eccellenza-prodotti\/\" style=\"border-radius:1px;background-color:#ba0c2f\" target=\"_blank\" rel=\"noreferrer noopener\"><strong>Prodotti<\/strong><\/a><\/div>\n\n\n\n<div class=\"wp-block-button btn__bg--red advgb-dyn-9cb8f791\"><a class=\"wp-block-button__link has-white-color has-text-color has-background has-medium-font-size has-custom-font-size wp-element-button\" href=\"https:\/\/shop.orfix.it\/\" style=\"border-radius:1px;background-color:#ba0c2f\" target=\"_blank\" rel=\"noreferrer noopener\"><strong>Webshop<\/strong><\/a><\/div>\n<\/div>\n\n\n\n<div style=\"height:20px\" aria-hidden=\"true\" class=\"wp-block-spacer\"><\/div>\n","protected":false},"excerpt":{"rendered":"<p>Tubi in carta per monete I tubi in carta per monete orfix sono progettati per il confezionamento manuale o semi-automatico delle monete. Adatti a tutte le tipologie di contamonete e selezionatrici. Il fondo del tubo \u00e8 gi\u00e0 saldato, mentre la parte superiore \u00e8 aperta per consentire l&#8217;inserimento delle monete. orfix propone in versione standard la<\/p>\n<p><a class=\"btn btn-secondary understrap-read-more-link\" href=\"https:\/\/www.orfix.com\/it\/i-nostri-punti-di-eccellenza-prodotti\/confezionamento-del-denaro\/tubi-in-carta-per-monete\/\">Leggi tutto&#8230;<\/a><\/p>\n","protected":false},"author":36,"featured_media":0,"parent":7015,"menu_order":6,"comment_status":"closed","ping_status":"closed","template":"","meta":{"_acf_changed":false,"om_disable_all_campaigns":false,"inline_featured_image":false,"advgb_blocks_editor_width":"","advgb_blocks_columns_visual_guide":"","_monsterinsights_skip_tracking":false,"_monsterinsights_sitenote_active":false,"_monsterinsights_sitenote_note":"","_monsterinsights_sitenote_category":0,"_uf_show_specific_survey":0,"_uf_disable_surveys":false,"footnotes":""},"class_list":["post-7117","page","type-page","status-publish","hentry"],"acf":[],"aioseo_notices":[],"coauthors":[],"author_meta":{"author_link":"https:\/\/www.orfix.com\/it\/author\/mgendelmeyer\/","display_name":"Malte Gendelmeyer"},"relative_dates":{"created":"Pubblicato 5 anni fa","modified":"Aggiornato 5 mesi fa"},"absolute_dates":{"created":"Pubblicato il 9. Novembre 2020","modified":"Aggiornato il 29. Novembre 2025"},"absolute_dates_time":{"created":"Pubblicato il 9. Novembre 2020 14:06","modified":"Aggiornato il 29. Novembre 2025 22:12"},"featured_img_caption":"","featured_img":false,"series_order":"","_links":{"self":[{"href":"https:\/\/www.orfix.com\/it\/wp-json\/wp\/v2\/pages\/7117","targetHints":{"allow":["GET"]}}],"collection":[{"href":"https:\/\/www.orfix.com\/it\/wp-json\/wp\/v2\/pages"}],"about":[{"href":"https:\/\/www.orfix.com\/it\/wp-json\/wp\/v2\/types\/page"}],"author":[{"embeddable":true,"href":"https:\/\/www.orfix.com\/it\/wp-json\/wp\/v2\/users\/36"}],"replies":[{"embeddable":true,"href":"https:\/\/www.orfix.com\/it\/wp-json\/wp\/v2\/comments?post=7117"}],"version-history":[{"count":11,"href":"https:\/\/www.orfix.com\/it\/wp-json\/wp\/v2\/pages\/7117\/revisions"}],"predecessor-version":[{"id":32235,"href":"https:\/\/www.orfix.com\/it\/wp-json\/wp\/v2\/pages\/7117\/revisions\/32235"}],"up":[{"embeddable":true,"href":"https:\/\/www.orfix.com\/it\/wp-json\/wp\/v2\/pages\/7015"}],"wp:attachment":[{"href":"https:\/\/www.orfix.com\/it\/wp-json\/wp\/v2\/media?parent=7117"}],"curies":[{"name":"wp","href":"https:\/\/api.w.org\/{rel}","templated":true}]}}