{"id":8490,"date":"2020-11-16T12:06:48","date_gmt":"2020-11-16T11:06:48","guid":{"rendered":"http:\/\/orfix.netzkunst24.de\/?page_id=8490"},"modified":"2020-12-14T13:51:37","modified_gmt":"2020-12-14T12:51:37","slug":"large-eventail-de-produits","status":"publish","type":"page","link":"https:\/\/www.orfix.com\/fr\/large-eventail-de-produits\/","title":{"rendered":"Large \u00e9ventail de produits"},"content":{"rendered":"<div class=\"wp-bootstrap-blocks-container container-fluid mb-5 custom_container custom_container--big custom_container--banner\">\n\t\n<div class=\"wp-bootstrap-blocks-row row custom_row custom_row--center\">\n\t\n\n<div class=\"col-12 col-md-12 custom_slider custom-banner-img custom_slider__banner\">\n\t\t\t\n\n<figure class=\"wp-block-image size-full\"><img loading=\"lazy\" decoding=\"async\" width=\"1366\" height=\"370\" src=\"https:\/\/www.orfix.com\/wp-content\/uploads\/2020\/08\/banner_example-1.jpg\" alt=\"\" class=\"wp-image-292\" srcset=\"https:\/\/www.orfix.com\/wp-content\/uploads\/2020\/08\/banner_example-1.jpg 1366w, https:\/\/www.orfix.com\/wp-content\/uploads\/2020\/08\/banner_example-1-300x81.jpg 300w, https:\/\/www.orfix.com\/wp-content\/uploads\/2020\/08\/banner_example-1-1024x277.jpg 1024w, https:\/\/www.orfix.com\/wp-content\/uploads\/2020\/08\/banner_example-1-768x208.jpg 768w\" sizes=\"auto, (max-width: 1366px) 100vw, 1366px\" \/><figcaption><strong>S\u00e9curit\u00e9 personalis\u00e9e pour votre application&nbsp;<\/strong><\/figcaption><\/figure>\n\n\n\n\n\t<\/div>\n\n<\/div>\n\n<\/div>\n\n\n<div class=\"wp-bootstrap-blocks-container container-fluid mb-5 custom_container custom_container--small\">\n\t\n<div class=\"wp-bootstrap-blocks-row row\">\n\t\n\n<div class=\"col-12 col-md-12\">\n\t\t\t\n\n<h1 class=\"wp-block-heading\">Qualit\u00e9<\/h1>\n\n\n\n<p>Les sacs-s\u00e9curit\u00e9 orfix sont \u00e9quip\u00e9s de composants de s\u00e9curit\u00e9 qui ne sont pas disponibles sur le march\u00e9 libre. Toute tentative de manipulation des sacs-s\u00e9curit\u00e9 orfix sera imm\u00e9diatement et clairement prouv\u00e9e gr\u00e2ce \u00e0 des caract\u00e9ristiques inviolables, v\u00e9rifi\u00e9es et certifi\u00e9es en Allemagne.<\/p>\n\n\n\n<h2 class=\"wp-block-heading\">Des composants de s\u00e9curit\u00e9 inimitables conduisent \u00e0 une norme de s\u00e9curit\u00e9 \u00e9lev\u00e9e&nbsp;<\/h2>\n\n\n\n<p>Les safebags orfix sont disponibles en diff\u00e9rentes tailles standard, transparentes ou opaques, et peuvent \u00eatre produits sur demande, \u00e9galement personnalis\u00e9s individuellement en diff\u00e9rentes tailles et imprim\u00e9s jusqu&#8217;\u00e0 8 couleurs.<\/p>\n\n\t<\/div>\n\n<\/div>\n\n<\/div>\n\n\n<div class=\"wp-bootstrap-blocks-container container-fluid mb-5 custom_container custom_container--middle\">\n\t\n<div class=\"wp-bootstrap-blocks-row row\">\n\t\n\n<div class=\"col-12\">\n\t\t\t\n<div class=\"wp-bootstrap-blocks-container container mb-0\">\n\t\n<div class=\"wp-bootstrap-blocks-row row row--applications\">\n\t\n\n<div class=\"col-12 col-md-7 col--big\">\n\t\t\t\n\n<h2 class=\"wp-block-heading\">Applications<\/h2>\n\n\n<div class=\"wp-bootstrap-blocks-row row\">\n\t\n\n<div class=\"col-12 col-md-6\">\n\t\t\t\n\n<ul class=\"wp-block-list\" id=\"block-d81b4cc1-9ece-4f1b-a069-7b9fec172993\"><li>Processus du cash<\/li><li>Transport<\/li><li>Commerce<\/li><li>Poste \/ Courrier<\/li><\/ul>\n\n\t<\/div>\n\n\n\n<div class=\"col-12 col-md-6\">\n\t\t\t\n\n<ul class=\"wp-block-list\" id=\"block-c929d4eb-37aa-4984-8c6a-1edf956363ad\"><li>Aviation<\/li><li>Soins m\u00e9dicaux<\/li><li>Secteur alimentaire \/ Conservation des \u00e9chantillons<\/li><\/ul>\n\n\t<\/div>\n\n<\/div>\n\n\n\n<p><\/p>\n\n\t<\/div>\n\n\n\n<div class=\"col-12 col-md-5 col--small\">\n\t\t\t\n\n<h2 class=\"wp-block-heading\">Qualit\u00e9<\/h2>\n\n\n\n<p>Les sacs-s\u00e9curit\u00e9 orfix sont soumis \u00e0 des tests de qualit\u00e9 stricts au cours du processus de production et correspondent aux normes de la Deutschen Bundesbank (Banque nationale allemande). Plus de 10 000 clients font confiance \u00e0 orfix<\/p>\n\n\t<\/div>\n\n<\/div>\n\n<\/div>\n\n\t<\/div>\n\n<\/div>\n\n<\/div>\n\n\n<div class=\"wp-bootstrap-blocks-container container-fluid mb-5 custom_container custom_container--middle\">\n\t\n<div class=\"wp-bootstrap-blocks-row row\">\n\t\n\n<div class=\"col-12\">\n\t\t\t\n<div class=\"wp-bootstrap-blocks-container container mb-0\">\n\t\n<div class=\"wp-bootstrap-blocks-row row row--applications\">\n\t\n\n<div class=\"col-12 col-md-7 col--big\">\n\t\t\t\n\n<h2 class=\"wp-block-heading\">Applications<\/h2>\n\n\n<div class=\"wp-bootstrap-blocks-row row\">\n\t\n\n<div class=\"col-12 col-md-6\">\n\t\t\t\n\n<ul class=\"wp-block-list\" id=\"block-d81b4cc1-9ece-4f1b-a069-7b9fec172993\"><li>Processus du cash<\/li><li>Transport<\/li><li>Commerce<\/li><li>Poste \/ Courrier<\/li><\/ul>\n\n\t<\/div>\n\n\n\n<div class=\"col-12 col-md-6\">\n\t\t\t\n\n<ul class=\"wp-block-list\" id=\"block-ccbef4a6-234b-484b-9efc-66e2ea79846c\"><li>Aviation<\/li><li>Soins m\u00e9dicaux<\/li><li>Secteur alimentaire \/ Conservation des \u00e9chantillons<\/li><\/ul>\n\n\t<\/div>\n\n<\/div>\n\n\t<\/div>\n\n\n\n<div class=\"col-12 col-md-5 col--small\">\n\t\t\t\n<div class=\"wp-bootstrap-blocks-row row\">\n\t\n\n<div class=\"col-8 col-seals-row\">\n\t\t\t\n\n<figure class=\"wp-block-image size-large\"><img loading=\"lazy\" decoding=\"async\" width=\"84\" height=\"84\" src=\"https:\/\/www.orfix.com\/wp-content\/uploads\/2020\/09\/blue-angle_logo.svg\" alt=\"\" class=\"wp-image-523\"\/><\/figure>\n\n\n\n<figure class=\"wp-block-image size-large\"><img loading=\"lazy\" decoding=\"async\" width=\"71\" height=\"91\" src=\"https:\/\/www.orfix.com\/wp-content\/uploads\/2020\/09\/greenlabel_logo.svg\" alt=\"\" class=\"wp-image-521\"\/><\/figure>\n\n\t<\/div>\n\n<\/div>\n\n\n<div class=\"wp-bootstrap-blocks-row row\">\n\t\n\n<div class=\"col-12\">\n\t\t\t\n\n<p>Les sacs-s\u00e9curit\u00e9 orfix sont soumis \u00e0 des tests de qualit\u00e9 stricts pendant le processus de production et correspondent aux normes de la Deutschen Bundesbank (Banque nationale allemande). Plus de 10 000 clients font confiance \u00e0 orfix.<\/p>\n\n\t<\/div>\n\n<\/div>\n\n\t<\/div>\n\n<\/div>\n\n<\/div>\n\n\t<\/div>\n\n<\/div>\n\n<\/div>\n\n\n<div class=\"wp-bootstrap-blocks-container container-fluid mb-5 custom_container custom_container--middle\">\n\t\n<div class=\"wp-bootstrap-blocks-row row\">\n\t\n\n<div class=\"col-12\">\n\t\t\t\n<div class=\"wp-bootstrap-blocks-container container mb-0\">\n\t\n<div class=\"wp-bootstrap-blocks-row row row--applications\">\n\t\n\n<div class=\"col-12 col-md-7 col--big\">\n\t\t\t\n\n<h2 class=\"wp-block-heading\">Applications<\/h2>\n\n\n<div class=\"wp-bootstrap-blocks-row row\">\n\t\n\n<div class=\"col-12 col-md-6\">\n\t\t\t\n\n<ul class=\"wp-block-list\" id=\"block-e62af367-e6ac-41ad-9272-de26f16db6be\"><li>Processus du cash<\/li><li>Transport<\/li><li>Commerce<\/li><li>Poste \/ Courrier<\/li><\/ul>\n\n\t<\/div>\n\n\n\n<div class=\"col-12 col-md-6\">\n\t\t\t\n\n<ul class=\"wp-block-list\" id=\"block-55e43502-933e-46de-af48-1ce6335fd241\"><li>Aviation<\/li><li>Soins m\u00e9dicaux<\/li><li>Secteur alimentaire \/ Conservation des \u00e9chantillons<\/li><\/ul>\n\n\t<\/div>\n\n<\/div>\n\n\t<\/div>\n\n\n\n<div class=\"col-12 col-md-5 col--small\">\n\t\t\t\n<div class=\"wp-bootstrap-blocks-row row\">\n\t\n\n<div class=\"col-8 col-seals-row\">\n\t\t\t\n\n<figure class=\"wp-block-image size-large\"><img loading=\"lazy\" decoding=\"async\" width=\"84\" height=\"84\" src=\"https:\/\/www.orfix.com\/wp-content\/uploads\/2020\/09\/blue-angle_logo.svg\" alt=\"\" class=\"wp-image-523\"\/><\/figure>\n\n\t<\/div>\n\n<\/div>\n\n\n<div class=\"wp-bootstrap-blocks-row row\">\n\t\n\n<div class=\"col-12\">\n\t\t\t\n\n<p>Les sacs-s\u00e9curit\u00e9 orfix sont soumis \u00e0 des tests de qualit\u00e9 stricts pendant le processus de production et correspondent aux normes de la Deutschen Bundesbank (Banque nationale allemande). Plus de 10 000 clients font confiance \u00e0 orfix.<\/p>\n\n\t<\/div>\n\n<\/div>\n\n\t<\/div>\n\n<\/div>\n\n<\/div>\n\n\t<\/div>\n\n<\/div>\n\n<\/div>\n\n\n<div class=\"wp-bootstrap-blocks-container container-fluid mb-5 custom_container custom_container--middle\">\n\t\n<div class=\"wp-bootstrap-blocks-row row\">\n\t\n\n<div class=\"col-12\">\n\t\t\t\n<div class=\"wp-bootstrap-blocks-container container mb-0\">\n\t\n<div class=\"wp-bootstrap-blocks-row row row--applications\">\n\t\n\n<div class=\"col-12 col-md-7 col--big\">\n\t\t\t\n\n<h2 class=\"wp-block-heading\">Applications<\/h2>\n\n\n<div class=\"wp-bootstrap-blocks-row row\">\n\t\n\n<div class=\"col-12 col-md-6\">\n\t\t\t\n\n<ul class=\"wp-block-list\" id=\"block-e62af367-e6ac-41ad-9272-de26f16db6be\"><li>Processus du cash<\/li><li>Transport<\/li><li>Commerce<\/li><li>Poste \/ Courrier<\/li><\/ul>\n\n\t<\/div>\n\n\n\n<div class=\"col-12 col-md-6\">\n\t\t\t\n\n<ul class=\"wp-block-list\" id=\"block-722d5378-0fd7-47a2-a0ff-646e3b0d7ac3\"><li>Aviation<\/li><li>Soins m\u00e9dicaux<\/li><li>Secteur alimentaire \/ Conservation des \u00e9chantillons<\/li><\/ul>\n\n\t<\/div>\n\n<\/div>\n\n\t<\/div>\n\n\n\n<div class=\"col-12 col-md-5 col--small\">\n\t\t\t\n<div class=\"wp-bootstrap-blocks-row row\">\n\t\n\n<div class=\"col-8 col-seals-row\">\n\t\t\t\n\n<figure class=\"wp-block-image size-large\"><img loading=\"lazy\" decoding=\"async\" width=\"71\" height=\"91\" src=\"https:\/\/www.orfix.com\/wp-content\/uploads\/2020\/09\/greenlabel_logo.svg\" alt=\"\" class=\"wp-image-521\"\/><\/figure>\n\n\t<\/div>\n\n<\/div>\n\n\n<div class=\"wp-bootstrap-blocks-row row\">\n\t\n\n<div class=\"col-12\">\n\t\t\t\n\n<p>Les sacs-s\u00e9curit\u00e9 orfix sont soumis \u00e0 des tests de qualit\u00e9 stricts pendant le processus de production et correspondent aux normes de la Deutschen Bundesbank (Banque nationale allemande). Plus de 10 000 clients font confiance \u00e0 orfix.<\/p>\n\n\t<\/div>\n\n<\/div>\n\n\t<\/div>\n\n<\/div>\n\n<\/div>\n\n\t<\/div>\n\n<\/div>\n\n<\/div>\n\n\n<div class=\"wp-bootstrap-blocks-container container-fluid mb-5 custom_container custom_container--middle\">\n\t\n<div class=\"wp-bootstrap-blocks-row row\">\n\t\n\n<div class=\"col-12 col-md-6\">\n\t\t\t\t<\/div>\n\n\n\n<div class=\"col-12 col-md-6\">\n\t\t\t\n\n<h2 class=\"wp-block-heading\"><\/h2>\n\n\n\n<ol class=\"wp-block-list\"><li>Fermeture de s\u00e9curit\u00e9 avec indication d\u2019inviolabilit\u00e9&nbsp;<\/li><li>Re\u00e7u avec code \u00e0 barres<\/li><li>Code \u00e0 barres et num\u00e9rotation cons\u00e9cutive&nbsp;<\/li><li>Double soudure r\u00e9tractable extr\u00eamement r\u00e9sistante avec impression inviolable<\/li><li>Films multicouches (coextrud\u00e9s) en poly\u00e9thyl\u00e8ne, r\u00e9sistants \u00e0 la d\u00e9chirure, thermor\u00e9sistants et hydrofuges<\/li><\/ol>\n\n\n\n<p>Les sacs-s\u00e9curit\u00e9 orfix sont respectueux de l\u2019environnement : recyclables, neutres pour la nappe phr\u00e9atique, ils ne d\u00e9gagent pas de gaz toxique lorsqu\u2019ils sont incin\u00e9r\u00e9s..<\/p>\n\n\t<\/div>\n\n<\/div>\n\n\n\n<p><\/p>\n\n<\/div>\n\n\n<div class=\"wp-bootstrap-blocks-container container-fluid mb-5 custom_container custom_container--middle\">\n\t\n<div class=\"wp-bootstrap-blocks-row row\">\n\t\n\n<div class=\"col-12\">\n\t\t\t\n\n<h2 class=\"wp-block-heading\">Les sacs-s\u00e9curit\u00e9 orfix sont adapt\u00e9s \u00e0 chaque demande de s\u00e9curit\u00e9 individuelle<\/h2>\n\n\t<\/div>\n\n\n\n<div class=\"col-12 table__wrapper\">\n\t\t\t\n\n<table class=\"wp-block-advgb-table advgb-table-frontend is-style-stripes\"><thead><tr><th><strong>NIVEAU DE<\/strong>&nbsp;<br><strong>SECURITE<\/strong><\/th><th><strong><strong>FERMETURE<\/strong><\/strong><\/th><th><strong><strong>EXIGENCE<\/strong><\/strong><\/th><th style=\"text-align:center\" colspan=\"3\"><strong><strong>INDICATION DE MANIPULATION<\/strong><\/strong><\/th><\/tr><\/thead><tbody><tr><td><\/td><td><\/td><td><\/td><td>les conditions environnementales usuelles<\/td><td>R\u00e9sistant au froid et \u00e0 la chaleur<\/td><td>R\u00e9sistant au solvant<\/td><\/tr><tr><td>orfix Basic<\/td><td>Fermeture permanente<\/td><td>Standard (Documents)<\/td><td style=\"text-align:center\">x<\/td><td style=\"text-align:center\"><\/td><td><\/td><\/tr><tr><td>orfix Security<\/td><td>Fermeture de s\u00e9curit\u00e9<\/td><td>haute s\u00e9curit\u00e9 (argent liquide, objets de valeur)<\/td><td style=\"text-align:center\">x<\/td><td style=\"text-align:center\">x<\/td><td><\/td><\/tr><tr><td>orfix High Security<\/td><td>Fermeture haute s\u00e9curit\u00e9<\/td><td>une s\u00e9curit\u00e9 extr\u00eamement \u00e9lev\u00e9e (argent liquide, objets de valeur)<\/td><td style=\"text-align:center\">x<\/td><td style=\"text-align:center\">x<\/td><td style=\"text-align:center\">x<\/td><\/tr><\/tbody><\/table>\n\n\n\n<p><\/p>\n\n\t<\/div>\n\n<\/div>\n\n<\/div>\n\n\n<div class=\"wp-bootstrap-blocks-container container-fluid mb-5 custom_container custom_container--small\">\n\t\n<div class=\"wp-bootstrap-blocks-row row\">\n\t\n\n<div class=\"col-12 col-md-12\">\n\t\t\t\n\n<h2 class=\"wp-block-heading\">Personalisation&nbsp;\u00e0 la demande<\/h2>\n\n\t<\/div>\n\n\n\n<div class=\"col-12\">\n\t\t\t\n\n<p>Beschreibender Einleitungstext Lorem ipsum dolor sit amet, consetetur sadipscing elitr, sed diam nonumy eirmod tempor invidunt ut labore et dolore magna aliquyam erat, sed diam voluptua.<\/p>\n\n\t<\/div>\n\n\n\n<div class=\"col-12\">\n\t\t\t\n\n<ul class=\"wp-block-list\"><li>Toutes sortes de codes \u00e0 barres et de tailles<\/li><li>Pochettes pour documents, plis, perforations, re\u00e7us, perforations pour poign\u00e9es<\/li><li>Impression individuelle et personnalis\u00e9e (jusqu\u2019\u00e0 8 couleurs)<\/li><li>Feuille d\u2019\u00e9paisseur r\u00e9duite avec des caract\u00e9ristiques m\u00e9caniques identiques pour am\u00e9liorer l\u2019\u00e9conomie (moins de poids, d\u2019emballage et d\u2019effort de stockage)<\/li><\/ul>\n\n\n\n<p><\/p>\n\n\t<\/div>\n\n<\/div>\n\n<\/div>\n\n\n<div class=\"wp-bootstrap-blocks-container container-fluid mb-5 custom_container custom_container--small\">\n\t\n<div class=\"wp-bootstrap-blocks-row row\">\n\t\n\n<div class=\"col-12 col-md-12\">\n\t\t\t\n\n<h2 class=\"wp-block-heading\">Produits adapt\u00e9s<\/h2>\n\n\t<\/div>\n\n\n\n<div class=\"col-12\">\n\t\t\t\n\n<ul class=\"list--no-img-point wp-block-list\"><li><a href=\"https:\/\/www.orfix.com\/en\/areas-of-excellence-products\/cash-packaging\/coin-tubes\/\"><a href=\"https:\/\/www.orfix.com\/fr\/areas-of-excellence-products__trashed\/cash-packaging\/coin-tubes\/\">Tubes pi\u00e8ces de monnaie<\/a><\/a><\/li><li><a href=\"https:\/\/www.orfix.com\/en\/areas-of-excellence-products\/cash-packaging\/banknote-wrappers\/\">Ganses billets<\/a><\/li><\/ul>\n\n\t<\/div>\n\n<\/div>\n\n<\/div>\n\n\n<div class=\"wp-bootstrap-blocks-container container-fluid mb-5 custom_container custom_container--middle\">\n\t\n<div class=\"wp-bootstrap-blocks-row row custom-row__cta-contact\">\n\t\n\n<div class=\"col-12 col-md-6\">\n\t\t\t\n\n<figure class=\"wp-block-image size-large advgb-dyn-438cc30b\"><img loading=\"lazy\" decoding=\"async\" width=\"471\" height=\"344\" src=\"https:\/\/www.orfix.com\/wp-content\/uploads\/2020\/10\/shutterstock_116283283_471x344px.jpg\" alt=\"\" class=\"wp-image-3327\" srcset=\"https:\/\/www.orfix.com\/wp-content\/uploads\/2020\/10\/shutterstock_116283283_471x344px.jpg 471w, https:\/\/www.orfix.com\/wp-content\/uploads\/2020\/10\/shutterstock_116283283_471x344px-300x219.jpg 300w, https:\/\/www.orfix.com\/wp-content\/uploads\/2020\/10\/shutterstock_116283283_471x344px-24x18.jpg 24w, https:\/\/www.orfix.com\/wp-content\/uploads\/2020\/10\/shutterstock_116283283_471x344px-36x26.jpg 36w, https:\/\/www.orfix.com\/wp-content\/uploads\/2020\/10\/shutterstock_116283283_471x344px-48x35.jpg 48w\" sizes=\"auto, (max-width: 471px) 100vw, 471px\" \/><figcaption class=\"wp-element-caption\"><strong>Contactez nous<\/strong><\/figcaption><\/figure>\n\n\t<\/div>\n\n\n\n<div class=\"col-12 col-md-6\">\n\t\t\t\n<div class=\"employeeblock\">\n    <figure class=\"employeeblock__item employeeblock__item--img\">\n        <img decoding=\"async\" src=\"\" alt=\"\" \/>\n    <\/figure>\n    <div class=\"employeeblock__item employeeblock__item--content\">\n        <h2 class=\"name\">Service client\u00e8le<\/h2>\n        <p class=\"position\"><\/p>\n        <p><a class=\"link link--has-icon link--has-icon--mail\" href=\"mailto:info@orfix.fr\">info@orfix.fr<\/a><\/p>\n        <p><a class=\"link link--has-icon link--has-icon--tel\" href=\"tel:0820229099\">0820 22 90 99<\/a><\/p>\n    <\/div>\n<\/div>\n\n\t<\/div>\n\n<\/div>\n\n<\/div>\n\n\n<div class=\"wp-bootstrap-blocks-container container-fluid mb-5 custom_container custom_container--middle\">\n\t\n<div class=\"wp-bootstrap-blocks-row row\">\n\t\n\n<div class=\"col-12 col-md-12\">\n\t\t\t\n\n<h2 class=\"wp-block-heading\">orfix &#8211; Toujours disponible, rapide et pr\u00e9cis<\/h2>\n\n\t<\/div>\n\n\n\n<div class=\"col-12 col-md-6\">\n\t\t\t\n\n<p>Lorem ipsum dolor sit amet, consetetur sadipscing elitr, sed diam nonumy eirmod tempor invidunt ut labore et dolore magna aliquyam erat, sed diam voluptua. At vero eos et accusam et justo duo dolores et ea rebum. Stet clita kasd gubergren, no sea takimata sanctus est Lorem ipsum dolor sit amet. Lorem ipsum dolor sit amet, consetetur sadipscing elitr, sed diam nonumy eirmod tempor invidunt ut labore et dolore magna aliquyam erat, sed diam voluptua. At vero eos et accusam et justo duo dolores et ea rebum. Stet clita kasd gubergren, no sea takimata sanctus est Lorem ipsum dolor sit amet.<\/p>\n\n\t<\/div>\n\n\n\n<div class=\"col-12 col-md-6\">\n\t\t\t\n\n<ul class=\"wp-block-list\"><li>La gamme standard orfix est toujours en stock.<\/li><li>orfix propose un stockage et des services individuels pour des marchandises personnalis\u00e9es.<\/li><li>orfix est en mesure de produire des articles personnalis\u00e9s, m\u00eame en petites quantit\u00e9s.<\/li><li>orfix offre un conseil comp\u00e9tent et individuel &#8211; via le formulaire de contact, par t\u00e9l\u00e9phone ou \u00e9galement sur place<\/li><\/ul>\n\n\n\n<p><\/p>\n\n\t<\/div>\n\n<\/div>\n\n\n\n<p><\/p>\n\n<\/div>\n\n\n\n<div style=\"height:20px\" aria-hidden=\"true\" class=\"wp-block-spacer\"><\/div>\n\n\n\n<figure class=\"wp-block-image size-full\"><img loading=\"lazy\" decoding=\"async\" width=\"2048\" height=\"600\" src=\"https:\/\/www.orfix.com\/wp-content\/uploads\/2024\/05\/orfix-Karte-2025-en.jpg\" alt=\"\" class=\"wp-image-32957\" srcset=\"https:\/\/www.orfix.com\/wp-content\/uploads\/2024\/05\/orfix-Karte-2025-en.jpg 2048w, https:\/\/www.orfix.com\/wp-content\/uploads\/2024\/05\/orfix-Karte-2025-en-768x225.jpg 768w, https:\/\/www.orfix.com\/wp-content\/uploads\/2024\/05\/orfix-Karte-2025-en-1536x450.jpg 1536w\" sizes=\"auto, (max-width: 2048px) 100vw, 2048px\" \/><\/figure>\n\n\n\n<p class=\"has-medium-font-size\">Nous serions heureux de vous conseiller individuellement !<br><strong>Votre partenaire comp\u00e9tent avec une gamme compl\u00e8te pour tous ceux qui comptent, emballe, transporte ou stocke de l&#8217;argent liquide.<\/strong><\/p>\n\n\n\n<div style=\"height:20px\" aria-hidden=\"true\" class=\"wp-block-spacer\"><\/div>\n\n\n\n<div class=\"wp-block-buttons cta-banner-content__item is-layout-flex wp-block-buttons-is-layout-flex\">\n<div class=\"wp-block-button is-style-outline is-style-outline--1 advgb-dyn-7c74c908\"><a class=\"wp-block-button__link has-text-color has-medium-font-size has-custom-font-size wp-element-button\" href=\"https:\/\/www.orfix.com\/fr\/contact\/\" style=\"border-radius:1px;color:#ba0c2f\" target=\"_blank\" rel=\"noreferrer noopener\"><strong>Nous contacter<\/strong><\/a><\/div>\n\n\n\n<div class=\"wp-block-button btn__bg--red advgb-dyn-dacbcd5c\"><a class=\"wp-block-button__link has-white-color has-text-color has-background has-medium-font-size has-custom-font-size wp-element-button\" href=\"https:\/\/www.orfix.com\/fr\/domaines-dexcellence-produits\/\" style=\"border-radius:1px;background-color:#ba0c2f\" target=\"_blank\" rel=\"noreferrer noopener\"><strong>Produits<\/strong><\/a><\/div>\n\n\n\n<div class=\"wp-block-button btn__bg--red advgb-dyn-353d03d7\"><a class=\"wp-block-button__link has-white-color has-text-color has-background has-medium-font-size has-custom-font-size wp-element-button\" href=\"https:\/\/orfix.fr\/\" style=\"border-radius:1px;background-color:#ba0c2f\" target=\"_blank\" rel=\"noreferrer noopener\"><strong>Magasin en ligne<\/strong><\/a><\/div>\n<\/div>\n\n\n\n<div style=\"height:20px\" aria-hidden=\"true\" class=\"wp-block-spacer\"><\/div>\n","protected":false},"excerpt":{"rendered":"<p><a class=\"btn btn-secondary understrap-read-more-link\" href=\"https:\/\/www.orfix.com\/fr\/large-eventail-de-produits\/\">Lire la suite&#8230;<\/a><\/p>\n","protected":false},"author":36,"featured_media":0,"parent":0,"menu_order":0,"comment_status":"closed","ping_status":"closed","template":"","meta":{"_acf_changed":false,"om_disable_all_campaigns":false,"inline_featured_image":false,"advgb_blocks_editor_width":"","advgb_blocks_columns_visual_guide":"","_monsterinsights_skip_tracking":false,"_monsterinsights_sitenote_active":false,"_monsterinsights_sitenote_note":"","_monsterinsights_sitenote_category":0,"_uf_show_specific_survey":0,"_uf_disable_surveys":false,"footnotes":""},"class_list":["post-8490","page","type-page","status-publish","hentry"],"acf":[],"aioseo_notices":[],"coauthors":[],"author_meta":{"author_link":"https:\/\/www.orfix.com\/fr\/author\/mgendelmeyer\/","display_name":"Malte Gendelmeyer"},"relative_dates":{"created":"Publi\u00e9 5 ans il y a","modified":"Mis \u00e0 jour 5 ans il y a"},"absolute_dates":{"created":"Publi\u00e9 le 16. novembre 2020","modified":"Mise \u00e0 jour le 14. d\u00e9cembre 2020"},"absolute_dates_time":{"created":"Publi\u00e9 le 16. novembre 2020 12:06","modified":"Mise \u00e0 jour le 14. d\u00e9cembre 2020 13:51"},"featured_img_caption":"","featured_img":false,"series_order":"","_links":{"self":[{"href":"https:\/\/www.orfix.com\/fr\/wp-json\/wp\/v2\/pages\/8490","targetHints":{"allow":["GET"]}}],"collection":[{"href":"https:\/\/www.orfix.com\/fr\/wp-json\/wp\/v2\/pages"}],"about":[{"href":"https:\/\/www.orfix.com\/fr\/wp-json\/wp\/v2\/types\/page"}],"author":[{"embeddable":true,"href":"https:\/\/www.orfix.com\/fr\/wp-json\/wp\/v2\/users\/36"}],"replies":[{"embeddable":true,"href":"https:\/\/www.orfix.com\/fr\/wp-json\/wp\/v2\/comments?post=8490"}],"version-history":[{"count":15,"href":"https:\/\/www.orfix.com\/fr\/wp-json\/wp\/v2\/pages\/8490\/revisions"}],"predecessor-version":[{"id":11720,"href":"https:\/\/www.orfix.com\/fr\/wp-json\/wp\/v2\/pages\/8490\/revisions\/11720"}],"wp:attachment":[{"href":"https:\/\/www.orfix.com\/fr\/wp-json\/wp\/v2\/media?parent=8490"}],"curies":[{"name":"wp","href":"https:\/\/api.w.org\/{rel}","templated":true}]}}