{"id":7788,"date":"2020-11-09T17:32:08","date_gmt":"2020-11-09T16:32:08","guid":{"rendered":"http:\/\/orfix.netzkunst24.de\/?page_id=7788"},"modified":"2025-10-05T01:53:09","modified_gmt":"2025-10-04T23:53:09","slug":"plan-du-site","status":"publish","type":"page","link":"https:\/\/www.orfix.com\/fr\/plan-du-site\/","title":{"rendered":"Plan du site"},"content":{"rendered":"<div class=\"wp-bootstrap-blocks-container container-fluid mb-5 custom_container custom_container--big custom_container--banner custom_container--banner--no-img\">\n\t\n<div class=\"wp-bootstrap-blocks-row row custom_row custom_row--center\">\n\t\n\n<div class=\"col-12 col-md-12 custom_slider custom-banner-img custom_slider__banner\">\n\t\t\t\n\n\n\n\n<h1 class=\"wp-block-heading\">Plan du site<\/h1>\n\n\t<\/div>\n\n<\/div>\n\n<\/div>\n\n\n<div class=\"wp-bootstrap-blocks-container container-fluid mb-5 custom_container custom_container--small\">\n\t\n<div class=\"wp-bootstrap-blocks-row row\">\n\t\n\n<div class=\"col-12\">\n\t\t\t\n\n<ul class=\"wp-block-list list--no-img-point\">\n<li><a href=\"https:\/\/www.orfix.com\/en\/areas-of-excellence-products\/\"><strong>1)\u00a0Domaines d&#8217;excellence \/ Produits<\/strong>\u00a0<\/a>\n<ul class=\"wp-block-list\">\n<li><a href=\"https:\/\/www.orfix.com\/en\/areas-of-excellence-products\/cash-packaging\/\"><strong>Emballage cash<\/strong>\u00a0<\/a>\n<ul class=\"wp-block-list\">\n<li><a href=\"https:\/\/www.orfix.com\/en\/areas-of-excellence-products\/cash-packaging\/safebags\/\">Sacs de s\u00e9curit\u00e9<\/a>\u00a0\u00a0<\/li>\n\n\n\n<li><a href=\"https:\/\/www.orfix.com\/en\/areas-of-excellence-products\/cash-packaging\/automatic-coin-rolls\/\">Automatic\u00a0Coin\u00a0Rolls\u00a0<\/a><\/li>\n\n\n\n<li><a href=\"https:\/\/www.orfix.com\/en\/areas-of-excellence-products\/cash-packaging\/banknote-wrappers-on-reels\/\">Banknote Wrappers on\u00a0Reels<\/a><\/li>\n\n\n\n<li><a href=\"https:\/\/www.orfix.com\/en\/areas-of-excellence-products\/cash-packaging\/banknote-wrappers\/\">Banknote Wrappers<\/a><\/li>\n\n\n\n<li><a href=\"https:\/\/www.orfix.com\/en\/areas-of-excellence-products\/cash-packaging\/coin-tubes\/\">Coin\u00a0tubes<\/a><\/li>\n\n\n\n<li><a href=\"https:\/\/www.orfix.com\/en\/areas-of-excellence-products\/cash-packaging\/manual-coin-wrapping-paper\/\">Manual\u00a0Coin\u00a0Wrapping\u00a0Paper<\/a><\/li>\n\n\n\n<li><a href=\"https:\/\/www.orfix.com\/en\/areas-of-excellence-products\/cash-packaging\/vacuum-bags\/\">Vacuum Bags<\/a><\/li>\n\n\n\n<li><a href=\"https:\/\/www.orfix.com\/en\/areas-of-excellence-products\/cash-packaging\/film-rolls\/\">Film Rolls<\/a><\/li>\n\n\n\n<li><a href=\"https:\/\/www.orfix.com\/en\/areas-of-excellence-products\/cash-packaging\/strap-band\/\">Strap\u00a0Band<\/a><\/li>\n\n\n\n<li><a href=\"https:\/\/www.orfix.com\/en\/areas-of-excellence-products\/cash-packaging\/security-package-tape\/\">Security Package Tape<\/a><\/li>\n\n\n\n<li><a href=\"https:\/\/www.orfix.com\/en\/areas-of-excellence-products\/cash-packaging\/coin-bags\/\">Coin\u00a0Bags<\/a><\/li>\n\n\n\n<li><a href=\"https:\/\/www.orfix.com\/en\/areas-of-excellence-products\/cash-packaging\/reusable-bags\/\">Reusable\u00a0Bags<\/a><\/li>\n\n\n\n<li><a href=\"https:\/\/www.orfix.com\/en\/areas-of-excellence-products\/cash-packaging\/bag-tags\/\">Bag Tags<\/a><\/li>\n\n\n\n<li><a href=\"https:\/\/www.orfix.com\/en\/areas-of-excellence-products\/cash-packaging\/security-labels\/\">Security Labels<\/a><\/li>\n\n\n\n<li><a href=\"https:\/\/www.orfix.com\/en\/areas-of-excellence-products\/cash-packaging\/security-seals-for-reusable-bags\/\">Security Seals for Reusable Bags<\/a><\/li>\n\n\n\n<li><a href=\"https:\/\/www.orfix.com\/en\/areas-of-excellence-products\/cash-packaging\/security-seals\/\">Security Seals<\/a><\/li>\n\n\n\n<li><a href=\"https:\/\/www.orfix.com\/en\/areas-of-excellence-products\/cash-packaging\/document-bags\/\">Document\u00a0Bags<\/a><\/li>\n\n\n\n<li><a href=\"https:\/\/www.orfix.com\/en\/areas-of-excellence-products\/cash-packaging\/thermal-paper-rolls-cashier-rolls\/\">Thermal Paper Rolls \/ Cashier Rolls<\/a><\/li>\n\n\n\n<li>Receipt\u00a0blocks<\/li>\n\n\n\n<li>Cash\u00a0counting\u00a0\/ counterfeit\u00a0detector\u00a0machines<\/li>\n<\/ul>\n<\/li>\n\n\n\n<li><a href=\"https:\/\/www.orfix.com\/en\/areas-of-excellence-products\/security-packaging\/\"><strong>Security\u00a0Packaging<\/strong><\/a>\n<ul class=\"wp-block-list\">\n<li><a href=\"https:\/\/www.orfix.com\/en\/areas-of-excellence-products\/security-packaging\/security-labels\/\">Security Labels<\/a><\/li>\n\n\n\n<li><a href=\"https:\/\/www.orfix.com\/en\/areas-of-excellence-products\/security-packaging\/security-seals-for-reusable-bags\/\">Security Seals for Reusable Bags<\/a><\/li>\n\n\n\n<li><a href=\"https:\/\/www.orfix.com\/en\/areas-of-excellence-products\/security-packaging\/security-seals\/\">Security Seals<\/a><\/li>\n\n\n\n<li><a href=\"https:\/\/www.orfix.com\/en\/areas-of-excellence-products\/security-packaging\/safebags\/\">Safebags<\/a><\/li>\n\n\n\n<li><a href=\"https:\/\/www.orfix.com\/en\/areas-of-excellence-products\/security-packaging\/dispatch-bags-e-commerce-bags\/\">E-Commerce \/ Mailing Bags<\/a><\/li>\n\n\n\n<li><a href=\"https:\/\/www.orfix.com\/en\/areas-of-excellence-products\/security-packaging\/medical-labor-bags\/\">Medical- \/ Labor-Bags<\/a><\/li>\n\n\n\n<li><a href=\"https:\/\/www.orfix.com\/en\/areas-of-excellence-products\/security-packaging\/automotive-industry-bags\/\">Automotive- \/\u00a0Industry-\u00a0Bags<\/a><\/li>\n\n\n\n<li><a href=\"https:\/\/www.orfix.com\/en\/areas-of-excellence-products\/security-packaging\/retain-sample-bags\/\">Retain\u00a0Sample Bags<\/a><\/li>\n\n\n\n<li><a href=\"https:\/\/www.orfix.com\/en\/areas-of-excellence-products\/security-packaging\/s-t-e-b-aviation-bags\/\">S.T.E.B Aviation\u00a0Bags<\/a><\/li>\n\n\n\n<li><a href=\"https:\/\/www.orfix.com\/en\/areas-of-excellence-products\/security-packaging\/evidence-bags\/\">Evidence\u00a0Bags<\/a><\/li>\n\n\n\n<li><a href=\"https:\/\/www.orfix.com\/en\/areas-of-excellence-products\/security-packaging\/document-bags\/\">Document\u00a0Bags<\/a><\/li>\n\n\n\n<li><a href=\"https:\/\/www.orfix.com\/en\/areas-of-excellence-products\/security-packaging\/flat-bags\/\">Flat Bags<\/a><\/li>\n\n\n\n<li><a href=\"https:\/\/www.orfix.com\/en\/areas-of-excellence-products\/security-packaging\/thermal-paper-rolls-cashier-rolls\/\">Thermal Paper Rolls \/ Cashier Rolls<\/a><\/li>\n<\/ul>\n<\/li>\n\n\n\n<li><a href=\"https:\/\/www.orfix.com\/en\/areas-of-excellence-products\/smart-protection\/\"><strong>Smart\u00a0Protection<\/strong><\/a>\n<ul class=\"wp-block-list\">\n<li>Video<\/li>\n\n\n\n<li><a href=\"https:\/\/www.orfix.com\/en\/areas-of-excellence-products\/smart-protection\/rfid\/\">RFID<\/a><\/li>\n\n\n\n<li>IT-Services<\/li>\n\n\n\n<li>D\u00e9veloppement-Software<\/li>\n<\/ul>\n<\/li>\n<\/ul>\n<\/li>\n<\/ul>\n\n\n\n<ul class=\"wp-block-list list--no-img-point\">\n<li><a href=\"https:\/\/www.orfix.com\/en\/sectors\/\"><strong>2)\u00a0Sectors<\/strong><\/a>\n<ul class=\"wp-block-list\">\n<li><a href=\"https:\/\/www.orfix.com\/en\/sectors\/cash-sector-cash-center-banks-cit\/\">Secteur Cash\u00a0(Cash-Center, Banques,\u00a0transporteurs de fonds)<\/a><\/li>\n\n\n\n<li><a href=\"https:\/\/www.orfix.com\/en\/sectors\/agricultural\/\">Agriculture<\/a><\/li>\n\n\n\n<li>Secteur Public<\/li>\n\n\n\n<li><a href=\"https:\/\/www.orfix.com\/en\/sectors\/logistics\/\">Logistique<\/a><\/li>\n\n\n\n<li><a href=\"https:\/\/www.orfix.com\/fr\/secteurs\/commerce\/\">Commerce<\/a><\/li>\n\n\n\n<li><a href=\"https:\/\/www.orfix.com\/en\/sectors\/industry-skilled-crafts-and-trades\/\">Industrie &amp; artisanat <\/a><\/li>\n\n\n\n<li><a href=\"https:\/\/www.orfix.com\/en\/sectors\/transport-services-local-public-transit\/\">Services de transport (transport public local)<\/a><\/li>\n\n\n\n<li><a href=\"https:\/\/www.orfix.com\/en\/sectors\/forwarders-logistics\/\">Transporteurs \/ Logistique<\/a><\/li>\n\n\n\n<li><a href=\"https:\/\/www.orfix.com\/en\/sectors\/security-companies\/\">Entreprises de s\u00e9curit\u00e9<\/a><\/li>\n\n\n\n<li><a href=\"https:\/\/www.orfix.com\/en\/sectors\/medical-laboratory\/\">M\u00e9dical \/ Laboratoire<\/a><\/li>\n\n\n\n<li>Aviation \/ A\u00e9roports<\/li>\n\n\n\n<li><a href=\"https:\/\/www.orfix.com\/en\/sectors\/justice-police-authorities\/\">Justice \/ Police \/ Autorit\u00e9s<\/a><\/li>\n\n\n\n<li><a href=\"https:\/\/www.orfix.com\/en\/sectors\/energy-water-supply\/\">\u00c9nergie et approvisionnement en eau<\/a><\/li>\n\n\n\n<li><a href=\"https:\/\/www.orfix.com\/en\/sectors\/gas-station\/\">Station-service<\/a><\/li>\n<\/ul>\n<\/li>\n<\/ul>\n\n\n\n<ul class=\"wp-block-list list--no-img-point\">\n<li><strong><a href=\"https:\/\/www.orfix.com\/en\/about-us\/\">3)\u00a0A<\/a><\/strong><a href=\"https:\/\/www.orfix.com\/en\/about-us\/\"> propos de nous<\/a>\n<ul class=\"wp-block-list\">\n<li>A propos d&#8217;orfix<\/li>\n\n\n\n<li><a href=\"https:\/\/www.orfix.com\/en\/about-us\/mission-statement\/\">Mission Statement<\/a><\/li>\n\n\n\n<li><a href=\"https:\/\/www.orfix.com\/en\/about-us\/code-of-conduct\/\">Ethique<\/a><\/li>\n\n\n\n<li><a href=\"https:\/\/www.orfix.com\/en\/about-us\/compliance-guidelines\/\">Compliance\u00a0Guidelines<\/a><\/li>\n\n\n\n<li><a href=\"https:\/\/www.orfix.com\/en\/about-us\/sustainability-concept\/\">Sustainability\u00a0Concept<\/a><\/li>\n\n\n\n<li><a href=\"https:\/\/www.orfix.com\/en\/about-us\/references\/\">References<\/a><\/li>\n\n\n\n<li><a href=\"https:\/\/www.orfix.com\/en\/about-us\/history\/\">Notre histoire<\/a><\/li>\n\n\n\n<li><a href=\"https:\/\/www.orfix.com\/en\/about-us\/team\/\">Team<\/a><\/li>\n\n\n\n<li><a href=\"https:\/\/www.orfix.com\/en\/about-us\/locations-partner\/\">Locations\u00a0\/ Partenaire<\/a><\/li>\n\n\n\n<li><a href=\"https:\/\/www.orfix.com\/fr\/a-propos-de-nous\/localisation\/\">Plan <\/a><\/li>\n<\/ul>\n<\/li>\n<\/ul>\n\n\n\n<ul class=\"wp-block-list list--no-img-point\">\n<li><strong><strong>Elements<\/strong><\/strong><strong>Meta-Navigation\u00a0<\/strong>\n<ul class=\"wp-block-list\">\n<li><a href=\"https:\/\/www.orfix.com\/fr\/\" class=\"ek-link\">Accueil<\/a><\/li>\n\n\n\n<li><a href=\"https:\/\/www.orfix.com\/en\/career\/\">Carri\u00e8re<\/a><\/li>\n\n\n\n<li><a href=\"https:\/\/www.orfix.com\/en\/downloads\/\">T\u00e9l\u00e9chargement<\/a><\/li>\n\n\n\n<li><a href=\"https:\/\/www.orfix.com\/fr\/avis-juridique\/\" class=\"ek-link\">Avis juridique<\/a><\/li>\n\n\n\n<li><a href=\"https:\/\/www.orfix.com\/en\/privacy-policy\/\">Politique de confidentialit\u00e9<\/a><\/li>\n\n\n\n<li><a href=\"https:\/\/www.orfix.com\/en\/general-terms-and-conditions\/\">Conditions g\u00e9n\u00e9rales<\/a><\/li>\n\n\n\n<li><a href=\"https:\/\/www.orfix.com\/en\/news\/\">News<\/a><\/li>\n\n\n\n<li><a href=\"https:\/\/www.orfix.com\/en\/about-us\/\">A propos<\/a><\/li>\n\n\n\n<li><a href=\"https:\/\/www.orfix.com\/en\/contact\/\">Contact<\/a><\/li>\n\n\n\n<li><a href=\"https:\/\/www.orfix.com\/en\/press\/\">Presse<\/a><\/li>\n<\/ul>\n<\/li>\n<\/ul>\n\n\n\n<p><\/p>\n\n\t<\/div>\n\n<\/div>\n\n\n\n<p><\/p>\n\n<\/div>\n\n\n<div class=\"wp-bootstrap-blocks-container container-fluid mb-0 custom_container custom_container--full custom_container--prefooter\">\n\t\n<div class=\"wp-bootstrap-blocks-row row\">\n\t\n\n<div class=\"col-12\">\n\t\t\t\n\n<figure class=\"wp-block-image size-full custom_cta-banner__item custom_cta-banner__item--background\"><img loading=\"lazy\" decoding=\"async\" width=\"1500\" height=\"439\" src=\"https:\/\/www.orfix.com\/wp-content\/uploads\/2020\/10\/fullsize_banner_orfix-weltkarte-1.jpg\" alt=\"\" class=\"wp-image-4136\" srcset=\"https:\/\/www.orfix.com\/wp-content\/uploads\/2020\/10\/fullsize_banner_orfix-weltkarte-1.jpg 1500w, https:\/\/www.orfix.com\/wp-content\/uploads\/2020\/10\/fullsize_banner_orfix-weltkarte-1-300x88.jpg 300w, https:\/\/www.orfix.com\/wp-content\/uploads\/2020\/10\/fullsize_banner_orfix-weltkarte-1-1024x300.jpg 1024w, https:\/\/www.orfix.com\/wp-content\/uploads\/2020\/10\/fullsize_banner_orfix-weltkarte-1-768x225.jpg 768w, https:\/\/www.orfix.com\/wp-content\/uploads\/2020\/10\/fullsize_banner_orfix-weltkarte-1-24x7.jpg 24w, https:\/\/www.orfix.com\/wp-content\/uploads\/2020\/10\/fullsize_banner_orfix-weltkarte-1-36x11.jpg 36w, https:\/\/www.orfix.com\/wp-content\/uploads\/2020\/10\/fullsize_banner_orfix-weltkarte-1-48x14.jpg 48w\" sizes=\"auto, (max-width: 1500px) 100vw, 1500px\" \/><\/figure>\n\n\t<\/div>\n\n\n\n<div class=\"col-12 col-md-12 cta-banner-content\">\n\t\t\t\n\n<p class=\"cta-banner-content__item\">Zadovoljstvo nam je da Vas posavetujemo individualno<\/p>\n\n\n\n<h4 class=\"wp-block-heading cta-banner-content__item\"><br>Va\u0161 kompetentan partner sa kompletnim asortimanom za sve koji broje, pakuju, prevoze ili skladi\u0161te&#8230;<\/h4>\n\n\n\n<div class=\"wp-block-buttons cta-banner-content__item is-layout-flex wp-block-buttons-is-layout-flex\">\n<div class=\"wp-block-button is-style-outline is-style-outline--1\"><a class=\"wp-block-button__link has-text-color wp-element-button\" href=\"https:\/\/www.orfix.com\/en\/contact\/\" style=\"color:#ba0c2f\">Contact<\/a><\/div>\n\n\n\n<div class=\"wp-block-button btn__bg--red\"><a class=\"wp-block-button__link has-white-color has-text-color has-background wp-element-button\" href=\"https:\/\/www.orfix.com\/en\/areas-of-excellence-products\/\" style=\"background-color:#ba0c2f\" rel=\"areas-of-excellence-products\">Proizvodi<\/a><\/div>\n<\/div>\n\n\n\n<p><\/p>\n\n\t<\/div>\n\n<\/div>\n\n<\/div>\n\n\n\n<p><\/p>\n","protected":false},"excerpt":{"rendered":"<p><a class=\"btn btn-secondary understrap-read-more-link\" href=\"https:\/\/www.orfix.com\/fr\/plan-du-site\/\">Lire la suite&#8230;<\/a><\/p>\n","protected":false},"author":36,"featured_media":0,"parent":0,"menu_order":12,"comment_status":"closed","ping_status":"closed","template":"","meta":{"_acf_changed":false,"om_disable_all_campaigns":false,"inline_featured_image":false,"advgb_blocks_editor_width":"","advgb_blocks_columns_visual_guide":"","_monsterinsights_skip_tracking":false,"_monsterinsights_sitenote_active":false,"_monsterinsights_sitenote_note":"","_monsterinsights_sitenote_category":0,"_uf_show_specific_survey":0,"_uf_disable_surveys":false,"footnotes":""},"class_list":["post-7788","page","type-page","status-publish","hentry"],"acf":[],"aioseo_notices":[],"coauthors":[],"author_meta":{"author_link":"https:\/\/www.orfix.com\/fr\/author\/mgendelmeyer\/","display_name":"Malte Gendelmeyer"},"relative_dates":{"created":"Publi\u00e9 5 ans il y a","modified":"Mis \u00e0 jour 7 mois il y a"},"absolute_dates":{"created":"Publi\u00e9 le 9. novembre 2020","modified":"Mise \u00e0 jour le 5. octobre 2025"},"absolute_dates_time":{"created":"Publi\u00e9 le 9. novembre 2020 17:32","modified":"Mise \u00e0 jour le 5. octobre 2025 1:53"},"featured_img_caption":"","featured_img":false,"series_order":"","_links":{"self":[{"href":"https:\/\/www.orfix.com\/fr\/wp-json\/wp\/v2\/pages\/7788","targetHints":{"allow":["GET"]}}],"collection":[{"href":"https:\/\/www.orfix.com\/fr\/wp-json\/wp\/v2\/pages"}],"about":[{"href":"https:\/\/www.orfix.com\/fr\/wp-json\/wp\/v2\/types\/page"}],"author":[{"embeddable":true,"href":"https:\/\/www.orfix.com\/fr\/wp-json\/wp\/v2\/users\/36"}],"replies":[{"embeddable":true,"href":"https:\/\/www.orfix.com\/fr\/wp-json\/wp\/v2\/comments?post=7788"}],"version-history":[{"count":12,"href":"https:\/\/www.orfix.com\/fr\/wp-json\/wp\/v2\/pages\/7788\/revisions"}],"predecessor-version":[{"id":31900,"href":"https:\/\/www.orfix.com\/fr\/wp-json\/wp\/v2\/pages\/7788\/revisions\/31900"}],"wp:attachment":[{"href":"https:\/\/www.orfix.com\/fr\/wp-json\/wp\/v2\/media?parent=7788"}],"curies":[{"name":"wp","href":"https:\/\/api.w.org\/{rel}","templated":true}]}}