{"id":7754,"date":"2020-11-09T17:23:28","date_gmt":"2020-11-09T16:23:28","guid":{"rendered":"http:\/\/orfix.netzkunst24.de\/?page_id=7754"},"modified":"2024-05-27T21:01:54","modified_gmt":"2024-05-27T19:01:54","slug":"politique-de-confidentialite","status":"publish","type":"page","link":"https:\/\/www.orfix.com\/fr\/politique-de-confidentialite\/","title":{"rendered":"Politique de confidentialit\u00e9"},"content":{"rendered":"<div class=\"wp-bootstrap-blocks-container container-fluid mb-5 custom_container custom_container--big custom_container--banner custom_container--banner--no-img\">\n\t\n<div class=\"wp-bootstrap-blocks-row row custom_row custom_row--center\">\n\t\n\n<div class=\"col-12 col-md-12 custom_slider custom-banner-img custom_slider__banner\">\n\t\t\t\n\n\n\n\n<h1 class=\"wp-block-heading advgb-dyn-e39f95cd\" style=\"font-size:30px\">Politique de confidentialit\u00e9<\/h1>\n\n\t<\/div>\n\n<\/div>\n\n<\/div>\n\n\n<div class=\"wp-bootstrap-blocks-container container-fluid mb-3 custom_container custom_container--small\">\n\t\n<div class=\"wp-bootstrap-blocks-row row\">\n\t\n\n<div class=\"col-12 col-md-12\">\n\t\t\t\n\n<p class=\"has-medium-font-size\">La protection et la s\u00e9curit\u00e9 des donn\u00e9es personnelles qui nous sont confi\u00e9es est notre priorit\u00e9 absolue. Nous respectons strictement les r\u00e8gles de la loi f\u00e9d\u00e9rale allemande sur la protection des donn\u00e9es (BDSG) et du r\u00e8glement g\u00e9n\u00e9ral de l&#8217;UE sur la protection des donn\u00e9es. Conform\u00e9ment \u00e0 ces r\u00e8glements, nous traitons les donn\u00e9es personnelles des employ\u00e9s, des clients, des fournisseurs et des partenaires commerciaux. Nous vous informons sur les types de donn\u00e9es collect\u00e9es, les finalit\u00e9s de leur collecte et la mani\u00e8re dont elles doivent \u00eatre trait\u00e9es :<\/p>\n\n\t<\/div>\n\n<\/div>\n\n<\/div>\n\n\n<div class=\"wp-bootstrap-blocks-container container-fluid mb-3 custom_container custom_container--small\">\n\t\n<div class=\"wp-bootstrap-blocks-row row\">\n\t\n\n<div class=\"col-12 col-md-12\">\n\t\t\t\n\n<h2 class=\"wp-block-heading advgb-dyn-07b1d31b\" style=\"font-size:30px\">1. Transmission des donn\u00e9es\/enregistrement des donn\u00e9es<\/h2>\n\n\n\n<p class=\"has-medium-font-size\">Lorsque vous visitez notre page web, le serveur web enregistre automatiquement les fichiers journaux qui peuvent \u00eatre attribu\u00e9s \u00e0 une personne en particulier. Ces donn\u00e9es comprennent le type et la version du navigateur, le syst\u00e8me d&#8217;exploitation utilis\u00e9, la page pr\u00e9c\u00e9demment visit\u00e9e, l&#8217;adresse IP de l&#8217;ordinateur demandeur, la date et l&#8217;heure d&#8217;acc\u00e8s \u00e0 la demande du serveur, et la demande de fichier avec le nom du fichier et l&#8217;URL. Ces donn\u00e9es sont collect\u00e9es exclusivement \u00e0 des fins d&#8217;analyse statistique ; elles ne sont pas transmises \u00e0 des tiers.<\/p>\n\n\t<\/div>\n\n<\/div>\n\n<\/div>\n\n\n<div class=\"wp-bootstrap-blocks-container container-fluid mb-3 custom_container custom_container--small\">\n\t\n<div class=\"wp-bootstrap-blocks-row row\">\n\t\n\n<div class=\"col-12 col-md-12\">\n\t\t\t\n\n<h2 class=\"wp-block-heading advgb-dyn-69693b22\" style=\"font-size:30px\">2.&nbsp;Utilisation des donn\u00e9es \u00e0 caract\u00e8re personnel&nbsp;<\/h2>\n\n\n\n<p class=\"has-medium-font-size\">Les donn\u00e9es personnelles ne seront collect\u00e9es ou trait\u00e9es que si vous nous les avez fournies volontairement. Vous pouvez r\u00e9voquer \u00e0 tout moment et avec effet imm\u00e9diat votre consentement pr\u00e9alable \u00e0 la conservation de vos donn\u00e9es \u00e0 caract\u00e8re personnel, par \u00e9crit ou par message \u00e9lectronique. Vos donn\u00e9es ne seront pas transmises \u00e0 des tiers, sauf si la loi nous y oblige et\/ou si cela s&#8217;av\u00e8re n\u00e9cessaire.<\/p>\n\n\t<\/div>\n\n<\/div>\n\n<\/div>\n\n\n<div class=\"wp-bootstrap-blocks-container container-fluid mb-3 custom_container custom_container--small\">\n\t\n<div class=\"wp-bootstrap-blocks-row row\">\n\t\n\n<div class=\"col-12 col-md-12\">\n\t\t\t\n\n<h2 class=\"wp-block-heading advgb-dyn-abf84993\" style=\"font-size:30px\">3. Information, modification ou effacement de vos donn\u00e9es<\/h2>\n\n\n\n<p class=\"has-medium-font-size\">Vous pouvez nous demander par \u00e9crit \u00e0 tout moment et nous vous informerons en cons\u00e9quence si et quelles donn\u00e9es personnelles vous concernant nous avons stock\u00e9es. Nous vous informerons \u00e9galement, sur demande, des modifications et de l&#8217;effacement de vos donn\u00e9es.<\/p>\n\n\t<\/div>\n\n<\/div>\n\n<\/div>\n\n\n<div class=\"wp-bootstrap-blocks-container container-fluid mb-3 custom_container custom_container--small\">\n\t\n<div class=\"wp-bootstrap-blocks-row row\">\n\t\n\n<div class=\"col-12 col-md-12\">\n\t\t\t\n\n<h2 class=\"wp-block-heading advgb-dyn-76e658cd\" style=\"font-size:30px\">&nbsp;4.&nbsp;S\u00e9curit\u00e9 des donn\u00e9es&nbsp;<\/h2>\n\n\n\n<p class=\"has-medium-font-size\">Les donn\u00e9es personnelles que vous nous fournissez sont prot\u00e9g\u00e9es par toutes les mesures de s\u00e9curit\u00e9 techniques et organisationnelles de telle sorte qu&#8217;elles sont inaccessibles \u00e0 des tiers non autoris\u00e9s. Lorsque vous envoyez des donn\u00e9es ou des informations sensibles, nous vous recommandons d&#8217;utiliser le service postal, car une s\u00e9curit\u00e9 totale des donn\u00e9es ne peut \u00eatre garantie dans le trafic de courrier \u00e9lectronique.<\/p>\n\n\t<\/div>\n\n<\/div>\n\n<\/div>\n\n\n<div class=\"wp-bootstrap-blocks-container container-fluid mb-3 custom_container custom_container--small\">\n\t\n<div class=\"wp-bootstrap-blocks-row row\">\n\t\n\n<div class=\"col-12 col-md-12\">\n\t\t\t\n\n<h2 class=\"wp-block-heading advgb-dyn-cfba0bd5\" style=\"font-size:30px\">5.&nbsp;Nous souhaitons attirer express\u00e9ment votre attention sur les droits suivants :<\/h2>\n\n\n\n<p class=\"has-medium-font-size\">&nbsp;\u00c0 tout moment, vous avez le droit \u00e0 l&#8217;information et \u00e0 l&#8217;autorisation de vos donn\u00e9es, ainsi que le droit d&#8217;effacer et de r\u00e9voquer votre consentement au traitement de vos donn\u00e9es.<\/p>\n\n\t<\/div>\n\n<\/div>\n\n<\/div>\n\n\n<div class=\"wp-bootstrap-blocks-container container-fluid mb-3 custom_container custom_container--small\">\n\t\n<div class=\"wp-bootstrap-blocks-row row\">\n\t\n\n<div class=\"col-12 col-md-12\">\n\t\t\t\n\n<h2 class=\"wp-block-heading advgb-dyn-f2c93277\" style=\"font-size:30px\">6. Google<\/h2>\n\n\n\n<p class=\"has-medium-font-size\">Partout o\u00f9 notre site web utilise le service d&#8217;analyse web de Google ou des cookies, vous pouvez \u00e0 tout moment d\u00e9sactiver cette fonction. Nous vous signalons toutefois que dans ce cas, il est possible que vous ne puissiez pas utiliser toutes les fonctions de ce site web dans leur int\u00e9gralit\u00e9.&nbsp;<\/p>\n\n\t<\/div>\n\n<\/div>\n\n<\/div>\n\n\n<div class=\"wp-bootstrap-blocks-container container-fluid mb-5 custom_container custom_container--small\">\n\t\n<div class=\"wp-bootstrap-blocks-row row\">\n\t\n\n<div class=\"col-12 col-md-12\">\n\t\t\t\n\n<h2 class=\"wp-block-heading advgb-dyn-bfddc36b\" style=\"font-size:30px\">7.&nbsp;Contact pour la protection des donn\u00e9es<\/h2>\n\n\n\n<p class=\"has-medium-font-size\">Notre responsable de la protection des donn\u00e9es vous aidera \u00e0 formuler vos questions, commentaires, pr\u00e9occupations ou plaintes concernant la confidentialit\u00e9 des donn\u00e9es ou \u00e0 exercer vos droits en la mati\u00e8re. Le d\u00e9l\u00e9gu\u00e9 \u00e0 la protection des donn\u00e9es peut \u00eatre contact\u00e9 \u00e0 l&#8217;adresse suivante <a href=\"mailto:dataprotection@orfix.com\">dataprotection@orfix.com<\/a>&nbsp;<\/p>\n\n\n\n<p class=\"has-medium-font-size\">Nous ferons toujours de notre mieux pour traiter et r\u00e9gler toute demande ou plainte que vous nous soumettez. Outre le fait de contacter le d\u00e9l\u00e9gu\u00e9 \u00e0 la protection des donn\u00e9es, vous avez toujours le droit d&#8217;adresser votre demande ou votre plainte \u00e0 l&#8217;autorit\u00e9 comp\u00e9tente en mati\u00e8re de protection des donn\u00e9es.<\/p>\n\n\n\n<p class=\"has-medium-font-size\">Une liste et les coordonn\u00e9es des autorit\u00e9s locales de protection des donn\u00e9es sont disponibles ici.<\/p>\n\n\t<\/div>\n\n<\/div>\n\n<\/div>\n\n\n<div class=\"wp-bootstrap-blocks-container container-fluid mb-5 custom_container custom_container--middle\">\n\t\n<div class=\"wp-bootstrap-blocks-row row custom-row__cta-contact\">\n\t\n\n<div class=\"col-12 col-md-6\">\n\t\t\t\n\n<figure class=\"wp-block-image size-large advgb-dyn-438cc30b\"><img loading=\"lazy\" decoding=\"async\" width=\"471\" height=\"344\" src=\"https:\/\/www.orfix.com\/wp-content\/uploads\/2020\/10\/shutterstock_116283283_471x344px.jpg\" alt=\"\" class=\"wp-image-3327\" srcset=\"https:\/\/www.orfix.com\/wp-content\/uploads\/2020\/10\/shutterstock_116283283_471x344px.jpg 471w, https:\/\/www.orfix.com\/wp-content\/uploads\/2020\/10\/shutterstock_116283283_471x344px-300x219.jpg 300w, https:\/\/www.orfix.com\/wp-content\/uploads\/2020\/10\/shutterstock_116283283_471x344px-24x18.jpg 24w, https:\/\/www.orfix.com\/wp-content\/uploads\/2020\/10\/shutterstock_116283283_471x344px-36x26.jpg 36w, https:\/\/www.orfix.com\/wp-content\/uploads\/2020\/10\/shutterstock_116283283_471x344px-48x35.jpg 48w\" sizes=\"auto, (max-width: 471px) 100vw, 471px\" \/><figcaption class=\"wp-element-caption\"><strong>Contactez nous<\/strong><\/figcaption><\/figure>\n\n\t<\/div>\n\n\n\n<div class=\"col-12 col-md-6\">\n\t\t\t\n<div class=\"employeeblock\">\n    <figure class=\"employeeblock__item employeeblock__item--img\">\n        <img decoding=\"async\" src=\"\" alt=\"\" \/>\n    <\/figure>\n    <div class=\"employeeblock__item employeeblock__item--content\">\n        <h2 class=\"name\">Service client\u00e8le<\/h2>\n        <p class=\"position\"><\/p>\n        <p><a class=\"link link--has-icon link--has-icon--mail\" href=\"mailto:info@orfix.fr\">info@orfix.fr<\/a><\/p>\n        <p><a class=\"link link--has-icon link--has-icon--tel\" href=\"tel:0820229099\">0820 22 90 99<\/a><\/p>\n    <\/div>\n<\/div>\n\n\t<\/div>\n\n<\/div>\n\n<\/div>\n\n\n\n<div style=\"height:20px\" aria-hidden=\"true\" class=\"wp-block-spacer\"><\/div>\n\n\n\n<figure class=\"wp-block-image size-full\"><img loading=\"lazy\" decoding=\"async\" width=\"2048\" height=\"600\" src=\"https:\/\/www.orfix.com\/wp-content\/uploads\/2024\/05\/orfix-Karte-2025-en.jpg\" alt=\"\" class=\"wp-image-32957\" srcset=\"https:\/\/www.orfix.com\/wp-content\/uploads\/2024\/05\/orfix-Karte-2025-en.jpg 2048w, https:\/\/www.orfix.com\/wp-content\/uploads\/2024\/05\/orfix-Karte-2025-en-768x225.jpg 768w, https:\/\/www.orfix.com\/wp-content\/uploads\/2024\/05\/orfix-Karte-2025-en-1536x450.jpg 1536w\" sizes=\"auto, (max-width: 2048px) 100vw, 2048px\" \/><\/figure>\n\n\n\n<p class=\"has-medium-font-size\">Nous serions heureux de vous conseiller individuellement !<br><strong>Votre partenaire comp\u00e9tent avec une gamme compl\u00e8te pour tous ceux qui comptent, emballe, transporte ou stocke de l&#8217;argent liquide.<\/strong><\/p>\n\n\n\n<div style=\"height:20px\" aria-hidden=\"true\" class=\"wp-block-spacer\"><\/div>\n\n\n\n<div class=\"wp-block-buttons cta-banner-content__item is-layout-flex wp-block-buttons-is-layout-flex\">\n<div class=\"wp-block-button is-style-outline is-style-outline--1 advgb-dyn-7c74c908\"><a class=\"wp-block-button__link has-text-color has-medium-font-size has-custom-font-size wp-element-button\" href=\"https:\/\/www.orfix.com\/fr\/contact\/\" style=\"border-radius:1px;color:#ba0c2f\" target=\"_blank\" rel=\"noreferrer noopener\"><strong>Nous contacter<\/strong><\/a><\/div>\n\n\n\n<div class=\"wp-block-button btn__bg--red advgb-dyn-dacbcd5c\"><a class=\"wp-block-button__link has-white-color has-text-color has-background has-medium-font-size has-custom-font-size wp-element-button\" href=\"https:\/\/www.orfix.com\/fr\/domaines-dexcellence-produits\/\" style=\"border-radius:1px;background-color:#ba0c2f\" target=\"_blank\" rel=\"noreferrer noopener\"><strong>Produits<\/strong><\/a><\/div>\n\n\n\n<div class=\"wp-block-button btn__bg--red advgb-dyn-353d03d7\"><a class=\"wp-block-button__link has-white-color has-text-color has-background has-medium-font-size has-custom-font-size wp-element-button\" href=\"https:\/\/orfix.fr\/\" style=\"border-radius:1px;background-color:#ba0c2f\" target=\"_blank\" rel=\"noreferrer noopener\"><strong>Magasin en ligne<\/strong><\/a><\/div>\n<\/div>\n\n\n\n<div style=\"height:20px\" aria-hidden=\"true\" class=\"wp-block-spacer\"><\/div>\n","protected":false},"excerpt":{"rendered":"<p><a class=\"btn btn-secondary understrap-read-more-link\" href=\"https:\/\/www.orfix.com\/fr\/politique-de-confidentialite\/\">Lire la suite&#8230;<\/a><\/p>\n","protected":false},"author":36,"featured_media":0,"parent":0,"menu_order":7,"comment_status":"closed","ping_status":"closed","template":"","meta":{"_acf_changed":false,"om_disable_all_campaigns":false,"inline_featured_image":false,"advgb_blocks_editor_width":"","advgb_blocks_columns_visual_guide":"","_monsterinsights_skip_tracking":false,"_monsterinsights_sitenote_active":false,"_monsterinsights_sitenote_note":"","_monsterinsights_sitenote_category":0,"_uf_show_specific_survey":0,"_uf_disable_surveys":false,"footnotes":""},"class_list":["post-7754","page","type-page","status-publish","hentry"],"acf":[],"aioseo_notices":[],"coauthors":[],"author_meta":{"author_link":"https:\/\/www.orfix.com\/fr\/author\/mgendelmeyer\/","display_name":"Malte Gendelmeyer"},"relative_dates":{"created":"Publi\u00e9 5 ans il y a","modified":"Mis \u00e0 jour 2 ans il y a"},"absolute_dates":{"created":"Publi\u00e9 le 9. novembre 2020","modified":"Mise \u00e0 jour le 27. mai 2024"},"absolute_dates_time":{"created":"Publi\u00e9 le 9. novembre 2020 17:23","modified":"Mise \u00e0 jour le 27. mai 2024 21:01"},"featured_img_caption":"","featured_img":false,"series_order":"","_links":{"self":[{"href":"https:\/\/www.orfix.com\/fr\/wp-json\/wp\/v2\/pages\/7754","targetHints":{"allow":["GET"]}}],"collection":[{"href":"https:\/\/www.orfix.com\/fr\/wp-json\/wp\/v2\/pages"}],"about":[{"href":"https:\/\/www.orfix.com\/fr\/wp-json\/wp\/v2\/types\/page"}],"author":[{"embeddable":true,"href":"https:\/\/www.orfix.com\/fr\/wp-json\/wp\/v2\/users\/36"}],"replies":[{"embeddable":true,"href":"https:\/\/www.orfix.com\/fr\/wp-json\/wp\/v2\/comments?post=7754"}],"version-history":[{"count":5,"href":"https:\/\/www.orfix.com\/fr\/wp-json\/wp\/v2\/pages\/7754\/revisions"}],"predecessor-version":[{"id":25807,"href":"https:\/\/www.orfix.com\/fr\/wp-json\/wp\/v2\/pages\/7754\/revisions\/25807"}],"wp:attachment":[{"href":"https:\/\/www.orfix.com\/fr\/wp-json\/wp\/v2\/media?parent=7754"}],"curies":[{"name":"wp","href":"https:\/\/api.w.org\/{rel}","templated":true}]}}