{"id":7745,"date":"2020-11-09T17:21:30","date_gmt":"2020-11-09T16:21:30","guid":{"rendered":"http:\/\/orfix.netzkunst24.de\/?page_id=7745"},"modified":"2024-05-27T20:32:53","modified_gmt":"2024-05-27T18:32:53","slug":"avis-juridique","status":"publish","type":"page","link":"https:\/\/www.orfix.com\/fr\/avis-juridique\/","title":{"rendered":"Avis juridique"},"content":{"rendered":"<div class=\"wp-bootstrap-blocks-container container-fluid mb-5 custom_container custom_container--big custom_container--banner custom_container--banner--no-img\">\n\t\n<div class=\"wp-bootstrap-blocks-row row custom_row custom_row--center\">\n\t\n\n<div class=\"col-12 col-md-12 custom_slider custom-banner-img custom_slider__banner\">\n\t\t\t\n\n\n\n\n<h1 class=\"wp-block-heading advgb-dyn-6616b9c0\" style=\"font-size:30px\">Avis juridique<\/h1>\n\n\t<\/div>\n\n<\/div>\n\n<\/div>\n\n\n<div class=\"wp-bootstrap-blocks-container container-fluid mb-5 custom_container custom_container--small\">\n\t\n<div class=\"wp-bootstrap-blocks-row row\">\n\t\n\n<div class=\"col-12 col-md-12\">\n\t\t\t\n\n<p class=\"has-medium-font-size\">orfix International GmbH&nbsp;<br>Rottorfer&nbsp;Stra\u00dfe 8 \u00b7 21449 Radbruch&nbsp;<br>Tel. <a href=\"tel:+4941788184\">+ 49 (0) 4178 8184<\/a> &#8211; 0 \u00b7&nbsp;fax&nbsp;+ 49 (0) 4178 8184 &#8211; 99&nbsp;<br><a href=\"mailto:info@orfix.de\">info@orfix.de<\/a><\/p>\n\n\n\n<p class=\"has-medium-font-size\"><\/p>\n\n\n\n<h2 class=\"wp-block-heading advgb-dyn-15e12cc5\" style=\"font-size:30px\">Responsable:&nbsp;<\/h2>\n\n\n\n<p class=\"has-medium-font-size\">As per \u00a7 55 RStV: Managing Director: Ingolf Planer, Andreas Wulf, Holger Schr\u00f6der<\/p>\n\n\n\n<p class=\"has-medium-font-size\"><strong>Commercial Register District Court<\/strong> L\u00fcneburg <\/p>\n\n\n\n<p class=\"has-medium-font-size\"><strong>Register-No<\/strong>.: HRB204576<\/p>\n\n\n\n<p class=\"has-medium-font-size\"><strong>VAT-No.<\/strong>: DE291453980<\/p>\n\n\n\n<p class=\"has-medium-font-size\"><strong>Tax-No<\/strong>.: 33 209 01 755<\/p>\n\n\n\n<p class=\"has-medium-font-size\"><strong>D-U-N-S-No.<\/strong>: 340617443<\/p>\n\n\n\n<p class=\"has-medium-font-size\"><strong>LUCID-No<\/strong>. DE5823620695200<\/p>\n\n\n\n<p class=\"has-medium-font-size\"><strong>Commerzbank AG<\/strong><\/p>\n\n\n\n<p class=\"has-medium-font-size\">IBAN: DE04 2004 0000 0100 3755 00<\/p>\n\n\n\n<p class=\"has-medium-font-size\">BIC (Swift): COBADEFXXX<\/p>\n\n\n\n<p class=\"has-medium-font-size\"><strong>Hamburger Sparkasse<\/strong><\/p>\n\n\n\n<p class=\"has-medium-font-size\">IBAN: DE31 2005 0550 1213 1247 36<\/p>\n\n\n\n<p class=\"has-medium-font-size\">BIC (Swift): HASPDEHHXXX<\/p>\n\n\n\n<p class=\"has-medium-font-size\"><\/p>\n\n\n\n<p class=\"has-medium-font-size\"> <strong><a href=\"https:\/\/www.orfix.com\/en\/general-terms-and-conditions\/\">Nos conditions g\u00e9n\u00e9rales<\/a><\/strong><\/p>\n\n\n\n<p class=\"has-medium-font-size\"><\/p>\n\n\n\n<p class=\"has-medium-font-size\"><a href=\"https:\/\/www.orfix.com\/en\/privacy-policy\/\"><strong>Notre politique de confidentialit\u00e9<\/strong><\/a><\/p>\n\n\n\n<h2 class=\"wp-block-heading advgb-dyn-735d7223\" style=\"font-size:30px\">Concept, Text and Webdesign:&nbsp;<\/h2>\n\n\n\n<p class=\"has-medium-font-size\">Konzept, Text und Webdesign:&nbsp;<br>Netzkunst24 Design- und Internetagentur GmbH&nbsp;<br>August-Wellenkamp-Stra\u00dfe 20&nbsp;\u00b7&nbsp;21337 L\u00fcneburg&nbsp;&nbsp;<br>Telefon: <a href=\"tel:+4941319272270\">+49 (0) 4131 \/ 92 72 27-0<\/a>&nbsp;<br><a href=\"mailto:info@netzkunst24.de\">info@netzkunst24.de<\/a> \u00b7 <a href=\"http:\/\/www.netzkunst24.de\">www.netzkunst24.de<\/a>&nbsp;<\/p>\n\n\n\n<p class=\"has-medium-font-size\">Toutes les informations et explications figurant sur ces pages web sont sans engagement. La soci\u00e9t\u00e9 orfix International GmbH d\u00e9cline toute responsabilit\u00e9 quant \u00e0 l&#8217;exactitude et l&#8217;exhaustivit\u00e9 des contenus. Aucune garantie de quelque nature que ce soit n&#8217;est fournie et aucune caract\u00e9ristique des produits n&#8217;est garantie. Aucune revendication l\u00e9gale ne peut \u00eatre d\u00e9duite du contenu des pages web. Toute erreur dans le contenu sera corrig\u00e9e directement apr\u00e8s notification. En raison du temps n\u00e9cessaire \u00e0 la mise \u00e0 jour, le contenu des pages internet ne peut pas \u00eatre mis \u00e0 jour en permanence. Veuillez demander les derniers d\u00e9tails concernant le produit, la disponibilit\u00e9 et les services offerts. Les liens vers d&#8217;autres pages Internet ne sont pas contr\u00f4l\u00e9s en permanence ; nous n&#8217;assumons donc aucune responsabilit\u00e9 quant au contenu des sites li\u00e9s.<\/p>\n\n\t<\/div>\n\n<\/div>\n\n<\/div>\n\n\n\n<div style=\"height:20px\" aria-hidden=\"true\" class=\"wp-block-spacer\"><\/div>\n\n\n\n<figure class=\"wp-block-image size-full\"><img loading=\"lazy\" decoding=\"async\" width=\"2048\" height=\"600\" src=\"https:\/\/www.orfix.com\/wp-content\/uploads\/2024\/05\/orfix-Karte-2025-en.jpg\" alt=\"\" class=\"wp-image-32957\" srcset=\"https:\/\/www.orfix.com\/wp-content\/uploads\/2024\/05\/orfix-Karte-2025-en.jpg 2048w, https:\/\/www.orfix.com\/wp-content\/uploads\/2024\/05\/orfix-Karte-2025-en-768x225.jpg 768w, https:\/\/www.orfix.com\/wp-content\/uploads\/2024\/05\/orfix-Karte-2025-en-1536x450.jpg 1536w\" sizes=\"auto, (max-width: 2048px) 100vw, 2048px\" \/><\/figure>\n\n\n\n<p class=\"has-medium-font-size\">Nous serions heureux de vous conseiller individuellement !<br><strong>Votre partenaire comp\u00e9tent avec une gamme compl\u00e8te pour tous ceux qui comptent, emballe, transporte ou stocke de l&#8217;argent liquide.<\/strong><\/p>\n\n\n\n<div style=\"height:20px\" aria-hidden=\"true\" class=\"wp-block-spacer\"><\/div>\n\n\n\n<div class=\"wp-block-buttons cta-banner-content__item is-layout-flex wp-block-buttons-is-layout-flex\">\n<div class=\"wp-block-button is-style-outline is-style-outline--1 advgb-dyn-7c74c908\"><a class=\"wp-block-button__link has-text-color has-medium-font-size has-custom-font-size wp-element-button\" href=\"https:\/\/www.orfix.com\/fr\/contact\/\" style=\"border-radius:1px;color:#ba0c2f\" target=\"_blank\" rel=\"noreferrer noopener\"><strong>Nous contacter<\/strong><\/a><\/div>\n\n\n\n<div class=\"wp-block-button btn__bg--red advgb-dyn-dacbcd5c\"><a class=\"wp-block-button__link has-white-color has-text-color has-background has-medium-font-size has-custom-font-size wp-element-button\" href=\"https:\/\/www.orfix.com\/fr\/domaines-dexcellence-produits\/\" style=\"border-radius:1px;background-color:#ba0c2f\" target=\"_blank\" rel=\"noreferrer noopener\"><strong>Produits<\/strong><\/a><\/div>\n\n\n\n<div class=\"wp-block-button btn__bg--red advgb-dyn-353d03d7\"><a class=\"wp-block-button__link has-white-color has-text-color has-background has-medium-font-size has-custom-font-size wp-element-button\" href=\"https:\/\/orfix.fr\/\" style=\"border-radius:1px;background-color:#ba0c2f\" target=\"_blank\" rel=\"noreferrer noopener\"><strong>Magasin en ligne<\/strong><\/a><\/div>\n<\/div>\n\n\n\n<div style=\"height:20px\" aria-hidden=\"true\" class=\"wp-block-spacer\"><\/div>\n","protected":false},"excerpt":{"rendered":"<p><a class=\"btn btn-secondary understrap-read-more-link\" href=\"https:\/\/www.orfix.com\/fr\/avis-juridique\/\">Lire la suite&#8230;<\/a><\/p>\n","protected":false},"author":36,"featured_media":0,"parent":0,"menu_order":6,"comment_status":"closed","ping_status":"closed","template":"","meta":{"_acf_changed":false,"om_disable_all_campaigns":false,"inline_featured_image":false,"advgb_blocks_editor_width":"","advgb_blocks_columns_visual_guide":"","_monsterinsights_skip_tracking":false,"_monsterinsights_sitenote_active":false,"_monsterinsights_sitenote_note":"","_monsterinsights_sitenote_category":0,"_uf_show_specific_survey":0,"_uf_disable_surveys":false,"footnotes":""},"class_list":["post-7745","page","type-page","status-publish","hentry"],"acf":[],"aioseo_notices":[],"coauthors":[],"author_meta":{"author_link":"https:\/\/www.orfix.com\/fr\/author\/mgendelmeyer\/","display_name":"Malte Gendelmeyer"},"relative_dates":{"created":"Publi\u00e9 5 ans il y a","modified":"Mis \u00e0 jour 2 ans il y a"},"absolute_dates":{"created":"Publi\u00e9 le 9. novembre 2020","modified":"Mise \u00e0 jour le 27. mai 2024"},"absolute_dates_time":{"created":"Publi\u00e9 le 9. novembre 2020 17:21","modified":"Mise \u00e0 jour le 27. mai 2024 20:32"},"featured_img_caption":"","featured_img":false,"series_order":"","_links":{"self":[{"href":"https:\/\/www.orfix.com\/fr\/wp-json\/wp\/v2\/pages\/7745","targetHints":{"allow":["GET"]}}],"collection":[{"href":"https:\/\/www.orfix.com\/fr\/wp-json\/wp\/v2\/pages"}],"about":[{"href":"https:\/\/www.orfix.com\/fr\/wp-json\/wp\/v2\/types\/page"}],"author":[{"embeddable":true,"href":"https:\/\/www.orfix.com\/fr\/wp-json\/wp\/v2\/users\/36"}],"replies":[{"embeddable":true,"href":"https:\/\/www.orfix.com\/fr\/wp-json\/wp\/v2\/comments?post=7745"}],"version-history":[{"count":6,"href":"https:\/\/www.orfix.com\/fr\/wp-json\/wp\/v2\/pages\/7745\/revisions"}],"predecessor-version":[{"id":25799,"href":"https:\/\/www.orfix.com\/fr\/wp-json\/wp\/v2\/pages\/7745\/revisions\/25799"}],"wp:attachment":[{"href":"https:\/\/www.orfix.com\/fr\/wp-json\/wp\/v2\/media?parent=7745"}],"curies":[{"name":"wp","href":"https:\/\/api.w.org\/{rel}","templated":true}]}}