{"id":7714,"date":"2020-11-09T17:05:57","date_gmt":"2020-11-09T16:05:57","guid":{"rendered":"http:\/\/orfix.netzkunst24.de\/?page_id=7714"},"modified":"2026-03-05T12:19:44","modified_gmt":"2026-03-05T11:19:44","slug":"localisations-partenaires","status":"publish","type":"page","link":"https:\/\/www.orfix.com\/fr\/a-propos-de-nous\/localisations-partenaires\/","title":{"rendered":"Localisations \/  Partenaires"},"content":{"rendered":"<div class=\"wp-bootstrap-blocks-container container-fluid mb-5 custom_container custom_container--big custom_container--banner\">\n\t\n<div class=\"wp-bootstrap-blocks-row row custom_row custom_row--center\">\n\t\n\n<div class=\"col-12 col-md-12 custom_slider custom-banner-img custom_slider__banner custom-banner-img\">\n\t\t\t\n\n<figure class=\"wp-block-image size-full\"><img loading=\"lazy\" decoding=\"async\" width=\"2048\" height=\"600\" src=\"https:\/\/www.orfix.com\/wp-content\/uploads\/2020\/09\/orfix-Karte-mit-Irland-web-en.jpg\" alt=\"\" class=\"wp-image-33357\" srcset=\"https:\/\/www.orfix.com\/wp-content\/uploads\/2020\/09\/orfix-Karte-mit-Irland-web-en.jpg 2048w, https:\/\/www.orfix.com\/wp-content\/uploads\/2020\/09\/orfix-Karte-mit-Irland-web-en-768x225.jpg 768w, https:\/\/www.orfix.com\/wp-content\/uploads\/2020\/09\/orfix-Karte-mit-Irland-web-en-1536x450.jpg 1536w\" sizes=\"auto, (max-width: 2048px) 100vw, 2048px\" \/><\/figure>\n\n\n\n\n\t<\/div>\n\n<\/div>\n\n<\/div>\n\n\n<div class=\"wp-bootstrap-blocks-container container-fluid mb-5 custom_container custom_container--small\">\n\t\n<div class=\"wp-bootstrap-blocks-row row\">\n\t\n\n<div class=\"col-12 col-md-12\">\n\t\t\t\n\n<h2 class=\"wp-block-heading\" style=\"font-size:30px\">orfix Branches &amp; Partners<\/h2>\n\n\n\n<p class=\"has-medium-font-size\">orfix poss\u00e8de des soci\u00e9t\u00e9s de production et de distribution en Allemagne, en France, en Italie, en Pologne et en Serbie. Nos produits et solutions sont disponibles dans de nombreux autres pays par l&#8217;interm\u00e9diaire de nos agents agr\u00e9\u00e9s. Pour la s\u00e9curit\u00e9 de vos objets de valeur &#8211; contactez nous.<\/p>\n\n\t<\/div>\n\n<\/div>\n\n<\/div>\n\n\n<div class=\"wp-bootstrap-blocks-container container-fluid mb-5 custom_container custom_container--small\">\n\t\n<div class=\"wp-bootstrap-blocks-row row\">\n\t\n\n<div class=\"col-12 col-md-6\">\n\t\t\t\n\n<figure class=\"wp-block-image size-large\"><img loading=\"lazy\" decoding=\"async\" width=\"365\" height=\"257\" src=\"https:\/\/www.orfix.com\/wp-content\/uploads\/2020\/11\/Overviewblock_about-us_locationen_germany.jpg\" alt=\"\" class=\"wp-image-6634\" srcset=\"https:\/\/www.orfix.com\/wp-content\/uploads\/2020\/11\/Overviewblock_about-us_locationen_germany.jpg 365w, https:\/\/www.orfix.com\/wp-content\/uploads\/2020\/11\/Overviewblock_about-us_locationen_germany-300x211.jpg 300w\" sizes=\"auto, (max-width: 365px) 100vw, 365px\" \/><\/figure>\n\n\t<\/div>\n\n\n\n<div class=\"col-12 col-md-6\">\n\t\t\t\n\n<h2 class=\"wp-block-heading\" style=\"font-size:30px\">orfix International GmbH \u00b7 GERMANY&nbsp;<\/h2>\n\n\n\n<p class=\"has-medium-font-size\">Rottorfer&nbsp;Stra\u00dfe 8 \u00b7 D-21449 Radbruch&nbsp;<\/p>\n\n\n\n<p class=\"has-medium-font-size\">Tel. <a href=\"tel:+49417881840\">+49 (0) 41 78 &#8211; 81 84 &#8211; 0<\/a> <\/p>\n\n\n\n<p class=\"has-medium-font-size\">Fax +49 (0) 41 78 &#8211; 81 84 &#8211; 99&nbsp;<\/p>\n\n\n\n<p class=\"has-medium-font-size\"><a href=\"mailto:info@orfix.de\">info@orfix.de<\/a> \u00b7&nbsp;<a href=\"https:\/\/www.orfix.com\/fr\/\" target=\"_blank\" rel=\"noreferrer noopener\">www.orfix.com<\/a>&nbsp;<\/p>\n\n\t<\/div>\n\n<\/div>\n\n<\/div>\n\n\n<div class=\"wp-bootstrap-blocks-container container-fluid mb-5 custom_container custom_container--small\">\n\t\n<div class=\"wp-bootstrap-blocks-row row\">\n\t\n\n<div class=\"col-12 col-md-6\">\n\t\t\t\n\n<figure class=\"wp-block-image size-large\"><img loading=\"lazy\" decoding=\"async\" width=\"365\" height=\"257\" src=\"https:\/\/www.orfix.com\/wp-content\/uploads\/2020\/11\/Overviewblock_about-us_locationen_france.jpg\" alt=\"\" class=\"wp-image-6662\" srcset=\"https:\/\/www.orfix.com\/wp-content\/uploads\/2020\/11\/Overviewblock_about-us_locationen_france.jpg 365w, https:\/\/www.orfix.com\/wp-content\/uploads\/2020\/11\/Overviewblock_about-us_locationen_france-300x211.jpg 300w\" sizes=\"auto, (max-width: 365px) 100vw, 365px\" \/><\/figure>\n\n\t<\/div>\n\n\n\n<div class=\"col-12 col-md-6\">\n\t\t\t\n\n<h2 class=\"wp-block-heading\" style=\"font-size:30px\">orfix France SA \u00b7 FRANCE&nbsp;<\/h2>\n\n\n\n<p class=\"has-medium-font-size\">ZI de Maubech \u00b7 FR-19250 Meymac<\/p>\n\n\n\n<p class=\"has-medium-font-size\">Tel. <a href=\"tel:+33820229099\">+33 (0) 820 22 90 99<\/a> <\/p>\n\n\n\n<p class=\"has-medium-font-size\">Fax +33 (0) 5 55 95 26 48&nbsp;<\/p>\n\n\n\n<p class=\"has-medium-font-size\"><a href=\"mailto:info@orfix.fr\">info@orfix.fr<\/a> \u00b7&nbsp;<a href=\"https:\/\/www.orfix.com\/fr\/\" target=\"_blank\" rel=\"noreferrer noopener\">www.orfix.com<\/a>&nbsp;<\/p>\n\n\t<\/div>\n\n<\/div>\n\n<\/div>\n\n\n<div class=\"wp-bootstrap-blocks-container container-fluid mb-5 custom_container custom_container--small\">\n\t\n<div class=\"wp-bootstrap-blocks-row row\">\n\t\n\n<div class=\"col-12 col-md-6\">\n\t\t\t\n\n<figure class=\"wp-block-image size-full\"><img loading=\"lazy\" decoding=\"async\" width=\"365\" height=\"257\" src=\"https:\/\/www.orfix.com\/wp-content\/uploads\/2026\/02\/Overviewblock_about-us_locationen_ireland-1.jpg\" alt=\"\" class=\"wp-image-33499\"\/><\/figure>\n\n\t<\/div>\n\n\n\n<div class=\"col-12 col-md-6\">\n\t\t\t\n\n<h2 class=\"wp-block-heading\" style=\"font-size:30px\">orfix NJB Packaging \u00b7 IRLAND&nbsp;<\/h2>\n\n\n\n<p class=\"has-medium-font-size\">Unit F6 Maynooth Business Campus&nbsp;\u00b7 Straffan Rd, Maynooth, Co. Kildare \u00b7 W23 F9F4 Irland<\/p>\n\n\n\n<p class=\"has-medium-font-size\">Tel. <a href=\"tel:+35316106449\" class=\"ek-link\"><a href=\"tel:+33820229099\" class=\"ek-link\">+353 (0) 1 610 6449<\/a><\/a><\/p>\n\n\n\n<p class=\"has-medium-font-size\"><a href=\"mailto:info@orfix.fr\" class=\"ek-link\">info@njb.ie<\/a> \u00b7&nbsp;<a href=\"https:\/\/www.orfix.com\/fr\/\" target=\"_blank\" rel=\"noreferrer noopener\" class=\"ek-link\">www.njb.ie<\/a>&nbsp;<\/p>\n\n\t<\/div>\n\n<\/div>\n\n<\/div>\n\n\n<div class=\"wp-bootstrap-blocks-container container-fluid mb-5 custom_container custom_container--small\">\n\t\n<div class=\"wp-bootstrap-blocks-row row\">\n\t\n\n<div class=\"col-12 col-md-6\">\n\t\t\t\n\n<figure class=\"wp-block-image size-large\"><img loading=\"lazy\" decoding=\"async\" width=\"365\" height=\"257\" src=\"https:\/\/www.orfix.com\/wp-content\/uploads\/2020\/12\/Overviewblock_about-us_locationen_italy2.jpg\" alt=\"\" class=\"wp-image-12810\" srcset=\"https:\/\/www.orfix.com\/wp-content\/uploads\/2020\/12\/Overviewblock_about-us_locationen_italy2.jpg 365w, https:\/\/www.orfix.com\/wp-content\/uploads\/2020\/12\/Overviewblock_about-us_locationen_italy2-300x211.jpg 300w\" sizes=\"auto, (max-width: 365px) 100vw, 365px\" \/><\/figure>\n\n\t<\/div>\n\n\n\n<div class=\"col-12 col-md-6\">\n\t\t\t\n\n<h2 class=\"wp-block-heading\" style=\"font-size:30px\">orfix Italia&nbsp;s.r.l. \u00b7 ITALIA&nbsp;<\/h2>\n\n\n\n<p class=\"has-medium-font-size\">Via Leone XIII, 95 \u00b7 IT-00165 Roma (RM)&nbsp;<\/p>\n\n\n\n<p class=\"has-medium-font-size\">Tel. <a href=\"tel:+390639870216\">+39 06 39 87&nbsp;02 16&nbsp;<\/a><\/p>\n\n\n\n<p class=\"has-medium-font-size\"><a href=\"mailto:info@orfix.it\">info@orfix.it<\/a> \u00b7&nbsp;<a href=\"https:\/\/www.orfix.com\/fr\/\" target=\"_blank\" rel=\"noreferrer noopener\">www.orfix.com<\/a>&nbsp;<\/p>\n\n\t<\/div>\n\n<\/div>\n\n<\/div>\n\n\n<div class=\"wp-bootstrap-blocks-container container-fluid mb-5 custom_container custom_container--small\">\n\t\n<div class=\"wp-bootstrap-blocks-row row\">\n\t\n\n<div class=\"col-12 col-md-6\">\n\t\t\t\n\n<figure class=\"wp-block-image size-large\"><img loading=\"lazy\" decoding=\"async\" width=\"365\" height=\"257\" src=\"https:\/\/www.orfix.com\/wp-content\/uploads\/2020\/12\/Overviewblock_about-us_locationen_poland2.jpg\" alt=\"\" class=\"wp-image-12817\" srcset=\"https:\/\/www.orfix.com\/wp-content\/uploads\/2020\/12\/Overviewblock_about-us_locationen_poland2.jpg 365w, https:\/\/www.orfix.com\/wp-content\/uploads\/2020\/12\/Overviewblock_about-us_locationen_poland2-300x211.jpg 300w\" sizes=\"auto, (max-width: 365px) 100vw, 365px\" \/><\/figure>\n\n\t<\/div>\n\n\n\n<div class=\"col-12 col-md-6\">\n\t\t\t\n\n<h2 class=\"wp-block-heading\" style=\"font-size:30px\">orfix&nbsp;Polska&nbsp;Sp. z&nbsp;o.o.&nbsp;sp.k. \u00b7 POLSKA&nbsp;<\/h2>\n\n\n\n<p class=\"has-medium-font-size\">ul. Kartuska 462 \u00b7 PL-80-298 Gda\u0144sk<\/p>\n\n\n\n<p class=\"has-medium-font-size\">Tel. <a href=\"tel:+48585110655\">+48 (0) 58 &#8211; 511 06 55<\/a>  <\/p>\n\n\n\n<p class=\"has-medium-font-size\">Fax +48 (0) 58 &#8211; 511 06 57&nbsp;<\/p>\n\n\n\n<p class=\"has-medium-font-size\"><a href=\"mailto:info@orfix.pl\">info@orfix.pl<\/a> \u00b7&nbsp;<a href=\"https:\/\/www.orfix.com\/fr\/\" target=\"_blank\" rel=\"noreferrer noopener\">www.orfix.com<\/a>&nbsp;<\/p>\n\n\t<\/div>\n\n<\/div>\n\n<\/div>\n\n\n<div class=\"wp-bootstrap-blocks-container container-fluid mb-5 custom_container custom_container--small\">\n\t\n<div class=\"wp-bootstrap-blocks-row row\">\n\t\n\n<div class=\"col-12 col-md-6\">\n\t\t\t\n\n<figure class=\"wp-block-image size-large\"><img loading=\"lazy\" decoding=\"async\" width=\"365\" height=\"257\" src=\"https:\/\/www.orfix.com\/wp-content\/uploads\/2020\/12\/Overviewblock_about-us_locationen_serbia2.jpg\" alt=\"\" class=\"wp-image-12841\" srcset=\"https:\/\/www.orfix.com\/wp-content\/uploads\/2020\/12\/Overviewblock_about-us_locationen_serbia2.jpg 365w, https:\/\/www.orfix.com\/wp-content\/uploads\/2020\/12\/Overviewblock_about-us_locationen_serbia2-300x211.jpg 300w\" sizes=\"auto, (max-width: 365px) 100vw, 365px\" \/><\/figure>\n\n\t<\/div>\n\n\n\n<div class=\"col-12 col-md-6\">\n\t\t\t\n\n<h2 class=\"wp-block-heading\" style=\"font-size:30px\">orfix doo \u00b7 SERBIA&nbsp;<\/h2>\n\n\n\n<p class=\"has-medium-font-size\">Rumenacki put bb \u00b7 RS-21000&nbsp;Novi Sad<\/p>\n\n\n\n<p class=\"has-medium-font-size\">Tel. <a href=\"tel:+38121872999\">+381 (0) 63 267 909<\/a><\/p>\n\n\n\n<p class=\"has-medium-font-size\"><a href=\"mailto:info@orfix.rs\">info@orfix.rs<\/a> <\/p>\n\n\n\n<p class=\"has-medium-font-size\"><a href=\"https:\/\/www.orfix.com\/fr\/\">www.orfix.com&nbsp;<\/a><\/p>\n\n\t<\/div>\n\n<\/div>\n\n<\/div>\n\n\n<div class=\"wp-bootstrap-blocks-container container-fluid mb-5 custom_container custom_container--middle\">\n\t\n<div class=\"wp-bootstrap-blocks-row row custom-row__cta-contact\">\n\t\n\n<div class=\"col-12 col-md-6\">\n\t\t\t\n\n<figure class=\"wp-block-image size-large advgb-dyn-438cc30b\"><img loading=\"lazy\" decoding=\"async\" width=\"471\" height=\"344\" src=\"https:\/\/www.orfix.com\/wp-content\/uploads\/2020\/10\/shutterstock_116283283_471x344px.jpg\" alt=\"\" class=\"wp-image-3327\" srcset=\"https:\/\/www.orfix.com\/wp-content\/uploads\/2020\/10\/shutterstock_116283283_471x344px.jpg 471w, https:\/\/www.orfix.com\/wp-content\/uploads\/2020\/10\/shutterstock_116283283_471x344px-300x219.jpg 300w, https:\/\/www.orfix.com\/wp-content\/uploads\/2020\/10\/shutterstock_116283283_471x344px-24x18.jpg 24w, https:\/\/www.orfix.com\/wp-content\/uploads\/2020\/10\/shutterstock_116283283_471x344px-36x26.jpg 36w, https:\/\/www.orfix.com\/wp-content\/uploads\/2020\/10\/shutterstock_116283283_471x344px-48x35.jpg 48w\" sizes=\"auto, (max-width: 471px) 100vw, 471px\" \/><figcaption class=\"wp-element-caption\"><strong>Contactez nous<\/strong><\/figcaption><\/figure>\n\n\t<\/div>\n\n\n\n<div class=\"col-12 col-md-6\">\n\t\t\t\n<div class=\"employeeblock\">\n    <figure class=\"employeeblock__item employeeblock__item--img\">\n        <img decoding=\"async\" src=\"\" alt=\"\" \/>\n    <\/figure>\n    <div class=\"employeeblock__item employeeblock__item--content\">\n        <h2 class=\"name\">Service client\u00e8le<\/h2>\n        <p class=\"position\"><\/p>\n        <p><a class=\"link link--has-icon link--has-icon--mail\" href=\"mailto:info@orfix.fr\">info@orfix.fr<\/a><\/p>\n        <p><a class=\"link link--has-icon link--has-icon--tel\" href=\"tel:0820229099\">0820 22 90 99<\/a><\/p>\n    <\/div>\n<\/div>\n\n\t<\/div>\n\n<\/div>\n\n<\/div>\n\n\n<div class=\"wp-bootstrap-blocks-container container-fluid mb-5 custom_container custom_container--middle rb-specialist-en\">\n\t\n<div class=\"wp-bootstrap-blocks-row row\">\n\t\n\n<div class=\"col-12 col-md-12\">\n\t\t\t\n\n<h2 class=\"wp-block-heading advgb-dyn-349850c5\" style=\"font-size:30px\">orfix \u2013 sp\u00e9cialistes du traitement du poly\u00e9thyl\u00e8ne et du papier<\/h2>\n\n\t<\/div>\n\n\n\n<div class=\"col-12 col-md-6\">\n\t\t\t\n\n<p class=\"has-medium-font-size\">Dans les phases de d\u00e9veloppement et de production, nous utilisons toujours des techniques de pointe, en tenant compte des besoins individuels de nos clients et en accordant une attention particuli\u00e8re \u00e0 l\u2019environnement. Nous sommes pr\u00e9occup\u00e9s par l\u2019impact \u00e0 long terme de nos activit\u00e9s, nous prenons des mesures pour \u00e9conomiser les ressources et nous visons la neutralit\u00e9 carbone l\u00e0 o\u00f9 nous le pouvons. C\u2019est, en somme, notre politique environnementale. Nous veillons \u00e0 garantir une qualit\u00e9 constante, toujours conforme aux normes les plus \u00e9lev\u00e9es du march\u00e9 et certifi\u00e9e. Nous esp\u00e9rons vous inspirer par nos innovations et notre excellent service \u00e0 la client\u00e8le.<\/p>\n\n\t<\/div>\n\n\n\n<div class=\"col-12 col-md-6\">\n\t\t\t\n\n<ul class=\"wp-block-list\">\n<li class=\"has-medium-font-size\">La gamme standard orfix est toujours disponible en stock.<\/li>\n\n\n\n<li class=\"has-medium-font-size\">orfix propose des services personnalis\u00e9s de stockage et de logistique.<\/li>\n\n\n\n<li class=\"has-medium-font-size\">orfix offre une grande flexibilit\u00e9 dans la personnalisation des produits, m\u00eame pour de petites quantit\u00e9s.<\/li>\n\n\n\n<li class=\"has-medium-font-size\">l\u2019\u00e9quipe orfix est toujours disponible pour vous donner des conseils d\u2019experts adapt\u00e9s \u00e0 vos besoins.<\/li>\n<\/ul>\n\n\t<\/div>\n\n<\/div>\n\n<\/div>\n\n\n\n<div style=\"height:20px\" aria-hidden=\"true\" class=\"wp-block-spacer\"><\/div>\n\n\n\n<figure class=\"wp-block-image size-full\"><img loading=\"lazy\" decoding=\"async\" width=\"2048\" height=\"600\" src=\"https:\/\/www.orfix.com\/wp-content\/uploads\/2024\/05\/orfix-Karte-2025-en.jpg\" alt=\"\" class=\"wp-image-32957\" srcset=\"https:\/\/www.orfix.com\/wp-content\/uploads\/2024\/05\/orfix-Karte-2025-en.jpg 2048w, https:\/\/www.orfix.com\/wp-content\/uploads\/2024\/05\/orfix-Karte-2025-en-768x225.jpg 768w, https:\/\/www.orfix.com\/wp-content\/uploads\/2024\/05\/orfix-Karte-2025-en-1536x450.jpg 1536w\" sizes=\"auto, (max-width: 2048px) 100vw, 2048px\" \/><\/figure>\n\n\n\n<p class=\"has-medium-font-size\">Nous serions heureux de vous conseiller individuellement !<br><strong>Votre partenaire comp\u00e9tent avec une gamme compl\u00e8te pour tous ceux qui comptent, emballe, transporte ou stocke de l&#8217;argent liquide.<\/strong><\/p>\n\n\n\n<div style=\"height:20px\" aria-hidden=\"true\" class=\"wp-block-spacer\"><\/div>\n\n\n\n<div class=\"wp-block-buttons cta-banner-content__item is-layout-flex wp-block-buttons-is-layout-flex\">\n<div class=\"wp-block-button is-style-outline is-style-outline--1 advgb-dyn-7c74c908\"><a class=\"wp-block-button__link has-text-color has-medium-font-size has-custom-font-size wp-element-button\" href=\"https:\/\/www.orfix.com\/fr\/contact\/\" style=\"border-radius:1px;color:#ba0c2f\" target=\"_blank\" rel=\"noreferrer noopener\"><strong>Nous contacter<\/strong><\/a><\/div>\n\n\n\n<div class=\"wp-block-button btn__bg--red advgb-dyn-dacbcd5c\"><a class=\"wp-block-button__link has-white-color has-text-color has-background has-medium-font-size has-custom-font-size wp-element-button\" href=\"https:\/\/www.orfix.com\/fr\/domaines-dexcellence-produits\/\" style=\"border-radius:1px;background-color:#ba0c2f\" target=\"_blank\" rel=\"noreferrer noopener\"><strong>Produits<\/strong><\/a><\/div>\n\n\n\n<div class=\"wp-block-button btn__bg--red advgb-dyn-353d03d7\"><a class=\"wp-block-button__link has-white-color has-text-color has-background has-medium-font-size has-custom-font-size wp-element-button\" href=\"https:\/\/orfix.fr\/\" style=\"border-radius:1px;background-color:#ba0c2f\" target=\"_blank\" rel=\"noreferrer noopener\"><strong>Magasin en ligne<\/strong><\/a><\/div>\n<\/div>\n\n\n\n<div style=\"height:20px\" aria-hidden=\"true\" class=\"wp-block-spacer\"><\/div>\n","protected":false},"excerpt":{"rendered":"<p><a class=\"btn btn-secondary understrap-read-more-link\" href=\"https:\/\/www.orfix.com\/fr\/a-propos-de-nous\/localisations-partenaires\/\">Lire la suite&#8230;<\/a><\/p>\n","protected":false},"author":36,"featured_media":0,"parent":1425,"menu_order":7,"comment_status":"closed","ping_status":"closed","template":"","meta":{"_acf_changed":false,"om_disable_all_campaigns":false,"inline_featured_image":false,"advgb_blocks_editor_width":"","advgb_blocks_columns_visual_guide":"","_monsterinsights_skip_tracking":false,"_monsterinsights_sitenote_active":false,"_monsterinsights_sitenote_note":"","_monsterinsights_sitenote_category":0,"_uf_show_specific_survey":0,"_uf_disable_surveys":false,"footnotes":""},"class_list":["post-7714","page","type-page","status-publish","hentry"],"acf":[],"aioseo_notices":[],"coauthors":[],"author_meta":{"author_link":"https:\/\/www.orfix.com\/fr\/author\/mgendelmeyer\/","display_name":"Malte Gendelmeyer"},"relative_dates":{"created":"Publi\u00e9 5 ans il y a","modified":"Mis \u00e0 jour 1 mois il y a"},"absolute_dates":{"created":"Publi\u00e9 le 9. novembre 2020","modified":"Mise \u00e0 jour le 5. mars 2026"},"absolute_dates_time":{"created":"Publi\u00e9 le 9. novembre 2020 17:05","modified":"Mise \u00e0 jour le 5. mars 2026 12:19"},"featured_img_caption":"","featured_img":false,"series_order":"","_links":{"self":[{"href":"https:\/\/www.orfix.com\/fr\/wp-json\/wp\/v2\/pages\/7714","targetHints":{"allow":["GET"]}}],"collection":[{"href":"https:\/\/www.orfix.com\/fr\/wp-json\/wp\/v2\/pages"}],"about":[{"href":"https:\/\/www.orfix.com\/fr\/wp-json\/wp\/v2\/types\/page"}],"author":[{"embeddable":true,"href":"https:\/\/www.orfix.com\/fr\/wp-json\/wp\/v2\/users\/36"}],"replies":[{"embeddable":true,"href":"https:\/\/www.orfix.com\/fr\/wp-json\/wp\/v2\/comments?post=7714"}],"version-history":[{"count":17,"href":"https:\/\/www.orfix.com\/fr\/wp-json\/wp\/v2\/pages\/7714\/revisions"}],"predecessor-version":[{"id":33624,"href":"https:\/\/www.orfix.com\/fr\/wp-json\/wp\/v2\/pages\/7714\/revisions\/33624"}],"up":[{"embeddable":true,"href":"https:\/\/www.orfix.com\/fr\/wp-json\/wp\/v2\/pages\/1425"}],"wp:attachment":[{"href":"https:\/\/www.orfix.com\/fr\/wp-json\/wp\/v2\/media?parent=7714"}],"curies":[{"name":"wp","href":"https:\/\/api.w.org\/{rel}","templated":true}]}}