{"id":7664,"date":"2020-11-09T16:53:09","date_gmt":"2020-11-09T15:53:09","guid":{"rendered":"http:\/\/orfix.netzkunst24.de\/?page_id=7664"},"modified":"2025-12-03T20:51:29","modified_gmt":"2025-12-03T19:51:29","slug":"directives-de-conformite","status":"publish","type":"page","link":"https:\/\/www.orfix.com\/fr\/a-propos-de-nous\/directives-de-conformite\/","title":{"rendered":"Directives de conformit\u00e9"},"content":{"rendered":"<div class=\"wp-bootstrap-blocks-container container-fluid mb-5 custom_container custom_container--big custom_container--banner\">\n\t\n<div class=\"wp-bootstrap-blocks-row row custom_row custom_row--center\">\n\t\n\n<div class=\"col-12 col-md-12 custom_slider custom-banner-img custom_slider__banner\">\n\t\t\t\n\n<figure class=\"wp-block-image size-full display-banner\"><img loading=\"lazy\" decoding=\"async\" width=\"2133\" height=\"577\" src=\"https:\/\/www.orfix.com\/wp-content\/uploads\/2024\/05\/orfix_Header_Banner_Compliance_FR_1024x277.jpg\" alt=\"Document de conformit\u00e9 orfix sur un clavier avec ic\u00f4nes de lignes directrices\" class=\"wp-image-25097\" srcset=\"https:\/\/www.orfix.com\/wp-content\/uploads\/2024\/05\/orfix_Header_Banner_Compliance_FR_1024x277.jpg 2133w, https:\/\/www.orfix.com\/wp-content\/uploads\/2024\/05\/orfix_Header_Banner_Compliance_FR_1024x277-768x208.jpg 768w, https:\/\/www.orfix.com\/wp-content\/uploads\/2024\/05\/orfix_Header_Banner_Compliance_FR_1024x277-1536x416.jpg 1536w, https:\/\/www.orfix.com\/wp-content\/uploads\/2024\/05\/orfix_Header_Banner_Compliance_FR_1024x277-2048x554.jpg 2048w\" sizes=\"auto, (max-width: 2133px) 100vw, 2133px\" \/><\/figure>\n\n\n\n\n\t<\/div>\n\n<\/div>\n\n\n<div class=\"wp-bootstrap-blocks-row row custom_row custom_row--center\">\n\t\n\n<div class=\"col-12 col-md-12 custom_slider custom-banner-img custom_slider__banner\">\n\t\t\t\n\n<figure class=\"wp-block-image size-full mobile-banner\"><img loading=\"lazy\" decoding=\"async\" width=\"2560\" height=\"2021\" src=\"https:\/\/www.orfix.com\/wp-content\/uploads\/2024\/05\/orfix_Header_Banner_Commitment_DE_750x650-scaled.jpg\" alt=\"\" class=\"wp-image-24016\" srcset=\"https:\/\/www.orfix.com\/wp-content\/uploads\/2024\/05\/orfix_Header_Banner_Commitment_DE_750x650-scaled.jpg 2560w, https:\/\/www.orfix.com\/wp-content\/uploads\/2024\/05\/orfix_Header_Banner_Commitment_DE_750x650-768x606.jpg 768w, https:\/\/www.orfix.com\/wp-content\/uploads\/2024\/05\/orfix_Header_Banner_Commitment_DE_750x650-1536x1213.jpg 1536w, https:\/\/www.orfix.com\/wp-content\/uploads\/2024\/05\/orfix_Header_Banner_Commitment_DE_750x650-2048x1617.jpg 2048w\" sizes=\"auto, (max-width: 2560px) 100vw, 2560px\" \/><\/figure>\n\n\n\n\n\t<\/div>\n\n<\/div>\n\n<\/div>\n\n\n<div class=\"wp-bootstrap-blocks-container container-fluid mb-3 custom_container custom_container--small\">\n\t\n<div class=\"wp-bootstrap-blocks-row row\">\n\t\n\n<div class=\"col-12 col-md-12\">\n\t\t\t\n\n<p class=\"has-medium-font-size\">Les solutions de s\u00e9curit\u00e9 et de pr\u00e9vention d&#8217;orfix International GmbH r\u00e9pondent aux normes de qualit\u00e9 les plus \u00e9lev\u00e9es et garantissent une fiabilit\u00e9 absolue. Ces valeurs sont appr\u00e9ci\u00e9es par les clients du monde entier. Nos \u00e9quipes de professionnels d\u00e9veloppent des solutions int\u00e9gr\u00e9es qui aident nos clients \u00e0 assurer et \u00e0 pr\u00e9server durablement leurs valeurs.&nbsp;<\/p>\n\n\n\n<p class=\"has-medium-font-size\">Agir avec prudence et responsabilit\u00e9 est une partie essentielle de notre culture d&#8217;entreprise et la base fondamentale de la confiance que nos clients nous t\u00e9moignent chaque jour.<\/p>\n\n\n\n<p class=\"has-medium-font-size\">Accepter la responsabilit\u00e9 signifie aussi agir l\u00e9galement. La conformit\u00e9 &#8211; l&#8217;acceptation de la l\u00e9gislation, des formalit\u00e9s et des politiques internes &#8211; est une \u00e9vidence pour orfix.<\/p>\n\n\n\n<p class=\"has-medium-font-size\">La direction assume sa responsabilit\u00e9 de garantir la conformit\u00e9 en mettant en \u0153uvre un syst\u00e8me de gestion de conformit\u00e9.&nbsp;&nbsp;<\/p>\n\n\t<\/div>\n\n<\/div>\n\n<\/div>\n\n\n<div class=\"wp-bootstrap-blocks-container container-fluid mb-5 custom_container custom_container--small\">\n\t\n<div class=\"wp-bootstrap-blocks-row row\">\n\t\n\n<div class=\"col-12 col-md-12\">\n\t\t\t\n\n<h2 class=\"wp-block-heading\" style=\"font-size:30px\">Les directives de conformit\u00e9 s&#8217;appliquent \u00e0 orfix :&nbsp;<\/h2>\n\n\n\n<p class=\"has-medium-font-size\">1.La confiance de nos clients, de nos employ\u00e9s et de nos partenaires commerciaux est la base de notre succ\u00e8s. La conformit\u00e9 est la base indispensable de cette confiance et de notre croissance durable.<\/p>\n\n\n\n<p class=\"has-medium-font-size\">2. Nous participons dans le cadre du droit applicable \u00e0 la concurrence des entreprises.<\/p>\n\n\n\n<p class=\"has-medium-font-size\">3.Les infractions aux lois ne sont pas tol\u00e9r\u00e9es. Il est de l&#8217;obligation de chaque employ\u00e9 de veiller au respect de toutes les l\u00e9gislations et politiques internes.<\/p>\n\n\n\n<p class=\"has-medium-font-size\">4. Les employ\u00e9s ne sont pas responsables des pertes caus\u00e9es dans le cadre du respect des l\u00e9gislations et r\u00e8gles applicables.<\/p>\n\n\n\n<p class=\"has-medium-font-size\">5. Un syst\u00e8me de conformit\u00e9 efficace n\u00e9cessite l&#8217;engagement de tous les employ\u00e9s. Chaque employ\u00e9 est donc encourag\u00e9 \u00e0 participer \u00e0 l&#8217;\u00e9volution du syst\u00e8me.<\/p>\n\n\n\n<p class=\"has-medium-font-size\">6. La transparence et la communication sont les cl\u00e9s du respect des r\u00e8gles. Nous communiquons dans tous les secteurs &#8211; internes et externes &#8211; de mani\u00e8re franche et digne de confiance.<\/p>\n\n\t<\/div>\n\n<\/div>\n\n<\/div>\n\n\n<div class=\"wp-bootstrap-blocks-container container-fluid mb-5 custom_container custom_container--middle\">\n\t\n<div class=\"wp-bootstrap-blocks-row row custom-row__cta-contact\">\n\t\n\n<div class=\"col-12 col-md-6\">\n\t\t\t\n\n<figure class=\"wp-block-image size-large advgb-dyn-438cc30b\"><img loading=\"lazy\" decoding=\"async\" width=\"471\" height=\"344\" src=\"https:\/\/www.orfix.com\/wp-content\/uploads\/2020\/10\/shutterstock_116283283_471x344px.jpg\" alt=\"\" class=\"wp-image-3327\" srcset=\"https:\/\/www.orfix.com\/wp-content\/uploads\/2020\/10\/shutterstock_116283283_471x344px.jpg 471w, https:\/\/www.orfix.com\/wp-content\/uploads\/2020\/10\/shutterstock_116283283_471x344px-300x219.jpg 300w, https:\/\/www.orfix.com\/wp-content\/uploads\/2020\/10\/shutterstock_116283283_471x344px-24x18.jpg 24w, https:\/\/www.orfix.com\/wp-content\/uploads\/2020\/10\/shutterstock_116283283_471x344px-36x26.jpg 36w, https:\/\/www.orfix.com\/wp-content\/uploads\/2020\/10\/shutterstock_116283283_471x344px-48x35.jpg 48w\" sizes=\"auto, (max-width: 471px) 100vw, 471px\" \/><figcaption class=\"wp-element-caption\"><strong>Contactez nous<\/strong><\/figcaption><\/figure>\n\n\t<\/div>\n\n\n\n<div class=\"col-12 col-md-6\">\n\t\t\t\n<div class=\"employeeblock\">\n    <figure class=\"employeeblock__item employeeblock__item--img\">\n        <img decoding=\"async\" src=\"\" alt=\"\" \/>\n    <\/figure>\n    <div class=\"employeeblock__item employeeblock__item--content\">\n        <h2 class=\"name\">Service client\u00e8le<\/h2>\n        <p class=\"position\"><\/p>\n        <p><a class=\"link link--has-icon link--has-icon--mail\" href=\"mailto:info@orfix.fr\">info@orfix.fr<\/a><\/p>\n        <p><a class=\"link link--has-icon link--has-icon--tel\" href=\"tel:0820229099\">0820 22 90 99<\/a><\/p>\n    <\/div>\n<\/div>\n\n\t<\/div>\n\n<\/div>\n\n<\/div>\n\n\n\n<div style=\"height:20px\" aria-hidden=\"true\" class=\"wp-block-spacer\"><\/div>\n\n\n\n<figure class=\"wp-block-image size-full\"><img loading=\"lazy\" decoding=\"async\" width=\"2048\" height=\"600\" src=\"https:\/\/www.orfix.com\/wp-content\/uploads\/2024\/05\/orfix-Karte-2025-en.jpg\" alt=\"\" class=\"wp-image-32957\" srcset=\"https:\/\/www.orfix.com\/wp-content\/uploads\/2024\/05\/orfix-Karte-2025-en.jpg 2048w, https:\/\/www.orfix.com\/wp-content\/uploads\/2024\/05\/orfix-Karte-2025-en-768x225.jpg 768w, https:\/\/www.orfix.com\/wp-content\/uploads\/2024\/05\/orfix-Karte-2025-en-1536x450.jpg 1536w\" sizes=\"auto, (max-width: 2048px) 100vw, 2048px\" \/><\/figure>\n\n\n\n<p class=\"has-medium-font-size\">Nous serions heureux de vous conseiller individuellement !<br><strong>Votre partenaire comp\u00e9tent avec une gamme compl\u00e8te pour tous ceux qui comptent, emballe, transporte ou stocke de l&#8217;argent liquide.<\/strong><\/p>\n\n\n\n<div style=\"height:20px\" aria-hidden=\"true\" class=\"wp-block-spacer\"><\/div>\n\n\n\n<div class=\"wp-block-buttons cta-banner-content__item is-layout-flex wp-block-buttons-is-layout-flex\">\n<div class=\"wp-block-button is-style-outline is-style-outline--1 advgb-dyn-7c74c908\"><a class=\"wp-block-button__link has-text-color has-medium-font-size has-custom-font-size wp-element-button\" href=\"https:\/\/www.orfix.com\/fr\/contact\/\" style=\"border-radius:1px;color:#ba0c2f\" target=\"_blank\" rel=\"noreferrer noopener\"><strong>Nous contacter<\/strong><\/a><\/div>\n\n\n\n<div class=\"wp-block-button btn__bg--red advgb-dyn-dacbcd5c\"><a class=\"wp-block-button__link has-white-color has-text-color has-background has-medium-font-size has-custom-font-size wp-element-button\" href=\"https:\/\/www.orfix.com\/fr\/domaines-dexcellence-produits\/\" style=\"border-radius:1px;background-color:#ba0c2f\" target=\"_blank\" rel=\"noreferrer noopener\"><strong>Produits<\/strong><\/a><\/div>\n\n\n\n<div class=\"wp-block-button btn__bg--red advgb-dyn-353d03d7\"><a class=\"wp-block-button__link has-white-color has-text-color has-background has-medium-font-size has-custom-font-size wp-element-button\" href=\"https:\/\/orfix.fr\/\" style=\"border-radius:1px;background-color:#ba0c2f\" target=\"_blank\" rel=\"noreferrer noopener\"><strong>Magasin en ligne<\/strong><\/a><\/div>\n<\/div>\n\n\n\n<div style=\"height:20px\" aria-hidden=\"true\" class=\"wp-block-spacer\"><\/div>\n","protected":false},"excerpt":{"rendered":"<p><a class=\"btn btn-secondary understrap-read-more-link\" href=\"https:\/\/www.orfix.com\/fr\/a-propos-de-nous\/directives-de-conformite\/\">Lire la suite&#8230;<\/a><\/p>\n","protected":false},"author":36,"featured_media":0,"parent":1425,"menu_order":2,"comment_status":"closed","ping_status":"closed","template":"","meta":{"_acf_changed":false,"om_disable_all_campaigns":false,"inline_featured_image":false,"advgb_blocks_editor_width":"","advgb_blocks_columns_visual_guide":"","_monsterinsights_skip_tracking":false,"_monsterinsights_sitenote_active":false,"_monsterinsights_sitenote_note":"","_monsterinsights_sitenote_category":0,"_uf_show_specific_survey":0,"_uf_disable_surveys":false,"footnotes":""},"class_list":["post-7664","page","type-page","status-publish","hentry"],"acf":[],"aioseo_notices":[],"coauthors":[],"author_meta":{"author_link":"https:\/\/www.orfix.com\/fr\/author\/mgendelmeyer\/","display_name":"Malte Gendelmeyer"},"relative_dates":{"created":"Publi\u00e9 5 ans il y a","modified":"Mis \u00e0 jour 4 mois il y a"},"absolute_dates":{"created":"Publi\u00e9 le 9. novembre 2020","modified":"Mise \u00e0 jour le 3. d\u00e9cembre 2025"},"absolute_dates_time":{"created":"Publi\u00e9 le 9. novembre 2020 16:53","modified":"Mise \u00e0 jour le 3. d\u00e9cembre 2025 20:51"},"featured_img_caption":"","featured_img":false,"series_order":"","_links":{"self":[{"href":"https:\/\/www.orfix.com\/fr\/wp-json\/wp\/v2\/pages\/7664","targetHints":{"allow":["GET"]}}],"collection":[{"href":"https:\/\/www.orfix.com\/fr\/wp-json\/wp\/v2\/pages"}],"about":[{"href":"https:\/\/www.orfix.com\/fr\/wp-json\/wp\/v2\/types\/page"}],"author":[{"embeddable":true,"href":"https:\/\/www.orfix.com\/fr\/wp-json\/wp\/v2\/users\/36"}],"replies":[{"embeddable":true,"href":"https:\/\/www.orfix.com\/fr\/wp-json\/wp\/v2\/comments?post=7664"}],"version-history":[{"count":6,"href":"https:\/\/www.orfix.com\/fr\/wp-json\/wp\/v2\/pages\/7664\/revisions"}],"predecessor-version":[{"id":32477,"href":"https:\/\/www.orfix.com\/fr\/wp-json\/wp\/v2\/pages\/7664\/revisions\/32477"}],"up":[{"embeddable":true,"href":"https:\/\/www.orfix.com\/fr\/wp-json\/wp\/v2\/pages\/1425"}],"wp:attachment":[{"href":"https:\/\/www.orfix.com\/fr\/wp-json\/wp\/v2\/media?parent=7664"}],"curies":[{"name":"wp","href":"https:\/\/api.w.org\/{rel}","templated":true}]}}