{"id":7654,"date":"2020-11-09T16:51:10","date_gmt":"2020-11-09T15:51:10","guid":{"rendered":"http:\/\/orfix.netzkunst24.de\/?page_id=7654"},"modified":"2024-05-26T16:41:14","modified_gmt":"2024-05-26T14:41:14","slug":"ethique","status":"publish","type":"page","link":"https:\/\/www.orfix.com\/fr\/a-propos-de-nous\/ethique\/","title":{"rendered":"Ethique"},"content":{"rendered":"<div class=\"wp-bootstrap-blocks-container container-fluid mb-5 custom_container custom_container--big custom_container--banner\">\n\t\n<div class=\"wp-bootstrap-blocks-row row custom_row custom_row--center\">\n\t\n\n<div class=\"col-12 col-md-12 custom_slider custom-banner-img custom_slider__banner\">\n\t\t\t\n\n<figure class=\"wp-block-image size-full display-banner advgb-dyn-4a3c3feb\"><img loading=\"lazy\" decoding=\"async\" width=\"2560\" height=\"692\" src=\"https:\/\/www.orfix.com\/wp-content\/uploads\/2024\/05\/orfix_Header_Banner_Code-of-conduct_1024x277-1-scaled.jpg\" alt=\"\" class=\"wp-image-24010\" srcset=\"https:\/\/www.orfix.com\/wp-content\/uploads\/2024\/05\/orfix_Header_Banner_Code-of-conduct_1024x277-1-scaled.jpg 2560w, https:\/\/www.orfix.com\/wp-content\/uploads\/2024\/05\/orfix_Header_Banner_Code-of-conduct_1024x277-1-768x208.jpg 768w, https:\/\/www.orfix.com\/wp-content\/uploads\/2024\/05\/orfix_Header_Banner_Code-of-conduct_1024x277-1-1536x415.jpg 1536w, https:\/\/www.orfix.com\/wp-content\/uploads\/2024\/05\/orfix_Header_Banner_Code-of-conduct_1024x277-1-2048x554.jpg 2048w\" sizes=\"auto, (max-width: 2560px) 100vw, 2560px\" \/><\/figure>\n\n\n\n\n\t<\/div>\n\n<\/div>\n\n\n<div class=\"wp-bootstrap-blocks-row row custom_row custom_row--center\">\n\t\n\n<div class=\"col-12 col-md-12 custom_slider custom-banner-img custom_slider__banner\">\n\t\t\t\n\n<figure class=\"wp-block-image size-full mobile-banner advgb-dyn-00733e24\"><img loading=\"lazy\" decoding=\"async\" width=\"2560\" height=\"2021\" src=\"https:\/\/www.orfix.com\/wp-content\/uploads\/2024\/05\/orfix_Header_Banner_Commitment_DE_750x650-scaled.jpg\" alt=\"\" class=\"wp-image-24016\" srcset=\"https:\/\/www.orfix.com\/wp-content\/uploads\/2024\/05\/orfix_Header_Banner_Commitment_DE_750x650-scaled.jpg 2560w, https:\/\/www.orfix.com\/wp-content\/uploads\/2024\/05\/orfix_Header_Banner_Commitment_DE_750x650-768x606.jpg 768w, https:\/\/www.orfix.com\/wp-content\/uploads\/2024\/05\/orfix_Header_Banner_Commitment_DE_750x650-1536x1213.jpg 1536w, https:\/\/www.orfix.com\/wp-content\/uploads\/2024\/05\/orfix_Header_Banner_Commitment_DE_750x650-2048x1617.jpg 2048w\" sizes=\"auto, (max-width: 2560px) 100vw, 2560px\" \/><\/figure>\n\n\n\n\n\t<\/div>\n\n<\/div>\n\n<\/div>\n\n\n<div class=\"wp-bootstrap-blocks-container container-fluid mb-3 custom_container custom_container--small\">\n\t\n<div class=\"wp-bootstrap-blocks-row row\">\n\t\n\n<div class=\"col-12 col-md-12\">\n\t\t\t\n\n<h2 class=\"wp-block-heading has-large-font-size advgb-dyn-7dd17730\">1. Champ d&#8217;application&nbsp;<\/h2>\n\n\n\n<p class=\"has-medium-font-size\">Ce code de conduite est un engagement volontaire de tous les employ\u00e9s, y compris les cadres, \u00e0 respecter des pratiques \u00e9thiques. Il d\u00e9crit les principes qui sont \u00e0 la base de nos d\u00e9cisions et de nos actions.&nbsp;<\/p>\n\n\n\n<p class=\"has-medium-font-size\">Le code de conduite est con\u00e7u pour aider \u00e0 comprendre nos principes, \u00e0 les mettre en pratique et \u00e0 les pr\u00e9server pour l&#8217;avenir.<\/p>\n\n\n\n<p class=\"has-medium-font-size\">Le code de conduite s&#8217;applique \u00e0 l&#8217;ensemble du groupe orfix.&nbsp;<\/p>\n\n\t<\/div>\n\n<\/div>\n\n<\/div>\n\n\n<div class=\"wp-bootstrap-blocks-container container-fluid mb-3 custom_container custom_container--small\">\n\t\n<div class=\"wp-bootstrap-blocks-row row\">\n\t\n\n<div class=\"col-12 col-md-12\">\n\t\t\t\n\n<h2 class=\"wp-block-heading has-large-font-size advgb-dyn-84637612\">2. Principes&nbsp;<\/h2>\n\n\n\n<h3 class=\"wp-block-heading has-medium-font-size advgb-dyn-6f0b5777\"><strong>2.1 Respect des lois et des politiques\u00a0\u00a0<\/strong><\/h3>\n\n\n\n<p class=\"has-medium-font-size\">Nous nous engageons \u00e0 respecter et \u00e0 observer les lois et r\u00e8glements en vigueur. Cette obligation s&#8217;applique \u00e9galement aux politiques et directives existantes ainsi qu&#8217;aux normes reconnues des milieux culturels et des pays dans lesquels orfix op\u00e8re.<\/p>\n\n\n\n<h3 class=\"wp-block-heading has-medium-font-size advgb-dyn-183d5951\"><strong>2.2. Employ\u00e9s en tant que repr\u00e9sentants d&#8217;orfix\u00a0<\/strong><\/h3>\n\n\n\n<p class=\"has-medium-font-size\">Nous sommes conscients qu&#8217;avec notre travail et notre comportement, nous pouvons contribuer \u00e0 la perception positive d&#8217;orfix et soutenir le succ\u00e8s de l&#8217;entreprise par nos actions.<\/p>\n\n\n\n<p class=\"has-medium-font-size\">Nous avons tous pour t\u00e2che d&#8217;observer le code de conduite, de mettre en \u0153uvre ses principes dans l&#8217;entreprise et d&#8217;en assurer le respect par nos actions.&nbsp;<\/p>\n\n\n\n<p class=\"has-medium-font-size\">Les cadres agissent comme des mod\u00e8les et des soutiens pour aider les employ\u00e9s, \u00e0 se comporter de mani\u00e8re \u00e9thique \u00e0 tout moment.<\/p>\n\n\t<\/div>\n\n<\/div>\n\n<\/div>\n\n\n<div class=\"wp-bootstrap-blocks-container container-fluid mb-3 custom_container custom_container--small\">\n\t\n<div class=\"wp-bootstrap-blocks-row row\">\n\t\n\n<div class=\"col-12 col-md-12\">\n\t\t\t\n\n<h2 class=\"wp-block-heading has-large-font-size advgb-dyn-62387116\">3. Concurrence loyale et l\u00e9gislation antitrust<\/h2>\n\n\n\n<p class=\"has-medium-font-size\">Nous respectons les r\u00e8gles de la concurrence loyale au profit de tous les acteurs du march\u00e9. Notre soci\u00e9t\u00e9 s&#8217;engage \u00e0 garantir et \u00e0 maintenir une concurrence libre et r\u00e9elle. Ce principe est l&#8217;id\u00e9e centrale de la l\u00e9gislation antitrust existante dans le monde et est donc obligatoire pour orfix.<\/p>\n\n\t<\/div>\n\n<\/div>\n\n<\/div>\n\n\n<div class=\"wp-bootstrap-blocks-container container-fluid mb-3 custom_container custom_container--small\">\n\t\n<div class=\"wp-bootstrap-blocks-row row\">\n\t\n\n<div class=\"col-12 col-md-12\">\n\t\t\t\n\n<h2 class=\"wp-block-heading has-large-font-size advgb-dyn-d9d74cfb\">4. Interdiction de la corruption<\/h2>\n\n\n\n<p class=\"has-medium-font-size\">Nous ne tol\u00e9rons pas la corruption, quelle qu&#8217;en soit la forme. L&#8217;octroi ill\u00e9gal d&#8217;avantages \u00e0 des tiers &#8211; par exemple \u00e0 des fonctionnaires ou \u00e0 des employ\u00e9s d&#8217;entreprises priv\u00e9es &#8211; ainsi que l&#8217;acceptation de tels avantages, sont interdits \u00e0 orfix. L&#8217;interdiction de la corruption s&#8217;applique de mani\u00e8re globale, quels que soient les personnes, les lieux et les raisons de l&#8217;octroi de ces avantages.<\/p>\n\n\t<\/div>\n\n<\/div>\n\n<\/div>\n\n\n<div class=\"wp-bootstrap-blocks-container container-fluid mb-3 custom_container custom_container--small\">\n\t\n<div class=\"wp-bootstrap-blocks-row row\">\n\t\n\n<div class=\"col-12 col-md-12\">\n\t\t\t\n\n<h2 class=\"wp-block-heading has-large-font-size advgb-dyn-17e1ce72\">5. Gestion des cadeaux, invitations et conflits d&#8217;int\u00e9r\u00eats<\/h2>\n\n\n\n<p class=\"has-medium-font-size\">Une transparence totale est obligatoire, en ce qui concerne les cadeaux et les divertissements. Dans pratiquement toutes les juridictions, les cadeaux et invitations sont des sujets sensibles et donc, en r\u00e8gle g\u00e9n\u00e9rale, interdits. L&#8217;offre et l&#8217;acceptation de cadeaux de grande valeur, de cadeaux d&#8217;argent et d&#8217;avantages financiers sont strictement interdites. Ce n&#8217;est que dans des cas exceptionnels que des cadeaux de faible valeur peuvent \u00eatre accept\u00e9s, \u00e0 condition qu&#8217;ils soient appropri\u00e9s et qu&#8217;aucune obligation de retour ne soit pr\u00e9vue. Ces cadeaux doivent porter le logo de l&#8217;entreprise concern\u00e9e.<\/p>\n\n\n\n<p class=\"has-medium-font-size\">Toutes les d\u00e9cisions et activit\u00e9s de l&#8217;entreprise ne doivent pas \u00eatre influenc\u00e9es par des int\u00e9r\u00eats priv\u00e9s et\/ou des relations personnelles.<\/p>\n\n\n\n<p class=\"has-medium-font-size\">Il convient donc d&#8217;\u00e9viter les situations o\u00f9 il peut y avoir des conflits d&#8217;int\u00e9r\u00eats. Les cas de doute doivent toujours \u00eatre discut\u00e9s avec le sup\u00e9rieur imm\u00e9diat.<\/p>\n\n\t<\/div>\n\n<\/div>\n\n<\/div>\n\n\n<div class=\"wp-bootstrap-blocks-container container-fluid mb-3 custom_container custom_container--small\">\n\t\n<div class=\"wp-bootstrap-blocks-row row\">\n\t\n\n<div class=\"col-12 col-md-12\">\n\t\t\t\n\n<h2 class=\"wp-block-heading has-large-font-size advgb-dyn-37d921eb\">6. Le soin apport\u00e9 au traitement des documents comptables et financiers&nbsp;<\/h2>\n\n\n\n<p class=\"has-medium-font-size\">Nous sommes conscients que le soin apport\u00e9 au traitement des documents financiers est de la plus haute importance pour orfix. Nous respectons donc l&#8217;obligation de veiller au respect des r\u00e8gles comptables nationales et internationales.<\/p>\n\n\n\n<p class=\"has-medium-font-size\">Nos registres financiers refl\u00e8tent le d\u00e9veloppement de nos activit\u00e9s aupr\u00e8s des parties prenantes et les faits pertinents, corrects et actualis\u00e9s.<\/p>\n\n\n\n<p class=\"has-medium-font-size\">Nous travaillons en coop\u00e9ration avec des auditeurs internes et externes.<\/p>\n\n\t<\/div>\n\n<\/div>\n\n<\/div>\n\n\n<div class=\"wp-bootstrap-blocks-container container-fluid mb-5 custom_container custom_container--small\">\n\t\n<div class=\"wp-bootstrap-blocks-row row\">\n\t\n\n<div class=\"col-12 col-md-12\">\n\t\t\t\n\n<h2 class=\"wp-block-heading has-large-font-size advgb-dyn-8409a370\">7. Traitement des informations confidentielles et protection de la propri\u00e9t\u00e9 intellectuelle&nbsp;<\/h2>\n\n\n\n<p class=\"has-medium-font-size\">Nous reconnaissons que la propri\u00e9t\u00e9 intellectuelle est un atout pr\u00e9cieux et la base du succ\u00e8s de notre entreprise. Il est donc n\u00e9cessaire de prot\u00e9ger ces informations. Nous consid\u00e9rons comme propri\u00e9t\u00e9 intellectuelle les inventions, les prototypes de produits, les formules, les concepts de produits, les d\u00e9tails sur les clients et les fournisseurs et autres secrets commerciaux.<\/p>\n\n\n\n<p class=\"has-medium-font-size\">Nous prot\u00e9geons nos fichiers et nos donn\u00e9es informatiques contre tout acc\u00e8s non autoris\u00e9. Les mots de passe doivent \u00eatre choisis en fonction des exigences de s\u00e9curit\u00e9, chang\u00e9s \u00e0 intervalles r\u00e9guliers et ne doivent pas \u00eatre communiqu\u00e9s \u00e0 d&#8217;autres.&nbsp;<\/p>\n\n\n\n<p class=\"has-medium-font-size\">Chaque individu doit veiller \u00e0 ce qu&#8217;aucune personne non autoris\u00e9e ne puisse acc\u00e9der \u00e0 ses fichiers informatiques personnels. Nous n&#8217;utilisons les informations confidentielles qu&#8217;\u00e0 des fins commerciales.<\/p>\n\n\t<\/div>\n\n<\/div>\n\n<\/div>\n\n\n\n<div style=\"height:50px\" aria-hidden=\"true\" class=\"wp-block-spacer\"><\/div>\n\n\n<div class=\"wp-bootstrap-blocks-container container-fluid mb-5 custom_container custom_container--middle\">\n\t\n<div class=\"wp-bootstrap-blocks-row row custom-row__cta-contact\">\n\t\n\n<div class=\"col-12 col-md-6\">\n\t\t\t\n\n<figure class=\"wp-block-image size-large advgb-dyn-438cc30b\"><img loading=\"lazy\" decoding=\"async\" width=\"471\" height=\"344\" src=\"https:\/\/www.orfix.com\/wp-content\/uploads\/2020\/10\/shutterstock_116283283_471x344px.jpg\" alt=\"\" class=\"wp-image-3327\" srcset=\"https:\/\/www.orfix.com\/wp-content\/uploads\/2020\/10\/shutterstock_116283283_471x344px.jpg 471w, https:\/\/www.orfix.com\/wp-content\/uploads\/2020\/10\/shutterstock_116283283_471x344px-300x219.jpg 300w, https:\/\/www.orfix.com\/wp-content\/uploads\/2020\/10\/shutterstock_116283283_471x344px-24x18.jpg 24w, https:\/\/www.orfix.com\/wp-content\/uploads\/2020\/10\/shutterstock_116283283_471x344px-36x26.jpg 36w, https:\/\/www.orfix.com\/wp-content\/uploads\/2020\/10\/shutterstock_116283283_471x344px-48x35.jpg 48w\" sizes=\"auto, (max-width: 471px) 100vw, 471px\" \/><figcaption class=\"wp-element-caption\"><strong>Contactez nous<\/strong><\/figcaption><\/figure>\n\n\t<\/div>\n\n\n\n<div class=\"col-12 col-md-6\">\n\t\t\t\n<div class=\"employeeblock\">\n    <figure class=\"employeeblock__item employeeblock__item--img\">\n        <img decoding=\"async\" src=\"\" alt=\"\" \/>\n    <\/figure>\n    <div class=\"employeeblock__item employeeblock__item--content\">\n        <h2 class=\"name\">Service client\u00e8le<\/h2>\n        <p class=\"position\"><\/p>\n        <p><a class=\"link link--has-icon link--has-icon--mail\" href=\"mailto:info@orfix.fr\">info@orfix.fr<\/a><\/p>\n        <p><a class=\"link link--has-icon link--has-icon--tel\" href=\"tel:0820229099\">0820 22 90 99<\/a><\/p>\n    <\/div>\n<\/div>\n\n\t<\/div>\n\n<\/div>\n\n<\/div>\n\n\n\n<div style=\"height:20px\" aria-hidden=\"true\" class=\"wp-block-spacer\"><\/div>\n\n\n\n<figure class=\"wp-block-image size-full\"><img loading=\"lazy\" decoding=\"async\" width=\"2048\" height=\"600\" src=\"https:\/\/www.orfix.com\/wp-content\/uploads\/2024\/05\/orfix-Karte-2025-en.jpg\" alt=\"\" class=\"wp-image-32957\" srcset=\"https:\/\/www.orfix.com\/wp-content\/uploads\/2024\/05\/orfix-Karte-2025-en.jpg 2048w, https:\/\/www.orfix.com\/wp-content\/uploads\/2024\/05\/orfix-Karte-2025-en-768x225.jpg 768w, https:\/\/www.orfix.com\/wp-content\/uploads\/2024\/05\/orfix-Karte-2025-en-1536x450.jpg 1536w\" sizes=\"auto, (max-width: 2048px) 100vw, 2048px\" \/><\/figure>\n\n\n\n<p class=\"has-medium-font-size\">Nous serions heureux de vous conseiller individuellement !<br><strong>Votre partenaire comp\u00e9tent avec une gamme compl\u00e8te pour tous ceux qui comptent, emballe, transporte ou stocke de l&#8217;argent liquide.<\/strong><\/p>\n\n\n\n<div style=\"height:20px\" aria-hidden=\"true\" class=\"wp-block-spacer\"><\/div>\n\n\n\n<div class=\"wp-block-buttons cta-banner-content__item is-layout-flex wp-block-buttons-is-layout-flex\">\n<div class=\"wp-block-button is-style-outline is-style-outline--1 advgb-dyn-7c74c908\"><a class=\"wp-block-button__link has-text-color has-medium-font-size has-custom-font-size wp-element-button\" href=\"https:\/\/www.orfix.com\/fr\/contact\/\" style=\"border-radius:1px;color:#ba0c2f\" target=\"_blank\" rel=\"noreferrer noopener\"><strong>Nous contacter<\/strong><\/a><\/div>\n\n\n\n<div class=\"wp-block-button btn__bg--red advgb-dyn-dacbcd5c\"><a class=\"wp-block-button__link has-white-color has-text-color has-background has-medium-font-size has-custom-font-size wp-element-button\" href=\"https:\/\/www.orfix.com\/fr\/domaines-dexcellence-produits\/\" style=\"border-radius:1px;background-color:#ba0c2f\" target=\"_blank\" rel=\"noreferrer noopener\"><strong>Produits<\/strong><\/a><\/div>\n\n\n\n<div class=\"wp-block-button btn__bg--red advgb-dyn-353d03d7\"><a class=\"wp-block-button__link has-white-color has-text-color has-background has-medium-font-size has-custom-font-size wp-element-button\" href=\"https:\/\/orfix.fr\/\" style=\"border-radius:1px;background-color:#ba0c2f\" target=\"_blank\" rel=\"noreferrer noopener\"><strong>Magasin en ligne<\/strong><\/a><\/div>\n<\/div>\n\n\n\n<div style=\"height:20px\" aria-hidden=\"true\" class=\"wp-block-spacer\"><\/div>\n","protected":false},"excerpt":{"rendered":"<p><a class=\"btn btn-secondary understrap-read-more-link\" href=\"https:\/\/www.orfix.com\/fr\/a-propos-de-nous\/ethique\/\">Lire la suite&#8230;<\/a><\/p>\n","protected":false},"author":36,"featured_media":0,"parent":1425,"menu_order":1,"comment_status":"closed","ping_status":"closed","template":"","meta":{"_acf_changed":false,"om_disable_all_campaigns":false,"inline_featured_image":false,"advgb_blocks_editor_width":"","advgb_blocks_columns_visual_guide":"","_monsterinsights_skip_tracking":false,"_monsterinsights_sitenote_active":false,"_monsterinsights_sitenote_note":"","_monsterinsights_sitenote_category":0,"_uf_show_specific_survey":0,"_uf_disable_surveys":false,"footnotes":""},"class_list":["post-7654","page","type-page","status-publish","hentry"],"acf":[],"aioseo_notices":[],"coauthors":[],"author_meta":{"author_link":"https:\/\/www.orfix.com\/fr\/author\/mgendelmeyer\/","display_name":"Malte Gendelmeyer"},"relative_dates":{"created":"Publi\u00e9 5 ans il y a","modified":"Mis \u00e0 jour 2 ans il y a"},"absolute_dates":{"created":"Publi\u00e9 le 9. novembre 2020","modified":"Mise \u00e0 jour le 26. mai 2024"},"absolute_dates_time":{"created":"Publi\u00e9 le 9. novembre 2020 16:51","modified":"Mise \u00e0 jour le 26. mai 2024 16:41"},"featured_img_caption":"","featured_img":false,"series_order":"","_links":{"self":[{"href":"https:\/\/www.orfix.com\/fr\/wp-json\/wp\/v2\/pages\/7654","targetHints":{"allow":["GET"]}}],"collection":[{"href":"https:\/\/www.orfix.com\/fr\/wp-json\/wp\/v2\/pages"}],"about":[{"href":"https:\/\/www.orfix.com\/fr\/wp-json\/wp\/v2\/types\/page"}],"author":[{"embeddable":true,"href":"https:\/\/www.orfix.com\/fr\/wp-json\/wp\/v2\/users\/36"}],"replies":[{"embeddable":true,"href":"https:\/\/www.orfix.com\/fr\/wp-json\/wp\/v2\/comments?post=7654"}],"version-history":[{"count":6,"href":"https:\/\/www.orfix.com\/fr\/wp-json\/wp\/v2\/pages\/7654\/revisions"}],"predecessor-version":[{"id":25094,"href":"https:\/\/www.orfix.com\/fr\/wp-json\/wp\/v2\/pages\/7654\/revisions\/25094"}],"up":[{"embeddable":true,"href":"https:\/\/www.orfix.com\/fr\/wp-json\/wp\/v2\/pages\/1425"}],"wp:attachment":[{"href":"https:\/\/www.orfix.com\/fr\/wp-json\/wp\/v2\/media?parent=7654"}],"curies":[{"name":"wp","href":"https:\/\/api.w.org\/{rel}","templated":true}]}}