{"id":7643,"date":"2020-11-09T16:49:12","date_gmt":"2020-11-09T15:49:12","guid":{"rendered":"http:\/\/orfix.netzkunst24.de\/?page_id=7643"},"modified":"2025-12-03T20:48:46","modified_gmt":"2025-12-03T19:48:46","slug":"notre-mission","status":"publish","type":"page","link":"https:\/\/www.orfix.com\/fr\/a-propos-de-nous\/notre-mission\/","title":{"rendered":"Notre Mission"},"content":{"rendered":"<div class=\"wp-bootstrap-blocks-container container-fluid mb-5 custom_container custom_container--big custom_container--banner\">\n\t\n<div class=\"wp-bootstrap-blocks-row row custom_row custom_row--center\">\n\t\n\n<div class=\"col-12 col-md-12 custom_slider custom_slider__banner custom-banner-img\">\n\t\t\t\n\n<figure class=\"wp-block-image size-full desktop-banner\"><img loading=\"lazy\" decoding=\"async\" width=\"2133\" height=\"577\" src=\"https:\/\/www.orfix.com\/wp-content\/uploads\/2024\/05\/orfix_Header_Banner_Mission_FR_1024x277.jpg\" alt=\"Brochure Orfix sur la mission, vision et valeurs avec un clavier en arri\u00e8re-plan\" class=\"wp-image-25057\" srcset=\"https:\/\/www.orfix.com\/wp-content\/uploads\/2024\/05\/orfix_Header_Banner_Mission_FR_1024x277.jpg 2133w, https:\/\/www.orfix.com\/wp-content\/uploads\/2024\/05\/orfix_Header_Banner_Mission_FR_1024x277-768x208.jpg 768w, https:\/\/www.orfix.com\/wp-content\/uploads\/2024\/05\/orfix_Header_Banner_Mission_FR_1024x277-1536x416.jpg 1536w, https:\/\/www.orfix.com\/wp-content\/uploads\/2024\/05\/orfix_Header_Banner_Mission_FR_1024x277-2048x554.jpg 2048w\" sizes=\"auto, (max-width: 2133px) 100vw, 2133px\" \/><\/figure>\n\n\n\n\n\t<\/div>\n\n<\/div>\n\n\n<div class=\"wp-bootstrap-blocks-row row custom_row custom_row--center\">\n\t\n\n<div class=\"col-12 col-md-12 custom_slider custom_slider__banner custom-banner-img\">\n\t\t\t\n\n<figure class=\"wp-block-image size-full mobile-banner\"><img loading=\"lazy\" decoding=\"async\" width=\"1583\" height=\"1250\" src=\"https:\/\/www.orfix.com\/wp-content\/uploads\/2024\/05\/orfix_Mobile_Banner-Mission_760x600-1.jpg\" alt=\"\" class=\"wp-image-25064\" srcset=\"https:\/\/www.orfix.com\/wp-content\/uploads\/2024\/05\/orfix_Mobile_Banner-Mission_760x600-1.jpg 1583w, https:\/\/www.orfix.com\/wp-content\/uploads\/2024\/05\/orfix_Mobile_Banner-Mission_760x600-1-768x606.jpg 768w, https:\/\/www.orfix.com\/wp-content\/uploads\/2024\/05\/orfix_Mobile_Banner-Mission_760x600-1-1536x1213.jpg 1536w\" sizes=\"auto, (max-width: 1583px) 100vw, 1583px\" \/><\/figure>\n\n\n\n\n\t<\/div>\n\n<\/div>\n\n<\/div>\n\n\n<div class=\"wp-bootstrap-blocks-container container-fluid mb-3 custom_container custom_container--small\">\n\t\n<div class=\"wp-bootstrap-blocks-row row g-0\">\n\t\n\n<div class=\"col-12 col-md-2\">\n\t\t\t\n\n<h2 class=\"wp-block-heading\"><img loading=\"lazy\" decoding=\"async\" width=\"150\" height=\"117\" class=\"wp-image-4233\" style=\"width: 150px;\" src=\"https:\/\/www.orfix.com\/wp-content\/uploads\/2020\/10\/item_whoweare_mission_statement3.jpg\" alt=\"\" srcset=\"https:\/\/www.orfix.com\/wp-content\/uploads\/2020\/10\/item_whoweare_mission_statement3.jpg 300w, https:\/\/www.orfix.com\/wp-content\/uploads\/2020\/10\/item_whoweare_mission_statement3-24x19.jpg 24w, https:\/\/www.orfix.com\/wp-content\/uploads\/2020\/10\/item_whoweare_mission_statement3-36x28.jpg 36w, https:\/\/www.orfix.com\/wp-content\/uploads\/2020\/10\/item_whoweare_mission_statement3-48x37.jpg 48w\" sizes=\"auto, (max-width: 150px) 100vw, 150px\" \/><\/h2>\n\n\t<\/div>\n\n\n\n<div class=\"col-12 col-md-10\">\n\t\t\t\n\n<h2 class=\"wp-block-heading has-large-font-size\">1. Qui sommes nous<\/h2>\n\n\n\n<p class=\"has-medium-font-size\">Nous sommes un prestataire de services et un fabricant dans le domaine de la protection des valeurs. Nous fournissons des solutions innovantes et d\u00e9veloppons de nouveaux produits ax\u00e9s sur les exigences et les besoins de nos clients.<\/p>\n\n\t<\/div>\n\n<\/div>\n\n\n<div class=\"wp-bootstrap-blocks-row row g-0\">\n\t\n\n<div class=\"col-12 col-md-2\">\n\t\t\t\n\n<h2 class=\"wp-block-heading\"><img loading=\"lazy\" decoding=\"async\" width=\"150\" height=\"117\" class=\"wp-image-4213\" style=\"width: 150px;\" src=\"https:\/\/www.orfix.com\/wp-content\/uploads\/2020\/10\/item_green_label_mission_statement3-3.jpg\" alt=\"\" srcset=\"https:\/\/www.orfix.com\/wp-content\/uploads\/2020\/10\/item_green_label_mission_statement3-3.jpg 300w, https:\/\/www.orfix.com\/wp-content\/uploads\/2020\/10\/item_green_label_mission_statement3-3-24x19.jpg 24w, https:\/\/www.orfix.com\/wp-content\/uploads\/2020\/10\/item_green_label_mission_statement3-3-36x28.jpg 36w, https:\/\/www.orfix.com\/wp-content\/uploads\/2020\/10\/item_green_label_mission_statement3-3-48x37.jpg 48w\" sizes=\"auto, (max-width: 150px) 100vw, 150px\" \/><\/h2>\n\n\t<\/div>\n\n\n\n<div class=\"col-12 col-md-10\">\n\t\t\t\n\n<h2 class=\"wp-block-heading has-large-font-size\">2. Durabilit\u00e9<\/h2>\n\n\n\n<p class=\"has-medium-font-size\">Pour le groupe orfix, la durabilit\u00e9 signifie croire aux relations \u00e0 long terme et aux d\u00e9veloppements \u00e0 long terme sur le march\u00e9 ainsi qu&#8217;\u00eatre conscient de nos responsabilit\u00e9s environnementales.<\/p>\n\n\t<\/div>\n\n<\/div>\n\n\n<div class=\"wp-bootstrap-blocks-row row g-0\">\n\t\n\n<div class=\"col-12 col-md-2\">\n\t\t\t\n\n<h2 class=\"wp-block-heading\"><img loading=\"lazy\" decoding=\"async\" width=\"150\" height=\"117\" class=\"wp-image-4240\" style=\"width: 150px;\" src=\"https:\/\/www.orfix.com\/wp-content\/uploads\/2020\/10\/item_availabilityl_mission_statement3.jpg\" alt=\"\" srcset=\"https:\/\/www.orfix.com\/wp-content\/uploads\/2020\/10\/item_availabilityl_mission_statement3.jpg 300w, https:\/\/www.orfix.com\/wp-content\/uploads\/2020\/10\/item_availabilityl_mission_statement3-24x19.jpg 24w, https:\/\/www.orfix.com\/wp-content\/uploads\/2020\/10\/item_availabilityl_mission_statement3-36x28.jpg 36w, https:\/\/www.orfix.com\/wp-content\/uploads\/2020\/10\/item_availabilityl_mission_statement3-48x37.jpg 48w\" sizes=\"auto, (max-width: 150px) 100vw, 150px\" \/><\/h2>\n\n\t<\/div>\n\n\n\n<div class=\"col-12 col-md-10\">\n\t\t\t\n\n<h2 class=\"wp-block-heading has-large-font-size\">3. Disponibilit\u00e9<\/h2>\n\n\n\n<p class=\"has-medium-font-size\">En tant que groupe international, la disponibilit\u00e9 est l&#8217;une de nos t\u00e2ches et de nos forces les plus importantes. Nous agissons de mani\u00e8re fiable, flexible et confiante.<\/p>\n\n\t<\/div>\n\n<\/div>\n\n\n<div class=\"wp-bootstrap-blocks-row row g-0\">\n\t\n\n<div class=\"col-12 col-md-2\">\n\t\t\t\n\n<h2 class=\"wp-block-heading\"><img loading=\"lazy\" decoding=\"async\" width=\"150\" height=\"117\" class=\"wp-image-4247\" style=\"width: 150px;\" src=\"https:\/\/www.orfix.com\/wp-content\/uploads\/2020\/10\/item_people_mission_statement3.jpg\" alt=\"\" srcset=\"https:\/\/www.orfix.com\/wp-content\/uploads\/2020\/10\/item_people_mission_statement3.jpg 300w, https:\/\/www.orfix.com\/wp-content\/uploads\/2020\/10\/item_people_mission_statement3-24x19.jpg 24w, https:\/\/www.orfix.com\/wp-content\/uploads\/2020\/10\/item_people_mission_statement3-36x28.jpg 36w, https:\/\/www.orfix.com\/wp-content\/uploads\/2020\/10\/item_people_mission_statement3-48x37.jpg 48w\" sizes=\"auto, (max-width: 150px) 100vw, 150px\" \/><\/h2>\n\n\t<\/div>\n\n\n\n<div class=\"col-12 col-md-10\">\n\t\t\t\n\n<h2 class=\"wp-block-heading has-large-font-size\">4. Personnes<\/h2>\n\n\n\n<p class=\"has-medium-font-size\">Notre succ\u00e8s est bas\u00e9 sur le fait d&#8217;\u00eatre une &#8220;entreprise humaine&#8221;. Nous mettons l&#8217;accent sur les comp\u00e9tences professionnelles et le d\u00e9veloppement individuel.<\/p>\n\n\t<\/div>\n\n<\/div>\n\n\n<div class=\"wp-bootstrap-blocks-row row g-0\">\n\t\n\n<div class=\"col-12 col-md-2\">\n\t\t\t\n\n<h2 class=\"wp-block-heading\"><img loading=\"lazy\" decoding=\"async\" width=\"150\" height=\"117\" class=\"wp-image-4256\" style=\"width: 150px;\" src=\"https:\/\/www.orfix.com\/wp-content\/uploads\/2020\/10\/item_gualityl_mission_statement3.jpg\" alt=\"\" srcset=\"https:\/\/www.orfix.com\/wp-content\/uploads\/2020\/10\/item_gualityl_mission_statement3.jpg 300w, https:\/\/www.orfix.com\/wp-content\/uploads\/2020\/10\/item_gualityl_mission_statement3-24x19.jpg 24w, https:\/\/www.orfix.com\/wp-content\/uploads\/2020\/10\/item_gualityl_mission_statement3-36x28.jpg 36w, https:\/\/www.orfix.com\/wp-content\/uploads\/2020\/10\/item_gualityl_mission_statement3-48x37.jpg 48w\" sizes=\"auto, (max-width: 150px) 100vw, 150px\" \/><\/h2>\n\n\t<\/div>\n\n\n\n<div class=\"col-12 col-md-10\">\n\t\t\t\n\n<h2 class=\"wp-block-heading has-large-font-size\">5. Qualit\u00e9<\/h2>\n\n\n\n<p class=\"has-medium-font-size\">Nous faisons le bonheur de nos clients gr\u00e2ce \u00e0 la qualit\u00e9 et au service orfix !<\/p>\n\n\t<\/div>\n\n<\/div>\n\n<\/div>\n\n\n\n<div style=\"height:20px\" aria-hidden=\"true\" class=\"wp-block-spacer\"><\/div>\n\n\n\n<figure class=\"wp-block-image size-full\"><img loading=\"lazy\" decoding=\"async\" width=\"2048\" height=\"600\" src=\"https:\/\/www.orfix.com\/wp-content\/uploads\/2024\/05\/orfix-Karte-2025-en.jpg\" alt=\"\" class=\"wp-image-32957\" srcset=\"https:\/\/www.orfix.com\/wp-content\/uploads\/2024\/05\/orfix-Karte-2025-en.jpg 2048w, https:\/\/www.orfix.com\/wp-content\/uploads\/2024\/05\/orfix-Karte-2025-en-768x225.jpg 768w, https:\/\/www.orfix.com\/wp-content\/uploads\/2024\/05\/orfix-Karte-2025-en-1536x450.jpg 1536w\" sizes=\"auto, (max-width: 2048px) 100vw, 2048px\" \/><\/figure>\n\n\n\n<p class=\"has-medium-font-size\">Nous serions heureux de vous conseiller individuellement !<br><strong>Votre partenaire comp\u00e9tent avec une gamme compl\u00e8te pour tous ceux qui comptent, emballe, transporte ou stocke de l&#8217;argent liquide.<\/strong><\/p>\n\n\n\n<div style=\"height:20px\" aria-hidden=\"true\" class=\"wp-block-spacer\"><\/div>\n\n\n\n<div class=\"wp-block-buttons cta-banner-content__item is-layout-flex wp-block-buttons-is-layout-flex\">\n<div class=\"wp-block-button is-style-outline is-style-outline--1 advgb-dyn-7c74c908\"><a class=\"wp-block-button__link has-text-color has-medium-font-size has-custom-font-size wp-element-button\" href=\"https:\/\/www.orfix.com\/fr\/contact\/\" style=\"border-radius:1px;color:#ba0c2f\" target=\"_blank\" rel=\"noreferrer noopener\"><strong>Nous contacter<\/strong><\/a><\/div>\n\n\n\n<div class=\"wp-block-button btn__bg--red advgb-dyn-dacbcd5c\"><a class=\"wp-block-button__link has-white-color has-text-color has-background has-medium-font-size has-custom-font-size wp-element-button\" href=\"https:\/\/www.orfix.com\/fr\/domaines-dexcellence-produits\/\" style=\"border-radius:1px;background-color:#ba0c2f\" target=\"_blank\" rel=\"noreferrer noopener\"><strong>Produits<\/strong><\/a><\/div>\n\n\n\n<div class=\"wp-block-button btn__bg--red advgb-dyn-353d03d7\"><a class=\"wp-block-button__link has-white-color has-text-color has-background has-medium-font-size has-custom-font-size wp-element-button\" href=\"https:\/\/orfix.fr\/\" style=\"border-radius:1px;background-color:#ba0c2f\" target=\"_blank\" rel=\"noreferrer noopener\"><strong>Magasin en ligne<\/strong><\/a><\/div>\n<\/div>\n\n\n\n<div style=\"height:20px\" aria-hidden=\"true\" class=\"wp-block-spacer\"><\/div>\n","protected":false},"excerpt":{"rendered":"<p><a class=\"btn btn-secondary understrap-read-more-link\" href=\"https:\/\/www.orfix.com\/fr\/a-propos-de-nous\/notre-mission\/\">Lire la suite&#8230;<\/a><\/p>\n","protected":false},"author":36,"featured_media":0,"parent":1425,"menu_order":0,"comment_status":"closed","ping_status":"closed","template":"","meta":{"_acf_changed":false,"om_disable_all_campaigns":false,"inline_featured_image":false,"advgb_blocks_editor_width":"","advgb_blocks_columns_visual_guide":"","_monsterinsights_skip_tracking":false,"_monsterinsights_sitenote_active":false,"_monsterinsights_sitenote_note":"","_monsterinsights_sitenote_category":0,"_uf_show_specific_survey":0,"_uf_disable_surveys":false,"footnotes":""},"class_list":["post-7643","page","type-page","status-publish","hentry"],"acf":[],"aioseo_notices":[],"coauthors":[],"author_meta":{"author_link":"https:\/\/www.orfix.com\/fr\/author\/mgendelmeyer\/","display_name":"Malte Gendelmeyer"},"relative_dates":{"created":"Publi\u00e9 5 ans il y a","modified":"Mis \u00e0 jour 5 mois il y a"},"absolute_dates":{"created":"Publi\u00e9 le 9. novembre 2020","modified":"Mise \u00e0 jour le 3. d\u00e9cembre 2025"},"absolute_dates_time":{"created":"Publi\u00e9 le 9. novembre 2020 16:49","modified":"Mise \u00e0 jour le 3. d\u00e9cembre 2025 20:48"},"featured_img_caption":"","featured_img":false,"series_order":"","_links":{"self":[{"href":"https:\/\/www.orfix.com\/fr\/wp-json\/wp\/v2\/pages\/7643","targetHints":{"allow":["GET"]}}],"collection":[{"href":"https:\/\/www.orfix.com\/fr\/wp-json\/wp\/v2\/pages"}],"about":[{"href":"https:\/\/www.orfix.com\/fr\/wp-json\/wp\/v2\/types\/page"}],"author":[{"embeddable":true,"href":"https:\/\/www.orfix.com\/fr\/wp-json\/wp\/v2\/users\/36"}],"replies":[{"embeddable":true,"href":"https:\/\/www.orfix.com\/fr\/wp-json\/wp\/v2\/comments?post=7643"}],"version-history":[{"count":6,"href":"https:\/\/www.orfix.com\/fr\/wp-json\/wp\/v2\/pages\/7643\/revisions"}],"predecessor-version":[{"id":32474,"href":"https:\/\/www.orfix.com\/fr\/wp-json\/wp\/v2\/pages\/7643\/revisions\/32474"}],"up":[{"embeddable":true,"href":"https:\/\/www.orfix.com\/fr\/wp-json\/wp\/v2\/pages\/1425"}],"wp:attachment":[{"href":"https:\/\/www.orfix.com\/fr\/wp-json\/wp\/v2\/media?parent=7643"}],"curies":[{"name":"wp","href":"https:\/\/api.w.org\/{rel}","templated":true}]}}