{"id":7481,"date":"2020-11-09T16:03:52","date_gmt":"2020-11-09T15:03:52","guid":{"rendered":"http:\/\/orfix.netzkunst24.de\/?page_id=7481"},"modified":"2025-12-03T20:35:04","modified_gmt":"2025-12-03T19:35:04","slug":"secteur-du-cash","status":"publish","type":"page","link":"https:\/\/www.orfix.com\/fr\/secteurs\/secteur-du-cash\/","title":{"rendered":"Secteur du Cash"},"content":{"rendered":"<div class=\"wp-bootstrap-blocks-container container-fluid mb-5 custom_container custom_container--big custom_container--banner\">\n\t\n<div class=\"wp-bootstrap-blocks-row row custom_row custom_row--center\">\n\t\n\n<div class=\"col-12 col-md-12 custom_slider custom-banner-img custom_slider__banner\">\n\t\t\t\n\n<figure class=\"wp-block-image size-full desktop-banner\"><img loading=\"lazy\" decoding=\"async\" width=\"2133\" height=\"577\" src=\"https:\/\/www.orfix.com\/wp-content\/uploads\/2024\/05\/orfix_Header_Banner_sector_Cash_FR_1024x277.jpg\" alt=\"Secteur du cash avec des billets d'euros et ic\u00f4nes de s\u00e9curit\u00e9\" class=\"wp-image-27855\" srcset=\"https:\/\/www.orfix.com\/wp-content\/uploads\/2024\/05\/orfix_Header_Banner_sector_Cash_FR_1024x277.jpg 2133w, https:\/\/www.orfix.com\/wp-content\/uploads\/2024\/05\/orfix_Header_Banner_sector_Cash_FR_1024x277-768x208.jpg 768w, https:\/\/www.orfix.com\/wp-content\/uploads\/2024\/05\/orfix_Header_Banner_sector_Cash_FR_1024x277-1536x416.jpg 1536w, https:\/\/www.orfix.com\/wp-content\/uploads\/2024\/05\/orfix_Header_Banner_sector_Cash_FR_1024x277-2048x554.jpg 2048w\" sizes=\"auto, (max-width: 2133px) 100vw, 2133px\" \/><\/figure>\n\n\t<\/div>\n\n<\/div>\n\n\n<div class=\"wp-bootstrap-blocks-row row custom_row custom_row--center\">\n\t\n\n<div class=\"col-12 col-md-12 custom_slider custom-banner-img custom_slider__banner\">\n\t\t\t\n\n<figure class=\"wp-block-image size-full mobile-banner\"><img loading=\"lazy\" decoding=\"async\" width=\"2560\" height=\"2021\" src=\"https:\/\/www.orfix.com\/wp-content\/uploads\/2024\/05\/orfix_Mobile_Banner-sector_Cash_FR_760x650-scaled.jpg\" alt=\"Billets d\u2019euros illustrant le secteur du cash et de la s\u00e9curit\u00e9\" class=\"wp-image-27861\" srcset=\"https:\/\/www.orfix.com\/wp-content\/uploads\/2024\/05\/orfix_Mobile_Banner-sector_Cash_FR_760x650-scaled.jpg 2560w, https:\/\/www.orfix.com\/wp-content\/uploads\/2024\/05\/orfix_Mobile_Banner-sector_Cash_FR_760x650-768x606.jpg 768w, https:\/\/www.orfix.com\/wp-content\/uploads\/2024\/05\/orfix_Mobile_Banner-sector_Cash_FR_760x650-1536x1213.jpg 1536w, https:\/\/www.orfix.com\/wp-content\/uploads\/2024\/05\/orfix_Mobile_Banner-sector_Cash_FR_760x650-2048x1617.jpg 2048w\" sizes=\"auto, (max-width: 2560px) 100vw, 2560px\" \/><\/figure>\n\n\t<\/div>\n\n<\/div>\n\n<\/div>\n\n\n\n<h1 class=\"wp-block-heading\" style=\"font-size:30px\">Secteur du cash  (Cash-Center, banques, transporteur de fonds)<\/h1>\n\n\n\n<pre id=\"tw-target-text\" class=\"wp-block-preformatted\"><\/pre>\n\n\n\n<p class=\"has-medium-font-size\">orfix est synonyme de savoir-faire et de nombreuses ann\u00e9es d&#8217;exp\u00e9rience dans les domaines de la s\u00e9curit\u00e9 de l&#8217;emballage des billets, du contr\u00f4le et du comptage, du marquage et du transport des billets et des pi\u00e8ces, ainsi que de la protection et de la s\u00e9curisation des institutions financi\u00e8res.<\/p>\n\n\n\n<p class=\"has-medium-font-size\">Les produits orfix font quotidiennement leurs preuves dans la pratique dans les banques et les caisses d&#8217;\u00e9pargne, les banques f\u00e9d\u00e9rales et nationales, les h\u00f4tels des monnaies et les imprimeries de billets de banque du monde entier.<\/p>\n\n\n\n<p class=\"has-medium-font-size\">Les principales soci\u00e9t\u00e9s de transport de fonds font confiance \u00e0 nos produits depuis de nombreuses d\u00e9cennies et les utilisent quotidiennement au niveau national et international.<\/p>\n\n\n\n<p class=\"has-medium-font-size\">Les produits orfix se caract\u00e9risent par leur grande qualit\u00e9 et leur fiabilit\u00e9. Nous d\u00e9veloppons et produisons la plupart de nos articles dans nos propres usines situ\u00e9es sur cinq sites en Europe. Cela nous permet de r\u00e9aliser de mani\u00e8re efficace et rentable des adaptations individuelles de produits et de r\u00e9agir rapidement aux exigences des clients.<\/p>\n\n\n\n<p class=\"has-medium-font-size\"><strong>orfix est le partenaire de comp\u00e9tence solide pour tous ceux qui sont responsables de la s\u00e9curit\u00e9 et de la protection des valeurs et qui ont besoin de solutions innovantes pour des processus optimis\u00e9s.<\/strong><\/p>\n\n\n\n<div style=\"height:50px\" aria-hidden=\"true\" class=\"wp-block-spacer\"><\/div>\n\n\n<div class=\"wp-bootstrap-blocks-container container-fluid mb-5 wp-block-image size-large\">\n\t\n<div class=\"wp-bootstrap-blocks-row row\">\n\t\n\n<div class=\"col-12\">\n\t\t\t\n\n<h2 class=\"wp-block-heading\" style=\"font-size:30px\">orfix propose une large gamme de produits adapt\u00e9s au secteur des esp\u00e8ces<\/h2>\n\n\t<\/div>\n\n\n\n<div class=\"col-12 col-md-6 col-lg-4\">\n\t\t\t\n\n<figure class=\"wp-block-image size-large\"><a href=\"https:\/\/www.orfix.com\/fr\/domaines-dexcellence-produits\/emballage-billets-de-banque\/sacs-de-securite\/\"><img decoding=\"async\" src=\"https:\/\/www.orfix.com\/wp-content\/uploads\/2020\/09\/overviewblock_safebag.jpg\" alt=\"orfix safebag\" class=\"wp-image-2130\"\/><\/a><\/figure>\n\n\n\n<p><strong><a href=\"https:\/\/www.orfix.com\/fr\/domaines-dexcellence-produits\/emballage-billets-de-banque\/sacs-de-securite\/\">Sacs de s\u00e9curit\u00e9<\/a><\/strong><\/p>\n\n\t<\/div>\n\n\n\n<div class=\"col-12 col-md-4 col-lg-4\">\n\t\t\t\n\n<figure class=\"wp-block-image size-full\"><a href=\"https:\/\/www.orfix.com\/fr\/domaines-dexcellence-produits\/emballage-billets-de-banque\/sacs-de-depot-securises\/\"><img loading=\"lazy\" decoding=\"async\" width=\"365\" height=\"257\" src=\"https:\/\/www.orfix.com\/wp-content\/uploads\/2020\/11\/Overviewblock_products_cash-packaging_debosit-safebags1.jpg\" alt=\"\" class=\"wp-image-6355\" srcset=\"https:\/\/www.orfix.com\/wp-content\/uploads\/2020\/11\/Overviewblock_products_cash-packaging_debosit-safebags1.jpg 365w, https:\/\/www.orfix.com\/wp-content\/uploads\/2020\/11\/Overviewblock_products_cash-packaging_debosit-safebags1-300x211.jpg 300w\" sizes=\"auto, (max-width: 365px) 100vw, 365px\" \/><\/a><\/figure>\n\n\n\n<p><strong><a href=\"https:\/\/www.orfix.com\/fr\/domaines-dexcellence-produits\/emballage-billets-de-banque\/sacs-de-depot-securises\/\">Sacs de d\u00e9p\u00f4t<\/a><\/strong><\/p>\n\n\t<\/div>\n\n\n\n<div class=\"col-12 col-md-4 col-lg-4\">\n\t\t\t\n\n<figure class=\"wp-block-image size-large\"><a href=\"https:\/\/www.orfix.com\/fr\/domaines-dexcellence-produits\/emballage-billets-de-banque\/sacs-de-securite-rfid\/\"><img loading=\"lazy\" decoding=\"async\" width=\"365\" height=\"257\" src=\"https:\/\/www.orfix.com\/wp-content\/uploads\/2020\/11\/Overviewblock_products_cash-packaging_RFID-Safebags1.jpg\" alt=\"\" class=\"wp-image-6056\" srcset=\"https:\/\/www.orfix.com\/wp-content\/uploads\/2020\/11\/Overviewblock_products_cash-packaging_RFID-Safebags1.jpg 365w, https:\/\/www.orfix.com\/wp-content\/uploads\/2020\/11\/Overviewblock_products_cash-packaging_RFID-Safebags1-300x211.jpg 300w, https:\/\/www.orfix.com\/wp-content\/uploads\/2020\/11\/Overviewblock_products_cash-packaging_RFID-Safebags1-24x17.jpg 24w, https:\/\/www.orfix.com\/wp-content\/uploads\/2020\/11\/Overviewblock_products_cash-packaging_RFID-Safebags1-36x25.jpg 36w, https:\/\/www.orfix.com\/wp-content\/uploads\/2020\/11\/Overviewblock_products_cash-packaging_RFID-Safebags1-48x34.jpg 48w\" sizes=\"auto, (max-width: 365px) 100vw, 365px\" \/><\/a><\/figure>\n\n\n\n<p><strong><a href=\"https:\/\/www.orfix.com\/fr\/domaines-dexcellence-produits\/emballage-billets-de-banque\/sacs-de-securite-rfid\/\">Sacs de s\u00e9curit\u00e9 RFID<\/a><\/strong><\/p>\n\n\t<\/div>\n\n\n\n<div class=\"col-12 col-md-6 col-lg-4\">\n\t\t\t\n\n<figure class=\"wp-block-image size-large\"><a href=\"https:\/\/www.orfix.com\/fr\/domaines-dexcellence-produits\/emballage-billets-de-banque\/bobines-de-banderolage\/\"><img decoding=\"async\" src=\"https:\/\/www.orfix.com\/wp-content\/uploads\/2020\/10\/endless-roll-2-Overviewblock.jpg\" alt=\"orfix endless roll\" class=\"wp-image-3079\"\/><\/a><\/figure>\n\n\n\n<p><strong><a href=\"https:\/\/www.orfix.com\/fr\/domaines-dexcellence-produits\/emballage-billets-de-banque\/bobines-de-banderolage\/\">Emballages de billets de banque en bobines<\/a><\/strong><\/p>\n\n\t<\/div>\n\n\n\n<div class=\"col-12 col-md-6 col-lg-4\">\n\t\t\t\n\n<figure class=\"wp-block-image size-large\"><a href=\"https:\/\/www.orfix.com\/fr\/domaines-dexcellence-produits\/emballage-billets-de-banque\/ganses-billets\/\"><img loading=\"lazy\" decoding=\"async\" width=\"365\" height=\"257\" src=\"https:\/\/www.orfix.com\/wp-content\/uploads\/2020\/09\/overviewblock_banknote_wrappers.jpg\" alt=\"orfix banknote_wrappers\" class=\"wp-image-2094\" srcset=\"https:\/\/www.orfix.com\/wp-content\/uploads\/2020\/09\/overviewblock_banknote_wrappers.jpg 365w, https:\/\/www.orfix.com\/wp-content\/uploads\/2020\/09\/overviewblock_banknote_wrappers-300x211.jpg 300w, https:\/\/www.orfix.com\/wp-content\/uploads\/2020\/09\/overviewblock_banknote_wrappers-24x17.jpg 24w, https:\/\/www.orfix.com\/wp-content\/uploads\/2020\/09\/overviewblock_banknote_wrappers-36x25.jpg 36w, https:\/\/www.orfix.com\/wp-content\/uploads\/2020\/09\/overviewblock_banknote_wrappers-48x34.jpg 48w\" sizes=\"auto, (max-width: 365px) 100vw, 365px\" \/><\/a><\/figure>\n\n\n\n<p><strong><a href=\"https:\/\/www.orfix.com\/fr\/domaines-dexcellence-produits\/emballage-billets-de-banque\/ganses-billets\/\">Emballages de billets de banque<\/a><\/strong><\/p>\n\n\t<\/div>\n\n\n\n<div class=\"col-12 col-md-6 col-lg-4\">\n\t\t\t\n\n<figure class=\"wp-block-image size-large\"><a href=\"https:\/\/www.orfix.com\/fr\/domaines-dexcellence-produits\/emballage-billets-de-banque\/bobines-a-encartoucher\/\"><img loading=\"lazy\" decoding=\"async\" width=\"365\" height=\"257\" src=\"https:\/\/www.orfix.com\/wp-content\/uploads\/2020\/09\/overviewblock_automatic_coin_rolls.jpg\" alt=\"orfix automatic_coin_rolls\" class=\"wp-image-2121\" srcset=\"https:\/\/www.orfix.com\/wp-content\/uploads\/2020\/09\/overviewblock_automatic_coin_rolls.jpg 365w, https:\/\/www.orfix.com\/wp-content\/uploads\/2020\/09\/overviewblock_automatic_coin_rolls-300x211.jpg 300w, https:\/\/www.orfix.com\/wp-content\/uploads\/2020\/09\/overviewblock_automatic_coin_rolls-24x17.jpg 24w, https:\/\/www.orfix.com\/wp-content\/uploads\/2020\/09\/overviewblock_automatic_coin_rolls-36x25.jpg 36w, https:\/\/www.orfix.com\/wp-content\/uploads\/2020\/09\/overviewblock_automatic_coin_rolls-48x34.jpg 48w\" sizes=\"auto, (max-width: 365px) 100vw, 365px\" \/><\/a><\/figure>\n\n\n\n<p><strong><a href=\"https:\/\/www.orfix.com\/fr\/domaines-dexcellence-produits\/emballage-billets-de-banque\/bobines-a-encartoucher\/\">Rouleaux de pi\u00e8ces automatiques<\/a><\/strong><\/p>\n\n\t<\/div>\n\n\n\n<div class=\"col-12 col-md-6 col-lg-4\">\n\t\t\t\n\n<figure class=\"wp-block-image size-large\"><a href=\"https:\/\/www.orfix.com\/fr\/domaines-dexcellence-produits\/emballage-billets-de-banque\/tubes-de-monnaie\/\"><img loading=\"lazy\" decoding=\"async\" width=\"365\" height=\"257\" src=\"https:\/\/www.orfix.com\/wp-content\/uploads\/2020\/09\/overviewblock_coin_tubes-1.jpg\" alt=\"orfix coin_tubes\" class=\"wp-image-2112\" srcset=\"https:\/\/www.orfix.com\/wp-content\/uploads\/2020\/09\/overviewblock_coin_tubes-1.jpg 365w, https:\/\/www.orfix.com\/wp-content\/uploads\/2020\/09\/overviewblock_coin_tubes-1-300x211.jpg 300w, https:\/\/www.orfix.com\/wp-content\/uploads\/2020\/09\/overviewblock_coin_tubes-1-24x17.jpg 24w, https:\/\/www.orfix.com\/wp-content\/uploads\/2020\/09\/overviewblock_coin_tubes-1-36x25.jpg 36w, https:\/\/www.orfix.com\/wp-content\/uploads\/2020\/09\/overviewblock_coin_tubes-1-48x34.jpg 48w\" sizes=\"auto, (max-width: 365px) 100vw, 365px\" \/><\/a><\/figure>\n\n\n\n<p><strong><a href=\"https:\/\/www.orfix.com\/fr\/domaines-dexcellence-produits\/emballage-billets-de-banque\/tubes-de-monnaie\/\">Tubes \u00e0 pi\u00e8ces de monnaie<\/a><\/strong><\/p>\n\n\t<\/div>\n\n\n\n<div class=\"col-12 col-md-6 col-lg-4\">\n\t\t\t\n\n<figure class=\"wp-block-image size-large\"><a href=\"https:\/\/www.orfix.com\/fr\/domaines-dexcellence-produits\/emballage-billets-de-banque\/sac-sous-vide\/\"><img loading=\"lazy\" decoding=\"async\" width=\"365\" height=\"257\" src=\"https:\/\/www.orfix.com\/wp-content\/uploads\/2020\/10\/Vakuumbeutel-Vakupacks-Muenzen-fern-Overviewblock.jpg\" alt=\"vacuum bags\" class=\"wp-image-3097\" srcset=\"https:\/\/www.orfix.com\/wp-content\/uploads\/2020\/10\/Vakuumbeutel-Vakupacks-Muenzen-fern-Overviewblock.jpg 365w, https:\/\/www.orfix.com\/wp-content\/uploads\/2020\/10\/Vakuumbeutel-Vakupacks-Muenzen-fern-Overviewblock-300x211.jpg 300w, https:\/\/www.orfix.com\/wp-content\/uploads\/2020\/10\/Vakuumbeutel-Vakupacks-Muenzen-fern-Overviewblock-24x17.jpg 24w, https:\/\/www.orfix.com\/wp-content\/uploads\/2020\/10\/Vakuumbeutel-Vakupacks-Muenzen-fern-Overviewblock-36x25.jpg 36w, https:\/\/www.orfix.com\/wp-content\/uploads\/2020\/10\/Vakuumbeutel-Vakupacks-Muenzen-fern-Overviewblock-48x34.jpg 48w\" sizes=\"auto, (max-width: 365px) 100vw, 365px\" \/><\/a><\/figure>\n\n\n\n<p><strong><a href=\"https:\/\/www.orfix.com\/fr\/domaines-dexcellence-produits\/emballage-billets-de-banque\/sac-sous-vide\/\">Sacs sous vide<\/a><\/strong><\/p>\n\n\t<\/div>\n\n\n\n<div class=\"col-12 col-md-4 col-lg-4\">\n\t\t\t\n\n<figure class=\"wp-block-image size-large\"><a href=\"https:\/\/www.orfix.com\/fr\/domaines-dexcellence-produits\/emballage-billets-de-banque\/rouleaux-film-thermoretractable-pieces\/\"><img loading=\"lazy\" decoding=\"async\" width=\"365\" height=\"257\" src=\"https:\/\/www.orfix.com\/wp-content\/uploads\/2020\/10\/Einschw-Rolle-Overviewblock.jpg\" alt=\"orfix film rolls\" class=\"wp-image-3106\" srcset=\"https:\/\/www.orfix.com\/wp-content\/uploads\/2020\/10\/Einschw-Rolle-Overviewblock.jpg 365w, https:\/\/www.orfix.com\/wp-content\/uploads\/2020\/10\/Einschw-Rolle-Overviewblock-300x211.jpg 300w, https:\/\/www.orfix.com\/wp-content\/uploads\/2020\/10\/Einschw-Rolle-Overviewblock-24x17.jpg 24w, https:\/\/www.orfix.com\/wp-content\/uploads\/2020\/10\/Einschw-Rolle-Overviewblock-36x25.jpg 36w, https:\/\/www.orfix.com\/wp-content\/uploads\/2020\/10\/Einschw-Rolle-Overviewblock-48x34.jpg 48w\" sizes=\"auto, (max-width: 365px) 100vw, 365px\" \/><\/a><\/figure>\n\n\n\n<p><strong><a href=\"https:\/\/www.orfix.com\/fr\/domaines-dexcellence-produits\/emballage-billets-de-banque\/rouleaux-film-thermoretractable-pieces\/\">Rouleaux de film pour pi\u00e8ces de monnaie<\/a><\/strong><\/p>\n\n\t<\/div>\n\n\n\n<div class=\"col-12 col-md-4 col-lg-4\">\n\t\t\t\n\n<figure class=\"wp-block-image size-large\"><a href=\"https:\/\/www.orfix.com\/fr\/domaines-dexcellence-produits\/emballage-billets-de-banque\/rouleaux-de-film-thermoretractable-billets-de-banque\/\"><img loading=\"lazy\" decoding=\"async\" width=\"365\" height=\"257\" src=\"https:\/\/www.orfix.com\/wp-content\/uploads\/2020\/11\/Overviewblock_sector_cash-sector_banknotes.jpg\" alt=\"\" class=\"wp-image-6781\" srcset=\"https:\/\/www.orfix.com\/wp-content\/uploads\/2020\/11\/Overviewblock_sector_cash-sector_banknotes.jpg 365w, https:\/\/www.orfix.com\/wp-content\/uploads\/2020\/11\/Overviewblock_sector_cash-sector_banknotes-300x211.jpg 300w\" sizes=\"auto, (max-width: 365px) 100vw, 365px\" \/><\/a><\/figure>\n\n\n\n<p><strong><a href=\"https:\/\/www.orfix.com\/fr\/domaines-dexcellence-produits\/emballage-billets-de-banque\/rouleaux-de-film-thermoretractable-billets-de-banque\/\">Rouleaux de film pour billets de banque<\/a><\/strong><\/p>\n\n\t<\/div>\n\n<\/div>\n\n<\/div>\n\n\n<div class=\"wp-bootstrap-blocks-container container-fluid mb-5 custom_container custom_container--middle\">\n\t\n<div class=\"wp-bootstrap-blocks-row row custom-row__cta-contact\">\n\t\n\n<div class=\"col-12 col-md-6\">\n\t\t\t\n\n<figure class=\"wp-block-image size-large advgb-dyn-438cc30b\"><img loading=\"lazy\" decoding=\"async\" width=\"471\" height=\"344\" src=\"https:\/\/www.orfix.com\/wp-content\/uploads\/2020\/10\/shutterstock_116283283_471x344px.jpg\" alt=\"\" class=\"wp-image-3327\" srcset=\"https:\/\/www.orfix.com\/wp-content\/uploads\/2020\/10\/shutterstock_116283283_471x344px.jpg 471w, https:\/\/www.orfix.com\/wp-content\/uploads\/2020\/10\/shutterstock_116283283_471x344px-300x219.jpg 300w, https:\/\/www.orfix.com\/wp-content\/uploads\/2020\/10\/shutterstock_116283283_471x344px-24x18.jpg 24w, https:\/\/www.orfix.com\/wp-content\/uploads\/2020\/10\/shutterstock_116283283_471x344px-36x26.jpg 36w, https:\/\/www.orfix.com\/wp-content\/uploads\/2020\/10\/shutterstock_116283283_471x344px-48x35.jpg 48w\" sizes=\"auto, (max-width: 471px) 100vw, 471px\" \/><figcaption class=\"wp-element-caption\"><strong>Contactez nous<\/strong><\/figcaption><\/figure>\n\n\t<\/div>\n\n\n\n<div class=\"col-12 col-md-6\">\n\t\t\t\n<div class=\"employeeblock\">\n    <figure class=\"employeeblock__item employeeblock__item--img\">\n        <img decoding=\"async\" src=\"\" alt=\"\" \/>\n    <\/figure>\n    <div class=\"employeeblock__item employeeblock__item--content\">\n        <h2 class=\"name\">Service client\u00e8le<\/h2>\n        <p class=\"position\"><\/p>\n        <p><a class=\"link link--has-icon link--has-icon--mail\" href=\"mailto:info@orfix.fr\">info@orfix.fr<\/a><\/p>\n        <p><a class=\"link link--has-icon link--has-icon--tel\" href=\"tel:0820229099\">0820 22 90 99<\/a><\/p>\n    <\/div>\n<\/div>\n\n\t<\/div>\n\n<\/div>\n\n<\/div>\n\n\n<div class=\"wp-bootstrap-blocks-container container-fluid mb-5 custom_container custom_container--middle rb-specialist-en\">\n\t\n<div class=\"wp-bootstrap-blocks-row row\">\n\t\n\n<div class=\"col-12 col-md-12\">\n\t\t\t\n\n<h2 class=\"wp-block-heading advgb-dyn-349850c5\" style=\"font-size:30px\">orfix \u2013 sp\u00e9cialistes du traitement du poly\u00e9thyl\u00e8ne et du papier<\/h2>\n\n\t<\/div>\n\n\n\n<div class=\"col-12 col-md-6\">\n\t\t\t\n\n<p class=\"has-medium-font-size\">Dans les phases de d\u00e9veloppement et de production, nous utilisons toujours des techniques de pointe, en tenant compte des besoins individuels de nos clients et en accordant une attention particuli\u00e8re \u00e0 l\u2019environnement. Nous sommes pr\u00e9occup\u00e9s par l\u2019impact \u00e0 long terme de nos activit\u00e9s, nous prenons des mesures pour \u00e9conomiser les ressources et nous visons la neutralit\u00e9 carbone l\u00e0 o\u00f9 nous le pouvons. C\u2019est, en somme, notre politique environnementale. Nous veillons \u00e0 garantir une qualit\u00e9 constante, toujours conforme aux normes les plus \u00e9lev\u00e9es du march\u00e9 et certifi\u00e9e. Nous esp\u00e9rons vous inspirer par nos innovations et notre excellent service \u00e0 la client\u00e8le.<\/p>\n\n\t<\/div>\n\n\n\n<div class=\"col-12 col-md-6\">\n\t\t\t\n\n<ul class=\"wp-block-list\">\n<li class=\"has-medium-font-size\">La gamme standard orfix est toujours disponible en stock.<\/li>\n\n\n\n<li class=\"has-medium-font-size\">orfix propose des services personnalis\u00e9s de stockage et de logistique.<\/li>\n\n\n\n<li class=\"has-medium-font-size\">orfix offre une grande flexibilit\u00e9 dans la personnalisation des produits, m\u00eame pour de petites quantit\u00e9s.<\/li>\n\n\n\n<li class=\"has-medium-font-size\">l\u2019\u00e9quipe orfix est toujours disponible pour vous donner des conseils d\u2019experts adapt\u00e9s \u00e0 vos besoins.<\/li>\n<\/ul>\n\n\t<\/div>\n\n<\/div>\n\n<\/div>\n\n\n\n<div style=\"height:20px\" aria-hidden=\"true\" class=\"wp-block-spacer\"><\/div>\n\n\n\n<figure class=\"wp-block-image size-full\"><img loading=\"lazy\" decoding=\"async\" width=\"2048\" height=\"600\" src=\"https:\/\/www.orfix.com\/wp-content\/uploads\/2024\/05\/orfix-Karte-2025-en.jpg\" alt=\"\" class=\"wp-image-32957\" srcset=\"https:\/\/www.orfix.com\/wp-content\/uploads\/2024\/05\/orfix-Karte-2025-en.jpg 2048w, https:\/\/www.orfix.com\/wp-content\/uploads\/2024\/05\/orfix-Karte-2025-en-768x225.jpg 768w, https:\/\/www.orfix.com\/wp-content\/uploads\/2024\/05\/orfix-Karte-2025-en-1536x450.jpg 1536w\" sizes=\"auto, (max-width: 2048px) 100vw, 2048px\" \/><\/figure>\n\n\n\n<p class=\"has-medium-font-size\">Nous serions heureux de vous conseiller individuellement !<br><strong>Votre partenaire comp\u00e9tent avec une gamme compl\u00e8te pour tous ceux qui comptent, emballe, transporte ou stocke de l&#8217;argent liquide.<\/strong><\/p>\n\n\n\n<div style=\"height:20px\" aria-hidden=\"true\" class=\"wp-block-spacer\"><\/div>\n\n\n\n<div class=\"wp-block-buttons cta-banner-content__item is-layout-flex wp-block-buttons-is-layout-flex\">\n<div class=\"wp-block-button is-style-outline is-style-outline--1 advgb-dyn-7c74c908\"><a class=\"wp-block-button__link has-text-color has-medium-font-size has-custom-font-size wp-element-button\" href=\"https:\/\/www.orfix.com\/fr\/contact\/\" style=\"border-radius:1px;color:#ba0c2f\" target=\"_blank\" rel=\"noreferrer noopener\"><strong>Nous contacter<\/strong><\/a><\/div>\n\n\n\n<div class=\"wp-block-button btn__bg--red advgb-dyn-dacbcd5c\"><a class=\"wp-block-button__link has-white-color has-text-color has-background has-medium-font-size has-custom-font-size wp-element-button\" href=\"https:\/\/www.orfix.com\/fr\/domaines-dexcellence-produits\/\" style=\"border-radius:1px;background-color:#ba0c2f\" target=\"_blank\" rel=\"noreferrer noopener\"><strong>Produits<\/strong><\/a><\/div>\n\n\n\n<div class=\"wp-block-button btn__bg--red advgb-dyn-353d03d7\"><a class=\"wp-block-button__link has-white-color has-text-color has-background has-medium-font-size has-custom-font-size wp-element-button\" href=\"https:\/\/orfix.fr\/\" style=\"border-radius:1px;background-color:#ba0c2f\" target=\"_blank\" rel=\"noreferrer noopener\"><strong>Magasin en ligne<\/strong><\/a><\/div>\n<\/div>\n\n\n\n<div style=\"height:20px\" aria-hidden=\"true\" class=\"wp-block-spacer\"><\/div>\n","protected":false},"excerpt":{"rendered":"<p>Secteur du cash (Cash-Center, banques, transporteur de fonds) orfix est synonyme de savoir-faire et de nombreuses ann\u00e9es d&#8217;exp\u00e9rience dans les domaines de la s\u00e9curit\u00e9 de l&#8217;emballage des billets, du contr\u00f4le et du comptage, du marquage et du transport des billets et des pi\u00e8ces, ainsi que de la protection et de la s\u00e9curisation des institutions financi\u00e8res.<\/p>\n<p><a class=\"btn btn-secondary understrap-read-more-link\" href=\"https:\/\/www.orfix.com\/fr\/secteurs\/secteur-du-cash\/\">Lire la suite&#8230;<\/a><\/p>\n","protected":false},"author":36,"featured_media":0,"parent":7471,"menu_order":0,"comment_status":"closed","ping_status":"closed","template":"","meta":{"_acf_changed":false,"om_disable_all_campaigns":false,"inline_featured_image":false,"advgb_blocks_editor_width":"","advgb_blocks_columns_visual_guide":"","_monsterinsights_skip_tracking":false,"_monsterinsights_sitenote_active":false,"_monsterinsights_sitenote_note":"","_monsterinsights_sitenote_category":0,"_uf_show_specific_survey":0,"_uf_disable_surveys":false,"footnotes":""},"class_list":["post-7481","page","type-page","status-publish","hentry"],"acf":[],"aioseo_notices":[],"coauthors":[],"author_meta":{"author_link":"https:\/\/www.orfix.com\/fr\/author\/mgendelmeyer\/","display_name":"Malte Gendelmeyer"},"relative_dates":{"created":"Publi\u00e9 5 ans il y a","modified":"Mis \u00e0 jour 5 mois il y a"},"absolute_dates":{"created":"Publi\u00e9 le 9. novembre 2020","modified":"Mise \u00e0 jour le 3. d\u00e9cembre 2025"},"absolute_dates_time":{"created":"Publi\u00e9 le 9. novembre 2020 16:03","modified":"Mise \u00e0 jour le 3. d\u00e9cembre 2025 20:35"},"featured_img_caption":"","featured_img":false,"series_order":"","_links":{"self":[{"href":"https:\/\/www.orfix.com\/fr\/wp-json\/wp\/v2\/pages\/7481","targetHints":{"allow":["GET"]}}],"collection":[{"href":"https:\/\/www.orfix.com\/fr\/wp-json\/wp\/v2\/pages"}],"about":[{"href":"https:\/\/www.orfix.com\/fr\/wp-json\/wp\/v2\/types\/page"}],"author":[{"embeddable":true,"href":"https:\/\/www.orfix.com\/fr\/wp-json\/wp\/v2\/users\/36"}],"replies":[{"embeddable":true,"href":"https:\/\/www.orfix.com\/fr\/wp-json\/wp\/v2\/comments?post=7481"}],"version-history":[{"count":15,"href":"https:\/\/www.orfix.com\/fr\/wp-json\/wp\/v2\/pages\/7481\/revisions"}],"predecessor-version":[{"id":32468,"href":"https:\/\/www.orfix.com\/fr\/wp-json\/wp\/v2\/pages\/7481\/revisions\/32468"}],"up":[{"embeddable":true,"href":"https:\/\/www.orfix.com\/fr\/wp-json\/wp\/v2\/pages\/7471"}],"wp:attachment":[{"href":"https:\/\/www.orfix.com\/fr\/wp-json\/wp\/v2\/media?parent=7481"}],"curies":[{"name":"wp","href":"https:\/\/api.w.org\/{rel}","templated":true}]}}