{"id":7272,"date":"2020-11-09T14:55:55","date_gmt":"2020-11-09T13:55:55","guid":{"rendered":"http:\/\/orfix.netzkunst24.de\/?page_id=7272"},"modified":"2025-12-03T21:03:51","modified_gmt":"2025-12-03T20:03:51","slug":"rouleaux-de-papier-thermique-rouleaux-de-caisse","status":"publish","type":"page","link":"https:\/\/www.orfix.com\/fr\/domaines-dexcellence-produits\/emballage-billets-de-banque\/rouleaux-de-papier-thermique-rouleaux-de-caisse\/","title":{"rendered":"Rouleaux de papier thermique \/ Rouleaux de caisse"},"content":{"rendered":"<div class=\"wp-bootstrap-blocks-container container-fluid mb-5 custom_container custom_container--big custom_container--banner\">\n\t\n<div class=\"wp-bootstrap-blocks-row row custom_row custom_row--center\">\n\t\n\n<div class=\"col-12 col-md-12 custom_slider custom_slider__banner custom-banner-img\">\n\t\t\t\n\n<figure class=\"wp-block-image size-full desktop-banner\"><img loading=\"lazy\" decoding=\"async\" width=\"2560\" height=\"692\" src=\"https:\/\/www.orfix.com\/wp-content\/uploads\/2024\/05\/orfix_Header_Banner_CashPackaging_Cashier-Rolls_FR_1024x277-scaled.jpg\" alt=\"Rouleaux de papier thermique compatibles avec caisses enregistreuses\" class=\"wp-image-25468\" srcset=\"https:\/\/www.orfix.com\/wp-content\/uploads\/2024\/05\/orfix_Header_Banner_CashPackaging_Cashier-Rolls_FR_1024x277-scaled.jpg 2560w, https:\/\/www.orfix.com\/wp-content\/uploads\/2024\/05\/orfix_Header_Banner_CashPackaging_Cashier-Rolls_FR_1024x277-768x208.jpg 768w, https:\/\/www.orfix.com\/wp-content\/uploads\/2024\/05\/orfix_Header_Banner_CashPackaging_Cashier-Rolls_FR_1024x277-1536x415.jpg 1536w, https:\/\/www.orfix.com\/wp-content\/uploads\/2024\/05\/orfix_Header_Banner_CashPackaging_Cashier-Rolls_FR_1024x277-2048x554.jpg 2048w\" sizes=\"auto, (max-width: 2560px) 100vw, 2560px\" \/><\/figure>\n\n\n\n\n\t<\/div>\n\n<\/div>\n\n\n<div class=\"wp-bootstrap-blocks-row row custom_row custom_row--center\">\n\t\n\n<div class=\"col-12 col-md-12 custom_slider custom_slider__banner custom-banner-img\">\n\t\t\t\n\n<figure class=\"wp-block-image size-full mobile-banner\"><img loading=\"lazy\" decoding=\"async\" width=\"1583\" height=\"1250\" src=\"https:\/\/www.orfix.com\/wp-content\/uploads\/2024\/05\/orfix_Mobile_Banner-CashPackaging_Cashier-Rolls_FR_760x650.jpg\" alt=\"Rouleaux de papier thermique sur fond neutre\" class=\"wp-image-25474\" srcset=\"https:\/\/www.orfix.com\/wp-content\/uploads\/2024\/05\/orfix_Mobile_Banner-CashPackaging_Cashier-Rolls_FR_760x650.jpg 1583w, https:\/\/www.orfix.com\/wp-content\/uploads\/2024\/05\/orfix_Mobile_Banner-CashPackaging_Cashier-Rolls_FR_760x650-768x606.jpg 768w, https:\/\/www.orfix.com\/wp-content\/uploads\/2024\/05\/orfix_Mobile_Banner-CashPackaging_Cashier-Rolls_FR_760x650-1536x1213.jpg 1536w\" sizes=\"auto, (max-width: 1583px) 100vw, 1583px\" \/><\/figure>\n\n\n\n\n\t<\/div>\n\n<\/div>\n\n<\/div>\n\n\n<div class=\"wp-bootstrap-blocks-container container-fluid mb-5 custom_container custom_container--big custom_container--banner\">\n\t<\/div>\n\n\n\n<h1 class=\"wp-block-heading has-text-color\" style=\"color:#002855;font-size:30px\">Rouleaux de papier thermique \/ Rouleaux de caisse<\/h1>\n\n\n\n<p class=\"has-medium-font-size\">Notre offre comprend du papier thermique pour l&#8217;impression rapide, utilisable de mani\u00e8re polyvalente, des imprimantes mobiles de re\u00e7us aux grands distributeurs automatiques de billets. Choisissez entre le papier thermique sans BPA et le papier thermique totalement exempt de ph\u00e9nol pour une utilisation s\u00fbre dans diff\u00e9rents commerces. Optez pour l&#8217;option innovante Blue4est, qui ne contient aucun produit chimique et peut \u00eatre facilement \u00e9limin\u00e9e avec le papier usag\u00e9 normal, pour une solution encore plus \u00e9cologique.<\/p>\n\n\n\n<div style=\"height:50px\" aria-hidden=\"true\" class=\"wp-block-spacer\"><\/div>\n\n\n<div class=\"wp-bootstrap-blocks-container container-fluid mb-5 custom_container custom_container--middle\">\n\t\n<div class=\"wp-bootstrap-blocks-row row\">\n\t\n\n<div class=\"col-12 col-md-6 col-lg-4\">\n\t\t\t\n\n<figure class=\"wp-block-image size-large\"><img loading=\"lazy\" decoding=\"async\" width=\"365\" height=\"257\" src=\"https:\/\/www.orfix.com\/wp-content\/uploads\/2020\/10\/iStock_000003751764_365x257px.jpg\" alt=\"\" class=\"wp-image-4714\" srcset=\"https:\/\/www.orfix.com\/wp-content\/uploads\/2020\/10\/iStock_000003751764_365x257px.jpg 365w, https:\/\/www.orfix.com\/wp-content\/uploads\/2020\/10\/iStock_000003751764_365x257px-300x211.jpg 300w, https:\/\/www.orfix.com\/wp-content\/uploads\/2020\/10\/iStock_000003751764_365x257px-24x17.jpg 24w, https:\/\/www.orfix.com\/wp-content\/uploads\/2020\/10\/iStock_000003751764_365x257px-36x25.jpg 36w, https:\/\/www.orfix.com\/wp-content\/uploads\/2020\/10\/iStock_000003751764_365x257px-48x34.jpg 48w\" sizes=\"auto, (max-width: 365px) 100vw, 365px\" \/><\/figure>\n\n\n\n<p class=\"has-medium-font-size\">Convient pour l&#8217;utilisation dans le processus d&#8217;impression thermique rapide. Diverses possibilit\u00e9s d&#8217;utilisation &#8211; des imprimantes mobiles de re\u00e7us pour les appareils \u00e0 cartes, des syst\u00e8mes de paiement en esp\u00e8ces jusqu&#8217;aux grands distributeurs automatiques de billets.\u202f<\/p>\n\n\t<\/div>\n\n\n\n<div class=\"col-12 col-md-6 col-lg-4\">\n\t\t\t\n\n<figure class=\"wp-block-image size-large\"><img loading=\"lazy\" decoding=\"async\" width=\"365\" height=\"257\" src=\"https:\/\/www.orfix.com\/wp-content\/uploads\/2020\/10\/Overviewblock_products_security-packaging_thermal-paper-rolls3.jpg\" alt=\"\" class=\"wp-image-5659\" srcset=\"https:\/\/www.orfix.com\/wp-content\/uploads\/2020\/10\/Overviewblock_products_security-packaging_thermal-paper-rolls3.jpg 365w, https:\/\/www.orfix.com\/wp-content\/uploads\/2020\/10\/Overviewblock_products_security-packaging_thermal-paper-rolls3-300x211.jpg 300w, https:\/\/www.orfix.com\/wp-content\/uploads\/2020\/10\/Overviewblock_products_security-packaging_thermal-paper-rolls3-24x17.jpg 24w, https:\/\/www.orfix.com\/wp-content\/uploads\/2020\/10\/Overviewblock_products_security-packaging_thermal-paper-rolls3-36x25.jpg 36w, https:\/\/www.orfix.com\/wp-content\/uploads\/2020\/10\/Overviewblock_products_security-packaging_thermal-paper-rolls3-48x34.jpg 48w\" sizes=\"auto, (max-width: 365px) 100vw, 365px\" \/><\/figure>\n\n\n\n<p class=\"has-medium-font-size\">D\u00e9cidez quel mat\u00e9riel vous voulez utiliser. En plus du papier thermique sans BPA, nous proposons \u00e9galement du papier thermique enti\u00e8rement sans ph\u00e9nol. Cela signifie que vous pouvez utiliser nos rouleaux de papier de caisse en toute s\u00e9curit\u00e9 dans les \u00e9piceries, les boulangeries ou les magasins de produits di\u00e9t\u00e9tiques.\u202f<\/p>\n\n\t<\/div>\n\n\n\n<div class=\"col-12 col-md-6 col-lg-4\">\n\t\t\t\n\n<figure class=\"wp-block-image size-large\"><img loading=\"lazy\" decoding=\"async\" width=\"365\" height=\"257\" src=\"https:\/\/www.orfix.com\/wp-content\/uploads\/2020\/10\/Overviewblock_products_security-packaging_thermal-paper-rolls4.jpg\" alt=\"\" class=\"wp-image-5652\" srcset=\"https:\/\/www.orfix.com\/wp-content\/uploads\/2020\/10\/Overviewblock_products_security-packaging_thermal-paper-rolls4.jpg 365w, https:\/\/www.orfix.com\/wp-content\/uploads\/2020\/10\/Overviewblock_products_security-packaging_thermal-paper-rolls4-300x211.jpg 300w, https:\/\/www.orfix.com\/wp-content\/uploads\/2020\/10\/Overviewblock_products_security-packaging_thermal-paper-rolls4-24x17.jpg 24w, https:\/\/www.orfix.com\/wp-content\/uploads\/2020\/10\/Overviewblock_products_security-packaging_thermal-paper-rolls4-36x25.jpg 36w, https:\/\/www.orfix.com\/wp-content\/uploads\/2020\/10\/Overviewblock_products_security-packaging_thermal-paper-rolls4-48x34.jpg 48w\" sizes=\"auto, (max-width: 365px) 100vw, 365px\" \/><\/figure>\n\n\n\n<p class=\"has-medium-font-size\">Encore plus \u00e9cologique : le papier thermique innovant Blue4est, qui n&#8217;utilise aucun produit chimique. Il suffit de le jeter avec un papier ordinaire.<\/p>\n\n\n\n<p><\/p>\n\n\t<\/div>\n\n<\/div>\n\n<\/div>\n\n\n<div class=\"wp-bootstrap-blocks-container container-fluid mb-5 custom_container custom_container--middle\">\n\t\n<div class=\"wp-bootstrap-blocks-row row\">\n\t\n\n<div class=\"col-12 table__wrapper\">\n\t\t\t\n\n<h2 class=\"wp-block-heading\" style=\"font-size:30px\">Notre gamme standard de rouleaux de papier thermique &#8211; 48 g\/m\u00b2 &#8211; sans BPA &#8211; neutre<\/h2>\n\n\n\n<table class=\"wp-block-advgb-table advgb-table-frontend is-style-stripes\"><thead><tr><th><strong>Item no.<\/strong><\/th><th><strong><strong>Description<\/strong><\/strong><\/th><th><strong>Largeur<\/strong><\/th><th><strong>Longueur<\/strong><\/th><th><strong>Diam\u00e8tre<\/strong><\/th><th><strong>Mandrin<\/strong><\/th><th><strong>rouleaux\/bo\u00eete<\/strong><\/th><\/tr><\/thead><tbody><tr><td style=\"text-align:left\">10009176<\/td><td style=\"text-align:left\">57 \/ 30 \u00f8 \/ 10 m \/ 12<\/td><td style=\"text-align:left\">57 mm<\/td><td style=\"text-align:left\">10 m<\/td><td>30 mm<\/td><td>12 mm<\/td><td>100<\/td><\/tr><tr><td style=\"text-align:left\">10013565<\/td><td style=\"text-align:left\">57 \/ 35 \u00f8 \/ 15 m \/ 12<\/td><td style=\"text-align:left\">57 mm<\/td><td style=\"text-align:left\">15 m<\/td><td>35 mm<\/td><td>12 mm<\/td><td>100<\/td><\/tr><tr><td style=\"text-align:left\">10010620<\/td><td style=\"text-align:left\">57 \/ 40 \u00f8 \/ 21 m \/ 12<\/td><td style=\"text-align:left\">57 mm<\/td><td style=\"text-align:left\">21 m<\/td><td>40 mm<\/td><td>12 mm<\/td><td>100<\/td><\/tr><tr><td style=\"text-align:left\">10013564<\/td><td style=\"text-align:left\">57 \/ 54 \u00f8 \/ 40 m \/ 12<\/td><td style=\"text-align:left\">57 mm<\/td><td style=\"text-align:left\">40 m<\/td><td>54 mm<\/td><td>12 mm<\/td><td>  50<\/td><\/tr><tr><td style=\"text-align:left\">10011096<\/td><td style=\"text-align:left\">80 \/ 63 \u00f8 \/ 50 m \/ 12<\/td><td style=\"text-align:left\">80 mm<\/td><td style=\"text-align:left\">50 m<\/td><td>63 mm<\/td><td>12 mm<\/td><td>  50<\/td><\/tr><tr><td style=\"text-align:left\">10009211<\/td><td style=\"text-align:left\">80 \/ 75 \u00f8 \/ 80 m \/ 12<\/td><td style=\"text-align:left\">80 mm<\/td><td style=\"text-align:left\">80 m<\/td><td>75 mm<\/td><td>12 mm<\/td><td>  50<\/td><\/tr><\/tbody><\/table>\n\n\t<\/div>\n\n<\/div>\n\n<\/div>\n\n\n<div class=\"wp-bootstrap-blocks-container container-fluid mb-5 custom_container custom_container--middle\">\n\t\n<div class=\"wp-bootstrap-blocks-row row\">\n\t\n\n<div class=\"col-12\">\n\t\t\t\n<div class=\"wp-bootstrap-blocks-container container mb-0\">\n\t\n<div class=\"wp-bootstrap-blocks-row row row--applications\">\n\t\n\n<div class=\"col-12 col-md-7 col--big\">\n\t\t\t\n\n<h2 class=\"wp-block-heading has-medium-font-size\">Les rouleaux standard sont en stock, mais nous serons heureux de vous proposer tous les autres formats et qualit\u00e9s de papier.<\/h2>\n\n\n\n<ul class=\"wp-block-list\">\n<li class=\"has-medium-font-size\">Mat\u00e9riau sans ph\u00e9nol<\/li>\n\n\n\n<li class=\"has-medium-font-size\">Mati\u00e8re Blue4est<\/li>\n<\/ul>\n\n\t<\/div>\n\n\n\n<div class=\"col-12 col-md-5 col--small\">\n\t\t\t\n<div class=\"wp-bootstrap-blocks-row row\">\n\t\n\n<div class=\"col-8 col-seals-row\">\n\t\t\t\n\n<figure class=\"wp-block-image size-large\"><img loading=\"lazy\" decoding=\"async\" width=\"71\" height=\"91\" src=\"https:\/\/www.orfix.com\/wp-content\/uploads\/2020\/09\/greenlabel_logo.svg\" alt=\"\" class=\"wp-image-521\"\/><\/figure>\n\n\t<\/div>\n\n<\/div>\n\n\n<div class=\"wp-bootstrap-blocks-row row\">\n\t\n\n<div class=\"col-12\">\n\t\t\t\n\n<p class=\"has-medium-font-size\">Les produits orfix sont soumis \u00e0 des tests de qualit\u00e9 stricts au cours du processus de production. Plus de 10 000 clients font confiance \u00e0 orfix.<\/p>\n\n\t<\/div>\n\n<\/div>\n\n\t<\/div>\n\n<\/div>\n\n<\/div>\n\n\t<\/div>\n\n<\/div>\n\n<\/div>\n\n\n<div class=\"wp-bootstrap-blocks-container container-fluid mb-5 custom_container custom_container--small\">\n\t\n<div class=\"wp-bootstrap-blocks-row row\">\n\t\n\n<div class=\"col-12 col-md-12\">\n\t\t\t\n\n<h2 class=\"wp-block-heading has-large-font-size\">Produits correspondants<\/h2>\n\n\t<\/div>\n\n\n\n<div class=\"col-12\">\n\t\t\t\n\n<ul class=\"wp-block-list list--no-img-point\">\n<li class=\"has-medium-font-size\"><a href=\"https:\/\/www.orfix.com\/fr\/domaines-dexcellence-produits\/emballage-billets-de-banque\/tubes-de-monnaie\/\">Tubes de monnaie<\/a><\/li>\n\n\n\n<li class=\"has-medium-font-size\"><a href=\"https:\/\/www.orfix.com\/fr\/domaines-dexcellence-produits\/emballage-billets-de-banque\/ganses-billets\/\" class=\"ek-link\">Ganses<\/a><\/li>\n<\/ul>\n\n\n\n<p><\/p>\n\n\t<\/div>\n\n<\/div>\n\n<\/div>\n\n\n<div class=\"wp-bootstrap-blocks-container container-fluid mb-5 custom_container custom_container--middle\">\n\t\n<div class=\"wp-bootstrap-blocks-row row custom-row__cta-contact\">\n\t\n\n<div class=\"col-12 col-md-6\">\n\t\t\t\n\n<figure class=\"wp-block-image size-large advgb-dyn-438cc30b\"><img loading=\"lazy\" decoding=\"async\" width=\"471\" height=\"344\" src=\"https:\/\/www.orfix.com\/wp-content\/uploads\/2020\/10\/shutterstock_116283283_471x344px.jpg\" alt=\"\" class=\"wp-image-3327\" srcset=\"https:\/\/www.orfix.com\/wp-content\/uploads\/2020\/10\/shutterstock_116283283_471x344px.jpg 471w, https:\/\/www.orfix.com\/wp-content\/uploads\/2020\/10\/shutterstock_116283283_471x344px-300x219.jpg 300w, https:\/\/www.orfix.com\/wp-content\/uploads\/2020\/10\/shutterstock_116283283_471x344px-24x18.jpg 24w, https:\/\/www.orfix.com\/wp-content\/uploads\/2020\/10\/shutterstock_116283283_471x344px-36x26.jpg 36w, https:\/\/www.orfix.com\/wp-content\/uploads\/2020\/10\/shutterstock_116283283_471x344px-48x35.jpg 48w\" sizes=\"auto, (max-width: 471px) 100vw, 471px\" \/><figcaption class=\"wp-element-caption\"><strong>Contactez nous<\/strong><\/figcaption><\/figure>\n\n\t<\/div>\n\n\n\n<div class=\"col-12 col-md-6\">\n\t\t\t\n<div class=\"employeeblock\">\n    <figure class=\"employeeblock__item employeeblock__item--img\">\n        <img decoding=\"async\" src=\"\" alt=\"\" \/>\n    <\/figure>\n    <div class=\"employeeblock__item employeeblock__item--content\">\n        <h2 class=\"name\">Service client\u00e8le<\/h2>\n        <p class=\"position\"><\/p>\n        <p><a class=\"link link--has-icon link--has-icon--mail\" href=\"mailto:info@orfix.fr\">info@orfix.fr<\/a><\/p>\n        <p><a class=\"link link--has-icon link--has-icon--tel\" href=\"tel:0820229099\">0820 22 90 99<\/a><\/p>\n    <\/div>\n<\/div>\n\n\t<\/div>\n\n<\/div>\n\n<\/div>\n\n\n<div class=\"wp-bootstrap-blocks-container container-fluid mb-5 custom_container custom_container--middle rb-specialist-en\">\n\t\n<div class=\"wp-bootstrap-blocks-row row\">\n\t\n\n<div class=\"col-12 col-md-12\">\n\t\t\t\n\n<h2 class=\"wp-block-heading advgb-dyn-349850c5\" style=\"font-size:30px\">orfix \u2013 sp\u00e9cialistes du traitement du poly\u00e9thyl\u00e8ne et du papier<\/h2>\n\n\t<\/div>\n\n\n\n<div class=\"col-12 col-md-6\">\n\t\t\t\n\n<p class=\"has-medium-font-size\">Dans les phases de d\u00e9veloppement et de production, nous utilisons toujours des techniques de pointe, en tenant compte des besoins individuels de nos clients et en accordant une attention particuli\u00e8re \u00e0 l\u2019environnement. Nous sommes pr\u00e9occup\u00e9s par l\u2019impact \u00e0 long terme de nos activit\u00e9s, nous prenons des mesures pour \u00e9conomiser les ressources et nous visons la neutralit\u00e9 carbone l\u00e0 o\u00f9 nous le pouvons. C\u2019est, en somme, notre politique environnementale. Nous veillons \u00e0 garantir une qualit\u00e9 constante, toujours conforme aux normes les plus \u00e9lev\u00e9es du march\u00e9 et certifi\u00e9e. Nous esp\u00e9rons vous inspirer par nos innovations et notre excellent service \u00e0 la client\u00e8le.<\/p>\n\n\t<\/div>\n\n\n\n<div class=\"col-12 col-md-6\">\n\t\t\t\n\n<ul class=\"wp-block-list\">\n<li class=\"has-medium-font-size\">La gamme standard orfix est toujours disponible en stock.<\/li>\n\n\n\n<li class=\"has-medium-font-size\">orfix propose des services personnalis\u00e9s de stockage et de logistique.<\/li>\n\n\n\n<li class=\"has-medium-font-size\">orfix offre une grande flexibilit\u00e9 dans la personnalisation des produits, m\u00eame pour de petites quantit\u00e9s.<\/li>\n\n\n\n<li class=\"has-medium-font-size\">l\u2019\u00e9quipe orfix est toujours disponible pour vous donner des conseils d\u2019experts adapt\u00e9s \u00e0 vos besoins.<\/li>\n<\/ul>\n\n\t<\/div>\n\n<\/div>\n\n<\/div>\n\n\n\n<div style=\"height:20px\" aria-hidden=\"true\" class=\"wp-block-spacer\"><\/div>\n\n\n\n<figure class=\"wp-block-image size-full\"><img loading=\"lazy\" decoding=\"async\" width=\"2048\" height=\"600\" src=\"https:\/\/www.orfix.com\/wp-content\/uploads\/2024\/05\/orfix-Karte-2025-en.jpg\" alt=\"\" class=\"wp-image-32957\" srcset=\"https:\/\/www.orfix.com\/wp-content\/uploads\/2024\/05\/orfix-Karte-2025-en.jpg 2048w, https:\/\/www.orfix.com\/wp-content\/uploads\/2024\/05\/orfix-Karte-2025-en-768x225.jpg 768w, https:\/\/www.orfix.com\/wp-content\/uploads\/2024\/05\/orfix-Karte-2025-en-1536x450.jpg 1536w\" sizes=\"auto, (max-width: 2048px) 100vw, 2048px\" \/><\/figure>\n\n\n\n<p class=\"has-medium-font-size\">Nous serions heureux de vous conseiller individuellement !<br><strong>Votre partenaire comp\u00e9tent avec une gamme compl\u00e8te pour tous ceux qui comptent, emballe, transporte ou stocke de l&#8217;argent liquide.<\/strong><\/p>\n\n\n\n<div style=\"height:20px\" aria-hidden=\"true\" class=\"wp-block-spacer\"><\/div>\n\n\n\n<div class=\"wp-block-buttons cta-banner-content__item is-layout-flex wp-block-buttons-is-layout-flex\">\n<div class=\"wp-block-button is-style-outline is-style-outline--1 advgb-dyn-7c74c908\"><a class=\"wp-block-button__link has-text-color has-medium-font-size has-custom-font-size wp-element-button\" href=\"https:\/\/www.orfix.com\/fr\/contact\/\" style=\"border-radius:1px;color:#ba0c2f\" target=\"_blank\" rel=\"noreferrer noopener\"><strong>Nous contacter<\/strong><\/a><\/div>\n\n\n\n<div class=\"wp-block-button btn__bg--red advgb-dyn-dacbcd5c\"><a class=\"wp-block-button__link has-white-color has-text-color has-background has-medium-font-size has-custom-font-size wp-element-button\" href=\"https:\/\/www.orfix.com\/fr\/domaines-dexcellence-produits\/\" style=\"border-radius:1px;background-color:#ba0c2f\" target=\"_blank\" rel=\"noreferrer noopener\"><strong>Produits<\/strong><\/a><\/div>\n\n\n\n<div class=\"wp-block-button btn__bg--red advgb-dyn-353d03d7\"><a class=\"wp-block-button__link has-white-color has-text-color has-background has-medium-font-size has-custom-font-size wp-element-button\" href=\"https:\/\/orfix.fr\/\" style=\"border-radius:1px;background-color:#ba0c2f\" target=\"_blank\" rel=\"noreferrer noopener\"><strong>Magasin en ligne<\/strong><\/a><\/div>\n<\/div>\n\n\n\n<div style=\"height:20px\" aria-hidden=\"true\" class=\"wp-block-spacer\"><\/div>\n","protected":false},"excerpt":{"rendered":"<p>Rouleaux de papier thermique \/ Rouleaux de caisse Notre offre comprend du papier thermique pour l&#8217;impression rapide, utilisable de mani\u00e8re polyvalente, des imprimantes mobiles de re\u00e7us aux grands distributeurs automatiques de billets. Choisissez entre le papier thermique sans BPA et le papier thermique totalement exempt de ph\u00e9nol pour une utilisation s\u00fbre dans diff\u00e9rents commerces. Optez<\/p>\n<p><a class=\"btn btn-secondary understrap-read-more-link\" href=\"https:\/\/www.orfix.com\/fr\/domaines-dexcellence-produits\/emballage-billets-de-banque\/rouleaux-de-papier-thermique-rouleaux-de-caisse\/\">Lire la suite&#8230;<\/a><\/p>\n","protected":false},"author":36,"featured_media":0,"parent":1301,"menu_order":20,"comment_status":"closed","ping_status":"closed","template":"","meta":{"_acf_changed":false,"om_disable_all_campaigns":false,"inline_featured_image":false,"advgb_blocks_editor_width":"","advgb_blocks_columns_visual_guide":"","_monsterinsights_skip_tracking":false,"_monsterinsights_sitenote_active":false,"_monsterinsights_sitenote_note":"","_monsterinsights_sitenote_category":0,"_uf_show_specific_survey":0,"_uf_disable_surveys":false,"footnotes":""},"class_list":["post-7272","page","type-page","status-publish","hentry"],"acf":[],"aioseo_notices":[],"coauthors":[],"author_meta":{"author_link":"https:\/\/www.orfix.com\/fr\/author\/mgendelmeyer\/","display_name":"Malte Gendelmeyer"},"relative_dates":{"created":"Publi\u00e9 5 ans il y a","modified":"Mis \u00e0 jour 5 mois il y a"},"absolute_dates":{"created":"Publi\u00e9 le 9. novembre 2020","modified":"Mise \u00e0 jour le 3. d\u00e9cembre 2025"},"absolute_dates_time":{"created":"Publi\u00e9 le 9. novembre 2020 14:55","modified":"Mise \u00e0 jour le 3. d\u00e9cembre 2025 21:03"},"featured_img_caption":"","featured_img":false,"series_order":"","_links":{"self":[{"href":"https:\/\/www.orfix.com\/fr\/wp-json\/wp\/v2\/pages\/7272","targetHints":{"allow":["GET"]}}],"collection":[{"href":"https:\/\/www.orfix.com\/fr\/wp-json\/wp\/v2\/pages"}],"about":[{"href":"https:\/\/www.orfix.com\/fr\/wp-json\/wp\/v2\/types\/page"}],"author":[{"embeddable":true,"href":"https:\/\/www.orfix.com\/fr\/wp-json\/wp\/v2\/users\/36"}],"replies":[{"embeddable":true,"href":"https:\/\/www.orfix.com\/fr\/wp-json\/wp\/v2\/comments?post=7272"}],"version-history":[{"count":11,"href":"https:\/\/www.orfix.com\/fr\/wp-json\/wp\/v2\/pages\/7272\/revisions"}],"predecessor-version":[{"id":32490,"href":"https:\/\/www.orfix.com\/fr\/wp-json\/wp\/v2\/pages\/7272\/revisions\/32490"}],"up":[{"embeddable":true,"href":"https:\/\/www.orfix.com\/fr\/wp-json\/wp\/v2\/pages\/1301"}],"wp:attachment":[{"href":"https:\/\/www.orfix.com\/fr\/wp-json\/wp\/v2\/media?parent=7272"}],"curies":[{"name":"wp","href":"https:\/\/api.w.org\/{rel}","templated":true}]}}