{"id":7225,"date":"2020-11-09T14:32:00","date_gmt":"2020-11-09T13:32:00","guid":{"rendered":"http:\/\/orfix.netzkunst24.de\/?page_id=7225"},"modified":"2025-12-03T20:54:45","modified_gmt":"2025-12-03T19:54:45","slug":"etiquettes-de-securite","status":"publish","type":"page","link":"https:\/\/www.orfix.com\/fr\/domaines-dexcellence-produits\/emballage-billets-de-banque\/etiquettes-de-securite\/","title":{"rendered":"\u00c9tiquettes de s\u00e9curit\u00e9"},"content":{"rendered":"<div class=\"wp-bootstrap-blocks-container container-fluid mb-5 custom_container custom_container--big custom_container--banner\">\n\t\n<div class=\"wp-bootstrap-blocks-row row custom_row custom_row--center\">\n\t\n\n<div class=\"col-12 col-md-12 custom_slider custom-banner-img custom_slider__banner\">\n\t\t\t\n\n<figure class=\"wp-block-image size-full desktop-banner\"><img loading=\"lazy\" decoding=\"async\" width=\"2560\" height=\"692\" src=\"https:\/\/www.orfix.com\/wp-content\/uploads\/2024\/05\/orfix_Header_Banner_CashPackaging_Security-Labels_FR_1024x277-scaled.jpg\" alt=\"\u00c9tiquettes de s\u00e9curit\u00e9 orfix adh\u00e9sives anti-fraude\" class=\"wp-image-25584\" srcset=\"https:\/\/www.orfix.com\/wp-content\/uploads\/2024\/05\/orfix_Header_Banner_CashPackaging_Security-Labels_FR_1024x277-scaled.jpg 2560w, https:\/\/www.orfix.com\/wp-content\/uploads\/2024\/05\/orfix_Header_Banner_CashPackaging_Security-Labels_FR_1024x277-768x208.jpg 768w, https:\/\/www.orfix.com\/wp-content\/uploads\/2024\/05\/orfix_Header_Banner_CashPackaging_Security-Labels_FR_1024x277-1536x415.jpg 1536w, https:\/\/www.orfix.com\/wp-content\/uploads\/2024\/05\/orfix_Header_Banner_CashPackaging_Security-Labels_FR_1024x277-2048x554.jpg 2048w\" sizes=\"auto, (max-width: 2560px) 100vw, 2560px\" \/><\/figure>\n\n\n\n\n\t<\/div>\n\n<\/div>\n\n\n<div class=\"wp-bootstrap-blocks-row row custom_row custom_row--center\">\n\t\n\n<div class=\"col-12 col-md-12 custom_slider custom-banner-img custom_slider__banner\">\n\t\t\t\n\n<figure class=\"wp-block-image size-full mobile-banner\"><img loading=\"lazy\" decoding=\"async\" width=\"2560\" height=\"2021\" src=\"https:\/\/www.orfix.com\/wp-content\/uploads\/2024\/05\/orfix_Mobile_Banner_CashPackaging_Security-Lables_FR_760x650-scaled.jpg\" alt=\"\u00c9tiquettes de s\u00e9curit\u00e9 orfix rouges et bleues avec codes-barres\" class=\"wp-image-25590\" srcset=\"https:\/\/www.orfix.com\/wp-content\/uploads\/2024\/05\/orfix_Mobile_Banner_CashPackaging_Security-Lables_FR_760x650-scaled.jpg 2560w, https:\/\/www.orfix.com\/wp-content\/uploads\/2024\/05\/orfix_Mobile_Banner_CashPackaging_Security-Lables_FR_760x650-768x606.jpg 768w, https:\/\/www.orfix.com\/wp-content\/uploads\/2024\/05\/orfix_Mobile_Banner_CashPackaging_Security-Lables_FR_760x650-1536x1213.jpg 1536w, https:\/\/www.orfix.com\/wp-content\/uploads\/2024\/05\/orfix_Mobile_Banner_CashPackaging_Security-Lables_FR_760x650-2048x1617.jpg 2048w\" sizes=\"auto, (max-width: 2560px) 100vw, 2560px\" \/><\/figure>\n\n\n\n\n\t<\/div>\n\n<\/div>\n\n<\/div>\n\n\n\n<div class=\"wp-block-columns is-layout-flex wp-container-core-columns-is-layout-9d6595d7 wp-block-columns-is-layout-flex\">\n<div class=\"wp-block-column is-layout-flow wp-block-column-is-layout-flow\">\n<h1 class=\"wp-block-heading has-text-color\" style=\"color:#002855;font-size:30px\">\u00c9tiquettes de s\u00e9curit\u00e9<\/h1>\n\n\n\n<p class=\"has-medium-font-size\">Les \u00e9tiquettes de s\u00e9curit\u00e9 orfix sont des \u00e9tiquettes de s\u00e9curit\u00e9 autocollantes avec indicateur d&#8217;inviolabilit\u00e9, code \u00e0 barres et num\u00e9rotation s\u00e9quentielle. Marquage et scell\u00e9 inviolables.<\/p>\n\n\n\n<p class=\"has-medium-font-size\">&nbsp;<\/p>\n<\/div>\n<\/div>\n\n\n\n<div style=\"height:50px\" aria-hidden=\"true\" class=\"wp-block-spacer\"><\/div>\n\n\n<div class=\"wp-bootstrap-blocks-container container-fluid mb-5 custom_container custom_container--middle\">\n\t\n<div class=\"wp-bootstrap-blocks-row row\">\n\t\n\n<div class=\"col-12\">\n\t\t\t\n\n<h2 class=\"wp-block-heading\" style=\"font-size:30px\">Notre indicateur d&#8217;inviolabilit\u00e9 \u00e0 effet &#8220;VOID&#8221; avec le message de s\u00e9curit\u00e9 &#8221; VOID OPENED &#8220;<\/h2>\n\n\t<\/div>\n\n\n\n<div class=\"col-12 col-md-6\">\n\t\t\t\n<div class=\"wp-block-image\">\n<figure class=\"aligncenter size-large\"><img loading=\"lazy\" decoding=\"async\" width=\"600\" height=\"350\" src=\"https:\/\/www.orfix.com\/wp-content\/uploads\/2020\/10\/Void-Effekt_unbeschaedigt-600x350px-1.jpg\" alt=\"Void-Effekt\" class=\"wp-image-3946\" srcset=\"https:\/\/www.orfix.com\/wp-content\/uploads\/2020\/10\/Void-Effekt_unbeschaedigt-600x350px-1.jpg 600w, https:\/\/www.orfix.com\/wp-content\/uploads\/2020\/10\/Void-Effekt_unbeschaedigt-600x350px-1-300x175.jpg 300w, https:\/\/www.orfix.com\/wp-content\/uploads\/2020\/10\/Void-Effekt_unbeschaedigt-600x350px-1-24x14.jpg 24w, https:\/\/www.orfix.com\/wp-content\/uploads\/2020\/10\/Void-Effekt_unbeschaedigt-600x350px-1-36x21.jpg 36w, https:\/\/www.orfix.com\/wp-content\/uploads\/2020\/10\/Void-Effekt_unbeschaedigt-600x350px-1-48x28.jpg 48w\" sizes=\"auto, (max-width: 600px) 100vw, 600px\" \/><\/figure>\n<\/div>\n\t<\/div>\n\n\n\n<div class=\"col-12 col-md-6\">\n\t\t\t\n<div class=\"wp-block-image\">\n<figure class=\"aligncenter size-large\"><img loading=\"lazy\" decoding=\"async\" width=\"600\" height=\"350\" src=\"https:\/\/www.orfix.com\/wp-content\/uploads\/2020\/10\/Void-Effekt_beschaedigt-600x350px-2.jpg\" alt=\"Void-Effekt opened\" class=\"wp-image-3955\" srcset=\"https:\/\/www.orfix.com\/wp-content\/uploads\/2020\/10\/Void-Effekt_beschaedigt-600x350px-2.jpg 600w, https:\/\/www.orfix.com\/wp-content\/uploads\/2020\/10\/Void-Effekt_beschaedigt-600x350px-2-300x175.jpg 300w, https:\/\/www.orfix.com\/wp-content\/uploads\/2020\/10\/Void-Effekt_beschaedigt-600x350px-2-24x14.jpg 24w, https:\/\/www.orfix.com\/wp-content\/uploads\/2020\/10\/Void-Effekt_beschaedigt-600x350px-2-36x21.jpg 36w, https:\/\/www.orfix.com\/wp-content\/uploads\/2020\/10\/Void-Effekt_beschaedigt-600x350px-2-48x28.jpg 48w\" sizes=\"auto, (max-width: 600px) 100vw, 600px\" \/><\/figure>\n<\/div>\n\t<\/div>\n\n<\/div>\n\n<\/div>\n\n\n<div class=\"wp-bootstrap-blocks-container container-fluid mb-5 custom_container custom_container--middle\">\n\t\n<div class=\"wp-bootstrap-blocks-row row\">\n\t\n\n<div class=\"col-12\">\n\t\t\t\n<div class=\"wp-bootstrap-blocks-container container mb-0\">\n\t\n<div class=\"wp-bootstrap-blocks-row row row--applications\">\n\t\n\n<div class=\"col-12 col-md-7 col--big\">\n\t\t\t\n\n<h2 class=\"wp-block-heading\" style=\"font-size:30px\">Applications&nbsp;<\/h2>\n\n\n<div class=\"wp-bootstrap-blocks-row row\">\n\t\n\n<div class=\"col-12 col-md-6\">\n\t\t\t\n\n<ul id=\"block-298880dc-2dbf-4f12-a053-0641ffafb4a0\" class=\"wp-block-list\">\n<li class=\"has-medium-font-size\">Documents&nbsp;<\/li>\n\n\n\n<li class=\"has-medium-font-size\">Coffres-forts<\/li>\n\n\n\n<li class=\"has-medium-font-size\">Sacs \/ valises&nbsp;<\/li>\n\n\n\n<li class=\"has-medium-font-size\">Caisses d&#8217;esp\u00e8ces&nbsp;<\/li>\n<\/ul>\n\n\t<\/div>\n\n\n\n<div class=\"col-12 col-md-6\">\n\t\t\t\n\n<ul id=\"block-323561b4-e339-45a9-b1b7-7fd943b49a25\" class=\"wp-block-list\">\n<li class=\"has-medium-font-size\">Cassettes de DAB (guichet automatique bancaire)<\/li>\n\n\n\n<li class=\"has-medium-font-size\">Cassettes KEGA (combinaison de d\u00e9p\u00f4t et de caisse)<\/li>\n\n\n\n<li class=\"has-medium-font-size\">et beaucoup d&#8217;autres&nbsp;<\/li>\n<\/ul>\n\n\t<\/div>\n\n<\/div>\n\n\t<\/div>\n\n\n\n<div class=\"col-12 col-md-5 col--small\">\n\t\t\t\n\n<h2 class=\"wp-block-heading\" style=\"font-size:30px\">Qualit\u00e9 orfix<\/h2>\n\n\n\n<p class=\"has-medium-font-size\">Les \u00e9tiquettes de s\u00e9curit\u00e9 orfix sont soumises \u00e0 des tests de qualit\u00e9 stricts au cours du processus de production. <\/p>\n\n\n\n<p class=\"has-medium-font-size\">Plus de 10 000 clients font confiance \u00e0 orfix.<\/p>\n\n\t<\/div>\n\n<\/div>\n\n\n\n<p><\/p>\n\n<\/div>\n\n\t<\/div>\n\n<\/div>\n\n<\/div>\n\n\n<div class=\"wp-bootstrap-blocks-container container-fluid mb-5 custom_container custom_container--small\">\n\t\n<div class=\"wp-bootstrap-blocks-row row\">\n\t\n\n<div class=\"col-12 col-md-12\">\n\t\t\t\n\n<h2 class=\"wp-block-heading\" style=\"font-size:30px\">Disponible avec les propri\u00e9t\u00e9s adh\u00e9sives suivantes :<\/h2>\n\n\t<\/div>\n\n\n\n<div class=\"col-12 col-sm-6\">\n\t\t\t\n\n<ul class=\"wp-block-list\">\n<li class=\"has-medium-font-size\">r\u00e9sidus importants<\/li>\n<\/ul>\n\n\t<\/div>\n\n\n\n<div class=\"col-12 col-sm-6\">\n\t\t\t\n\n<ul class=\"wp-block-list\">\n<li class=\"has-medium-font-size\">faible r\u00e9sidu<\/li>\n<\/ul>\n\n\t<\/div>\n\n\n\n<div class=\"col-12\">\n\t\t\t\n\n<p class=\"has-medium-font-size\">La pr\u00e9sentation standard comprend le code barre 39 ou GS1-128 (EAN-128) et la num\u00e9rotation s\u00e9quentielle. Tous les codes-barres \u00e9tablis peuvent \u00eatre g\u00e9n\u00e9r\u00e9s. Les \u00e9tiquettes de s\u00e9curit\u00e9 orfix sont possibles avec des \u00e9critures sp\u00e9ciales, des logos et des codes-barres individuels.<\/p>\n\n\n\n<p class=\"has-medium-font-size\">Feuille d&#8217;\u00e9paisseur r\u00e9duite avec des caract\u00e9ristiques m\u00e9caniques identiques pour am\u00e9liorer l&#8217;\u00e9conomie (moins de poids, d&#8217;emballage et d&#8217;effort de stockage)<\/p>\n\n\t<\/div>\n\n<\/div>\n\n<\/div>\n\n\n<div class=\"wp-bootstrap-blocks-container container-fluid mb-5 custom_container custom_container--middle\">\n\t\n<div class=\"wp-bootstrap-blocks-row row\">\n\t\n\n<div class=\"col-12 col-md-12 table__wrapper\">\n\t\t\t\n\n<h2 class=\"wp-block-heading\" style=\"font-size:30px\">Notre gamme standard de labels de s\u00e9curit\u00e9<\/h2>\n\n\n\n<table class=\"wp-block-advgb-table advgb-table-frontend is-style-stripes\"><thead><tr><th><strong><strong>Item code<\/strong><\/strong><\/th><th><strong><strong><strong>Dimensions (L x H)<\/strong><\/strong><\/strong><\/th><th><strong><strong><strong>Propri\u00e9t\u00e9s adh\u00e9sives<\/strong><\/strong><\/strong><\/th><th><strong>Color<\/strong><\/th><th><strong>Standard code barre<\/strong><\/th><\/tr><\/thead><tbody><tr><td style=\"text-align:left\">10000757<\/td><td style=\"text-align:left\">80 x 30 mm<\/td><td style=\"text-align:left\">r\u00e9sidus importants<\/td><td>bleu<\/td><td>Code 39<\/td><\/tr><tr><td style=\"text-align:left\">10000758<\/td><td style=\"text-align:left\">120 x 25 mm<\/td><td style=\"text-align:left\">r\u00e9sidus importants<\/td><td>bleu<\/td><td>Code 39, GS1-128<\/td><\/tr><tr><td style=\"text-align:left\">10000759<\/td><td style=\"text-align:left\">80 x 30 mm<\/td><td style=\"text-align:left\">faible r\u00e9sidu<\/td><td>rouge<\/td><td>Code 39<\/td><\/tr><tr><td style=\"text-align:left\">10000760<\/td><td style=\"text-align:left\">120 x 25 mm<\/td><td style=\"text-align:left\">faible r\u00e9sidu<\/td><td>rouge<\/td><td>Code 39, GS1-128<\/td><\/tr><\/tbody><\/table>\n\n\t<\/div>\n\n<\/div>\n\n<\/div>\n\n\n<div class=\"wp-bootstrap-blocks-container container-fluid mb-5 custom_container custom_container--small\">\n\t\n<div class=\"wp-bootstrap-blocks-row row\">\n\t\n\n<div class=\"col-12 col-md-12\">\n\t\t\t\n\n<h2 class=\"wp-block-heading\" style=\"font-size:30px\">Personnalisation \u00e0 la demande<\/h2>\n\n\n\n<p><\/p>\n\n\t<\/div>\n\n\n\n<div class=\"col-12\">\n\t\t\t\n\n<ul class=\"wp-block-list\">\n<li class=\"has-medium-font-size\">Diff\u00e9rents types de codes \u00e0 barres et de tailles<\/li>\n\n\n\n<li class=\"has-medium-font-size\">Couleurs et impressions individuelles<\/li>\n<\/ul>\n\n\t<\/div>\n\n<\/div>\n\n<\/div>\n\n\n<div class=\"wp-bootstrap-blocks-container container-fluid mb-5 custom_container custom_container--small\">\n\t\n<div class=\"wp-bootstrap-blocks-row row\">\n\t\n\n<div class=\"col-12 col-md-12\">\n\t\t\t\n\n<h2 class=\"wp-block-heading\" style=\"font-size:30px\">Produits correspondants<\/h2>\n\n\t<\/div>\n\n\n\n<div class=\"col-12\">\n\t\t\t\n\n<ul class=\"wp-block-list list--no-img-point\">\n<li class=\"has-medium-font-size\"><a href=\"https:\/\/www.orfix.com\/fr\/domaines-dexcellence-produits\/emballage-de-securite\/ruban-de-securite\/\" class=\"ek-link\">Ruban d\u2019emballage de s\u00e9curit\u00e9<\/a><\/li>\n<\/ul>\n\n\t<\/div>\n\n<\/div>\n\n<\/div>\n\n\n<div class=\"wp-bootstrap-blocks-container container-fluid mb-5 custom_container custom_container--middle\">\n\t\n<div class=\"wp-bootstrap-blocks-row row custom-row__cta-contact\">\n\t\n\n<div class=\"col-12 col-md-6\">\n\t\t\t\n\n<figure class=\"wp-block-image size-large advgb-dyn-438cc30b\"><img loading=\"lazy\" decoding=\"async\" width=\"471\" height=\"344\" src=\"https:\/\/www.orfix.com\/wp-content\/uploads\/2020\/10\/shutterstock_116283283_471x344px.jpg\" alt=\"\" class=\"wp-image-3327\" srcset=\"https:\/\/www.orfix.com\/wp-content\/uploads\/2020\/10\/shutterstock_116283283_471x344px.jpg 471w, https:\/\/www.orfix.com\/wp-content\/uploads\/2020\/10\/shutterstock_116283283_471x344px-300x219.jpg 300w, https:\/\/www.orfix.com\/wp-content\/uploads\/2020\/10\/shutterstock_116283283_471x344px-24x18.jpg 24w, https:\/\/www.orfix.com\/wp-content\/uploads\/2020\/10\/shutterstock_116283283_471x344px-36x26.jpg 36w, https:\/\/www.orfix.com\/wp-content\/uploads\/2020\/10\/shutterstock_116283283_471x344px-48x35.jpg 48w\" sizes=\"auto, (max-width: 471px) 100vw, 471px\" \/><figcaption class=\"wp-element-caption\"><strong>Contactez nous<\/strong><\/figcaption><\/figure>\n\n\t<\/div>\n\n\n\n<div class=\"col-12 col-md-6\">\n\t\t\t\n<div class=\"employeeblock\">\n    <figure class=\"employeeblock__item employeeblock__item--img\">\n        <img decoding=\"async\" src=\"\" alt=\"\" \/>\n    <\/figure>\n    <div class=\"employeeblock__item employeeblock__item--content\">\n        <h2 class=\"name\">Service client\u00e8le<\/h2>\n        <p class=\"position\"><\/p>\n        <p><a class=\"link link--has-icon link--has-icon--mail\" href=\"mailto:info@orfix.fr\">info@orfix.fr<\/a><\/p>\n        <p><a class=\"link link--has-icon link--has-icon--tel\" href=\"tel:0820229099\">0820 22 90 99<\/a><\/p>\n    <\/div>\n<\/div>\n\n\t<\/div>\n\n<\/div>\n\n<\/div>\n\n\n<div class=\"wp-bootstrap-blocks-container container-fluid mb-5 custom_container custom_container--middle rb-specialist-en\">\n\t\n<div class=\"wp-bootstrap-blocks-row row\">\n\t\n\n<div class=\"col-12 col-md-12\">\n\t\t\t\n\n<h2 class=\"wp-block-heading\" style=\"font-size:30px\">orfix &#8211; Votre sp\u00e9cialiste en scell\u00e9s adh\u00e9sifs<\/h2>\n\n\t<\/div>\n\n\n\n<div class=\"col-12 col-md-6\">\n\t\t\t\n\n<p class=\"has-medium-font-size\">Nous d\u00e9veloppons et produisons nos scell\u00e9s adh\u00e9sifs selon les m\u00e9thodes de production les plus modernes, en tenant compte de vos souhaits individuels, mais aussi de l&#8217;environnement ! Nous vivons activement la durabilit\u00e9, nous agissons en m\u00e9nageant les ressources et en \u00e9tant le plus neutre possible en CO2. C&#8217;est ce que garantit notre gestion environnementale. Vous obtenez chez nous une qualit\u00e9 constante, de premier ordre et certifi\u00e9e, nous vous enthousiasmons avec des innovations et un excellent suivi de la client\u00e8le.<\/p>\n\n\t<\/div>\n\n\n\n<div class=\"col-12 col-md-6\">\n\t\t\t\n\n<ul class=\"wp-block-list\">\n<li class=\"has-medium-font-size\">Les scell\u00e9s adh\u00e9sifs standard orfix sont toujours disponibles en stock et livrables rapidement.<\/li>\n\n\n\n<li class=\"has-medium-font-size\">Pour les scell\u00e9s adh\u00e9sifs personnalis\u00e9s, orfix propose un stockage et un service personnalis\u00e9s. N&#8217;h\u00e9sitez pas \u00e0 nous contacter pour de plus amples informations.<\/li>\n\n\n\n<li class=\"has-medium-font-size\">orfix produit \u00e9galement des petites quantit\u00e9s personnalis\u00e9es.<\/li>\n\n\n\n<li class=\"has-medium-font-size\">orfix propose des conseils comp\u00e9tents et personnalis\u00e9s &#8211; via le formulaire de contact, par t\u00e9l\u00e9phone ou sur place.<\/li>\n<\/ul>\n\n\t<\/div>\n\n<\/div>\n\n<\/div>\n\n\n\n<div style=\"height:20px\" aria-hidden=\"true\" class=\"wp-block-spacer\"><\/div>\n\n\n\n<figure class=\"wp-block-image size-full\"><img loading=\"lazy\" decoding=\"async\" width=\"2048\" height=\"600\" src=\"https:\/\/www.orfix.com\/wp-content\/uploads\/2024\/05\/orfix-Karte-2025-en.jpg\" alt=\"\" class=\"wp-image-32957\" srcset=\"https:\/\/www.orfix.com\/wp-content\/uploads\/2024\/05\/orfix-Karte-2025-en.jpg 2048w, https:\/\/www.orfix.com\/wp-content\/uploads\/2024\/05\/orfix-Karte-2025-en-768x225.jpg 768w, https:\/\/www.orfix.com\/wp-content\/uploads\/2024\/05\/orfix-Karte-2025-en-1536x450.jpg 1536w\" sizes=\"auto, (max-width: 2048px) 100vw, 2048px\" \/><\/figure>\n\n\n\n<p class=\"has-medium-font-size\">Nous serions heureux de vous conseiller individuellement !<br><strong>Votre partenaire comp\u00e9tent avec une gamme compl\u00e8te pour tous ceux qui comptent, emballe, transporte ou stocke de l&#8217;argent liquide.<\/strong><\/p>\n\n\n\n<div style=\"height:20px\" aria-hidden=\"true\" class=\"wp-block-spacer\"><\/div>\n\n\n\n<div class=\"wp-block-buttons cta-banner-content__item is-layout-flex wp-block-buttons-is-layout-flex\">\n<div class=\"wp-block-button is-style-outline is-style-outline--1 advgb-dyn-7c74c908\"><a class=\"wp-block-button__link has-text-color has-medium-font-size has-custom-font-size wp-element-button\" href=\"https:\/\/www.orfix.com\/fr\/contact\/\" style=\"border-radius:1px;color:#ba0c2f\" target=\"_blank\" rel=\"noreferrer noopener\"><strong>Nous contacter<\/strong><\/a><\/div>\n\n\n\n<div class=\"wp-block-button btn__bg--red advgb-dyn-dacbcd5c\"><a class=\"wp-block-button__link has-white-color has-text-color has-background has-medium-font-size has-custom-font-size wp-element-button\" href=\"https:\/\/www.orfix.com\/fr\/domaines-dexcellence-produits\/\" style=\"border-radius:1px;background-color:#ba0c2f\" target=\"_blank\" rel=\"noreferrer noopener\"><strong>Produits<\/strong><\/a><\/div>\n\n\n\n<div class=\"wp-block-button btn__bg--red advgb-dyn-353d03d7\"><a class=\"wp-block-button__link has-white-color has-text-color has-background has-medium-font-size has-custom-font-size wp-element-button\" href=\"https:\/\/orfix.fr\/\" style=\"border-radius:1px;background-color:#ba0c2f\" target=\"_blank\" rel=\"noreferrer noopener\"><strong>Magasin en ligne<\/strong><\/a><\/div>\n<\/div>\n\n\n\n<div style=\"height:20px\" aria-hidden=\"true\" class=\"wp-block-spacer\"><\/div>\n","protected":false},"excerpt":{"rendered":"<p>\u00c9tiquettes de s\u00e9curit\u00e9 Les \u00e9tiquettes de s\u00e9curit\u00e9 orfix sont des \u00e9tiquettes de s\u00e9curit\u00e9 autocollantes avec indicateur d&#8217;inviolabilit\u00e9, code \u00e0 barres et num\u00e9rotation s\u00e9quentielle. Marquage et scell\u00e9 inviolables. &nbsp;<\/p>\n<p><a class=\"btn btn-secondary understrap-read-more-link\" href=\"https:\/\/www.orfix.com\/fr\/domaines-dexcellence-produits\/emballage-billets-de-banque\/etiquettes-de-securite\/\">Lire la suite&#8230;<\/a><\/p>\n","protected":false},"author":36,"featured_media":0,"parent":1301,"menu_order":16,"comment_status":"closed","ping_status":"closed","template":"","meta":{"_acf_changed":false,"om_disable_all_campaigns":false,"inline_featured_image":false,"advgb_blocks_editor_width":"","advgb_blocks_columns_visual_guide":"","_monsterinsights_skip_tracking":false,"_monsterinsights_sitenote_active":false,"_monsterinsights_sitenote_note":"","_monsterinsights_sitenote_category":0,"_uf_show_specific_survey":0,"_uf_disable_surveys":false,"footnotes":""},"class_list":["post-7225","page","type-page","status-publish","hentry"],"acf":[],"aioseo_notices":[],"coauthors":[],"author_meta":{"author_link":"https:\/\/www.orfix.com\/fr\/author\/mgendelmeyer\/","display_name":"Malte Gendelmeyer"},"relative_dates":{"created":"Publi\u00e9 5 ans il y a","modified":"Mis \u00e0 jour 5 mois il y a"},"absolute_dates":{"created":"Publi\u00e9 le 9. novembre 2020","modified":"Mise \u00e0 jour le 3. d\u00e9cembre 2025"},"absolute_dates_time":{"created":"Publi\u00e9 le 9. novembre 2020 14:32","modified":"Mise \u00e0 jour le 3. d\u00e9cembre 2025 20:54"},"featured_img_caption":"","featured_img":false,"series_order":"","_links":{"self":[{"href":"https:\/\/www.orfix.com\/fr\/wp-json\/wp\/v2\/pages\/7225","targetHints":{"allow":["GET"]}}],"collection":[{"href":"https:\/\/www.orfix.com\/fr\/wp-json\/wp\/v2\/pages"}],"about":[{"href":"https:\/\/www.orfix.com\/fr\/wp-json\/wp\/v2\/types\/page"}],"author":[{"embeddable":true,"href":"https:\/\/www.orfix.com\/fr\/wp-json\/wp\/v2\/users\/36"}],"replies":[{"embeddable":true,"href":"https:\/\/www.orfix.com\/fr\/wp-json\/wp\/v2\/comments?post=7225"}],"version-history":[{"count":16,"href":"https:\/\/www.orfix.com\/fr\/wp-json\/wp\/v2\/pages\/7225\/revisions"}],"predecessor-version":[{"id":32481,"href":"https:\/\/www.orfix.com\/fr\/wp-json\/wp\/v2\/pages\/7225\/revisions\/32481"}],"up":[{"embeddable":true,"href":"https:\/\/www.orfix.com\/fr\/wp-json\/wp\/v2\/pages\/1301"}],"wp:attachment":[{"href":"https:\/\/www.orfix.com\/fr\/wp-json\/wp\/v2\/media?parent=7225"}],"curies":[{"name":"wp","href":"https:\/\/api.w.org\/{rel}","templated":true}]}}