{"id":7138,"date":"2020-11-09T14:10:53","date_gmt":"2020-11-09T13:10:53","guid":{"rendered":"http:\/\/orfix.netzkunst24.de\/?page_id=7138"},"modified":"2025-12-03T20:53:16","modified_gmt":"2025-12-03T19:53:16","slug":"sac-sous-vide","status":"publish","type":"page","link":"https:\/\/www.orfix.com\/fr\/domaines-dexcellence-produits\/emballage-billets-de-banque\/sac-sous-vide\/","title":{"rendered":"Sac sous vide"},"content":{"rendered":"<div class=\"wp-bootstrap-blocks-container container-fluid mb-5 custom_container custom_container--big custom_container--banner\">\n\t\n<div class=\"wp-bootstrap-blocks-row row custom_row custom_row--center\">\n\t\n\n<div class=\"col-12 col-md-12 custom_slider custom_slider__banner custom-banner-img\">\n\t\t\t\n\n<figure class=\"wp-block-image size-full desktop-banner\"><img loading=\"lazy\" decoding=\"async\" width=\"2560\" height=\"692\" src=\"https:\/\/www.orfix.com\/wp-content\/uploads\/2024\/05\/orfix_Header_Banner_CashPackaging_Vacuum-Bags_FR_1024x277-scaled.jpg\" alt=\"Sacs sous vide orfix pour billets de banque et pi\u00e8ces roul\u00e9es\" class=\"wp-image-24626\" srcset=\"https:\/\/www.orfix.com\/wp-content\/uploads\/2024\/05\/orfix_Header_Banner_CashPackaging_Vacuum-Bags_FR_1024x277-scaled.jpg 2560w, https:\/\/www.orfix.com\/wp-content\/uploads\/2024\/05\/orfix_Header_Banner_CashPackaging_Vacuum-Bags_FR_1024x277-768x208.jpg 768w, https:\/\/www.orfix.com\/wp-content\/uploads\/2024\/05\/orfix_Header_Banner_CashPackaging_Vacuum-Bags_FR_1024x277-1536x415.jpg 1536w, https:\/\/www.orfix.com\/wp-content\/uploads\/2024\/05\/orfix_Header_Banner_CashPackaging_Vacuum-Bags_FR_1024x277-2048x554.jpg 2048w\" sizes=\"auto, (max-width: 2560px) 100vw, 2560px\" \/><\/figure>\n\n\n\n\n\t<\/div>\n\n<\/div>\n\n\n<div class=\"wp-bootstrap-blocks-row row custom_row custom_row--center\">\n\t\n\n<div class=\"col-12 col-md-12 custom_slider custom_slider__banner custom-banner-img\">\n\t\t\t\n\n<figure class=\"wp-block-image size-full mobile-banner\"><img loading=\"lazy\" decoding=\"async\" width=\"2560\" height=\"2021\" src=\"https:\/\/www.orfix.com\/wp-content\/uploads\/2024\/05\/orfix_Mobile_Banner-CashPackaging_VacuumBags_FRR_760x650-scaled.jpg\" alt=\"\" class=\"wp-image-24632\" srcset=\"https:\/\/www.orfix.com\/wp-content\/uploads\/2024\/05\/orfix_Mobile_Banner-CashPackaging_VacuumBags_FRR_760x650-scaled.jpg 2560w, https:\/\/www.orfix.com\/wp-content\/uploads\/2024\/05\/orfix_Mobile_Banner-CashPackaging_VacuumBags_FRR_760x650-768x606.jpg 768w, https:\/\/www.orfix.com\/wp-content\/uploads\/2024\/05\/orfix_Mobile_Banner-CashPackaging_VacuumBags_FRR_760x650-1536x1213.jpg 1536w, https:\/\/www.orfix.com\/wp-content\/uploads\/2024\/05\/orfix_Mobile_Banner-CashPackaging_VacuumBags_FRR_760x650-2048x1617.jpg 2048w\" sizes=\"auto, (max-width: 2560px) 100vw, 2560px\" \/><\/figure>\n\n\n\n\n\t<\/div>\n\n<\/div>\n\n<\/div>\n\n\n\n<div class=\"wp-block-columns is-layout-flex wp-container-core-columns-is-layout-9d6595d7 wp-block-columns-is-layout-flex\">\n<div class=\"wp-block-column is-layout-flow wp-block-column-is-layout-flow\">\n<h1 class=\"wp-block-heading has-text-color\" style=\"color:#002855;font-size:30px\">Sac sous vide &#8211; robuste et facilement emball\u00e9<\/h1>\n<\/div>\n<\/div>\n\n\n\n<p><\/p>\n\n\n\n<p class=\"has-medium-font-size\">Les sacs sous vide orfix sont soumis \u00e0 des tests de qualit\u00e9 stricts pendant la production. Les sacs sous vide orfix sont fabriqu\u00e9s \u00e0 partir d&#8217;un film transparent \u00e0 plusieurs couches. Le mat\u00e9riau se caract\u00e9rise par sa grande viscosit\u00e9, sa r\u00e9sistance \u00e0 la rupture et \u00e0 la perforation. La durabilit\u00e9 est prise en compte en optimisant l&#8217;\u00e9paisseur du film.<\/p>\n\n\n\n<p class=\"has-medium-font-size\">Les sacs sous vide orfix conviennent \u00e0 toutes sortes de machines semi-automatiques pour l&#8217;emballage sous vide et sont conformes \u00e0 la norme de la &#8220;Deutsche Bundesbank&#8221; (Banque nationale allemande).<\/p>\n\n\n\n<div style=\"height:50px\" aria-hidden=\"true\" class=\"wp-block-spacer\"><\/div>\n\n\n<div class=\"wp-bootstrap-blocks-container container-fluid mb-5 custom_container custom_container--middle\">\n\t\n<div class=\"wp-bootstrap-blocks-row row\">\n\t\n\n<div class=\"col-12\">\n\t\t\t\n\n<h2 class=\"wp-block-heading\" style=\"font-size:30px\">Notre gamme standard de sacs sous vide<\/h2>\n\n\t<\/div>\n\n\n\n<div class=\"col-12 table__wrapper\">\n\t\t\t\n\n<table class=\"wp-block-advgb-table advgb-table-frontend is-style-stripes\"><thead><tr><th><strong>Item no.<\/strong> <strong>(neutre)<\/strong><\/th><th style=\"text-align:center\" colspan=\"2\"><strong><strong>Dimensions<\/strong><\/strong><\/th><th><strong><strong>Application<\/strong><\/strong><\/th><\/tr><\/thead><tbody><tr><td style=\"text-align:center\"><\/td><td><strong>Largeur [mm]<\/strong><\/td><td><strong>Longueur[mm]<\/strong><\/td><td style=\"text-align:center\"><\/td><\/tr><tr><td>10000142<\/td><td>110<\/td><td>250<\/td><td> pi\u00e8ces de 0,01 \u20ac&nbsp;<\/td><td style=\"vertical-align:middle;text-align:center\" rowspan=\"8\"><\/td><\/tr><tr><td>10000143<\/td><td>130<\/td><td>240<\/td><td> pi\u00e8ces de 0,02 \u20ac, 0,10 \u20ac&nbsp;&nbsp;<\/td><\/tr><tr><td>10000144<\/td><td>150<\/td><td>260<\/td><td> pi\u00e8ces de 0,05 \u20ac, 0,20 \u20ac&nbsp;<\/td><\/tr><tr><td>10000145<\/td><td>170<\/td><td>280<\/td><td> pi\u00e8ces de 0,50 \u20ac&nbsp;&nbsp;<\/td><\/tr><tr><td>10000146<\/td><td>170<\/td><td>220<\/td><td> pi\u00e8ces de 1 \u20ac, 2 \u20ac&nbsp;<\/td><\/tr><tr><td>10000147<\/td><td>190<\/td><td>260<\/td><td> billets de 5 \u20ac, 10 \u20ac&nbsp;<\/td><\/tr><tr><td>10000148<\/td><td>200<\/td><td>300<\/td><td> billets de 20 \u20ac, 50 \u20ac<\/td><\/tr><tr><td>10000149<\/td><td>215<\/td><td>320<\/td><td> billets de 100 \u20ac, 200 \u20ac, 500 \u20ac&nbsp;<\/td><\/tr><\/tbody><\/table>\n\n\n\n<p><strong>1 000 sacs par bo\u00eete<\/strong><\/p>\n\n\t<\/div>\n\n<\/div>\n\n<\/div>\n\n\n<div class=\"wp-bootstrap-blocks-container container-fluid mb-5 custom_container custom_container--middle\">\n\t\n<div class=\"wp-bootstrap-blocks-row row\">\n\t\n\n<div class=\"col-12 col-md-12\">\n\t\t\t\n\n<h2 class=\"wp-block-heading\" style=\"font-size:30px\">Caract\u00e9ristiques<\/h2>\n\n\t<\/div>\n\n\n\n<div class=\"col-12 col-md-6\">\n\t\t\t\n\n<ul class=\"wp-block-list\">\n<li class=\"has-medium-font-size\">disponible en diff\u00e9rentes tailles pour les pi\u00e8ces et les billets&nbsp;<\/li>\n\n\n\n<li class=\"has-medium-font-size\">produit standard toujours en stock<\/li>\n<\/ul>\n\n\t<\/div>\n\n\n\n<div class=\"col-12 col-md-6\">\n\t\t\t\n\n<ul class=\"wp-block-list\">\n<li class=\"has-medium-font-size\">sacs tubulaires par d\u00e9faut<\/li>\n\n\n\n<li class=\"has-medium-font-size\">autres formats ou impression individuelle sur demande<\/li>\n<\/ul>\n\n\t<\/div>\n\n<\/div>\n\n<\/div>\n\n\n<div class=\"wp-bootstrap-blocks-container container-fluid mb-5 custom_container custom_container--middle\">\n\t\n<div class=\"wp-bootstrap-blocks-row row custom-row__cta-contact\">\n\t\n\n<div class=\"col-12 col-md-6\">\n\t\t\t\n\n<figure class=\"wp-block-image size-large advgb-dyn-438cc30b\"><img loading=\"lazy\" decoding=\"async\" width=\"471\" height=\"344\" src=\"https:\/\/www.orfix.com\/wp-content\/uploads\/2020\/10\/shutterstock_116283283_471x344px.jpg\" alt=\"\" class=\"wp-image-3327\" srcset=\"https:\/\/www.orfix.com\/wp-content\/uploads\/2020\/10\/shutterstock_116283283_471x344px.jpg 471w, https:\/\/www.orfix.com\/wp-content\/uploads\/2020\/10\/shutterstock_116283283_471x344px-300x219.jpg 300w, https:\/\/www.orfix.com\/wp-content\/uploads\/2020\/10\/shutterstock_116283283_471x344px-24x18.jpg 24w, https:\/\/www.orfix.com\/wp-content\/uploads\/2020\/10\/shutterstock_116283283_471x344px-36x26.jpg 36w, https:\/\/www.orfix.com\/wp-content\/uploads\/2020\/10\/shutterstock_116283283_471x344px-48x35.jpg 48w\" sizes=\"auto, (max-width: 471px) 100vw, 471px\" \/><figcaption class=\"wp-element-caption\"><strong>Contactez nous<\/strong><\/figcaption><\/figure>\n\n\t<\/div>\n\n\n\n<div class=\"col-12 col-md-6\">\n\t\t\t\n<div class=\"employeeblock\">\n    <figure class=\"employeeblock__item employeeblock__item--img\">\n        <img decoding=\"async\" src=\"\" alt=\"\" \/>\n    <\/figure>\n    <div class=\"employeeblock__item employeeblock__item--content\">\n        <h2 class=\"name\">Service client\u00e8le<\/h2>\n        <p class=\"position\"><\/p>\n        <p><a class=\"link link--has-icon link--has-icon--mail\" href=\"mailto:info@orfix.fr\">info@orfix.fr<\/a><\/p>\n        <p><a class=\"link link--has-icon link--has-icon--tel\" href=\"tel:0820229099\">0820 22 90 99<\/a><\/p>\n    <\/div>\n<\/div>\n\n\t<\/div>\n\n<\/div>\n\n<\/div>\n\n\n<div class=\"wp-bootstrap-blocks-container container-fluid mb-5 custom_container custom_container--middle rb-specialist-en\">\n\t\n<div class=\"wp-bootstrap-blocks-row row\">\n\t\n\n<div class=\"col-12 col-md-12\">\n\t\t\t\n\n<h2 class=\"wp-block-heading advgb-dyn-349850c5\" style=\"font-size:30px\">orfix \u2013 sp\u00e9cialistes du traitement du poly\u00e9thyl\u00e8ne et du papier<\/h2>\n\n\t<\/div>\n\n\n\n<div class=\"col-12 col-md-6\">\n\t\t\t\n\n<p class=\"has-medium-font-size\">Dans les phases de d\u00e9veloppement et de production, nous utilisons toujours des techniques de pointe, en tenant compte des besoins individuels de nos clients et en accordant une attention particuli\u00e8re \u00e0 l\u2019environnement. Nous sommes pr\u00e9occup\u00e9s par l\u2019impact \u00e0 long terme de nos activit\u00e9s, nous prenons des mesures pour \u00e9conomiser les ressources et nous visons la neutralit\u00e9 carbone l\u00e0 o\u00f9 nous le pouvons. C\u2019est, en somme, notre politique environnementale. Nous veillons \u00e0 garantir une qualit\u00e9 constante, toujours conforme aux normes les plus \u00e9lev\u00e9es du march\u00e9 et certifi\u00e9e. Nous esp\u00e9rons vous inspirer par nos innovations et notre excellent service \u00e0 la client\u00e8le.<\/p>\n\n\t<\/div>\n\n\n\n<div class=\"col-12 col-md-6\">\n\t\t\t\n\n<ul class=\"wp-block-list\">\n<li class=\"has-medium-font-size\">La gamme standard orfix est toujours disponible en stock.<\/li>\n\n\n\n<li class=\"has-medium-font-size\">orfix propose des services personnalis\u00e9s de stockage et de logistique.<\/li>\n\n\n\n<li class=\"has-medium-font-size\">orfix offre une grande flexibilit\u00e9 dans la personnalisation des produits, m\u00eame pour de petites quantit\u00e9s.<\/li>\n\n\n\n<li class=\"has-medium-font-size\">l\u2019\u00e9quipe orfix est toujours disponible pour vous donner des conseils d\u2019experts adapt\u00e9s \u00e0 vos besoins.<\/li>\n<\/ul>\n\n\t<\/div>\n\n<\/div>\n\n<\/div>\n\n\n\n<div style=\"height:20px\" aria-hidden=\"true\" class=\"wp-block-spacer\"><\/div>\n\n\n\n<figure class=\"wp-block-image size-full\"><img loading=\"lazy\" decoding=\"async\" width=\"2048\" height=\"600\" src=\"https:\/\/www.orfix.com\/wp-content\/uploads\/2024\/05\/orfix-Karte-2025-en.jpg\" alt=\"\" class=\"wp-image-32957\" srcset=\"https:\/\/www.orfix.com\/wp-content\/uploads\/2024\/05\/orfix-Karte-2025-en.jpg 2048w, https:\/\/www.orfix.com\/wp-content\/uploads\/2024\/05\/orfix-Karte-2025-en-768x225.jpg 768w, https:\/\/www.orfix.com\/wp-content\/uploads\/2024\/05\/orfix-Karte-2025-en-1536x450.jpg 1536w\" sizes=\"auto, (max-width: 2048px) 100vw, 2048px\" \/><\/figure>\n\n\n\n<p class=\"has-medium-font-size\">Nous serions heureux de vous conseiller individuellement !<br><strong>Votre partenaire comp\u00e9tent avec une gamme compl\u00e8te pour tous ceux qui comptent, emballe, transporte ou stocke de l&#8217;argent liquide.<\/strong><\/p>\n\n\n\n<div style=\"height:20px\" aria-hidden=\"true\" class=\"wp-block-spacer\"><\/div>\n\n\n\n<div class=\"wp-block-buttons cta-banner-content__item is-layout-flex wp-block-buttons-is-layout-flex\">\n<div class=\"wp-block-button is-style-outline is-style-outline--1 advgb-dyn-7c74c908\"><a class=\"wp-block-button__link has-text-color has-medium-font-size has-custom-font-size wp-element-button\" href=\"https:\/\/www.orfix.com\/fr\/contact\/\" style=\"border-radius:1px;color:#ba0c2f\" target=\"_blank\" rel=\"noreferrer noopener\"><strong>Nous contacter<\/strong><\/a><\/div>\n\n\n\n<div class=\"wp-block-button btn__bg--red advgb-dyn-dacbcd5c\"><a class=\"wp-block-button__link has-white-color has-text-color has-background has-medium-font-size has-custom-font-size wp-element-button\" href=\"https:\/\/www.orfix.com\/fr\/domaines-dexcellence-produits\/\" style=\"border-radius:1px;background-color:#ba0c2f\" target=\"_blank\" rel=\"noreferrer noopener\"><strong>Produits<\/strong><\/a><\/div>\n\n\n\n<div class=\"wp-block-button btn__bg--red advgb-dyn-353d03d7\"><a class=\"wp-block-button__link has-white-color has-text-color has-background has-medium-font-size has-custom-font-size wp-element-button\" href=\"https:\/\/orfix.fr\/\" style=\"border-radius:1px;background-color:#ba0c2f\" target=\"_blank\" rel=\"noreferrer noopener\"><strong>Magasin en ligne<\/strong><\/a><\/div>\n<\/div>\n\n\n\n<div style=\"height:20px\" aria-hidden=\"true\" class=\"wp-block-spacer\"><\/div>\n","protected":false},"excerpt":{"rendered":"<p>Sac sous vide &#8211; robuste et facilement emball\u00e9 Les sacs sous vide orfix sont soumis \u00e0 des tests de qualit\u00e9 stricts pendant la production. Les sacs sous vide orfix sont fabriqu\u00e9s \u00e0 partir d&#8217;un film transparent \u00e0 plusieurs couches. Le mat\u00e9riau se caract\u00e9rise par sa grande viscosit\u00e9, sa r\u00e9sistance \u00e0 la rupture et \u00e0 la<\/p>\n<p><a class=\"btn btn-secondary understrap-read-more-link\" href=\"https:\/\/www.orfix.com\/fr\/domaines-dexcellence-produits\/emballage-billets-de-banque\/sac-sous-vide\/\">Lire la suite&#8230;<\/a><\/p>\n","protected":false},"author":36,"featured_media":0,"parent":1301,"menu_order":9,"comment_status":"closed","ping_status":"closed","template":"","meta":{"_acf_changed":false,"om_disable_all_campaigns":false,"inline_featured_image":false,"advgb_blocks_editor_width":"","advgb_blocks_columns_visual_guide":"","_monsterinsights_skip_tracking":false,"_monsterinsights_sitenote_active":false,"_monsterinsights_sitenote_note":"","_monsterinsights_sitenote_category":0,"_uf_show_specific_survey":0,"_uf_disable_surveys":false,"footnotes":""},"class_list":["post-7138","page","type-page","status-publish","hentry"],"acf":[],"aioseo_notices":[],"coauthors":[],"author_meta":{"author_link":"https:\/\/www.orfix.com\/fr\/author\/mgendelmeyer\/","display_name":"Malte Gendelmeyer"},"relative_dates":{"created":"Publi\u00e9 5 ans il y a","modified":"Mis \u00e0 jour 4 mois il y a"},"absolute_dates":{"created":"Publi\u00e9 le 9. novembre 2020","modified":"Mise \u00e0 jour le 3. d\u00e9cembre 2025"},"absolute_dates_time":{"created":"Publi\u00e9 le 9. novembre 2020 14:10","modified":"Mise \u00e0 jour le 3. d\u00e9cembre 2025 20:53"},"featured_img_caption":"","featured_img":false,"series_order":"","_links":{"self":[{"href":"https:\/\/www.orfix.com\/fr\/wp-json\/wp\/v2\/pages\/7138","targetHints":{"allow":["GET"]}}],"collection":[{"href":"https:\/\/www.orfix.com\/fr\/wp-json\/wp\/v2\/pages"}],"about":[{"href":"https:\/\/www.orfix.com\/fr\/wp-json\/wp\/v2\/types\/page"}],"author":[{"embeddable":true,"href":"https:\/\/www.orfix.com\/fr\/wp-json\/wp\/v2\/users\/36"}],"replies":[{"embeddable":true,"href":"https:\/\/www.orfix.com\/fr\/wp-json\/wp\/v2\/comments?post=7138"}],"version-history":[{"count":13,"href":"https:\/\/www.orfix.com\/fr\/wp-json\/wp\/v2\/pages\/7138\/revisions"}],"predecessor-version":[{"id":32479,"href":"https:\/\/www.orfix.com\/fr\/wp-json\/wp\/v2\/pages\/7138\/revisions\/32479"}],"up":[{"embeddable":true,"href":"https:\/\/www.orfix.com\/fr\/wp-json\/wp\/v2\/pages\/1301"}],"wp:attachment":[{"href":"https:\/\/www.orfix.com\/fr\/wp-json\/wp\/v2\/media?parent=7138"}],"curies":[{"name":"wp","href":"https:\/\/api.w.org\/{rel}","templated":true}]}}