{"id":29241,"date":"2024-07-23T10:45:36","date_gmt":"2024-07-23T08:45:36","guid":{"rendered":"https:\/\/www.orfix.com\/?page_id=29241"},"modified":"2025-12-03T19:46:17","modified_gmt":"2025-12-03T18:46:17","slug":"ruban-de-securite","status":"publish","type":"page","link":"https:\/\/www.orfix.com\/fr\/domaines-dexcellence-produits\/emballage-de-securite\/ruban-de-securite\/","title":{"rendered":"Ruban de s\u00e9curit\u00e9"},"content":{"rendered":"<div class=\"wp-bootstrap-blocks-container container-fluid mb-5 custom_container custom_container--big custom_container--banner\">\n\t\n<div class=\"wp-bootstrap-blocks-row row custom_row custom_row--center\">\n\t\n\n<div class=\"col-12 col-md-12 custom_slider custom_slider__banner custom-banner-img\">\n\t\t\t\n\n<figure class=\"wp-block-image size-full desktop-banner\"><img loading=\"lazy\" decoding=\"async\" width=\"2560\" height=\"692\" src=\"https:\/\/www.orfix.com\/wp-content\/uploads\/2024\/07\/orfix_Header_Banner_Security_Packaging_Strapband_FR_1024x277-scaled.jpg\" alt=\"Ruban de s\u00e9curit\u00e9 orfix avec message de s\u00e9curit\u00e9 VOID pour emballage inviolable\" class=\"wp-image-29247\" srcset=\"https:\/\/www.orfix.com\/wp-content\/uploads\/2024\/07\/orfix_Header_Banner_Security_Packaging_Strapband_FR_1024x277-scaled.jpg 2560w, https:\/\/www.orfix.com\/wp-content\/uploads\/2024\/07\/orfix_Header_Banner_Security_Packaging_Strapband_FR_1024x277-768x208.jpg 768w, https:\/\/www.orfix.com\/wp-content\/uploads\/2024\/07\/orfix_Header_Banner_Security_Packaging_Strapband_FR_1024x277-1536x415.jpg 1536w, https:\/\/www.orfix.com\/wp-content\/uploads\/2024\/07\/orfix_Header_Banner_Security_Packaging_Strapband_FR_1024x277-2048x554.jpg 2048w\" sizes=\"auto, (max-width: 2560px) 100vw, 2560px\" \/><\/figure>\n\n\n\n\n\t<\/div>\n\n<\/div>\n\n\n<div class=\"wp-bootstrap-blocks-row row custom_row custom_row--center\">\n\t\n\n<div class=\"col-12 col-md-12 custom_slider custom_slider__banner custom-banner-img\">\n\t\t\t\n\n<figure class=\"wp-block-image size-full mobile-banner\"><img loading=\"lazy\" decoding=\"async\" width=\"2560\" height=\"2021\" src=\"https:\/\/www.orfix.com\/wp-content\/uploads\/2024\/07\/orfix_Mobile_Banner_Security_Packaging_Strapband_FR_760x650-scaled.jpg\" alt=\"Ruban de s\u00e9curit\u00e9 antieffraction pour sceller les colis\" class=\"wp-image-29253\" srcset=\"https:\/\/www.orfix.com\/wp-content\/uploads\/2024\/07\/orfix_Mobile_Banner_Security_Packaging_Strapband_FR_760x650-scaled.jpg 2560w, https:\/\/www.orfix.com\/wp-content\/uploads\/2024\/07\/orfix_Mobile_Banner_Security_Packaging_Strapband_FR_760x650-768x606.jpg 768w, https:\/\/www.orfix.com\/wp-content\/uploads\/2024\/07\/orfix_Mobile_Banner_Security_Packaging_Strapband_FR_760x650-1536x1213.jpg 1536w, https:\/\/www.orfix.com\/wp-content\/uploads\/2024\/07\/orfix_Mobile_Banner_Security_Packaging_Strapband_FR_760x650-2048x1617.jpg 2048w\" sizes=\"auto, (max-width: 2560px) 100vw, 2560px\" \/><\/figure>\n\n\n\n\n\t<\/div>\n\n<\/div>\n\n<\/div>\n\n\n\n<h1 class=\"wp-block-heading has-text-color\" style=\"color:#002855;font-size:30px\">Ruban adh\u00e9sif de s\u00e9curit\u00e9 orfix avec effet VOID pour une protection anti-manipulation<\/h1>\n\n\n\n<p class=\"has-medium-font-size\">Lorsque <strong>la pr\u00e9vention des acc\u00e8s non autoris\u00e9s<\/strong> est vitale, les <strong>outils anti-sabotage<\/strong> constituent une solution simple, efficace et rentable. Nos produits sont d\u00e9velopp\u00e9s en fonction des <strong>besoins r\u00e9els des clients<\/strong>, de sorte qu&#8217;ils peuvent r\u00e9pondre efficacement \u00e0 toute demande en s&#8217;adaptant \u00e0 une grande vari\u00e9t\u00e9 d&#8217;applications.<\/p>\n\n\n\n<p class=\"has-medium-font-size\">Nos <strong>rubans de s\u00e9curit\u00e9<\/strong> sont fabriqu\u00e9s \u00e0 partir d&#8217;un <strong>mat\u00e9riau adh\u00e9sif de haute qualit\u00e9<\/strong>, qui laisse appara\u00eetre un <strong>message vide<\/strong> lorsqu&#8217;il est retir\u00e9.<\/p>\n\n\n\n<p class=\"has-medium-font-size\"><strong>Ruban de s\u00e9curit\u00e9 \u00ab haut r\u00e9sidu \u00bb<\/strong>. Ces rubans peuvent \u00eatre utilis\u00e9s comme des rubans d&#8217;emballage ordinaires, mais ils pr\u00e9sentent une caract\u00e9ristique suppl\u00e9mentaire : lorsqu&#8217;ils sont d\u00e9coll\u00e9s, ils laissent un <strong>message d&#8217;effraction clair<\/strong> sur la surface o\u00f9 ils ont \u00e9t\u00e9 appliqu\u00e9s. Toute tentative d&#8217;effraction sera mise en \u00e9vidence par le message <strong>\u00ab VOID\/OPEN \u00bb<\/strong> qui appara\u00eetra \u00e0 la fois sur le ruban et sur la surface o\u00f9 il a \u00e9t\u00e9 appliqu\u00e9. L&#8217;adh\u00e9sif est id\u00e9al pour le <strong>carton<\/strong>, le <strong>plastique <\/strong>et le <strong>m\u00e9tal<\/strong>. Il peut \u00eatre utilis\u00e9 avec des <strong>distributeurs de ruban adh\u00e9sif.<\/strong><\/p>\n\n\n\n<div style=\"height:50px\" aria-hidden=\"true\" class=\"wp-block-spacer\"><\/div>\n\n\n<div class=\"wp-bootstrap-blocks-container container-fluid mb-5 custom_container custom_container--middle\">\n\t\n<div class=\"wp-bootstrap-blocks-row row\">\n\t\n\n<div class=\"col-12 col-md-12 table__wrapper\">\n\t\t\t\n\n<table class=\"wp-block-advgb-table advgb-table-frontend is-style-stripes\"><thead><tr><th><strong>Mod\u00e8le<\/strong><\/th><th><strong>Message<\/strong><\/th><th><strong>Couleur<\/strong><\/th><th><strong>Num\u00e9rotation<\/strong><\/th><th><strong>Mesures<\/strong><\/th><\/tr><\/thead><tbody><tr><td>Haute r\u00e9solution<\/td><td>VOID\/OPEN<\/td><td>Sur demande<\/td><td>Sur demande<\/td><td>Sur demande<\/td><\/tr><\/tbody><\/table>\n\n\t<\/div>\n\n<\/div>\n\n<\/div>\n\n\n<div class=\"wp-bootstrap-blocks-container container-fluid mb-5 custom_container custom_container--middle\">\n\t\n<div class=\"wp-bootstrap-blocks-row row custom-row__cta-contact\">\n\t\n\n<div class=\"col-12 col-md-6\">\n\t\t\t\n\n<figure class=\"wp-block-image size-large advgb-dyn-438cc30b\"><img loading=\"lazy\" decoding=\"async\" width=\"471\" height=\"344\" src=\"https:\/\/www.orfix.com\/wp-content\/uploads\/2020\/10\/shutterstock_116283283_471x344px.jpg\" alt=\"\" class=\"wp-image-3327\" srcset=\"https:\/\/www.orfix.com\/wp-content\/uploads\/2020\/10\/shutterstock_116283283_471x344px.jpg 471w, https:\/\/www.orfix.com\/wp-content\/uploads\/2020\/10\/shutterstock_116283283_471x344px-300x219.jpg 300w, https:\/\/www.orfix.com\/wp-content\/uploads\/2020\/10\/shutterstock_116283283_471x344px-24x18.jpg 24w, https:\/\/www.orfix.com\/wp-content\/uploads\/2020\/10\/shutterstock_116283283_471x344px-36x26.jpg 36w, https:\/\/www.orfix.com\/wp-content\/uploads\/2020\/10\/shutterstock_116283283_471x344px-48x35.jpg 48w\" sizes=\"auto, (max-width: 471px) 100vw, 471px\" \/><figcaption class=\"wp-element-caption\"><strong>Contactez nous<\/strong><\/figcaption><\/figure>\n\n\t<\/div>\n\n\n\n<div class=\"col-12 col-md-6\">\n\t\t\t\n<div class=\"employeeblock\">\n    <figure class=\"employeeblock__item employeeblock__item--img\">\n        <img decoding=\"async\" src=\"\" alt=\"\" \/>\n    <\/figure>\n    <div class=\"employeeblock__item employeeblock__item--content\">\n        <h2 class=\"name\">Service client\u00e8le<\/h2>\n        <p class=\"position\"><\/p>\n        <p><a class=\"link link--has-icon link--has-icon--mail\" href=\"mailto:info@orfix.fr\">info@orfix.fr<\/a><\/p>\n        <p><a class=\"link link--has-icon link--has-icon--tel\" href=\"tel:0820229099\">0820 22 90 99<\/a><\/p>\n    <\/div>\n<\/div>\n\n\t<\/div>\n\n<\/div>\n\n<\/div>\n\n\n<div class=\"wp-bootstrap-blocks-container container-fluid mb-5 custom_container custom_container--middle rb-specialist-en\">\n\t\n<div class=\"wp-bootstrap-blocks-row row\">\n\t\n\n<div class=\"col-12 col-md-12\">\n\t\t\t\n\n<h2 class=\"wp-block-heading advgb-dyn-349850c5\" style=\"font-size:30px\">orfix \u2013 sp\u00e9cialistes du traitement du poly\u00e9thyl\u00e8ne et du papier<\/h2>\n\n\t<\/div>\n\n\n\n<div class=\"col-12 col-md-6\">\n\t\t\t\n\n<p class=\"has-medium-font-size\">Dans les phases de d\u00e9veloppement et de production, nous utilisons toujours des techniques de pointe, en tenant compte des besoins individuels de nos clients et en accordant une attention particuli\u00e8re \u00e0 l\u2019environnement. Nous sommes pr\u00e9occup\u00e9s par l\u2019impact \u00e0 long terme de nos activit\u00e9s, nous prenons des mesures pour \u00e9conomiser les ressources et nous visons la neutralit\u00e9 carbone l\u00e0 o\u00f9 nous le pouvons. C\u2019est, en somme, notre politique environnementale. Nous veillons \u00e0 garantir une qualit\u00e9 constante, toujours conforme aux normes les plus \u00e9lev\u00e9es du march\u00e9 et certifi\u00e9e. Nous esp\u00e9rons vous inspirer par nos innovations et notre excellent service \u00e0 la client\u00e8le.<\/p>\n\n\t<\/div>\n\n\n\n<div class=\"col-12 col-md-6\">\n\t\t\t\n\n<ul class=\"wp-block-list\">\n<li class=\"has-medium-font-size\">La gamme standard orfix est toujours disponible en stock.<\/li>\n\n\n\n<li class=\"has-medium-font-size\">orfix propose des services personnalis\u00e9s de stockage et de logistique.<\/li>\n\n\n\n<li class=\"has-medium-font-size\">orfix offre une grande flexibilit\u00e9 dans la personnalisation des produits, m\u00eame pour de petites quantit\u00e9s.<\/li>\n\n\n\n<li class=\"has-medium-font-size\">l\u2019\u00e9quipe orfix est toujours disponible pour vous donner des conseils d\u2019experts adapt\u00e9s \u00e0 vos besoins.<\/li>\n<\/ul>\n\n\t<\/div>\n\n<\/div>\n\n<\/div>\n\n\n\n<div style=\"height:20px\" aria-hidden=\"true\" class=\"wp-block-spacer\"><\/div>\n\n\n\n<figure class=\"wp-block-image size-full\"><img loading=\"lazy\" decoding=\"async\" width=\"2048\" height=\"600\" src=\"https:\/\/www.orfix.com\/wp-content\/uploads\/2024\/05\/orfix-Karte-2025-en.jpg\" alt=\"\" class=\"wp-image-32957\" srcset=\"https:\/\/www.orfix.com\/wp-content\/uploads\/2024\/05\/orfix-Karte-2025-en.jpg 2048w, https:\/\/www.orfix.com\/wp-content\/uploads\/2024\/05\/orfix-Karte-2025-en-768x225.jpg 768w, https:\/\/www.orfix.com\/wp-content\/uploads\/2024\/05\/orfix-Karte-2025-en-1536x450.jpg 1536w\" sizes=\"auto, (max-width: 2048px) 100vw, 2048px\" \/><\/figure>\n\n\n\n<p class=\"has-medium-font-size\">Nous serions heureux de vous conseiller individuellement !<br><strong>Votre partenaire comp\u00e9tent avec une gamme compl\u00e8te pour tous ceux qui comptent, emballe, transporte ou stocke de l&#8217;argent liquide.<\/strong><\/p>\n\n\n\n<div style=\"height:20px\" aria-hidden=\"true\" class=\"wp-block-spacer\"><\/div>\n\n\n\n<div class=\"wp-block-buttons cta-banner-content__item is-layout-flex wp-block-buttons-is-layout-flex\">\n<div class=\"wp-block-button is-style-outline is-style-outline--1 advgb-dyn-7c74c908\"><a class=\"wp-block-button__link has-text-color has-medium-font-size has-custom-font-size wp-element-button\" href=\"https:\/\/www.orfix.com\/fr\/contact\/\" style=\"border-radius:1px;color:#ba0c2f\" target=\"_blank\" rel=\"noreferrer noopener\"><strong>Nous contacter<\/strong><\/a><\/div>\n\n\n\n<div class=\"wp-block-button btn__bg--red advgb-dyn-dacbcd5c\"><a class=\"wp-block-button__link has-white-color has-text-color has-background has-medium-font-size has-custom-font-size wp-element-button\" href=\"https:\/\/www.orfix.com\/fr\/domaines-dexcellence-produits\/\" style=\"border-radius:1px;background-color:#ba0c2f\" target=\"_blank\" rel=\"noreferrer noopener\"><strong>Produits<\/strong><\/a><\/div>\n\n\n\n<div class=\"wp-block-button btn__bg--red advgb-dyn-353d03d7\"><a class=\"wp-block-button__link has-white-color has-text-color has-background has-medium-font-size has-custom-font-size wp-element-button\" href=\"https:\/\/orfix.fr\/\" style=\"border-radius:1px;background-color:#ba0c2f\" target=\"_blank\" rel=\"noreferrer noopener\"><strong>Magasin en ligne<\/strong><\/a><\/div>\n<\/div>\n\n\n\n<div style=\"height:20px\" aria-hidden=\"true\" class=\"wp-block-spacer\"><\/div>\n","protected":false},"excerpt":{"rendered":"<p>Ruban adh\u00e9sif de s\u00e9curit\u00e9 orfix avec effet VOID pour une protection anti-manipulation Lorsque la pr\u00e9vention des acc\u00e8s non autoris\u00e9s est vitale, les outils anti-sabotage constituent une solution simple, efficace et rentable. Nos produits sont d\u00e9velopp\u00e9s en fonction des besoins r\u00e9els des clients, de sorte qu&#8217;ils peuvent r\u00e9pondre efficacement \u00e0 toute demande en s&#8217;adaptant \u00e0 une<\/p>\n<p><a class=\"btn btn-secondary understrap-read-more-link\" href=\"https:\/\/www.orfix.com\/fr\/domaines-dexcellence-produits\/emballage-de-securite\/ruban-de-securite\/\">Lire la suite&#8230;<\/a><\/p>\n","protected":false},"author":35,"featured_media":0,"parent":7017,"menu_order":13,"comment_status":"closed","ping_status":"closed","template":"","meta":{"_acf_changed":false,"om_disable_all_campaigns":false,"inline_featured_image":false,"advgb_blocks_editor_width":"","advgb_blocks_columns_visual_guide":"","_monsterinsights_skip_tracking":false,"_monsterinsights_sitenote_active":false,"_monsterinsights_sitenote_note":"","_monsterinsights_sitenote_category":0,"_uf_show_specific_survey":0,"_uf_disable_surveys":false,"footnotes":""},"class_list":["post-29241","page","type-page","status-publish","hentry"],"acf":[],"aioseo_notices":[],"coauthors":[],"author_meta":{"author_link":"https:\/\/www.orfix.com\/fr\/author\/jung-ode\/","display_name":"Margot Jung"},"relative_dates":{"created":"Publi\u00e9 2 ans il y a","modified":"Mis \u00e0 jour 5 mois il y a"},"absolute_dates":{"created":"Publi\u00e9 le 23. juillet 2024","modified":"Mise \u00e0 jour le 3. d\u00e9cembre 2025"},"absolute_dates_time":{"created":"Publi\u00e9 le 23. juillet 2024 10:45","modified":"Mise \u00e0 jour le 3. d\u00e9cembre 2025 19:46"},"featured_img_caption":"","featured_img":false,"series_order":"","_links":{"self":[{"href":"https:\/\/www.orfix.com\/fr\/wp-json\/wp\/v2\/pages\/29241","targetHints":{"allow":["GET"]}}],"collection":[{"href":"https:\/\/www.orfix.com\/fr\/wp-json\/wp\/v2\/pages"}],"about":[{"href":"https:\/\/www.orfix.com\/fr\/wp-json\/wp\/v2\/types\/page"}],"author":[{"embeddable":true,"href":"https:\/\/www.orfix.com\/fr\/wp-json\/wp\/v2\/users\/35"}],"replies":[{"embeddable":true,"href":"https:\/\/www.orfix.com\/fr\/wp-json\/wp\/v2\/comments?post=29241"}],"version-history":[{"count":10,"href":"https:\/\/www.orfix.com\/fr\/wp-json\/wp\/v2\/pages\/29241\/revisions"}],"predecessor-version":[{"id":32408,"href":"https:\/\/www.orfix.com\/fr\/wp-json\/wp\/v2\/pages\/29241\/revisions\/32408"}],"up":[{"embeddable":true,"href":"https:\/\/www.orfix.com\/fr\/wp-json\/wp\/v2\/pages\/7017"}],"wp:attachment":[{"href":"https:\/\/www.orfix.com\/fr\/wp-json\/wp\/v2\/media?parent=29241"}],"curies":[{"name":"wp","href":"https:\/\/api.w.org\/{rel}","templated":true}]}}