{"id":1375,"date":"2020-09-16T10:52:44","date_gmt":"2020-09-16T08:52:44","guid":{"rendered":"http:\/\/orfix.netzkunst24.de\/?page_id=1375"},"modified":"2020-12-07T15:22:24","modified_gmt":"2020-12-07T14:22:24","slug":"les-compteuses-de-pieces","status":"publish","type":"page","link":"https:\/\/www.orfix.com\/fr\/domaines-dexcellence-produits\/emballage-billets-de-banque\/les-compteuses-de-pieces\/","title":{"rendered":"Les compteuses de pi\u00e8ces"},"content":{"rendered":"<div class=\"wp-bootstrap-blocks-container container-fluid mb-5 custom_container custom_container--big custom_container--banner\">\n\t\n<div class=\"wp-bootstrap-blocks-row row custom_row custom_row--center\">\n\t\n\n<div class=\"col-12 col-md-12 custom_slider custom_slider__banner custom-banner-img\">\n\t\t\t\n\n<figure class=\"wp-block-image size-full\"><img loading=\"lazy\" decoding=\"async\" width=\"512\" height=\"242\" src=\"https:\/\/www.orfix.com\/wp-content\/uploads\/2020\/09\/Munzzahlgerate-DE-FR.jpg\" alt=\"\" class=\"wp-image-1376\" srcset=\"https:\/\/www.orfix.com\/wp-content\/uploads\/2020\/09\/Munzzahlgerate-DE-FR.jpg 512w, https:\/\/www.orfix.com\/wp-content\/uploads\/2020\/09\/Munzzahlgerate-DE-FR-300x142.jpg 300w, https:\/\/www.orfix.com\/wp-content\/uploads\/2020\/09\/Munzzahlgerate-DE-FR-24x11.jpg 24w, https:\/\/www.orfix.com\/wp-content\/uploads\/2020\/09\/Munzzahlgerate-DE-FR-36x17.jpg 36w, https:\/\/www.orfix.com\/wp-content\/uploads\/2020\/09\/Munzzahlgerate-DE-FR-48x23.jpg 48w\" sizes=\"auto, (max-width: 512px) 100vw, 512px\" \/><figcaption><strong>Compacte, rapide et efficace.<\/strong><\/figcaption><\/figure>\n\n\n\n\n\t<\/div>\n\n<\/div>\n\n<\/div>\n\n\n<div class=\"wp-bootstrap-blocks-container container-fluid mb-5 custom_container custom_container--small\">\n\t\n<div class=\"wp-bootstrap-blocks-row row\">\n\t\n\n<div class=\"col-12 col-md-12\">\n\t\t\t\n\n<h1>Les compteuses de pi\u00e8ces <\/h1>\n\n\t<\/div>\n\n<\/div>\n\n<\/div>\n\n\n<div class=\"wp-bootstrap-blocks-container container-fluid mb-5 custom_container custom_container--middle\">\n\t\n<div class=\"wp-bootstrap-blocks-row row\">\n\t\n\n<div class=\"col-12 col-md-6\">\n\t\t\t\n\n<figure class=\"wp-block-image size-full\"><img loading=\"lazy\" decoding=\"async\" width=\"245\" height=\"183\" src=\"https:\/\/www.orfix.com\/wp-content\/uploads\/2020\/09\/orfix_cs2000.jpg\" alt=\"\" class=\"wp-image-1384\" srcset=\"https:\/\/www.orfix.com\/wp-content\/uploads\/2020\/09\/orfix_cs2000.jpg 245w, https:\/\/www.orfix.com\/wp-content\/uploads\/2020\/09\/orfix_cs2000-24x18.jpg 24w, https:\/\/www.orfix.com\/wp-content\/uploads\/2020\/09\/orfix_cs2000-36x27.jpg 36w, https:\/\/www.orfix.com\/wp-content\/uploads\/2020\/09\/orfix_cs2000-48x36.jpg 48w\" sizes=\"auto, (max-width: 245px) 100vw, 245px\" \/><\/figure>\n\n\t<\/div>\n\n\n\n<div class=\"col-12 col-md-6\">\n\t\t\t\n\n<h2 class=\"wp-block-heading\">La&nbsp;compteuse&nbsp;trieuse&nbsp;OFX300 &#8211;&nbsp;r\u00e9f\u00e9rence&nbsp;P2240042&nbsp;<\/h2>\n\n\n\n<p>La&nbsp;compteuse&nbsp;trieuse&nbsp;OFX300&nbsp;est&nbsp;issue des plus&nbsp;r\u00e9centes&nbsp;technologies dans le&nbsp;comptage&nbsp;de&nbsp;pi\u00e8ces. Elle&nbsp;peut&nbsp;compter&nbsp;et trier&nbsp;toutes&nbsp;les&nbsp;cat\u00e9gories&nbsp;de&nbsp;pi\u00e8ces&nbsp;de&nbsp;fa\u00e7on&nbsp;efficace&nbsp;et&nbsp;fiable.&nbsp;<\/p>\n\n\t<\/div>\n\n<\/div>\n\n<\/div>\n\n\n<div class=\"wp-bootstrap-blocks-container container-fluid mb-5 custom_container custom_container--middle\">\n\t\n<div class=\"wp-bootstrap-blocks-row row\">\n\t\n\n<div class=\"col-12 col-md-6\">\n\t\t\t\n\n<figure class=\"wp-block-image size-full\"><img loading=\"lazy\" decoding=\"async\" width=\"245\" height=\"183\" src=\"https:\/\/www.orfix.com\/wp-content\/uploads\/2020\/09\/orfix_ofx300.jpg\" alt=\"\" class=\"wp-image-1391\" srcset=\"https:\/\/www.orfix.com\/wp-content\/uploads\/2020\/09\/orfix_ofx300.jpg 245w, https:\/\/www.orfix.com\/wp-content\/uploads\/2020\/09\/orfix_ofx300-24x18.jpg 24w, https:\/\/www.orfix.com\/wp-content\/uploads\/2020\/09\/orfix_ofx300-36x27.jpg 36w, https:\/\/www.orfix.com\/wp-content\/uploads\/2020\/09\/orfix_ofx300-48x36.jpg 48w\" sizes=\"auto, (max-width: 245px) 100vw, 245px\" \/><\/figure>\n\n\t<\/div>\n\n\n\n<div class=\"col-12 col-md-6\">\n\t\t\t\n\n<h2 class=\"wp-block-heading\">La&nbsp;compteuse&nbsp;trieuse&nbsp;de&nbsp;pi\u00e8ces&nbsp;pro GG &#8211;&nbsp;r\u00e9f\u00e9rence&nbsp;P224003&nbsp;<\/h2>\n\n\n\n<p>La&nbsp;compteuse&nbsp;de&nbsp;pi\u00e8ces&nbsp;orfix&nbsp;fournit&nbsp;un&nbsp;appui&nbsp;indispensable,&nbsp;rapide&nbsp;et&nbsp;efficace&nbsp;dans le&nbsp;comptage&nbsp;de&nbsp;grandes&nbsp;quantit\u00e9s&nbsp;de&nbsp;pi\u00e8ces.&nbsp;Cette&nbsp;compteuse&nbsp;est&nbsp;robuste&nbsp;et&nbsp;peu&nbsp;bruyante.&nbsp;<\/p>\n\n\t<\/div>\n\n<\/div>\n\n<\/div>\n\n\n<div class=\"wp-bootstrap-blocks-container container-fluid mb-5 custom_container custom_container--small\">\n\t\n<div class=\"wp-bootstrap-blocks-row row\">\n\t\n\n<div class=\"col-12\">\n\t\t\t\n\n<h2 class=\"wp-block-heading\">Caract\u00e9ristiques:&nbsp;<\/h2>\n\n\n\n<ul class=\"wp-block-list\"><li>Les&nbsp;compteuses&nbsp;de&nbsp;pi\u00e8ces&nbsp;orfix&nbsp;sont&nbsp;faciles&nbsp;\u00e0&nbsp;utiliser.&nbsp;<\/li><li>R\u00e9ception&nbsp;dans sacs&nbsp;monnaie&nbsp;ou&nbsp;dans des tubes de papier&nbsp;pr\u00e9form\u00e9s.&nbsp;<\/li><li>La&nbsp;quantit\u00e9&nbsp;de&nbsp;pi\u00e8ces&nbsp;de&nbsp;monnaie&nbsp;compt\u00e9e&nbsp;est&nbsp;mentionn\u00e9e.&nbsp;<\/li><\/ul>\n\n\t<\/div>\n\n<\/div>\n\n<\/div>\n\n\n<div class=\"wp-bootstrap-blocks-container container-fluid mb-5 custom_container custom_container--middle\">\n\t\n<div class=\"wp-bootstrap-blocks-row row custom-row__cta-contact\">\n\t\n\n<div class=\"col-12 col-md-6\">\n\t\t\t\n\n<figure class=\"wp-block-image size-large advgb-dyn-438cc30b\"><img loading=\"lazy\" decoding=\"async\" width=\"471\" height=\"344\" src=\"https:\/\/www.orfix.com\/wp-content\/uploads\/2020\/10\/shutterstock_116283283_471x344px.jpg\" alt=\"\" class=\"wp-image-3327\" srcset=\"https:\/\/www.orfix.com\/wp-content\/uploads\/2020\/10\/shutterstock_116283283_471x344px.jpg 471w, https:\/\/www.orfix.com\/wp-content\/uploads\/2020\/10\/shutterstock_116283283_471x344px-300x219.jpg 300w, https:\/\/www.orfix.com\/wp-content\/uploads\/2020\/10\/shutterstock_116283283_471x344px-24x18.jpg 24w, https:\/\/www.orfix.com\/wp-content\/uploads\/2020\/10\/shutterstock_116283283_471x344px-36x26.jpg 36w, https:\/\/www.orfix.com\/wp-content\/uploads\/2020\/10\/shutterstock_116283283_471x344px-48x35.jpg 48w\" sizes=\"auto, (max-width: 471px) 100vw, 471px\" \/><figcaption class=\"wp-element-caption\"><strong>Contactez nous<\/strong><\/figcaption><\/figure>\n\n\t<\/div>\n\n\n\n<div class=\"col-12 col-md-6\">\n\t\t\t\n<div class=\"employeeblock\">\n    <figure class=\"employeeblock__item employeeblock__item--img\">\n        <img decoding=\"async\" src=\"\" alt=\"\" \/>\n    <\/figure>\n    <div class=\"employeeblock__item employeeblock__item--content\">\n        <h2 class=\"name\">Service client\u00e8le<\/h2>\n        <p class=\"position\"><\/p>\n        <p><a class=\"link link--has-icon link--has-icon--mail\" href=\"mailto:info@orfix.fr\">info@orfix.fr<\/a><\/p>\n        <p><a class=\"link link--has-icon link--has-icon--tel\" href=\"tel:0820229099\">0820 22 90 99<\/a><\/p>\n    <\/div>\n<\/div>\n\n\t<\/div>\n\n<\/div>\n\n<\/div>\n\n\n\n<div style=\"height:20px\" aria-hidden=\"true\" class=\"wp-block-spacer\"><\/div>\n\n\n\n<figure class=\"wp-block-image size-full\"><img loading=\"lazy\" decoding=\"async\" width=\"2048\" height=\"600\" src=\"https:\/\/www.orfix.com\/wp-content\/uploads\/2024\/05\/orfix-Karte-2025-en.jpg\" alt=\"\" class=\"wp-image-32957\" srcset=\"https:\/\/www.orfix.com\/wp-content\/uploads\/2024\/05\/orfix-Karte-2025-en.jpg 2048w, https:\/\/www.orfix.com\/wp-content\/uploads\/2024\/05\/orfix-Karte-2025-en-768x225.jpg 768w, https:\/\/www.orfix.com\/wp-content\/uploads\/2024\/05\/orfix-Karte-2025-en-1536x450.jpg 1536w\" sizes=\"auto, (max-width: 2048px) 100vw, 2048px\" \/><\/figure>\n\n\n\n<p class=\"has-medium-font-size\">Nous serions heureux de vous conseiller individuellement !<br><strong>Votre partenaire comp\u00e9tent avec une gamme compl\u00e8te pour tous ceux qui comptent, emballe, transporte ou stocke de l&#8217;argent liquide.<\/strong><\/p>\n\n\n\n<div style=\"height:20px\" aria-hidden=\"true\" class=\"wp-block-spacer\"><\/div>\n\n\n\n<div class=\"wp-block-buttons cta-banner-content__item is-layout-flex wp-block-buttons-is-layout-flex\">\n<div class=\"wp-block-button is-style-outline is-style-outline--1 advgb-dyn-7c74c908\"><a class=\"wp-block-button__link has-text-color has-medium-font-size has-custom-font-size wp-element-button\" href=\"https:\/\/www.orfix.com\/fr\/contact\/\" style=\"border-radius:1px;color:#ba0c2f\" target=\"_blank\" rel=\"noreferrer noopener\"><strong>Nous contacter<\/strong><\/a><\/div>\n\n\n\n<div class=\"wp-block-button btn__bg--red advgb-dyn-dacbcd5c\"><a class=\"wp-block-button__link has-white-color has-text-color has-background has-medium-font-size has-custom-font-size wp-element-button\" href=\"https:\/\/www.orfix.com\/fr\/domaines-dexcellence-produits\/\" style=\"border-radius:1px;background-color:#ba0c2f\" target=\"_blank\" rel=\"noreferrer noopener\"><strong>Produits<\/strong><\/a><\/div>\n\n\n\n<div class=\"wp-block-button btn__bg--red advgb-dyn-353d03d7\"><a class=\"wp-block-button__link has-white-color has-text-color has-background has-medium-font-size has-custom-font-size wp-element-button\" href=\"https:\/\/orfix.fr\/\" style=\"border-radius:1px;background-color:#ba0c2f\" target=\"_blank\" rel=\"noreferrer noopener\"><strong>Magasin en ligne<\/strong><\/a><\/div>\n<\/div>\n\n\n\n<div style=\"height:20px\" aria-hidden=\"true\" class=\"wp-block-spacer\"><\/div>\n","protected":false},"excerpt":{"rendered":"<p><a class=\"btn btn-secondary understrap-read-more-link\" href=\"https:\/\/www.orfix.com\/fr\/domaines-dexcellence-produits\/emballage-billets-de-banque\/les-compteuses-de-pieces\/\">Lire la suite&#8230;<\/a><\/p>\n","protected":false},"author":36,"featured_media":0,"parent":1301,"menu_order":25,"comment_status":"closed","ping_status":"closed","template":"","meta":{"_acf_changed":false,"om_disable_all_campaigns":false,"inline_featured_image":false,"advgb_blocks_editor_width":"","advgb_blocks_columns_visual_guide":"","_monsterinsights_skip_tracking":false,"_monsterinsights_sitenote_active":false,"_monsterinsights_sitenote_note":"","_monsterinsights_sitenote_category":0,"_uf_show_specific_survey":0,"_uf_disable_surveys":false,"footnotes":""},"class_list":["post-1375","page","type-page","status-publish","hentry"],"acf":[],"aioseo_notices":[],"coauthors":[],"author_meta":{"author_link":"https:\/\/www.orfix.com\/fr\/author\/mgendelmeyer\/","display_name":"Malte Gendelmeyer"},"relative_dates":{"created":"Publi\u00e9 6 ans il y a","modified":"Mis \u00e0 jour 5 ans il y a"},"absolute_dates":{"created":"Publi\u00e9 le 16. septembre 2020","modified":"Mise \u00e0 jour le 7. d\u00e9cembre 2020"},"absolute_dates_time":{"created":"Publi\u00e9 le 16. septembre 2020 10:52","modified":"Mise \u00e0 jour le 7. d\u00e9cembre 2020 15:22"},"featured_img_caption":"","featured_img":false,"series_order":"","_links":{"self":[{"href":"https:\/\/www.orfix.com\/fr\/wp-json\/wp\/v2\/pages\/1375","targetHints":{"allow":["GET"]}}],"collection":[{"href":"https:\/\/www.orfix.com\/fr\/wp-json\/wp\/v2\/pages"}],"about":[{"href":"https:\/\/www.orfix.com\/fr\/wp-json\/wp\/v2\/types\/page"}],"author":[{"embeddable":true,"href":"https:\/\/www.orfix.com\/fr\/wp-json\/wp\/v2\/users\/36"}],"replies":[{"embeddable":true,"href":"https:\/\/www.orfix.com\/fr\/wp-json\/wp\/v2\/comments?post=1375"}],"version-history":[{"count":4,"href":"https:\/\/www.orfix.com\/fr\/wp-json\/wp\/v2\/pages\/1375\/revisions"}],"predecessor-version":[{"id":10761,"href":"https:\/\/www.orfix.com\/fr\/wp-json\/wp\/v2\/pages\/1375\/revisions\/10761"}],"up":[{"embeddable":true,"href":"https:\/\/www.orfix.com\/fr\/wp-json\/wp\/v2\/pages\/1301"}],"wp:attachment":[{"href":"https:\/\/www.orfix.com\/fr\/wp-json\/wp\/v2\/media?parent=1375"}],"curies":[{"name":"wp","href":"https:\/\/api.w.org\/{rel}","templated":true}]}}