{"id":1299,"date":"2020-09-15T17:36:27","date_gmt":"2020-09-15T15:36:27","guid":{"rendered":"http:\/\/orfix.netzkunst24.de\/?page_id=1299"},"modified":"2026-01-06T16:10:27","modified_gmt":"2026-01-06T15:10:27","slug":"domaines-dexcellence-produits","status":"publish","type":"page","link":"https:\/\/www.orfix.com\/fr\/domaines-dexcellence-produits\/","title":{"rendered":"Domaines d&#8217;excellence \/ Produits"},"content":{"rendered":"<div class=\"wp-bootstrap-blocks-container container-fluid mb-5 custom_container custom_container--big custom_container--banner\">\n\t\n<div class=\"wp-bootstrap-blocks-row row custom_row custom_row--center\">\n\t\n\n<div class=\"col-12 col-md-12 custom_slider custom-banner-img custom_slider__banner\">\n\t\t\t\n\n<figure class=\"wp-block-image size-full desktop-banner\"><img loading=\"lazy\" decoding=\"async\" width=\"2133\" height=\"577\" src=\"https:\/\/www.orfix.com\/wp-content\/uploads\/2024\/05\/orfix_Header_Banner_Products_FR_1024x277.jpg\" alt=\"Produits orfix pour emballage s\u00e9curis\u00e9 et protection industrielle\" class=\"wp-image-25896\" srcset=\"https:\/\/www.orfix.com\/wp-content\/uploads\/2024\/05\/orfix_Header_Banner_Products_FR_1024x277.jpg 2133w, https:\/\/www.orfix.com\/wp-content\/uploads\/2024\/05\/orfix_Header_Banner_Products_FR_1024x277-768x208.jpg 768w, https:\/\/www.orfix.com\/wp-content\/uploads\/2024\/05\/orfix_Header_Banner_Products_FR_1024x277-1536x416.jpg 1536w, https:\/\/www.orfix.com\/wp-content\/uploads\/2024\/05\/orfix_Header_Banner_Products_FR_1024x277-2048x554.jpg 2048w\" sizes=\"auto, (max-width: 2133px) 100vw, 2133px\" \/><\/figure>\n\n\n\n\n\t<\/div>\n\n<\/div>\n\n\n<div class=\"wp-bootstrap-blocks-row row custom_row custom_row--center\">\n\t\n\n<div class=\"col-12 col-md-12 custom_slider custom-banner-img custom_slider__banner\">\n\t\t\t\n\n<figure class=\"wp-block-image size-full mobile-banner\"><img loading=\"lazy\" decoding=\"async\" width=\"1583\" height=\"1250\" src=\"https:\/\/www.orfix.com\/wp-content\/uploads\/2024\/05\/orfix_Mobile_Banner_Products_FR_760x650.jpg\" alt=\"Produits de s\u00e9curit\u00e9 orfix incluant des scell\u00e9s, billets et sacs s\u00e9curis\u00e9s\" class=\"wp-image-25902\" srcset=\"https:\/\/www.orfix.com\/wp-content\/uploads\/2024\/05\/orfix_Mobile_Banner_Products_FR_760x650.jpg 1583w, https:\/\/www.orfix.com\/wp-content\/uploads\/2024\/05\/orfix_Mobile_Banner_Products_FR_760x650-768x606.jpg 768w, https:\/\/www.orfix.com\/wp-content\/uploads\/2024\/05\/orfix_Mobile_Banner_Products_FR_760x650-1536x1213.jpg 1536w\" sizes=\"auto, (max-width: 1583px) 100vw, 1583px\" \/><\/figure>\n\n\n\n\n\t<\/div>\n\n<\/div>\n\n<\/div>\n\n\n\n<div class=\"wp-block-columns is-layout-flex wp-container-core-columns-is-layout-9d6595d7 wp-block-columns-is-layout-flex\">\n<div class=\"wp-block-column is-layout-flow wp-block-column-is-layout-flow\">\n<h1 class=\"wp-block-heading has-text-color\" style=\"color:#002855;font-size:30px\">Domaines d&#8217;excellence &#8211; Produits<\/h1>\n\n\n\n<p class=\"has-medium-font-size\">orfix est synonyme de savoir-faire et d&#8217;exp\u00e9riences \u00e0 long terme dans les domaines <a href=\"https:\/\/www.orfix.com\/fr\/domaines-dexcellence-produits\/emballage-billets-de-banque\/\" class=\"ek-link\">Emballage des esp\u00e8ces<\/a>, <a href=\"https:\/\/www.orfix.com\/fr\/domaines-dexcellence-produits\/emballage-de-securite\/\" class=\"ek-link\">Emballage de s\u00e9curit\u00e9<\/a>, <a href=\"https:\/\/www.orfix.com\/about-us\/industrial-packaging\/\" class=\"ek-link\">Conditionnement industriel<\/a> et <a href=\"https:\/\/www.orfix.com\/fr\/domaines-dexcellence-produits\/emballage-alimentaire\/\" class=\"ek-link\">Emballage Alimentaire<\/a>.<\/p>\n\n\n\n<p class=\"has-medium-font-size\">Les produits orfix garantissent des performances optimales et une qualit\u00e9 \u00e9lev\u00e9e. La majorit\u00e9 de nos produits sont d\u00e9velopp\u00e9s et fabriqu\u00e9s dans nos propres installations. Cela permet une mise en \u0153uvre efficace et \u00e9conomique de la personnalisation des produits et une r\u00e9action rapide aux demandes des clients.<\/p>\n\n\n\n<p class=\"has-medium-font-size\">orfix est le partenaire d&#8217;expertise incontournable pour tous les responsables de la s\u00e9curit\u00e9 et de la protection.<\/p>\n\n\n\n<div style=\"height:50px\" aria-hidden=\"true\" class=\"wp-block-spacer\"><\/div>\n\n\n\n<div class=\"wp-block-columns is-layout-flex wp-container-core-columns-is-layout-9d6595d7 wp-block-columns-is-layout-flex\">\n<div class=\"wp-block-column is-layout-flow wp-block-column-is-layout-flow\">\n<div class=\"wp-block-columns is-layout-flex wp-container-core-columns-is-layout-9d6595d7 wp-block-columns-is-layout-flex\">\n<div class=\"wp-block-column has-text-color is-layout-flow wp-block-column-is-layout-flow\" style=\"color:#002855\">\n  <a href=\"https:\/\/www.orfix.com\/fr\/domaines-dexcellence-produits\/emballage-billets-de-banque\/\" class=\"newlink\">\n    <div class=\"over_view_block \">\n\n      \t<img decoding=\"async\" src=\"https:\/\/www.orfix.com\/wp-content\/uploads\/2024\/05\/orfix-startseite-teaser-cash-packaging.jpg\" alt=\"Endless roll of banknote bands and a bundle of cash secured with a banknote band\n\n\n\n\n\n\n\" class=\"over_view_block__item over_view_block__item--img\" \/>\n\n\t     <div class=\"over_view_block__item over_view_block__item--content\">\n\n          <h2>Emballage des esp\u00e8ces<\/h2>\n          <p>Nos produits d&#8217;emballage d&#8217;esp\u00e8ces de haute qualit\u00e9 offrent des solutions optimis\u00e9es pour votre processus, r\u00e9pondant \u00e0 toutes les normes internationales et permettant de gagner du temps et de l&#8217;argent.<\/p>\n                    <span class=\"over_view_block__cta\"><img decoding=\"async\" src=\"\/wp-content\/uploads\/2020\/09\/orfix_icon_arrow.svg\" \/><\/span>\n           \u00a0 \u00a0 \u00a0 \u00a0<\/div>\n\n<\/div><\/a> <\/div>\n\n\n\n<div class=\"wp-block-column is-layout-flow wp-block-column-is-layout-flow\">\n  <a href=\"https:\/\/www.orfix.com\/fr\/domaines-dexcellence-produits\/emballage-de-securite\/\" class=\"newlink\">\n    <div class=\"over_view_block \">\n\n      \t<img decoding=\"async\" src=\"https:\/\/www.orfix.com\/wp-content\/uploads\/2024\/05\/orfix-startseite-teaser-security-packaging.jpg\" alt=\"orfix tamper-evident safebags with security seals and security bands\" class=\"over_view_block__item over_view_block__item--img\" \/>\n\n\t     <div class=\"over_view_block__item over_view_block__item--content\">\n\n          <h2>Emballage de s\u00e9curit\u00e9<\/h2>\n          <p>Les produits d&#8217;emballage de s\u00e9curit\u00e9 orfix assurent le transport et le stockage en toute s\u00e9curit\u00e9 de vos produits dans une grande vari\u00e9t\u00e9 de secteurs tels que la m\u00e9decine, l&#8217;alimentation, l&#8217;agriculture, l&#8217;aviation et le commerce en ligne. <\/p>\n                    <span class=\"over_view_block__cta\"><img decoding=\"async\" src=\"\/wp-content\/uploads\/2020\/09\/orfix_icon_arrow.svg\" \/><\/span>\n           \u00a0 \u00a0 \u00a0 \u00a0<\/div>\n\n<\/div><\/a> <\/div>\n<\/div>\n<\/div>\n\n\n\n<div class=\"wp-block-column is-layout-flow wp-block-column-is-layout-flow\">\n<div class=\"wp-block-columns is-layout-flex wp-container-core-columns-is-layout-9d6595d7 wp-block-columns-is-layout-flex\">\n<div class=\"wp-block-column is-layout-flow wp-block-column-is-layout-flow\">\n  <a href=\"https:\/\/www.orfix.com\/about-us\/industrial-packaging\/\" class=\"newlink\">\n    <div class=\"over_view_block \">\n\n      \t<img decoding=\"async\" src=\"https:\/\/www.orfix.com\/wp-content\/uploads\/2024\/05\/orfix-startseite-teaser-industrial-packaging.jpg\" alt=\"Film roll on a flexographic printing press for orfix industrial packaging solutions\" class=\"over_view_block__item over_view_block__item--img\" \/>\n\n\t     <div class=\"over_view_block__item over_view_block__item--content\">\n\n          <h2>Conditionnement industriel<\/h2>\n          <p>Vos marchandises emball\u00e9es en toute s\u00e9curit\u00e9. Des solutions d\u2019emballage \u2013 solides, durables et adapt\u00e9es \u00e0 vos besoins.<\/p>\n                    <span class=\"over_view_block__cta\"><img decoding=\"async\" src=\"\/wp-content\/uploads\/2020\/09\/orfix_icon_arrow.svg\" \/><\/span>\n           \u00a0 \u00a0 \u00a0 \u00a0<\/div>\n\n<\/div><\/a> <\/div>\n\n\n\n<div class=\"wp-block-column is-layout-flow wp-block-column-is-layout-flow\">\n  <a href=\"\/fr\/domaines-dexcellence-produits\/emballage-alimentaire\/\" class=\"newlink\">\n    <div class=\"over_view_block \">\n\n      \t<img decoding=\"async\" src=\"https:\/\/www.orfix.com\/wp-content\/uploads\/2026\/01\/orfix-startseite-teaser-food-packaging2.jpg\" alt=\"orfix-startseite-teaser-food-packaging2\" class=\"over_view_block__item over_view_block__item--img\" \/>\n\n\t     <div class=\"over_view_block__item over_view_block__item--content\">\n\n          <h2>Emballage Alimentaire<\/h2>\n          <p>Nos emballages et machines garantissent qualit\u00e9 et s\u00e9curit\u00e9. D\u00e9couvrez les solutions innovantes et durables d\u00e9velopp\u00e9es par orfix.<\/p>\n                    <span class=\"over_view_block__cta\"><img decoding=\"async\" src=\"\/wp-content\/uploads\/2020\/09\/orfix_icon_arrow.svg\" \/><\/span>\n           \u00a0 \u00a0 \u00a0 \u00a0<\/div>\n\n<\/div><\/a> <\/div>\n<\/div>\n<\/div>\n<\/div>\n<\/div>\n<\/div>\n\n\n<div class=\"wp-bootstrap-blocks-container container-fluid mb-5 custom_container custom_container--middle\">\n\t\n<div class=\"wp-bootstrap-blocks-row row custom-row__cta-contact\">\n\t\n\n<div class=\"col-12 col-md-6\">\n\t\t\t\n\n<figure class=\"wp-block-image size-large advgb-dyn-438cc30b\"><img loading=\"lazy\" decoding=\"async\" width=\"471\" height=\"344\" src=\"https:\/\/www.orfix.com\/wp-content\/uploads\/2020\/10\/shutterstock_116283283_471x344px.jpg\" alt=\"\" class=\"wp-image-3327\" srcset=\"https:\/\/www.orfix.com\/wp-content\/uploads\/2020\/10\/shutterstock_116283283_471x344px.jpg 471w, https:\/\/www.orfix.com\/wp-content\/uploads\/2020\/10\/shutterstock_116283283_471x344px-300x219.jpg 300w, https:\/\/www.orfix.com\/wp-content\/uploads\/2020\/10\/shutterstock_116283283_471x344px-24x18.jpg 24w, https:\/\/www.orfix.com\/wp-content\/uploads\/2020\/10\/shutterstock_116283283_471x344px-36x26.jpg 36w, https:\/\/www.orfix.com\/wp-content\/uploads\/2020\/10\/shutterstock_116283283_471x344px-48x35.jpg 48w\" sizes=\"auto, (max-width: 471px) 100vw, 471px\" \/><figcaption class=\"wp-element-caption\"><strong>Contactez nous<\/strong><\/figcaption><\/figure>\n\n\t<\/div>\n\n\n\n<div class=\"col-12 col-md-6\">\n\t\t\t\n<div class=\"employeeblock\">\n    <figure class=\"employeeblock__item employeeblock__item--img\">\n        <img decoding=\"async\" src=\"\" alt=\"\" \/>\n    <\/figure>\n    <div class=\"employeeblock__item employeeblock__item--content\">\n        <h2 class=\"name\">Service client\u00e8le<\/h2>\n        <p class=\"position\"><\/p>\n        <p><a class=\"link link--has-icon link--has-icon--mail\" href=\"mailto:info@orfix.fr\">info@orfix.fr<\/a><\/p>\n        <p><a class=\"link link--has-icon link--has-icon--tel\" href=\"tel:0820229099\">0820 22 90 99<\/a><\/p>\n    <\/div>\n<\/div>\n\n\t<\/div>\n\n<\/div>\n\n<\/div>\n\n\n<div class=\"wp-bootstrap-blocks-container container-fluid mb-5 custom_container custom_container--middle rb-specialist-en\">\n\t\n<div class=\"wp-bootstrap-blocks-row row\">\n\t\n\n<div class=\"col-12 col-md-12\">\n\t\t\t\n\n<h2 class=\"wp-block-heading advgb-dyn-349850c5\" style=\"font-size:30px\">orfix \u2013 sp\u00e9cialistes du traitement du poly\u00e9thyl\u00e8ne et du papier<\/h2>\n\n\t<\/div>\n\n\n\n<div class=\"col-12 col-md-6\">\n\t\t\t\n\n<p class=\"has-medium-font-size\">Dans les phases de d\u00e9veloppement et de production, nous utilisons toujours des techniques de pointe, en tenant compte des besoins individuels de nos clients et en accordant une attention particuli\u00e8re \u00e0 l\u2019environnement. Nous sommes pr\u00e9occup\u00e9s par l\u2019impact \u00e0 long terme de nos activit\u00e9s, nous prenons des mesures pour \u00e9conomiser les ressources et nous visons la neutralit\u00e9 carbone l\u00e0 o\u00f9 nous le pouvons. C\u2019est, en somme, notre politique environnementale. Nous veillons \u00e0 garantir une qualit\u00e9 constante, toujours conforme aux normes les plus \u00e9lev\u00e9es du march\u00e9 et certifi\u00e9e. Nous esp\u00e9rons vous inspirer par nos innovations et notre excellent service \u00e0 la client\u00e8le.<\/p>\n\n\t<\/div>\n\n\n\n<div class=\"col-12 col-md-6\">\n\t\t\t\n\n<ul class=\"wp-block-list\">\n<li class=\"has-medium-font-size\">La gamme standard orfix est toujours disponible en stock.<\/li>\n\n\n\n<li class=\"has-medium-font-size\">orfix propose des services personnalis\u00e9s de stockage et de logistique.<\/li>\n\n\n\n<li class=\"has-medium-font-size\">orfix offre une grande flexibilit\u00e9 dans la personnalisation des produits, m\u00eame pour de petites quantit\u00e9s.<\/li>\n\n\n\n<li class=\"has-medium-font-size\">l\u2019\u00e9quipe orfix est toujours disponible pour vous donner des conseils d\u2019experts adapt\u00e9s \u00e0 vos besoins.<\/li>\n<\/ul>\n\n\t<\/div>\n\n<\/div>\n\n<\/div>\n\n\n\n<div style=\"height:20px\" aria-hidden=\"true\" class=\"wp-block-spacer\"><\/div>\n\n\n\n<figure class=\"wp-block-image size-full\"><img loading=\"lazy\" decoding=\"async\" width=\"2048\" height=\"600\" src=\"https:\/\/www.orfix.com\/wp-content\/uploads\/2024\/05\/orfix-Karte-2025-en.jpg\" alt=\"\" class=\"wp-image-32957\" srcset=\"https:\/\/www.orfix.com\/wp-content\/uploads\/2024\/05\/orfix-Karte-2025-en.jpg 2048w, https:\/\/www.orfix.com\/wp-content\/uploads\/2024\/05\/orfix-Karte-2025-en-768x225.jpg 768w, https:\/\/www.orfix.com\/wp-content\/uploads\/2024\/05\/orfix-Karte-2025-en-1536x450.jpg 1536w\" sizes=\"auto, (max-width: 2048px) 100vw, 2048px\" \/><\/figure>\n\n\n\n<p class=\"has-medium-font-size\">Nous serions heureux de vous conseiller individuellement !<br><strong>Votre partenaire comp\u00e9tent avec une gamme compl\u00e8te pour tous ceux qui comptent, emballe, transporte ou stocke de l&#8217;argent liquide.<\/strong><\/p>\n\n\n\n<div style=\"height:20px\" aria-hidden=\"true\" class=\"wp-block-spacer\"><\/div>\n\n\n\n<div class=\"wp-block-buttons cta-banner-content__item is-layout-flex wp-block-buttons-is-layout-flex\">\n<div class=\"wp-block-button is-style-outline is-style-outline--1 advgb-dyn-7c74c908\"><a class=\"wp-block-button__link has-text-color has-medium-font-size has-custom-font-size wp-element-button\" href=\"https:\/\/www.orfix.com\/fr\/contact\/\" style=\"border-radius:1px;color:#ba0c2f\" target=\"_blank\" rel=\"noreferrer noopener\"><strong>Nous contacter<\/strong><\/a><\/div>\n\n\n\n<div class=\"wp-block-button btn__bg--red advgb-dyn-dacbcd5c\"><a class=\"wp-block-button__link has-white-color has-text-color has-background has-medium-font-size has-custom-font-size wp-element-button\" href=\"https:\/\/www.orfix.com\/fr\/domaines-dexcellence-produits\/\" style=\"border-radius:1px;background-color:#ba0c2f\" target=\"_blank\" rel=\"noreferrer noopener\"><strong>Produits<\/strong><\/a><\/div>\n\n\n\n<div class=\"wp-block-button btn__bg--red advgb-dyn-353d03d7\"><a class=\"wp-block-button__link has-white-color has-text-color has-background has-medium-font-size has-custom-font-size wp-element-button\" href=\"https:\/\/orfix.fr\/\" style=\"border-radius:1px;background-color:#ba0c2f\" target=\"_blank\" rel=\"noreferrer noopener\"><strong>Magasin en ligne<\/strong><\/a><\/div>\n<\/div>\n\n\n\n<div style=\"height:20px\" aria-hidden=\"true\" class=\"wp-block-spacer\"><\/div>\n","protected":false},"excerpt":{"rendered":"<p>Domaines d&#8217;excellence &#8211; Produits orfix est synonyme de savoir-faire et d&#8217;exp\u00e9riences \u00e0 long terme dans les domaines Emballage des esp\u00e8ces, Emballage de s\u00e9curit\u00e9, Conditionnement industriel et Emballage Alimentaire. Les produits orfix garantissent des performances optimales et une qualit\u00e9 \u00e9lev\u00e9e. La majorit\u00e9 de nos produits sont d\u00e9velopp\u00e9s et fabriqu\u00e9s dans nos propres installations. Cela permet une<\/p>\n<p><a class=\"btn btn-secondary understrap-read-more-link\" href=\"https:\/\/www.orfix.com\/fr\/domaines-dexcellence-produits\/\">Lire la suite&#8230;<\/a><\/p>\n","protected":false},"author":36,"featured_media":0,"parent":0,"menu_order":0,"comment_status":"closed","ping_status":"closed","template":"","meta":{"_acf_changed":false,"om_disable_all_campaigns":false,"inline_featured_image":false,"advgb_blocks_editor_width":"","advgb_blocks_columns_visual_guide":"","_monsterinsights_skip_tracking":false,"_monsterinsights_sitenote_active":false,"_monsterinsights_sitenote_note":"","_monsterinsights_sitenote_category":0,"_uf_show_specific_survey":0,"_uf_disable_surveys":false,"footnotes":""},"class_list":["post-1299","page","type-page","status-publish","hentry"],"acf":[],"aioseo_notices":[],"coauthors":[],"author_meta":{"author_link":"https:\/\/www.orfix.com\/fr\/author\/mgendelmeyer\/","display_name":"Malte Gendelmeyer"},"relative_dates":{"created":"Publi\u00e9 6 ans il y a","modified":"Mis \u00e0 jour 4 mois il y a"},"absolute_dates":{"created":"Publi\u00e9 le 15. septembre 2020","modified":"Mise \u00e0 jour le 6. janvier 2026"},"absolute_dates_time":{"created":"Publi\u00e9 le 15. septembre 2020 17:36","modified":"Mise \u00e0 jour le 6. janvier 2026 16:10"},"featured_img_caption":"","featured_img":false,"series_order":"","_links":{"self":[{"href":"https:\/\/www.orfix.com\/fr\/wp-json\/wp\/v2\/pages\/1299","targetHints":{"allow":["GET"]}}],"collection":[{"href":"https:\/\/www.orfix.com\/fr\/wp-json\/wp\/v2\/pages"}],"about":[{"href":"https:\/\/www.orfix.com\/fr\/wp-json\/wp\/v2\/types\/page"}],"author":[{"embeddable":true,"href":"https:\/\/www.orfix.com\/fr\/wp-json\/wp\/v2\/users\/36"}],"replies":[{"embeddable":true,"href":"https:\/\/www.orfix.com\/fr\/wp-json\/wp\/v2\/comments?post=1299"}],"version-history":[{"count":32,"href":"https:\/\/www.orfix.com\/fr\/wp-json\/wp\/v2\/pages\/1299\/revisions"}],"predecessor-version":[{"id":32897,"href":"https:\/\/www.orfix.com\/fr\/wp-json\/wp\/v2\/pages\/1299\/revisions\/32897"}],"wp:attachment":[{"href":"https:\/\/www.orfix.com\/fr\/wp-json\/wp\/v2\/media?parent=1299"}],"curies":[{"name":"wp","href":"https:\/\/api.w.org\/{rel}","templated":true}]}}