{"id":7384,"date":"2022-03-27T15:37:00","date_gmt":"2022-03-27T13:37:00","guid":{"rendered":"http:\/\/orfix.netzkunst24.de\/?page_id=7384"},"modified":"2025-01-29T21:28:50","modified_gmt":"2025-01-29T20:28:50","slug":"wasserzaehlerplomben","status":"publish","type":"page","link":"https:\/\/www.orfix.com\/de\/leistungsbereiche-produkte\/security-packaging\/wasserzaehlerplomben\/","title":{"rendered":"Wasserz\u00e4hler-Plomben"},"content":{"rendered":"<div class=\"wp-bootstrap-blocks-container container-fluid mb-5 custom_container custom_container--big custom_container--banner\">\n\t\n<div class=\"wp-bootstrap-blocks-row row custom_row custom_row--center\">\n\t\n\n<div class=\"col-12 col-md-12 custom_slider custom-banner-img custom_slider__banner\">\n\t\t\t\n\n<figure class=\"wp-block-image size-large\"><img loading=\"lazy\" decoding=\"async\" width=\"1024\" height=\"277\" src=\"https:\/\/www.orfix.com\/wp-content\/uploads\/2020\/10\/bannerbilder_sectors_energy-2-1024x277.jpg\" alt=\"Wasserz\u00e4hler mit einer blauen Kunststoffplombe gesichert\" class=\"wp-image-5161\" srcset=\"https:\/\/www.orfix.com\/wp-content\/uploads\/2020\/10\/bannerbilder_sectors_energy-2-1024x277.jpg 1024w, https:\/\/www.orfix.com\/wp-content\/uploads\/2020\/10\/bannerbilder_sectors_energy-2-300x81.jpg 300w, https:\/\/www.orfix.com\/wp-content\/uploads\/2020\/10\/bannerbilder_sectors_energy-2-768x208.jpg 768w, https:\/\/www.orfix.com\/wp-content\/uploads\/2020\/10\/bannerbilder_sectors_energy-2-24x7.jpg 24w, https:\/\/www.orfix.com\/wp-content\/uploads\/2020\/10\/bannerbilder_sectors_energy-2-36x10.jpg 36w, https:\/\/www.orfix.com\/wp-content\/uploads\/2020\/10\/bannerbilder_sectors_energy-2-48x13.jpg 48w, https:\/\/www.orfix.com\/wp-content\/uploads\/2020\/10\/bannerbilder_sectors_energy-2.jpg 1366w\" sizes=\"auto, (max-width: 1024px) 100vw, 1024px\" \/><figcaption class=\"wp-element-caption\"><strong>Sicher mit nur einem Klick.<\/strong><\/figcaption><\/figure>\n\n\n\n\n\t<\/div>\n\n<\/div>\n\n<\/div>\n\n\n<div class=\"wp-bootstrap-blocks-container container-fluid mb-5 custom_container custom_container--small\">\n\t\n<div class=\"wp-bootstrap-blocks-row row\">\n\t\n\n<div class=\"col-12 col-md-12\">\n\t\t\t\n\n<h1 class=\"wp-block-heading\">orfix Plomben f\u00fcr Wasserz\u00e4hler<\/h1>\n\n\n\n<p>Die orfix Plombe f\u00fcr Wasserz\u00e4hler ist eine einteilige Plombe, bestehend aus zwei miteinander verbundenen Kunststoff-Halbschalen und einem Klickverschluss.<\/p>\n\n\n\n<p>Die Plombenschelle wird wie ein Kragen um die Rohrverschraubung am Z\u00e4hler gelegt und verhindert das Manipulieren am Verriegelungsmechanismus.<\/p>\n\n\n\n<p>Die speziell konzipierte einteilige Konstruktion ist besonders komfortabel in der Handhabung und erleichtert die schnelle<br>Montage, da nicht mehrere Elemente versiegelt werden m\u00fcssen. Au\u00dferdem unterbindet sie unerw\u00fcnschte Eingriffe in den<br>Verriegelungsmechanismus nach dem korrekten Verschlie\u00dfen der Plombe.<\/p>\n\n\n\n<p><strong>Die Plombenschelle ist dazu bestimmt, Anschlussverschraubungen an Z\u00e4hlern von Gas- oder Wasserrohren zu sichern.<\/strong><\/p>\n\n\t<\/div>\n\n<\/div>\n\n<\/div>\n\n\n<div class=\"wp-bootstrap-blocks-container container mb-2\">\n\t\n<div class=\"wp-bootstrap-blocks-container container-fluid mb-5 custom_container custom_container--middle\">\n\t\n<div class=\"wp-bootstrap-blocks-row row\">\n\t\n\n<div class=\"col-12 col-md-6\">\n\t\t\t\n\n<figure class=\"wp-block-image size-large\"><img loading=\"lazy\" decoding=\"async\" width=\"600\" height=\"350\" src=\"https:\/\/www.orfix.com\/wp-content\/uploads\/2020\/11\/Spaltenbild_security-packaging_water-meter-seals-1.jpg\" alt=\"Blaue Plomben f\u00fcr Wasserz\u00e4hler auf einem Tisch\" class=\"wp-image-6502\" srcset=\"https:\/\/www.orfix.com\/wp-content\/uploads\/2020\/11\/Spaltenbild_security-packaging_water-meter-seals-1.jpg 600w, https:\/\/www.orfix.com\/wp-content\/uploads\/2020\/11\/Spaltenbild_security-packaging_water-meter-seals-1-300x175.jpg 300w\" sizes=\"auto, (max-width: 600px) 100vw, 600px\" \/><\/figure>\n\n\t<\/div>\n\n\n\n<div class=\"col-12 col-md-6\">\n\t\t\t\n\n<h2 class=\"wp-block-heading\">Eigenschaften der Wasserz\u00e4hler Plomben<\/h2>\n\n\n\n<ul class=\"list--no-img-point wp-block-list\">\n<li>Laser Kennzeichnung<\/li>\n\n\n\n<li>Kontrollverschluss\u00a0<\/li>\n\n\n\n<li>Einzigartige Nummerierung<\/li>\n\n\n\n<li>Personalisierung auf Anfrage<\/li>\n\n\n\n<li>Farbe: Hellblau<\/li>\n<\/ul>\n\n\t<\/div>\n\n\n\n<div class=\"col-12\">\n\t\t\t\n\n<p><strong>Lieferbare Gr\u00f6\u00dfen: DN15, DN20, DN25, DN32 und DN40<\/strong><\/p>\n\n\t<\/div>\n\n<\/div>\n\n<\/div>\n\n<\/div>\n\n\n<div class=\"wp-bootstrap-blocks-container container-fluid mb-5 custom_container custom_container--small\">\n\t<\/div>\n\n\n<div class=\"wp-bootstrap-blocks-container container-fluid mb-5 custom_container custom_container--middle\">\n\t\n<div class=\"wp-bootstrap-blocks-row row custom-row__cta-contact\">\n\t\n\n<div class=\"col-12 col-md-6\">\n\t\t\t\n\n<figure class=\"wp-block-image size-full advgb-dyn-c0ecbe96\"><img loading=\"lazy\" decoding=\"async\" width=\"471\" height=\"344\" src=\"https:\/\/www.orfix.com\/wp-content\/uploads\/2021\/08\/shutterstock_116283283_471x344px.jpg\" alt=\"Ihre Kontaktm\u00f6glichkeiten zu Wasserz\u00e4hler Plomben\" class=\"wp-image-14598\" srcset=\"https:\/\/www.orfix.com\/wp-content\/uploads\/2021\/08\/shutterstock_116283283_471x344px.jpg 471w, https:\/\/www.orfix.com\/wp-content\/uploads\/2021\/08\/shutterstock_116283283_471x344px-300x219.jpg 300w\" sizes=\"auto, (max-width: 471px) 100vw, 471px\" \/><figcaption class=\"wp-element-caption\">Kontakt<\/figcaption><\/figure>\n\n\t<\/div>\n\n\n\n<div class=\"col-12 col-md-6\">\n\t\t\t\n<div class=\"employeeblock\">\n    <figure class=\"employeeblock__item employeeblock__item--img\">\n        <img decoding=\"async\" src=\"\" alt=\"\" \/>\n    <\/figure>\n    <div class=\"employeeblock__item employeeblock__item--content\">\n        <h2 class=\"name\">Kundenberatung<\/h2>\n        <p class=\"position\">Deutschland, \u00d6sterreich &#038; Schweiz<\/p>\n        <p><a class=\"link link--has-icon link--has-icon--mail\" href=\"mailto:info@orfix.de\">info@orfix.de<\/a><\/p>\n        <p><a class=\"link link--has-icon link--has-icon--tel\" href=\"tel:+49417881840\">+49 4178 8184-0<\/a><\/p>\n    <\/div>\n<\/div>\n\n\t<\/div>\n\n<\/div>\n\n<\/div>\n\n\n<div class=\"wp-bootstrap-blocks-container container-fluid mb-5 custom_container custom_container--middle\">\n\t\n<div class=\"wp-bootstrap-blocks-row row\">\n\t\n\n<div class=\"col-12 col-md-12\">\n\t\t\t\n\n<h2 class=\"wp-block-heading\">H\u00e4ufig gestellte Fragen<\/h2>\n\n\n\n<div class=\"accordion custom_content_contentaccordion \" id=\"accordionExample\">\n\n            \n            <div class=\"card custom_content_contentaccordion__item\">\n                <div class=\"card-header\" id=\"item-1\">\n                    <h3 class=\"mb-0\">\n                        <button class=\"btn btn-link\" type=\"button\" data-toggle=\"collapse\" data-target=\"#item-1-col\" aria-expanded=\"false\" aria-controls=\"collapseOne\">\n                            Wie lange dauert die Lieferung der Wasserz\u00e4hler Plomben?                        <\/button>\n                    <\/h3>\n                <\/div>\n                <div id=\"item-1-col\" class=\"collapse\" aria-labelledby=\"item-1\" data-parent=\"#accordionExample\">\n                    <div class=\"card-body\">\n                        <div class=\"row\">\n                            \n                                                        <div class=\"col-12 col-md-9\">\n                                Die Lieferung der Plomben f\u00fcr Wasserz\u00e4hler dauert ca. 2 Tage. F\u00fcr personalisierte Plomben, kann die Lieferzeit abweichen. Sprechen Sie uns darauf an. Unser Kundendienst ist telefonisch f\u00fcr sie erreichbar.                            <\/div>\n                        <\/div>\n                    <\/div>\n                <\/div>\n                \n            <\/div>\n            \n            \n\n            \n            <div class=\"card custom_content_contentaccordion__item\">\n                <div class=\"card-header\" id=\"item-2\">\n                    <h3 class=\"mb-0\">\n                        <button class=\"btn btn-link\" type=\"button\" data-toggle=\"collapse\" data-target=\"#item-2-col\" aria-expanded=\"false\" aria-controls=\"collapseOne\">\n                            Sch\u00fctzt die Wasserz\u00e4hlerplombe zuverl\u00e4ssig vor Manipulation?\r\n                        <\/button>\n                    <\/h3>\n                <\/div>\n                <div id=\"item-2-col\" class=\"collapse\" aria-labelledby=\"item-2\" data-parent=\"#accordionExample\">\n                    <div class=\"card-body\">\n                        <div class=\"row\">\n                            \n                                                        <div class=\"col-12 col-md-9\">\n                                Ja, die orfix Wasserz\u00e4hler Plomben sch\u00fctzen jeden Wasserz\u00e4hler zuverl\u00e4ssig vor jeder Art von Manipulation. \r\nDas Material durchl\u00e4uft eine fortlaufende Qualit\u00e4tskontrolle und gen\u00fcgt den h\u00f6chsten Anspr\u00fcchen.                            <\/div>\n                        <\/div>\n                    <\/div>\n                <\/div>\n                \n            <\/div>\n            \n            \n\n            \n            <div class=\"card custom_content_contentaccordion__item\">\n                <div class=\"card-header\" id=\"item-3\">\n                    <h3 class=\"mb-0\">\n                        <button class=\"btn btn-link\" type=\"button\" data-toggle=\"collapse\" data-target=\"#item-3-col\" aria-expanded=\"false\" aria-controls=\"collapseOne\">\n                            Wie k\u00f6nnen die Plomben gepresst werden?                        <\/button>\n                    <\/h3>\n                <\/div>\n                <div id=\"item-3-col\" class=\"collapse\" aria-labelledby=\"item-3\" data-parent=\"#accordionExample\">\n                    <div class=\"card-body\">\n                        <div class=\"row\">\n                            \n                                                        <div class=\"col-12 col-md-9\">\n                                Die Wasserz\u00e4hler Plombe kann von Hand, mit einer Plomben Zange oder einer flachen Zange verschlossen werden.                            <\/div>\n                        <\/div>\n                    <\/div>\n                <\/div>\n                \n            <\/div>\n            \n            \n\n            \n            <div class=\"card custom_content_contentaccordion__item\">\n                <div class=\"card-header\" id=\"item-4\">\n                    <h3 class=\"mb-0\">\n                        <button class=\"btn btn-link\" type=\"button\" data-toggle=\"collapse\" data-target=\"#item-4-col\" aria-expanded=\"false\" aria-controls=\"collapseOne\">\n                            Ich ben\u00f6tige gr\u00f6\u00dfere Mengen. Kann ich Muster bestellen?                        <\/button>\n                    <\/h3>\n                <\/div>\n                <div id=\"item-4-col\" class=\"collapse\" aria-labelledby=\"item-4\" data-parent=\"#accordionExample\">\n                    <div class=\"card-body\">\n                        <div class=\"row\">\n                            \n                                                        <div class=\"col-12 col-md-9\">\n                                F\u00fcr kostenfreie Muster und Beratung sprechen Sie uns bitte an. Wir sind telefonisch ohne Warteschlange f\u00fcr Sie erreichbar: +49 4178 8184 \u2013 0                            <\/div>\n                        <\/div>\n                    <\/div>\n                <\/div>\n                \n            <\/div>\n            \n            \n\n            \n            <div class=\"card custom_content_contentaccordion__item\">\n                <div class=\"card-header\" id=\"item-5\">\n                    <h3 class=\"mb-0\">\n                        <button class=\"btn btn-link\" type=\"button\" data-toggle=\"collapse\" data-target=\"#item-5-col\" aria-expanded=\"false\" aria-controls=\"collapseOne\">\n                            Aus wie vielen Teilen besteht die Plombe?                        <\/button>\n                    <\/h3>\n                <\/div>\n                <div id=\"item-5-col\" class=\"collapse\" aria-labelledby=\"item-5\" data-parent=\"#accordionExample\">\n                    <div class=\"card-body\">\n                        <div class=\"row\">\n                            \n                                                        <div class=\"col-12 col-md-9\">\n                                Die Plombe ist einteilig konstruiert &#8211; so bleibt Ihr Vorrat aufger\u00e4umt.                             <\/div>\n                        <\/div>\n                    <\/div>\n                <\/div>\n                \n            <\/div>\n            \n            \n\n<\/div>\n    \n\t<\/div>\n\n<\/div>\n\n\n\n<div style=\"height:40px\" aria-hidden=\"true\" class=\"wp-block-spacer\"><\/div>\n\n\n<div class=\"wp-bootstrap-blocks-row row\">\n\t\n\n<div class=\"col-12 col-md-12\">\n\t\t\t\n\n<h2 class=\"wp-block-heading\">orfix &#8211; Ihr Spezialist in der Fertigung von Papier und Kunststoff<\/h2>\n\n\t<\/div>\n\n\n\n<div class=\"col-12 col-md-6\">\n\t\t\t\n\n<p>Wir entwickeln und produzieren unsere orfix <strong>Plomben f\u00fcr Wasserz\u00e4hler<\/strong> nach modernsten Produktionsmethoden, haben dabei Ihre individuellen W\u00fcnsche, aber auch die Umwelt immer im Blick! Nachhaltigkeit wird bei uns aktiv gelebt, wir agieren ressourcenschonend und m\u00f6glichst CO2 \u2013 neutral. Daf\u00fcr steht unser Umwelt-Management. <\/p>\n\n\n\n<p>Sie erhalten bei uns eine konstante, erstklassige und zertifizierte Qualit\u00e4t, wir begeistern Sie mit Innovationen und exzellenter Kundenbetreuung zum Thema Kunststoffplomben.<\/p>\n\n\t<\/div>\n\n\n\n<div class=\"col-12 col-md-6\">\n\t\t\t\n\n<ul class=\"list--no-img-point wp-block-list\">\n<li>Das orfix-Standard-Sortiment ist immer vorr\u00e4tig und schnell lieferbar.<\/li>\n\n\n\n<li>F\u00fcr personalisierte Ware bietet orfix individuelle Lagerhaltung und Serviceleistungen an. Sprechen Sie uns f\u00fcr weitere Informationen zu personalisierten Plomben gerne an.<\/li>\n\n\n\n<li>orfix produziert auch individualisierte Kleinmengen f\u00fcr <strong>Wasserz\u00e4hler Plomben<\/strong>.<\/li>\n\n\n\n<li>orfix bietet kompetente und individuelle Beratung zu einer gro\u00dfen Auswahl an Kunststoffplomben &#8211; \u00fcber das <a href=\"\/de\/kontakt\/\">Kontaktformular<\/a>, telefonisch oder auch vor Ort.<\/li>\n<\/ul>\n\n\t<\/div>\n\n<\/div>\n\n<\/div>\n\n\n<div class=\"convertful-169044\"><\/div>\n\n\n<div class=\"wp-bootstrap-blocks-container container-fluid mb-0 custom_container custom_container--full custom_container--prefooter\">\n\t\n<div class=\"wp-bootstrap-blocks-row row\">\n\t\n\n<div class=\"col-12 col-md-12\">\n\t\t\t\n\n<figure class=\"wp-block-image size-full custom_cta-banner__item custom_cta-banner__item--background\"><img loading=\"lazy\" decoding=\"async\" width=\"1500\" height=\"439\" src=\"https:\/\/www.orfix.com\/wp-content\/uploads\/2020\/10\/fullsize_banner_orfix-weltkarte-1.jpg\" alt=\"Karte mit Orten, an denen orfix Wasserz\u00e4hler Plomben erh\u00e4ltlich sind\" class=\"wp-image-4136\" srcset=\"https:\/\/www.orfix.com\/wp-content\/uploads\/2020\/10\/fullsize_banner_orfix-weltkarte-1.jpg 1500w, https:\/\/www.orfix.com\/wp-content\/uploads\/2020\/10\/fullsize_banner_orfix-weltkarte-1-300x88.jpg 300w, https:\/\/www.orfix.com\/wp-content\/uploads\/2020\/10\/fullsize_banner_orfix-weltkarte-1-1024x300.jpg 1024w, https:\/\/www.orfix.com\/wp-content\/uploads\/2020\/10\/fullsize_banner_orfix-weltkarte-1-768x225.jpg 768w, https:\/\/www.orfix.com\/wp-content\/uploads\/2020\/10\/fullsize_banner_orfix-weltkarte-1-24x7.jpg 24w, https:\/\/www.orfix.com\/wp-content\/uploads\/2020\/10\/fullsize_banner_orfix-weltkarte-1-36x11.jpg 36w, https:\/\/www.orfix.com\/wp-content\/uploads\/2020\/10\/fullsize_banner_orfix-weltkarte-1-48x14.jpg 48w\" sizes=\"auto, (max-width: 1500px) 100vw, 1500px\" \/><\/figure>\n\n\t<\/div>\n\n\n\n<div class=\"col-12 cta-banner-content\">\n\t\t\t\n\n<p class=\"cta-banner-content__item\">Gern beraten wir Sie individuell zu Kunststoffplomben f\u00fcr Wasserz\u00e4hler<\/p>\n\n\n\n<h4 class=\"wp-block-heading cta-banner-content__item\">Ihr kompetenter Partner mit einem umfassenden Sortiment f\u00fcr alle, die verplomben, verpacken, transportieren oder lagern&#8230; <\/h4>\n\n\n\n<pre id=\"tw-target-text\" class=\"wp-block-preformatted\"><\/pre>\n\n\n\n<div class=\"wp-block-buttons cta-banner-content__item is-layout-flex wp-block-buttons-is-layout-flex\">\n<div class=\"wp-block-button is-style-outline is-style-outline--1\"><a class=\"wp-block-button__link has-text-color wp-element-button\" href=\"https:\/\/www.orfix.com\/de\/kontakt\/\" style=\"color:#ba0c2f\">Kontakt<\/a><\/div>\n\n\n\n<div class=\"wp-block-button\"><a class=\"wp-block-button__link has-white-color has-text-color has-background wp-element-button\" href=\"https:\/\/www.orfix.com\/de\/leistungsbereiche-produkte\/\" style=\"background-color:#ba0c2f\">Produkte<\/a><\/div>\n<\/div>\n\n\t<\/div>\n\n<\/div>\n\n<\/div>\n\n\n\n<div style=\"height:40px\" aria-hidden=\"true\" class=\"wp-block-spacer\"><\/div>\n\n\n<div class=\"wp-bootstrap-blocks-container container-fluid mb-5 custom_container custom_container--middle\">\n\t<\/div>\n\n\n<div class=\"wp-bootstrap-blocks-row row\">\n\t\n\n<div class=\"col-12 col-md-12\">\n\t\t\t\n\n<h3 class=\"wp-block-heading\">orfix &#8211; Ihr Spezialist f\u00fcr Wasserz\u00e4hler Plomben<\/h3>\n\n\t<\/div>\n\n\n\n<div class=\"col-12 col-md-6\">\n\t\t\t\n\n<p>Speziell f\u00fcr Gesch\u00e4ftskunden bieten wir ein hohes Ma\u00df an Service, guten Preisen und Qualit\u00e4tsware an. <\/p>\n\n\n\n<p>Wir halten Wasserz\u00e4hler Plomben f\u00fcr Sie auf Lager und liefern z\u00fcgig auf Bestellung<\/p>\n\n\n\n<h4 class=\"wp-block-heading\">Personalisierte Wasserz\u00e4hler Plomben<\/h4>\n\n\n\n<p>Ben\u00f6tigen Sie Wasserz\u00e4hler Plomben mit ihrem Druck oder speziellen Eigenschaften? Sprechen Sie uns an, wir machen es m\u00f6glich. <\/p>\n\n\n\n<p>F\u00fcr Sie sind wir werkt\u00e4glich telefonisch erreichbar. Lassen Sie sich von unseren Beraterinnen und Beratern ohne Verkaufsdruck beraten: <a href=\"tel:+49417881840\">+49 4178 8184 \u2013 0<\/a><\/p>\n\n\t<\/div>\n\n\n\n<div class=\"col-12 col-md-6\">\n\t\t\t\n\n<figure class=\"wp-block-image size-large\"><img loading=\"lazy\" decoding=\"async\" width=\"1024\" height=\"678\" src=\"https:\/\/www.orfix.com\/wp-content\/uploads\/2022\/03\/Wasserzaehler-vor-der-Verplombung-1-1024x678.jpg\" alt=\"Wasserz\u00e4hler Plombe wird in einen alten Wasserz\u00e4hler eingesetzt\" class=\"wp-image-15398\" srcset=\"https:\/\/www.orfix.com\/wp-content\/uploads\/2022\/03\/Wasserzaehler-vor-der-Verplombung-1-1024x678.jpg 1024w, https:\/\/www.orfix.com\/wp-content\/uploads\/2022\/03\/Wasserzaehler-vor-der-Verplombung-1-300x199.jpg 300w, https:\/\/www.orfix.com\/wp-content\/uploads\/2022\/03\/Wasserzaehler-vor-der-Verplombung-1-768x509.jpg 768w, https:\/\/www.orfix.com\/wp-content\/uploads\/2022\/03\/Wasserzaehler-vor-der-Verplombung-1-1536x1018.jpg 1536w, https:\/\/www.orfix.com\/wp-content\/uploads\/2022\/03\/Wasserzaehler-vor-der-Verplombung-1.jpg 2000w\" sizes=\"auto, (max-width: 1024px) 100vw, 1024px\" \/><figcaption class=\"wp-element-caption\">Alter Wasserz\u00e4hler wird ausgebaut und erneuert.<\/figcaption><\/figure>\n\n\t<\/div>\n\n<\/div>\n\n\n<div class=\"wp-bootstrap-blocks-row row\">\n\t\n\n<div class=\"col-12 col-md-12\">\n\t\t\t\n\n<h3 class=\"wp-block-heading\">Weitere Auswahl an Spezialplomben:<\/h3>\n\n\t<\/div>\n\n\n\n<div class=\"col-12\">\n\t\t\t\n\n<ul class=\"list--no-img-point wp-block-list\">\n<li><strong><a href=\"https:\/\/www.orfix.com\/de\/leistungsbereiche-produkte\/cash-packaging\/sicherheitsplomben\/\" class=\"ek-link\">Sicherheitsplomben<\/a><\/strong><\/li>\n<\/ul>\n\n\t<\/div>\n\n<\/div>\n\n\n\n<p><\/p>\n","protected":false},"excerpt":{"rendered":"<p><a class=\"btn btn-secondary understrap-read-more-link\" href=\"https:\/\/www.orfix.com\/de\/leistungsbereiche-produkte\/security-packaging\/wasserzaehlerplomben\/\">Weiterlesen&#8230;<\/a><\/p>\n","protected":false},"author":36,"featured_media":0,"parent":167,"menu_order":14,"comment_status":"closed","ping_status":"closed","template":"","meta":{"_acf_changed":false,"om_disable_all_campaigns":false,"inline_featured_image":false,"advgb_blocks_editor_width":"","advgb_blocks_columns_visual_guide":"","_monsterinsights_skip_tracking":false,"_monsterinsights_sitenote_active":false,"_monsterinsights_sitenote_note":"","_monsterinsights_sitenote_category":0,"_uf_show_specific_survey":0,"_uf_disable_surveys":false,"footnotes":""},"class_list":["post-7384","page","type-page","status-publish","hentry"],"acf":[],"aioseo_notices":[],"coauthors":[],"author_meta":{"author_link":"https:\/\/www.orfix.com\/de\/author\/mgendelmeyer\/","display_name":"Malte Gendelmeyer"},"relative_dates":{"created":"Posted 4\u00a0Jahren ago","modified":"Updated 1\u00a0Jahr ago"},"absolute_dates":{"created":"Posted on 27. M\u00e4rz 2022","modified":"Updated on 29. Januar 2025"},"absolute_dates_time":{"created":"Posted on 27. M\u00e4rz 2022 15:37","modified":"Updated on 29. Januar 2025 21:28"},"featured_img_caption":"","featured_img":false,"series_order":"","_links":{"self":[{"href":"https:\/\/www.orfix.com\/de\/wp-json\/wp\/v2\/pages\/7384","targetHints":{"allow":["GET"]}}],"collection":[{"href":"https:\/\/www.orfix.com\/de\/wp-json\/wp\/v2\/pages"}],"about":[{"href":"https:\/\/www.orfix.com\/de\/wp-json\/wp\/v2\/types\/page"}],"author":[{"embeddable":true,"href":"https:\/\/www.orfix.com\/de\/wp-json\/wp\/v2\/users\/36"}],"replies":[{"embeddable":true,"href":"https:\/\/www.orfix.com\/de\/wp-json\/wp\/v2\/comments?post=7384"}],"version-history":[{"count":62,"href":"https:\/\/www.orfix.com\/de\/wp-json\/wp\/v2\/pages\/7384\/revisions"}],"predecessor-version":[{"id":30782,"href":"https:\/\/www.orfix.com\/de\/wp-json\/wp\/v2\/pages\/7384\/revisions\/30782"}],"up":[{"embeddable":true,"href":"https:\/\/www.orfix.com\/de\/wp-json\/wp\/v2\/pages\/167"}],"wp:attachment":[{"href":"https:\/\/www.orfix.com\/de\/wp-json\/wp\/v2\/media?parent=7384"}],"curies":[{"name":"wp","href":"https:\/\/api.w.org\/{rel}","templated":true}]}}