{"id":7169,"date":"2020-11-09T14:18:14","date_gmt":"2020-11-09T13:18:14","guid":{"rendered":"http:\/\/orfix.netzkunst24.de\/?page_id=7169"},"modified":"2026-02-18T05:53:38","modified_gmt":"2026-02-18T04:53:38","slug":"folienrollen-fuer-banknoten","status":"publish","type":"page","link":"https:\/\/www.orfix.com\/de\/leistungsbereiche-produkte\/cash-packaging\/folienrollen-fuer-banknoten\/","title":{"rendered":"Folienrollen f\u00fcr Banknoten"},"content":{"rendered":"\n<div class=\"wp-block-group\"><div class=\"wp-block-group__inner-container is-layout-constrained wp-block-group-is-layout-constrained\"><div class=\"wp-bootstrap-blocks-container container-fluid mb-5 custom_container custom_container--big custom_container--banner\">\n\t\n<div class=\"wp-bootstrap-blocks-row row custom_row custom_row--center\">\n\t\n\n<div class=\"col-12 col-md-12 custom_slider custom_slider__banner custom-banner-img\">\n\t\t\t\n\n<figure class=\"wp-block-image size-full desktop-banner\"><img loading=\"lazy\" decoding=\"async\" width=\"2048\" height=\"554\" src=\"https:\/\/www.orfix.com\/wp-content\/uploads\/2026\/01\/orfix_Header_Banner_CashPackaging_Filmrolls_for_banknotes_DE_1024x277-2048x554-1.jpg\" alt=\"\" class=\"wp-image-33331\" srcset=\"https:\/\/www.orfix.com\/wp-content\/uploads\/2026\/01\/orfix_Header_Banner_CashPackaging_Filmrolls_for_banknotes_DE_1024x277-2048x554-1.jpg 2048w, https:\/\/www.orfix.com\/wp-content\/uploads\/2026\/01\/orfix_Header_Banner_CashPackaging_Filmrolls_for_banknotes_DE_1024x277-2048x554-1-768x208.jpg 768w, https:\/\/www.orfix.com\/wp-content\/uploads\/2026\/01\/orfix_Header_Banner_CashPackaging_Filmrolls_for_banknotes_DE_1024x277-2048x554-1-1536x416.jpg 1536w\" sizes=\"auto, (max-width: 2048px) 100vw, 2048px\" \/><\/figure>\n\n\n\n\n\t<\/div>\n\n<\/div>\n\n\n<div class=\"wp-bootstrap-blocks-row row custom_row custom_row--center\">\n\t\n\n<div class=\"col-12 col-md-12 custom_slider custom_slider__banner custom-banner-img\">\n\t\t\t\n\n<figure class=\"wp-block-image size-full mobile-banner\"><img loading=\"lazy\" decoding=\"async\" width=\"2560\" height=\"2021\" src=\"https:\/\/www.orfix.com\/wp-content\/uploads\/2024\/05\/orfix_Mobile_Banner-CashPackaging_film-rolls-for-banknotes_DE_760x650-scaled.jpg\" alt=\"Folienrolle f\u00fcr das B\u00fcndeln und Schrumpfen von Banknoten\" class=\"wp-image-24804\" srcset=\"https:\/\/www.orfix.com\/wp-content\/uploads\/2024\/05\/orfix_Mobile_Banner-CashPackaging_film-rolls-for-banknotes_DE_760x650-scaled.jpg 2560w, https:\/\/www.orfix.com\/wp-content\/uploads\/2024\/05\/orfix_Mobile_Banner-CashPackaging_film-rolls-for-banknotes_DE_760x650-768x606.jpg 768w, https:\/\/www.orfix.com\/wp-content\/uploads\/2024\/05\/orfix_Mobile_Banner-CashPackaging_film-rolls-for-banknotes_DE_760x650-1536x1213.jpg 1536w, https:\/\/www.orfix.com\/wp-content\/uploads\/2024\/05\/orfix_Mobile_Banner-CashPackaging_film-rolls-for-banknotes_DE_760x650-2048x1617.jpg 2048w\" sizes=\"auto, (max-width: 2560px) 100vw, 2560px\" \/><\/figure>\n\n\n\n\n\t<\/div>\n\n<\/div>\n\n<\/div>\n\n\n\n<div class=\"wp-block-columns is-layout-flex wp-container-core-columns-is-layout-9d6595d7 wp-block-columns-is-layout-flex\">\n<div class=\"wp-block-column is-layout-flow wp-block-column-is-layout-flow\">\n<h1 class=\"wp-block-heading has-text-color\" style=\"color:#002855;font-size:30px\">Folienrollen zum automatischen B\u00fcndeln &amp; Schrumpfen von Banknoten<\/h1>\n<\/div>\n<\/div>\n\n\n\n<p class=\"has-medium-font-size\">orfix Folienrollen werden bei der Herstellung strengen Qualit\u00e4tstests unterworfen. Sie sind aus einer hochtransparenten, mehrschichtigen Kunststofffolie gefertigt. Das Material zeichnet sich durch hohe Z\u00e4higkeit, Knickbruch- und Durchsto\u00dffestigkeit aus. orfix Folienrollen sind f\u00fcr den Einsatz von vollautomatischen Banknotenverpackungssystemen geeignet, f\u00fcr alle g\u00e4ngigen Maschinentypen. Sie erf\u00fcllen die Anforderungen der Deutschen Bundesbank.<\/p>\n\n\n\n<div style=\"height:50px\" aria-hidden=\"true\" class=\"wp-block-spacer\"><\/div>\n<\/div><\/div>\n\n\n<div class=\"wp-bootstrap-blocks-container container-fluid mb-5 custom_container custom_container--middle\">\n\t\n<div class=\"wp-bootstrap-blocks-row row\">\n\t\n\n<div class=\"col-12 col-md-6 list--no-img-point\">\n\t\t\t\n\n<h2 class=\"wp-block-heading\" style=\"font-size:30px\">Eigenschaften<\/h2>\n\n\n\n<ul class=\"wp-block-list\">\n<li class=\"has-medium-font-size\">erstklassige Qualit\u00e4t &#8211; hilft Zeit und Kosten bei der Verarbeitung zu sparen<\/li>\n\n\n\n<li class=\"has-medium-font-size\">verschiedene Breiten und L\u00e4ngen <\/li>\n\n\n\n<li class=\"has-medium-font-size\">Folienst\u00e4rken gem\u00e4\u00df Anforderung <\/li>\n<\/ul>\n\n\t<\/div>\n\n\n\n<div class=\"col-12 col-md-6\">\n\t\t\t\n\n<figure class=\"wp-block-image size-large\"><img loading=\"lazy\" decoding=\"async\" width=\"600\" height=\"350\" src=\"https:\/\/www.orfix.com\/wp-content\/uploads\/2020\/10\/orfix-Half-tubular-film-600x350px.jpg\" alt=\"orfix Half tubular film\" class=\"wp-image-3537\" srcset=\"https:\/\/www.orfix.com\/wp-content\/uploads\/2020\/10\/orfix-Half-tubular-film-600x350px.jpg 600w, https:\/\/www.orfix.com\/wp-content\/uploads\/2020\/10\/orfix-Half-tubular-film-600x350px-300x175.jpg 300w, https:\/\/www.orfix.com\/wp-content\/uploads\/2020\/10\/orfix-Half-tubular-film-600x350px-24x14.jpg 24w, https:\/\/www.orfix.com\/wp-content\/uploads\/2020\/10\/orfix-Half-tubular-film-600x350px-36x21.jpg 36w, https:\/\/www.orfix.com\/wp-content\/uploads\/2020\/10\/orfix-Half-tubular-film-600x350px-48x28.jpg 48w\" sizes=\"auto, (max-width: 600px) 100vw, 600px\" \/><\/figure>\n\n\t<\/div>\n\n<\/div>\n\n<\/div>\n\n\n<div class=\"wp-bootstrap-blocks-container container-fluid mb-5 custom_container custom_container--middle\">\n\t\n<div class=\"wp-bootstrap-blocks-row row\">\n\t\n\n<div class=\"col-12 table__wrapper\">\n\t\t\t\n\n<h2 class=\"wp-block-heading\" style=\"font-size:30px\">orfix Folienrollen zum B\u00fcndeln von Banknoten<\/h2>\n\n\n\n<p><\/p>\n\n\n\n<p class=\"has-medium-font-size\">orfix hat ein eigenes Rezept f\u00fcr die B\u00fcndelung von Filmen entwickelt, die in G+D BPS-Maschinen verwendet werden. Filme werden immer d\u00fcnner und behalten immer noch analoge St\u00e4rken. Gleichzeitig laufen mehr Meter zur Rolle, die Maschinenzeit wird dadurch erh\u00f6ht. Im Gegenzug ist die Materialmenge proportional geringer und verbessert somit die Kosten.<\/p>\n\n\n\n<p><\/p>\n\n\n\n<div style=\"height:50px\" aria-hidden=\"true\" class=\"wp-block-spacer\"><\/div>\n\n\n\n<table class=\"wp-block-advgb-table advgb-table-frontend is-style-stripes\"><thead><tr><th><strong>Artikel-Nr.<\/strong><\/th><th><strong><strong>Typ<\/strong><\/strong><\/th><th><strong><strong>Breite<\/strong><\/strong><\/th><th><strong><strong>L\u00e4nge pro Rolle <\/strong><\/strong><\/th><\/tr><\/thead><tbody><tr><td style=\"text-align:left\">10000193<\/td><td style=\"text-align:left\">Film transparent, 40\u00b5<\/td><td style=\"text-align:left\">88 mm<\/td><td style=\"text-align:left\">140 m<\/td><\/tr><tr><td style=\"text-align:left\">10000206<\/td><td style=\"text-align:left\">Film transparent, 40\u00b5<\/td><td style=\"text-align:left\">88 mm<\/td><td style=\"text-align:left\">280 m<\/td><\/tr><tr><td style=\"text-align:left\">10009238<\/td><td style=\"text-align:left\">Film transparent, 30\u00b5<\/td><td style=\"text-align:left\">88 mm<\/td><td style=\"text-align:left\">240 m<\/td><\/tr><tr><td style=\"text-align:left\">10000194<\/td><td style=\"text-align:left\">Film transparent, 40\u00b5<\/td><td style=\"text-align:left\">106 mm<\/td><td style=\"text-align:left\">140 m<\/td><\/tr><tr><td style=\"text-align:left\">10000200<\/td><td style=\"text-align:left\">Film transparent, 30\u00b5<\/td><td style=\"text-align:left\">106 mm<\/td><td style=\"text-align:left\">180 m<\/td><\/tr><\/tbody><\/table>\n\n\n\n<div style=\"height:50px\" aria-hidden=\"true\" class=\"wp-block-spacer\"><\/div>\n\n\t<\/div>\n\n\n\n<div class=\"col-12\">\n\t\t\t\n\n<h2 class=\"wp-block-heading\" style=\"font-size:30px\">orfix Folienrollen zum Schrumpfen von Banknoten<\/h2>\n\n\t<\/div>\n\n\n\n<div class=\"col-12\">\n\t\t\t\n\n<p class=\"has-medium-font-size\">Komplexe Prozesse erfordern perfekte Qualit\u00e4t der eingesetzten Verbrauchsmaterialien. orfix liefert verschiedene Schrumpffolien f\u00fcr den reibungslosen Einsatz ohne Standzeiten in High Speed Maschinen wie der G+D NotaPack. Verschiedene Folienst\u00e4rken sind verf\u00fcgbar nach Wunsch des Anwenders.<\/p>\n\n\t<\/div>\n\n\n\n<div class=\"col-12\">\n\t\t\t\n\n<h2 class=\"wp-block-heading\" style=\"font-size:30px\">Halbschlauchfolie in folgenden St\u00e4rken auf Anfrage verf\u00fcgbar:<\/h2>\n\n\t<\/div>\n\n\n\n<div class=\"col-12\">\n\t\t\t\n\n<ul class=\"wp-block-list\">\n<li class=\"has-medium-font-size\">17 \u00b5m<\/li>\n\n\n\n<li class=\"has-medium-font-size\">19 \u00b5m<\/li>\n\n\n\n<li class=\"has-medium-font-size\">23 \u00b5m<\/li>\n\n\n\n<li class=\"has-medium-font-size\">25 \u00b5m<\/li>\n<\/ul>\n\n\t<\/div>\n\n<\/div>\n\n<\/div>\n\n\n<div class=\"wp-bootstrap-blocks-container container-fluid mb-5 custom_container custom_container--small\">\n\t\n<div class=\"wp-bootstrap-blocks-row row\">\n\t\n\n<div class=\"col-12 col-md-12\">\n\t\t\t\n\n<h2 class=\"wp-block-heading\" style=\"font-size:30px\">Passende Produkte<\/h2>\n\n\t<\/div>\n\n\n\n<div class=\"col-12\">\n\t\t\t\n\n<ul class=\"wp-block-list list--no-img-point\">\n<li class=\"has-medium-font-size\"><a href=\"https:\/\/www.orfix.com\/de\/leistungsbereiche-produkte\/cash-packaging\/endlosbanderolen\/\" class=\"ek-link\">Endlosbanderolen<\/a><\/li>\n<\/ul>\n\n\t<\/div>\n\n<\/div>\n\n<\/div>\n\n\n<div class=\"wp-bootstrap-blocks-container container-fluid mb-5 custom_container custom_container--middle\">\n\t\n<div class=\"wp-bootstrap-blocks-row row custom-row__cta-contact\">\n\t\n\n<div class=\"col-12 col-md-6\">\n\t\t\t\n\n<figure class=\"wp-block-image size-full advgb-dyn-c0ecbe96\"><img loading=\"lazy\" decoding=\"async\" width=\"471\" height=\"344\" src=\"https:\/\/www.orfix.com\/wp-content\/uploads\/2021\/08\/shutterstock_116283283_471x344px.jpg\" alt=\"Ihre Kontaktm\u00f6glichkeiten zu Wasserz\u00e4hler Plomben\" class=\"wp-image-14598\" srcset=\"https:\/\/www.orfix.com\/wp-content\/uploads\/2021\/08\/shutterstock_116283283_471x344px.jpg 471w, https:\/\/www.orfix.com\/wp-content\/uploads\/2021\/08\/shutterstock_116283283_471x344px-300x219.jpg 300w\" sizes=\"auto, (max-width: 471px) 100vw, 471px\" \/><figcaption class=\"wp-element-caption\">Kontakt<\/figcaption><\/figure>\n\n\t<\/div>\n\n\n\n<div class=\"col-12 col-md-6\">\n\t\t\t\n<div class=\"employeeblock\">\n    <figure class=\"employeeblock__item employeeblock__item--img\">\n        <img decoding=\"async\" src=\"\" alt=\"\" \/>\n    <\/figure>\n    <div class=\"employeeblock__item employeeblock__item--content\">\n        <h2 class=\"name\">Kundenberatung<\/h2>\n        <p class=\"position\">Deutschland, \u00d6sterreich &#038; Schweiz<\/p>\n        <p><a class=\"link link--has-icon link--has-icon--mail\" href=\"mailto:info@orfix.de\">info@orfix.de<\/a><\/p>\n        <p><a class=\"link link--has-icon link--has-icon--tel\" href=\"tel:+49417881840\">+49 4178 8184-0<\/a><\/p>\n    <\/div>\n<\/div>\n\n\t<\/div>\n\n<\/div>\n\n<\/div>\n\n\n<div class=\"wp-bootstrap-blocks-container container-fluid mb-5 custom_container custom_container--middle\">\n\t\n<div class=\"wp-bootstrap-blocks-row row\">\n\t\n\n<div class=\"col-12 col-md-12\">\n\t\t\t\n\n<h2 class=\"wp-block-heading has-text-color advgb-dyn-54f9f1f8\" style=\"color:#002855;font-size:30px\">orfix &#8211; Ihr Spezialist f\u00fcr die Herstellung von Papier und Kunststoff<\/h2>\n\n\t<\/div>\n\n\n\n<div class=\"col-12 col-md-6\">\n\t\t\t\n\n<p class=\"has-medium-font-size\">Wir entwickeln und produzieren mit modernsten Produktionsmethoden, immer mit Blick auf Ihre individuellen Anforderungen, aber auch auf die Umwelt! Wir leben Nachhaltigkeit aktiv, wir handeln ressourcenschonend und m\u00f6glichst CO2-neutral. Daf\u00fcr steht unser Umweltmanagement. Sie erhalten von uns konstante, erstklassige und zertifizierte Qualit\u00e4t, wir begeistern Sie mit Innovationen und exzellentem Kundenservice.<\/p>\n\n\t<\/div>\n\n\n\n<div class=\"col-12 col-md-6\">\n\t\t\t\n\n<ul class=\"wp-block-list\">\n<li class=\"has-medium-font-size\">Das orfix-Standardsortiment ist immer vorr\u00e4tig.<\/li>\n\n\n\n<li class=\"has-medium-font-size\">orfix bietet individuelle Lagerhaltung und Dienstleistungen f\u00fcr personalisierte Waren.<\/li>\n\n\n\n<li class=\"has-medium-font-size\">orfix ist in der Lage, kundenspezifische Artikel auch in kleinen Mengen zu produzieren.<\/li>\n\n\n\n<li class=\"has-medium-font-size\">orfix bietet kompetente und individuelle Beratung &#8211; per Kontaktformular, telefonisch oder auch vor Ort.<\/li>\n<\/ul>\n\n\t<\/div>\n\n<\/div>\n\n<\/div>\n\n\n\n<div style=\"height:20px\" aria-hidden=\"true\" class=\"wp-block-spacer\"><\/div>\n\n\n\n<figure class=\"wp-block-image size-full\"><img loading=\"lazy\" decoding=\"async\" width=\"2048\" height=\"600\" src=\"https:\/\/www.orfix.com\/wp-content\/uploads\/2024\/05\/orfix-Karte-2025-en.jpg\" alt=\"\" class=\"wp-image-32960\" srcset=\"https:\/\/www.orfix.com\/wp-content\/uploads\/2024\/05\/orfix-Karte-2025-en.jpg 2048w, https:\/\/www.orfix.com\/wp-content\/uploads\/2024\/05\/orfix-Karte-2025-en-768x225.jpg 768w, https:\/\/www.orfix.com\/wp-content\/uploads\/2024\/05\/orfix-Karte-2025-en-1536x450.jpg 1536w\" sizes=\"auto, (max-width: 2048px) 100vw, 2048px\" \/><\/figure>\n\n\n\n<p class=\"has-medium-font-size\">Gern beraten wir Sie individuell!<br><strong>Ihr kompetenter Partner mit einem umfassenden Sortiment f\u00fcr alle, die z\u00e4hlen, verpacken, transportieren oder lagern.<\/strong><\/p>\n\n\n\n<div style=\"height:20px\" aria-hidden=\"true\" class=\"wp-block-spacer\"><\/div>\n\n\n\n<div class=\"wp-block-buttons cta-banner-content__item is-layout-flex wp-block-buttons-is-layout-flex\">\n<div class=\"wp-block-button is-style-outline is-style-outline--1 advgb-dyn-2c6a785e\"><a class=\"wp-block-button__link has-text-color has-medium-font-size has-custom-font-size wp-element-button\" href=\"https:\/\/www.orfix.com\/de\/kontakt\/\" style=\"border-radius:1px;color:#ba0c2f\" target=\"_blank\" rel=\"noreferrer noopener\"><strong>Kontakt<\/strong><\/a><\/div>\n\n\n\n<div class=\"wp-block-button btn__bg--red advgb-dyn-48972139\"><a class=\"wp-block-button__link has-white-color has-text-color has-background has-medium-font-size has-custom-font-size wp-element-button\" href=\"https:\/\/www.orfix.com\/de\/leistungsbereiche-produkte\/\" style=\"border-radius:1px;background-color:#ba0c2f\" target=\"_blank\" rel=\"noreferrer noopener\"><strong>Produkte<\/strong><\/a><\/div>\n\n\n\n<div class=\"wp-block-button btn__bg--red advgb-dyn-9363d00e\"><a class=\"wp-block-button__link has-white-color has-text-color has-background has-medium-font-size has-custom-font-size wp-element-button\" href=\"https:\/\/shop.orfix.com\/\" style=\"border-radius:1px;background-color:#ba0c2f\" target=\"_blank\" rel=\"noreferrer noopener\"><strong>Onlineshop<\/strong><\/a><\/div>\n<\/div>\n\n\n\n<div style=\"height:20px\" aria-hidden=\"true\" class=\"wp-block-spacer\"><\/div>\n","protected":false},"excerpt":{"rendered":"<p>Folienrollen zum automatischen B\u00fcndeln &amp; Schrumpfen von Banknoten orfix Folienrollen werden bei der Herstellung strengen Qualit\u00e4tstests unterworfen. Sie sind aus einer hochtransparenten, mehrschichtigen Kunststofffolie gefertigt. Das Material zeichnet sich durch hohe Z\u00e4higkeit, Knickbruch- und Durchsto\u00dffestigkeit aus. orfix Folienrollen sind f\u00fcr den Einsatz von vollautomatischen Banknotenverpackungssystemen geeignet, f\u00fcr alle g\u00e4ngigen Maschinentypen. Sie erf\u00fcllen die Anforderungen der<\/p>\n<p><a class=\"btn btn-secondary understrap-read-more-link\" href=\"https:\/\/www.orfix.com\/de\/leistungsbereiche-produkte\/cash-packaging\/folienrollen-fuer-banknoten\/\">Weiterlesen&#8230;<\/a><\/p>\n","protected":false},"author":36,"featured_media":0,"parent":146,"menu_order":12,"comment_status":"closed","ping_status":"closed","template":"","meta":{"_acf_changed":false,"om_disable_all_campaigns":false,"inline_featured_image":false,"advgb_blocks_editor_width":"","advgb_blocks_columns_visual_guide":"","_monsterinsights_skip_tracking":false,"_monsterinsights_sitenote_active":false,"_monsterinsights_sitenote_note":"","_monsterinsights_sitenote_category":0,"_uf_show_specific_survey":0,"_uf_disable_surveys":false,"footnotes":""},"class_list":["post-7169","page","type-page","status-publish","hentry"],"acf":[],"aioseo_notices":[],"coauthors":[],"author_meta":{"author_link":"https:\/\/www.orfix.com\/de\/author\/mgendelmeyer\/","display_name":"Malte Gendelmeyer"},"relative_dates":{"created":"Posted 5\u00a0Jahren ago","modified":"Updated 3\u00a0Monaten ago"},"absolute_dates":{"created":"Posted on 9. November 2020","modified":"Updated on 18. Februar 2026"},"absolute_dates_time":{"created":"Posted on 9. November 2020 14:18","modified":"Updated on 18. Februar 2026 5:53"},"featured_img_caption":"","featured_img":false,"series_order":"","_links":{"self":[{"href":"https:\/\/www.orfix.com\/de\/wp-json\/wp\/v2\/pages\/7169","targetHints":{"allow":["GET"]}}],"collection":[{"href":"https:\/\/www.orfix.com\/de\/wp-json\/wp\/v2\/pages"}],"about":[{"href":"https:\/\/www.orfix.com\/de\/wp-json\/wp\/v2\/types\/page"}],"author":[{"embeddable":true,"href":"https:\/\/www.orfix.com\/de\/wp-json\/wp\/v2\/users\/36"}],"replies":[{"embeddable":true,"href":"https:\/\/www.orfix.com\/de\/wp-json\/wp\/v2\/comments?post=7169"}],"version-history":[{"count":20,"href":"https:\/\/www.orfix.com\/de\/wp-json\/wp\/v2\/pages\/7169\/revisions"}],"predecessor-version":[{"id":33473,"href":"https:\/\/www.orfix.com\/de\/wp-json\/wp\/v2\/pages\/7169\/revisions\/33473"}],"up":[{"embeddable":true,"href":"https:\/\/www.orfix.com\/de\/wp-json\/wp\/v2\/pages\/146"}],"wp:attachment":[{"href":"https:\/\/www.orfix.com\/de\/wp-json\/wp\/v2\/media?parent=7169"}],"curies":[{"name":"wp","href":"https:\/\/api.w.org\/{rel}","templated":true}]}}